{"id":777,"date":"2021-11-24T10:38:36","date_gmt":"2021-11-24T09:38:36","guid":{"rendered":"https:\/\/weltlaeden.de\/zell-im-wiesental\/?page_id=777"},"modified":"2021-11-24T16:33:52","modified_gmt":"2021-11-24T15:33:52","slug":"777-2","status":"publish","type":"page","link":"https:\/\/weltlaeden.de\/zell-im-wiesental\/777-2\/","title":{"rendered":"S\u00fc\u00dfes\/Knabbereien"},"content":{"rendered":"<div class=\"wpb-content-wrapper\"><p>[vc_row][vc_column][vc_column_text]<\/p>\n<h1>S\u00fc\u00dfes<\/h1>\n<p>[\/vc_column_text][vc_row_inner][vc_column_inner width=&#8220;1\/2&#8243;]<div class=\"wl_einzelbild\"><p><img loading=\"lazy\" decoding=\"async\" class=\"alignnone size-medium wp-image-630\" src=\"https:\/\/weltlaeden.de\/zell-im-wiesental\/wp-content\/uploads\/sites\/148\/2021\/09\/ZER_0397-300x240.jpg\" alt=\"\" width=\"300\" height=\"240\" srcset=\"https:\/\/weltlaeden.de\/zell-im-wiesental\/wp-content\/uploads\/sites\/148\/2021\/09\/ZER_0397-300x240.jpg 300w, https:\/\/weltlaeden.de\/zell-im-wiesental\/wp-content\/uploads\/sites\/148\/2021\/09\/ZER_0397-768x614.jpg 768w, https:\/\/weltlaeden.de\/zell-im-wiesental\/wp-content\/uploads\/sites\/148\/2021\/09\/ZER_0397-1024x819.jpg 1024w, https:\/\/weltlaeden.de\/zell-im-wiesental\/wp-content\/uploads\/sites\/148\/2021\/09\/ZER_0397.jpg 1920w\" sizes=\"auto, (max-width: 300px) 100vw, 300px\" \/><\/p><\/div>[\/vc_column_inner][vc_column_inner width=&#8220;1\/2&#8243;][vc_column_text]Bei uns finden Sie beispielsweise erlesene Schokoladentafeln, Kekse, Bonbons, Lollies, Fruchtgummi, Zucker, Honig, getrocknete Mangos (gezuckert und ungezuckert) und Fruchtriegel.<\/p>\n<p>&nbsp;<\/p>\n<p>&nbsp;<\/p>\n<p>&nbsp;<\/p>\n<p>[\/vc_column_text][\/vc_column_inner][\/vc_row_inner][\/vc_column][\/vc_row][vc_row][vc_column width=&#8220;1\/2&#8243;]<div class=\"wl_einzelbild\"><p><img loading=\"lazy\" decoding=\"async\" class=\"alignnone size-medium wp-image-520\" src=\"https:\/\/weltlaeden.de\/zell-im-wiesental\/wp-content\/uploads\/sites\/148\/2020\/10\/Mozartschoggi_Plakat6-300x212.jpg\" alt=\"\" width=\"300\" height=\"212\" srcset=\"https:\/\/weltlaeden.de\/zell-im-wiesental\/wp-content\/uploads\/sites\/148\/2020\/10\/Mozartschoggi_Plakat6-300x212.jpg 300w, https:\/\/weltlaeden.de\/zell-im-wiesental\/wp-content\/uploads\/sites\/148\/2020\/10\/Mozartschoggi_Plakat6-768x543.jpg 768w, https:\/\/weltlaeden.de\/zell-im-wiesental\/wp-content\/uploads\/sites\/148\/2020\/10\/Mozartschoggi_Plakat6-1024x724.jpg 1024w, https:\/\/weltlaeden.de\/zell-im-wiesental\/wp-content\/uploads\/sites\/148\/2020\/10\/Mozartschoggi_Plakat6.jpg 1169w\" sizes=\"auto, (max-width: 300px) 100vw, 300px\" \/><\/p><\/div>[\/vc_column][vc_column width=&#8220;1\/2&#8243;][vc_column_text]Eine Besonderheit f\u00fcr Zell als Geburtsort von Constanze Mozart ist die Stadtschokolade \u00bbConstanzes Traum\u00ab aus dem Hause Zotter.[\/vc_column_text][\/vc_column][\/vc_row][vc_row][vc_column][vc_column_text]<\/p>\n<h1>Knabbereien<\/h1>\n<p>[\/vc_column_text][\/vc_column][\/vc_row][vc_row][vc_column width=&#8220;1\/2&#8243;]<div class=\"wl_einzelbild\"><p><img loading=\"lazy\" decoding=\"async\" class=\"alignnone size-medium wp-image-631\" src=\"https:\/\/weltlaeden.de\/zell-im-wiesental\/wp-content\/uploads\/sites\/148\/2021\/09\/ZER_0407-300x200.jpg\" alt=\"\" width=\"300\" height=\"200\" srcset=\"https:\/\/weltlaeden.de\/zell-im-wiesental\/wp-content\/uploads\/sites\/148\/2021\/09\/ZER_0407-300x200.jpg 300w, https:\/\/weltlaeden.de\/zell-im-wiesental\/wp-content\/uploads\/sites\/148\/2021\/09\/ZER_0407-768x513.jpg 768w, https:\/\/weltlaeden.de\/zell-im-wiesental\/wp-content\/uploads\/sites\/148\/2021\/09\/ZER_0407-1024x684.jpg 1024w, https:\/\/weltlaeden.de\/zell-im-wiesental\/wp-content\/uploads\/sites\/148\/2021\/09\/ZER_0407.jpg 1920w\" sizes=\"auto, (max-width: 300px) 100vw, 300px\" \/><\/p><\/div>[\/vc_column][vc_column width=&#8220;1\/2&#8243;][vc_column_text]Neben Kartoffel- und Maniokchips haben wir auch Spizzichi ein Salzgeb\u00e4ck und ger\u00f6stete Cashewn\u00fcsse im Sortiment.[\/vc_column_text][\/vc_column][\/vc_row]<\/p>\n<\/div>","protected":false},"excerpt":{"rendered":"<p>[vc_row][vc_column][vc_column_text] S\u00fc\u00dfes [\/vc_column_text][vc_row_inner][vc_column_inner width=&#8220;1\/2&#8243;][\/vc_column_inner][vc_column_inner width=&#8220;1\/2&#8243;][vc_column_text]Bei uns finden Sie beispielsweise erlesene Schokoladentafeln, Kekse, Bonbons, Lollies, Fruchtgummi, Zucker, Honig, getrocknete Mangos (gezuckert und ungezuckert) und Fruchtriegel. &nbsp; &nbsp; &nbsp; [\/vc_column_text][\/vc_column_inner][\/vc_row_inner][\/vc_column][\/vc_row][vc_row][vc_column width=&#8220;1\/2&#8243;][\/vc_column][vc_column width=&#8220;1\/2&#8243;][vc_column_text]Eine Besonderheit f\u00fcr Zell als Geburtsort von Constanze Mozart ist die Stadtschokolade \u00bbConstanzes Traum\u00ab aus dem Hause Zotter.[\/vc_column_text][\/vc_column][\/vc_row][vc_row][vc_column][vc_column_text] Knabbereien [\/vc_column_text][\/vc_column][\/vc_row][vc_row][vc_column width=&#8220;1\/2&#8243;][\/vc_column][vc_column width=&#8220;1\/2&#8243;][vc_column_text]Neben Kartoffel- und Maniokchips haben&hellip;<\/p>\n","protected":false},"author":215,"featured_media":0,"parent":0,"menu_order":0,"comment_status":"closed","ping_status":"closed","template":"","meta":{"footnotes":""},"class_list":["post-777","page","type-page","status-publish","hentry","description-off"],"yoast_head":"<!-- This site is optimized with the Yoast SEO plugin v26.8 - https:\/\/yoast.com\/product\/yoast-seo-wordpress\/ -->\n<title>S\u00fc\u00dfes\/Knabbereien - Weltladen Cabanja<\/title>\n<meta name=\"robots\" content=\"index, follow, max-snippet:-1, max-image-preview:large, max-video-preview:-1\" \/>\n<link rel=\"canonical\" href=\"https:\/\/weltlaeden.de\/zell-im-wiesental\/777-2\/\" \/>\n<meta property=\"og:locale\" content=\"de_DE\" \/>\n<meta property=\"og:type\" content=\"article\" \/>\n<meta property=\"og:title\" content=\"S\u00fc\u00dfes\/Knabbereien - Weltladen Cabanja\" \/>\n<meta property=\"og:description\" content=\"[vc_row][vc_column][vc_column_text] S\u00fc\u00dfes [\/vc_column_text][vc_row_inner][vc_column_inner width=&#8220;1\/2&#8243;][\/vc_column_inner][vc_column_inner width=&#8220;1\/2&#8243;][vc_column_text]Bei uns finden Sie beispielsweise erlesene Schokoladentafeln, Kekse, Bonbons, Lollies, Fruchtgummi, Zucker, Honig, getrocknete Mangos (gezuckert und ungezuckert) und Fruchtriegel. &nbsp; &nbsp; &nbsp; [\/vc_column_text][\/vc_column_inner][\/vc_row_inner][\/vc_column][\/vc_row][vc_row][vc_column width=&#8220;1\/2&#8243;][\/vc_column][vc_column width=&#8220;1\/2&#8243;][vc_column_text]Eine Besonderheit f\u00fcr Zell als Geburtsort von Constanze Mozart ist die Stadtschokolade \u00bbConstanzes Traum\u00ab aus dem Hause Zotter.[\/vc_column_text][\/vc_column][\/vc_row][vc_row][vc_column][vc_column_text] Knabbereien [\/vc_column_text][\/vc_column][\/vc_row][vc_row][vc_column width=&#8220;1\/2&#8243;][\/vc_column][vc_column width=&#8220;1\/2&#8243;][vc_column_text]Neben Kartoffel- und Maniokchips haben&hellip;\" \/>\n<meta property=\"og:url\" content=\"https:\/\/weltlaeden.de\/zell-im-wiesental\/777-2\/\" \/>\n<meta property=\"og:site_name\" content=\"Weltladen Cabanja\" \/>\n<meta property=\"article:modified_time\" content=\"2021-11-24T15:33:52+00:00\" \/>\n<meta property=\"og:image\" content=\"https:\/\/weltlaeden.de\/zell-im-wiesental\/wp-content\/uploads\/sites\/148\/2021\/09\/ZER_0397-300x240.jpg\" \/>\n<meta name=\"twitter:card\" content=\"summary_large_image\" \/>\n<meta name=\"twitter:label1\" content=\"Gesch\u00e4tzte Lesezeit\" \/>\n\t<meta name=\"twitter:data1\" content=\"1\u00a0Minute\" \/>\n<script type=\"application\/ld+json\" class=\"yoast-schema-graph\">{\"@context\":\"https:\/\/schema.org\",\"@graph\":[{\"@type\":\"WebPage\",\"@id\":\"https:\/\/weltlaeden.de\/zell-im-wiesental\/777-2\/\",\"url\":\"https:\/\/weltlaeden.de\/zell-im-wiesental\/777-2\/\",\"name\":\"S\u00fc\u00dfes\/Knabbereien - Weltladen Cabanja\",\"isPartOf\":{\"@id\":\"https:\/\/weltlaeden.de\/zell-im-wiesental\/#website\"},\"primaryImageOfPage\":{\"@id\":\"https:\/\/weltlaeden.de\/zell-im-wiesental\/777-2\/#primaryimage\"},\"image\":{\"@id\":\"https:\/\/weltlaeden.de\/zell-im-wiesental\/777-2\/#primaryimage\"},\"thumbnailUrl\":\"https:\/\/weltlaeden.de\/zell-im-wiesental\/wp-content\/uploads\/sites\/148\/2021\/09\/ZER_0397-300x240.jpg\",\"datePublished\":\"2021-11-24T09:38:36+00:00\",\"dateModified\":\"2021-11-24T15:33:52+00:00\",\"breadcrumb\":{\"@id\":\"https:\/\/weltlaeden.de\/zell-im-wiesental\/777-2\/#breadcrumb\"},\"inLanguage\":\"de\",\"potentialAction\":[{\"@type\":\"ReadAction\",\"target\":[\"https:\/\/weltlaeden.de\/zell-im-wiesental\/777-2\/\"]}]},{\"@type\":\"ImageObject\",\"inLanguage\":\"de\",\"@id\":\"https:\/\/weltlaeden.de\/zell-im-wiesental\/777-2\/#primaryimage\",\"url\":\"https:\/\/weltlaeden.de\/zell-im-wiesental\/wp-content\/uploads\/sites\/148\/2021\/09\/ZER_0397.jpg\",\"contentUrl\":\"https:\/\/weltlaeden.de\/zell-im-wiesental\/wp-content\/uploads\/sites\/148\/2021\/09\/ZER_0397.jpg\",\"width\":1920,\"height\":1535},{\"@type\":\"BreadcrumbList\",\"@id\":\"https:\/\/weltlaeden.de\/zell-im-wiesental\/777-2\/#breadcrumb\",\"itemListElement\":[{\"@type\":\"ListItem\",\"position\":1,\"name\":\"Startseite\",\"item\":\"https:\/\/weltlaeden.de\/zell-im-wiesental\/\"},{\"@type\":\"ListItem\",\"position\":2,\"name\":\"S\u00fc\u00dfes\/Knabbereien\"}]},{\"@type\":\"WebSite\",\"@id\":\"https:\/\/weltlaeden.de\/zell-im-wiesental\/#website\",\"url\":\"https:\/\/weltlaeden.de\/zell-im-wiesental\/\",\"name\":\"Weltladen Cabanja\",\"description\":\"Faire Produkte seit 1985\",\"potentialAction\":[{\"@type\":\"SearchAction\",\"target\":{\"@type\":\"EntryPoint\",\"urlTemplate\":\"https:\/\/weltlaeden.de\/zell-im-wiesental\/?s={search_term_string}\"},\"query-input\":{\"@type\":\"PropertyValueSpecification\",\"valueRequired\":true,\"valueName\":\"search_term_string\"}}],\"inLanguage\":\"de\"}]}<\/script>\n<!-- \/ Yoast SEO plugin. -->","yoast_head_json":{"title":"S\u00fc\u00dfes\/Knabbereien - Weltladen Cabanja","robots":{"index":"index","follow":"follow","max-snippet":"max-snippet:-1","max-image-preview":"max-image-preview:large","max-video-preview":"max-video-preview:-1"},"canonical":"https:\/\/weltlaeden.de\/zell-im-wiesental\/777-2\/","og_locale":"de_DE","og_type":"article","og_title":"S\u00fc\u00dfes\/Knabbereien - Weltladen Cabanja","og_description":"[vc_row][vc_column][vc_column_text] S\u00fc\u00dfes [\/vc_column_text][vc_row_inner][vc_column_inner width=&#8220;1\/2&#8243;][\/vc_column_inner][vc_column_inner width=&#8220;1\/2&#8243;][vc_column_text]Bei uns finden Sie beispielsweise erlesene Schokoladentafeln, Kekse, Bonbons, Lollies, Fruchtgummi, Zucker, Honig, getrocknete Mangos (gezuckert und ungezuckert) und Fruchtriegel. &nbsp; &nbsp; &nbsp; [\/vc_column_text][\/vc_column_inner][\/vc_row_inner][\/vc_column][\/vc_row][vc_row][vc_column width=&#8220;1\/2&#8243;][\/vc_column][vc_column width=&#8220;1\/2&#8243;][vc_column_text]Eine Besonderheit f\u00fcr Zell als Geburtsort von Constanze Mozart ist die Stadtschokolade \u00bbConstanzes Traum\u00ab aus dem Hause Zotter.[\/vc_column_text][\/vc_column][\/vc_row][vc_row][vc_column][vc_column_text] Knabbereien [\/vc_column_text][\/vc_column][\/vc_row][vc_row][vc_column width=&#8220;1\/2&#8243;][\/vc_column][vc_column width=&#8220;1\/2&#8243;][vc_column_text]Neben Kartoffel- und Maniokchips haben&hellip;","og_url":"https:\/\/weltlaeden.de\/zell-im-wiesental\/777-2\/","og_site_name":"Weltladen Cabanja","article_modified_time":"2021-11-24T15:33:52+00:00","og_image":[{"url":"https:\/\/weltlaeden.de\/zell-im-wiesental\/wp-content\/uploads\/sites\/148\/2021\/09\/ZER_0397-300x240.jpg","type":"","width":"","height":""}],"twitter_card":"summary_large_image","twitter_misc":{"Gesch\u00e4tzte Lesezeit":"1\u00a0Minute"},"schema":{"@context":"https:\/\/schema.org","@graph":[{"@type":"WebPage","@id":"https:\/\/weltlaeden.de\/zell-im-wiesental\/777-2\/","url":"https:\/\/weltlaeden.de\/zell-im-wiesental\/777-2\/","name":"S\u00fc\u00dfes\/Knabbereien - Weltladen Cabanja","isPartOf":{"@id":"https:\/\/weltlaeden.de\/zell-im-wiesental\/#website"},"primaryImageOfPage":{"@id":"https:\/\/weltlaeden.de\/zell-im-wiesental\/777-2\/#primaryimage"},"image":{"@id":"https:\/\/weltlaeden.de\/zell-im-wiesental\/777-2\/#primaryimage"},"thumbnailUrl":"https:\/\/weltlaeden.de\/zell-im-wiesental\/wp-content\/uploads\/sites\/148\/2021\/09\/ZER_0397-300x240.jpg","datePublished":"2021-11-24T09:38:36+00:00","dateModified":"2021-11-24T15:33:52+00:00","breadcrumb":{"@id":"https:\/\/weltlaeden.de\/zell-im-wiesental\/777-2\/#breadcrumb"},"inLanguage":"de","potentialAction":[{"@type":"ReadAction","target":["https:\/\/weltlaeden.de\/zell-im-wiesental\/777-2\/"]}]},{"@type":"ImageObject","inLanguage":"de","@id":"https:\/\/weltlaeden.de\/zell-im-wiesental\/777-2\/#primaryimage","url":"https:\/\/weltlaeden.de\/zell-im-wiesental\/wp-content\/uploads\/sites\/148\/2021\/09\/ZER_0397.jpg","contentUrl":"https:\/\/weltlaeden.de\/zell-im-wiesental\/wp-content\/uploads\/sites\/148\/2021\/09\/ZER_0397.jpg","width":1920,"height":1535},{"@type":"BreadcrumbList","@id":"https:\/\/weltlaeden.de\/zell-im-wiesental\/777-2\/#breadcrumb","itemListElement":[{"@type":"ListItem","position":1,"name":"Startseite","item":"https:\/\/weltlaeden.de\/zell-im-wiesental\/"},{"@type":"ListItem","position":2,"name":"S\u00fc\u00dfes\/Knabbereien"}]},{"@type":"WebSite","@id":"https:\/\/weltlaeden.de\/zell-im-wiesental\/#website","url":"https:\/\/weltlaeden.de\/zell-im-wiesental\/","name":"Weltladen Cabanja","description":"Faire Produkte seit 1985","potentialAction":[{"@type":"SearchAction","target":{"@type":"EntryPoint","urlTemplate":"https:\/\/weltlaeden.de\/zell-im-wiesental\/?s={search_term_string}"},"query-input":{"@type":"PropertyValueSpecification","valueRequired":true,"valueName":"search_term_string"}}],"inLanguage":"de"}]}},"_links":{"self":[{"href":"https:\/\/weltlaeden.de\/zell-im-wiesental\/wp-json\/wp\/v2\/pages\/777","targetHints":{"allow":["GET"]}}],"collection":[{"href":"https:\/\/weltlaeden.de\/zell-im-wiesental\/wp-json\/wp\/v2\/pages"}],"about":[{"href":"https:\/\/weltlaeden.de\/zell-im-wiesental\/wp-json\/wp\/v2\/types\/page"}],"author":[{"embeddable":true,"href":"https:\/\/weltlaeden.de\/zell-im-wiesental\/wp-json\/wp\/v2\/users\/215"}],"replies":[{"embeddable":true,"href":"https:\/\/weltlaeden.de\/zell-im-wiesental\/wp-json\/wp\/v2\/comments?post=777"}],"version-history":[{"count":10,"href":"https:\/\/weltlaeden.de\/zell-im-wiesental\/wp-json\/wp\/v2\/pages\/777\/revisions"}],"predecessor-version":[{"id":788,"href":"https:\/\/weltlaeden.de\/zell-im-wiesental\/wp-json\/wp\/v2\/pages\/777\/revisions\/788"}],"wp:attachment":[{"href":"https:\/\/weltlaeden.de\/zell-im-wiesental\/wp-json\/wp\/v2\/media?parent=777"}],"curies":[{"name":"wp","href":"https:\/\/api.w.org\/{rel}","templated":true}]}}