{"id":710,"date":"2021-11-30T14:51:12","date_gmt":"2021-11-30T13:51:12","guid":{"rendered":"https:\/\/weltlaeden.de\/zell-im-wiesental\/?page_id=710"},"modified":"2021-11-30T14:51:12","modified_gmt":"2021-11-30T13:51:12","slug":"fruechte","status":"publish","type":"page","link":"https:\/\/weltlaeden.de\/zell-im-wiesental\/produkte\/fruechte\/","title":{"rendered":"Fr\u00fcchte"},"content":{"rendered":"<div class=\"wpb-content-wrapper\"><p>[vc_row][vc_column][vc_column_text]<\/p>\n<h1>Bananen<\/h1>\n<p>[\/vc_column_text][vc_row_inner][vc_column_inner width=&#8220;1\/2&#8243;]<div class=\"wl_einzelbild\"><p><img loading=\"lazy\" decoding=\"async\" class=\"alignnone size-medium wp-image-811\" src=\"https:\/\/weltlaeden.de\/zell-im-wiesental\/wp-content\/uploads\/sites\/148\/2021\/11\/20211124_161824-300x164.jpg\" alt=\"\" width=\"300\" height=\"164\" srcset=\"https:\/\/weltlaeden.de\/zell-im-wiesental\/wp-content\/uploads\/sites\/148\/2021\/11\/20211124_161824-300x164.jpg 300w, https:\/\/weltlaeden.de\/zell-im-wiesental\/wp-content\/uploads\/sites\/148\/2021\/11\/20211124_161824-768x419.jpg 768w, https:\/\/weltlaeden.de\/zell-im-wiesental\/wp-content\/uploads\/sites\/148\/2021\/11\/20211124_161824-1024x558.jpg 1024w, https:\/\/weltlaeden.de\/zell-im-wiesental\/wp-content\/uploads\/sites\/148\/2021\/11\/20211124_161824.jpg 1920w\" sizes=\"auto, (max-width: 300px) 100vw, 300px\" \/><\/p><\/div>[\/vc_column_inner][vc_column_inner width=&#8220;1\/2&#8243;][vc_column_text]Immer montags gibt es in der Regel eine neue Bananenlieferung. Es handelt sich um Bio-Bananen von Bana-Fair.<\/p>\n<p>Gerne k\u00f6nnen Sie regelm\u00e4\u00dfig eine von Ihnen festgelegte Menge Bananen<br \/>\nbei uns bestellen. Sprechen Sie uns an.[\/vc_column_text][\/vc_column_inner][\/vc_row_inner][vc_row_inner][vc_column_inner][vc_column_text]<\/p>\n<h1>Mangos<\/h1>\n<p>[\/vc_column_text][\/vc_column_inner][\/vc_row_inner][\/vc_column][\/vc_row][vc_row][vc_column width=&#8220;1\/2&#8243;]<div class=\"wl_einzelbild\"><p><img loading=\"lazy\" decoding=\"async\" class=\"alignnone size-medium wp-image-633\" src=\"https:\/\/weltlaeden.de\/zell-im-wiesental\/wp-content\/uploads\/sites\/148\/2021\/09\/ZER_0415-200x300.jpg\" alt=\"\" width=\"200\" height=\"300\" srcset=\"https:\/\/weltlaeden.de\/zell-im-wiesental\/wp-content\/uploads\/sites\/148\/2021\/09\/ZER_0415-200x300.jpg 200w, https:\/\/weltlaeden.de\/zell-im-wiesental\/wp-content\/uploads\/sites\/148\/2021\/09\/ZER_0415-768x1150.jpg 768w, https:\/\/weltlaeden.de\/zell-im-wiesental\/wp-content\/uploads\/sites\/148\/2021\/09\/ZER_0415-684x1024.jpg 684w, https:\/\/weltlaeden.de\/zell-im-wiesental\/wp-content\/uploads\/sites\/148\/2021\/09\/ZER_0415.jpg 1282w\" sizes=\"auto, (max-width: 200px) 100vw, 200px\" \/><\/p><\/div>[\/vc_column][vc_column width=&#8220;1\/2&#8243;][vc_column_text]Bei uns erhalten Sie getrocknete Mangos (gezuckert und ungezuckert) sowie Mangoso\u00dfe und Mangos im Glas.[\/vc_column_text][\/vc_column][\/vc_row][vc_row][vc_column][vc_column_text]<\/p>\n<h2><\/h2>\n<p>Au\u00dferdem finden Sie bei uns getrocknete Datteln, Feigen und Rosinen.[\/vc_column_text][\/vc_column][\/vc_row]<\/p>\n<\/div>","protected":false},"excerpt":{"rendered":"<p>[vc_row][vc_column][vc_column_text] Bananen [\/vc_column_text][vc_row_inner][vc_column_inner width=&#8220;1\/2&#8243;][\/vc_column_inner][vc_column_inner width=&#8220;1\/2&#8243;][vc_column_text]Immer montags gibt es in der Regel eine neue Bananenlieferung. Es handelt sich um Bio-Bananen von Bana-Fair. Gerne k\u00f6nnen Sie regelm\u00e4\u00dfig eine von Ihnen festgelegte Menge Bananen bei uns bestellen. Sprechen Sie uns an.[\/vc_column_text][\/vc_column_inner][\/vc_row_inner][vc_row_inner][vc_column_inner][vc_column_text] Mangos [\/vc_column_text][\/vc_column_inner][\/vc_row_inner][\/vc_column][\/vc_row][vc_row][vc_column width=&#8220;1\/2&#8243;][\/vc_column][vc_column width=&#8220;1\/2&#8243;][vc_column_text]Bei uns erhalten Sie getrocknete Mangos (gezuckert und ungezuckert) sowie Mangoso\u00dfe und Mangos im&hellip;<\/p>\n","protected":false},"author":215,"featured_media":0,"parent":217,"menu_order":0,"comment_status":"closed","ping_status":"closed","template":"","meta":{"footnotes":""},"class_list":["post-710","page","type-page","status-publish","hentry","description-off"],"yoast_head":"<!-- This site is optimized with the Yoast SEO plugin v26.8 - https:\/\/yoast.com\/product\/yoast-seo-wordpress\/ -->\n<title>Fr\u00fcchte - Weltladen Cabanja<\/title>\n<meta name=\"robots\" content=\"index, follow, max-snippet:-1, max-image-preview:large, max-video-preview:-1\" \/>\n<link rel=\"canonical\" href=\"https:\/\/weltlaeden.de\/zell-im-wiesental\/produkte\/fruechte\/\" \/>\n<meta property=\"og:locale\" content=\"de_DE\" \/>\n<meta property=\"og:type\" content=\"article\" \/>\n<meta property=\"og:title\" content=\"Fr\u00fcchte - Weltladen Cabanja\" \/>\n<meta property=\"og:description\" content=\"[vc_row][vc_column][vc_column_text] Bananen [\/vc_column_text][vc_row_inner][vc_column_inner width=&#8220;1\/2&#8243;][\/vc_column_inner][vc_column_inner width=&#8220;1\/2&#8243;][vc_column_text]Immer montags gibt es in der Regel eine neue Bananenlieferung. Es handelt sich um Bio-Bananen von Bana-Fair. Gerne k\u00f6nnen Sie regelm\u00e4\u00dfig eine von Ihnen festgelegte Menge Bananen bei uns bestellen. Sprechen Sie uns an.[\/vc_column_text][\/vc_column_inner][\/vc_row_inner][vc_row_inner][vc_column_inner][vc_column_text] Mangos [\/vc_column_text][\/vc_column_inner][\/vc_row_inner][\/vc_column][\/vc_row][vc_row][vc_column width=&#8220;1\/2&#8243;][\/vc_column][vc_column width=&#8220;1\/2&#8243;][vc_column_text]Bei uns erhalten Sie getrocknete Mangos (gezuckert und ungezuckert) sowie Mangoso\u00dfe und Mangos im&hellip;\" \/>\n<meta property=\"og:url\" content=\"https:\/\/weltlaeden.de\/zell-im-wiesental\/produkte\/fruechte\/\" \/>\n<meta property=\"og:site_name\" content=\"Weltladen Cabanja\" \/>\n<meta property=\"og:image\" content=\"https:\/\/weltlaeden.de\/zell-im-wiesental\/wp-content\/uploads\/sites\/148\/2021\/11\/20211124_161824-300x164.jpg\" \/>\n<meta name=\"twitter:card\" content=\"summary_large_image\" \/>\n<meta name=\"twitter:label1\" content=\"Gesch\u00e4tzte Lesezeit\" \/>\n\t<meta name=\"twitter:data1\" content=\"1\u00a0Minute\" \/>\n<script type=\"application\/ld+json\" class=\"yoast-schema-graph\">{\"@context\":\"https:\/\/schema.org\",\"@graph\":[{\"@type\":\"WebPage\",\"@id\":\"https:\/\/weltlaeden.de\/zell-im-wiesental\/produkte\/fruechte\/\",\"url\":\"https:\/\/weltlaeden.de\/zell-im-wiesental\/produkte\/fruechte\/\",\"name\":\"Fr\u00fcchte - Weltladen Cabanja\",\"isPartOf\":{\"@id\":\"https:\/\/weltlaeden.de\/zell-im-wiesental\/#website\"},\"primaryImageOfPage\":{\"@id\":\"https:\/\/weltlaeden.de\/zell-im-wiesental\/produkte\/fruechte\/#primaryimage\"},\"image\":{\"@id\":\"https:\/\/weltlaeden.de\/zell-im-wiesental\/produkte\/fruechte\/#primaryimage\"},\"thumbnailUrl\":\"https:\/\/weltlaeden.de\/zell-im-wiesental\/wp-content\/uploads\/sites\/148\/2021\/11\/20211124_161824-300x164.jpg\",\"datePublished\":\"2021-11-30T13:51:12+00:00\",\"breadcrumb\":{\"@id\":\"https:\/\/weltlaeden.de\/zell-im-wiesental\/produkte\/fruechte\/#breadcrumb\"},\"inLanguage\":\"de\",\"potentialAction\":[{\"@type\":\"ReadAction\",\"target\":[\"https:\/\/weltlaeden.de\/zell-im-wiesental\/produkte\/fruechte\/\"]}]},{\"@type\":\"ImageObject\",\"inLanguage\":\"de\",\"@id\":\"https:\/\/weltlaeden.de\/zell-im-wiesental\/produkte\/fruechte\/#primaryimage\",\"url\":\"https:\/\/weltlaeden.de\/zell-im-wiesental\/wp-content\/uploads\/sites\/148\/2021\/11\/20211124_161824.jpg\",\"contentUrl\":\"https:\/\/weltlaeden.de\/zell-im-wiesental\/wp-content\/uploads\/sites\/148\/2021\/11\/20211124_161824.jpg\",\"width\":1920,\"height\":1047},{\"@type\":\"BreadcrumbList\",\"@id\":\"https:\/\/weltlaeden.de\/zell-im-wiesental\/produkte\/fruechte\/#breadcrumb\",\"itemListElement\":[{\"@type\":\"ListItem\",\"position\":1,\"name\":\"Startseite\",\"item\":\"https:\/\/weltlaeden.de\/zell-im-wiesental\/\"},{\"@type\":\"ListItem\",\"position\":2,\"name\":\"Produkte\",\"item\":\"https:\/\/weltlaeden.de\/zell-im-wiesental\/produkte\/\"},{\"@type\":\"ListItem\",\"position\":3,\"name\":\"Fr\u00fcchte\"}]},{\"@type\":\"WebSite\",\"@id\":\"https:\/\/weltlaeden.de\/zell-im-wiesental\/#website\",\"url\":\"https:\/\/weltlaeden.de\/zell-im-wiesental\/\",\"name\":\"Weltladen Cabanja\",\"description\":\"Faire Produkte seit 1985\",\"potentialAction\":[{\"@type\":\"SearchAction\",\"target\":{\"@type\":\"EntryPoint\",\"urlTemplate\":\"https:\/\/weltlaeden.de\/zell-im-wiesental\/?s={search_term_string}\"},\"query-input\":{\"@type\":\"PropertyValueSpecification\",\"valueRequired\":true,\"valueName\":\"search_term_string\"}}],\"inLanguage\":\"de\"}]}<\/script>\n<!-- \/ Yoast SEO plugin. -->","yoast_head_json":{"title":"Fr\u00fcchte - Weltladen Cabanja","robots":{"index":"index","follow":"follow","max-snippet":"max-snippet:-1","max-image-preview":"max-image-preview:large","max-video-preview":"max-video-preview:-1"},"canonical":"https:\/\/weltlaeden.de\/zell-im-wiesental\/produkte\/fruechte\/","og_locale":"de_DE","og_type":"article","og_title":"Fr\u00fcchte - Weltladen Cabanja","og_description":"[vc_row][vc_column][vc_column_text] Bananen [\/vc_column_text][vc_row_inner][vc_column_inner width=&#8220;1\/2&#8243;][\/vc_column_inner][vc_column_inner width=&#8220;1\/2&#8243;][vc_column_text]Immer montags gibt es in der Regel eine neue Bananenlieferung. Es handelt sich um Bio-Bananen von Bana-Fair. Gerne k\u00f6nnen Sie regelm\u00e4\u00dfig eine von Ihnen festgelegte Menge Bananen bei uns bestellen. Sprechen Sie uns an.[\/vc_column_text][\/vc_column_inner][\/vc_row_inner][vc_row_inner][vc_column_inner][vc_column_text] Mangos [\/vc_column_text][\/vc_column_inner][\/vc_row_inner][\/vc_column][\/vc_row][vc_row][vc_column width=&#8220;1\/2&#8243;][\/vc_column][vc_column width=&#8220;1\/2&#8243;][vc_column_text]Bei uns erhalten Sie getrocknete Mangos (gezuckert und ungezuckert) sowie Mangoso\u00dfe und Mangos im&hellip;","og_url":"https:\/\/weltlaeden.de\/zell-im-wiesental\/produkte\/fruechte\/","og_site_name":"Weltladen Cabanja","og_image":[{"url":"https:\/\/weltlaeden.de\/zell-im-wiesental\/wp-content\/uploads\/sites\/148\/2021\/11\/20211124_161824-300x164.jpg","type":"","width":"","height":""}],"twitter_card":"summary_large_image","twitter_misc":{"Gesch\u00e4tzte Lesezeit":"1\u00a0Minute"},"schema":{"@context":"https:\/\/schema.org","@graph":[{"@type":"WebPage","@id":"https:\/\/weltlaeden.de\/zell-im-wiesental\/produkte\/fruechte\/","url":"https:\/\/weltlaeden.de\/zell-im-wiesental\/produkte\/fruechte\/","name":"Fr\u00fcchte - Weltladen Cabanja","isPartOf":{"@id":"https:\/\/weltlaeden.de\/zell-im-wiesental\/#website"},"primaryImageOfPage":{"@id":"https:\/\/weltlaeden.de\/zell-im-wiesental\/produkte\/fruechte\/#primaryimage"},"image":{"@id":"https:\/\/weltlaeden.de\/zell-im-wiesental\/produkte\/fruechte\/#primaryimage"},"thumbnailUrl":"https:\/\/weltlaeden.de\/zell-im-wiesental\/wp-content\/uploads\/sites\/148\/2021\/11\/20211124_161824-300x164.jpg","datePublished":"2021-11-30T13:51:12+00:00","breadcrumb":{"@id":"https:\/\/weltlaeden.de\/zell-im-wiesental\/produkte\/fruechte\/#breadcrumb"},"inLanguage":"de","potentialAction":[{"@type":"ReadAction","target":["https:\/\/weltlaeden.de\/zell-im-wiesental\/produkte\/fruechte\/"]}]},{"@type":"ImageObject","inLanguage":"de","@id":"https:\/\/weltlaeden.de\/zell-im-wiesental\/produkte\/fruechte\/#primaryimage","url":"https:\/\/weltlaeden.de\/zell-im-wiesental\/wp-content\/uploads\/sites\/148\/2021\/11\/20211124_161824.jpg","contentUrl":"https:\/\/weltlaeden.de\/zell-im-wiesental\/wp-content\/uploads\/sites\/148\/2021\/11\/20211124_161824.jpg","width":1920,"height":1047},{"@type":"BreadcrumbList","@id":"https:\/\/weltlaeden.de\/zell-im-wiesental\/produkte\/fruechte\/#breadcrumb","itemListElement":[{"@type":"ListItem","position":1,"name":"Startseite","item":"https:\/\/weltlaeden.de\/zell-im-wiesental\/"},{"@type":"ListItem","position":2,"name":"Produkte","item":"https:\/\/weltlaeden.de\/zell-im-wiesental\/produkte\/"},{"@type":"ListItem","position":3,"name":"Fr\u00fcchte"}]},{"@type":"WebSite","@id":"https:\/\/weltlaeden.de\/zell-im-wiesental\/#website","url":"https:\/\/weltlaeden.de\/zell-im-wiesental\/","name":"Weltladen Cabanja","description":"Faire Produkte seit 1985","potentialAction":[{"@type":"SearchAction","target":{"@type":"EntryPoint","urlTemplate":"https:\/\/weltlaeden.de\/zell-im-wiesental\/?s={search_term_string}"},"query-input":{"@type":"PropertyValueSpecification","valueRequired":true,"valueName":"search_term_string"}}],"inLanguage":"de"}]}},"_links":{"self":[{"href":"https:\/\/weltlaeden.de\/zell-im-wiesental\/wp-json\/wp\/v2\/pages\/710","targetHints":{"allow":["GET"]}}],"collection":[{"href":"https:\/\/weltlaeden.de\/zell-im-wiesental\/wp-json\/wp\/v2\/pages"}],"about":[{"href":"https:\/\/weltlaeden.de\/zell-im-wiesental\/wp-json\/wp\/v2\/types\/page"}],"author":[{"embeddable":true,"href":"https:\/\/weltlaeden.de\/zell-im-wiesental\/wp-json\/wp\/v2\/users\/215"}],"replies":[{"embeddable":true,"href":"https:\/\/weltlaeden.de\/zell-im-wiesental\/wp-json\/wp\/v2\/comments?post=710"}],"version-history":[{"count":21,"href":"https:\/\/weltlaeden.de\/zell-im-wiesental\/wp-json\/wp\/v2\/pages\/710\/revisions"}],"predecessor-version":[{"id":826,"href":"https:\/\/weltlaeden.de\/zell-im-wiesental\/wp-json\/wp\/v2\/pages\/710\/revisions\/826"}],"up":[{"embeddable":true,"href":"https:\/\/weltlaeden.de\/zell-im-wiesental\/wp-json\/wp\/v2\/pages\/217"}],"wp:attachment":[{"href":"https:\/\/weltlaeden.de\/zell-im-wiesental\/wp-json\/wp\/v2\/media?parent=710"}],"curies":[{"name":"wp","href":"https:\/\/api.w.org\/{rel}","templated":true}]}}