{"id":657,"date":"2021-11-17T15:34:24","date_gmt":"2021-11-17T14:34:24","guid":{"rendered":"https:\/\/weltlaeden.de\/zell-im-wiesental\/?page_id=657"},"modified":"2021-11-22T15:27:27","modified_gmt":"2021-11-22T14:27:27","slug":"geschenkkoerbe-und-geschenktueten","status":"publish","type":"page","link":"https:\/\/weltlaeden.de\/zell-im-wiesental\/produkte\/geschenkkoerbe-und-geschenktueten\/","title":{"rendered":"Geschenkk\u00f6rbe und Geschenkt\u00fcten"},"content":{"rendered":"<div class=\"wpb-content-wrapper\"><p>[vc_row][vc_column width=&#8220;1\/2&#8243;][vc_column_text]<\/p>\n<p style=\"text-align: left\"><span class=\"ILfuVd\"><span class=\"hgKElc\"><img loading=\"lazy\" decoding=\"async\" class=\"size-medium wp-image-636 aligncenter\" src=\"https:\/\/weltlaeden.de\/zell-im-wiesental\/wp-content\/uploads\/sites\/148\/2021\/09\/ZER_0473-300x200.jpg\" alt=\"\" width=\"300\" height=\"200\" srcset=\"https:\/\/weltlaeden.de\/zell-im-wiesental\/wp-content\/uploads\/sites\/148\/2021\/09\/ZER_0473-300x200.jpg 300w, https:\/\/weltlaeden.de\/zell-im-wiesental\/wp-content\/uploads\/sites\/148\/2021\/09\/ZER_0473-768x513.jpg 768w, https:\/\/weltlaeden.de\/zell-im-wiesental\/wp-content\/uploads\/sites\/148\/2021\/09\/ZER_0473-1024x684.jpg 1024w, https:\/\/weltlaeden.de\/zell-im-wiesental\/wp-content\/uploads\/sites\/148\/2021\/09\/ZER_0473.jpg 1920w\" sizes=\"auto, (max-width: 300px) 100vw, 300px\" \/><\/span><\/span><\/p>\n<p style=\"text-align: left\"><span class=\"ILfuVd\"><span class=\"hgKElc\">Gerne stellen wir Ihnen Geschenkk\u00f6rbe oder -t\u00fcten z.B. f\u00fcr Jubil\u00e4en, Geburtstage, zum Abschied oder einfach als kleines Dankesch\u00f6n aus unserem reichhaltigem Angebot zusammen. <\/span><\/span><\/p>\n<p>[\/vc_column_text][\/vc_column][vc_column width=&#8220;1\/2&#8243;]<div class=\"wl_einzelbild\"><p><img loading=\"lazy\" decoding=\"async\" class=\"alignnone size-medium wp-image-635\" src=\"https:\/\/weltlaeden.de\/zell-im-wiesental\/wp-content\/uploads\/sites\/148\/2021\/09\/ZER_0468-200x300.jpg\" alt=\"\" width=\"200\" height=\"300\" srcset=\"https:\/\/weltlaeden.de\/zell-im-wiesental\/wp-content\/uploads\/sites\/148\/2021\/09\/ZER_0468-200x300.jpg 200w, https:\/\/weltlaeden.de\/zell-im-wiesental\/wp-content\/uploads\/sites\/148\/2021\/09\/ZER_0468-768x1150.jpg 768w, https:\/\/weltlaeden.de\/zell-im-wiesental\/wp-content\/uploads\/sites\/148\/2021\/09\/ZER_0468-684x1024.jpg 684w, https:\/\/weltlaeden.de\/zell-im-wiesental\/wp-content\/uploads\/sites\/148\/2021\/09\/ZER_0468.jpg 1282w\" sizes=\"auto, (max-width: 200px) 100vw, 200px\" \/><\/p><\/div>[\/vc_column][\/vc_row]<\/p>\n<\/div>","protected":false},"excerpt":{"rendered":"<p>[vc_row][vc_column width=&#8220;1\/2&#8243;][vc_column_text] Gerne stellen wir Ihnen Geschenkk\u00f6rbe oder -t\u00fcten z.B. f\u00fcr Jubil\u00e4en, Geburtstage, zum Abschied oder einfach als kleines Dankesch\u00f6n aus unserem reichhaltigem Angebot zusammen. [\/vc_column_text][\/vc_column][vc_column width=&#8220;1\/2&#8243;][\/vc_column][\/vc_row]<\/p>\n","protected":false},"author":215,"featured_media":0,"parent":217,"menu_order":0,"comment_status":"closed","ping_status":"closed","template":"","meta":{"footnotes":""},"class_list":["post-657","page","type-page","status-publish","hentry","description-off"],"yoast_head":"<!-- This site is optimized with the Yoast SEO plugin v26.8 - https:\/\/yoast.com\/product\/yoast-seo-wordpress\/ -->\n<title>Geschenkk\u00f6rbe und Geschenkt\u00fcten - Weltladen Cabanja<\/title>\n<meta name=\"robots\" content=\"index, follow, max-snippet:-1, max-image-preview:large, max-video-preview:-1\" \/>\n<link rel=\"canonical\" href=\"https:\/\/weltlaeden.de\/zell-im-wiesental\/produkte\/geschenkkoerbe-und-geschenktueten\/\" \/>\n<meta property=\"og:locale\" content=\"de_DE\" \/>\n<meta property=\"og:type\" content=\"article\" \/>\n<meta property=\"og:title\" content=\"Geschenkk\u00f6rbe und Geschenkt\u00fcten - Weltladen Cabanja\" \/>\n<meta property=\"og:description\" content=\"[vc_row][vc_column width=&#8220;1\/2&#8243;][vc_column_text] Gerne stellen wir Ihnen Geschenkk\u00f6rbe oder -t\u00fcten z.B. f\u00fcr Jubil\u00e4en, Geburtstage, zum Abschied oder einfach als kleines Dankesch\u00f6n aus unserem reichhaltigem Angebot zusammen. [\/vc_column_text][\/vc_column][vc_column width=&#8220;1\/2&#8243;][\/vc_column][\/vc_row]\" \/>\n<meta property=\"og:url\" content=\"https:\/\/weltlaeden.de\/zell-im-wiesental\/produkte\/geschenkkoerbe-und-geschenktueten\/\" \/>\n<meta property=\"og:site_name\" content=\"Weltladen Cabanja\" \/>\n<meta property=\"article:modified_time\" content=\"2021-11-22T14:27:27+00:00\" \/>\n<meta property=\"og:image\" content=\"https:\/\/weltlaeden.de\/zell-im-wiesental\/wp-content\/uploads\/sites\/148\/2021\/09\/ZER_0473-300x200.jpg\" \/>\n<meta name=\"twitter:card\" content=\"summary_large_image\" \/>\n<script type=\"application\/ld+json\" class=\"yoast-schema-graph\">{\"@context\":\"https:\/\/schema.org\",\"@graph\":[{\"@type\":\"WebPage\",\"@id\":\"https:\/\/weltlaeden.de\/zell-im-wiesental\/produkte\/geschenkkoerbe-und-geschenktueten\/\",\"url\":\"https:\/\/weltlaeden.de\/zell-im-wiesental\/produkte\/geschenkkoerbe-und-geschenktueten\/\",\"name\":\"Geschenkk\u00f6rbe und Geschenkt\u00fcten - Weltladen Cabanja\",\"isPartOf\":{\"@id\":\"https:\/\/weltlaeden.de\/zell-im-wiesental\/#website\"},\"primaryImageOfPage\":{\"@id\":\"https:\/\/weltlaeden.de\/zell-im-wiesental\/produkte\/geschenkkoerbe-und-geschenktueten\/#primaryimage\"},\"image\":{\"@id\":\"https:\/\/weltlaeden.de\/zell-im-wiesental\/produkte\/geschenkkoerbe-und-geschenktueten\/#primaryimage\"},\"thumbnailUrl\":\"https:\/\/weltlaeden.de\/zell-im-wiesental\/wp-content\/uploads\/sites\/148\/2021\/09\/ZER_0473-300x200.jpg\",\"datePublished\":\"2021-11-17T14:34:24+00:00\",\"dateModified\":\"2021-11-22T14:27:27+00:00\",\"breadcrumb\":{\"@id\":\"https:\/\/weltlaeden.de\/zell-im-wiesental\/produkte\/geschenkkoerbe-und-geschenktueten\/#breadcrumb\"},\"inLanguage\":\"de\",\"potentialAction\":[{\"@type\":\"ReadAction\",\"target\":[\"https:\/\/weltlaeden.de\/zell-im-wiesental\/produkte\/geschenkkoerbe-und-geschenktueten\/\"]}]},{\"@type\":\"ImageObject\",\"inLanguage\":\"de\",\"@id\":\"https:\/\/weltlaeden.de\/zell-im-wiesental\/produkte\/geschenkkoerbe-und-geschenktueten\/#primaryimage\",\"url\":\"https:\/\/weltlaeden.de\/zell-im-wiesental\/wp-content\/uploads\/sites\/148\/2021\/09\/ZER_0473.jpg\",\"contentUrl\":\"https:\/\/weltlaeden.de\/zell-im-wiesental\/wp-content\/uploads\/sites\/148\/2021\/09\/ZER_0473.jpg\",\"width\":1920,\"height\":1282},{\"@type\":\"BreadcrumbList\",\"@id\":\"https:\/\/weltlaeden.de\/zell-im-wiesental\/produkte\/geschenkkoerbe-und-geschenktueten\/#breadcrumb\",\"itemListElement\":[{\"@type\":\"ListItem\",\"position\":1,\"name\":\"Startseite\",\"item\":\"https:\/\/weltlaeden.de\/zell-im-wiesental\/\"},{\"@type\":\"ListItem\",\"position\":2,\"name\":\"Produkte\",\"item\":\"https:\/\/weltlaeden.de\/zell-im-wiesental\/produkte\/\"},{\"@type\":\"ListItem\",\"position\":3,\"name\":\"Geschenkk\u00f6rbe und Geschenkt\u00fcten\"}]},{\"@type\":\"WebSite\",\"@id\":\"https:\/\/weltlaeden.de\/zell-im-wiesental\/#website\",\"url\":\"https:\/\/weltlaeden.de\/zell-im-wiesental\/\",\"name\":\"Weltladen Cabanja\",\"description\":\"Faire Produkte seit 1985\",\"potentialAction\":[{\"@type\":\"SearchAction\",\"target\":{\"@type\":\"EntryPoint\",\"urlTemplate\":\"https:\/\/weltlaeden.de\/zell-im-wiesental\/?s={search_term_string}\"},\"query-input\":{\"@type\":\"PropertyValueSpecification\",\"valueRequired\":true,\"valueName\":\"search_term_string\"}}],\"inLanguage\":\"de\"}]}<\/script>\n<!-- \/ Yoast SEO plugin. -->","yoast_head_json":{"title":"Geschenkk\u00f6rbe und Geschenkt\u00fcten - Weltladen Cabanja","robots":{"index":"index","follow":"follow","max-snippet":"max-snippet:-1","max-image-preview":"max-image-preview:large","max-video-preview":"max-video-preview:-1"},"canonical":"https:\/\/weltlaeden.de\/zell-im-wiesental\/produkte\/geschenkkoerbe-und-geschenktueten\/","og_locale":"de_DE","og_type":"article","og_title":"Geschenkk\u00f6rbe und Geschenkt\u00fcten - Weltladen Cabanja","og_description":"[vc_row][vc_column width=&#8220;1\/2&#8243;][vc_column_text] Gerne stellen wir Ihnen Geschenkk\u00f6rbe oder -t\u00fcten z.B. f\u00fcr Jubil\u00e4en, Geburtstage, zum Abschied oder einfach als kleines Dankesch\u00f6n aus unserem reichhaltigem Angebot zusammen. [\/vc_column_text][\/vc_column][vc_column width=&#8220;1\/2&#8243;][\/vc_column][\/vc_row]","og_url":"https:\/\/weltlaeden.de\/zell-im-wiesental\/produkte\/geschenkkoerbe-und-geschenktueten\/","og_site_name":"Weltladen Cabanja","article_modified_time":"2021-11-22T14:27:27+00:00","og_image":[{"url":"https:\/\/weltlaeden.de\/zell-im-wiesental\/wp-content\/uploads\/sites\/148\/2021\/09\/ZER_0473-300x200.jpg","type":"","width":"","height":""}],"twitter_card":"summary_large_image","schema":{"@context":"https:\/\/schema.org","@graph":[{"@type":"WebPage","@id":"https:\/\/weltlaeden.de\/zell-im-wiesental\/produkte\/geschenkkoerbe-und-geschenktueten\/","url":"https:\/\/weltlaeden.de\/zell-im-wiesental\/produkte\/geschenkkoerbe-und-geschenktueten\/","name":"Geschenkk\u00f6rbe und Geschenkt\u00fcten - Weltladen Cabanja","isPartOf":{"@id":"https:\/\/weltlaeden.de\/zell-im-wiesental\/#website"},"primaryImageOfPage":{"@id":"https:\/\/weltlaeden.de\/zell-im-wiesental\/produkte\/geschenkkoerbe-und-geschenktueten\/#primaryimage"},"image":{"@id":"https:\/\/weltlaeden.de\/zell-im-wiesental\/produkte\/geschenkkoerbe-und-geschenktueten\/#primaryimage"},"thumbnailUrl":"https:\/\/weltlaeden.de\/zell-im-wiesental\/wp-content\/uploads\/sites\/148\/2021\/09\/ZER_0473-300x200.jpg","datePublished":"2021-11-17T14:34:24+00:00","dateModified":"2021-11-22T14:27:27+00:00","breadcrumb":{"@id":"https:\/\/weltlaeden.de\/zell-im-wiesental\/produkte\/geschenkkoerbe-und-geschenktueten\/#breadcrumb"},"inLanguage":"de","potentialAction":[{"@type":"ReadAction","target":["https:\/\/weltlaeden.de\/zell-im-wiesental\/produkte\/geschenkkoerbe-und-geschenktueten\/"]}]},{"@type":"ImageObject","inLanguage":"de","@id":"https:\/\/weltlaeden.de\/zell-im-wiesental\/produkte\/geschenkkoerbe-und-geschenktueten\/#primaryimage","url":"https:\/\/weltlaeden.de\/zell-im-wiesental\/wp-content\/uploads\/sites\/148\/2021\/09\/ZER_0473.jpg","contentUrl":"https:\/\/weltlaeden.de\/zell-im-wiesental\/wp-content\/uploads\/sites\/148\/2021\/09\/ZER_0473.jpg","width":1920,"height":1282},{"@type":"BreadcrumbList","@id":"https:\/\/weltlaeden.de\/zell-im-wiesental\/produkte\/geschenkkoerbe-und-geschenktueten\/#breadcrumb","itemListElement":[{"@type":"ListItem","position":1,"name":"Startseite","item":"https:\/\/weltlaeden.de\/zell-im-wiesental\/"},{"@type":"ListItem","position":2,"name":"Produkte","item":"https:\/\/weltlaeden.de\/zell-im-wiesental\/produkte\/"},{"@type":"ListItem","position":3,"name":"Geschenkk\u00f6rbe und Geschenkt\u00fcten"}]},{"@type":"WebSite","@id":"https:\/\/weltlaeden.de\/zell-im-wiesental\/#website","url":"https:\/\/weltlaeden.de\/zell-im-wiesental\/","name":"Weltladen Cabanja","description":"Faire Produkte seit 1985","potentialAction":[{"@type":"SearchAction","target":{"@type":"EntryPoint","urlTemplate":"https:\/\/weltlaeden.de\/zell-im-wiesental\/?s={search_term_string}"},"query-input":{"@type":"PropertyValueSpecification","valueRequired":true,"valueName":"search_term_string"}}],"inLanguage":"de"}]}},"_links":{"self":[{"href":"https:\/\/weltlaeden.de\/zell-im-wiesental\/wp-json\/wp\/v2\/pages\/657","targetHints":{"allow":["GET"]}}],"collection":[{"href":"https:\/\/weltlaeden.de\/zell-im-wiesental\/wp-json\/wp\/v2\/pages"}],"about":[{"href":"https:\/\/weltlaeden.de\/zell-im-wiesental\/wp-json\/wp\/v2\/types\/page"}],"author":[{"embeddable":true,"href":"https:\/\/weltlaeden.de\/zell-im-wiesental\/wp-json\/wp\/v2\/users\/215"}],"replies":[{"embeddable":true,"href":"https:\/\/weltlaeden.de\/zell-im-wiesental\/wp-json\/wp\/v2\/comments?post=657"}],"version-history":[{"count":7,"href":"https:\/\/weltlaeden.de\/zell-im-wiesental\/wp-json\/wp\/v2\/pages\/657\/revisions"}],"predecessor-version":[{"id":728,"href":"https:\/\/weltlaeden.de\/zell-im-wiesental\/wp-json\/wp\/v2\/pages\/657\/revisions\/728"}],"up":[{"embeddable":true,"href":"https:\/\/weltlaeden.de\/zell-im-wiesental\/wp-json\/wp\/v2\/pages\/217"}],"wp:attachment":[{"href":"https:\/\/weltlaeden.de\/zell-im-wiesental\/wp-json\/wp\/v2\/media?parent=657"}],"curies":[{"name":"wp","href":"https:\/\/api.w.org\/{rel}","templated":true}]}}