{"id":1020,"date":"2022-07-25T15:22:20","date_gmt":"2022-07-25T13:22:20","guid":{"rendered":"https:\/\/weltlaeden.de\/zell-im-wiesental\/?page_id=1020"},"modified":"2024-07-23T11:27:29","modified_gmt":"2024-07-23T09:27:29","slug":"bildung","status":"publish","type":"page","link":"https:\/\/weltlaeden.de\/zell-im-wiesental\/bildung\/","title":{"rendered":"Bildung"},"content":{"rendered":"<div class=\"wpb-content-wrapper\"><p>[vc_row][vc_column][vc_column_text css=&#8220;&#8220;]<\/p>\n<h1>Realschule besucht den Weltladen Cabanja<\/h1>\n<p>Am Mittwoch, den 17. Juli 2024, besuchte die Realschule Morz im Rahmen ihrer Projekttage unseren Weltladen. Frau Spiegelhalter-Rinderle vermittelte den Sch\u00fcler*innen die Grundlagen des fairen Handels und erl\u00e4uterte die Bedeutung verschiedener Siegel.<\/p>\n<p>Im aktiven Teil der Veranstaltung erhielten die Sch\u00fclerinnen die Aufgabe, ein Produkt f\u00fcr ihren Partner*in auszuw\u00e4hlen und sowohl den Preis als auch die Herkunft zu ermitteln. Anschlie\u00dfend fand eine Schokoladenverkostung statt, bei der drei verschiedene Schokoladen unterschiedlicher Herkunft und Preisklassen blind verkostet wurden, ohne die Marken zu kennen.<\/p>\n<p>Nach der Verkostung sollten die Sch\u00fcler*innen Gr\u00fcnde erarbeiten, warum fair gehandelte Schokolade teurer ist als herk\u00f6mmliche Schokolade, beispielsweise aus Superm\u00e4rkten wie Rewe oder Netto. Die Ideen wurden im Plenum vorgestellt, wobei Frau Spiegelhalter-Rinderle die Pr\u00e4sentationen aufmerksam verfolgte, erg\u00e4nzte und verbesserte.<\/p>\n<p>Viele Erkenntnisse wurden von den Sch\u00fclerinnen selbstst\u00e4ndig gewonnen, was Frau Spiegelhalter-Rinderle mehrfach lobend hervorhob. Zum Abschluss des Vormittags f\u00fchrten die Sch\u00fclerinnen ein Rollenspiel durch, das die Frage behandelte, warum es wichtig ist, bewusst Schokolade auszuw\u00e4hlen.<\/p>\n<p>Insgesamt war es f\u00fcr die Sch\u00fcler*innen ein sehr informativer und spannender Vormittag. Wir danken der Realschule Morz f\u00fcr ihren Besuch.<\/p>\n<p>(Text: Praktikantin Lara Kiefer vom Gymnasium Sch\u00f6nau)<\/p>\n<p><img loading=\"lazy\" decoding=\"async\" class=\"alignnone size-medium wp-image-1417\" src=\"https:\/\/weltlaeden.de\/zell-im-wiesental\/wp-content\/uploads\/sites\/148\/2024\/07\/20240717_110726-300x146.jpg\" alt=\"\" width=\"300\" height=\"146\" srcset=\"https:\/\/weltlaeden.de\/zell-im-wiesental\/wp-content\/uploads\/sites\/148\/2024\/07\/20240717_110726-300x146.jpg 300w, https:\/\/weltlaeden.de\/zell-im-wiesental\/wp-content\/uploads\/sites\/148\/2024\/07\/20240717_110726-1024x498.jpg 1024w, https:\/\/weltlaeden.de\/zell-im-wiesental\/wp-content\/uploads\/sites\/148\/2024\/07\/20240717_110726-768x374.jpg 768w, https:\/\/weltlaeden.de\/zell-im-wiesental\/wp-content\/uploads\/sites\/148\/2024\/07\/20240717_110726-1536x747.jpg 1536w, https:\/\/weltlaeden.de\/zell-im-wiesental\/wp-content\/uploads\/sites\/148\/2024\/07\/20240717_110726.jpg 2048w\" sizes=\"auto, (max-width: 300px) 100vw, 300px\" \/><\/p>\n<p>[\/vc_column_text][vc_column_text]<span style=\"font-family: Arial, serif\"><span style=\"font-size: large\"><b>Sch\u00fclerinnen und Sch\u00fcler der Klassenstufe 9 an der Montfort Realschule informieren sich \u00fcber Fairen Handel im Zeller Weltladen Cabanja<\/b><\/span><\/span><\/p>\n<p><span style=\"font-family: Arial, serif\"><span style=\"font-size: medium\">Im Rahmen der Klimatage an der MORZ besuchten 57 Sch\u00fclerinnen und Sch\u00fcler mit der Religionsp\u00e4dagogin Eva N\u00fcbel an zwei Tagen den Zeller Weltladen. Zum einen konnten sie ausgiebig das Sortiment des Ladens erkunden, zum anderen erarbeiteten sie sich den Unterschied zwischen konventionell hergestellt und vertriebenen Produkten und den Fairtrade Produkten, die der Weltladen anbietet. Am Beispiel Schokolade verstanden die Jugendlichen, dass ein etwas h\u00f6herer Preis f\u00fcr die faire Schokolade gerechtfertigt ist, wenn dahinter ein klimaschonender Anbau, soziale Arbeitsbedingungen, keine Kinderarbeit und faire Handelsbedingungen stehen. Nat\u00fcrlich war der Besuch im Cabanja f\u00fcr die Neuntkl\u00e4sslerinnen und Neuntkl\u00e4ssler auch mit einer Schokoladenverkostung verbunden!<\/span><\/span>[\/vc_column_text][vc_column_text]<\/p>\n<h1><b>Konfirmanden von der evangelischen Kirchengemeinde Hausen zu Gast<\/b><\/h1>\n<p>Am 8. Februar 2023 konnten Almut Teichert-Hailperin und Susanne Spiegelhalder-Rinderle acht Konfirmandinnen und Konfirmanden aus Hausen mit Diakonin Rebekka Tetzlaff im Cabanja begr\u00fc\u00dfen.<\/p>\n<p>Bei ihrem Besuch lernten die Jugendlichen das Warenangebot des Weltladens kennen und sie fanden heraus, was fair produzierte und fair gehandelte Produkte von konventionellen Produkten unterscheidet. Besonders beeindruckt waren die Jugendlichen von der gro\u00dfen Schokoladenauswahl im Weltladen. Da bot es sich nat\u00fcrlich an, an diesem leckeren Produkt die wesentlichen Standards des fairen Handels zu erarbeiten und zu \u201eerschmecken\u201c. Dass sie die Kriterien f\u00fcr fairen Handel verstanden haben und dass sie auch \u00fcber das Engagement im Weltladen bestens Bescheid wissen, konnten die Konfis anhand einiger Quizfragen unter Beweis stellen. Mit ihren richtigen Antworten hatten sich die jungen Besucherinnen und Besucher einen fairen Schokoriegel souver\u00e4n verdient.[\/vc_column_text][\/vc_column][\/vc_row][vc_row][vc_column][vc_column_text][\/vc_column_text]<div class=\"wl_einzelbild\"><p><img loading=\"lazy\" decoding=\"async\" class=\"alignnone size-medium wp-image-1115\" src=\"https:\/\/weltlaeden.de\/zell-im-wiesental\/wp-content\/uploads\/sites\/148\/2023\/02\/06_230208-Cabanja-6-300x225.jpeg\" alt=\"\" width=\"300\" height=\"225\" srcset=\"https:\/\/weltlaeden.de\/zell-im-wiesental\/wp-content\/uploads\/sites\/148\/2023\/02\/06_230208-Cabanja-6-300x225.jpeg 300w, https:\/\/weltlaeden.de\/zell-im-wiesental\/wp-content\/uploads\/sites\/148\/2023\/02\/06_230208-Cabanja-6-1024x768.jpeg 1024w, https:\/\/weltlaeden.de\/zell-im-wiesental\/wp-content\/uploads\/sites\/148\/2023\/02\/06_230208-Cabanja-6-768x576.jpeg 768w, https:\/\/weltlaeden.de\/zell-im-wiesental\/wp-content\/uploads\/sites\/148\/2023\/02\/06_230208-Cabanja-6-1536x1152.jpeg 1536w, https:\/\/weltlaeden.de\/zell-im-wiesental\/wp-content\/uploads\/sites\/148\/2023\/02\/06_230208-Cabanja-6.jpeg 2040w\" sizes=\"auto, (max-width: 300px) 100vw, 300px\" \/><\/p><\/div>[\/vc_column][\/vc_row][vc_row][vc_column][\/vc_column][\/vc_row][vc_row][vc_column]<div class=\"wl_einzelbild\"><p><\/p>\n<p><\/p><\/div>[\/vc_column][\/vc_row][vc_row][vc_column][\/vc_column][\/vc_row][vc_row][vc_column][\/vc_column][\/vc_row]<\/p>\n<\/div>","protected":false},"excerpt":{"rendered":"<p>[vc_row][vc_column][vc_column_text css=&#8220;&#8220;] Realschule besucht den Weltladen Cabanja Am Mittwoch, den 17. Juli 2024, besuchte die Realschule Morz im Rahmen ihrer Projekttage unseren Weltladen. Frau Spiegelhalter-Rinderle vermittelte den Sch\u00fcler*innen die Grundlagen des fairen Handels und erl\u00e4uterte die Bedeutung verschiedener Siegel. Im aktiven Teil der Veranstaltung erhielten die Sch\u00fclerinnen die Aufgabe, ein Produkt f\u00fcr ihren Partner*in auszuw\u00e4hlen&hellip;<\/p>\n","protected":false},"author":215,"featured_media":0,"parent":0,"menu_order":0,"comment_status":"closed","ping_status":"closed","template":"","meta":{"footnotes":""},"class_list":["post-1020","page","type-page","status-publish","hentry","description-off"],"yoast_head":"<!-- This site is optimized with the Yoast SEO plugin v26.8 - https:\/\/yoast.com\/product\/yoast-seo-wordpress\/ -->\n<title>Bildung - Weltladen Cabanja<\/title>\n<meta name=\"robots\" content=\"index, follow, max-snippet:-1, max-image-preview:large, max-video-preview:-1\" \/>\n<link rel=\"canonical\" href=\"https:\/\/weltlaeden.de\/zell-im-wiesental\/bildung\/\" \/>\n<meta property=\"og:locale\" content=\"de_DE\" \/>\n<meta property=\"og:type\" content=\"article\" \/>\n<meta property=\"og:title\" content=\"Bildung - Weltladen Cabanja\" \/>\n<meta property=\"og:description\" content=\"[vc_row][vc_column][vc_column_text css=&#8220;&#8220;] Realschule besucht den Weltladen Cabanja Am Mittwoch, den 17. Juli 2024, besuchte die Realschule Morz im Rahmen ihrer Projekttage unseren Weltladen. Frau Spiegelhalter-Rinderle vermittelte den Sch\u00fcler*innen die Grundlagen des fairen Handels und erl\u00e4uterte die Bedeutung verschiedener Siegel. Im aktiven Teil der Veranstaltung erhielten die Sch\u00fclerinnen die Aufgabe, ein Produkt f\u00fcr ihren Partner*in auszuw\u00e4hlen&hellip;\" \/>\n<meta property=\"og:url\" content=\"https:\/\/weltlaeden.de\/zell-im-wiesental\/bildung\/\" \/>\n<meta property=\"og:site_name\" content=\"Weltladen Cabanja\" \/>\n<meta property=\"article:modified_time\" content=\"2024-07-23T09:27:29+00:00\" \/>\n<meta property=\"og:image\" content=\"https:\/\/weltlaeden.de\/zell-im-wiesental\/wp-content\/uploads\/sites\/148\/2024\/07\/20240717_110726-300x146.jpg\" \/>\n<meta name=\"twitter:card\" content=\"summary_large_image\" \/>\n<meta name=\"twitter:label1\" content=\"Gesch\u00e4tzte Lesezeit\" \/>\n\t<meta name=\"twitter:data1\" content=\"3\u00a0Minuten\" \/>\n<script type=\"application\/ld+json\" class=\"yoast-schema-graph\">{\"@context\":\"https:\/\/schema.org\",\"@graph\":[{\"@type\":\"WebPage\",\"@id\":\"https:\/\/weltlaeden.de\/zell-im-wiesental\/bildung\/\",\"url\":\"https:\/\/weltlaeden.de\/zell-im-wiesental\/bildung\/\",\"name\":\"Bildung - Weltladen Cabanja\",\"isPartOf\":{\"@id\":\"https:\/\/weltlaeden.de\/zell-im-wiesental\/#website\"},\"primaryImageOfPage\":{\"@id\":\"https:\/\/weltlaeden.de\/zell-im-wiesental\/bildung\/#primaryimage\"},\"image\":{\"@id\":\"https:\/\/weltlaeden.de\/zell-im-wiesental\/bildung\/#primaryimage\"},\"thumbnailUrl\":\"https:\/\/weltlaeden.de\/zell-im-wiesental\/wp-content\/uploads\/sites\/148\/2024\/07\/20240717_110726-300x146.jpg\",\"datePublished\":\"2022-07-25T13:22:20+00:00\",\"dateModified\":\"2024-07-23T09:27:29+00:00\",\"breadcrumb\":{\"@id\":\"https:\/\/weltlaeden.de\/zell-im-wiesental\/bildung\/#breadcrumb\"},\"inLanguage\":\"de\",\"potentialAction\":[{\"@type\":\"ReadAction\",\"target\":[\"https:\/\/weltlaeden.de\/zell-im-wiesental\/bildung\/\"]}]},{\"@type\":\"ImageObject\",\"inLanguage\":\"de\",\"@id\":\"https:\/\/weltlaeden.de\/zell-im-wiesental\/bildung\/#primaryimage\",\"url\":\"https:\/\/weltlaeden.de\/zell-im-wiesental\/wp-content\/uploads\/sites\/148\/2024\/07\/20240717_110726.jpg\",\"contentUrl\":\"https:\/\/weltlaeden.de\/zell-im-wiesental\/wp-content\/uploads\/sites\/148\/2024\/07\/20240717_110726.jpg\",\"width\":2048,\"height\":996},{\"@type\":\"BreadcrumbList\",\"@id\":\"https:\/\/weltlaeden.de\/zell-im-wiesental\/bildung\/#breadcrumb\",\"itemListElement\":[{\"@type\":\"ListItem\",\"position\":1,\"name\":\"Startseite\",\"item\":\"https:\/\/weltlaeden.de\/zell-im-wiesental\/\"},{\"@type\":\"ListItem\",\"position\":2,\"name\":\"Bildung\"}]},{\"@type\":\"WebSite\",\"@id\":\"https:\/\/weltlaeden.de\/zell-im-wiesental\/#website\",\"url\":\"https:\/\/weltlaeden.de\/zell-im-wiesental\/\",\"name\":\"Weltladen Cabanja\",\"description\":\"Faire Produkte seit 1985\",\"potentialAction\":[{\"@type\":\"SearchAction\",\"target\":{\"@type\":\"EntryPoint\",\"urlTemplate\":\"https:\/\/weltlaeden.de\/zell-im-wiesental\/?s={search_term_string}\"},\"query-input\":{\"@type\":\"PropertyValueSpecification\",\"valueRequired\":true,\"valueName\":\"search_term_string\"}}],\"inLanguage\":\"de\"}]}<\/script>\n<!-- \/ Yoast SEO plugin. -->","yoast_head_json":{"title":"Bildung - Weltladen Cabanja","robots":{"index":"index","follow":"follow","max-snippet":"max-snippet:-1","max-image-preview":"max-image-preview:large","max-video-preview":"max-video-preview:-1"},"canonical":"https:\/\/weltlaeden.de\/zell-im-wiesental\/bildung\/","og_locale":"de_DE","og_type":"article","og_title":"Bildung - Weltladen Cabanja","og_description":"[vc_row][vc_column][vc_column_text css=&#8220;&#8220;] Realschule besucht den Weltladen Cabanja Am Mittwoch, den 17. Juli 2024, besuchte die Realschule Morz im Rahmen ihrer Projekttage unseren Weltladen. Frau Spiegelhalter-Rinderle vermittelte den Sch\u00fcler*innen die Grundlagen des fairen Handels und erl\u00e4uterte die Bedeutung verschiedener Siegel. Im aktiven Teil der Veranstaltung erhielten die Sch\u00fclerinnen die Aufgabe, ein Produkt f\u00fcr ihren Partner*in auszuw\u00e4hlen&hellip;","og_url":"https:\/\/weltlaeden.de\/zell-im-wiesental\/bildung\/","og_site_name":"Weltladen Cabanja","article_modified_time":"2024-07-23T09:27:29+00:00","og_image":[{"url":"https:\/\/weltlaeden.de\/zell-im-wiesental\/wp-content\/uploads\/sites\/148\/2024\/07\/20240717_110726-300x146.jpg","type":"","width":"","height":""}],"twitter_card":"summary_large_image","twitter_misc":{"Gesch\u00e4tzte Lesezeit":"3\u00a0Minuten"},"schema":{"@context":"https:\/\/schema.org","@graph":[{"@type":"WebPage","@id":"https:\/\/weltlaeden.de\/zell-im-wiesental\/bildung\/","url":"https:\/\/weltlaeden.de\/zell-im-wiesental\/bildung\/","name":"Bildung - Weltladen Cabanja","isPartOf":{"@id":"https:\/\/weltlaeden.de\/zell-im-wiesental\/#website"},"primaryImageOfPage":{"@id":"https:\/\/weltlaeden.de\/zell-im-wiesental\/bildung\/#primaryimage"},"image":{"@id":"https:\/\/weltlaeden.de\/zell-im-wiesental\/bildung\/#primaryimage"},"thumbnailUrl":"https:\/\/weltlaeden.de\/zell-im-wiesental\/wp-content\/uploads\/sites\/148\/2024\/07\/20240717_110726-300x146.jpg","datePublished":"2022-07-25T13:22:20+00:00","dateModified":"2024-07-23T09:27:29+00:00","breadcrumb":{"@id":"https:\/\/weltlaeden.de\/zell-im-wiesental\/bildung\/#breadcrumb"},"inLanguage":"de","potentialAction":[{"@type":"ReadAction","target":["https:\/\/weltlaeden.de\/zell-im-wiesental\/bildung\/"]}]},{"@type":"ImageObject","inLanguage":"de","@id":"https:\/\/weltlaeden.de\/zell-im-wiesental\/bildung\/#primaryimage","url":"https:\/\/weltlaeden.de\/zell-im-wiesental\/wp-content\/uploads\/sites\/148\/2024\/07\/20240717_110726.jpg","contentUrl":"https:\/\/weltlaeden.de\/zell-im-wiesental\/wp-content\/uploads\/sites\/148\/2024\/07\/20240717_110726.jpg","width":2048,"height":996},{"@type":"BreadcrumbList","@id":"https:\/\/weltlaeden.de\/zell-im-wiesental\/bildung\/#breadcrumb","itemListElement":[{"@type":"ListItem","position":1,"name":"Startseite","item":"https:\/\/weltlaeden.de\/zell-im-wiesental\/"},{"@type":"ListItem","position":2,"name":"Bildung"}]},{"@type":"WebSite","@id":"https:\/\/weltlaeden.de\/zell-im-wiesental\/#website","url":"https:\/\/weltlaeden.de\/zell-im-wiesental\/","name":"Weltladen Cabanja","description":"Faire Produkte seit 1985","potentialAction":[{"@type":"SearchAction","target":{"@type":"EntryPoint","urlTemplate":"https:\/\/weltlaeden.de\/zell-im-wiesental\/?s={search_term_string}"},"query-input":{"@type":"PropertyValueSpecification","valueRequired":true,"valueName":"search_term_string"}}],"inLanguage":"de"}]}},"_links":{"self":[{"href":"https:\/\/weltlaeden.de\/zell-im-wiesental\/wp-json\/wp\/v2\/pages\/1020","targetHints":{"allow":["GET"]}}],"collection":[{"href":"https:\/\/weltlaeden.de\/zell-im-wiesental\/wp-json\/wp\/v2\/pages"}],"about":[{"href":"https:\/\/weltlaeden.de\/zell-im-wiesental\/wp-json\/wp\/v2\/types\/page"}],"author":[{"embeddable":true,"href":"https:\/\/weltlaeden.de\/zell-im-wiesental\/wp-json\/wp\/v2\/users\/215"}],"replies":[{"embeddable":true,"href":"https:\/\/weltlaeden.de\/zell-im-wiesental\/wp-json\/wp\/v2\/comments?post=1020"}],"version-history":[{"count":9,"href":"https:\/\/weltlaeden.de\/zell-im-wiesental\/wp-json\/wp\/v2\/pages\/1020\/revisions"}],"predecessor-version":[{"id":1419,"href":"https:\/\/weltlaeden.de\/zell-im-wiesental\/wp-json\/wp\/v2\/pages\/1020\/revisions\/1419"}],"wp:attachment":[{"href":"https:\/\/weltlaeden.de\/zell-im-wiesental\/wp-json\/wp\/v2\/media?parent=1020"}],"curies":[{"name":"wp","href":"https:\/\/api.w.org\/{rel}","templated":true}]}}