{"id":219,"date":"2016-10-28T13:34:47","date_gmt":"2016-10-28T11:34:47","guid":{"rendered":"https:\/\/wl.heimpixel.de\/vorlage\/ueber-uns\/"},"modified":"2020-09-15T14:33:09","modified_gmt":"2020-09-15T12:33:09","slug":"ueber-uns","status":"publish","type":"page","link":"https:\/\/weltlaeden.de\/worms\/ueber-uns\/","title":{"rendered":"\u00dcber uns"},"content":{"rendered":"<div class=\"wpb-content-wrapper\"><p>[vc_row][vc_column]<div class=\"wl_einzelbild\"><p><img loading=\"lazy\" decoding=\"async\" class=\"aligncenter size-full wp-image-448\" src=\"https:\/\/weltlaeden.de\/worms\/wp-content\/uploads\/sites\/144\/2019\/04\/board-game-challenge-chess-209728_1200x519-e1555324787982.png\" alt=\"\" width=\"787\" height=\"340\" \/><\/p><\/div>[vc_empty_space][vc_column_text]<\/p>\n<h1>\u00dcber den Weltladen Worms<\/h1>\n<p>[\/vc_column_text][vc_column_text]Was bieten wir an?<\/p>\n<p>Immer mehr Menschen legen Wert darauf, dass ihre Nahrungsmittel \u00f6kologisch angebaut werden. Wir freuen uns, dass wir Ihnen viele Lebensmittel anbieten k\u00f6nnen, die neben dem Fair-Trade-Zeichen auch das Biosiegel gem\u00e4\u00df der EG-\u00d6ko-Verordnung tragen d\u00fcrfen.<\/p>\n<p>Viele Produkte, die Sie in unserem Laden finden, sind nicht nur fair gehandelt sondern auch unter \u00f6kologischen Bedingungen angebaut. Denn auch dies ist ein wesentlicher Teil der nachhaltigen Hilfe f\u00fcr die Produzenten in Entwicklungsl\u00e4ndern. Oft produzieren ausl\u00e4ndische Investoren in diesen L\u00e4ndern ohne R\u00fccksicht auf die dortige Umwelt &#8211; mit verheerenden Folgen f\u00fcr die \u00f6rtliche Bev\u00f6lkerung.<\/p>\n<p>Viele Fair-Trade-Organisationen legen daher gro\u00dfen Wert darauf, dass die Produkte unter \u00f6kologischen Aspekten produziert werden. Ein gro\u00dfer Teil unseres Lebensmittelsortiments tr\u00e4gt daher das gr\u00fcne Biosiegel. Das kommt nat\u00fcrlich nicht nur den Produzenten zu Gute sondern auch den Konsumenten &#8211; viele Menschen entscheiden sich bewusst f\u00fcr \u00f6kologische Lebensmittel um z.B. Pestizidbelastungen zu vermeiden.<\/p>\n<p>Folgende Produkte aus unserem Sortiment tragen bereits das Bio-Siegel:<\/p>\n<p>Reis<\/p>\n<p>Quinua<\/p>\n<p>Tee<\/p>\n<p>Wein<\/p>\n<p>Kaffee<\/p>\n<p>Honig<\/p>\n<p>Schokolade<\/p>\n<p>Mangoprodukte<\/p>\n<p>Apfel-Mango-Saft<\/p>\n<p>Orangensaft<\/p>\n<p>Gew\u00fcrze<\/p>\n<p>Schokolade (diese ist zudem licitinfrei)<\/p>\n<p>Es w\u00fcrde uns freuen, wenn dieses Angebot Ihr Interesse findet &#8211; schauen Sie doch einfach mal bei uns vorbei und \u00fcberzeugen Sie sich selbst von der Qualit\u00e4t unserer Produkte.[\/vc_column_text][\/vc_column][\/vc_row][vc_row][vc_column][vc_empty_space][vc_column_text]<\/p>\n<h1>Mitmachen im Weltladen Worms<\/h1>\n<p>&nbsp;<\/p>\n<p>Wir sind st\u00e4ndig auf der Suche nach Mitarbeitern auf ehrenamtlicher Basis, die den Weltladen aktiv unterst\u00fctzen m\u00f6chten.<\/p>\n<p>Den gr\u00f6\u00dften Bedarf haben wir im Bereich <strong>Verkauf<\/strong> . Erfahrung m\u00fcssen Sie nicht mitbringen, wir weisen Sie gerne gr\u00fcndlich ein. Sie selbst entscheiden, wie oft und wann Sie im Laden helfen wollen.<\/p>\n<p>Dies ist jedoch nicht die einzige M\u00f6glichkeit, den Weltladen zu unterst\u00fctzen. Wir freuen uns auch \u00fcber Helfer in den Bereichen <strong>Einkauf, Buchf\u00fchrung, Dekoration, \u00d6ffentlichkeitsarbeit<\/strong> und <strong>Organisation<\/strong> .<\/p>\n<p>Wenn Sie an einer T\u00e4tigkeit auf ehrenamtlicher Basis interessiert sind, setzen Sie sich bitte mit uns in Verbindung.<\/p>\n<p>&nbsp;<\/p>\n<p>Per E-Mail erreichen Sie uns unter der Adresse<\/p>\n<p><a href=\"mailto:weltladen-worms@gmx.de\"><strong>weltladen-worms@gmx.de<\/strong><\/a>[\/vc_column_text][vc_column_text]<strong>Wir freuen uns auf Dich!<\/strong>[\/vc_column_text][\/vc_column][\/vc_row]<\/p>\n<\/div>","protected":false},"excerpt":{"rendered":"<p>[vc_row][vc_column][vc_empty_space][vc_column_text] \u00dcber den Weltladen Worms [\/vc_column_text][vc_column_text]Was bieten wir an? Immer mehr Menschen legen Wert darauf, dass ihre Nahrungsmittel \u00f6kologisch angebaut werden. Wir freuen uns, dass wir Ihnen viele Lebensmittel anbieten k\u00f6nnen, die neben dem Fair-Trade-Zeichen auch das Biosiegel gem\u00e4\u00df der EG-\u00d6ko-Verordnung tragen d\u00fcrfen. Viele Produkte, die Sie in unserem Laden finden, sind nicht nur fair&hellip;<\/p>\n","protected":false},"author":1,"featured_media":0,"parent":0,"menu_order":2,"comment_status":"closed","ping_status":"closed","template":"","meta":{"footnotes":""},"class_list":["post-219","page","type-page","status-publish","hentry","description-off"],"yoast_head":"<!-- This site is optimized with the Yoast SEO plugin v26.8 - https:\/\/yoast.com\/product\/yoast-seo-wordpress\/ -->\n<title>\u00dcber uns - Weltladen Worms<\/title>\n<meta name=\"robots\" content=\"index, follow, max-snippet:-1, max-image-preview:large, max-video-preview:-1\" \/>\n<link rel=\"canonical\" href=\"https:\/\/weltlaeden.de\/worms\/ueber-uns\/\" \/>\n<meta property=\"og:locale\" content=\"de_DE\" \/>\n<meta property=\"og:type\" content=\"article\" \/>\n<meta property=\"og:title\" content=\"\u00dcber uns - Weltladen Worms\" \/>\n<meta property=\"og:description\" content=\"[vc_row][vc_column][vc_empty_space][vc_column_text] \u00dcber den Weltladen Worms [\/vc_column_text][vc_column_text]Was bieten wir an? Immer mehr Menschen legen Wert darauf, dass ihre Nahrungsmittel \u00f6kologisch angebaut werden. Wir freuen uns, dass wir Ihnen viele Lebensmittel anbieten k\u00f6nnen, die neben dem Fair-Trade-Zeichen auch das Biosiegel gem\u00e4\u00df der EG-\u00d6ko-Verordnung tragen d\u00fcrfen. Viele Produkte, die Sie in unserem Laden finden, sind nicht nur fair&hellip;\" \/>\n<meta property=\"og:url\" content=\"https:\/\/weltlaeden.de\/worms\/ueber-uns\/\" \/>\n<meta property=\"og:site_name\" content=\"Weltladen Worms\" \/>\n<meta property=\"article:modified_time\" content=\"2020-09-15T12:33:09+00:00\" \/>\n<meta property=\"og:image\" content=\"https:\/\/weltlaeden.de\/worms\/wp-content\/uploads\/sites\/144\/2019\/04\/board-game-challenge-chess-209728_1200x519-e1555324787982.png\" \/>\n<meta name=\"twitter:card\" content=\"summary_large_image\" \/>\n<meta name=\"twitter:label1\" content=\"Gesch\u00e4tzte Lesezeit\" \/>\n\t<meta name=\"twitter:data1\" content=\"2\u00a0Minuten\" \/>\n<script type=\"application\/ld+json\" class=\"yoast-schema-graph\">{\"@context\":\"https:\/\/schema.org\",\"@graph\":[{\"@type\":\"WebPage\",\"@id\":\"https:\/\/weltlaeden.de\/worms\/ueber-uns\/\",\"url\":\"https:\/\/weltlaeden.de\/worms\/ueber-uns\/\",\"name\":\"\u00dcber uns - Weltladen Worms\",\"isPartOf\":{\"@id\":\"https:\/\/weltlaeden.de\/worms\/#website\"},\"primaryImageOfPage\":{\"@id\":\"https:\/\/weltlaeden.de\/worms\/ueber-uns\/#primaryimage\"},\"image\":{\"@id\":\"https:\/\/weltlaeden.de\/worms\/ueber-uns\/#primaryimage\"},\"thumbnailUrl\":\"https:\/\/weltlaeden.de\/worms\/wp-content\/uploads\/sites\/144\/2019\/04\/board-game-challenge-chess-209728_1200x519-e1555324787982.png\",\"datePublished\":\"2016-10-28T11:34:47+00:00\",\"dateModified\":\"2020-09-15T12:33:09+00:00\",\"breadcrumb\":{\"@id\":\"https:\/\/weltlaeden.de\/worms\/ueber-uns\/#breadcrumb\"},\"inLanguage\":\"de\",\"potentialAction\":[{\"@type\":\"ReadAction\",\"target\":[\"https:\/\/weltlaeden.de\/worms\/ueber-uns\/\"]}]},{\"@type\":\"ImageObject\",\"inLanguage\":\"de\",\"@id\":\"https:\/\/weltlaeden.de\/worms\/ueber-uns\/#primaryimage\",\"url\":\"https:\/\/weltlaeden.de\/worms\/wp-content\/uploads\/sites\/144\/2019\/04\/board-game-challenge-chess-209728_1200x519-e1555324787982.png\",\"contentUrl\":\"https:\/\/weltlaeden.de\/worms\/wp-content\/uploads\/sites\/144\/2019\/04\/board-game-challenge-chess-209728_1200x519-e1555324787982.png\",\"width\":787,\"height\":340},{\"@type\":\"BreadcrumbList\",\"@id\":\"https:\/\/weltlaeden.de\/worms\/ueber-uns\/#breadcrumb\",\"itemListElement\":[{\"@type\":\"ListItem\",\"position\":1,\"name\":\"Startseite\",\"item\":\"https:\/\/weltlaeden.de\/worms\/\"},{\"@type\":\"ListItem\",\"position\":2,\"name\":\"\u00dcber uns\"}]},{\"@type\":\"WebSite\",\"@id\":\"https:\/\/weltlaeden.de\/worms\/#website\",\"url\":\"https:\/\/weltlaeden.de\/worms\/\",\"name\":\"Weltladen Worms\",\"description\":\"Faire Produkte seit 1990\",\"potentialAction\":[{\"@type\":\"SearchAction\",\"target\":{\"@type\":\"EntryPoint\",\"urlTemplate\":\"https:\/\/weltlaeden.de\/worms\/?s={search_term_string}\"},\"query-input\":{\"@type\":\"PropertyValueSpecification\",\"valueRequired\":true,\"valueName\":\"search_term_string\"}}],\"inLanguage\":\"de\"}]}<\/script>\n<!-- \/ Yoast SEO plugin. -->","yoast_head_json":{"title":"\u00dcber uns - Weltladen Worms","robots":{"index":"index","follow":"follow","max-snippet":"max-snippet:-1","max-image-preview":"max-image-preview:large","max-video-preview":"max-video-preview:-1"},"canonical":"https:\/\/weltlaeden.de\/worms\/ueber-uns\/","og_locale":"de_DE","og_type":"article","og_title":"\u00dcber uns - Weltladen Worms","og_description":"[vc_row][vc_column][vc_empty_space][vc_column_text] \u00dcber den Weltladen Worms [\/vc_column_text][vc_column_text]Was bieten wir an? Immer mehr Menschen legen Wert darauf, dass ihre Nahrungsmittel \u00f6kologisch angebaut werden. Wir freuen uns, dass wir Ihnen viele Lebensmittel anbieten k\u00f6nnen, die neben dem Fair-Trade-Zeichen auch das Biosiegel gem\u00e4\u00df der EG-\u00d6ko-Verordnung tragen d\u00fcrfen. Viele Produkte, die Sie in unserem Laden finden, sind nicht nur fair&hellip;","og_url":"https:\/\/weltlaeden.de\/worms\/ueber-uns\/","og_site_name":"Weltladen Worms","article_modified_time":"2020-09-15T12:33:09+00:00","og_image":[{"url":"https:\/\/weltlaeden.de\/worms\/wp-content\/uploads\/sites\/144\/2019\/04\/board-game-challenge-chess-209728_1200x519-e1555324787982.png","type":"","width":"","height":""}],"twitter_card":"summary_large_image","twitter_misc":{"Gesch\u00e4tzte Lesezeit":"2\u00a0Minuten"},"schema":{"@context":"https:\/\/schema.org","@graph":[{"@type":"WebPage","@id":"https:\/\/weltlaeden.de\/worms\/ueber-uns\/","url":"https:\/\/weltlaeden.de\/worms\/ueber-uns\/","name":"\u00dcber uns - Weltladen Worms","isPartOf":{"@id":"https:\/\/weltlaeden.de\/worms\/#website"},"primaryImageOfPage":{"@id":"https:\/\/weltlaeden.de\/worms\/ueber-uns\/#primaryimage"},"image":{"@id":"https:\/\/weltlaeden.de\/worms\/ueber-uns\/#primaryimage"},"thumbnailUrl":"https:\/\/weltlaeden.de\/worms\/wp-content\/uploads\/sites\/144\/2019\/04\/board-game-challenge-chess-209728_1200x519-e1555324787982.png","datePublished":"2016-10-28T11:34:47+00:00","dateModified":"2020-09-15T12:33:09+00:00","breadcrumb":{"@id":"https:\/\/weltlaeden.de\/worms\/ueber-uns\/#breadcrumb"},"inLanguage":"de","potentialAction":[{"@type":"ReadAction","target":["https:\/\/weltlaeden.de\/worms\/ueber-uns\/"]}]},{"@type":"ImageObject","inLanguage":"de","@id":"https:\/\/weltlaeden.de\/worms\/ueber-uns\/#primaryimage","url":"https:\/\/weltlaeden.de\/worms\/wp-content\/uploads\/sites\/144\/2019\/04\/board-game-challenge-chess-209728_1200x519-e1555324787982.png","contentUrl":"https:\/\/weltlaeden.de\/worms\/wp-content\/uploads\/sites\/144\/2019\/04\/board-game-challenge-chess-209728_1200x519-e1555324787982.png","width":787,"height":340},{"@type":"BreadcrumbList","@id":"https:\/\/weltlaeden.de\/worms\/ueber-uns\/#breadcrumb","itemListElement":[{"@type":"ListItem","position":1,"name":"Startseite","item":"https:\/\/weltlaeden.de\/worms\/"},{"@type":"ListItem","position":2,"name":"\u00dcber uns"}]},{"@type":"WebSite","@id":"https:\/\/weltlaeden.de\/worms\/#website","url":"https:\/\/weltlaeden.de\/worms\/","name":"Weltladen Worms","description":"Faire Produkte seit 1990","potentialAction":[{"@type":"SearchAction","target":{"@type":"EntryPoint","urlTemplate":"https:\/\/weltlaeden.de\/worms\/?s={search_term_string}"},"query-input":{"@type":"PropertyValueSpecification","valueRequired":true,"valueName":"search_term_string"}}],"inLanguage":"de"}]}},"_links":{"self":[{"href":"https:\/\/weltlaeden.de\/worms\/wp-json\/wp\/v2\/pages\/219","targetHints":{"allow":["GET"]}}],"collection":[{"href":"https:\/\/weltlaeden.de\/worms\/wp-json\/wp\/v2\/pages"}],"about":[{"href":"https:\/\/weltlaeden.de\/worms\/wp-json\/wp\/v2\/types\/page"}],"author":[{"embeddable":true,"href":"https:\/\/weltlaeden.de\/worms\/wp-json\/wp\/v2\/users\/1"}],"replies":[{"embeddable":true,"href":"https:\/\/weltlaeden.de\/worms\/wp-json\/wp\/v2\/comments?post=219"}],"version-history":[{"count":9,"href":"https:\/\/weltlaeden.de\/worms\/wp-json\/wp\/v2\/pages\/219\/revisions"}],"predecessor-version":[{"id":468,"href":"https:\/\/weltlaeden.de\/worms\/wp-json\/wp\/v2\/pages\/219\/revisions\/468"}],"wp:attachment":[{"href":"https:\/\/weltlaeden.de\/worms\/wp-json\/wp\/v2\/media?parent=219"}],"curies":[{"name":"wp","href":"https:\/\/api.w.org\/{rel}","templated":true}]}}