{"id":614,"date":"2019-11-14T09:13:15","date_gmt":"2019-11-14T08:13:15","guid":{"rendered":"https:\/\/weltlaeden.de\/wolfenbuettel\/?page_id=614"},"modified":"2025-07-02T21:07:12","modified_gmt":"2025-07-02T19:07:12","slug":"foerderung","status":"publish","type":"page","link":"https:\/\/weltlaeden.de\/wolfenbuettel\/foerderung\/","title":{"rendered":"F\u00f6rderung"},"content":{"rendered":"<p>Wir danken den zahlreichen Menschen und Institutionen, die uns beim Aufbau des Ladens 2014, beim Umzug 2024 in die neuen Gesch\u00e4ftsr\u00e4ume und im laufenden Betrieb unterst\u00fctzt haben und \/ oder jetzt f\u00f6rdern.<\/p>\n<p>&nbsp;<\/p>\n","protected":false},"excerpt":{"rendered":"<p>Wir danken den zahlreichen Menschen und Institutionen, die uns beim Aufbau des Ladens 2014, beim Umzug 2024 in die neuen Gesch\u00e4ftsr\u00e4ume und im laufenden Betrieb unterst\u00fctzt haben und \/ oder jetzt f\u00f6rdern. &nbsp;<\/p>\n","protected":false},"author":171,"featured_media":0,"parent":0,"menu_order":0,"comment_status":"closed","ping_status":"closed","template":"","meta":{"footnotes":""},"class_list":["post-614","page","type-page","status-publish","hentry","description-off"],"yoast_head":"<!-- This site is optimized with the Yoast SEO plugin v26.8 - https:\/\/yoast.com\/product\/yoast-seo-wordpress\/ -->\n<title>F\u00f6rderung - Weltladen Wolfenb\u00fcttel<\/title>\n<meta name=\"robots\" content=\"index, follow, max-snippet:-1, max-image-preview:large, max-video-preview:-1\" \/>\n<link rel=\"canonical\" href=\"https:\/\/weltlaeden.de\/wolfenbuettel\/foerderung\/\" \/>\n<meta property=\"og:locale\" content=\"de_DE\" \/>\n<meta property=\"og:type\" content=\"article\" \/>\n<meta property=\"og:title\" content=\"F\u00f6rderung - Weltladen Wolfenb\u00fcttel\" \/>\n<meta property=\"og:description\" content=\"Wir danken den zahlreichen Menschen und Institutionen, die uns beim Aufbau des Ladens 2014, beim Umzug 2024 in die neuen Gesch\u00e4ftsr\u00e4ume und im laufenden Betrieb unterst\u00fctzt haben und \/ oder jetzt f\u00f6rdern. &nbsp;\" \/>\n<meta property=\"og:url\" content=\"https:\/\/weltlaeden.de\/wolfenbuettel\/foerderung\/\" \/>\n<meta property=\"og:site_name\" content=\"Weltladen Wolfenb\u00fcttel\" \/>\n<meta property=\"article:modified_time\" content=\"2025-07-02T19:07:12+00:00\" \/>\n<meta name=\"twitter:card\" content=\"summary_large_image\" \/>\n<meta name=\"twitter:label1\" content=\"Gesch\u00e4tzte Lesezeit\" \/>\n\t<meta name=\"twitter:data1\" content=\"1\u00a0Minute\" \/>\n<script type=\"application\/ld+json\" class=\"yoast-schema-graph\">{\"@context\":\"https:\/\/schema.org\",\"@graph\":[{\"@type\":\"WebPage\",\"@id\":\"https:\/\/weltlaeden.de\/wolfenbuettel\/foerderung\/\",\"url\":\"https:\/\/weltlaeden.de\/wolfenbuettel\/foerderung\/\",\"name\":\"F\u00f6rderung - Weltladen Wolfenb\u00fcttel\",\"isPartOf\":{\"@id\":\"https:\/\/weltlaeden.de\/wolfenbuettel\/#website\"},\"datePublished\":\"2019-11-14T08:13:15+00:00\",\"dateModified\":\"2025-07-02T19:07:12+00:00\",\"breadcrumb\":{\"@id\":\"https:\/\/weltlaeden.de\/wolfenbuettel\/foerderung\/#breadcrumb\"},\"inLanguage\":\"de\",\"potentialAction\":[{\"@type\":\"ReadAction\",\"target\":[\"https:\/\/weltlaeden.de\/wolfenbuettel\/foerderung\/\"]}]},{\"@type\":\"BreadcrumbList\",\"@id\":\"https:\/\/weltlaeden.de\/wolfenbuettel\/foerderung\/#breadcrumb\",\"itemListElement\":[{\"@type\":\"ListItem\",\"position\":1,\"name\":\"Startseite\",\"item\":\"https:\/\/weltlaeden.de\/wolfenbuettel\/\"},{\"@type\":\"ListItem\",\"position\":2,\"name\":\"F\u00f6rderung\"}]},{\"@type\":\"WebSite\",\"@id\":\"https:\/\/weltlaeden.de\/wolfenbuettel\/#website\",\"url\":\"https:\/\/weltlaeden.de\/wolfenbuettel\/\",\"name\":\"Weltladen Wolfenb\u00fcttel\",\"description\":\"Faire Produkte seit 2014\",\"potentialAction\":[{\"@type\":\"SearchAction\",\"target\":{\"@type\":\"EntryPoint\",\"urlTemplate\":\"https:\/\/weltlaeden.de\/wolfenbuettel\/?s={search_term_string}\"},\"query-input\":{\"@type\":\"PropertyValueSpecification\",\"valueRequired\":true,\"valueName\":\"search_term_string\"}}],\"inLanguage\":\"de\"}]}<\/script>\n<!-- \/ Yoast SEO plugin. -->","yoast_head_json":{"title":"F\u00f6rderung - Weltladen Wolfenb\u00fcttel","robots":{"index":"index","follow":"follow","max-snippet":"max-snippet:-1","max-image-preview":"max-image-preview:large","max-video-preview":"max-video-preview:-1"},"canonical":"https:\/\/weltlaeden.de\/wolfenbuettel\/foerderung\/","og_locale":"de_DE","og_type":"article","og_title":"F\u00f6rderung - Weltladen Wolfenb\u00fcttel","og_description":"Wir danken den zahlreichen Menschen und Institutionen, die uns beim Aufbau des Ladens 2014, beim Umzug 2024 in die neuen Gesch\u00e4ftsr\u00e4ume und im laufenden Betrieb unterst\u00fctzt haben und \/ oder jetzt f\u00f6rdern. &nbsp;","og_url":"https:\/\/weltlaeden.de\/wolfenbuettel\/foerderung\/","og_site_name":"Weltladen Wolfenb\u00fcttel","article_modified_time":"2025-07-02T19:07:12+00:00","twitter_card":"summary_large_image","twitter_misc":{"Gesch\u00e4tzte Lesezeit":"1\u00a0Minute"},"schema":{"@context":"https:\/\/schema.org","@graph":[{"@type":"WebPage","@id":"https:\/\/weltlaeden.de\/wolfenbuettel\/foerderung\/","url":"https:\/\/weltlaeden.de\/wolfenbuettel\/foerderung\/","name":"F\u00f6rderung - Weltladen Wolfenb\u00fcttel","isPartOf":{"@id":"https:\/\/weltlaeden.de\/wolfenbuettel\/#website"},"datePublished":"2019-11-14T08:13:15+00:00","dateModified":"2025-07-02T19:07:12+00:00","breadcrumb":{"@id":"https:\/\/weltlaeden.de\/wolfenbuettel\/foerderung\/#breadcrumb"},"inLanguage":"de","potentialAction":[{"@type":"ReadAction","target":["https:\/\/weltlaeden.de\/wolfenbuettel\/foerderung\/"]}]},{"@type":"BreadcrumbList","@id":"https:\/\/weltlaeden.de\/wolfenbuettel\/foerderung\/#breadcrumb","itemListElement":[{"@type":"ListItem","position":1,"name":"Startseite","item":"https:\/\/weltlaeden.de\/wolfenbuettel\/"},{"@type":"ListItem","position":2,"name":"F\u00f6rderung"}]},{"@type":"WebSite","@id":"https:\/\/weltlaeden.de\/wolfenbuettel\/#website","url":"https:\/\/weltlaeden.de\/wolfenbuettel\/","name":"Weltladen Wolfenb\u00fcttel","description":"Faire Produkte seit 2014","potentialAction":[{"@type":"SearchAction","target":{"@type":"EntryPoint","urlTemplate":"https:\/\/weltlaeden.de\/wolfenbuettel\/?s={search_term_string}"},"query-input":{"@type":"PropertyValueSpecification","valueRequired":true,"valueName":"search_term_string"}}],"inLanguage":"de"}]}},"_links":{"self":[{"href":"https:\/\/weltlaeden.de\/wolfenbuettel\/wp-json\/wp\/v2\/pages\/614","targetHints":{"allow":["GET"]}}],"collection":[{"href":"https:\/\/weltlaeden.de\/wolfenbuettel\/wp-json\/wp\/v2\/pages"}],"about":[{"href":"https:\/\/weltlaeden.de\/wolfenbuettel\/wp-json\/wp\/v2\/types\/page"}],"author":[{"embeddable":true,"href":"https:\/\/weltlaeden.de\/wolfenbuettel\/wp-json\/wp\/v2\/users\/171"}],"replies":[{"embeddable":true,"href":"https:\/\/weltlaeden.de\/wolfenbuettel\/wp-json\/wp\/v2\/comments?post=614"}],"version-history":[{"count":3,"href":"https:\/\/weltlaeden.de\/wolfenbuettel\/wp-json\/wp\/v2\/pages\/614\/revisions"}],"predecessor-version":[{"id":1491,"href":"https:\/\/weltlaeden.de\/wolfenbuettel\/wp-json\/wp\/v2\/pages\/614\/revisions\/1491"}],"wp:attachment":[{"href":"https:\/\/weltlaeden.de\/wolfenbuettel\/wp-json\/wp\/v2\/media?parent=614"}],"curies":[{"name":"wp","href":"https:\/\/api.w.org\/{rel}","templated":true}]}}