{"id":527,"date":"2019-10-09T18:19:50","date_gmt":"2019-10-09T16:19:50","guid":{"rendered":"https:\/\/weltlaeden.de\/wolfenbuettel\/?page_id=527"},"modified":"2025-07-17T12:15:39","modified_gmt":"2025-07-17T10:15:39","slug":"mitmachen","status":"publish","type":"page","link":"https:\/\/weltlaeden.de\/wolfenbuettel\/mitmachen\/","title":{"rendered":"Mitmachen!"},"content":{"rendered":"<h2>M\u00f6chten Sie mitmachen? &#8211; Wir bieten vielf\u00e4ltige M\u00f6glichkeiten f\u00fcr Ihr Engagement:<\/h2>\n<p>&nbsp;<\/p>\n<h3>Ladendienst \u2013 Die Kundschaft steht im Mittelpunkt<\/h3>\n<p><a href=\"https:\/\/weltlaeden.de\/wolfenbuettel\/wp-content\/uploads\/sites\/111\/2021\/01\/Ladendienst.jpg\"><img loading=\"lazy\" decoding=\"async\" class=\"alignleft wp-image-874 size-medium\" src=\"https:\/\/weltlaeden.de\/wolfenbuettel\/wp-content\/uploads\/sites\/111\/2021\/01\/Ladendienst-300x225.jpg\" alt=\"\" width=\"300\" height=\"225\" srcset=\"https:\/\/weltlaeden.de\/wolfenbuettel\/wp-content\/uploads\/sites\/111\/2021\/01\/Ladendienst-300x225.jpg 300w, https:\/\/weltlaeden.de\/wolfenbuettel\/wp-content\/uploads\/sites\/111\/2021\/01\/Ladendienst-768x576.jpg 768w, https:\/\/weltlaeden.de\/wolfenbuettel\/wp-content\/uploads\/sites\/111\/2021\/01\/Ladendienst.jpg 1024w\" sizes=\"auto, (max-width: 300px) 100vw, 300px\" \/><\/a>Beim Ladendienst geht es darum, die W\u00fcnsche der Kund*innen zu erf\u00fcllen. Neben dem Verkauf von Produkten geh\u00f6rt die Beratung ebenso dazu wie die Entgegennahme von Bestellungen oder Reklamationen. Und wenn mal nicht so viel los ist, k\u00f6nnen Regale aufgef\u00fcllt oder Lieferungen ausgepackt werden. Alle sorgen gemeinsam daf\u00fcr, dass der Laden durch Angebot, Pr\u00e4sentation und Kundenfreundlichkeit attraktiv ist.<br \/>\nWeitere Informationen (PDF): <a href=\"https:\/\/weltlaeden.de\/wolfenbuettel\/wp-content\/uploads\/sites\/111\/2021\/01\/Engagement-Angebot-Ladendienst.pdf\">hier<\/a><\/p>\n<p>&nbsp;<\/p>\n<h3><\/h3>\n<h3><\/h3>\n<h3><\/h3>\n<h3>Schaufensterdekoration \u2013 kreative K\u00f6pfe sind gefragt<\/h3>\n<p><a href=\"https:\/\/weltlaeden.de\/wolfenbuettel\/wp-content\/uploads\/sites\/111\/2021\/01\/Dekoteam.jpg\"><img loading=\"lazy\" decoding=\"async\" class=\"alignleft wp-image-873 size-medium\" src=\"https:\/\/weltlaeden.de\/wolfenbuettel\/wp-content\/uploads\/sites\/111\/2021\/01\/Dekoteam-300x286.jpg\" alt=\"\" width=\"300\" height=\"286\" srcset=\"https:\/\/weltlaeden.de\/wolfenbuettel\/wp-content\/uploads\/sites\/111\/2021\/01\/Dekoteam-300x286.jpg 300w, https:\/\/weltlaeden.de\/wolfenbuettel\/wp-content\/uploads\/sites\/111\/2021\/01\/Dekoteam-768x732.jpg 768w, https:\/\/weltlaeden.de\/wolfenbuettel\/wp-content\/uploads\/sites\/111\/2021\/01\/Dekoteam-1024x976.jpg 1024w, https:\/\/weltlaeden.de\/wolfenbuettel\/wp-content\/uploads\/sites\/111\/2021\/01\/Dekoteam.jpg 1769w\" sizes=\"auto, (max-width: 300px) 100vw, 300px\" \/><\/a>Ob es ein Schaufenster zu Kaffee, zu saisonalen Themen oder zur Herausforderung des Klimawandels ist &#8211; bei der Gestaltung ist Kreativit\u00e4t gefragt. Denn es kommt darauf an, ein Schaufenster so zu gestalten, dass Passant*innen stehenbleiben und letztlich den Laden betreten.<\/p>\n<p>Weitere Informationen (PDF): <a href=\"https:\/\/weltlaeden.de\/wolfenbuettel\/wp-content\/uploads\/sites\/111\/2021\/01\/Engagement-Angebot-Schaufensterdeko-final.pdf\">hier<\/a><\/p>\n<p>&nbsp;<\/p>\n<h3><\/h3>\n<h3><\/h3>\n<h3><\/h3>\n<h3><\/h3>\n<h3><\/h3>\n<p>&nbsp;<\/p>\n<p>&nbsp;<\/p>\n<p>&nbsp;<\/p>\n<h3>Bildungsarbeit \u2013 Unterrichtseinheiten und Veranstaltungen planen<\/h3>\n<p><a href=\"https:\/\/weltlaeden.de\/wolfenbuettel\/wp-content\/uploads\/sites\/111\/2025\/06\/WUM-2025-c.jpg\"><img loading=\"lazy\" decoding=\"async\" class=\"alignleft wp-image-1445\" src=\"https:\/\/weltlaeden.de\/wolfenbuettel\/wp-content\/uploads\/sites\/111\/2025\/06\/WUM-2025-c.jpg\" alt=\"\" width=\"143\" height=\"240\" srcset=\"https:\/\/weltlaeden.de\/wolfenbuettel\/wp-content\/uploads\/sites\/111\/2025\/06\/WUM-2025-c.jpg 833w, https:\/\/weltlaeden.de\/wolfenbuettel\/wp-content\/uploads\/sites\/111\/2025\/06\/WUM-2025-c-179x300.jpg 179w, https:\/\/weltlaeden.de\/wolfenbuettel\/wp-content\/uploads\/sites\/111\/2025\/06\/WUM-2025-c-610x1024.jpg 610w, https:\/\/weltlaeden.de\/wolfenbuettel\/wp-content\/uploads\/sites\/111\/2025\/06\/WUM-2025-c-768x1290.jpg 768w\" sizes=\"auto, (max-width: 143px) 100vw, 143px\" \/><\/a>Weltladenarbeit findet auch au\u00dferhalb des Weltladens statt &#8211; zum Beispiel, wenn wir in der Schule eine Unterrichtseinheit zum Thema Kakao halten, einen Verkaufsstand bei einem Stadtfest organisieren oder im Rahmen der Fairen Woche eine Veranstaltung mit einem Handelspartner im Rathaus durchf\u00fchren. Dazu ist organisatorisches Geschick gefragt und manchmal auch ein k\u00fchler Kopf. Oft kooperieren wir bei Veranstaltungen mit anderen Organisationen oder der Kommune, so dass viele neue Kontakte entstehen.<\/p>\n<p>Weitere Informationen (PDF): <a href=\"https:\/\/weltlaeden.de\/wolfenbuettel\/wp-content\/uploads\/sites\/111\/2021\/01\/Engagement-Angebot-Bildungsarbeit.pdf\">hier<\/a><\/p>\n<p>&nbsp;<\/p>\n<h3><\/h3>\n<h3><\/h3>\n<p>&nbsp;<\/p>\n<p>&nbsp;<\/p>\n<h3>\u00d6ffentlichkeitsarbeit: Pressemitteilung, Social Media &amp; Co<\/h3>\n<div id=\"attachment_872\" style=\"width: 310px\" class=\"wp-caption alignleft\"><a href=\"https:\/\/weltlaeden.de\/wolfenbuettel\/wp-content\/uploads\/sites\/111\/2021\/01\/Pressearbeit.jpg\"><img loading=\"lazy\" decoding=\"async\" aria-describedby=\"caption-attachment-872\" class=\"wp-image-872 size-medium\" src=\"https:\/\/weltlaeden.de\/wolfenbuettel\/wp-content\/uploads\/sites\/111\/2021\/01\/Pressearbeit-300x195.jpg\" alt=\"\" width=\"300\" height=\"195\" srcset=\"https:\/\/weltlaeden.de\/wolfenbuettel\/wp-content\/uploads\/sites\/111\/2021\/01\/Pressearbeit-300x195.jpg 300w, https:\/\/weltlaeden.de\/wolfenbuettel\/wp-content\/uploads\/sites\/111\/2021\/01\/Pressearbeit-768x499.jpg 768w, https:\/\/weltlaeden.de\/wolfenbuettel\/wp-content\/uploads\/sites\/111\/2021\/01\/Pressearbeit-1024x665.jpg 1024w, https:\/\/weltlaeden.de\/wolfenbuettel\/wp-content\/uploads\/sites\/111\/2021\/01\/Pressearbeit.jpg 1239w\" sizes=\"auto, (max-width: 300px) 100vw, 300px\" \/><\/a><p id=\"caption-attachment-872\" class=\"wp-caption-text\">Plakat f\u00fcr Vortrag fairafric 23.10.2019<\/p><\/div>\n<p>Nach dem Motto &#8222;Tue Gutes und rede dar\u00fcber&#8220; ist die \u00d6ffentlichkeitsarbeit ein wichtiger Aufgabenbereich des Weltladens. Menschen, die gut schreiben k\u00f6nnen oder viel in den neuen Medien unterwegs sind, tragen dazu bei, unseren Weltladen in der \u00d6ffentlichkeit bekannter zu machen.<\/p>\n<p>Weitere Informationen (PDF): <a href=\"https:\/\/weltlaeden.de\/wolfenbuettel\/wp-content\/uploads\/sites\/111\/2021\/01\/Engagement-Angebot-Presse-und-\u00d6ffentlichkeitsarbeit.pdf\">hier<\/a><\/p>\n<h3><\/h3>\n<p>&nbsp;<\/p>\n<p>&nbsp;<\/p>\n<p>&nbsp;<\/p>\n<p>&nbsp;<\/p>\n<h3>Politische Kampagnen \u2013 Fair-Handels-Aktivist*in werden<\/h3>\n<div id=\"attachment_1050\" style=\"width: 301px\" class=\"wp-caption alignleft\"><a href=\"https:\/\/weltlaeden.de\/wolfenbuettel\/wp-content\/uploads\/sites\/111\/2022\/06\/Weltladen-WF-auf-dem-WUM-1.jpg\"><img loading=\"lazy\" decoding=\"async\" aria-describedby=\"caption-attachment-1050\" class=\"wp-image-1050\" src=\"https:\/\/weltlaeden.de\/wolfenbuettel\/wp-content\/uploads\/sites\/111\/2022\/06\/Weltladen-WF-auf-dem-WUM-1.jpg\" alt=\"\" width=\"291\" height=\"218\" srcset=\"https:\/\/weltlaeden.de\/wolfenbuettel\/wp-content\/uploads\/sites\/111\/2022\/06\/Weltladen-WF-auf-dem-WUM-1.jpg 1600w, https:\/\/weltlaeden.de\/wolfenbuettel\/wp-content\/uploads\/sites\/111\/2022\/06\/Weltladen-WF-auf-dem-WUM-1-300x225.jpg 300w, https:\/\/weltlaeden.de\/wolfenbuettel\/wp-content\/uploads\/sites\/111\/2022\/06\/Weltladen-WF-auf-dem-WUM-1-1024x768.jpg 1024w, https:\/\/weltlaeden.de\/wolfenbuettel\/wp-content\/uploads\/sites\/111\/2022\/06\/Weltladen-WF-auf-dem-WUM-1-768x576.jpg 768w, https:\/\/weltlaeden.de\/wolfenbuettel\/wp-content\/uploads\/sites\/111\/2022\/06\/Weltladen-WF-auf-dem-WUM-1-1536x1152.jpg 1536w\" sizes=\"auto, (max-width: 291px) 100vw, 291px\" \/><\/a><p id=\"caption-attachment-1050\" class=\"wp-caption-text\">Weltladen WF auf dem WUM 2022<\/p><\/div>\n<p>Weltl\u00e4den setzen sich f\u00fcr eine gerechtere Gestaltung des Welthandels ein. Mit ihren Kampagnen-Aktionen zum Weltladentag stellen sie in Frage, wie Dinge des t\u00e4glichen Gebrauchs produziert und konsumiert werden. Dabei wollen sie m\u00f6glichst vielen B\u00fcrger*innen und Politiker*innen alternative Handlungsoptionen aufzeigen und so einen Beitrag zu einem sozial-\u00f6kologischen Wandel der Gesellschaft leisten.<\/p>\n<p>Weitere Informationen (PDF): <a href=\"https:\/\/weltlaeden.de\/wolfenbuettel\/wp-content\/uploads\/sites\/111\/2021\/01\/Engagement-Angebot-Kampagnenarbeit.pdf\">hier<\/a><\/p>\n","protected":false},"excerpt":{"rendered":"<p>M\u00f6chten Sie mitmachen? &#8211; Wir bieten vielf\u00e4ltige M\u00f6glichkeiten f\u00fcr Ihr Engagement: &nbsp; Ladendienst \u2013 Die Kundschaft steht im Mittelpunkt Beim Ladendienst geht es darum, die W\u00fcnsche der Kund*innen zu erf\u00fcllen. Neben dem Verkauf von Produkten geh\u00f6rt die Beratung ebenso dazu wie die Entgegennahme von Bestellungen oder Reklamationen. Und wenn mal nicht so viel los ist,&hellip;<\/p>\n","protected":false},"author":171,"featured_media":0,"parent":0,"menu_order":0,"comment_status":"closed","ping_status":"closed","template":"","meta":{"footnotes":""},"class_list":["post-527","page","type-page","status-publish","hentry","description-off"],"yoast_head":"<!-- This site is optimized with the Yoast SEO plugin v26.8 - https:\/\/yoast.com\/product\/yoast-seo-wordpress\/ -->\n<title>Mitmachen! - Weltladen Wolfenb\u00fcttel<\/title>\n<meta name=\"robots\" content=\"index, follow, max-snippet:-1, max-image-preview:large, max-video-preview:-1\" \/>\n<link rel=\"canonical\" href=\"https:\/\/weltlaeden.de\/wolfenbuettel\/mitmachen\/\" \/>\n<meta property=\"og:locale\" content=\"de_DE\" \/>\n<meta property=\"og:type\" content=\"article\" \/>\n<meta property=\"og:title\" content=\"Mitmachen! - Weltladen Wolfenb\u00fcttel\" \/>\n<meta property=\"og:description\" content=\"M\u00f6chten Sie mitmachen? &#8211; Wir bieten vielf\u00e4ltige M\u00f6glichkeiten f\u00fcr Ihr Engagement: &nbsp; Ladendienst \u2013 Die Kundschaft steht im Mittelpunkt Beim Ladendienst geht es darum, die W\u00fcnsche der Kund*innen zu erf\u00fcllen. Neben dem Verkauf von Produkten geh\u00f6rt die Beratung ebenso dazu wie die Entgegennahme von Bestellungen oder Reklamationen. Und wenn mal nicht so viel los ist,&hellip;\" \/>\n<meta property=\"og:url\" content=\"https:\/\/weltlaeden.de\/wolfenbuettel\/mitmachen\/\" \/>\n<meta property=\"og:site_name\" content=\"Weltladen Wolfenb\u00fcttel\" \/>\n<meta property=\"article:modified_time\" content=\"2025-07-17T10:15:39+00:00\" \/>\n<meta property=\"og:image\" content=\"https:\/\/weltlaeden.de\/wolfenbuettel\/wp-content\/uploads\/sites\/111\/2021\/01\/Ladendienst.jpg\" \/>\n\t<meta property=\"og:image:width\" content=\"1024\" \/>\n\t<meta property=\"og:image:height\" content=\"768\" \/>\n\t<meta property=\"og:image:type\" content=\"image\/jpeg\" \/>\n<meta name=\"twitter:card\" content=\"summary_large_image\" \/>\n<meta name=\"twitter:label1\" content=\"Gesch\u00e4tzte Lesezeit\" \/>\n\t<meta name=\"twitter:data1\" content=\"3\u00a0Minuten\" \/>\n<script type=\"application\/ld+json\" class=\"yoast-schema-graph\">{\"@context\":\"https:\/\/schema.org\",\"@graph\":[{\"@type\":\"WebPage\",\"@id\":\"https:\/\/weltlaeden.de\/wolfenbuettel\/mitmachen\/\",\"url\":\"https:\/\/weltlaeden.de\/wolfenbuettel\/mitmachen\/\",\"name\":\"Mitmachen! - Weltladen Wolfenb\u00fcttel\",\"isPartOf\":{\"@id\":\"https:\/\/weltlaeden.de\/wolfenbuettel\/#website\"},\"primaryImageOfPage\":{\"@id\":\"https:\/\/weltlaeden.de\/wolfenbuettel\/mitmachen\/#primaryimage\"},\"image\":{\"@id\":\"https:\/\/weltlaeden.de\/wolfenbuettel\/mitmachen\/#primaryimage\"},\"thumbnailUrl\":\"https:\/\/weltlaeden.de\/wolfenbuettel\/wp-content\/uploads\/sites\/111\/2021\/01\/Ladendienst-300x225.jpg\",\"datePublished\":\"2019-10-09T16:19:50+00:00\",\"dateModified\":\"2025-07-17T10:15:39+00:00\",\"breadcrumb\":{\"@id\":\"https:\/\/weltlaeden.de\/wolfenbuettel\/mitmachen\/#breadcrumb\"},\"inLanguage\":\"de\",\"potentialAction\":[{\"@type\":\"ReadAction\",\"target\":[\"https:\/\/weltlaeden.de\/wolfenbuettel\/mitmachen\/\"]}]},{\"@type\":\"ImageObject\",\"inLanguage\":\"de\",\"@id\":\"https:\/\/weltlaeden.de\/wolfenbuettel\/mitmachen\/#primaryimage\",\"url\":\"https:\/\/weltlaeden.de\/wolfenbuettel\/wp-content\/uploads\/sites\/111\/2021\/01\/Ladendienst.jpg\",\"contentUrl\":\"https:\/\/weltlaeden.de\/wolfenbuettel\/wp-content\/uploads\/sites\/111\/2021\/01\/Ladendienst.jpg\",\"width\":1024,\"height\":768},{\"@type\":\"BreadcrumbList\",\"@id\":\"https:\/\/weltlaeden.de\/wolfenbuettel\/mitmachen\/#breadcrumb\",\"itemListElement\":[{\"@type\":\"ListItem\",\"position\":1,\"name\":\"Startseite\",\"item\":\"https:\/\/weltlaeden.de\/wolfenbuettel\/\"},{\"@type\":\"ListItem\",\"position\":2,\"name\":\"Mitmachen!\"}]},{\"@type\":\"WebSite\",\"@id\":\"https:\/\/weltlaeden.de\/wolfenbuettel\/#website\",\"url\":\"https:\/\/weltlaeden.de\/wolfenbuettel\/\",\"name\":\"Weltladen Wolfenb\u00fcttel\",\"description\":\"Faire Produkte seit 2014\",\"potentialAction\":[{\"@type\":\"SearchAction\",\"target\":{\"@type\":\"EntryPoint\",\"urlTemplate\":\"https:\/\/weltlaeden.de\/wolfenbuettel\/?s={search_term_string}\"},\"query-input\":{\"@type\":\"PropertyValueSpecification\",\"valueRequired\":true,\"valueName\":\"search_term_string\"}}],\"inLanguage\":\"de\"}]}<\/script>\n<!-- \/ Yoast SEO plugin. -->","yoast_head_json":{"title":"Mitmachen! - Weltladen Wolfenb\u00fcttel","robots":{"index":"index","follow":"follow","max-snippet":"max-snippet:-1","max-image-preview":"max-image-preview:large","max-video-preview":"max-video-preview:-1"},"canonical":"https:\/\/weltlaeden.de\/wolfenbuettel\/mitmachen\/","og_locale":"de_DE","og_type":"article","og_title":"Mitmachen! - Weltladen Wolfenb\u00fcttel","og_description":"M\u00f6chten Sie mitmachen? &#8211; Wir bieten vielf\u00e4ltige M\u00f6glichkeiten f\u00fcr Ihr Engagement: &nbsp; Ladendienst \u2013 Die Kundschaft steht im Mittelpunkt Beim Ladendienst geht es darum, die W\u00fcnsche der Kund*innen zu erf\u00fcllen. Neben dem Verkauf von Produkten geh\u00f6rt die Beratung ebenso dazu wie die Entgegennahme von Bestellungen oder Reklamationen. Und wenn mal nicht so viel los ist,&hellip;","og_url":"https:\/\/weltlaeden.de\/wolfenbuettel\/mitmachen\/","og_site_name":"Weltladen Wolfenb\u00fcttel","article_modified_time":"2025-07-17T10:15:39+00:00","og_image":[{"width":1024,"height":768,"url":"https:\/\/weltlaeden.de\/wolfenbuettel\/wp-content\/uploads\/sites\/111\/2021\/01\/Ladendienst.jpg","type":"image\/jpeg"}],"twitter_card":"summary_large_image","twitter_misc":{"Gesch\u00e4tzte Lesezeit":"3\u00a0Minuten"},"schema":{"@context":"https:\/\/schema.org","@graph":[{"@type":"WebPage","@id":"https:\/\/weltlaeden.de\/wolfenbuettel\/mitmachen\/","url":"https:\/\/weltlaeden.de\/wolfenbuettel\/mitmachen\/","name":"Mitmachen! - Weltladen Wolfenb\u00fcttel","isPartOf":{"@id":"https:\/\/weltlaeden.de\/wolfenbuettel\/#website"},"primaryImageOfPage":{"@id":"https:\/\/weltlaeden.de\/wolfenbuettel\/mitmachen\/#primaryimage"},"image":{"@id":"https:\/\/weltlaeden.de\/wolfenbuettel\/mitmachen\/#primaryimage"},"thumbnailUrl":"https:\/\/weltlaeden.de\/wolfenbuettel\/wp-content\/uploads\/sites\/111\/2021\/01\/Ladendienst-300x225.jpg","datePublished":"2019-10-09T16:19:50+00:00","dateModified":"2025-07-17T10:15:39+00:00","breadcrumb":{"@id":"https:\/\/weltlaeden.de\/wolfenbuettel\/mitmachen\/#breadcrumb"},"inLanguage":"de","potentialAction":[{"@type":"ReadAction","target":["https:\/\/weltlaeden.de\/wolfenbuettel\/mitmachen\/"]}]},{"@type":"ImageObject","inLanguage":"de","@id":"https:\/\/weltlaeden.de\/wolfenbuettel\/mitmachen\/#primaryimage","url":"https:\/\/weltlaeden.de\/wolfenbuettel\/wp-content\/uploads\/sites\/111\/2021\/01\/Ladendienst.jpg","contentUrl":"https:\/\/weltlaeden.de\/wolfenbuettel\/wp-content\/uploads\/sites\/111\/2021\/01\/Ladendienst.jpg","width":1024,"height":768},{"@type":"BreadcrumbList","@id":"https:\/\/weltlaeden.de\/wolfenbuettel\/mitmachen\/#breadcrumb","itemListElement":[{"@type":"ListItem","position":1,"name":"Startseite","item":"https:\/\/weltlaeden.de\/wolfenbuettel\/"},{"@type":"ListItem","position":2,"name":"Mitmachen!"}]},{"@type":"WebSite","@id":"https:\/\/weltlaeden.de\/wolfenbuettel\/#website","url":"https:\/\/weltlaeden.de\/wolfenbuettel\/","name":"Weltladen Wolfenb\u00fcttel","description":"Faire Produkte seit 2014","potentialAction":[{"@type":"SearchAction","target":{"@type":"EntryPoint","urlTemplate":"https:\/\/weltlaeden.de\/wolfenbuettel\/?s={search_term_string}"},"query-input":{"@type":"PropertyValueSpecification","valueRequired":true,"valueName":"search_term_string"}}],"inLanguage":"de"}]}},"_links":{"self":[{"href":"https:\/\/weltlaeden.de\/wolfenbuettel\/wp-json\/wp\/v2\/pages\/527","targetHints":{"allow":["GET"]}}],"collection":[{"href":"https:\/\/weltlaeden.de\/wolfenbuettel\/wp-json\/wp\/v2\/pages"}],"about":[{"href":"https:\/\/weltlaeden.de\/wolfenbuettel\/wp-json\/wp\/v2\/types\/page"}],"author":[{"embeddable":true,"href":"https:\/\/weltlaeden.de\/wolfenbuettel\/wp-json\/wp\/v2\/users\/171"}],"replies":[{"embeddable":true,"href":"https:\/\/weltlaeden.de\/wolfenbuettel\/wp-json\/wp\/v2\/comments?post=527"}],"version-history":[{"count":26,"href":"https:\/\/weltlaeden.de\/wolfenbuettel\/wp-json\/wp\/v2\/pages\/527\/revisions"}],"predecessor-version":[{"id":1506,"href":"https:\/\/weltlaeden.de\/wolfenbuettel\/wp-json\/wp\/v2\/pages\/527\/revisions\/1506"}],"wp:attachment":[{"href":"https:\/\/weltlaeden.de\/wolfenbuettel\/wp-json\/wp\/v2\/media?parent=527"}],"curies":[{"name":"wp","href":"https:\/\/api.w.org\/{rel}","templated":true}]}}