{"id":219,"date":"2016-10-28T13:34:47","date_gmt":"2016-10-28T11:34:47","guid":{"rendered":"https:\/\/wl.heimpixel.de\/vorlage\/ueber-uns\/"},"modified":"2023-05-23T16:57:41","modified_gmt":"2023-05-23T14:57:41","slug":"ueber-uns","status":"publish","type":"page","link":"https:\/\/weltlaeden.de\/wittenberge\/ueber-uns\/","title":{"rendered":"\u00dcber uns"},"content":{"rendered":"<div class=\"wpb-content-wrapper\"><p>[vc_row][vc_column]<div class=\"wl_einzelbild\"><p><img loading=\"lazy\" decoding=\"async\" class=\"aligncenter size-full wp-image-645\" src=\"https:\/\/weltlaeden.de\/wittenberge\/wp-content\/uploads\/sites\/200\/2023\/05\/PHOTO-2023-04-29-21-02-28.jpg\" alt=\"\" width=\"1080\" height=\"810\" srcset=\"https:\/\/weltlaeden.de\/wittenberge\/wp-content\/uploads\/sites\/200\/2023\/05\/PHOTO-2023-04-29-21-02-28.jpg 1080w, https:\/\/weltlaeden.de\/wittenberge\/wp-content\/uploads\/sites\/200\/2023\/05\/PHOTO-2023-04-29-21-02-28-300x225.jpg 300w, https:\/\/weltlaeden.de\/wittenberge\/wp-content\/uploads\/sites\/200\/2023\/05\/PHOTO-2023-04-29-21-02-28-1024x768.jpg 1024w, https:\/\/weltlaeden.de\/wittenberge\/wp-content\/uploads\/sites\/200\/2023\/05\/PHOTO-2023-04-29-21-02-28-768x576.jpg 768w\" sizes=\"auto, (max-width: 1080px) 100vw, 1080px\" \/><\/p><\/div>[vc_empty_space][vc_column_text]<\/p>\n<h1>\u00dcber den Weltladen Wittenberge<\/h1>\n<p>[\/vc_column_text][vc_column_text]Am <strong>24. M\u00e4rz<\/strong> 2023 hat der <strong>Weltladen Wittenberge <\/strong>er\u00f6ffnet.<\/p>\n<p>Seitdem haben wir an drei Tagen die Woche jeweils f\u00fcr drei Stunden ge\u00f6ffnet:<\/p>\n<p>Donnerstag von 15:00 bis 18:00 Uhr<\/p>\n<p>Freitag von 10:00 bis 13:00 Uhr<\/p>\n<p>Samstag von 10:00 bis 13:00 Uhr<\/p>\n<p>&nbsp;<\/p>\n<p>Dar\u00fcber hinaus sind wir immer mal wieder auf Veranstaltungen mit einem Stand oder an Schulen, Gemeinden oder Senioreneinrichtungen und informieren \u00fcber den Fairen Handel. Gerne kommen wir auch zu dir und in deine Organisation oder Einrichtung.<\/p>\n<p>&nbsp;<\/p>\n<p>Wir sind ein Team von zehn Frauen, die gemeinsam die vielf\u00e4ltige Arbeit, die im Rahmen des Weltladens Wittenberge anf\u00e4llt, ehrenamtlich leisten: Ladendienste \u00fcbernehmen, Ware bestellen, \u00d6ffentlichkeitsarbeit machen, Ware auspreisen, den Laden dekorieren, reinigen, &#8230;<\/p>\n<p>Wir treffen uns einmal im Monat, um den Weltladen Wittenberge gemeinsam weiterzuentwickeln.<\/p>\n<p>&nbsp;<\/p>\n<p>Du hast Lust bei uns mitzumachen? Dann melde dich bei uns. Wir freuen uns auf dich![\/vc_column_text][\/vc_column][\/vc_row][vc_row][vc_column][vc_empty_space][vc_column_text][\/vc_column_text][\/vc_column][\/vc_row][vc_row][vc_column]<!-- This slideshow output is generated with Advanced post slider a multipurpose responsive WordPress slideshow plugin - http:\/\/www.wpcue.com\/wordpress-plugins\/advanced-post-slider\/ -->\r\n<style>\r\n#advps_container4 .bx-wrapper .bx-viewport {\r\n\t\tbackground:#FFFFFF;\r\n}\r\n#advps_container4 .bx-wrapper .bx-pager{\r\n\ttext-align: right;\r\n\tpadding-right:5px;\r\n}\r\n#advps_container4 .bx-wrapper .bx-pager\r\n{\r\n\tbottom:-35px;\r\n\tz-index:999;\r\n}\r\n#advps_container4 .bx-wrapper .bx-controls-auto\r\n{\r\n\tbottom:6px;\r\n}\r\n#advps_container4 .bx-wrapper .bx-controls.bx-has-controls-auto.bx-has-pager .bx-pager {\r\n\ttext-align: right;\r\n}\r\n#advps_container4 .bx-wrapper .bx-controls-auto {\r\n\tz-index:99999;\r\n\ttext-align:center;width:100%;}\r\n\r\n#advps_container4 .bx-wrapper .bx-pager.bx-default-pager a {\r\n\tbackground: #666;\r\n\ttext-indent: -9999px;\r\n\tdisplay: block;\r\n\twidth: 10px;\r\n\theight: 10px;\r\n\tmargin: 0 5px;\r\n\toutline: 0;\r\n\t-moz-border-radius: 5px;\r\n\t-webkit-border-radius: 5px;\r\n\tborder-radius: 5px;\r\n\ttext-align:left;\r\n}\r\n#advps_container4 .bx-wrapper .bx-pager.bx-default-pager a:hover,\r\n#advps_container4 .bx-wrapper .bx-pager.bx-default-pager a.active {\r\n\tbackground: #000;\r\n}\r\n\r\n\/* thumbnail pager*\/\r\n#advps_container4 #bx-pager\r\n{\r\n\twidth:100%;\r\n\tposition:absolute;\r\n\tbottom:-35px;\r\n    text-align: right;\r\n\tz-index: 9999;\r\n}\r\n#advps_container4 #bx-pager a img\r\n{\r\n\tborder: 1px solid #CCCCCC;\r\n    padding: 3px;\r\n}\r\n#advps_container4 #bx-pager a:hover img, #advps_container4 #bx-pager a.active img\r\n{\r\n\tborder: 1px solid #666666;\r\n}\r\n\/* medai queries *\/\r\n#advps_container4 .advs-title,#advps_container4 .advs-title a\r\n{\r\n\tfont-size:20px;\r\n\tline-height:20px;\r\n}\r\n#advps_container4 .advps-slide p\r\n{\r\n\tfont-size:14px;\r\n\tline-height:14px;\r\n}\r\n@media screen and (max-width: 1024px){\r\n\t#advps_container4 .advs-title,#advps_container4 .advs-title a\r\n\t{\r\n\t\tfont-size:18px;\r\n\t\tline-height:18px;\r\n\t}\r\n\t#advps_container4 .advps-slide p\r\n\t{\r\n\t\tfont-size:12px;\r\n\t\tline-height:12px;\r\n\t}\r\n}\r\n@media screen and (max-width: 768px){\r\n\t#advps_container4 h2.advs-title, #advps_container4 h2.advs-title a\r\n\t{\r\n\t\tfont-size:16px;\r\n\t\tline-height:16px;\r\n\t}\r\n\t#advps_container4 .advps-slide p\r\n\t{\r\n\t\tfont-size:12px;\r\n\t\tline-height:12px;\r\n\t}\r\n}\r\n@media screen and (max-width: 650px){\r\n\t#advps_container4 h2.advs-title, #advps_container4 h2.advs-title a\r\n\t{\r\n\t\tfont-size:15px;\r\n\t\tline-height:15px;\r\n\t}\r\n\t#advps_container4 .advps-slide p\r\n\t{\r\n\t\tfont-size:12px;\r\n\t\tline-height:12px;\r\n\t}\r\n}\r\n@media screen and (max-width: 480px){\r\n\t#advps_container4 h2.advs-title, #advps_container4 h2.advs-title a\r\n\t{\r\n\t\tfont-size:15px;\r\n\t\tline-height:15px;\r\n\t}\r\n\t#advps_container4 .advps-slide p\r\n\t{\r\n\t\tfont-size:12px;\r\n\t\tline-height:12px;\r\n\t}\r\n}\r\n@media screen and (max-width: 320px){\r\n\t#advps_container4 h2.advs-title, #advps_container4 h2.advs-title a\r\n\t{\r\n\t\tfont-size:15px;\r\n\t\tline-height:15px;\r\n\t}\r\n\t#advps_container4 .advps-slide p\r\n\t{\r\n\t\tfont-size:12px;\r\n\t\tline-height:12px;\r\n\t}\r\n}\r\n<\/style>\r\n<script type=\"text\/javascript\">\r\n\t\tjQuery(document).ready(function($){\r\n\t\t\t$('#advpsslideshow_4').bxSlider({\r\n\t\t\t\tuseCSS:1,\r\n\t\t\t\tslideMargin: 0,\r\n\t\t\t\tspeed: 2000,\t\t\t\t\r\n\t\t\t\t\t\t\t\tmode: 'fade',\r\n\t\t\t\t\t\t\t\t\t\t\t\tauto: 1,\r\n\t\t\t\tautoHover: 1,\r\n\t\t\t\tpause: 3000,\r\n\t\t\t\teasing: 'linear',\r\n\t\t\t\tcontrols: 1,\r\n\t\t\t\tpager: 1,\r\n  \t\t\t\tautoControls: 0\t\t\t\t\t\t\t});\r\n\t\t\t\t\t\t$(\"#advpsslideshow_4 .advps-slide\").hover(function(){\r\n\t\t\t\t  \t\t\t},function(){\r\n\t\t\t\t\t\t\t});\r\n\t\t});\r\n\t<\/script>\r\n<div id=\"advps_container4\" class=\"advps-slide-container\" style=\"overflow:hidden;max-width:1000px;\">\r\n \r\n  <div id=\"advpsslideshow_4\">\r\n        <div class=\"advps-slide\">\r\n    \t        <img loading=\"lazy\" decoding=\"async\" width=\"2048\" height=\"1545\" src=\"https:\/\/weltlaeden.de\/wittenberge\/wp-content\/uploads\/sites\/200\/2023\/05\/elb2.jpg\" class=\"attachment-full size-full wp-post-image\" alt=\"\" srcset=\"https:\/\/weltlaeden.de\/wittenberge\/wp-content\/uploads\/sites\/200\/2023\/05\/elb2.jpg 2048w, https:\/\/weltlaeden.de\/wittenberge\/wp-content\/uploads\/sites\/200\/2023\/05\/elb2-300x226.jpg 300w, https:\/\/weltlaeden.de\/wittenberge\/wp-content\/uploads\/sites\/200\/2023\/05\/elb2-1024x772.jpg 1024w, https:\/\/weltlaeden.de\/wittenberge\/wp-content\/uploads\/sites\/200\/2023\/05\/elb2-768x579.jpg 768w, https:\/\/weltlaeden.de\/wittenberge\/wp-content\/uploads\/sites\/200\/2023\/05\/elb2-1536x1159.jpg 1536w\" sizes=\"auto, (max-width: 2048px) 100vw, 2048px\" \/>            <\/div>\r\n        <div class=\"advps-slide\">\r\n    \t        <img loading=\"lazy\" decoding=\"async\" width=\"2017\" height=\"1479\" src=\"https:\/\/weltlaeden.de\/wittenberge\/wp-content\/uploads\/sites\/200\/2023\/05\/awo1-e1702909500804.jpg\" class=\"attachment-full size-full wp-post-image\" alt=\"\" srcset=\"https:\/\/weltlaeden.de\/wittenberge\/wp-content\/uploads\/sites\/200\/2023\/05\/awo1-e1702909500804.jpg 2017w, https:\/\/weltlaeden.de\/wittenberge\/wp-content\/uploads\/sites\/200\/2023\/05\/awo1-e1702909500804-300x220.jpg 300w, https:\/\/weltlaeden.de\/wittenberge\/wp-content\/uploads\/sites\/200\/2023\/05\/awo1-e1702909500804-1024x751.jpg 1024w, https:\/\/weltlaeden.de\/wittenberge\/wp-content\/uploads\/sites\/200\/2023\/05\/awo1-e1702909500804-768x563.jpg 768w, https:\/\/weltlaeden.de\/wittenberge\/wp-content\/uploads\/sites\/200\/2023\/05\/awo1-e1702909500804-1536x1126.jpg 1536w\" sizes=\"auto, (max-width: 2017px) 100vw, 2017px\" \/>            <\/div>\r\n        <div class=\"advps-slide\">\r\n    \t        <img loading=\"lazy\" decoding=\"async\" width=\"2048\" height=\"1534\" src=\"https:\/\/weltlaeden.de\/wittenberge\/wp-content\/uploads\/sites\/200\/2023\/12\/weihnachtmarkt.jpg\" class=\"attachment-full size-full wp-post-image\" alt=\"\" srcset=\"https:\/\/weltlaeden.de\/wittenberge\/wp-content\/uploads\/sites\/200\/2023\/12\/weihnachtmarkt.jpg 2048w, https:\/\/weltlaeden.de\/wittenberge\/wp-content\/uploads\/sites\/200\/2023\/12\/weihnachtmarkt-300x225.jpg 300w, https:\/\/weltlaeden.de\/wittenberge\/wp-content\/uploads\/sites\/200\/2023\/12\/weihnachtmarkt-1024x767.jpg 1024w, https:\/\/weltlaeden.de\/wittenberge\/wp-content\/uploads\/sites\/200\/2023\/12\/weihnachtmarkt-768x575.jpg 768w, https:\/\/weltlaeden.de\/wittenberge\/wp-content\/uploads\/sites\/200\/2023\/12\/weihnachtmarkt-1536x1150.jpg 1536w\" sizes=\"auto, (max-width: 2048px) 100vw, 2048px\" \/>            <\/div>\r\n        <div class=\"advps-slide\">\r\n    \t        <img loading=\"lazy\" decoding=\"async\" width=\"1200\" height=\"802\" src=\"https:\/\/weltlaeden.de\/wittenberge\/wp-content\/uploads\/sites\/200\/2023\/05\/9.-WELTLADEN-werbung-auf-der-Bahnstrasse.jpg\" class=\"attachment-full size-full wp-post-image\" alt=\"\" srcset=\"https:\/\/weltlaeden.de\/wittenberge\/wp-content\/uploads\/sites\/200\/2023\/05\/9.-WELTLADEN-werbung-auf-der-Bahnstrasse.jpg 1200w, https:\/\/weltlaeden.de\/wittenberge\/wp-content\/uploads\/sites\/200\/2023\/05\/9.-WELTLADEN-werbung-auf-der-Bahnstrasse-300x201.jpg 300w, https:\/\/weltlaeden.de\/wittenberge\/wp-content\/uploads\/sites\/200\/2023\/05\/9.-WELTLADEN-werbung-auf-der-Bahnstrasse-1024x684.jpg 1024w, https:\/\/weltlaeden.de\/wittenberge\/wp-content\/uploads\/sites\/200\/2023\/05\/9.-WELTLADEN-werbung-auf-der-Bahnstrasse-768x513.jpg 768w\" sizes=\"auto, (max-width: 1200px) 100vw, 1200px\" \/>            <\/div>\r\n      <\/div>\r\n  <\/div><!-- end advps-slide-container -->\r\n<!-- \/ Advanced post slider a multipurpose responsive slideshow plugin -->\r\n[\/vc_column][\/vc_row]<\/p>\n<\/div>","protected":false},"excerpt":{"rendered":"<p>[vc_row][vc_column][vc_empty_space][vc_column_text] \u00dcber den Weltladen Wittenberge [\/vc_column_text][vc_column_text]Am 24. M\u00e4rz 2023 hat der Weltladen Wittenberge er\u00f6ffnet. Seitdem haben wir an drei Tagen die Woche jeweils f\u00fcr drei Stunden ge\u00f6ffnet: Donnerstag von 15:00 bis 18:00 Uhr Freitag von 10:00 bis 13:00 Uhr Samstag von 10:00 bis 13:00 Uhr &nbsp; Dar\u00fcber hinaus sind wir immer mal wieder auf Veranstaltungen&hellip;<\/p>\n","protected":false},"author":1,"featured_media":0,"parent":0,"menu_order":6,"comment_status":"closed","ping_status":"closed","template":"","meta":{"footnotes":""},"class_list":["post-219","page","type-page","status-publish","hentry","description-off"],"yoast_head":"<!-- This site is optimized with the Yoast SEO plugin v26.8 - https:\/\/yoast.com\/product\/yoast-seo-wordpress\/ -->\n<title>\u00dcber uns - Weltladen Wittenberge<\/title>\n<meta name=\"robots\" content=\"index, follow, max-snippet:-1, max-image-preview:large, max-video-preview:-1\" \/>\n<link rel=\"canonical\" href=\"https:\/\/weltlaeden.de\/wittenberge\/ueber-uns\/\" \/>\n<meta property=\"og:locale\" content=\"de_DE\" \/>\n<meta property=\"og:type\" content=\"article\" \/>\n<meta property=\"og:title\" content=\"\u00dcber uns - Weltladen Wittenberge\" \/>\n<meta property=\"og:description\" content=\"[vc_row][vc_column][vc_empty_space][vc_column_text] \u00dcber den Weltladen Wittenberge [\/vc_column_text][vc_column_text]Am 24. M\u00e4rz 2023 hat der Weltladen Wittenberge er\u00f6ffnet. Seitdem haben wir an drei Tagen die Woche jeweils f\u00fcr drei Stunden ge\u00f6ffnet: Donnerstag von 15:00 bis 18:00 Uhr Freitag von 10:00 bis 13:00 Uhr Samstag von 10:00 bis 13:00 Uhr &nbsp; Dar\u00fcber hinaus sind wir immer mal wieder auf Veranstaltungen&hellip;\" \/>\n<meta property=\"og:url\" content=\"https:\/\/weltlaeden.de\/wittenberge\/ueber-uns\/\" \/>\n<meta property=\"og:site_name\" content=\"Weltladen Wittenberge\" \/>\n<meta property=\"article:modified_time\" content=\"2023-05-23T14:57:41+00:00\" \/>\n<meta property=\"og:image\" content=\"https:\/\/weltlaeden.de\/wittenberge\/wp-content\/uploads\/sites\/200\/2023\/05\/PHOTO-2023-04-29-21-02-28.jpg\" \/>\n<meta name=\"twitter:card\" content=\"summary_large_image\" \/>\n<meta name=\"twitter:label1\" content=\"Gesch\u00e4tzte Lesezeit\" \/>\n\t<meta name=\"twitter:data1\" content=\"1\u00a0Minute\" \/>\n<script type=\"application\/ld+json\" class=\"yoast-schema-graph\">{\"@context\":\"https:\/\/schema.org\",\"@graph\":[{\"@type\":\"WebPage\",\"@id\":\"https:\/\/weltlaeden.de\/wittenberge\/ueber-uns\/\",\"url\":\"https:\/\/weltlaeden.de\/wittenberge\/ueber-uns\/\",\"name\":\"\u00dcber uns - Weltladen Wittenberge\",\"isPartOf\":{\"@id\":\"https:\/\/weltlaeden.de\/wittenberge\/#website\"},\"primaryImageOfPage\":{\"@id\":\"https:\/\/weltlaeden.de\/wittenberge\/ueber-uns\/#primaryimage\"},\"image\":{\"@id\":\"https:\/\/weltlaeden.de\/wittenberge\/ueber-uns\/#primaryimage\"},\"thumbnailUrl\":\"https:\/\/weltlaeden.de\/wittenberge\/wp-content\/uploads\/sites\/200\/2023\/05\/PHOTO-2023-04-29-21-02-28.jpg\",\"datePublished\":\"2016-10-28T11:34:47+00:00\",\"dateModified\":\"2023-05-23T14:57:41+00:00\",\"breadcrumb\":{\"@id\":\"https:\/\/weltlaeden.de\/wittenberge\/ueber-uns\/#breadcrumb\"},\"inLanguage\":\"de\",\"potentialAction\":[{\"@type\":\"ReadAction\",\"target\":[\"https:\/\/weltlaeden.de\/wittenberge\/ueber-uns\/\"]}]},{\"@type\":\"ImageObject\",\"inLanguage\":\"de\",\"@id\":\"https:\/\/weltlaeden.de\/wittenberge\/ueber-uns\/#primaryimage\",\"url\":\"https:\/\/weltlaeden.de\/wittenberge\/wp-content\/uploads\/sites\/200\/2023\/05\/PHOTO-2023-04-29-21-02-28.jpg\",\"contentUrl\":\"https:\/\/weltlaeden.de\/wittenberge\/wp-content\/uploads\/sites\/200\/2023\/05\/PHOTO-2023-04-29-21-02-28.jpg\",\"width\":1080,\"height\":810},{\"@type\":\"BreadcrumbList\",\"@id\":\"https:\/\/weltlaeden.de\/wittenberge\/ueber-uns\/#breadcrumb\",\"itemListElement\":[{\"@type\":\"ListItem\",\"position\":1,\"name\":\"Startseite\",\"item\":\"https:\/\/weltlaeden.de\/wittenberge\/\"},{\"@type\":\"ListItem\",\"position\":2,\"name\":\"\u00dcber uns\"}]},{\"@type\":\"WebSite\",\"@id\":\"https:\/\/weltlaeden.de\/wittenberge\/#website\",\"url\":\"https:\/\/weltlaeden.de\/wittenberge\/\",\"name\":\"Weltladen Wittenberge\",\"description\":\"Faire Produkte seit 1990\",\"potentialAction\":[{\"@type\":\"SearchAction\",\"target\":{\"@type\":\"EntryPoint\",\"urlTemplate\":\"https:\/\/weltlaeden.de\/wittenberge\/?s={search_term_string}\"},\"query-input\":{\"@type\":\"PropertyValueSpecification\",\"valueRequired\":true,\"valueName\":\"search_term_string\"}}],\"inLanguage\":\"de\"}]}<\/script>\n<!-- \/ Yoast SEO plugin. -->","yoast_head_json":{"title":"\u00dcber uns - Weltladen Wittenberge","robots":{"index":"index","follow":"follow","max-snippet":"max-snippet:-1","max-image-preview":"max-image-preview:large","max-video-preview":"max-video-preview:-1"},"canonical":"https:\/\/weltlaeden.de\/wittenberge\/ueber-uns\/","og_locale":"de_DE","og_type":"article","og_title":"\u00dcber uns - Weltladen Wittenberge","og_description":"[vc_row][vc_column][vc_empty_space][vc_column_text] \u00dcber den Weltladen Wittenberge [\/vc_column_text][vc_column_text]Am 24. M\u00e4rz 2023 hat der Weltladen Wittenberge er\u00f6ffnet. Seitdem haben wir an drei Tagen die Woche jeweils f\u00fcr drei Stunden ge\u00f6ffnet: Donnerstag von 15:00 bis 18:00 Uhr Freitag von 10:00 bis 13:00 Uhr Samstag von 10:00 bis 13:00 Uhr &nbsp; Dar\u00fcber hinaus sind wir immer mal wieder auf Veranstaltungen&hellip;","og_url":"https:\/\/weltlaeden.de\/wittenberge\/ueber-uns\/","og_site_name":"Weltladen Wittenberge","article_modified_time":"2023-05-23T14:57:41+00:00","og_image":[{"url":"https:\/\/weltlaeden.de\/wittenberge\/wp-content\/uploads\/sites\/200\/2023\/05\/PHOTO-2023-04-29-21-02-28.jpg","type":"","width":"","height":""}],"twitter_card":"summary_large_image","twitter_misc":{"Gesch\u00e4tzte Lesezeit":"1\u00a0Minute"},"schema":{"@context":"https:\/\/schema.org","@graph":[{"@type":"WebPage","@id":"https:\/\/weltlaeden.de\/wittenberge\/ueber-uns\/","url":"https:\/\/weltlaeden.de\/wittenberge\/ueber-uns\/","name":"\u00dcber uns - Weltladen Wittenberge","isPartOf":{"@id":"https:\/\/weltlaeden.de\/wittenberge\/#website"},"primaryImageOfPage":{"@id":"https:\/\/weltlaeden.de\/wittenberge\/ueber-uns\/#primaryimage"},"image":{"@id":"https:\/\/weltlaeden.de\/wittenberge\/ueber-uns\/#primaryimage"},"thumbnailUrl":"https:\/\/weltlaeden.de\/wittenberge\/wp-content\/uploads\/sites\/200\/2023\/05\/PHOTO-2023-04-29-21-02-28.jpg","datePublished":"2016-10-28T11:34:47+00:00","dateModified":"2023-05-23T14:57:41+00:00","breadcrumb":{"@id":"https:\/\/weltlaeden.de\/wittenberge\/ueber-uns\/#breadcrumb"},"inLanguage":"de","potentialAction":[{"@type":"ReadAction","target":["https:\/\/weltlaeden.de\/wittenberge\/ueber-uns\/"]}]},{"@type":"ImageObject","inLanguage":"de","@id":"https:\/\/weltlaeden.de\/wittenberge\/ueber-uns\/#primaryimage","url":"https:\/\/weltlaeden.de\/wittenberge\/wp-content\/uploads\/sites\/200\/2023\/05\/PHOTO-2023-04-29-21-02-28.jpg","contentUrl":"https:\/\/weltlaeden.de\/wittenberge\/wp-content\/uploads\/sites\/200\/2023\/05\/PHOTO-2023-04-29-21-02-28.jpg","width":1080,"height":810},{"@type":"BreadcrumbList","@id":"https:\/\/weltlaeden.de\/wittenberge\/ueber-uns\/#breadcrumb","itemListElement":[{"@type":"ListItem","position":1,"name":"Startseite","item":"https:\/\/weltlaeden.de\/wittenberge\/"},{"@type":"ListItem","position":2,"name":"\u00dcber uns"}]},{"@type":"WebSite","@id":"https:\/\/weltlaeden.de\/wittenberge\/#website","url":"https:\/\/weltlaeden.de\/wittenberge\/","name":"Weltladen Wittenberge","description":"Faire Produkte seit 1990","potentialAction":[{"@type":"SearchAction","target":{"@type":"EntryPoint","urlTemplate":"https:\/\/weltlaeden.de\/wittenberge\/?s={search_term_string}"},"query-input":{"@type":"PropertyValueSpecification","valueRequired":true,"valueName":"search_term_string"}}],"inLanguage":"de"}]}},"_links":{"self":[{"href":"https:\/\/weltlaeden.de\/wittenberge\/wp-json\/wp\/v2\/pages\/219","targetHints":{"allow":["GET"]}}],"collection":[{"href":"https:\/\/weltlaeden.de\/wittenberge\/wp-json\/wp\/v2\/pages"}],"about":[{"href":"https:\/\/weltlaeden.de\/wittenberge\/wp-json\/wp\/v2\/types\/page"}],"author":[{"embeddable":true,"href":"https:\/\/weltlaeden.de\/wittenberge\/wp-json\/wp\/v2\/users\/1"}],"replies":[{"embeddable":true,"href":"https:\/\/weltlaeden.de\/wittenberge\/wp-json\/wp\/v2\/comments?post=219"}],"version-history":[{"count":17,"href":"https:\/\/weltlaeden.de\/wittenberge\/wp-json\/wp\/v2\/pages\/219\/revisions"}],"predecessor-version":[{"id":690,"href":"https:\/\/weltlaeden.de\/wittenberge\/wp-json\/wp\/v2\/pages\/219\/revisions\/690"}],"wp:attachment":[{"href":"https:\/\/weltlaeden.de\/wittenberge\/wp-json\/wp\/v2\/media?parent=219"}],"curies":[{"name":"wp","href":"https:\/\/api.w.org\/{rel}","templated":true}]}}