{"id":217,"date":"2016-10-28T13:34:47","date_gmt":"2016-10-28T11:34:47","guid":{"rendered":"https:\/\/wl.heimpixel.de\/vorlage\/produkte\/"},"modified":"2023-06-17T20:40:10","modified_gmt":"2023-06-17T18:40:10","slug":"produkte","status":"publish","type":"page","link":"https:\/\/weltlaeden.de\/wittenberge\/produkte\/","title":{"rendered":"Produkte"},"content":{"rendered":"<div class=\"wpb-content-wrapper\"><p>[vc_row][vc_column]<div class=\"wl_einzelbild\"><p><\/p><\/div>[vc_empty_space][vc_column_text]<\/p>\n<h1>Unser Sortiment<\/h1>\n<p>[\/vc_column_text][vc_column_text]Wir f\u00fchren bei uns im Weltladen Wittenberge neben Lebensmitteln auch Kunsthandwerk und Textilien.[\/vc_column_text][vc_empty_space][vc_row_inner][vc_column_inner width=&#8220;1\/2&#8243;][vc_column_text]<\/p>\n<h2>Lebensmittel<\/h2>\n<p>[\/vc_column_text]<!-- This slideshow output is generated with Advanced post slider a multipurpose responsive WordPress slideshow plugin - http:\/\/www.wpcue.com\/wordpress-plugins\/advanced-post-slider\/ -->\r\n<style>\r\n#advps_container6 .bx-wrapper .bx-viewport {\r\n\t\tbackground:#FFFFFF;\r\n}\r\n#advps_container6 .bx-wrapper .bx-pager{\r\n\ttext-align: right;\r\n\tpadding-right:5px;\r\n}\r\n#advps_container6 .bx-wrapper .bx-pager\r\n{\r\n\tbottom:-35px;\r\n\tz-index:999;\r\n}\r\n#advps_container6 .bx-wrapper .bx-controls-auto\r\n{\r\n\tbottom:6px;\r\n}\r\n#advps_container6 .bx-wrapper .bx-controls.bx-has-controls-auto.bx-has-pager .bx-pager {\r\n\ttext-align: right;\r\n}\r\n#advps_container6 .bx-wrapper .bx-controls-auto {\r\n\tz-index:99999;\r\n\ttext-align:center;width:100%;}\r\n\r\n#advps_container6 .bx-wrapper .bx-pager.bx-default-pager a {\r\n\tbackground: #666;\r\n\ttext-indent: -9999px;\r\n\tdisplay: block;\r\n\twidth: 10px;\r\n\theight: 10px;\r\n\tmargin: 0 5px;\r\n\toutline: 0;\r\n\t-moz-border-radius: 5px;\r\n\t-webkit-border-radius: 5px;\r\n\tborder-radius: 5px;\r\n\ttext-align:left;\r\n}\r\n#advps_container6 .bx-wrapper .bx-pager.bx-default-pager a:hover,\r\n#advps_container6 .bx-wrapper .bx-pager.bx-default-pager a.active {\r\n\tbackground: #000;\r\n}\r\n\r\n\/* thumbnail pager*\/\r\n#advps_container6 #bx-pager\r\n{\r\n\twidth:100%;\r\n\tposition:absolute;\r\n\tbottom:-35px;\r\n    text-align: right;\r\n\tz-index: 9999;\r\n}\r\n#advps_container6 #bx-pager a img\r\n{\r\n\tborder: 1px solid #CCCCCC;\r\n    padding: 3px;\r\n}\r\n#advps_container6 #bx-pager a:hover img, #advps_container6 #bx-pager a.active img\r\n{\r\n\tborder: 1px solid #666666;\r\n}\r\n\/* medai queries *\/\r\n#advps_container6 .advs-title,#advps_container6 .advs-title a\r\n{\r\n\tfont-size:20px;\r\n\tline-height:20px;\r\n}\r\n#advps_container6 .advps-slide p\r\n{\r\n\tfont-size:14px;\r\n\tline-height:14px;\r\n}\r\n@media screen and (max-width: 1024px){\r\n\t#advps_container6 .advs-title,#advps_container6 .advs-title a\r\n\t{\r\n\t\tfont-size:18px;\r\n\t\tline-height:18px;\r\n\t}\r\n\t#advps_container6 .advps-slide p\r\n\t{\r\n\t\tfont-size:12px;\r\n\t\tline-height:12px;\r\n\t}\r\n}\r\n@media screen and (max-width: 768px){\r\n\t#advps_container6 h2.advs-title, #advps_container6 h2.advs-title a\r\n\t{\r\n\t\tfont-size:16px;\r\n\t\tline-height:16px;\r\n\t}\r\n\t#advps_container6 .advps-slide p\r\n\t{\r\n\t\tfont-size:12px;\r\n\t\tline-height:12px;\r\n\t}\r\n}\r\n@media screen and (max-width: 650px){\r\n\t#advps_container6 h2.advs-title, #advps_container6 h2.advs-title a\r\n\t{\r\n\t\tfont-size:15px;\r\n\t\tline-height:15px;\r\n\t}\r\n\t#advps_container6 .advps-slide p\r\n\t{\r\n\t\tfont-size:12px;\r\n\t\tline-height:12px;\r\n\t}\r\n}\r\n@media screen and (max-width: 480px){\r\n\t#advps_container6 h2.advs-title, #advps_container6 h2.advs-title a\r\n\t{\r\n\t\tfont-size:15px;\r\n\t\tline-height:15px;\r\n\t}\r\n\t#advps_container6 .advps-slide p\r\n\t{\r\n\t\tfont-size:12px;\r\n\t\tline-height:12px;\r\n\t}\r\n}\r\n@media screen and (max-width: 320px){\r\n\t#advps_container6 h2.advs-title, #advps_container6 h2.advs-title a\r\n\t{\r\n\t\tfont-size:15px;\r\n\t\tline-height:15px;\r\n\t}\r\n\t#advps_container6 .advps-slide p\r\n\t{\r\n\t\tfont-size:12px;\r\n\t\tline-height:12px;\r\n\t}\r\n}\r\n<\/style>\r\n<script type=\"text\/javascript\">\r\n\t\tjQuery(document).ready(function($){\r\n\t\t\t$('#advpsslideshow_6').bxSlider({\r\n\t\t\t\tuseCSS:1,\r\n\t\t\t\tslideMargin: 0,\r\n\t\t\t\tspeed: 2000,\t\t\t\t\r\n\t\t\t\t\t\t\t\tmode: 'fade',\r\n\t\t\t\t\t\t\t\t\t\t\t\tauto: 1,\r\n\t\t\t\tautoHover: 1,\r\n\t\t\t\tpause: 3000,\r\n\t\t\t\teasing: 'linear',\r\n\t\t\t\tcontrols: 1,\r\n\t\t\t\tpager: 1,\r\n  \t\t\t\tautoControls: 0\t\t\t\t\t\t\t});\r\n\t\t\t\t\t\t$(\"#advpsslideshow_6 .advps-slide\").hover(function(){\r\n\t\t\t\t  \t\t\t},function(){\r\n\t\t\t\t\t\t\t});\r\n\t\t});\r\n\t<\/script>\r\n<div id=\"advps_container6\" class=\"advps-slide-container\" style=\"overflow:hidden;max-width:1000px;\">\r\n \r\n  <div id=\"advpsslideshow_6\">\r\n        <div class=\"advps-slide\">\r\n    \t        <img loading=\"lazy\" decoding=\"async\" width=\"2048\" height=\"1300\" src=\"https:\/\/weltlaeden.de\/wittenberge\/wp-content\/uploads\/sites\/200\/2023\/12\/5678-e1702909909158.jpg\" class=\"attachment-full size-full wp-post-image\" alt=\"\" srcset=\"https:\/\/weltlaeden.de\/wittenberge\/wp-content\/uploads\/sites\/200\/2023\/12\/5678-e1702909909158.jpg 2048w, https:\/\/weltlaeden.de\/wittenberge\/wp-content\/uploads\/sites\/200\/2023\/12\/5678-e1702909909158-300x190.jpg 300w, https:\/\/weltlaeden.de\/wittenberge\/wp-content\/uploads\/sites\/200\/2023\/12\/5678-e1702909909158-1024x650.jpg 1024w, https:\/\/weltlaeden.de\/wittenberge\/wp-content\/uploads\/sites\/200\/2023\/12\/5678-e1702909909158-768x488.jpg 768w, https:\/\/weltlaeden.de\/wittenberge\/wp-content\/uploads\/sites\/200\/2023\/12\/5678-e1702909909158-1536x975.jpg 1536w\" sizes=\"auto, (max-width: 2048px) 100vw, 2048px\" \/>            <\/div>\r\n        <div class=\"advps-slide\">\r\n    \t        <img loading=\"lazy\" decoding=\"async\" width=\"2018\" height=\"1432\" src=\"https:\/\/weltlaeden.de\/wittenberge\/wp-content\/uploads\/sites\/200\/2023\/12\/8907.jpg\" class=\"attachment-full size-full wp-post-image\" alt=\"\" srcset=\"https:\/\/weltlaeden.de\/wittenberge\/wp-content\/uploads\/sites\/200\/2023\/12\/8907.jpg 2018w, https:\/\/weltlaeden.de\/wittenberge\/wp-content\/uploads\/sites\/200\/2023\/12\/8907-300x213.jpg 300w, https:\/\/weltlaeden.de\/wittenberge\/wp-content\/uploads\/sites\/200\/2023\/12\/8907-1024x727.jpg 1024w, https:\/\/weltlaeden.de\/wittenberge\/wp-content\/uploads\/sites\/200\/2023\/12\/8907-768x545.jpg 768w, https:\/\/weltlaeden.de\/wittenberge\/wp-content\/uploads\/sites\/200\/2023\/12\/8907-1536x1090.jpg 1536w\" sizes=\"auto, (max-width: 2018px) 100vw, 2018px\" \/>            <\/div>\r\n        <div class=\"advps-slide\">\r\n    \t        <img loading=\"lazy\" decoding=\"async\" width=\"1280\" height=\"812\" src=\"https:\/\/weltlaeden.de\/wittenberge\/wp-content\/uploads\/sites\/200\/2023\/05\/photo_2023-03-30_12-00-54-e1687027418634.jpg\" class=\"attachment-full size-full wp-post-image\" alt=\"\" srcset=\"https:\/\/weltlaeden.de\/wittenberge\/wp-content\/uploads\/sites\/200\/2023\/05\/photo_2023-03-30_12-00-54-e1687027418634.jpg 1280w, https:\/\/weltlaeden.de\/wittenberge\/wp-content\/uploads\/sites\/200\/2023\/05\/photo_2023-03-30_12-00-54-e1687027418634-300x190.jpg 300w, https:\/\/weltlaeden.de\/wittenberge\/wp-content\/uploads\/sites\/200\/2023\/05\/photo_2023-03-30_12-00-54-e1687027418634-1024x650.jpg 1024w, https:\/\/weltlaeden.de\/wittenberge\/wp-content\/uploads\/sites\/200\/2023\/05\/photo_2023-03-30_12-00-54-e1687027418634-768x487.jpg 768w\" sizes=\"auto, (max-width: 1280px) 100vw, 1280px\" \/>            <\/div>\r\n        <div class=\"advps-slide\">\r\n    \t        <img loading=\"lazy\" decoding=\"async\" width=\"2048\" height=\"1362\" src=\"https:\/\/weltlaeden.de\/wittenberge\/wp-content\/uploads\/sites\/200\/2023\/05\/DSC_0271.jpg\" class=\"attachment-full size-full wp-post-image\" alt=\"\" \/>            <\/div>\r\n      <\/div>\r\n  <\/div><!-- end advps-slide-container -->\r\n<!-- \/ Advanced post slider a multipurpose responsive slideshow plugin -->\r\n[vc_column_text]Wir bieten unter anderem verschiedene Kaffee und Espressosorten an, aber auch Tee, Kakao, Gew\u00fcrze, Reis und andere H\u00fclsenfr\u00fcchte.Sowie ein Sortiment feiner Schokoladen, leckerer Fruchtgummis und anderer Knabbereien.[\/vc_column_text][\/vc_column_inner][vc_column_inner width=&#8220;1\/2&#8243;][vc_column_text]<\/p>\n<h2>Kunsthandwerk &amp; Textilien<\/h2>\n<p>[\/vc_column_text]<!-- This slideshow output is generated with Advanced post slider a multipurpose responsive WordPress slideshow plugin - http:\/\/www.wpcue.com\/wordpress-plugins\/advanced-post-slider\/ -->\r\n<style>\r\n#advps_container8 .bx-wrapper .bx-viewport {\r\n\t\tbackground:#FFFFFF;\r\n}\r\n#advps_container8 .bx-wrapper .bx-pager{\r\n\ttext-align: right;\r\n\tpadding-right:5px;\r\n}\r\n#advps_container8 .bx-wrapper .bx-pager\r\n{\r\n\tbottom:-35px;\r\n\tz-index:999;\r\n}\r\n#advps_container8 .bx-wrapper .bx-controls-auto\r\n{\r\n\tbottom:6px;\r\n}\r\n#advps_container8 .bx-wrapper .bx-controls.bx-has-controls-auto.bx-has-pager .bx-pager {\r\n\ttext-align: right;\r\n}\r\n#advps_container8 .bx-wrapper .bx-controls-auto {\r\n\tz-index:99999;\r\n\ttext-align:center;width:100%;}\r\n\r\n#advps_container8 .bx-wrapper .bx-pager.bx-default-pager a {\r\n\tbackground: #666;\r\n\ttext-indent: -9999px;\r\n\tdisplay: block;\r\n\twidth: 10px;\r\n\theight: 10px;\r\n\tmargin: 0 5px;\r\n\toutline: 0;\r\n\t-moz-border-radius: 5px;\r\n\t-webkit-border-radius: 5px;\r\n\tborder-radius: 5px;\r\n\ttext-align:left;\r\n}\r\n#advps_container8 .bx-wrapper .bx-pager.bx-default-pager a:hover,\r\n#advps_container8 .bx-wrapper .bx-pager.bx-default-pager a.active {\r\n\tbackground: #000;\r\n}\r\n\r\n\/* thumbnail pager*\/\r\n#advps_container8 #bx-pager\r\n{\r\n\twidth:100%;\r\n\tposition:absolute;\r\n\tbottom:-35px;\r\n    text-align: right;\r\n\tz-index: 9999;\r\n}\r\n#advps_container8 #bx-pager a img\r\n{\r\n\tborder: 1px solid #CCCCCC;\r\n    padding: 3px;\r\n}\r\n#advps_container8 #bx-pager a:hover img, #advps_container8 #bx-pager a.active img\r\n{\r\n\tborder: 1px solid #666666;\r\n}\r\n\/* medai queries *\/\r\n#advps_container8 .advs-title,#advps_container8 .advs-title a\r\n{\r\n\tfont-size:20px;\r\n\tline-height:20px;\r\n}\r\n#advps_container8 .advps-slide p\r\n{\r\n\tfont-size:14px;\r\n\tline-height:14px;\r\n}\r\n@media screen and (max-width: 1024px){\r\n\t#advps_container8 .advs-title,#advps_container8 .advs-title a\r\n\t{\r\n\t\tfont-size:18px;\r\n\t\tline-height:18px;\r\n\t}\r\n\t#advps_container8 .advps-slide p\r\n\t{\r\n\t\tfont-size:12px;\r\n\t\tline-height:12px;\r\n\t}\r\n}\r\n@media screen and (max-width: 768px){\r\n\t#advps_container8 h2.advs-title, #advps_container8 h2.advs-title a\r\n\t{\r\n\t\tfont-size:16px;\r\n\t\tline-height:16px;\r\n\t}\r\n\t#advps_container8 .advps-slide p\r\n\t{\r\n\t\tfont-size:12px;\r\n\t\tline-height:12px;\r\n\t}\r\n}\r\n@media screen and (max-width: 650px){\r\n\t#advps_container8 h2.advs-title, #advps_container8 h2.advs-title a\r\n\t{\r\n\t\tfont-size:15px;\r\n\t\tline-height:15px;\r\n\t}\r\n\t#advps_container8 .advps-slide p\r\n\t{\r\n\t\tfont-size:12px;\r\n\t\tline-height:12px;\r\n\t}\r\n}\r\n@media screen and (max-width: 480px){\r\n\t#advps_container8 h2.advs-title, #advps_container8 h2.advs-title a\r\n\t{\r\n\t\tfont-size:15px;\r\n\t\tline-height:15px;\r\n\t}\r\n\t#advps_container8 .advps-slide p\r\n\t{\r\n\t\tfont-size:12px;\r\n\t\tline-height:12px;\r\n\t}\r\n}\r\n@media screen and (max-width: 320px){\r\n\t#advps_container8 h2.advs-title, #advps_container8 h2.advs-title a\r\n\t{\r\n\t\tfont-size:15px;\r\n\t\tline-height:15px;\r\n\t}\r\n\t#advps_container8 .advps-slide p\r\n\t{\r\n\t\tfont-size:12px;\r\n\t\tline-height:12px;\r\n\t}\r\n}\r\n<\/style>\r\n<script type=\"text\/javascript\">\r\n\t\tjQuery(document).ready(function($){\r\n\t\t\t$('#advpsslideshow_8').bxSlider({\r\n\t\t\t\tuseCSS:1,\r\n\t\t\t\tslideMargin: 0,\r\n\t\t\t\tspeed: 2000,\t\t\t\t\r\n\t\t\t\t\t\t\t\tmode: 'fade',\r\n\t\t\t\t\t\t\t\t\t\t\t\tauto: 1,\r\n\t\t\t\tautoHover: 1,\r\n\t\t\t\tpause: 3000,\r\n\t\t\t\teasing: 'linear',\r\n\t\t\t\tcontrols: 1,\r\n\t\t\t\tpager: 1,\r\n  \t\t\t\tautoControls: 0\t\t\t\t\t\t\t});\r\n\t\t\t\t\t\t$(\"#advpsslideshow_8 .advps-slide\").hover(function(){\r\n\t\t\t\t  \t\t\t},function(){\r\n\t\t\t\t\t\t\t});\r\n\t\t});\r\n\t<\/script>\r\n<div id=\"advps_container8\" class=\"advps-slide-container\" style=\"overflow:hidden;max-width:1000px;\">\r\n \r\n  <div id=\"advpsslideshow_8\">\r\n        <div class=\"advps-slide\">\r\n    \t        <img loading=\"lazy\" decoding=\"async\" width=\"2034\" height=\"1450\" src=\"https:\/\/weltlaeden.de\/wittenberge\/wp-content\/uploads\/sites\/200\/2023\/12\/456.jpg\" class=\"attachment-full size-full wp-post-image\" alt=\"\" srcset=\"https:\/\/weltlaeden.de\/wittenberge\/wp-content\/uploads\/sites\/200\/2023\/12\/456.jpg 2034w, https:\/\/weltlaeden.de\/wittenberge\/wp-content\/uploads\/sites\/200\/2023\/12\/456-300x214.jpg 300w, https:\/\/weltlaeden.de\/wittenberge\/wp-content\/uploads\/sites\/200\/2023\/12\/456-1024x730.jpg 1024w, https:\/\/weltlaeden.de\/wittenberge\/wp-content\/uploads\/sites\/200\/2023\/12\/456-768x547.jpg 768w, https:\/\/weltlaeden.de\/wittenberge\/wp-content\/uploads\/sites\/200\/2023\/12\/456-1536x1095.jpg 1536w\" sizes=\"auto, (max-width: 2034px) 100vw, 2034px\" \/>            <\/div>\r\n        <div class=\"advps-slide\">\r\n    \t        <img loading=\"lazy\" decoding=\"async\" width=\"2024\" height=\"1364\" src=\"https:\/\/weltlaeden.de\/wittenberge\/wp-content\/uploads\/sites\/200\/2023\/12\/123.jpg\" class=\"attachment-full size-full wp-post-image\" alt=\"\" srcset=\"https:\/\/weltlaeden.de\/wittenberge\/wp-content\/uploads\/sites\/200\/2023\/12\/123.jpg 2024w, https:\/\/weltlaeden.de\/wittenberge\/wp-content\/uploads\/sites\/200\/2023\/12\/123-300x202.jpg 300w, https:\/\/weltlaeden.de\/wittenberge\/wp-content\/uploads\/sites\/200\/2023\/12\/123-1024x690.jpg 1024w, https:\/\/weltlaeden.de\/wittenberge\/wp-content\/uploads\/sites\/200\/2023\/12\/123-768x518.jpg 768w, https:\/\/weltlaeden.de\/wittenberge\/wp-content\/uploads\/sites\/200\/2023\/12\/123-1536x1035.jpg 1536w\" sizes=\"auto, (max-width: 2024px) 100vw, 2024px\" \/>            <\/div>\r\n        <div class=\"advps-slide\">\r\n    \t        <img loading=\"lazy\" decoding=\"async\" width=\"2048\" height=\"1362\" src=\"https:\/\/weltlaeden.de\/wittenberge\/wp-content\/uploads\/sites\/200\/2023\/05\/DSC_0419.jpg\" class=\"attachment-full size-full wp-post-image\" alt=\"\" \/>            <\/div>\r\n        <div class=\"advps-slide\">\r\n    \t        <img loading=\"lazy\" decoding=\"async\" width=\"1280\" height=\"825\" src=\"https:\/\/weltlaeden.de\/wittenberge\/wp-content\/uploads\/sites\/200\/2023\/03\/photo_2023-03-23_13-10-16-e1687027368965.jpg\" class=\"attachment-full size-full wp-post-image\" alt=\"\" srcset=\"https:\/\/weltlaeden.de\/wittenberge\/wp-content\/uploads\/sites\/200\/2023\/03\/photo_2023-03-23_13-10-16-e1687027368965.jpg 1280w, https:\/\/weltlaeden.de\/wittenberge\/wp-content\/uploads\/sites\/200\/2023\/03\/photo_2023-03-23_13-10-16-e1687027368965-300x193.jpg 300w, https:\/\/weltlaeden.de\/wittenberge\/wp-content\/uploads\/sites\/200\/2023\/03\/photo_2023-03-23_13-10-16-e1687027368965-1024x660.jpg 1024w, https:\/\/weltlaeden.de\/wittenberge\/wp-content\/uploads\/sites\/200\/2023\/03\/photo_2023-03-23_13-10-16-e1687027368965-768x495.jpg 768w\" sizes=\"auto, (max-width: 1280px) 100vw, 1280px\" \/>            <\/div>\r\n        <div class=\"advps-slide\">\r\n    \t        <img loading=\"lazy\" decoding=\"async\" width=\"2048\" height=\"1362\" src=\"https:\/\/weltlaeden.de\/wittenberge\/wp-content\/uploads\/sites\/200\/2023\/05\/DSC_0406.jpg\" class=\"attachment-full size-full wp-post-image\" alt=\"\" \/>            <\/div>\r\n        <div class=\"advps-slide\">\r\n    \t        <img loading=\"lazy\" decoding=\"async\" width=\"2048\" height=\"1362\" src=\"https:\/\/weltlaeden.de\/wittenberge\/wp-content\/uploads\/sites\/200\/2023\/05\/DSC_0428.jpg\" class=\"attachment-full size-full wp-post-image\" alt=\"\" \/>            <\/div>\r\n      <\/div>\r\n  <\/div><!-- end advps-slide-container -->\r\n<!-- \/ Advanced post slider a multipurpose responsive slideshow plugin -->\r\n[vc_column_text]Lederwaren, T\u00fccher, Taschen, Kinderspielzeug, Schmuck, K\u00f6rbe, Horn-und Holzartikel\u2013 im WELTLADEN Wittenberge gibt es besondere Geschenke.<\/p>\n<p>Vieles ist unter \u00f6kologischen Standards produziert. Wir verkaufen aus schlie\u00dflich fair gehandelte, qualitativ hochwertige und nachhaltig produzierte Waren.[\/vc_column_text][\/vc_column_inner][\/vc_row_inner][\/vc_column][\/vc_row]<\/p>\n<\/div>","protected":false},"excerpt":{"rendered":"<p>[vc_row][vc_column][vc_empty_space][vc_column_text] Unser Sortiment [\/vc_column_text][vc_column_text]Wir f\u00fchren bei uns im Weltladen Wittenberge neben Lebensmitteln auch Kunsthandwerk und Textilien.[\/vc_column_text][vc_empty_space][vc_row_inner][vc_column_inner width=&#8220;1\/2&#8243;][vc_column_text] Lebensmittel [\/vc_column_text][vc_column_text]Wir bieten unter anderem verschiedene Kaffee und Espressosorten an, aber auch Tee, Kakao, Gew\u00fcrze, Reis und andere H\u00fclsenfr\u00fcchte.Sowie ein Sortiment feiner Schokoladen, leckerer Fruchtgummis und anderer Knabbereien.[\/vc_column_text][\/vc_column_inner][vc_column_inner width=&#8220;1\/2&#8243;][vc_column_text] Kunsthandwerk &amp; Textilien [\/vc_column_text][vc_column_text]Lederwaren, T\u00fccher, Taschen, Kinderspielzeug, Schmuck, K\u00f6rbe,&hellip;<\/p>\n","protected":false},"author":1,"featured_media":0,"parent":0,"menu_order":5,"comment_status":"closed","ping_status":"closed","template":"","meta":{"footnotes":""},"class_list":["post-217","page","type-page","status-publish","hentry","description-off"],"yoast_head":"<!-- This site is optimized with the Yoast SEO plugin v26.8 - https:\/\/yoast.com\/product\/yoast-seo-wordpress\/ -->\n<title>Produkte - Weltladen Wittenberge<\/title>\n<meta name=\"robots\" content=\"index, follow, max-snippet:-1, max-image-preview:large, max-video-preview:-1\" \/>\n<link rel=\"canonical\" href=\"https:\/\/weltlaeden.de\/wittenberge\/produkte\/\" \/>\n<meta property=\"og:locale\" content=\"de_DE\" \/>\n<meta property=\"og:type\" content=\"article\" \/>\n<meta property=\"og:title\" content=\"Produkte - Weltladen Wittenberge\" \/>\n<meta property=\"og:description\" content=\"[vc_row][vc_column][vc_empty_space][vc_column_text] Unser Sortiment [\/vc_column_text][vc_column_text]Wir f\u00fchren bei uns im Weltladen Wittenberge neben Lebensmitteln auch Kunsthandwerk und Textilien.[\/vc_column_text][vc_empty_space][vc_row_inner][vc_column_inner width=&#8220;1\/2&#8243;][vc_column_text] Lebensmittel [\/vc_column_text][vc_column_text]Wir bieten unter anderem verschiedene Kaffee und Espressosorten an, aber auch Tee, Kakao, Gew\u00fcrze, Reis und andere H\u00fclsenfr\u00fcchte.Sowie ein Sortiment feiner Schokoladen, leckerer Fruchtgummis und anderer Knabbereien.[\/vc_column_text][\/vc_column_inner][vc_column_inner width=&#8220;1\/2&#8243;][vc_column_text] Kunsthandwerk &amp; Textilien [\/vc_column_text][vc_column_text]Lederwaren, T\u00fccher, Taschen, Kinderspielzeug, Schmuck, K\u00f6rbe,&hellip;\" \/>\n<meta property=\"og:url\" content=\"https:\/\/weltlaeden.de\/wittenberge\/produkte\/\" \/>\n<meta property=\"og:site_name\" content=\"Weltladen Wittenberge\" \/>\n<meta property=\"article:modified_time\" content=\"2023-06-17T18:40:10+00:00\" \/>\n<meta name=\"twitter:card\" content=\"summary_large_image\" \/>\n<meta name=\"twitter:label1\" content=\"Gesch\u00e4tzte Lesezeit\" \/>\n\t<meta name=\"twitter:data1\" content=\"1\u00a0Minute\" \/>\n<script type=\"application\/ld+json\" class=\"yoast-schema-graph\">{\"@context\":\"https:\/\/schema.org\",\"@graph\":[{\"@type\":\"WebPage\",\"@id\":\"https:\/\/weltlaeden.de\/wittenberge\/produkte\/\",\"url\":\"https:\/\/weltlaeden.de\/wittenberge\/produkte\/\",\"name\":\"Produkte - Weltladen Wittenberge\",\"isPartOf\":{\"@id\":\"https:\/\/weltlaeden.de\/wittenberge\/#website\"},\"datePublished\":\"2016-10-28T11:34:47+00:00\",\"dateModified\":\"2023-06-17T18:40:10+00:00\",\"breadcrumb\":{\"@id\":\"https:\/\/weltlaeden.de\/wittenberge\/produkte\/#breadcrumb\"},\"inLanguage\":\"de\",\"potentialAction\":[{\"@type\":\"ReadAction\",\"target\":[\"https:\/\/weltlaeden.de\/wittenberge\/produkte\/\"]}]},{\"@type\":\"BreadcrumbList\",\"@id\":\"https:\/\/weltlaeden.de\/wittenberge\/produkte\/#breadcrumb\",\"itemListElement\":[{\"@type\":\"ListItem\",\"position\":1,\"name\":\"Startseite\",\"item\":\"https:\/\/weltlaeden.de\/wittenberge\/\"},{\"@type\":\"ListItem\",\"position\":2,\"name\":\"Produkte\"}]},{\"@type\":\"WebSite\",\"@id\":\"https:\/\/weltlaeden.de\/wittenberge\/#website\",\"url\":\"https:\/\/weltlaeden.de\/wittenberge\/\",\"name\":\"Weltladen Wittenberge\",\"description\":\"Faire Produkte seit 1990\",\"potentialAction\":[{\"@type\":\"SearchAction\",\"target\":{\"@type\":\"EntryPoint\",\"urlTemplate\":\"https:\/\/weltlaeden.de\/wittenberge\/?s={search_term_string}\"},\"query-input\":{\"@type\":\"PropertyValueSpecification\",\"valueRequired\":true,\"valueName\":\"search_term_string\"}}],\"inLanguage\":\"de\"}]}<\/script>\n<!-- \/ Yoast SEO plugin. -->","yoast_head_json":{"title":"Produkte - Weltladen Wittenberge","robots":{"index":"index","follow":"follow","max-snippet":"max-snippet:-1","max-image-preview":"max-image-preview:large","max-video-preview":"max-video-preview:-1"},"canonical":"https:\/\/weltlaeden.de\/wittenberge\/produkte\/","og_locale":"de_DE","og_type":"article","og_title":"Produkte - Weltladen Wittenberge","og_description":"[vc_row][vc_column][vc_empty_space][vc_column_text] Unser Sortiment [\/vc_column_text][vc_column_text]Wir f\u00fchren bei uns im Weltladen Wittenberge neben Lebensmitteln auch Kunsthandwerk und Textilien.[\/vc_column_text][vc_empty_space][vc_row_inner][vc_column_inner width=&#8220;1\/2&#8243;][vc_column_text] Lebensmittel [\/vc_column_text][vc_column_text]Wir bieten unter anderem verschiedene Kaffee und Espressosorten an, aber auch Tee, Kakao, Gew\u00fcrze, Reis und andere H\u00fclsenfr\u00fcchte.Sowie ein Sortiment feiner Schokoladen, leckerer Fruchtgummis und anderer Knabbereien.[\/vc_column_text][\/vc_column_inner][vc_column_inner width=&#8220;1\/2&#8243;][vc_column_text] Kunsthandwerk &amp; Textilien [\/vc_column_text][vc_column_text]Lederwaren, T\u00fccher, Taschen, Kinderspielzeug, Schmuck, K\u00f6rbe,&hellip;","og_url":"https:\/\/weltlaeden.de\/wittenberge\/produkte\/","og_site_name":"Weltladen Wittenberge","article_modified_time":"2023-06-17T18:40:10+00:00","twitter_card":"summary_large_image","twitter_misc":{"Gesch\u00e4tzte Lesezeit":"1\u00a0Minute"},"schema":{"@context":"https:\/\/schema.org","@graph":[{"@type":"WebPage","@id":"https:\/\/weltlaeden.de\/wittenberge\/produkte\/","url":"https:\/\/weltlaeden.de\/wittenberge\/produkte\/","name":"Produkte - Weltladen Wittenberge","isPartOf":{"@id":"https:\/\/weltlaeden.de\/wittenberge\/#website"},"datePublished":"2016-10-28T11:34:47+00:00","dateModified":"2023-06-17T18:40:10+00:00","breadcrumb":{"@id":"https:\/\/weltlaeden.de\/wittenberge\/produkte\/#breadcrumb"},"inLanguage":"de","potentialAction":[{"@type":"ReadAction","target":["https:\/\/weltlaeden.de\/wittenberge\/produkte\/"]}]},{"@type":"BreadcrumbList","@id":"https:\/\/weltlaeden.de\/wittenberge\/produkte\/#breadcrumb","itemListElement":[{"@type":"ListItem","position":1,"name":"Startseite","item":"https:\/\/weltlaeden.de\/wittenberge\/"},{"@type":"ListItem","position":2,"name":"Produkte"}]},{"@type":"WebSite","@id":"https:\/\/weltlaeden.de\/wittenberge\/#website","url":"https:\/\/weltlaeden.de\/wittenberge\/","name":"Weltladen Wittenberge","description":"Faire Produkte seit 1990","potentialAction":[{"@type":"SearchAction","target":{"@type":"EntryPoint","urlTemplate":"https:\/\/weltlaeden.de\/wittenberge\/?s={search_term_string}"},"query-input":{"@type":"PropertyValueSpecification","valueRequired":true,"valueName":"search_term_string"}}],"inLanguage":"de"}]}},"_links":{"self":[{"href":"https:\/\/weltlaeden.de\/wittenberge\/wp-json\/wp\/v2\/pages\/217","targetHints":{"allow":["GET"]}}],"collection":[{"href":"https:\/\/weltlaeden.de\/wittenberge\/wp-json\/wp\/v2\/pages"}],"about":[{"href":"https:\/\/weltlaeden.de\/wittenberge\/wp-json\/wp\/v2\/types\/page"}],"author":[{"embeddable":true,"href":"https:\/\/weltlaeden.de\/wittenberge\/wp-json\/wp\/v2\/users\/1"}],"replies":[{"embeddable":true,"href":"https:\/\/weltlaeden.de\/wittenberge\/wp-json\/wp\/v2\/comments?post=217"}],"version-history":[{"count":24,"href":"https:\/\/weltlaeden.de\/wittenberge\/wp-json\/wp\/v2\/pages\/217\/revisions"}],"predecessor-version":[{"id":728,"href":"https:\/\/weltlaeden.de\/wittenberge\/wp-json\/wp\/v2\/pages\/217\/revisions\/728"}],"wp:attachment":[{"href":"https:\/\/weltlaeden.de\/wittenberge\/wp-json\/wp\/v2\/media?parent=217"}],"curies":[{"name":"wp","href":"https:\/\/api.w.org\/{rel}","templated":true}]}}