{"id":23,"date":"2016-10-14T09:05:21","date_gmt":"2016-10-14T07:05:21","guid":{"rendered":"https:\/\/wl.heimpixel.de\/vorlage\/termine\/"},"modified":"2026-02-10T13:48:36","modified_gmt":"2026-02-10T12:48:36","slug":"termine","status":"publish","type":"page","link":"https:\/\/weltlaeden.de\/westerstede\/termine\/","title":{"rendered":"Termine"},"content":{"rendered":"<div class=\"wpb-content-wrapper\"><p>[vc_row][vc_column]<div class=\"wl_einzelbild\"><p><img loading=\"lazy\" decoding=\"async\" class=\"alignnone wp-image-419 size-full\" src=\"https:\/\/weltlaeden.de\/westerstede\/wp-content\/uploads\/sites\/55\/2020\/01\/Kalender-1.png\" alt=\"\" width=\"787\" height=\"340\" srcset=\"https:\/\/weltlaeden.de\/westerstede\/wp-content\/uploads\/sites\/55\/2020\/01\/Kalender-1.png 787w, https:\/\/weltlaeden.de\/westerstede\/wp-content\/uploads\/sites\/55\/2020\/01\/Kalender-1-300x130.png 300w, https:\/\/weltlaeden.de\/westerstede\/wp-content\/uploads\/sites\/55\/2020\/01\/Kalender-1-768x332.png 768w\" sizes=\"auto, (max-width: 787px) 100vw, 787px\" \/><\/p><\/div>[vc_empty_space height=&#8220;30px&#8220;][vc_column_text]<\/p>\n<h1>Termine<\/h1>\n<h4><\/h4>\n<p>[\/vc_column_text][vc_empty_space height=&#8220;30px&#8220;][vc_column_text css=&#8220;&#8220;]<\/p>\n<h2><strong>Einladung zur Mitgliederversammlung 2026<\/strong><\/h2>\n<p><strong>\u00a0<\/strong>Zur diesj\u00e4hrigen Mitgliederversammlung der Eine Welt Gruppe \u00c4quator e.V.<\/p>\n<h3><strong>Am Dienstag, den 10.03.2026 um 19 Uhr<\/strong><\/h3>\n<p><strong>im Pfarrheim (Bibliothek) der katholischen Gemeinde in der Gartenstr. 3 in Westerstede<br \/>\n<\/strong><\/p>\n<p>m\u00f6chte ich Sie und Euch im Namen des Vorstandes herzlich einladen.<\/p>\n<p>Zu Beginn freuen wir uns auf einem Vortrag von Frau <strong>Gabi Kuipers<\/strong> vom Verein <strong>Naipunnya <\/strong>International \u2013 Deutschland e.V. Sie war in diesem Jahr wieder In Indien und hat die Projekte besucht.<\/p>\n<p><strong>Tagesordnung<\/strong><\/p>\n<p>Top 1: Begr\u00fc\u00dfung, Regularien, Protokoll<\/p>\n<p>Top 2: T\u00e4tigkeitsbericht des Vorstandes<\/p>\n<p>Top 3: Wahlen zum Vorstand<br \/>\nDer\/die 1. Vorsitzende, die\/der stellvertretende Vorsitzende, sowie die\/der Schriftf\u00fchrer\/in sind zu w\u00e4hlen<\/p>\n<p>Top 4: Kassenbericht, Bericht der Kassenpr\u00fcfer, Entlastung des Kassenwartes und des Vorstands<\/p>\n<p>Top 5: Entscheidung \u00fcber Vergabe von Spenden<\/p>\n<p>Top 6: Bericht \u00fcber die Entwicklung des Ladens<\/p>\n<p>Top 7: Ausblick. Wir freuen uns, das 30-j\u00e4hrige Bestehen des Vereins und des\u00a0Ladens<br \/>\nim September feiern zu k\u00f6nnen.<\/p>\n<p>Top 8: Verschiedenes<\/p>\n<p>Wir hoffen viele von Ihnen\/Euch begr\u00fc\u00dfen zu k\u00f6nnen.<\/p>\n<p>Bringt gern G\u00e4ste mit!<\/p>\n<p>Mit freundlichen Gr\u00fc\u00dfen,<\/p>\n<p>der Vorstand<\/p>\n<h4><\/h4>\n<p>[\/vc_column_text][vc_empty_space height=&#8220;30px&#8220;][vc_column_text css=&#8220;&#8220;]<\/p>\n<h2><strong>Veranstaltungen zum 30-j\u00e4hrige Bestehen des Vereins<br \/>\nund des Ladens<\/strong><\/h2>\n<p>Am Wochenende 26.\/27.9.2026 wollen wir das 30-j\u00e4hrige Bestehen des Vereins und des Ladens feiern.<br \/>\nDazu sind 2 Veranstaltungen geplant.<\/p>\n<p><strong>Am Sa. 26.9. um 10 Uhr ein Faires Fr\u00fchst\u00fcck im Evangelischen Haus, Kirchenstr. 5, in Westerstede<\/strong>.<\/p>\n<p><strong>Am So. 27.9. ein \u00f6kumenischer Gottesdienst in der St. Petri-Kirche in Westerstede.<\/strong>[\/vc_column_text][vc_empty_space height=&#8220;30px&#8220;][\/vc_column][\/vc_row][vc_row][vc_column width=&#8220;2\/3&#8243;][vc_separator color=&#8220;black&#8220; border_width=&#8220;2&#8243; css=&#8220;&#8220;][vc_empty_space height=&#8220;30px&#8220;][vc_column_text css=&#8220;&#8220;]<\/p>\n<h2><strong>Vergangene Termine<\/strong><\/h2>\n<p>[\/vc_column_text]<ul class=\"termine-page past vergangen\"><li><h5 class=\"termine-titel\"><a href=\"https:\/\/weltlaeden.de\/westerstede\/termin\/782\/\">Mitgliederversammlung 2026<\/a><\/h5><p class=\"termine-date\">Di., 10.03.2026, 19:00<\/p><p class=\"termine-auszug\"><a href=\"https:\/\/weltlaeden.de\/westerstede\/termin\/782\/#more-782\" class=\"more-link\">(mehr\u00a0&hellip;)<\/a><\/li><\/ul>[\/vc_column][\/vc_row]<\/p>\n<\/div>","protected":false},"excerpt":{"rendered":"<p>[vc_row][vc_column][vc_empty_space height=&#8220;30px&#8220;][vc_column_text] Termine [\/vc_column_text][vc_empty_space height=&#8220;30px&#8220;][vc_column_text css=&#8220;&#8220;] Einladung zur Mitgliederversammlung 2026 \u00a0Zur diesj\u00e4hrigen Mitgliederversammlung der Eine Welt Gruppe \u00c4quator e.V. Am Dienstag, den 10.03.2026 um 19 Uhr im Pfarrheim (Bibliothek) der katholischen Gemeinde in der Gartenstr. 3 in Westerstede m\u00f6chte ich Sie und Euch im Namen des Vorstandes herzlich einladen. Zu Beginn freuen wir uns auf&hellip;<\/p>\n","protected":false},"author":1,"featured_media":0,"parent":0,"menu_order":5,"comment_status":"closed","ping_status":"closed","template":"","meta":{"footnotes":""},"class_list":["post-23","page","type-page","status-publish","hentry","description-off"],"yoast_head":"<!-- This site is optimized with the Yoast SEO plugin v26.8 - https:\/\/yoast.com\/product\/yoast-seo-wordpress\/ -->\n<title>Termine - Weltladen Westerstede<\/title>\n<meta name=\"robots\" content=\"index, follow, max-snippet:-1, max-image-preview:large, max-video-preview:-1\" \/>\n<link rel=\"canonical\" href=\"https:\/\/weltlaeden.de\/westerstede\/termine\/\" \/>\n<meta property=\"og:locale\" content=\"de_DE\" \/>\n<meta property=\"og:type\" content=\"article\" \/>\n<meta property=\"og:title\" content=\"Termine - Weltladen Westerstede\" \/>\n<meta property=\"og:description\" content=\"[vc_row][vc_column][vc_empty_space height=&#8220;30px&#8220;][vc_column_text] Termine [\/vc_column_text][vc_empty_space height=&#8220;30px&#8220;][vc_column_text css=&#8220;&#8220;] Einladung zur Mitgliederversammlung 2026 \u00a0Zur diesj\u00e4hrigen Mitgliederversammlung der Eine Welt Gruppe \u00c4quator e.V. Am Dienstag, den 10.03.2026 um 19 Uhr im Pfarrheim (Bibliothek) der katholischen Gemeinde in der Gartenstr. 3 in Westerstede m\u00f6chte ich Sie und Euch im Namen des Vorstandes herzlich einladen. Zu Beginn freuen wir uns auf&hellip;\" \/>\n<meta property=\"og:url\" content=\"https:\/\/weltlaeden.de\/westerstede\/termine\/\" \/>\n<meta property=\"og:site_name\" content=\"Weltladen Westerstede\" \/>\n<meta property=\"article:modified_time\" content=\"2026-02-10T12:48:36+00:00\" \/>\n<meta property=\"og:image\" content=\"https:\/\/weltlaeden.de\/westerstede\/wp-content\/uploads\/sites\/55\/2020\/01\/Kalender-1.png\" \/>\n\t<meta property=\"og:image:width\" content=\"787\" \/>\n\t<meta property=\"og:image:height\" content=\"340\" \/>\n\t<meta property=\"og:image:type\" content=\"image\/png\" \/>\n<meta name=\"twitter:card\" content=\"summary_large_image\" \/>\n<meta name=\"twitter:label1\" content=\"Gesch\u00e4tzte Lesezeit\" \/>\n\t<meta name=\"twitter:data1\" content=\"2\u00a0Minuten\" \/>\n<script type=\"application\/ld+json\" class=\"yoast-schema-graph\">{\"@context\":\"https:\/\/schema.org\",\"@graph\":[{\"@type\":\"WebPage\",\"@id\":\"https:\/\/weltlaeden.de\/westerstede\/termine\/\",\"url\":\"https:\/\/weltlaeden.de\/westerstede\/termine\/\",\"name\":\"Termine - Weltladen Westerstede\",\"isPartOf\":{\"@id\":\"https:\/\/weltlaeden.de\/westerstede\/#website\"},\"primaryImageOfPage\":{\"@id\":\"https:\/\/weltlaeden.de\/westerstede\/termine\/#primaryimage\"},\"image\":{\"@id\":\"https:\/\/weltlaeden.de\/westerstede\/termine\/#primaryimage\"},\"thumbnailUrl\":\"https:\/\/weltlaeden.de\/westerstede\/wp-content\/uploads\/sites\/55\/2020\/01\/Kalender-1.png\",\"datePublished\":\"2016-10-14T07:05:21+00:00\",\"dateModified\":\"2026-02-10T12:48:36+00:00\",\"breadcrumb\":{\"@id\":\"https:\/\/weltlaeden.de\/westerstede\/termine\/#breadcrumb\"},\"inLanguage\":\"de\",\"potentialAction\":[{\"@type\":\"ReadAction\",\"target\":[\"https:\/\/weltlaeden.de\/westerstede\/termine\/\"]}]},{\"@type\":\"ImageObject\",\"inLanguage\":\"de\",\"@id\":\"https:\/\/weltlaeden.de\/westerstede\/termine\/#primaryimage\",\"url\":\"https:\/\/weltlaeden.de\/westerstede\/wp-content\/uploads\/sites\/55\/2020\/01\/Kalender-1.png\",\"contentUrl\":\"https:\/\/weltlaeden.de\/westerstede\/wp-content\/uploads\/sites\/55\/2020\/01\/Kalender-1.png\",\"width\":787,\"height\":340},{\"@type\":\"BreadcrumbList\",\"@id\":\"https:\/\/weltlaeden.de\/westerstede\/termine\/#breadcrumb\",\"itemListElement\":[{\"@type\":\"ListItem\",\"position\":1,\"name\":\"Startseite\",\"item\":\"https:\/\/weltlaeden.de\/westerstede\/\"},{\"@type\":\"ListItem\",\"position\":2,\"name\":\"Termine\"}]},{\"@type\":\"WebSite\",\"@id\":\"https:\/\/weltlaeden.de\/westerstede\/#website\",\"url\":\"https:\/\/weltlaeden.de\/westerstede\/\",\"name\":\"Vorlage\",\"description\":\"Faire Produkte seit 1990\",\"potentialAction\":[{\"@type\":\"SearchAction\",\"target\":{\"@type\":\"EntryPoint\",\"urlTemplate\":\"https:\/\/weltlaeden.de\/westerstede\/?s={search_term_string}\"},\"query-input\":{\"@type\":\"PropertyValueSpecification\",\"valueRequired\":true,\"valueName\":\"search_term_string\"}}],\"inLanguage\":\"de\"}]}<\/script>\n<!-- \/ Yoast SEO plugin. -->","yoast_head_json":{"title":"Termine - Weltladen Westerstede","robots":{"index":"index","follow":"follow","max-snippet":"max-snippet:-1","max-image-preview":"max-image-preview:large","max-video-preview":"max-video-preview:-1"},"canonical":"https:\/\/weltlaeden.de\/westerstede\/termine\/","og_locale":"de_DE","og_type":"article","og_title":"Termine - Weltladen Westerstede","og_description":"[vc_row][vc_column][vc_empty_space height=&#8220;30px&#8220;][vc_column_text] Termine [\/vc_column_text][vc_empty_space height=&#8220;30px&#8220;][vc_column_text css=&#8220;&#8220;] Einladung zur Mitgliederversammlung 2026 \u00a0Zur diesj\u00e4hrigen Mitgliederversammlung der Eine Welt Gruppe \u00c4quator e.V. Am Dienstag, den 10.03.2026 um 19 Uhr im Pfarrheim (Bibliothek) der katholischen Gemeinde in der Gartenstr. 3 in Westerstede m\u00f6chte ich Sie und Euch im Namen des Vorstandes herzlich einladen. Zu Beginn freuen wir uns auf&hellip;","og_url":"https:\/\/weltlaeden.de\/westerstede\/termine\/","og_site_name":"Weltladen Westerstede","article_modified_time":"2026-02-10T12:48:36+00:00","og_image":[{"width":787,"height":340,"url":"https:\/\/weltlaeden.de\/westerstede\/wp-content\/uploads\/sites\/55\/2020\/01\/Kalender-1.png","type":"image\/png"}],"twitter_card":"summary_large_image","twitter_misc":{"Gesch\u00e4tzte Lesezeit":"2\u00a0Minuten"},"schema":{"@context":"https:\/\/schema.org","@graph":[{"@type":"WebPage","@id":"https:\/\/weltlaeden.de\/westerstede\/termine\/","url":"https:\/\/weltlaeden.de\/westerstede\/termine\/","name":"Termine - Weltladen Westerstede","isPartOf":{"@id":"https:\/\/weltlaeden.de\/westerstede\/#website"},"primaryImageOfPage":{"@id":"https:\/\/weltlaeden.de\/westerstede\/termine\/#primaryimage"},"image":{"@id":"https:\/\/weltlaeden.de\/westerstede\/termine\/#primaryimage"},"thumbnailUrl":"https:\/\/weltlaeden.de\/westerstede\/wp-content\/uploads\/sites\/55\/2020\/01\/Kalender-1.png","datePublished":"2016-10-14T07:05:21+00:00","dateModified":"2026-02-10T12:48:36+00:00","breadcrumb":{"@id":"https:\/\/weltlaeden.de\/westerstede\/termine\/#breadcrumb"},"inLanguage":"de","potentialAction":[{"@type":"ReadAction","target":["https:\/\/weltlaeden.de\/westerstede\/termine\/"]}]},{"@type":"ImageObject","inLanguage":"de","@id":"https:\/\/weltlaeden.de\/westerstede\/termine\/#primaryimage","url":"https:\/\/weltlaeden.de\/westerstede\/wp-content\/uploads\/sites\/55\/2020\/01\/Kalender-1.png","contentUrl":"https:\/\/weltlaeden.de\/westerstede\/wp-content\/uploads\/sites\/55\/2020\/01\/Kalender-1.png","width":787,"height":340},{"@type":"BreadcrumbList","@id":"https:\/\/weltlaeden.de\/westerstede\/termine\/#breadcrumb","itemListElement":[{"@type":"ListItem","position":1,"name":"Startseite","item":"https:\/\/weltlaeden.de\/westerstede\/"},{"@type":"ListItem","position":2,"name":"Termine"}]},{"@type":"WebSite","@id":"https:\/\/weltlaeden.de\/westerstede\/#website","url":"https:\/\/weltlaeden.de\/westerstede\/","name":"Vorlage","description":"Faire Produkte seit 1990","potentialAction":[{"@type":"SearchAction","target":{"@type":"EntryPoint","urlTemplate":"https:\/\/weltlaeden.de\/westerstede\/?s={search_term_string}"},"query-input":{"@type":"PropertyValueSpecification","valueRequired":true,"valueName":"search_term_string"}}],"inLanguage":"de"}]}},"_links":{"self":[{"href":"https:\/\/weltlaeden.de\/westerstede\/wp-json\/wp\/v2\/pages\/23","targetHints":{"allow":["GET"]}}],"collection":[{"href":"https:\/\/weltlaeden.de\/westerstede\/wp-json\/wp\/v2\/pages"}],"about":[{"href":"https:\/\/weltlaeden.de\/westerstede\/wp-json\/wp\/v2\/types\/page"}],"author":[{"embeddable":true,"href":"https:\/\/weltlaeden.de\/westerstede\/wp-json\/wp\/v2\/users\/1"}],"replies":[{"embeddable":true,"href":"https:\/\/weltlaeden.de\/westerstede\/wp-json\/wp\/v2\/comments?post=23"}],"version-history":[{"count":35,"href":"https:\/\/weltlaeden.de\/westerstede\/wp-json\/wp\/v2\/pages\/23\/revisions"}],"predecessor-version":[{"id":781,"href":"https:\/\/weltlaeden.de\/westerstede\/wp-json\/wp\/v2\/pages\/23\/revisions\/781"}],"wp:attachment":[{"href":"https:\/\/weltlaeden.de\/westerstede\/wp-json\/wp\/v2\/media?parent=23"}],"curies":[{"name":"wp","href":"https:\/\/api.w.org\/{rel}","templated":true}]}}