{"id":217,"date":"2016-10-28T13:34:47","date_gmt":"2016-10-28T11:34:47","guid":{"rendered":"https:\/\/wl.heimpixel.de\/vorlage\/produkte\/"},"modified":"2026-03-15T18:12:21","modified_gmt":"2026-03-15T17:12:21","slug":"produkte","status":"publish","type":"page","link":"https:\/\/weltlaeden.de\/westerstede\/produkte\/","title":{"rendered":"Produkte"},"content":{"rendered":"<div class=\"wpb-content-wrapper\"><p>[vc_row][vc_column][vc_column_text css=&#8220;&#8220;]<\/p>\n<h1>Eine Auswahl aus unserem Sortiment<\/h1>\n<p>[\/vc_column_text][vc_empty_space][vc_row_inner][vc_column_inner width=&#8220;1\/3&#8243;][vc_column_text]<\/p>\n<h2>Lebensmittel<\/h2>\n<p>[\/vc_column_text]<div class=\"wl_einzelbild\"><p><img loading=\"lazy\" decoding=\"async\" class=\"alignleft wp-image-625\" src=\"https:\/\/weltlaeden.de\/westerstede\/wp-content\/uploads\/sites\/55\/2025\/08\/IMG_3784_2-scaled.jpg\" alt=\"\" width=\"694\" height=\"462\" srcset=\"https:\/\/weltlaeden.de\/westerstede\/wp-content\/uploads\/sites\/55\/2025\/08\/IMG_3784_2-scaled.jpg 2560w, https:\/\/weltlaeden.de\/westerstede\/wp-content\/uploads\/sites\/55\/2025\/08\/IMG_3784_2-300x200.jpg 300w, https:\/\/weltlaeden.de\/westerstede\/wp-content\/uploads\/sites\/55\/2025\/08\/IMG_3784_2-1024x683.jpg 1024w, https:\/\/weltlaeden.de\/westerstede\/wp-content\/uploads\/sites\/55\/2025\/08\/IMG_3784_2-768x512.jpg 768w, https:\/\/weltlaeden.de\/westerstede\/wp-content\/uploads\/sites\/55\/2025\/08\/IMG_3784_2-1536x1024.jpg 1536w, https:\/\/weltlaeden.de\/westerstede\/wp-content\/uploads\/sites\/55\/2025\/08\/IMG_3784_2-2048x1365.jpg 2048w\" sizes=\"auto, (max-width: 694px) 100vw, 694px\" \/><\/p><\/div>[vc_column_text css=&#8220;&#8220;]-Kaffee, Tee, Schokolade<br \/>\nin Prio-Qualit\u00e4t<\/p>\n<p>-Vielf\u00e4ltige Honigsorten<\/p>\n<p>-Besondere Gew\u00fcrzmischungen<br \/>\naus S\u00fcdafrika<\/p>\n<p>-Hochwertiges Oliven\u00f6l<\/p>\n<p>-Weine aus S\u00fcdafrika und Chile<\/p>\n<p>-Milden Rum aus Cuba<\/p>\n<p>und weitere faire Lebensmittel<\/p>\n<p>[\/vc_column_text]<div class=\"wl_einzelbild\"><p><img loading=\"lazy\" decoding=\"async\" class=\"alignleft size-full wp-image-739\" src=\"https:\/\/weltlaeden.de\/westerstede\/wp-content\/uploads\/sites\/55\/2025\/12\/IMG_9469-scaled.jpg\" alt=\"\" width=\"2560\" height=\"1707\" srcset=\"https:\/\/weltlaeden.de\/westerstede\/wp-content\/uploads\/sites\/55\/2025\/12\/IMG_9469-scaled.jpg 2560w, https:\/\/weltlaeden.de\/westerstede\/wp-content\/uploads\/sites\/55\/2025\/12\/IMG_9469-300x200.jpg 300w, https:\/\/weltlaeden.de\/westerstede\/wp-content\/uploads\/sites\/55\/2025\/12\/IMG_9469-1024x683.jpg 1024w, https:\/\/weltlaeden.de\/westerstede\/wp-content\/uploads\/sites\/55\/2025\/12\/IMG_9469-768x512.jpg 768w, https:\/\/weltlaeden.de\/westerstede\/wp-content\/uploads\/sites\/55\/2025\/12\/IMG_9469-1536x1024.jpg 1536w, https:\/\/weltlaeden.de\/westerstede\/wp-content\/uploads\/sites\/55\/2025\/12\/IMG_9469-2048x1365.jpg 2048w\" sizes=\"auto, (max-width: 2560px) 100vw, 2560px\" \/><\/p><\/div>[vc_column_text css=&#8220;&#8220;]Probieren Sie die <strong>zartschmelzende Schokolade von Chocolat Makers mit dem Segelboot auf der Verpackung<\/strong>. Der Kakao wird nach Amsterdam gesegelt und dort nachhaltig weiterverarbeitet.[\/vc_column_text][\/vc_column_inner][vc_column_inner width=&#8220;1\/3&#8243;][vc_column_text]<\/p>\n<h2>Kunsthandwerk &amp; Textilien<\/h2>\n<p>[\/vc_column_text]<div class=\"wl_einzelbild\"><p><img loading=\"lazy\" decoding=\"async\" class=\"alignleft size-full wp-image-636\" src=\"https:\/\/weltlaeden.de\/westerstede\/wp-content\/uploads\/sites\/55\/2025\/09\/IMG_3831_2-scaled.jpg\" alt=\"\" width=\"2560\" height=\"1707\" srcset=\"https:\/\/weltlaeden.de\/westerstede\/wp-content\/uploads\/sites\/55\/2025\/09\/IMG_3831_2-scaled.jpg 2560w, https:\/\/weltlaeden.de\/westerstede\/wp-content\/uploads\/sites\/55\/2025\/09\/IMG_3831_2-300x200.jpg 300w, https:\/\/weltlaeden.de\/westerstede\/wp-content\/uploads\/sites\/55\/2025\/09\/IMG_3831_2-1024x683.jpg 1024w, https:\/\/weltlaeden.de\/westerstede\/wp-content\/uploads\/sites\/55\/2025\/09\/IMG_3831_2-768x512.jpg 768w, https:\/\/weltlaeden.de\/westerstede\/wp-content\/uploads\/sites\/55\/2025\/09\/IMG_3831_2-1536x1024.jpg 1536w, https:\/\/weltlaeden.de\/westerstede\/wp-content\/uploads\/sites\/55\/2025\/09\/IMG_3831_2-2048x1365.jpg 2048w\" sizes=\"auto, (max-width: 2560px) 100vw, 2560px\" \/><\/p><\/div>[vc_column_text css=&#8220;&#8220;]Bei uns bekommen Sie u.a.<\/p>\n<p style=\"text-align: left\">-Farbiges Geschirr<br \/>\nmit besonderen Motiven &#8211; Beispiele s.o.<\/p>\n<p>-Wundersch\u00f6ne Schals und T\u00fccher<\/p>\n<p>-Gru\u00dfkarten f\u00fcr jeden Anlass<\/p>\n<p>-Speckstein in verschiedenen Formen<\/p>\n<p>-Produkte aus Filz<br \/>\nz.B. Blumen, Eierw\u00e4rmer &#8211; Beispiele s.u.<\/p>\n<p>-Schmuck &#8211; Beispiele s.u.<\/p>\n<p>-K\u00f6rbe, Taschen &#8211; Beispiele s.u.<\/p>\n<p>-Witzige Wanduhren &#8211; Beispiel s.u.<\/p>\n<p>-Figuren und Fahrzeuge (Afrika)<br \/>\nrecyceltes Metall\u00a0 &#8211; Beispiele s.u.<\/p>\n<p>-Emaille-Geschirr aus der Ukraine<\/p>\n<p>-Klangschalen<\/p>\n<p>-Herrnhuter Sterne (saisonal)[\/vc_column_text]<div class=\"wl_einzelbild\"><p><img loading=\"lazy\" decoding=\"async\" class=\"alignleft size-full wp-image-646\" src=\"https:\/\/weltlaeden.de\/westerstede\/wp-content\/uploads\/sites\/55\/2025\/09\/Eierwaermer-scaled.jpg\" alt=\"\" width=\"2560\" height=\"1920\" srcset=\"https:\/\/weltlaeden.de\/westerstede\/wp-content\/uploads\/sites\/55\/2025\/09\/Eierwaermer-scaled.jpg 2560w, https:\/\/weltlaeden.de\/westerstede\/wp-content\/uploads\/sites\/55\/2025\/09\/Eierwaermer-300x225.jpg 300w, https:\/\/weltlaeden.de\/westerstede\/wp-content\/uploads\/sites\/55\/2025\/09\/Eierwaermer-1024x768.jpg 1024w, https:\/\/weltlaeden.de\/westerstede\/wp-content\/uploads\/sites\/55\/2025\/09\/Eierwaermer-768x576.jpg 768w, https:\/\/weltlaeden.de\/westerstede\/wp-content\/uploads\/sites\/55\/2025\/09\/Eierwaermer-1536x1152.jpg 1536w, https:\/\/weltlaeden.de\/westerstede\/wp-content\/uploads\/sites\/55\/2025\/09\/Eierwaermer-2048x1536.jpg 2048w\" sizes=\"auto, (max-width: 2560px) 100vw, 2560px\" \/><\/p><\/div><div class=\"wl_einzelbild\"><p><img loading=\"lazy\" decoding=\"async\" class=\"alignleft size-full wp-image-807\" src=\"https:\/\/weltlaeden.de\/westerstede\/wp-content\/uploads\/sites\/55\/2026\/03\/Taschen-scaled.jpg\" alt=\"\" width=\"2560\" height=\"1707\" srcset=\"https:\/\/weltlaeden.de\/westerstede\/wp-content\/uploads\/sites\/55\/2026\/03\/Taschen-scaled.jpg 2560w, https:\/\/weltlaeden.de\/westerstede\/wp-content\/uploads\/sites\/55\/2026\/03\/Taschen-300x200.jpg 300w, https:\/\/weltlaeden.de\/westerstede\/wp-content\/uploads\/sites\/55\/2026\/03\/Taschen-1024x683.jpg 1024w, https:\/\/weltlaeden.de\/westerstede\/wp-content\/uploads\/sites\/55\/2026\/03\/Taschen-768x512.jpg 768w, https:\/\/weltlaeden.de\/westerstede\/wp-content\/uploads\/sites\/55\/2026\/03\/Taschen-1536x1024.jpg 1536w, https:\/\/weltlaeden.de\/westerstede\/wp-content\/uploads\/sites\/55\/2026\/03\/Taschen-2048x1365.jpg 2048w\" sizes=\"auto, (max-width: 2560px) 100vw, 2560px\" \/><\/p><\/div><div class=\"wl_einzelbild\"><p><img loading=\"lazy\" decoding=\"async\" class=\"alignleft size-full wp-image-662\" src=\"https:\/\/weltlaeden.de\/westerstede\/wp-content\/uploads\/sites\/55\/2025\/09\/taschen-scaled.jpg\" alt=\"\" width=\"2560\" height=\"1707\" srcset=\"https:\/\/weltlaeden.de\/westerstede\/wp-content\/uploads\/sites\/55\/2025\/09\/taschen-scaled.jpg 2560w, https:\/\/weltlaeden.de\/westerstede\/wp-content\/uploads\/sites\/55\/2025\/09\/taschen-300x200.jpg 300w, https:\/\/weltlaeden.de\/westerstede\/wp-content\/uploads\/sites\/55\/2025\/09\/taschen-1024x683.jpg 1024w, https:\/\/weltlaeden.de\/westerstede\/wp-content\/uploads\/sites\/55\/2025\/09\/taschen-768x512.jpg 768w, https:\/\/weltlaeden.de\/westerstede\/wp-content\/uploads\/sites\/55\/2025\/09\/taschen-1536x1024.jpg 1536w, https:\/\/weltlaeden.de\/westerstede\/wp-content\/uploads\/sites\/55\/2025\/09\/taschen-2048x1365.jpg 2048w\" sizes=\"auto, (max-width: 2560px) 100vw, 2560px\" \/><\/p><\/div><div class=\"wl_einzelbild\"><p><img loading=\"lazy\" decoding=\"async\" class=\"alignleft size-full wp-image-642\" src=\"https:\/\/weltlaeden.de\/westerstede\/wp-content\/uploads\/sites\/55\/2025\/09\/Perlen-Armbaender-scaled.jpg\" alt=\"\" width=\"2560\" height=\"1920\" srcset=\"https:\/\/weltlaeden.de\/westerstede\/wp-content\/uploads\/sites\/55\/2025\/09\/Perlen-Armbaender-scaled.jpg 2560w, https:\/\/weltlaeden.de\/westerstede\/wp-content\/uploads\/sites\/55\/2025\/09\/Perlen-Armbaender-300x225.jpg 300w, https:\/\/weltlaeden.de\/westerstede\/wp-content\/uploads\/sites\/55\/2025\/09\/Perlen-Armbaender-1024x768.jpg 1024w, https:\/\/weltlaeden.de\/westerstede\/wp-content\/uploads\/sites\/55\/2025\/09\/Perlen-Armbaender-768x576.jpg 768w, https:\/\/weltlaeden.de\/westerstede\/wp-content\/uploads\/sites\/55\/2025\/09\/Perlen-Armbaender-1536x1152.jpg 1536w, https:\/\/weltlaeden.de\/westerstede\/wp-content\/uploads\/sites\/55\/2025\/09\/Perlen-Armbaender-2048x1536.jpg 2048w\" sizes=\"auto, (max-width: 2560px) 100vw, 2560px\" \/><\/p><\/div><div class=\"wl_einzelbild\"><p><img loading=\"lazy\" decoding=\"async\" class=\"alignleft size-full wp-image-803\" src=\"https:\/\/weltlaeden.de\/westerstede\/wp-content\/uploads\/sites\/55\/2026\/03\/Kette-Saristoff-scaled.jpg\" alt=\"\" width=\"2560\" height=\"1707\" srcset=\"https:\/\/weltlaeden.de\/westerstede\/wp-content\/uploads\/sites\/55\/2026\/03\/Kette-Saristoff-scaled.jpg 2560w, https:\/\/weltlaeden.de\/westerstede\/wp-content\/uploads\/sites\/55\/2026\/03\/Kette-Saristoff-300x200.jpg 300w, https:\/\/weltlaeden.de\/westerstede\/wp-content\/uploads\/sites\/55\/2026\/03\/Kette-Saristoff-1024x683.jpg 1024w, https:\/\/weltlaeden.de\/westerstede\/wp-content\/uploads\/sites\/55\/2026\/03\/Kette-Saristoff-768x512.jpg 768w, https:\/\/weltlaeden.de\/westerstede\/wp-content\/uploads\/sites\/55\/2026\/03\/Kette-Saristoff-1536x1024.jpg 1536w, https:\/\/weltlaeden.de\/westerstede\/wp-content\/uploads\/sites\/55\/2026\/03\/Kette-Saristoff-2048x1365.jpg 2048w\" sizes=\"auto, (max-width: 2560px) 100vw, 2560px\" \/><\/p><\/div><div class=\"wl_einzelbild\"><p><img loading=\"lazy\" decoding=\"async\" class=\"alignleft size-full wp-image-763\" src=\"https:\/\/weltlaeden.de\/westerstede\/wp-content\/uploads\/sites\/55\/2026\/02\/Metall-Yoga.jpg\" alt=\"\" width=\"1500\" height=\"1000\" srcset=\"https:\/\/weltlaeden.de\/westerstede\/wp-content\/uploads\/sites\/55\/2026\/02\/Metall-Yoga.jpg 1500w, https:\/\/weltlaeden.de\/westerstede\/wp-content\/uploads\/sites\/55\/2026\/02\/Metall-Yoga-300x200.jpg 300w, https:\/\/weltlaeden.de\/westerstede\/wp-content\/uploads\/sites\/55\/2026\/02\/Metall-Yoga-1024x683.jpg 1024w, https:\/\/weltlaeden.de\/westerstede\/wp-content\/uploads\/sites\/55\/2026\/02\/Metall-Yoga-768x512.jpg 768w\" sizes=\"auto, (max-width: 1500px) 100vw, 1500px\" \/><\/p><\/div><div class=\"wl_einzelbild\"><p><img loading=\"lazy\" decoding=\"async\" class=\"alignleft size-full wp-image-764\" src=\"https:\/\/weltlaeden.de\/westerstede\/wp-content\/uploads\/sites\/55\/2026\/02\/Metall-Frauen-scaled.jpg\" alt=\"\" width=\"2560\" height=\"1707\" srcset=\"https:\/\/weltlaeden.de\/westerstede\/wp-content\/uploads\/sites\/55\/2026\/02\/Metall-Frauen-scaled.jpg 2560w, https:\/\/weltlaeden.de\/westerstede\/wp-content\/uploads\/sites\/55\/2026\/02\/Metall-Frauen-300x200.jpg 300w, https:\/\/weltlaeden.de\/westerstede\/wp-content\/uploads\/sites\/55\/2026\/02\/Metall-Frauen-1024x683.jpg 1024w, https:\/\/weltlaeden.de\/westerstede\/wp-content\/uploads\/sites\/55\/2026\/02\/Metall-Frauen-768x512.jpg 768w, https:\/\/weltlaeden.de\/westerstede\/wp-content\/uploads\/sites\/55\/2026\/02\/Metall-Frauen-1536x1024.jpg 1536w, https:\/\/weltlaeden.de\/westerstede\/wp-content\/uploads\/sites\/55\/2026\/02\/Metall-Frauen-2048x1365.jpg 2048w\" sizes=\"auto, (max-width: 2560px) 100vw, 2560px\" \/><\/p><\/div><div class=\"wl_einzelbild\"><p><img loading=\"lazy\" decoding=\"async\" class=\"alignleft size-full wp-image-645\" src=\"https:\/\/weltlaeden.de\/westerstede\/wp-content\/uploads\/sites\/55\/2025\/09\/Metall-Fahrzeuge-scaled.jpg\" alt=\"\" width=\"2560\" height=\"1920\" srcset=\"https:\/\/weltlaeden.de\/westerstede\/wp-content\/uploads\/sites\/55\/2025\/09\/Metall-Fahrzeuge-scaled.jpg 2560w, https:\/\/weltlaeden.de\/westerstede\/wp-content\/uploads\/sites\/55\/2025\/09\/Metall-Fahrzeuge-300x225.jpg 300w, https:\/\/weltlaeden.de\/westerstede\/wp-content\/uploads\/sites\/55\/2025\/09\/Metall-Fahrzeuge-1024x768.jpg 1024w, https:\/\/weltlaeden.de\/westerstede\/wp-content\/uploads\/sites\/55\/2025\/09\/Metall-Fahrzeuge-768x576.jpg 768w, https:\/\/weltlaeden.de\/westerstede\/wp-content\/uploads\/sites\/55\/2025\/09\/Metall-Fahrzeuge-1536x1152.jpg 1536w, https:\/\/weltlaeden.de\/westerstede\/wp-content\/uploads\/sites\/55\/2025\/09\/Metall-Fahrzeuge-2048x1536.jpg 2048w\" sizes=\"auto, (max-width: 2560px) 100vw, 2560px\" \/><\/p><\/div><div class=\"wl_einzelbild\"><p><img loading=\"lazy\" decoding=\"async\" class=\"alignleft size-full wp-image-644\" src=\"https:\/\/weltlaeden.de\/westerstede\/wp-content\/uploads\/sites\/55\/2025\/09\/Uhr-scaled.jpg\" alt=\"\" width=\"2560\" height=\"1920\" srcset=\"https:\/\/weltlaeden.de\/westerstede\/wp-content\/uploads\/sites\/55\/2025\/09\/Uhr-scaled.jpg 2560w, https:\/\/weltlaeden.de\/westerstede\/wp-content\/uploads\/sites\/55\/2025\/09\/Uhr-300x225.jpg 300w, https:\/\/weltlaeden.de\/westerstede\/wp-content\/uploads\/sites\/55\/2025\/09\/Uhr-1024x768.jpg 1024w, https:\/\/weltlaeden.de\/westerstede\/wp-content\/uploads\/sites\/55\/2025\/09\/Uhr-768x576.jpg 768w, https:\/\/weltlaeden.de\/westerstede\/wp-content\/uploads\/sites\/55\/2025\/09\/Uhr-1536x1152.jpg 1536w, https:\/\/weltlaeden.de\/westerstede\/wp-content\/uploads\/sites\/55\/2025\/09\/Uhr-2048x1536.jpg 2048w\" sizes=\"auto, (max-width: 2560px) 100vw, 2560px\" \/><\/p><\/div>[\/vc_column_inner][vc_column_inner width=&#8220;1\/3&#8243;][vc_column_text css=&#8220;&#8220;]<\/p>\n<h2>Sonnenglas in 2 Gr\u00f6\u00dfen<\/h2>\n<p>[\/vc_column_text]<div class=\"wl_einzelbild\"><p><img loading=\"lazy\" decoding=\"async\" class=\"alignnone wp-image-463 size-full\" src=\"https:\/\/weltlaeden.de\/westerstede\/wp-content\/uploads\/sites\/55\/2020\/01\/Sonnenglas.png\" alt=\"\" width=\"386\" height=\"259\" srcset=\"https:\/\/weltlaeden.de\/westerstede\/wp-content\/uploads\/sites\/55\/2020\/01\/Sonnenglas.png 386w, https:\/\/weltlaeden.de\/westerstede\/wp-content\/uploads\/sites\/55\/2020\/01\/Sonnenglas-300x201.png 300w\" sizes=\"auto, (max-width: 386px) 100vw, 386px\" \/><\/p><\/div>[vc_column_text css=&#8220;&#8220;]Mit dem SONNENGLAS\u00ae aus S\u00fcdafrika wird Licht nachhaltig und umweltbewusst erzeugt.<\/p>\n<p>Das SONNENGLAS\u00ae ist im Deckel mit einem Akku-Solar-Sonnen-<br \/>\nmodul ausgestattet, das bei Sonnenschein in 1,5 bis 2,5 Std. aufgeladen wird. Nat\u00fcrlich kann das Modul, z.B. im Winter, auch mit einem USB-Kabel aufgeladen werden.<br \/>\nBei Dunkelheit spenden die im Deckel integrierten LEDs dann f\u00fcr viele Stunden weiches und helles Licht, das stufenlos dimmbar ist. Das Modul kann auch ohne das Glas genutzt werden, z.B. als &#8222;Taschenlampe&#8220;.<\/p>\n<p>Das SONNENGLAS\u00ae ist ideal als Solar-Laterne, Gartenlampe, f\u00fcr Grillpartys, zum Camping, zur Dekoration \u2026 einfach f\u00fcr alle Outdoor-Aktivit\u00e4ten aber auch in Innenr\u00e4umen wird dadurch eine gem\u00fctliche, idyllische Abend-<br \/>\nstimmung erzeugt.[\/vc_column_text][vc_column_text css=&#8220;&#8220;][\/vc_column_text][\/vc_column_inner][\/vc_row_inner][vc_column_text css=&#8220;&#8220;]<strong>Von diesen Fair-Handels-Importeuren beziehen wir haupts\u00e4chlich unsere Waren.<\/strong><\/p>\n<ul>\n<li><a href=\"http:\/\/www.dwp-rv.de\" target=\"_blank\" rel=\"noopener\"><strong>El Puente<\/strong><\/a><\/li>\n<li><strong><a href=\"http:\/\/www.gepa.de\/\" target=\"_blank\" rel=\"noopener\">GEPA \u2013 The Fair Trade Company<\/a><\/strong><\/li>\n<li><strong><a href=\"https:\/\/www.globo-fairtrade.com\/\" target=\"_blank\" rel=\"noopener\">GLOBO<\/a><\/strong><\/li>\n<li><strong><a href=\"http:\/\/www.fridafeeling.de\">Frida Feeling<\/a><\/strong><\/li>\n<\/ul>\n<p>[\/vc_column_text][\/vc_column][\/vc_row]<\/p>\n<\/div>","protected":false},"excerpt":{"rendered":"<p>[vc_row][vc_column][vc_column_text css=&#8220;&#8220;] Eine Auswahl aus unserem Sortiment [\/vc_column_text][vc_empty_space][vc_row_inner][vc_column_inner width=&#8220;1\/3&#8243;][vc_column_text] Lebensmittel [\/vc_column_text][vc_column_text css=&#8220;&#8220;]-Kaffee, Tee, Schokolade in Prio-Qualit\u00e4t -Vielf\u00e4ltige Honigsorten -Besondere Gew\u00fcrzmischungen aus S\u00fcdafrika -Hochwertiges Oliven\u00f6l -Weine aus S\u00fcdafrika und Chile -Milden Rum aus Cuba und weitere faire Lebensmittel [\/vc_column_text][vc_column_text css=&#8220;&#8220;]Probieren Sie die zartschmelzende Schokolade von Chocolat Makers mit dem Segelboot auf der Verpackung. Der Kakao wird&hellip;<\/p>\n","protected":false},"author":1,"featured_media":0,"parent":0,"menu_order":2,"comment_status":"closed","ping_status":"closed","template":"","meta":{"footnotes":""},"class_list":["post-217","page","type-page","status-publish","hentry","description-off"],"yoast_head":"<!-- This site is optimized with the Yoast SEO plugin v26.8 - https:\/\/yoast.com\/product\/yoast-seo-wordpress\/ -->\n<title>Produkte - Weltladen Westerstede<\/title>\n<meta name=\"robots\" content=\"index, follow, max-snippet:-1, max-image-preview:large, max-video-preview:-1\" \/>\n<link rel=\"canonical\" href=\"https:\/\/weltlaeden.de\/westerstede\/produkte\/\" \/>\n<meta property=\"og:locale\" content=\"de_DE\" \/>\n<meta property=\"og:type\" content=\"article\" \/>\n<meta property=\"og:title\" content=\"Produkte - Weltladen Westerstede\" \/>\n<meta property=\"og:description\" content=\"[vc_row][vc_column][vc_column_text css=&#8220;&#8220;] Eine Auswahl aus unserem Sortiment [\/vc_column_text][vc_empty_space][vc_row_inner][vc_column_inner width=&#8220;1\/3&#8243;][vc_column_text] Lebensmittel [\/vc_column_text][vc_column_text css=&#8220;&#8220;]-Kaffee, Tee, Schokolade in Prio-Qualit\u00e4t -Vielf\u00e4ltige Honigsorten -Besondere Gew\u00fcrzmischungen aus S\u00fcdafrika -Hochwertiges Oliven\u00f6l -Weine aus S\u00fcdafrika und Chile -Milden Rum aus Cuba und weitere faire Lebensmittel [\/vc_column_text][vc_column_text css=&#8220;&#8220;]Probieren Sie die zartschmelzende Schokolade von Chocolat Makers mit dem Segelboot auf der Verpackung. Der Kakao wird&hellip;\" \/>\n<meta property=\"og:url\" content=\"https:\/\/weltlaeden.de\/westerstede\/produkte\/\" \/>\n<meta property=\"og:site_name\" content=\"Weltladen Westerstede\" \/>\n<meta property=\"article:modified_time\" content=\"2026-03-15T17:12:21+00:00\" \/>\n<meta property=\"og:image\" content=\"https:\/\/weltlaeden.de\/westerstede\/wp-content\/uploads\/sites\/55\/2025\/08\/IMG_3784_2-scaled.jpg\" \/>\n\t<meta property=\"og:image:width\" content=\"2560\" \/>\n\t<meta property=\"og:image:height\" content=\"1707\" \/>\n\t<meta property=\"og:image:type\" content=\"image\/jpeg\" \/>\n<meta name=\"twitter:card\" content=\"summary_large_image\" \/>\n<meta name=\"twitter:label1\" content=\"Gesch\u00e4tzte Lesezeit\" \/>\n\t<meta name=\"twitter:data1\" content=\"5\u00a0Minuten\" \/>\n<script type=\"application\/ld+json\" class=\"yoast-schema-graph\">{\"@context\":\"https:\/\/schema.org\",\"@graph\":[{\"@type\":\"WebPage\",\"@id\":\"https:\/\/weltlaeden.de\/westerstede\/produkte\/\",\"url\":\"https:\/\/weltlaeden.de\/westerstede\/produkte\/\",\"name\":\"Produkte - Weltladen Westerstede\",\"isPartOf\":{\"@id\":\"https:\/\/weltlaeden.de\/westerstede\/#website\"},\"primaryImageOfPage\":{\"@id\":\"https:\/\/weltlaeden.de\/westerstede\/produkte\/#primaryimage\"},\"image\":{\"@id\":\"https:\/\/weltlaeden.de\/westerstede\/produkte\/#primaryimage\"},\"thumbnailUrl\":\"https:\/\/weltlaeden.de\/westerstede\/wp-content\/uploads\/sites\/55\/2025\/08\/IMG_3784_2-scaled.jpg\",\"datePublished\":\"2016-10-28T11:34:47+00:00\",\"dateModified\":\"2026-03-15T17:12:21+00:00\",\"breadcrumb\":{\"@id\":\"https:\/\/weltlaeden.de\/westerstede\/produkte\/#breadcrumb\"},\"inLanguage\":\"de\",\"potentialAction\":[{\"@type\":\"ReadAction\",\"target\":[\"https:\/\/weltlaeden.de\/westerstede\/produkte\/\"]}]},{\"@type\":\"ImageObject\",\"inLanguage\":\"de\",\"@id\":\"https:\/\/weltlaeden.de\/westerstede\/produkte\/#primaryimage\",\"url\":\"https:\/\/weltlaeden.de\/westerstede\/wp-content\/uploads\/sites\/55\/2025\/08\/IMG_3784_2-scaled.jpg\",\"contentUrl\":\"https:\/\/weltlaeden.de\/westerstede\/wp-content\/uploads\/sites\/55\/2025\/08\/IMG_3784_2-scaled.jpg\",\"width\":2560,\"height\":1707},{\"@type\":\"BreadcrumbList\",\"@id\":\"https:\/\/weltlaeden.de\/westerstede\/produkte\/#breadcrumb\",\"itemListElement\":[{\"@type\":\"ListItem\",\"position\":1,\"name\":\"Startseite\",\"item\":\"https:\/\/weltlaeden.de\/westerstede\/\"},{\"@type\":\"ListItem\",\"position\":2,\"name\":\"Produkte\"}]},{\"@type\":\"WebSite\",\"@id\":\"https:\/\/weltlaeden.de\/westerstede\/#website\",\"url\":\"https:\/\/weltlaeden.de\/westerstede\/\",\"name\":\"Vorlage\",\"description\":\"Faire Produkte seit 1990\",\"potentialAction\":[{\"@type\":\"SearchAction\",\"target\":{\"@type\":\"EntryPoint\",\"urlTemplate\":\"https:\/\/weltlaeden.de\/westerstede\/?s={search_term_string}\"},\"query-input\":{\"@type\":\"PropertyValueSpecification\",\"valueRequired\":true,\"valueName\":\"search_term_string\"}}],\"inLanguage\":\"de\"}]}<\/script>\n<!-- \/ Yoast SEO plugin. -->","yoast_head_json":{"title":"Produkte - Weltladen Westerstede","robots":{"index":"index","follow":"follow","max-snippet":"max-snippet:-1","max-image-preview":"max-image-preview:large","max-video-preview":"max-video-preview:-1"},"canonical":"https:\/\/weltlaeden.de\/westerstede\/produkte\/","og_locale":"de_DE","og_type":"article","og_title":"Produkte - Weltladen Westerstede","og_description":"[vc_row][vc_column][vc_column_text css=&#8220;&#8220;] Eine Auswahl aus unserem Sortiment [\/vc_column_text][vc_empty_space][vc_row_inner][vc_column_inner width=&#8220;1\/3&#8243;][vc_column_text] Lebensmittel [\/vc_column_text][vc_column_text css=&#8220;&#8220;]-Kaffee, Tee, Schokolade in Prio-Qualit\u00e4t -Vielf\u00e4ltige Honigsorten -Besondere Gew\u00fcrzmischungen aus S\u00fcdafrika -Hochwertiges Oliven\u00f6l -Weine aus S\u00fcdafrika und Chile -Milden Rum aus Cuba und weitere faire Lebensmittel [\/vc_column_text][vc_column_text css=&#8220;&#8220;]Probieren Sie die zartschmelzende Schokolade von Chocolat Makers mit dem Segelboot auf der Verpackung. Der Kakao wird&hellip;","og_url":"https:\/\/weltlaeden.de\/westerstede\/produkte\/","og_site_name":"Weltladen Westerstede","article_modified_time":"2026-03-15T17:12:21+00:00","og_image":[{"width":2560,"height":1707,"url":"https:\/\/weltlaeden.de\/westerstede\/wp-content\/uploads\/sites\/55\/2025\/08\/IMG_3784_2-scaled.jpg","type":"image\/jpeg"}],"twitter_card":"summary_large_image","twitter_misc":{"Gesch\u00e4tzte Lesezeit":"5\u00a0Minuten"},"schema":{"@context":"https:\/\/schema.org","@graph":[{"@type":"WebPage","@id":"https:\/\/weltlaeden.de\/westerstede\/produkte\/","url":"https:\/\/weltlaeden.de\/westerstede\/produkte\/","name":"Produkte - Weltladen Westerstede","isPartOf":{"@id":"https:\/\/weltlaeden.de\/westerstede\/#website"},"primaryImageOfPage":{"@id":"https:\/\/weltlaeden.de\/westerstede\/produkte\/#primaryimage"},"image":{"@id":"https:\/\/weltlaeden.de\/westerstede\/produkte\/#primaryimage"},"thumbnailUrl":"https:\/\/weltlaeden.de\/westerstede\/wp-content\/uploads\/sites\/55\/2025\/08\/IMG_3784_2-scaled.jpg","datePublished":"2016-10-28T11:34:47+00:00","dateModified":"2026-03-15T17:12:21+00:00","breadcrumb":{"@id":"https:\/\/weltlaeden.de\/westerstede\/produkte\/#breadcrumb"},"inLanguage":"de","potentialAction":[{"@type":"ReadAction","target":["https:\/\/weltlaeden.de\/westerstede\/produkte\/"]}]},{"@type":"ImageObject","inLanguage":"de","@id":"https:\/\/weltlaeden.de\/westerstede\/produkte\/#primaryimage","url":"https:\/\/weltlaeden.de\/westerstede\/wp-content\/uploads\/sites\/55\/2025\/08\/IMG_3784_2-scaled.jpg","contentUrl":"https:\/\/weltlaeden.de\/westerstede\/wp-content\/uploads\/sites\/55\/2025\/08\/IMG_3784_2-scaled.jpg","width":2560,"height":1707},{"@type":"BreadcrumbList","@id":"https:\/\/weltlaeden.de\/westerstede\/produkte\/#breadcrumb","itemListElement":[{"@type":"ListItem","position":1,"name":"Startseite","item":"https:\/\/weltlaeden.de\/westerstede\/"},{"@type":"ListItem","position":2,"name":"Produkte"}]},{"@type":"WebSite","@id":"https:\/\/weltlaeden.de\/westerstede\/#website","url":"https:\/\/weltlaeden.de\/westerstede\/","name":"Vorlage","description":"Faire Produkte seit 1990","potentialAction":[{"@type":"SearchAction","target":{"@type":"EntryPoint","urlTemplate":"https:\/\/weltlaeden.de\/westerstede\/?s={search_term_string}"},"query-input":{"@type":"PropertyValueSpecification","valueRequired":true,"valueName":"search_term_string"}}],"inLanguage":"de"}]}},"_links":{"self":[{"href":"https:\/\/weltlaeden.de\/westerstede\/wp-json\/wp\/v2\/pages\/217","targetHints":{"allow":["GET"]}}],"collection":[{"href":"https:\/\/weltlaeden.de\/westerstede\/wp-json\/wp\/v2\/pages"}],"about":[{"href":"https:\/\/weltlaeden.de\/westerstede\/wp-json\/wp\/v2\/types\/page"}],"author":[{"embeddable":true,"href":"https:\/\/weltlaeden.de\/westerstede\/wp-json\/wp\/v2\/users\/1"}],"replies":[{"embeddable":true,"href":"https:\/\/weltlaeden.de\/westerstede\/wp-json\/wp\/v2\/comments?post=217"}],"version-history":[{"count":104,"href":"https:\/\/weltlaeden.de\/westerstede\/wp-json\/wp\/v2\/pages\/217\/revisions"}],"predecessor-version":[{"id":813,"href":"https:\/\/weltlaeden.de\/westerstede\/wp-json\/wp\/v2\/pages\/217\/revisions\/813"}],"wp:attachment":[{"href":"https:\/\/weltlaeden.de\/westerstede\/wp-json\/wp\/v2\/media?parent=217"}],"curies":[{"name":"wp","href":"https:\/\/api.w.org\/{rel}","templated":true}]}}