{"id":20,"date":"2016-10-14T09:05:21","date_gmt":"2016-10-14T07:05:21","guid":{"rendered":"https:\/\/wl.heimpixel.de\/vorlage\/weltladen-musterdorf\/"},"modified":"2026-03-10T19:35:21","modified_gmt":"2026-03-10T18:35:21","slug":"weltladen-musterdorf","status":"publish","type":"page","link":"https:\/\/weltlaeden.de\/westerstede\/","title":{"rendered":"Weltladen \u00c4quator Westerstede"},"content":{"rendered":"<div class=\"wpb-content-wrapper\"><p>[vc_row][vc_column]<div class=\"wl_einzelbild\"><p><img decoding=\"async\" class=\"alignleft size-full wp-image-532\" src=\"https:\/\/weltlaeden.de\/westerstede\/wp-content\/uploads\/sites\/55\/2021\/09\/1-2.jpg\" alt=\"\" \/><\/p><\/div>[vc_empty_space height=&#8220;20px&#8220;][\/vc_column][\/vc_row][vc_row][vc_column][vc_column_text css=&#8220;&#8220;]<\/p>\n<h2>Was Sie auf dieser Website finden:<\/h2>\n<p>[\/vc_column_text][vc_empty_space height=&#8220;20px&#8220;][vc_row_inner][vc_column_inner width=&#8220;1\/4&#8243;]<div class=\"wl_einzelbild\"><p><img loading=\"lazy\" decoding=\"async\" class=\"alignleft size-full wp-image-546\" src=\"https:\/\/weltlaeden.de\/westerstede\/wp-content\/uploads\/sites\/55\/2023\/03\/WST_Fairtrade_Logo-NEU-mit-Skyline.jpg\" alt=\"\" width=\"1339\" height=\"989\" srcset=\"https:\/\/weltlaeden.de\/westerstede\/wp-content\/uploads\/sites\/55\/2023\/03\/WST_Fairtrade_Logo-NEU-mit-Skyline.jpg 1339w, https:\/\/weltlaeden.de\/westerstede\/wp-content\/uploads\/sites\/55\/2023\/03\/WST_Fairtrade_Logo-NEU-mit-Skyline-300x222.jpg 300w, https:\/\/weltlaeden.de\/westerstede\/wp-content\/uploads\/sites\/55\/2023\/03\/WST_Fairtrade_Logo-NEU-mit-Skyline-1024x756.jpg 1024w, https:\/\/weltlaeden.de\/westerstede\/wp-content\/uploads\/sites\/55\/2023\/03\/WST_Fairtrade_Logo-NEU-mit-Skyline-768x567.jpg 768w\" sizes=\"auto, (max-width: 1339px) 100vw, 1339px\" \/><\/p><\/div>[\/vc_column_inner][vc_column_inner width=&#8220;3\/4&#8243;][vc_column_text css=&#8220;&#8220;]<\/p>\n<h3>Fairer Handel<\/h3>\n<p>Was meint Fairer Handel \u00fcberhaupt? Welche Kriterien m\u00fcssen eingehalten werden und wer \u00fcberpr\u00fcft diese?<br \/>\n<a href=\"https:\/\/weltlaeden.de\/westerstede\/fairer-handel\/\">Erfahren Sie mehr &#8230;<\/a>[\/vc_column_text][\/vc_column_inner][\/vc_row_inner][vc_separator][vc_row_inner][vc_column_inner width=&#8220;1\/4&#8243;]<div class=\"wl_einzelbild\"><p><img loading=\"lazy\" decoding=\"async\" class=\"alignleft size-full wp-image-nsm-3-28\" src=\"https:\/\/weltlaeden.de\/westerstede\/wp-content\/uploads\/sites\/3\/2018\/05\/Lebensmittel_WL-Bornheim-Christian-Schilling_150x150.jpg\" alt=\"\" width=\"150\" height=\"150\" \/><\/p><\/div><div class=\"wl_einzelbild\"><p><\/p><\/div><div class=\"wl_einzelbild\"><p><img loading=\"lazy\" decoding=\"async\" class=\"alignleft size-full wp-image-788\" src=\"https:\/\/weltlaeden.de\/westerstede\/wp-content\/uploads\/sites\/55\/2026\/03\/Osternest-scaled.jpg\" alt=\"\" width=\"2560\" height=\"1707\" srcset=\"https:\/\/weltlaeden.de\/westerstede\/wp-content\/uploads\/sites\/55\/2026\/03\/Osternest-scaled.jpg 2560w, https:\/\/weltlaeden.de\/westerstede\/wp-content\/uploads\/sites\/55\/2026\/03\/Osternest-300x200.jpg 300w, https:\/\/weltlaeden.de\/westerstede\/wp-content\/uploads\/sites\/55\/2026\/03\/Osternest-1024x683.jpg 1024w, https:\/\/weltlaeden.de\/westerstede\/wp-content\/uploads\/sites\/55\/2026\/03\/Osternest-768x512.jpg 768w, https:\/\/weltlaeden.de\/westerstede\/wp-content\/uploads\/sites\/55\/2026\/03\/Osternest-1536x1024.jpg 1536w, https:\/\/weltlaeden.de\/westerstede\/wp-content\/uploads\/sites\/55\/2026\/03\/Osternest-2048x1365.jpg 2048w\" sizes=\"auto, (max-width: 2560px) 100vw, 2560px\" \/><\/p><\/div><div class=\"wl_einzelbild\"><p><img loading=\"lazy\" decoding=\"async\" class=\"alignleft size-full wp-image-790\" src=\"https:\/\/weltlaeden.de\/westerstede\/wp-content\/uploads\/sites\/55\/2026\/03\/Haehne-scaled.jpg\" alt=\"\" width=\"2560\" height=\"1707\" srcset=\"https:\/\/weltlaeden.de\/westerstede\/wp-content\/uploads\/sites\/55\/2026\/03\/Haehne-scaled.jpg 2560w, https:\/\/weltlaeden.de\/westerstede\/wp-content\/uploads\/sites\/55\/2026\/03\/Haehne-300x200.jpg 300w, https:\/\/weltlaeden.de\/westerstede\/wp-content\/uploads\/sites\/55\/2026\/03\/Haehne-1024x683.jpg 1024w, https:\/\/weltlaeden.de\/westerstede\/wp-content\/uploads\/sites\/55\/2026\/03\/Haehne-768x512.jpg 768w, https:\/\/weltlaeden.de\/westerstede\/wp-content\/uploads\/sites\/55\/2026\/03\/Haehne-1536x1024.jpg 1536w, https:\/\/weltlaeden.de\/westerstede\/wp-content\/uploads\/sites\/55\/2026\/03\/Haehne-2048x1365.jpg 2048w\" sizes=\"auto, (max-width: 2560px) 100vw, 2560px\" \/><\/p><\/div>[\/vc_column_inner][vc_column_inner width=&#8220;3\/4&#8243;][vc_column_text css=&#8220;&#8220;]<\/p>\n<h3>Produkte<\/h3>\n<p>Unsere Produkte im Weltladen sind nat\u00fcrlich alle aus Fairem Handel, dennoch kommen sie von unterschiedlichen Fair-Handels-Importeuren.<\/p>\n<p><a href=\"https:\/\/weltlaeden.de\/westerstede\/produkte\/\">Hier zeigen wir Ihnen unser Sortiment &#8230;<\/a><\/p>\n<p><strong>Aktuell<\/strong>:<br \/>\nSuchen Sie sich aus unserem vielf\u00e4ltigen Angebot an Oster-Deko das Passende f\u00fcr ihr zu Hause.<br \/>\nHier einige Beispiele.[\/vc_column_text][\/vc_column_inner][\/vc_row_inner][vc_separator][vc_row_inner][vc_column_inner width=&#8220;1\/4&#8243;]<div class=\"wl_einzelbild\"><p><img loading=\"lazy\" decoding=\"async\" class=\"alignleft size-full wp-image-717\" src=\"https:\/\/weltlaeden.de\/westerstede\/wp-content\/uploads\/sites\/55\/2025\/12\/IMG_9453-scaled.jpg\" alt=\"\" width=\"2560\" height=\"1707\" srcset=\"https:\/\/weltlaeden.de\/westerstede\/wp-content\/uploads\/sites\/55\/2025\/12\/IMG_9453-scaled.jpg 2560w, https:\/\/weltlaeden.de\/westerstede\/wp-content\/uploads\/sites\/55\/2025\/12\/IMG_9453-300x200.jpg 300w, https:\/\/weltlaeden.de\/westerstede\/wp-content\/uploads\/sites\/55\/2025\/12\/IMG_9453-1024x683.jpg 1024w, https:\/\/weltlaeden.de\/westerstede\/wp-content\/uploads\/sites\/55\/2025\/12\/IMG_9453-768x512.jpg 768w, https:\/\/weltlaeden.de\/westerstede\/wp-content\/uploads\/sites\/55\/2025\/12\/IMG_9453-1536x1024.jpg 1536w, https:\/\/weltlaeden.de\/westerstede\/wp-content\/uploads\/sites\/55\/2025\/12\/IMG_9453-2048x1365.jpg 2048w\" sizes=\"auto, (max-width: 2560px) 100vw, 2560px\" \/><\/p><\/div>[\/vc_column_inner][vc_column_inner width=&#8220;3\/4&#8243;][vc_column_text css=&#8220;&#8220;]<\/p>\n<h3>Unser Laden<\/h3>\n<p><a href=\"https:\/\/weltlaeden.de\/westerstede\/laden\/\">Aktuelle Einblicke &#8230;<\/a><\/p>\n<p>[\/vc_column_text][\/vc_column_inner][\/vc_row_inner][vc_separator][vc_row_inner][vc_column_inner width=&#8220;1\/4&#8243;]<div class=\"wl_einzelbild\"><p><img loading=\"lazy\" decoding=\"async\" class=\"alignnone wp-image-454 size-thumbnail\" src=\"https:\/\/weltlaeden.de\/westerstede\/wp-content\/uploads\/sites\/55\/2020\/01\/Ladentam-1-150x150.png\" alt=\"\" width=\"150\" height=\"150\" srcset=\"https:\/\/weltlaeden.de\/westerstede\/wp-content\/uploads\/sites\/55\/2020\/01\/Ladentam-1-150x150.png 150w, https:\/\/weltlaeden.de\/westerstede\/wp-content\/uploads\/sites\/55\/2020\/01\/Ladentam-1-300x300.png 300w, https:\/\/weltlaeden.de\/westerstede\/wp-content\/uploads\/sites\/55\/2020\/01\/Ladentam-1.png 458w\" sizes=\"auto, (max-width: 150px) 100vw, 150px\" \/><\/p><\/div>[\/vc_column_inner][vc_column_inner width=&#8220;3\/4&#8243;][vc_column_text css=&#8220;&#8220;]<\/p>\n<h3>Mitmachen &#8211; \u00fcber uns<\/h3>\n<p>Wer wir sind, warum wir uns f\u00fcr Fairen Handel engagieren und wie man bei uns mitmachen kann &#8211; <a href=\"https:\/\/weltlaeden.de\/westerstede\/ueber-uns\/\">hier stellen wir uns vor &#8230;<\/a>[\/vc_column_text][\/vc_column_inner][\/vc_row_inner][vc_separator][vc_row_inner][vc_column_inner width=&#8220;1\/4&#8243;]<div class=\"wl_einzelbild\"><p><img loading=\"lazy\" decoding=\"async\" class=\"alignleft size-full wp-image-419\" src=\"https:\/\/weltlaeden.de\/westerstede\/wp-content\/uploads\/sites\/55\/2020\/01\/Kalender-1.png\" alt=\"\" width=\"787\" height=\"340\" srcset=\"https:\/\/weltlaeden.de\/westerstede\/wp-content\/uploads\/sites\/55\/2020\/01\/Kalender-1.png 787w, https:\/\/weltlaeden.de\/westerstede\/wp-content\/uploads\/sites\/55\/2020\/01\/Kalender-1-300x130.png 300w, https:\/\/weltlaeden.de\/westerstede\/wp-content\/uploads\/sites\/55\/2020\/01\/Kalender-1-768x332.png 768w\" sizes=\"auto, (max-width: 787px) 100vw, 787px\" \/><\/p><\/div>[\/vc_column_inner][vc_column_inner width=&#8220;3\/4&#8243;][vc_column_text]<\/p>\n<h3>Termine<\/h3>\n<p>Bei uns ist immer etwas los! Wir treffen uns regelm\u00e4\u00dfig zu Teamsitzungen und Fortbildungen, organisieren aber auch immer mal wieder eine Veranstaltung zum Fairen Handel und verwandten Themen. <a href=\"https:\/\/weltlaeden.de\/westerstede\/termine\/\">Hier erfahren Sie was bei uns los ist \u2026<\/a><br \/>\n[\/vc_column_text][\/vc_column_inner][\/vc_row_inner][vc_separator][vc_empty_space][\/vc_column][\/vc_row][vc_row][vc_column][\/vc_column][\/vc_row][vc_row][vc_column][\/vc_column][\/vc_row]<\/p>\n<\/div>","protected":false},"excerpt":{"rendered":"<p>[vc_row][vc_column][vc_empty_space height=&#8220;20px&#8220;][\/vc_column][\/vc_row][vc_row][vc_column][vc_column_text css=&#8220;&#8220;] Was Sie auf dieser Website finden: [\/vc_column_text][vc_empty_space height=&#8220;20px&#8220;][vc_row_inner][vc_column_inner width=&#8220;1\/4&#8243;][\/vc_column_inner][vc_column_inner width=&#8220;3\/4&#8243;][vc_column_text css=&#8220;&#8220;] Fairer Handel Was meint Fairer Handel \u00fcberhaupt? Welche Kriterien m\u00fcssen eingehalten werden und wer \u00fcberpr\u00fcft diese? Erfahren Sie mehr &#8230;[\/vc_column_text][\/vc_column_inner][\/vc_row_inner][vc_separator][vc_row_inner][vc_column_inner width=&#8220;1\/4&#8243;][\/vc_column_inner][vc_column_inner width=&#8220;3\/4&#8243;][vc_column_text css=&#8220;&#8220;] Produkte Unsere Produkte im Weltladen sind nat\u00fcrlich alle aus Fairem Handel, dennoch kommen sie von unterschiedlichen Fair-Handels-Importeuren. Hier&hellip;<\/p>\n","protected":false},"author":1,"featured_media":0,"parent":0,"menu_order":0,"comment_status":"closed","ping_status":"closed","template":"","meta":{"footnotes":""},"class_list":["post-20","page","type-page","status-publish","hentry","description-off"],"yoast_head":"<!-- This site is optimized with the Yoast SEO plugin v26.8 - https:\/\/yoast.com\/product\/yoast-seo-wordpress\/ -->\n<title>Weltladen Westerstede<\/title>\n<meta name=\"description\" content=\"Sch\u00f6n, dass Sie zu uns gefunden haben. Sie finden hier aktuelle Informationen \u00fcber den Fairen Handel und Links zu unseren Gro\u00dfh\u00e4ndlern.Gerne m\u00f6chten wir Ihnen den Fairen Handel n\u00e4her bringen.\" \/>\n<meta name=\"robots\" content=\"index, follow, max-snippet:-1, max-image-preview:large, max-video-preview:-1\" \/>\n<link rel=\"canonical\" href=\"https:\/\/weltlaeden.de\/westerstede\/\" \/>\n<meta property=\"og:locale\" content=\"de_DE\" \/>\n<meta property=\"og:type\" content=\"article\" \/>\n<meta property=\"og:title\" content=\"Weltladen Westerstede\" \/>\n<meta property=\"og:description\" content=\"Sch\u00f6n, dass Sie zu uns gefunden haben. Sie finden hier aktuelle Informationen \u00fcber den Fairen Handel und Links zu unseren Gro\u00dfh\u00e4ndlern.Gerne m\u00f6chten wir Ihnen den Fairen Handel n\u00e4her bringen.\" \/>\n<meta property=\"og:url\" content=\"https:\/\/weltlaeden.de\/westerstede\/\" \/>\n<meta property=\"og:site_name\" content=\"Weltladen Westerstede\" \/>\n<meta property=\"article:modified_time\" content=\"2026-03-10T18:35:21+00:00\" \/>\n<meta name=\"twitter:card\" content=\"summary_large_image\" \/>\n<meta name=\"twitter:label1\" content=\"Gesch\u00e4tzte Lesezeit\" \/>\n\t<meta name=\"twitter:data1\" content=\"3\u00a0Minuten\" \/>\n<script type=\"application\/ld+json\" class=\"yoast-schema-graph\">{\"@context\":\"https:\/\/schema.org\",\"@graph\":[{\"@type\":\"WebPage\",\"@id\":\"https:\/\/weltlaeden.de\/westerstede\/\",\"url\":\"https:\/\/weltlaeden.de\/westerstede\/\",\"name\":\"Weltladen Westerstede\",\"isPartOf\":{\"@id\":\"https:\/\/weltlaeden.de\/westerstede\/#website\"},\"primaryImageOfPage\":{\"@id\":\"https:\/\/weltlaeden.de\/westerstede\/#primaryimage\"},\"image\":{\"@id\":\"https:\/\/weltlaeden.de\/westerstede\/#primaryimage\"},\"thumbnailUrl\":\"https:\/\/weltlaeden.de\/westerstede\/wp-content\/uploads\/sites\/55\/2021\/09\/1-2.jpg\",\"datePublished\":\"2016-10-14T07:05:21+00:00\",\"dateModified\":\"2026-03-10T18:35:21+00:00\",\"description\":\"Sch\u00f6n, dass Sie zu uns gefunden haben. Sie finden hier aktuelle Informationen \u00fcber den Fairen Handel und Links zu unseren Gro\u00dfh\u00e4ndlern.Gerne m\u00f6chten wir Ihnen den Fairen Handel n\u00e4her bringen.\",\"breadcrumb\":{\"@id\":\"https:\/\/weltlaeden.de\/westerstede\/#breadcrumb\"},\"inLanguage\":\"de\",\"potentialAction\":[{\"@type\":\"ReadAction\",\"target\":[\"https:\/\/weltlaeden.de\/westerstede\/\"]}]},{\"@type\":\"ImageObject\",\"inLanguage\":\"de\",\"@id\":\"https:\/\/weltlaeden.de\/westerstede\/#primaryimage\",\"url\":\"\",\"contentUrl\":\"\"},{\"@type\":\"BreadcrumbList\",\"@id\":\"https:\/\/weltlaeden.de\/westerstede\/#breadcrumb\",\"itemListElement\":[{\"@type\":\"ListItem\",\"position\":1,\"name\":\"Startseite\",\"item\":\"https:\/\/weltlaeden.de\/westerstede\/\"},{\"@type\":\"ListItem\",\"position\":2,\"name\":\"Weltladen \u00c4quator Westerstede\"}]},{\"@type\":\"WebSite\",\"@id\":\"https:\/\/weltlaeden.de\/westerstede\/#website\",\"url\":\"https:\/\/weltlaeden.de\/westerstede\/\",\"name\":\"Vorlage\",\"description\":\"Faire Produkte seit 1990\",\"potentialAction\":[{\"@type\":\"SearchAction\",\"target\":{\"@type\":\"EntryPoint\",\"urlTemplate\":\"https:\/\/weltlaeden.de\/westerstede\/?s={search_term_string}\"},\"query-input\":{\"@type\":\"PropertyValueSpecification\",\"valueRequired\":true,\"valueName\":\"search_term_string\"}}],\"inLanguage\":\"de\"}]}<\/script>\n<!-- \/ Yoast SEO plugin. -->","yoast_head_json":{"title":"Weltladen Westerstede","description":"Sch\u00f6n, dass Sie zu uns gefunden haben. Sie finden hier aktuelle Informationen \u00fcber den Fairen Handel und Links zu unseren Gro\u00dfh\u00e4ndlern.Gerne m\u00f6chten wir Ihnen den Fairen Handel n\u00e4her bringen.","robots":{"index":"index","follow":"follow","max-snippet":"max-snippet:-1","max-image-preview":"max-image-preview:large","max-video-preview":"max-video-preview:-1"},"canonical":"https:\/\/weltlaeden.de\/westerstede\/","og_locale":"de_DE","og_type":"article","og_title":"Weltladen Westerstede","og_description":"Sch\u00f6n, dass Sie zu uns gefunden haben. Sie finden hier aktuelle Informationen \u00fcber den Fairen Handel und Links zu unseren Gro\u00dfh\u00e4ndlern.Gerne m\u00f6chten wir Ihnen den Fairen Handel n\u00e4her bringen.","og_url":"https:\/\/weltlaeden.de\/westerstede\/","og_site_name":"Weltladen Westerstede","article_modified_time":"2026-03-10T18:35:21+00:00","twitter_card":"summary_large_image","twitter_misc":{"Gesch\u00e4tzte Lesezeit":"3\u00a0Minuten"},"schema":{"@context":"https:\/\/schema.org","@graph":[{"@type":"WebPage","@id":"https:\/\/weltlaeden.de\/westerstede\/","url":"https:\/\/weltlaeden.de\/westerstede\/","name":"Weltladen Westerstede","isPartOf":{"@id":"https:\/\/weltlaeden.de\/westerstede\/#website"},"primaryImageOfPage":{"@id":"https:\/\/weltlaeden.de\/westerstede\/#primaryimage"},"image":{"@id":"https:\/\/weltlaeden.de\/westerstede\/#primaryimage"},"thumbnailUrl":"https:\/\/weltlaeden.de\/westerstede\/wp-content\/uploads\/sites\/55\/2021\/09\/1-2.jpg","datePublished":"2016-10-14T07:05:21+00:00","dateModified":"2026-03-10T18:35:21+00:00","description":"Sch\u00f6n, dass Sie zu uns gefunden haben. Sie finden hier aktuelle Informationen \u00fcber den Fairen Handel und Links zu unseren Gro\u00dfh\u00e4ndlern.Gerne m\u00f6chten wir Ihnen den Fairen Handel n\u00e4her bringen.","breadcrumb":{"@id":"https:\/\/weltlaeden.de\/westerstede\/#breadcrumb"},"inLanguage":"de","potentialAction":[{"@type":"ReadAction","target":["https:\/\/weltlaeden.de\/westerstede\/"]}]},{"@type":"ImageObject","inLanguage":"de","@id":"https:\/\/weltlaeden.de\/westerstede\/#primaryimage","url":"","contentUrl":""},{"@type":"BreadcrumbList","@id":"https:\/\/weltlaeden.de\/westerstede\/#breadcrumb","itemListElement":[{"@type":"ListItem","position":1,"name":"Startseite","item":"https:\/\/weltlaeden.de\/westerstede\/"},{"@type":"ListItem","position":2,"name":"Weltladen \u00c4quator Westerstede"}]},{"@type":"WebSite","@id":"https:\/\/weltlaeden.de\/westerstede\/#website","url":"https:\/\/weltlaeden.de\/westerstede\/","name":"Vorlage","description":"Faire Produkte seit 1990","potentialAction":[{"@type":"SearchAction","target":{"@type":"EntryPoint","urlTemplate":"https:\/\/weltlaeden.de\/westerstede\/?s={search_term_string}"},"query-input":{"@type":"PropertyValueSpecification","valueRequired":true,"valueName":"search_term_string"}}],"inLanguage":"de"}]}},"_links":{"self":[{"href":"https:\/\/weltlaeden.de\/westerstede\/wp-json\/wp\/v2\/pages\/20","targetHints":{"allow":["GET"]}}],"collection":[{"href":"https:\/\/weltlaeden.de\/westerstede\/wp-json\/wp\/v2\/pages"}],"about":[{"href":"https:\/\/weltlaeden.de\/westerstede\/wp-json\/wp\/v2\/types\/page"}],"author":[{"embeddable":true,"href":"https:\/\/weltlaeden.de\/westerstede\/wp-json\/wp\/v2\/users\/1"}],"replies":[{"embeddable":true,"href":"https:\/\/weltlaeden.de\/westerstede\/wp-json\/wp\/v2\/comments?post=20"}],"version-history":[{"count":104,"href":"https:\/\/weltlaeden.de\/westerstede\/wp-json\/wp\/v2\/pages\/20\/revisions"}],"predecessor-version":[{"id":793,"href":"https:\/\/weltlaeden.de\/westerstede\/wp-json\/wp\/v2\/pages\/20\/revisions\/793"}],"wp:attachment":[{"href":"https:\/\/weltlaeden.de\/westerstede\/wp-json\/wp\/v2\/media?parent=20"}],"curies":[{"name":"wp","href":"https:\/\/api.w.org\/{rel}","templated":true}]}}