{"id":538,"date":"2021-03-09T16:07:43","date_gmt":"2021-03-09T15:07:43","guid":{"rendered":"https:\/\/weltlaeden.de\/weltstand-do-hombruch\/?page_id=538"},"modified":"2021-03-09T18:48:05","modified_gmt":"2021-03-09T17:48:05","slug":"bestellungen-fuer-privatpersonen","status":"publish","type":"page","link":"https:\/\/weltlaeden.de\/weltstand-do-hombruch\/bestellungen-fuer-privatpersonen\/","title":{"rendered":"Bestellungen f\u00fcr Privatpersonen"},"content":{"rendered":"<div class=\"wpb-content-wrapper\"><p>[vc_row][vc_column][\/vc_column][\/vc_row][vc_row][vc_column][vc_column_text]Liebe Kund*innen,<br \/>\nauch in diesen Zeiten m\u00f6chten wir euch die M\u00f6glichkeit geben weiterhin fair gehandelte Lebensmittel bei uns zu erwerben. Im Folgenden geben wir euch einen \u00dcberblick \u00fcber unsere Produkte.<\/p>\n<p><a href=\"https:\/\/weltlaeden.de\/weltstand-do-hombruch\/wp-content\/uploads\/sites\/142\/2021\/03\/Produktliste-Lebensmittel.pdf\">Produktliste Lebensmittel <\/a><\/p>\n<p><a href=\"https:\/\/weltlaeden.de\/weltstand-do-hombruch\/wp-content\/uploads\/sites\/142\/2021\/03\/Produktliste-Handwerk.pdf\">Produktliste Kunsthandwerk <\/a><\/p>\n<p>So l\u00e4uft die Bestellung ab:<\/p>\n<p>Nutzt das\u00a0<strong>Bestellformular<\/strong>\u00a0unten oder schreibt eine E-Mail an\u00a0<strong><a href=\"mailto:weltstand-do-hombruch@sags-per-mail.de\">weltstand-do-hombruch@sags-per-mail.de<\/a><\/strong>\u00a0mit folgenden Infos:<\/p>\n<ul>\n<li>Name<\/li>\n<li>Mail<\/li>\n<li>Telefon<\/li>\n<li>Produktw\u00fcnsche<\/li>\n<\/ul>\n<p>Falls ihr genaue Informationen zu den Inhaltsstoffen unserer Produkte ben\u00f6tigt, schaut bitte auf den Websites der in der Liste angegebenen Fair Trade Partner!<\/p>\n<p>Wir melden uns bei Euch zur Absprache des Abholtermins.<\/p>\n<p>[\/vc_column_text]\n<div class=\"wpcf7 no-js\" id=\"wpcf7-f549-o1\" lang=\"de-DE\" dir=\"ltr\" data-wpcf7-id=\"549\">\n<div class=\"screen-reader-response\"><p role=\"status\" aria-live=\"polite\" aria-atomic=\"true\"><\/p> <ul><\/ul><\/div>\n<form action=\"\/weltstand-do-hombruch\/wp-json\/wp\/v2\/pages\/538#wpcf7-f549-o1\" method=\"post\" class=\"wpcf7-form init\" aria-label=\"Kontaktformular\" novalidate=\"novalidate\" data-status=\"init\">\n<fieldset class=\"hidden-fields-container\"><input type=\"hidden\" name=\"_wpcf7\" value=\"549\" \/><input type=\"hidden\" name=\"_wpcf7_version\" value=\"6.1.4\" \/><input type=\"hidden\" name=\"_wpcf7_locale\" value=\"de_DE\" \/><input type=\"hidden\" name=\"_wpcf7_unit_tag\" value=\"wpcf7-f549-o1\" \/><input type=\"hidden\" name=\"_wpcf7_container_post\" value=\"0\" \/><input type=\"hidden\" name=\"_wpcf7_posted_data_hash\" value=\"\" \/><input type=\"hidden\" name=\"_wpcf7dtx_version\" value=\"5.0.4\" \/>\n<\/fieldset>\n<p><label> Name (Pflichtfeld)<br \/>\n<span class=\"wpcf7-form-control-wrap\" data-name=\"your-name\"><input size=\"40\" maxlength=\"400\" class=\"wpcf7-form-control wpcf7-text wpcf7-validates-as-required\" aria-required=\"true\" aria-invalid=\"false\" value=\"\" type=\"text\" name=\"your-name\" \/><\/span> <\/label><br \/>\n<label> E-Mail-Adresse (Pflichtfeld)<br \/>\n<span class=\"wpcf7-form-control-wrap\" data-name=\"your-email\"><input size=\"40\" maxlength=\"400\" class=\"wpcf7-form-control wpcf7-email wpcf7-validates-as-required wpcf7-text wpcf7-validates-as-email\" aria-required=\"true\" aria-invalid=\"false\" value=\"\" type=\"email\" name=\"your-email\" \/><\/span> <\/label><br \/>\n<label> Telefonnummer (Optional)<br \/>\n<span class=\"wpcf7-form-control-wrap\" data-name=\"telefon\"><input size=\"40\" maxlength=\"400\" class=\"wpcf7-form-control wpcf7-tel wpcf7-text wpcf7-validates-as-tel\" aria-invalid=\"false\" value=\"\" type=\"tel\" name=\"telefon\" \/><\/span> <\/label><br \/>\n<label> Ihre Nachricht<br \/>\n<span class=\"wpcf7-form-control-wrap\" data-name=\"your-message\"><textarea cols=\"40\" rows=\"10\" maxlength=\"2000\" class=\"wpcf7-form-control wpcf7-textarea wpcf7-validates-as-required\" aria-required=\"true\" aria-invalid=\"false\" name=\"your-message\"><\/textarea><\/span> <\/label><br \/>\n<span class=\"wpcf7-form-control-wrap weltladen-mail\" data-name=\"weltladen-mail\"><input type=\"hidden\" name=\"weltladen-mail\" class=\"wpcf7-form-control wpcf7-hidden wpcf7dtx wpcf7dtx-hidden\" aria-invalid=\"false\" value=\"info@weltstand-do-hombruch.de\"><\/span><br \/>\n<span class=\"wpcf7-form-control-wrap seitenname\" data-name=\"seitenname\"><input type=\"hidden\" name=\"seitenname\" class=\"wpcf7-form-control wpcf7-hidden wpcf7dtx wpcf7dtx-hidden\" aria-invalid=\"false\" value=\"Weltstand Hombruch\"><\/span>\n<\/p>\n<p><span class=\"wpcf7-form-control-wrap\" data-name=\"acceptance-datenschutz\"><span class=\"wpcf7-form-control wpcf7-acceptance\"><span class=\"wpcf7-list-item\"><label><input type=\"checkbox\" name=\"acceptance-datenschutz\" value=\"1\" aria-invalid=\"false\" \/><span class=\"wpcf7-list-item-label\">Ich willige ein, dass meine Daten zum Zwecke der Beantwortung meiner Anfrage gespeichert werden. <a href=\"?p=371\">Mehr Infos: Datenschutz<\/a><\/span><\/label><\/span><\/span><\/span><input class=\"wpcf7-form-control wpcf7-submit has-spinner senden-button\" type=\"submit\" value=\"Senden\" \/>\n<\/p>\r\n         <p class=\"cf7_spamprotect\">\r\n            <label><strong>Spamschutz:<\/strong> Welche Farbe hat Kakao? (Antwort kleingeschrieben)?\r\n               <br>\r\n               <span class=\"wpcf7-form-control-wrap\" data-name=\"weltladen_ueberpruefung\">\r\n                  <input size=\"40\" class=\"wpcf7-form-control wpcf7-text wpcf7-email wpcf7-validates-as-required\" aria-required=\"true\" aria-invalid=\"false\" value=\"\" type=\"text\" name=\"weltladen_ueberpruefung\">\r\n               <\/span> \r\n            <\/label>\r\n         <\/p>            \r\n      <div class=\"wpcf7-response-output\" aria-hidden=\"true\"><\/div>\n<\/form>\n<\/div>\n[\/vc_column][\/vc_row]<\/p>\n<\/div>","protected":false},"excerpt":{"rendered":"<p>[vc_row][vc_column][\/vc_column][\/vc_row][vc_row][vc_column][vc_column_text]Liebe Kund*innen, auch in diesen Zeiten m\u00f6chten wir euch die M\u00f6glichkeit geben weiterhin fair gehandelte Lebensmittel bei uns zu erwerben. Im Folgenden geben wir euch einen \u00dcberblick \u00fcber unsere Produkte. Produktliste Lebensmittel Produktliste Kunsthandwerk So l\u00e4uft die Bestellung ab: Nutzt das\u00a0Bestellformular\u00a0unten oder schreibt eine E-Mail an\u00a0weltstand-do-hombruch@sags-per-mail.de\u00a0mit folgenden Infos: Name Mail Telefon Produktw\u00fcnsche Falls ihr genaue&hellip;<\/p>\n","protected":false},"author":209,"featured_media":0,"parent":0,"menu_order":0,"comment_status":"closed","ping_status":"closed","template":"","meta":{"footnotes":""},"class_list":["post-538","page","type-page","status-publish","hentry","description-off"],"yoast_head":"<!-- This site is optimized with the Yoast SEO plugin v26.8 - https:\/\/yoast.com\/product\/yoast-seo-wordpress\/ -->\n<title>Bestellungen f\u00fcr Privatpersonen - Weltstand Hombruch<\/title>\n<meta name=\"robots\" content=\"index, follow, max-snippet:-1, max-image-preview:large, max-video-preview:-1\" \/>\n<link rel=\"canonical\" href=\"https:\/\/weltlaeden.de\/weltstand-do-hombruch\/bestellungen-fuer-privatpersonen\/\" \/>\n<meta property=\"og:locale\" content=\"de_DE\" \/>\n<meta property=\"og:type\" content=\"article\" \/>\n<meta property=\"og:title\" content=\"Bestellungen f\u00fcr Privatpersonen - Weltstand Hombruch\" \/>\n<meta property=\"og:description\" content=\"[vc_row][vc_column][\/vc_column][\/vc_row][vc_row][vc_column][vc_column_text]Liebe Kund*innen, auch in diesen Zeiten m\u00f6chten wir euch die M\u00f6glichkeit geben weiterhin fair gehandelte Lebensmittel bei uns zu erwerben. Im Folgenden geben wir euch einen \u00dcberblick \u00fcber unsere Produkte. Produktliste Lebensmittel Produktliste Kunsthandwerk So l\u00e4uft die Bestellung ab: Nutzt das\u00a0Bestellformular\u00a0unten oder schreibt eine E-Mail an\u00a0weltstand-do-hombruch@sags-per-mail.de\u00a0mit folgenden Infos: Name Mail Telefon Produktw\u00fcnsche Falls ihr genaue&hellip;\" \/>\n<meta property=\"og:url\" content=\"https:\/\/weltlaeden.de\/weltstand-do-hombruch\/bestellungen-fuer-privatpersonen\/\" \/>\n<meta property=\"og:site_name\" content=\"Weltstand Hombruch\" \/>\n<meta property=\"article:modified_time\" content=\"2021-03-09T17:48:05+00:00\" \/>\n<meta name=\"twitter:card\" content=\"summary_large_image\" \/>\n<meta name=\"twitter:label1\" content=\"Gesch\u00e4tzte Lesezeit\" \/>\n\t<meta name=\"twitter:data1\" content=\"1\u00a0Minute\" \/>\n<script type=\"application\/ld+json\" class=\"yoast-schema-graph\">{\"@context\":\"https:\/\/schema.org\",\"@graph\":[{\"@type\":\"WebPage\",\"@id\":\"https:\/\/weltlaeden.de\/weltstand-do-hombruch\/bestellungen-fuer-privatpersonen\/\",\"url\":\"https:\/\/weltlaeden.de\/weltstand-do-hombruch\/bestellungen-fuer-privatpersonen\/\",\"name\":\"Bestellungen f\u00fcr Privatpersonen - Weltstand Hombruch\",\"isPartOf\":{\"@id\":\"https:\/\/weltlaeden.de\/weltstand-do-hombruch\/#website\"},\"datePublished\":\"2021-03-09T15:07:43+00:00\",\"dateModified\":\"2021-03-09T17:48:05+00:00\",\"breadcrumb\":{\"@id\":\"https:\/\/weltlaeden.de\/weltstand-do-hombruch\/bestellungen-fuer-privatpersonen\/#breadcrumb\"},\"inLanguage\":\"de\",\"potentialAction\":[{\"@type\":\"ReadAction\",\"target\":[\"https:\/\/weltlaeden.de\/weltstand-do-hombruch\/bestellungen-fuer-privatpersonen\/\"]}]},{\"@type\":\"BreadcrumbList\",\"@id\":\"https:\/\/weltlaeden.de\/weltstand-do-hombruch\/bestellungen-fuer-privatpersonen\/#breadcrumb\",\"itemListElement\":[{\"@type\":\"ListItem\",\"position\":1,\"name\":\"Startseite\",\"item\":\"https:\/\/weltlaeden.de\/weltstand-do-hombruch\/\"},{\"@type\":\"ListItem\",\"position\":2,\"name\":\"Bestellungen f\u00fcr Privatpersonen\"}]},{\"@type\":\"WebSite\",\"@id\":\"https:\/\/weltlaeden.de\/weltstand-do-hombruch\/#website\",\"url\":\"https:\/\/weltlaeden.de\/weltstand-do-hombruch\/\",\"name\":\"Weltstand Hombruch\",\"description\":\"Faire Produkte in Hombruch seit 1993\",\"potentialAction\":[{\"@type\":\"SearchAction\",\"target\":{\"@type\":\"EntryPoint\",\"urlTemplate\":\"https:\/\/weltlaeden.de\/weltstand-do-hombruch\/?s={search_term_string}\"},\"query-input\":{\"@type\":\"PropertyValueSpecification\",\"valueRequired\":true,\"valueName\":\"search_term_string\"}}],\"inLanguage\":\"de\"}]}<\/script>\n<!-- \/ Yoast SEO plugin. -->","yoast_head_json":{"title":"Bestellungen f\u00fcr Privatpersonen - Weltstand Hombruch","robots":{"index":"index","follow":"follow","max-snippet":"max-snippet:-1","max-image-preview":"max-image-preview:large","max-video-preview":"max-video-preview:-1"},"canonical":"https:\/\/weltlaeden.de\/weltstand-do-hombruch\/bestellungen-fuer-privatpersonen\/","og_locale":"de_DE","og_type":"article","og_title":"Bestellungen f\u00fcr Privatpersonen - Weltstand Hombruch","og_description":"[vc_row][vc_column][\/vc_column][\/vc_row][vc_row][vc_column][vc_column_text]Liebe Kund*innen, auch in diesen Zeiten m\u00f6chten wir euch die M\u00f6glichkeit geben weiterhin fair gehandelte Lebensmittel bei uns zu erwerben. Im Folgenden geben wir euch einen \u00dcberblick \u00fcber unsere Produkte. Produktliste Lebensmittel Produktliste Kunsthandwerk So l\u00e4uft die Bestellung ab: Nutzt das\u00a0Bestellformular\u00a0unten oder schreibt eine E-Mail an\u00a0weltstand-do-hombruch@sags-per-mail.de\u00a0mit folgenden Infos: Name Mail Telefon Produktw\u00fcnsche Falls ihr genaue&hellip;","og_url":"https:\/\/weltlaeden.de\/weltstand-do-hombruch\/bestellungen-fuer-privatpersonen\/","og_site_name":"Weltstand Hombruch","article_modified_time":"2021-03-09T17:48:05+00:00","twitter_card":"summary_large_image","twitter_misc":{"Gesch\u00e4tzte Lesezeit":"1\u00a0Minute"},"schema":{"@context":"https:\/\/schema.org","@graph":[{"@type":"WebPage","@id":"https:\/\/weltlaeden.de\/weltstand-do-hombruch\/bestellungen-fuer-privatpersonen\/","url":"https:\/\/weltlaeden.de\/weltstand-do-hombruch\/bestellungen-fuer-privatpersonen\/","name":"Bestellungen f\u00fcr Privatpersonen - Weltstand Hombruch","isPartOf":{"@id":"https:\/\/weltlaeden.de\/weltstand-do-hombruch\/#website"},"datePublished":"2021-03-09T15:07:43+00:00","dateModified":"2021-03-09T17:48:05+00:00","breadcrumb":{"@id":"https:\/\/weltlaeden.de\/weltstand-do-hombruch\/bestellungen-fuer-privatpersonen\/#breadcrumb"},"inLanguage":"de","potentialAction":[{"@type":"ReadAction","target":["https:\/\/weltlaeden.de\/weltstand-do-hombruch\/bestellungen-fuer-privatpersonen\/"]}]},{"@type":"BreadcrumbList","@id":"https:\/\/weltlaeden.de\/weltstand-do-hombruch\/bestellungen-fuer-privatpersonen\/#breadcrumb","itemListElement":[{"@type":"ListItem","position":1,"name":"Startseite","item":"https:\/\/weltlaeden.de\/weltstand-do-hombruch\/"},{"@type":"ListItem","position":2,"name":"Bestellungen f\u00fcr Privatpersonen"}]},{"@type":"WebSite","@id":"https:\/\/weltlaeden.de\/weltstand-do-hombruch\/#website","url":"https:\/\/weltlaeden.de\/weltstand-do-hombruch\/","name":"Weltstand Hombruch","description":"Faire Produkte in Hombruch seit 1993","potentialAction":[{"@type":"SearchAction","target":{"@type":"EntryPoint","urlTemplate":"https:\/\/weltlaeden.de\/weltstand-do-hombruch\/?s={search_term_string}"},"query-input":{"@type":"PropertyValueSpecification","valueRequired":true,"valueName":"search_term_string"}}],"inLanguage":"de"}]}},"_links":{"self":[{"href":"https:\/\/weltlaeden.de\/weltstand-do-hombruch\/wp-json\/wp\/v2\/pages\/538","targetHints":{"allow":["GET"]}}],"collection":[{"href":"https:\/\/weltlaeden.de\/weltstand-do-hombruch\/wp-json\/wp\/v2\/pages"}],"about":[{"href":"https:\/\/weltlaeden.de\/weltstand-do-hombruch\/wp-json\/wp\/v2\/types\/page"}],"author":[{"embeddable":true,"href":"https:\/\/weltlaeden.de\/weltstand-do-hombruch\/wp-json\/wp\/v2\/users\/209"}],"replies":[{"embeddable":true,"href":"https:\/\/weltlaeden.de\/weltstand-do-hombruch\/wp-json\/wp\/v2\/comments?post=538"}],"version-history":[{"count":17,"href":"https:\/\/weltlaeden.de\/weltstand-do-hombruch\/wp-json\/wp\/v2\/pages\/538\/revisions"}],"predecessor-version":[{"id":560,"href":"https:\/\/weltlaeden.de\/weltstand-do-hombruch\/wp-json\/wp\/v2\/pages\/538\/revisions\/560"}],"wp:attachment":[{"href":"https:\/\/weltlaeden.de\/weltstand-do-hombruch\/wp-json\/wp\/v2\/media?parent=538"}],"curies":[{"name":"wp","href":"https:\/\/api.w.org\/{rel}","templated":true}]}}