{"id":693,"date":"2020-08-26T19:04:44","date_gmt":"2020-08-26T17:04:44","guid":{"rendered":"https:\/\/weltlaeden.de\/weltladenteltow\/neuigkeiten\/aktuelles\/"},"modified":"2025-06-16T21:23:18","modified_gmt":"2025-06-16T19:23:18","slug":"aktuelles","status":"publish","type":"page","link":"https:\/\/weltlaeden.de\/weltladenteltow\/neuigkeiten\/aktuelles\/","title":{"rendered":"Aktuelles"},"content":{"rendered":"<p>Wir haben f\u00fcr euch neue Ware ausgepackt.<br \/>\nNa, k\u00f6nnen wir euch Fairf\u00fchren?<\/p>\n<p><a href=\"https:\/\/www.youtube.com\/shorts\/Inu4gTJwfV4\"><img loading=\"lazy\" decoding=\"async\" class=\"alignnone wp-image-1816 size-full\" src=\"https:\/\/weltlaeden.de\/weltladenteltow\/wp-content\/uploads\/sites\/72\/2025\/06\/16062025.png\" alt=\"\" width=\"217\" height=\"218\" srcset=\"https:\/\/weltlaeden.de\/weltladenteltow\/wp-content\/uploads\/sites\/72\/2025\/06\/16062025.png 217w, https:\/\/weltlaeden.de\/weltladenteltow\/wp-content\/uploads\/sites\/72\/2025\/06\/16062025-150x150.png 150w\" sizes=\"auto, (max-width: 217px) 100vw, 217px\" \/><\/a><\/p>\n<p><a href=\"https:\/\/www.youtube.com\/shorts\/Inu4gTJwfV4\"><strong><span style=\"color: #ff6600\">Hier mehr..<\/span><\/strong>..<\/a><\/p>\n<p><img loading=\"lazy\" decoding=\"async\" class=\"alignnone size-medium wp-image-1722\" src=\"https:\/\/weltlaeden.de\/weltladenteltow\/wp-content\/uploads\/sites\/72\/2025\/04\/NeueWare5_Kachel-300x300.png\" alt=\"\" width=\"300\" height=\"300\" srcset=\"https:\/\/weltlaeden.de\/weltladenteltow\/wp-content\/uploads\/sites\/72\/2025\/04\/NeueWare5_Kachel-300x300.png 300w, https:\/\/weltlaeden.de\/weltladenteltow\/wp-content\/uploads\/sites\/72\/2025\/04\/NeueWare5_Kachel-1024x1024.png 1024w, https:\/\/weltlaeden.de\/weltladenteltow\/wp-content\/uploads\/sites\/72\/2025\/04\/NeueWare5_Kachel-150x150.png 150w, https:\/\/weltlaeden.de\/weltladenteltow\/wp-content\/uploads\/sites\/72\/2025\/04\/NeueWare5_Kachel-768x768.png 768w, https:\/\/weltlaeden.de\/weltladenteltow\/wp-content\/uploads\/sites\/72\/2025\/04\/NeueWare5_Kachel.png 1080w\" sizes=\"auto, (max-width: 300px) 100vw, 300px\" \/><img loading=\"lazy\" decoding=\"async\" class=\"alignnone size-medium wp-image-1721\" src=\"https:\/\/weltlaeden.de\/weltladenteltow\/wp-content\/uploads\/sites\/72\/2025\/04\/NeueWare4_Kachel-300x300.png\" alt=\"\" width=\"300\" height=\"300\" srcset=\"https:\/\/weltlaeden.de\/weltladenteltow\/wp-content\/uploads\/sites\/72\/2025\/04\/NeueWare4_Kachel-300x300.png 300w, https:\/\/weltlaeden.de\/weltladenteltow\/wp-content\/uploads\/sites\/72\/2025\/04\/NeueWare4_Kachel-1024x1024.png 1024w, https:\/\/weltlaeden.de\/weltladenteltow\/wp-content\/uploads\/sites\/72\/2025\/04\/NeueWare4_Kachel-150x150.png 150w, https:\/\/weltlaeden.de\/weltladenteltow\/wp-content\/uploads\/sites\/72\/2025\/04\/NeueWare4_Kachel-768x768.png 768w, https:\/\/weltlaeden.de\/weltladenteltow\/wp-content\/uploads\/sites\/72\/2025\/04\/NeueWare4_Kachel.png 1080w\" sizes=\"auto, (max-width: 300px) 100vw, 300px\" \/><img loading=\"lazy\" decoding=\"async\" class=\"alignnone size-medium wp-image-1720\" src=\"https:\/\/weltlaeden.de\/weltladenteltow\/wp-content\/uploads\/sites\/72\/2025\/04\/NeueWare3_Kachel-300x300.png\" alt=\"\" width=\"300\" height=\"300\" srcset=\"https:\/\/weltlaeden.de\/weltladenteltow\/wp-content\/uploads\/sites\/72\/2025\/04\/NeueWare3_Kachel-300x300.png 300w, https:\/\/weltlaeden.de\/weltladenteltow\/wp-content\/uploads\/sites\/72\/2025\/04\/NeueWare3_Kachel-1024x1024.png 1024w, https:\/\/weltlaeden.de\/weltladenteltow\/wp-content\/uploads\/sites\/72\/2025\/04\/NeueWare3_Kachel-150x150.png 150w, https:\/\/weltlaeden.de\/weltladenteltow\/wp-content\/uploads\/sites\/72\/2025\/04\/NeueWare3_Kachel-768x768.png 768w, https:\/\/weltlaeden.de\/weltladenteltow\/wp-content\/uploads\/sites\/72\/2025\/04\/NeueWare3_Kachel.png 1080w\" sizes=\"auto, (max-width: 300px) 100vw, 300px\" \/><img loading=\"lazy\" decoding=\"async\" class=\"alignnone size-medium wp-image-1719\" src=\"https:\/\/weltlaeden.de\/weltladenteltow\/wp-content\/uploads\/sites\/72\/2025\/04\/NeueWare2_Kachel-300x300.png\" alt=\"\" width=\"300\" height=\"300\" srcset=\"https:\/\/weltlaeden.de\/weltladenteltow\/wp-content\/uploads\/sites\/72\/2025\/04\/NeueWare2_Kachel-300x300.png 300w, https:\/\/weltlaeden.de\/weltladenteltow\/wp-content\/uploads\/sites\/72\/2025\/04\/NeueWare2_Kachel-1024x1024.png 1024w, https:\/\/weltlaeden.de\/weltladenteltow\/wp-content\/uploads\/sites\/72\/2025\/04\/NeueWare2_Kachel-150x150.png 150w, https:\/\/weltlaeden.de\/weltladenteltow\/wp-content\/uploads\/sites\/72\/2025\/04\/NeueWare2_Kachel-768x768.png 768w, https:\/\/weltlaeden.de\/weltladenteltow\/wp-content\/uploads\/sites\/72\/2025\/04\/NeueWare2_Kachel.png 1080w\" sizes=\"auto, (max-width: 300px) 100vw, 300px\" \/><img loading=\"lazy\" decoding=\"async\" class=\"alignnone size-medium wp-image-1718\" src=\"https:\/\/weltlaeden.de\/weltladenteltow\/wp-content\/uploads\/sites\/72\/2025\/04\/NeueWare1_Kachel-300x300.png\" alt=\"\" width=\"300\" height=\"300\" srcset=\"https:\/\/weltlaeden.de\/weltladenteltow\/wp-content\/uploads\/sites\/72\/2025\/04\/NeueWare1_Kachel-300x300.png 300w, https:\/\/weltlaeden.de\/weltladenteltow\/wp-content\/uploads\/sites\/72\/2025\/04\/NeueWare1_Kachel-1024x1024.png 1024w, https:\/\/weltlaeden.de\/weltladenteltow\/wp-content\/uploads\/sites\/72\/2025\/04\/NeueWare1_Kachel-150x150.png 150w, https:\/\/weltlaeden.de\/weltladenteltow\/wp-content\/uploads\/sites\/72\/2025\/04\/NeueWare1_Kachel-768x768.png 768w, https:\/\/weltlaeden.de\/weltladenteltow\/wp-content\/uploads\/sites\/72\/2025\/04\/NeueWare1_Kachel.png 1080w\" sizes=\"auto, (max-width: 300px) 100vw, 300px\" \/><img loading=\"lazy\" decoding=\"async\" class=\"alignnone size-medium wp-image-1717\" src=\"https:\/\/weltlaeden.de\/weltladenteltow\/wp-content\/uploads\/sites\/72\/2025\/04\/NeueWare6_Kachel-300x300.png\" alt=\"\" width=\"300\" height=\"300\" srcset=\"https:\/\/weltlaeden.de\/weltladenteltow\/wp-content\/uploads\/sites\/72\/2025\/04\/NeueWare6_Kachel-300x300.png 300w, https:\/\/weltlaeden.de\/weltladenteltow\/wp-content\/uploads\/sites\/72\/2025\/04\/NeueWare6_Kachel-1024x1024.png 1024w, https:\/\/weltlaeden.de\/weltladenteltow\/wp-content\/uploads\/sites\/72\/2025\/04\/NeueWare6_Kachel-150x150.png 150w, https:\/\/weltlaeden.de\/weltladenteltow\/wp-content\/uploads\/sites\/72\/2025\/04\/NeueWare6_Kachel-768x768.png 768w, https:\/\/weltlaeden.de\/weltladenteltow\/wp-content\/uploads\/sites\/72\/2025\/04\/NeueWare6_Kachel.png 1080w\" sizes=\"auto, (max-width: 300px) 100vw, 300px\" \/><\/p>\n<p>&nbsp;<\/p>\n<p>&nbsp;<\/p>\n<p>&nbsp;<\/p>\n<p>&nbsp;<\/p>\n<p>&nbsp;<\/p>\n<p>&nbsp;<\/p>\n","protected":false},"excerpt":{"rendered":"<p>Wir haben f\u00fcr euch neue Ware ausgepackt. Na, k\u00f6nnen wir euch Fairf\u00fchren? Hier mehr&#8230;. &nbsp; &nbsp; &nbsp; &nbsp; &nbsp; &nbsp;<\/p>\n","protected":false},"author":111,"featured_media":0,"parent":361,"menu_order":0,"comment_status":"closed","ping_status":"closed","template":"","meta":{"footnotes":""},"class_list":["post-693","page","type-page","status-publish","hentry","description-off"],"yoast_head":"<!-- This site is optimized with the Yoast SEO plugin v26.8 - https:\/\/yoast.com\/product\/yoast-seo-wordpress\/ -->\n<title>Aktuelles - Weltladen Teltow %<\/title>\n<meta name=\"robots\" content=\"index, follow, max-snippet:-1, max-image-preview:large, max-video-preview:-1\" \/>\n<link rel=\"canonical\" href=\"https:\/\/weltlaeden.de\/weltladenteltow\/neuigkeiten\/aktuelles\/\" \/>\n<meta property=\"og:locale\" content=\"de_DE\" \/>\n<meta property=\"og:type\" content=\"article\" \/>\n<meta property=\"og:title\" content=\"Aktuelles - Weltladen Teltow %\" \/>\n<meta property=\"og:description\" content=\"Wir haben f\u00fcr euch neue Ware ausgepackt. Na, k\u00f6nnen wir euch Fairf\u00fchren? Hier mehr.... &nbsp; &nbsp; &nbsp; &nbsp; &nbsp; &nbsp;\" \/>\n<meta property=\"og:url\" content=\"https:\/\/weltlaeden.de\/weltladenteltow\/neuigkeiten\/aktuelles\/\" \/>\n<meta property=\"og:site_name\" content=\"Weltladen Teltow\" \/>\n<meta property=\"article:modified_time\" content=\"2025-06-16T19:23:18+00:00\" \/>\n<meta property=\"og:image\" content=\"https:\/\/weltlaeden.de\/weltladenteltow\/wp-content\/uploads\/sites\/72\/2025\/06\/16062025.png\" \/>\n\t<meta property=\"og:image:width\" content=\"217\" \/>\n\t<meta property=\"og:image:height\" content=\"218\" \/>\n\t<meta property=\"og:image:type\" content=\"image\/png\" \/>\n<meta name=\"twitter:card\" content=\"summary_large_image\" \/>\n<meta name=\"twitter:label1\" content=\"Gesch\u00e4tzte Lesezeit\" \/>\n\t<meta name=\"twitter:data1\" content=\"2\u00a0Minuten\" \/>\n<script type=\"application\/ld+json\" class=\"yoast-schema-graph\">{\"@context\":\"https:\/\/schema.org\",\"@graph\":[{\"@type\":\"WebPage\",\"@id\":\"https:\/\/weltlaeden.de\/weltladenteltow\/neuigkeiten\/aktuelles\/\",\"url\":\"https:\/\/weltlaeden.de\/weltladenteltow\/neuigkeiten\/aktuelles\/\",\"name\":\"Aktuelles - Weltladen Teltow %\",\"isPartOf\":{\"@id\":\"https:\/\/weltlaeden.de\/weltladenteltow\/#website\"},\"primaryImageOfPage\":{\"@id\":\"https:\/\/weltlaeden.de\/weltladenteltow\/neuigkeiten\/aktuelles\/#primaryimage\"},\"image\":{\"@id\":\"https:\/\/weltlaeden.de\/weltladenteltow\/neuigkeiten\/aktuelles\/#primaryimage\"},\"thumbnailUrl\":\"https:\/\/weltlaeden.de\/weltladenteltow\/wp-content\/uploads\/sites\/72\/2025\/06\/16062025.png\",\"datePublished\":\"2020-08-26T17:04:44+00:00\",\"dateModified\":\"2025-06-16T19:23:18+00:00\",\"breadcrumb\":{\"@id\":\"https:\/\/weltlaeden.de\/weltladenteltow\/neuigkeiten\/aktuelles\/#breadcrumb\"},\"inLanguage\":\"de\",\"potentialAction\":[{\"@type\":\"ReadAction\",\"target\":[\"https:\/\/weltlaeden.de\/weltladenteltow\/neuigkeiten\/aktuelles\/\"]}]},{\"@type\":\"ImageObject\",\"inLanguage\":\"de\",\"@id\":\"https:\/\/weltlaeden.de\/weltladenteltow\/neuigkeiten\/aktuelles\/#primaryimage\",\"url\":\"https:\/\/weltlaeden.de\/weltladenteltow\/wp-content\/uploads\/sites\/72\/2025\/06\/16062025.png\",\"contentUrl\":\"https:\/\/weltlaeden.de\/weltladenteltow\/wp-content\/uploads\/sites\/72\/2025\/06\/16062025.png\",\"width\":217,\"height\":218},{\"@type\":\"BreadcrumbList\",\"@id\":\"https:\/\/weltlaeden.de\/weltladenteltow\/neuigkeiten\/aktuelles\/#breadcrumb\",\"itemListElement\":[{\"@type\":\"ListItem\",\"position\":1,\"name\":\"Startseite\",\"item\":\"https:\/\/weltlaeden.de\/weltladenteltow\/\"},{\"@type\":\"ListItem\",\"position\":2,\"name\":\"Neuigkeiten\",\"item\":\"https:\/\/weltlaeden.de\/weltladenteltow\/neuigkeiten\/\"},{\"@type\":\"ListItem\",\"position\":3,\"name\":\"Aktuelles\"}]},{\"@type\":\"WebSite\",\"@id\":\"https:\/\/weltlaeden.de\/weltladenteltow\/#website\",\"url\":\"https:\/\/weltlaeden.de\/weltladenteltow\/\",\"name\":\"Weltladen Teltow\",\"description\":\"Faire Produkte seit 1990\",\"potentialAction\":[{\"@type\":\"SearchAction\",\"target\":{\"@type\":\"EntryPoint\",\"urlTemplate\":\"https:\/\/weltlaeden.de\/weltladenteltow\/?s={search_term_string}\"},\"query-input\":{\"@type\":\"PropertyValueSpecification\",\"valueRequired\":true,\"valueName\":\"search_term_string\"}}],\"inLanguage\":\"de\"}]}<\/script>\n<!-- \/ Yoast SEO plugin. -->","yoast_head_json":{"title":"Aktuelles - Weltladen Teltow %","robots":{"index":"index","follow":"follow","max-snippet":"max-snippet:-1","max-image-preview":"max-image-preview:large","max-video-preview":"max-video-preview:-1"},"canonical":"https:\/\/weltlaeden.de\/weltladenteltow\/neuigkeiten\/aktuelles\/","og_locale":"de_DE","og_type":"article","og_title":"Aktuelles - Weltladen Teltow %","og_description":"Wir haben f\u00fcr euch neue Ware ausgepackt. Na, k\u00f6nnen wir euch Fairf\u00fchren? Hier mehr.... &nbsp; &nbsp; &nbsp; &nbsp; &nbsp; &nbsp;","og_url":"https:\/\/weltlaeden.de\/weltladenteltow\/neuigkeiten\/aktuelles\/","og_site_name":"Weltladen Teltow","article_modified_time":"2025-06-16T19:23:18+00:00","og_image":[{"width":217,"height":218,"url":"https:\/\/weltlaeden.de\/weltladenteltow\/wp-content\/uploads\/sites\/72\/2025\/06\/16062025.png","type":"image\/png"}],"twitter_card":"summary_large_image","twitter_misc":{"Gesch\u00e4tzte Lesezeit":"2\u00a0Minuten"},"schema":{"@context":"https:\/\/schema.org","@graph":[{"@type":"WebPage","@id":"https:\/\/weltlaeden.de\/weltladenteltow\/neuigkeiten\/aktuelles\/","url":"https:\/\/weltlaeden.de\/weltladenteltow\/neuigkeiten\/aktuelles\/","name":"Aktuelles - Weltladen Teltow %","isPartOf":{"@id":"https:\/\/weltlaeden.de\/weltladenteltow\/#website"},"primaryImageOfPage":{"@id":"https:\/\/weltlaeden.de\/weltladenteltow\/neuigkeiten\/aktuelles\/#primaryimage"},"image":{"@id":"https:\/\/weltlaeden.de\/weltladenteltow\/neuigkeiten\/aktuelles\/#primaryimage"},"thumbnailUrl":"https:\/\/weltlaeden.de\/weltladenteltow\/wp-content\/uploads\/sites\/72\/2025\/06\/16062025.png","datePublished":"2020-08-26T17:04:44+00:00","dateModified":"2025-06-16T19:23:18+00:00","breadcrumb":{"@id":"https:\/\/weltlaeden.de\/weltladenteltow\/neuigkeiten\/aktuelles\/#breadcrumb"},"inLanguage":"de","potentialAction":[{"@type":"ReadAction","target":["https:\/\/weltlaeden.de\/weltladenteltow\/neuigkeiten\/aktuelles\/"]}]},{"@type":"ImageObject","inLanguage":"de","@id":"https:\/\/weltlaeden.de\/weltladenteltow\/neuigkeiten\/aktuelles\/#primaryimage","url":"https:\/\/weltlaeden.de\/weltladenteltow\/wp-content\/uploads\/sites\/72\/2025\/06\/16062025.png","contentUrl":"https:\/\/weltlaeden.de\/weltladenteltow\/wp-content\/uploads\/sites\/72\/2025\/06\/16062025.png","width":217,"height":218},{"@type":"BreadcrumbList","@id":"https:\/\/weltlaeden.de\/weltladenteltow\/neuigkeiten\/aktuelles\/#breadcrumb","itemListElement":[{"@type":"ListItem","position":1,"name":"Startseite","item":"https:\/\/weltlaeden.de\/weltladenteltow\/"},{"@type":"ListItem","position":2,"name":"Neuigkeiten","item":"https:\/\/weltlaeden.de\/weltladenteltow\/neuigkeiten\/"},{"@type":"ListItem","position":3,"name":"Aktuelles"}]},{"@type":"WebSite","@id":"https:\/\/weltlaeden.de\/weltladenteltow\/#website","url":"https:\/\/weltlaeden.de\/weltladenteltow\/","name":"Weltladen Teltow","description":"Faire Produkte seit 1990","potentialAction":[{"@type":"SearchAction","target":{"@type":"EntryPoint","urlTemplate":"https:\/\/weltlaeden.de\/weltladenteltow\/?s={search_term_string}"},"query-input":{"@type":"PropertyValueSpecification","valueRequired":true,"valueName":"search_term_string"}}],"inLanguage":"de"}]}},"_links":{"self":[{"href":"https:\/\/weltlaeden.de\/weltladenteltow\/wp-json\/wp\/v2\/pages\/693","targetHints":{"allow":["GET"]}}],"collection":[{"href":"https:\/\/weltlaeden.de\/weltladenteltow\/wp-json\/wp\/v2\/pages"}],"about":[{"href":"https:\/\/weltlaeden.de\/weltladenteltow\/wp-json\/wp\/v2\/types\/page"}],"author":[{"embeddable":true,"href":"https:\/\/weltlaeden.de\/weltladenteltow\/wp-json\/wp\/v2\/users\/111"}],"replies":[{"embeddable":true,"href":"https:\/\/weltlaeden.de\/weltladenteltow\/wp-json\/wp\/v2\/comments?post=693"}],"version-history":[{"count":46,"href":"https:\/\/weltlaeden.de\/weltladenteltow\/wp-json\/wp\/v2\/pages\/693\/revisions"}],"predecessor-version":[{"id":1723,"href":"https:\/\/weltlaeden.de\/weltladenteltow\/wp-json\/wp\/v2\/pages\/693\/revisions\/1723"}],"up":[{"embeddable":true,"href":"https:\/\/weltlaeden.de\/weltladenteltow\/wp-json\/wp\/v2\/pages\/361"}],"wp:attachment":[{"href":"https:\/\/weltlaeden.de\/weltladenteltow\/wp-json\/wp\/v2\/media?parent=693"}],"curies":[{"name":"wp","href":"https:\/\/api.w.org\/{rel}","templated":true}]}}