{"id":1755,"date":"2025-04-06T21:04:53","date_gmt":"2025-04-06T19:04:53","guid":{"rendered":"https:\/\/weltlaeden.de\/weltladenteltow\/fairer-handel\/klima-und-fairer-handel\/"},"modified":"2025-04-06T21:45:08","modified_gmt":"2025-04-06T19:45:08","slug":"klima-und-fairer-handel","status":"publish","type":"page","link":"https:\/\/weltlaeden.de\/weltladenteltow\/fairer-handel\/klima-und-fairer-handel\/","title":{"rendered":"Klima und Fairer Handel"},"content":{"rendered":"<div class=\"wpb-content-wrapper\"><p>[vc_row][vc_column width=&#8220;1\/2&#8243;][vc_single_image image=&#8220;1581&#8243; css=&#8220;&#8220;][\/vc_column][vc_column width=&#8220;1\/2&#8243;][vc_btn title=&#8220;Klima-Quiz&#8220; style=&#8220;3d&#8220; color=&#8220;green&#8220; align=&#8220;center&#8220; css=&#8220;&#8220; link=&#8220;url:%20https%3A%2F%2Fweltlaeden.de%2Fweltladenteltow%2Fklima-quiz%2F%20&#8243;][\/vc_column][\/vc_row][vc_row][vc_column width=&#8220;1\/2&#8243;][vc_column_text css=&#8220;&#8220;]<strong>Fairer Handel: Wichtige Unterst\u00fctzung in der Klimakrise<\/strong><\/p>\n<p>Die Folgen der Klimakrise trifft auch zahlreiche Produzent*innen des Fairen Handels schwer. Versp\u00e4tete Regenzeiten lassen Feldfr\u00fcchte verdorren, w\u00e4hrend zu fr\u00fche Regenf\u00e4lle Bl\u00fcten an B\u00e4umen und Str\u00e4uchern vernichten. H\u00f6here Temperaturen und steigende Luftfeuchtigkeit beg\u00fcnstigen die Ausbreitung von Pflanzenkrankheiten und machen die Arbeit auf dem Feld und in Werkst\u00e4tten zeitweise unm\u00f6glich. Wenn Stra\u00dfen wegen \u00dcberschwemmung nicht passierbar sind, k\u00f6nnen Produzent*innen ihre Waren nicht zum Hafen transportieren.<\/p>\n<p>Hinzu kommt: Die Klimakrise ist ungerecht! Sie betrifft zwar alle Menschen weltweit, doch nicht im gleichen Ma\u00df: Arme Menschen sind st\u00e4rker betroffen als reiche, viele L\u00e4nder des Globalen S\u00fcdens st\u00e4rker als die des Nordens. Dementsprechend ist die Klimakrise nicht nur ein Umweltproblem, sondern auch eine soziale Krise \u2013 mit historischen Ursachen, die bis heute andauern.<\/p>\n<p><strong>\u00a0<\/strong><\/p>\n<p><strong>Fairer Handel schafft mehr Klimagerechtigkeit<\/strong><\/p>\n<p>Der Faire Handel ist Teil der L\u00f6sung. Er setzt sich f\u00fcr mehr Klimagerechtigkeit ein und leistet mit vielf\u00e4ltigen Ma\u00dfnahmen einen wirksamen Beitrag dazu. Zum Beispiel, in dem er Produzent*innen im Globalen S\u00fcden bei der Anpassung an die Folgen der Klimakrise unterst\u00fctzt. Oder durch seine klimaschonenden Produktionsweisen, um die eigenen Emissionen so gering wie m\u00f6glich zu halten. Und nicht zuletzt durch den Dialog mit politischen Entscheidungstr\u00e4ger*innen, unterst\u00fctzt durch Demonstrationen f\u00fcr mehr Klimagerechtigkeit, sowohl in Deutschland als auch im Globalen S\u00fcden.[\/vc_column_text][\/vc_column][vc_column width=&#8220;1\/2&#8243;][vc_column_text css=&#8220;&#8220;]\u00dcbrigens: Die Tatsache, dass Produkte aus Fairem Handel meistens einen langen Transportweg hinter sich haben, f\u00fchrt nicht automatisch zu einer schlechten Klimabilanz. Einen gro\u00dfen Einfluss auf die Klimabilanz eines Produktes hat z.B. die Art und Weise, wie es hergestellt wird. Fair gehandelte Lebensmittel werden weit \u00fcberwiegend \u00f6kologisch angebaut \u2013 der Verzicht auf chemische D\u00fcnger und Pestizide spart dabei viel Energie ein. Ein anderer Faktor ist die Nutzungsdauer eines Produktes. Textilien aus Fairem Handel zeichnen sich z.B. durch eine sehr hohe Qualit\u00e4t aus und erm\u00f6glichen eine lange Nutzung. Nicht zuletzt hat auch die Frage, mit welchem Verkehrsmittel der Einkauf abgewickelt wird, einen gro\u00dfen Einfluss. Der Transport von einem Kilogramm Kaffee aus Mittelamerika verursacht etwa so viele Emissionen wie eine Fahrt von 2 km mit einem durchschnittlichen Verbrennerauto.<\/p>\n<p><strong>\u00a0<\/strong><\/p>\n<p><strong>Jeder Schritt z\u00e4hlt \u2013 machen Sie mit!<\/strong><\/p>\n<p>Mit jedem Kauf fair gehandelter Produkte st\u00e4rken Sie unsere Handelspartner \u2013 sei es bei der Anpassung an die Folgen der Klimakrise oder bei der Umstellung auf klimaschonenderes Wirtschaften. Unsere Partner berichten immer wieder, wie wichtig der Verkauf ihrer Produkte \u00fcber den Fairen Handel ist. Wir freuen uns auf Ihren Besuch und Ihren Einkauf bei uns im Weltladen.<\/p>\n<p><img loading=\"lazy\" decoding=\"async\" class=\"alignnone wp-image-1578 size-medium\" src=\"https:\/\/weltlaeden.de\/weltladenteltow\/wp-content\/uploads\/sites\/72\/2024\/05\/Unbenannt-300x77.png\" alt=\"\" width=\"300\" height=\"77\" srcset=\"https:\/\/weltlaeden.de\/weltladenteltow\/wp-content\/uploads\/sites\/72\/2024\/05\/Unbenannt-300x77.png 300w, https:\/\/weltlaeden.de\/weltladenteltow\/wp-content\/uploads\/sites\/72\/2024\/05\/Unbenannt-768x196.png 768w, https:\/\/weltlaeden.de\/weltladenteltow\/wp-content\/uploads\/sites\/72\/2024\/05\/Unbenannt.png 945w\" sizes=\"auto, (max-width: 300px) 100vw, 300px\" \/><\/p>\n<p>[\/vc_column_text][\/vc_column][\/vc_row]<\/p>\n<\/div>","protected":false},"excerpt":{"rendered":"<p>[vc_row][vc_column width=&#8220;1\/2&#8243;][vc_single_image image=&#8220;1581&#8243; css=&#8220;&#8220;][\/vc_column][vc_column width=&#8220;1\/2&#8243;][vc_btn title=&#8220;Klima-Quiz&#8220; style=&#8220;3d&#8220; color=&#8220;green&#8220; align=&#8220;center&#8220; css=&#8220;&#8220; link=&#8220;url:%20https%3A%2F%2Fweltlaeden.de%2Fweltladenteltow%2Fklima-quiz%2F%20&#8243;][\/vc_column][\/vc_row][vc_row][vc_column width=&#8220;1\/2&#8243;][vc_column_text css=&#8220;&#8220;]Fairer Handel: Wichtige Unterst\u00fctzung in der Klimakrise Die Folgen der Klimakrise trifft auch zahlreiche Produzent*innen des Fairen Handels schwer. Versp\u00e4tete Regenzeiten lassen Feldfr\u00fcchte verdorren, w\u00e4hrend zu fr\u00fche Regenf\u00e4lle Bl\u00fcten an B\u00e4umen und Str\u00e4uchern vernichten. H\u00f6here Temperaturen und steigende Luftfeuchtigkeit beg\u00fcnstigen die Ausbreitung von&hellip;<\/p>\n","protected":false},"author":111,"featured_media":0,"parent":218,"menu_order":2,"comment_status":"closed","ping_status":"closed","template":"","meta":{"footnotes":""},"class_list":["post-1755","page","type-page","status-publish","hentry","description-off"],"yoast_head":"<!-- This site is optimized with the Yoast SEO plugin v26.8 - https:\/\/yoast.com\/product\/yoast-seo-wordpress\/ -->\n<title>Klima und Fairer Handel - Weltladen Teltow<\/title>\n<meta name=\"robots\" content=\"index, follow, max-snippet:-1, max-image-preview:large, max-video-preview:-1\" \/>\n<link rel=\"canonical\" href=\"https:\/\/weltlaeden.de\/weltladenteltow\/fairer-handel\/klima-und-fairer-handel\/\" \/>\n<meta property=\"og:locale\" content=\"de_DE\" \/>\n<meta property=\"og:type\" content=\"article\" \/>\n<meta property=\"og:title\" content=\"Klima und Fairer Handel - Weltladen Teltow\" \/>\n<meta property=\"og:description\" content=\"[vc_row][vc_column width=&#8220;1\/2&#8243;][vc_single_image image=&#8220;1581&#8243; css=&#8220;&#8220;][\/vc_column][vc_column width=&#8220;1\/2&#8243;][vc_btn title=&#8220;Klima-Quiz&#8220; style=&#8220;3d&#8220; color=&#8220;green&#8220; align=&#8220;center&#8220; css=&#8220;&#8220; link=&#8220;url:%20https%3A%2F%2Fweltlaeden.de%2Fweltladenteltow%2Fklima-quiz%2F%20&#8243;][\/vc_column][\/vc_row][vc_row][vc_column width=&#8220;1\/2&#8243;][vc_column_text css=&#8220;&#8220;]Fairer Handel: Wichtige Unterst\u00fctzung in der Klimakrise Die Folgen der Klimakrise trifft auch zahlreiche Produzent*innen des Fairen Handels schwer. Versp\u00e4tete Regenzeiten lassen Feldfr\u00fcchte verdorren, w\u00e4hrend zu fr\u00fche Regenf\u00e4lle Bl\u00fcten an B\u00e4umen und Str\u00e4uchern vernichten. H\u00f6here Temperaturen und steigende Luftfeuchtigkeit beg\u00fcnstigen die Ausbreitung von&hellip;\" \/>\n<meta property=\"og:url\" content=\"https:\/\/weltlaeden.de\/weltladenteltow\/fairer-handel\/klima-und-fairer-handel\/\" \/>\n<meta property=\"og:site_name\" content=\"Weltladen Teltow\" \/>\n<meta property=\"article:modified_time\" content=\"2025-04-06T19:45:08+00:00\" \/>\n<meta property=\"og:image\" content=\"https:\/\/weltlaeden.de\/weltladenteltow\/wp-content\/uploads\/sites\/72\/2024\/05\/Unbenannt-300x77.png\" \/>\n<meta name=\"twitter:card\" content=\"summary_large_image\" \/>\n<meta name=\"twitter:label1\" content=\"Gesch\u00e4tzte Lesezeit\" \/>\n\t<meta name=\"twitter:data1\" content=\"3\u00a0Minuten\" \/>\n<script type=\"application\/ld+json\" class=\"yoast-schema-graph\">{\"@context\":\"https:\/\/schema.org\",\"@graph\":[{\"@type\":\"WebPage\",\"@id\":\"https:\/\/weltlaeden.de\/weltladenteltow\/fairer-handel\/klima-und-fairer-handel\/\",\"url\":\"https:\/\/weltlaeden.de\/weltladenteltow\/fairer-handel\/klima-und-fairer-handel\/\",\"name\":\"Klima und Fairer Handel - Weltladen Teltow\",\"isPartOf\":{\"@id\":\"https:\/\/weltlaeden.de\/weltladenteltow\/#website\"},\"primaryImageOfPage\":{\"@id\":\"https:\/\/weltlaeden.de\/weltladenteltow\/fairer-handel\/klima-und-fairer-handel\/#primaryimage\"},\"image\":{\"@id\":\"https:\/\/weltlaeden.de\/weltladenteltow\/fairer-handel\/klima-und-fairer-handel\/#primaryimage\"},\"thumbnailUrl\":\"https:\/\/weltlaeden.de\/weltladenteltow\/wp-content\/uploads\/sites\/72\/2024\/05\/Unbenannt-300x77.png\",\"datePublished\":\"2025-04-06T19:04:53+00:00\",\"dateModified\":\"2025-04-06T19:45:08+00:00\",\"breadcrumb\":{\"@id\":\"https:\/\/weltlaeden.de\/weltladenteltow\/fairer-handel\/klima-und-fairer-handel\/#breadcrumb\"},\"inLanguage\":\"de\",\"potentialAction\":[{\"@type\":\"ReadAction\",\"target\":[\"https:\/\/weltlaeden.de\/weltladenteltow\/fairer-handel\/klima-und-fairer-handel\/\"]}]},{\"@type\":\"ImageObject\",\"inLanguage\":\"de\",\"@id\":\"https:\/\/weltlaeden.de\/weltladenteltow\/fairer-handel\/klima-und-fairer-handel\/#primaryimage\",\"url\":\"https:\/\/weltlaeden.de\/weltladenteltow\/wp-content\/uploads\/sites\/72\/2024\/05\/Unbenannt.png\",\"contentUrl\":\"https:\/\/weltlaeden.de\/weltladenteltow\/wp-content\/uploads\/sites\/72\/2024\/05\/Unbenannt.png\",\"width\":945,\"height\":241},{\"@type\":\"BreadcrumbList\",\"@id\":\"https:\/\/weltlaeden.de\/weltladenteltow\/fairer-handel\/klima-und-fairer-handel\/#breadcrumb\",\"itemListElement\":[{\"@type\":\"ListItem\",\"position\":1,\"name\":\"Startseite\",\"item\":\"https:\/\/weltlaeden.de\/weltladenteltow\/\"},{\"@type\":\"ListItem\",\"position\":2,\"name\":\"Fairer Handel\",\"item\":\"https:\/\/weltlaeden.de\/weltladenteltow\/fairer-handel\/\"},{\"@type\":\"ListItem\",\"position\":3,\"name\":\"Klima und Fairer Handel\"}]},{\"@type\":\"WebSite\",\"@id\":\"https:\/\/weltlaeden.de\/weltladenteltow\/#website\",\"url\":\"https:\/\/weltlaeden.de\/weltladenteltow\/\",\"name\":\"Weltladen Teltow\",\"description\":\"Faire Produkte seit 1990\",\"potentialAction\":[{\"@type\":\"SearchAction\",\"target\":{\"@type\":\"EntryPoint\",\"urlTemplate\":\"https:\/\/weltlaeden.de\/weltladenteltow\/?s={search_term_string}\"},\"query-input\":{\"@type\":\"PropertyValueSpecification\",\"valueRequired\":true,\"valueName\":\"search_term_string\"}}],\"inLanguage\":\"de\"}]}<\/script>\n<!-- \/ Yoast SEO plugin. -->","yoast_head_json":{"title":"Klima und Fairer Handel - Weltladen Teltow","robots":{"index":"index","follow":"follow","max-snippet":"max-snippet:-1","max-image-preview":"max-image-preview:large","max-video-preview":"max-video-preview:-1"},"canonical":"https:\/\/weltlaeden.de\/weltladenteltow\/fairer-handel\/klima-und-fairer-handel\/","og_locale":"de_DE","og_type":"article","og_title":"Klima und Fairer Handel - Weltladen Teltow","og_description":"[vc_row][vc_column width=&#8220;1\/2&#8243;][vc_single_image image=&#8220;1581&#8243; css=&#8220;&#8220;][\/vc_column][vc_column width=&#8220;1\/2&#8243;][vc_btn title=&#8220;Klima-Quiz&#8220; style=&#8220;3d&#8220; color=&#8220;green&#8220; align=&#8220;center&#8220; css=&#8220;&#8220; link=&#8220;url:%20https%3A%2F%2Fweltlaeden.de%2Fweltladenteltow%2Fklima-quiz%2F%20&#8243;][\/vc_column][\/vc_row][vc_row][vc_column width=&#8220;1\/2&#8243;][vc_column_text css=&#8220;&#8220;]Fairer Handel: Wichtige Unterst\u00fctzung in der Klimakrise Die Folgen der Klimakrise trifft auch zahlreiche Produzent*innen des Fairen Handels schwer. Versp\u00e4tete Regenzeiten lassen Feldfr\u00fcchte verdorren, w\u00e4hrend zu fr\u00fche Regenf\u00e4lle Bl\u00fcten an B\u00e4umen und Str\u00e4uchern vernichten. H\u00f6here Temperaturen und steigende Luftfeuchtigkeit beg\u00fcnstigen die Ausbreitung von&hellip;","og_url":"https:\/\/weltlaeden.de\/weltladenteltow\/fairer-handel\/klima-und-fairer-handel\/","og_site_name":"Weltladen Teltow","article_modified_time":"2025-04-06T19:45:08+00:00","og_image":[{"url":"https:\/\/weltlaeden.de\/weltladenteltow\/wp-content\/uploads\/sites\/72\/2024\/05\/Unbenannt-300x77.png","type":"","width":"","height":""}],"twitter_card":"summary_large_image","twitter_misc":{"Gesch\u00e4tzte Lesezeit":"3\u00a0Minuten"},"schema":{"@context":"https:\/\/schema.org","@graph":[{"@type":"WebPage","@id":"https:\/\/weltlaeden.de\/weltladenteltow\/fairer-handel\/klima-und-fairer-handel\/","url":"https:\/\/weltlaeden.de\/weltladenteltow\/fairer-handel\/klima-und-fairer-handel\/","name":"Klima und Fairer Handel - Weltladen Teltow","isPartOf":{"@id":"https:\/\/weltlaeden.de\/weltladenteltow\/#website"},"primaryImageOfPage":{"@id":"https:\/\/weltlaeden.de\/weltladenteltow\/fairer-handel\/klima-und-fairer-handel\/#primaryimage"},"image":{"@id":"https:\/\/weltlaeden.de\/weltladenteltow\/fairer-handel\/klima-und-fairer-handel\/#primaryimage"},"thumbnailUrl":"https:\/\/weltlaeden.de\/weltladenteltow\/wp-content\/uploads\/sites\/72\/2024\/05\/Unbenannt-300x77.png","datePublished":"2025-04-06T19:04:53+00:00","dateModified":"2025-04-06T19:45:08+00:00","breadcrumb":{"@id":"https:\/\/weltlaeden.de\/weltladenteltow\/fairer-handel\/klima-und-fairer-handel\/#breadcrumb"},"inLanguage":"de","potentialAction":[{"@type":"ReadAction","target":["https:\/\/weltlaeden.de\/weltladenteltow\/fairer-handel\/klima-und-fairer-handel\/"]}]},{"@type":"ImageObject","inLanguage":"de","@id":"https:\/\/weltlaeden.de\/weltladenteltow\/fairer-handel\/klima-und-fairer-handel\/#primaryimage","url":"https:\/\/weltlaeden.de\/weltladenteltow\/wp-content\/uploads\/sites\/72\/2024\/05\/Unbenannt.png","contentUrl":"https:\/\/weltlaeden.de\/weltladenteltow\/wp-content\/uploads\/sites\/72\/2024\/05\/Unbenannt.png","width":945,"height":241},{"@type":"BreadcrumbList","@id":"https:\/\/weltlaeden.de\/weltladenteltow\/fairer-handel\/klima-und-fairer-handel\/#breadcrumb","itemListElement":[{"@type":"ListItem","position":1,"name":"Startseite","item":"https:\/\/weltlaeden.de\/weltladenteltow\/"},{"@type":"ListItem","position":2,"name":"Fairer Handel","item":"https:\/\/weltlaeden.de\/weltladenteltow\/fairer-handel\/"},{"@type":"ListItem","position":3,"name":"Klima und Fairer Handel"}]},{"@type":"WebSite","@id":"https:\/\/weltlaeden.de\/weltladenteltow\/#website","url":"https:\/\/weltlaeden.de\/weltladenteltow\/","name":"Weltladen Teltow","description":"Faire Produkte seit 1990","potentialAction":[{"@type":"SearchAction","target":{"@type":"EntryPoint","urlTemplate":"https:\/\/weltlaeden.de\/weltladenteltow\/?s={search_term_string}"},"query-input":{"@type":"PropertyValueSpecification","valueRequired":true,"valueName":"search_term_string"}}],"inLanguage":"de"}]}},"_links":{"self":[{"href":"https:\/\/weltlaeden.de\/weltladenteltow\/wp-json\/wp\/v2\/pages\/1755","targetHints":{"allow":["GET"]}}],"collection":[{"href":"https:\/\/weltlaeden.de\/weltladenteltow\/wp-json\/wp\/v2\/pages"}],"about":[{"href":"https:\/\/weltlaeden.de\/weltladenteltow\/wp-json\/wp\/v2\/types\/page"}],"author":[{"embeddable":true,"href":"https:\/\/weltlaeden.de\/weltladenteltow\/wp-json\/wp\/v2\/users\/111"}],"replies":[{"embeddable":true,"href":"https:\/\/weltlaeden.de\/weltladenteltow\/wp-json\/wp\/v2\/comments?post=1755"}],"version-history":[{"count":7,"href":"https:\/\/weltlaeden.de\/weltladenteltow\/wp-json\/wp\/v2\/pages\/1755\/revisions"}],"predecessor-version":[{"id":1764,"href":"https:\/\/weltlaeden.de\/weltladenteltow\/wp-json\/wp\/v2\/pages\/1755\/revisions\/1764"}],"up":[{"embeddable":true,"href":"https:\/\/weltlaeden.de\/weltladenteltow\/wp-json\/wp\/v2\/pages\/218"}],"wp:attachment":[{"href":"https:\/\/weltlaeden.de\/weltladenteltow\/wp-json\/wp\/v2\/media?parent=1755"}],"curies":[{"name":"wp","href":"https:\/\/api.w.org\/{rel}","templated":true}]}}