{"id":1728,"date":"2025-04-05T23:48:56","date_gmt":"2025-04-05T21:48:56","guid":{"rendered":"https:\/\/weltlaeden.de\/weltladenteltow\/fairer-handel\/frauen\/"},"modified":"2025-04-06T22:28:57","modified_gmt":"2025-04-06T20:28:57","slug":"frauen","status":"publish","type":"page","link":"https:\/\/weltlaeden.de\/weltladenteltow\/fairer-handel\/frauen\/","title":{"rendered":"Frauen im Fairen Handel"},"content":{"rendered":"<div class=\"wpb-content-wrapper\"><p>[vc_row][vc_column width=&#8220;1\/4&#8243;][vc_column_text css=&#8220;&#8220;]<img loading=\"lazy\" decoding=\"async\" class=\"alignnone wp-image-1777 size-medium\" src=\"https:\/\/weltlaeden.de\/weltladenteltow\/wp-content\/uploads\/sites\/72\/2025\/04\/PosterFeminista-210x300.jpg\" alt=\"\" width=\"210\" height=\"300\" srcset=\"https:\/\/weltlaeden.de\/weltladenteltow\/wp-content\/uploads\/sites\/72\/2025\/04\/PosterFeminista-210x300.jpg 210w, https:\/\/weltlaeden.de\/weltladenteltow\/wp-content\/uploads\/sites\/72\/2025\/04\/PosterFeminista-718x1024.jpg 718w, https:\/\/weltlaeden.de\/weltladenteltow\/wp-content\/uploads\/sites\/72\/2025\/04\/PosterFeminista-768x1095.jpg 768w, https:\/\/weltlaeden.de\/weltladenteltow\/wp-content\/uploads\/sites\/72\/2025\/04\/PosterFeminista-1078x1536.jpg 1078w, https:\/\/weltlaeden.de\/weltladenteltow\/wp-content\/uploads\/sites\/72\/2025\/04\/PosterFeminista.jpg 1190w\" sizes=\"auto, (max-width: 210px) 100vw, 210px\" \/>[\/vc_column_text][\/vc_column][vc_column width=&#8220;3\/4&#8243;][vc_column_text css=&#8220;&#8220;]Frauen im Fairen Handel \u00fcberwinden Geschlechtergrenzen. Sie sind Expertinnen, Entscheidungstr\u00e4gerinnen und F\u00fchrungspersonen. F\u00fcr Fair-Handels-Organisationen steht die Gleichstellung der Geschlechter und die wirtschaftliche St\u00e4rkung von Frauen im Mittelpunkt. Frauen erreichen hier mit einer viermal so hohen Wahrscheinlichkeit eine Position in den obersten F\u00fchrungsebenen, zum Beispiel als Gesch\u00e4ftsf\u00fchrerinnen oder Vorst\u00e4ndinnen, als in konventionellen Unternehmen. Dar\u00fcber hinaus werden ihre Rechte respektiert. Frauen sind sichtbar und werden geh\u00f6rt. Fairer Handel bedeutet f\u00fcr die Produzentinnen in L\u00e4ndern Asiens, Afrikas und Lateinamerikas: mehr Wertsch\u00e4tzung, mehr Unabh\u00e4ngigkeit und mehr Selbstbestimmung.<\/p>\n<p>&nbsp;<\/p>\n<p>\ud83d\udcaa Setz auch du dich f\u00fcr Frauenrechte ein und mach mit bei uns im Weltladen! Wir freuen uns auf dich!<\/p>\n<p>[\/vc_column_text][\/vc_column][\/vc_row]<\/p>\n<\/div>","protected":false},"excerpt":{"rendered":"<p>[vc_row][vc_column width=&#8220;1\/4&#8243;][vc_column_text css=&#8220;&#8220;][\/vc_column_text][\/vc_column][vc_column width=&#8220;3\/4&#8243;][vc_column_text css=&#8220;&#8220;]Frauen im Fairen Handel \u00fcberwinden Geschlechtergrenzen. Sie sind Expertinnen, Entscheidungstr\u00e4gerinnen und F\u00fchrungspersonen. F\u00fcr Fair-Handels-Organisationen steht die Gleichstellung der Geschlechter und die wirtschaftliche St\u00e4rkung von Frauen im Mittelpunkt. Frauen erreichen hier mit einer viermal so hohen Wahrscheinlichkeit eine Position in den obersten F\u00fchrungsebenen, zum Beispiel als Gesch\u00e4ftsf\u00fchrerinnen oder Vorst\u00e4ndinnen, als in konventionellen&hellip;<\/p>\n","protected":false},"author":111,"featured_media":0,"parent":218,"menu_order":1,"comment_status":"closed","ping_status":"closed","template":"","meta":{"footnotes":""},"class_list":["post-1728","page","type-page","status-publish","hentry","description-off"],"yoast_head":"<!-- This site is optimized with the Yoast SEO plugin v26.8 - https:\/\/yoast.com\/product\/yoast-seo-wordpress\/ -->\n<title>Frauen im Fairen Handel - Weltladen Teltow<\/title>\n<meta name=\"robots\" content=\"index, follow, max-snippet:-1, max-image-preview:large, max-video-preview:-1\" \/>\n<link rel=\"canonical\" href=\"https:\/\/weltlaeden.de\/weltladenteltow\/fairer-handel\/frauen\/\" \/>\n<meta property=\"og:locale\" content=\"de_DE\" \/>\n<meta property=\"og:type\" content=\"article\" \/>\n<meta property=\"og:title\" content=\"Frauen im Fairen Handel - Weltladen Teltow\" \/>\n<meta property=\"og:description\" content=\"[vc_row][vc_column width=&#8220;1\/4&#8243;][vc_column_text css=&#8220;&#8220;][\/vc_column_text][\/vc_column][vc_column width=&#8220;3\/4&#8243;][vc_column_text css=&#8220;&#8220;]Frauen im Fairen Handel \u00fcberwinden Geschlechtergrenzen. Sie sind Expertinnen, Entscheidungstr\u00e4gerinnen und F\u00fchrungspersonen. F\u00fcr Fair-Handels-Organisationen steht die Gleichstellung der Geschlechter und die wirtschaftliche St\u00e4rkung von Frauen im Mittelpunkt. Frauen erreichen hier mit einer viermal so hohen Wahrscheinlichkeit eine Position in den obersten F\u00fchrungsebenen, zum Beispiel als Gesch\u00e4ftsf\u00fchrerinnen oder Vorst\u00e4ndinnen, als in konventionellen&hellip;\" \/>\n<meta property=\"og:url\" content=\"https:\/\/weltlaeden.de\/weltladenteltow\/fairer-handel\/frauen\/\" \/>\n<meta property=\"og:site_name\" content=\"Weltladen Teltow\" \/>\n<meta property=\"article:modified_time\" content=\"2025-04-06T20:28:57+00:00\" \/>\n<meta property=\"og:image\" content=\"https:\/\/weltlaeden.de\/weltladenteltow\/wp-content\/uploads\/sites\/72\/2025\/04\/PosterFeminista.jpg\" \/>\n\t<meta property=\"og:image:width\" content=\"1190\" \/>\n\t<meta property=\"og:image:height\" content=\"1696\" \/>\n\t<meta property=\"og:image:type\" content=\"image\/jpeg\" \/>\n<meta name=\"twitter:card\" content=\"summary_large_image\" \/>\n<meta name=\"twitter:label1\" content=\"Gesch\u00e4tzte Lesezeit\" \/>\n\t<meta name=\"twitter:data1\" content=\"1\u00a0Minute\" \/>\n<script type=\"application\/ld+json\" class=\"yoast-schema-graph\">{\"@context\":\"https:\/\/schema.org\",\"@graph\":[{\"@type\":\"WebPage\",\"@id\":\"https:\/\/weltlaeden.de\/weltladenteltow\/fairer-handel\/frauen\/\",\"url\":\"https:\/\/weltlaeden.de\/weltladenteltow\/fairer-handel\/frauen\/\",\"name\":\"Frauen im Fairen Handel - Weltladen Teltow\",\"isPartOf\":{\"@id\":\"https:\/\/weltlaeden.de\/weltladenteltow\/#website\"},\"primaryImageOfPage\":{\"@id\":\"https:\/\/weltlaeden.de\/weltladenteltow\/fairer-handel\/frauen\/#primaryimage\"},\"image\":{\"@id\":\"https:\/\/weltlaeden.de\/weltladenteltow\/fairer-handel\/frauen\/#primaryimage\"},\"thumbnailUrl\":\"https:\/\/weltlaeden.de\/weltladenteltow\/wp-content\/uploads\/sites\/72\/2025\/04\/PosterFeminista-210x300.jpg\",\"datePublished\":\"2025-04-05T21:48:56+00:00\",\"dateModified\":\"2025-04-06T20:28:57+00:00\",\"breadcrumb\":{\"@id\":\"https:\/\/weltlaeden.de\/weltladenteltow\/fairer-handel\/frauen\/#breadcrumb\"},\"inLanguage\":\"de\",\"potentialAction\":[{\"@type\":\"ReadAction\",\"target\":[\"https:\/\/weltlaeden.de\/weltladenteltow\/fairer-handel\/frauen\/\"]}]},{\"@type\":\"ImageObject\",\"inLanguage\":\"de\",\"@id\":\"https:\/\/weltlaeden.de\/weltladenteltow\/fairer-handel\/frauen\/#primaryimage\",\"url\":\"https:\/\/weltlaeden.de\/weltladenteltow\/wp-content\/uploads\/sites\/72\/2025\/04\/PosterFeminista.jpg\",\"contentUrl\":\"https:\/\/weltlaeden.de\/weltladenteltow\/wp-content\/uploads\/sites\/72\/2025\/04\/PosterFeminista.jpg\",\"width\":1190,\"height\":1696},{\"@type\":\"BreadcrumbList\",\"@id\":\"https:\/\/weltlaeden.de\/weltladenteltow\/fairer-handel\/frauen\/#breadcrumb\",\"itemListElement\":[{\"@type\":\"ListItem\",\"position\":1,\"name\":\"Startseite\",\"item\":\"https:\/\/weltlaeden.de\/weltladenteltow\/\"},{\"@type\":\"ListItem\",\"position\":2,\"name\":\"Fairer Handel\",\"item\":\"https:\/\/weltlaeden.de\/weltladenteltow\/fairer-handel\/\"},{\"@type\":\"ListItem\",\"position\":3,\"name\":\"Frauen im Fairen Handel\"}]},{\"@type\":\"WebSite\",\"@id\":\"https:\/\/weltlaeden.de\/weltladenteltow\/#website\",\"url\":\"https:\/\/weltlaeden.de\/weltladenteltow\/\",\"name\":\"Weltladen Teltow\",\"description\":\"Faire Produkte seit 1990\",\"potentialAction\":[{\"@type\":\"SearchAction\",\"target\":{\"@type\":\"EntryPoint\",\"urlTemplate\":\"https:\/\/weltlaeden.de\/weltladenteltow\/?s={search_term_string}\"},\"query-input\":{\"@type\":\"PropertyValueSpecification\",\"valueRequired\":true,\"valueName\":\"search_term_string\"}}],\"inLanguage\":\"de\"}]}<\/script>\n<!-- \/ Yoast SEO plugin. -->","yoast_head_json":{"title":"Frauen im Fairen Handel - Weltladen Teltow","robots":{"index":"index","follow":"follow","max-snippet":"max-snippet:-1","max-image-preview":"max-image-preview:large","max-video-preview":"max-video-preview:-1"},"canonical":"https:\/\/weltlaeden.de\/weltladenteltow\/fairer-handel\/frauen\/","og_locale":"de_DE","og_type":"article","og_title":"Frauen im Fairen Handel - Weltladen Teltow","og_description":"[vc_row][vc_column width=&#8220;1\/4&#8243;][vc_column_text css=&#8220;&#8220;][\/vc_column_text][\/vc_column][vc_column width=&#8220;3\/4&#8243;][vc_column_text css=&#8220;&#8220;]Frauen im Fairen Handel \u00fcberwinden Geschlechtergrenzen. Sie sind Expertinnen, Entscheidungstr\u00e4gerinnen und F\u00fchrungspersonen. F\u00fcr Fair-Handels-Organisationen steht die Gleichstellung der Geschlechter und die wirtschaftliche St\u00e4rkung von Frauen im Mittelpunkt. Frauen erreichen hier mit einer viermal so hohen Wahrscheinlichkeit eine Position in den obersten F\u00fchrungsebenen, zum Beispiel als Gesch\u00e4ftsf\u00fchrerinnen oder Vorst\u00e4ndinnen, als in konventionellen&hellip;","og_url":"https:\/\/weltlaeden.de\/weltladenteltow\/fairer-handel\/frauen\/","og_site_name":"Weltladen Teltow","article_modified_time":"2025-04-06T20:28:57+00:00","og_image":[{"width":1190,"height":1696,"url":"https:\/\/weltlaeden.de\/weltladenteltow\/wp-content\/uploads\/sites\/72\/2025\/04\/PosterFeminista.jpg","type":"image\/jpeg"}],"twitter_card":"summary_large_image","twitter_misc":{"Gesch\u00e4tzte Lesezeit":"1\u00a0Minute"},"schema":{"@context":"https:\/\/schema.org","@graph":[{"@type":"WebPage","@id":"https:\/\/weltlaeden.de\/weltladenteltow\/fairer-handel\/frauen\/","url":"https:\/\/weltlaeden.de\/weltladenteltow\/fairer-handel\/frauen\/","name":"Frauen im Fairen Handel - Weltladen Teltow","isPartOf":{"@id":"https:\/\/weltlaeden.de\/weltladenteltow\/#website"},"primaryImageOfPage":{"@id":"https:\/\/weltlaeden.de\/weltladenteltow\/fairer-handel\/frauen\/#primaryimage"},"image":{"@id":"https:\/\/weltlaeden.de\/weltladenteltow\/fairer-handel\/frauen\/#primaryimage"},"thumbnailUrl":"https:\/\/weltlaeden.de\/weltladenteltow\/wp-content\/uploads\/sites\/72\/2025\/04\/PosterFeminista-210x300.jpg","datePublished":"2025-04-05T21:48:56+00:00","dateModified":"2025-04-06T20:28:57+00:00","breadcrumb":{"@id":"https:\/\/weltlaeden.de\/weltladenteltow\/fairer-handel\/frauen\/#breadcrumb"},"inLanguage":"de","potentialAction":[{"@type":"ReadAction","target":["https:\/\/weltlaeden.de\/weltladenteltow\/fairer-handel\/frauen\/"]}]},{"@type":"ImageObject","inLanguage":"de","@id":"https:\/\/weltlaeden.de\/weltladenteltow\/fairer-handel\/frauen\/#primaryimage","url":"https:\/\/weltlaeden.de\/weltladenteltow\/wp-content\/uploads\/sites\/72\/2025\/04\/PosterFeminista.jpg","contentUrl":"https:\/\/weltlaeden.de\/weltladenteltow\/wp-content\/uploads\/sites\/72\/2025\/04\/PosterFeminista.jpg","width":1190,"height":1696},{"@type":"BreadcrumbList","@id":"https:\/\/weltlaeden.de\/weltladenteltow\/fairer-handel\/frauen\/#breadcrumb","itemListElement":[{"@type":"ListItem","position":1,"name":"Startseite","item":"https:\/\/weltlaeden.de\/weltladenteltow\/"},{"@type":"ListItem","position":2,"name":"Fairer Handel","item":"https:\/\/weltlaeden.de\/weltladenteltow\/fairer-handel\/"},{"@type":"ListItem","position":3,"name":"Frauen im Fairen Handel"}]},{"@type":"WebSite","@id":"https:\/\/weltlaeden.de\/weltladenteltow\/#website","url":"https:\/\/weltlaeden.de\/weltladenteltow\/","name":"Weltladen Teltow","description":"Faire Produkte seit 1990","potentialAction":[{"@type":"SearchAction","target":{"@type":"EntryPoint","urlTemplate":"https:\/\/weltlaeden.de\/weltladenteltow\/?s={search_term_string}"},"query-input":{"@type":"PropertyValueSpecification","valueRequired":true,"valueName":"search_term_string"}}],"inLanguage":"de"}]}},"_links":{"self":[{"href":"https:\/\/weltlaeden.de\/weltladenteltow\/wp-json\/wp\/v2\/pages\/1728","targetHints":{"allow":["GET"]}}],"collection":[{"href":"https:\/\/weltlaeden.de\/weltladenteltow\/wp-json\/wp\/v2\/pages"}],"about":[{"href":"https:\/\/weltlaeden.de\/weltladenteltow\/wp-json\/wp\/v2\/types\/page"}],"author":[{"embeddable":true,"href":"https:\/\/weltlaeden.de\/weltladenteltow\/wp-json\/wp\/v2\/users\/111"}],"replies":[{"embeddable":true,"href":"https:\/\/weltlaeden.de\/weltladenteltow\/wp-json\/wp\/v2\/comments?post=1728"}],"version-history":[{"count":11,"href":"https:\/\/weltlaeden.de\/weltladenteltow\/wp-json\/wp\/v2\/pages\/1728\/revisions"}],"predecessor-version":[{"id":1782,"href":"https:\/\/weltlaeden.de\/weltladenteltow\/wp-json\/wp\/v2\/pages\/1728\/revisions\/1782"}],"up":[{"embeddable":true,"href":"https:\/\/weltlaeden.de\/weltladenteltow\/wp-json\/wp\/v2\/pages\/218"}],"wp:attachment":[{"href":"https:\/\/weltlaeden.de\/weltladenteltow\/wp-json\/wp\/v2\/media?parent=1728"}],"curies":[{"name":"wp","href":"https:\/\/api.w.org\/{rel}","templated":true}]}}