{"id":558,"date":"2019-11-11T22:14:08","date_gmt":"2019-11-11T21:14:08","guid":{"rendered":"https:\/\/weltlaeden.de\/weltladen-zeichen-der-zeit\/?page_id=558"},"modified":"2026-04-24T11:44:21","modified_gmt":"2026-04-24T09:44:21","slug":"lebensmittel","status":"publish","type":"page","link":"https:\/\/weltlaeden.de\/weltladen-zeichen-der-zeit\/lebensmittel\/","title":{"rendered":"Unsere Lebensmittel"},"content":{"rendered":"<div class=\"wpb-content-wrapper\"><p>[vc_row][vc_column][vc_column_text css=&#8220;&#8220;]<\/p>\n<h1>Unsere Lebensmittel: Leckeres zum Naschen und Kochen<\/h1>\n<p>[\/vc_column_text][\/vc_column][\/vc_row][vc_row][vc_column width=&#8220;1\/3&#8243;][vc_column_text]<\/p>\n<h2>Gew\u00fcrze<\/h2>\n<p>[\/vc_column_text]<div class=\"wl_einzelbild\"><p><img loading=\"lazy\" decoding=\"async\" class=\"alignnone size-full wp-image-1133\" src=\"https:\/\/weltlaeden.de\/weltladen-zeichen-der-zeit\/wp-content\/uploads\/sites\/102\/2022\/07\/Curry-scaled-e1657125788103.jpg\" alt=\"\" width=\"1440\" height=\"1920\" srcset=\"https:\/\/weltlaeden.de\/weltladen-zeichen-der-zeit\/wp-content\/uploads\/sites\/102\/2022\/07\/Curry-scaled-e1657125788103.jpg 1440w, https:\/\/weltlaeden.de\/weltladen-zeichen-der-zeit\/wp-content\/uploads\/sites\/102\/2022\/07\/Curry-scaled-e1657125788103-225x300.jpg 225w, https:\/\/weltlaeden.de\/weltladen-zeichen-der-zeit\/wp-content\/uploads\/sites\/102\/2022\/07\/Curry-scaled-e1657125788103-768x1024.jpg 768w, https:\/\/weltlaeden.de\/weltladen-zeichen-der-zeit\/wp-content\/uploads\/sites\/102\/2022\/07\/Curry-scaled-e1657125788103-1152x1536.jpg 1152w\" sizes=\"auto, (max-width: 1440px) 100vw, 1440px\" \/><\/p><\/div>[vc_column_text]Eine Gew\u00fcrzmischung aus <span class=\"product-field-display\"><span class=\"cs9FF1B611\">Koriander, K\u00fcmmel, Paprika scharf, <\/span><span class=\"csCCF5E316\">SENF<\/span><span class=\"cs9FF1B611\">, Curcuma, Bockshornklee, Fenchelsamen, Pfeffer, Zimt, Ingwer und Nelken bringt den Duft und Geschmack Asiens zu Ihnen<\/span><\/span>.[\/vc_column_text][\/vc_column][vc_column width=&#8220;1\/3&#8243;][vc_column_text css=&#8220;&#8220;]<\/p>\n<h2>Tee<\/h2>\n<p>[\/vc_column_text]<div class=\"wl_einzelbild\"><p><img loading=\"lazy\" decoding=\"async\" class=\"alignnone size-full wp-image-1134\" src=\"https:\/\/weltlaeden.de\/weltladen-zeichen-der-zeit\/wp-content\/uploads\/sites\/102\/2022\/07\/Kilimandjaro-scaled-e1657125976985.jpg\" alt=\"\" width=\"1440\" height=\"1920\" srcset=\"https:\/\/weltlaeden.de\/weltladen-zeichen-der-zeit\/wp-content\/uploads\/sites\/102\/2022\/07\/Kilimandjaro-scaled-e1657125976985.jpg 1440w, https:\/\/weltlaeden.de\/weltladen-zeichen-der-zeit\/wp-content\/uploads\/sites\/102\/2022\/07\/Kilimandjaro-scaled-e1657125976985-225x300.jpg 225w, https:\/\/weltlaeden.de\/weltladen-zeichen-der-zeit\/wp-content\/uploads\/sites\/102\/2022\/07\/Kilimandjaro-scaled-e1657125976985-768x1024.jpg 768w, https:\/\/weltlaeden.de\/weltladen-zeichen-der-zeit\/wp-content\/uploads\/sites\/102\/2022\/07\/Kilimandjaro-scaled-e1657125976985-1152x1536.jpg 1152w\" sizes=\"auto, (max-width: 1440px) 100vw, 1440px\" \/><\/p><\/div>[vc_column_text]Der schwarze Tee aus dem Hochland im S\u00fcdosten von Tansania ist besonders aromatisch und kr\u00e4ftig im Geschmack, als 500g Packung oder im Teebeutel erh\u00e4ltlich.[\/vc_column_text][\/vc_column][vc_column width=&#8220;1\/3&#8243;][vc_column_text css=&#8220;&#8220;]<\/p>\n<h2>Schokoladen<\/h2>\n<p>[\/vc_column_text]<div class=\"wl_einzelbild\"><p><img loading=\"lazy\" decoding=\"async\" class=\"alignnone size-full wp-image-1135\" src=\"https:\/\/weltlaeden.de\/weltladen-zeichen-der-zeit\/wp-content\/uploads\/sites\/102\/2022\/07\/SaoTome-scaled.jpg\" alt=\"\" width=\"1440\" height=\"1920\" srcset=\"https:\/\/weltlaeden.de\/weltladen-zeichen-der-zeit\/wp-content\/uploads\/sites\/102\/2022\/07\/SaoTome-scaled.jpg 1440w, https:\/\/weltlaeden.de\/weltladen-zeichen-der-zeit\/wp-content\/uploads\/sites\/102\/2022\/07\/SaoTome-225x300.jpg 225w, https:\/\/weltlaeden.de\/weltladen-zeichen-der-zeit\/wp-content\/uploads\/sites\/102\/2022\/07\/SaoTome-768x1024.jpg 768w, https:\/\/weltlaeden.de\/weltladen-zeichen-der-zeit\/wp-content\/uploads\/sites\/102\/2022\/07\/SaoTome-1152x1536.jpg 1152w, https:\/\/weltlaeden.de\/weltladen-zeichen-der-zeit\/wp-content\/uploads\/sites\/102\/2022\/07\/SaoTome-1536x2048.jpg 1536w\" sizes=\"auto, (max-width: 1440px) 100vw, 1440px\" \/><\/p><\/div>[vc_column_text]F\u00fcr echte Genie\u00dfer: die hocharomatische Gourmetschokolade kommt aus dem Inselstaat S\u00e3o Tom\u00e9, der f\u00fcr seinen gro\u00dfartigen Kakao ber\u00fchmt ist.[\/vc_column_text][\/vc_column][\/vc_row][vc_row][vc_column width=&#8220;1\/3&#8243;][vc_column_text]<\/p>\n<h2>Kaffee<\/h2>\n<p>[\/vc_column_text]<div class=\"wl_einzelbild\"><p><img loading=\"lazy\" decoding=\"async\" class=\"alignnone size-full wp-image-1136\" src=\"https:\/\/weltlaeden.de\/weltladen-zeichen-der-zeit\/wp-content\/uploads\/sites\/102\/2022\/07\/Berliner-Bohne-scaled-e1657126296199.jpg\" alt=\"\" width=\"1440\" height=\"1920\" srcset=\"https:\/\/weltlaeden.de\/weltladen-zeichen-der-zeit\/wp-content\/uploads\/sites\/102\/2022\/07\/Berliner-Bohne-scaled-e1657126296199.jpg 1440w, https:\/\/weltlaeden.de\/weltladen-zeichen-der-zeit\/wp-content\/uploads\/sites\/102\/2022\/07\/Berliner-Bohne-scaled-e1657126296199-225x300.jpg 225w, https:\/\/weltlaeden.de\/weltladen-zeichen-der-zeit\/wp-content\/uploads\/sites\/102\/2022\/07\/Berliner-Bohne-scaled-e1657126296199-768x1024.jpg 768w, https:\/\/weltlaeden.de\/weltladen-zeichen-der-zeit\/wp-content\/uploads\/sites\/102\/2022\/07\/Berliner-Bohne-scaled-e1657126296199-1152x1536.jpg 1152w\" sizes=\"auto, (max-width: 1440px) 100vw, 1440px\" \/><\/p><\/div>[vc_column_text]Die Berliner Bohne ist <strong>der<\/strong> Hauptstadtkaffee f\u00fcr die Berliner Schnauze aus dem Hochland Lateinamerikas (Honduras, Peru, Nicaragua, Mexiko) aus \u00f6kologischen Anbau, mild im Geschmack.[\/vc_column_text][\/vc_column][vc_column width=&#8220;1\/3&#8243;][vc_column_text]<\/p>\n<h2>Trockenfr\u00fcchte &amp; N\u00fcsse<\/h2>\n<p>[\/vc_column_text]<div class=\"wl_einzelbild\"><p><img loading=\"lazy\" decoding=\"async\" class=\"alignnone size-full wp-image-1137\" src=\"https:\/\/weltlaeden.de\/weltladen-zeichen-der-zeit\/wp-content\/uploads\/sites\/102\/2022\/07\/Mango-scaled-e1657126549406.jpg\" alt=\"\" width=\"1440\" height=\"1920\" srcset=\"https:\/\/weltlaeden.de\/weltladen-zeichen-der-zeit\/wp-content\/uploads\/sites\/102\/2022\/07\/Mango-scaled-e1657126549406.jpg 1440w, https:\/\/weltlaeden.de\/weltladen-zeichen-der-zeit\/wp-content\/uploads\/sites\/102\/2022\/07\/Mango-scaled-e1657126549406-225x300.jpg 225w, https:\/\/weltlaeden.de\/weltladen-zeichen-der-zeit\/wp-content\/uploads\/sites\/102\/2022\/07\/Mango-scaled-e1657126549406-768x1024.jpg 768w, https:\/\/weltlaeden.de\/weltladen-zeichen-der-zeit\/wp-content\/uploads\/sites\/102\/2022\/07\/Mango-scaled-e1657126549406-1152x1536.jpg 1152w\" sizes=\"auto, (max-width: 1440px) 100vw, 1440px\" \/><\/p><\/div>[vc_column_text]<\/p>\n<p class=\"moz-quote-pre\">Der perfekten Snack, ob ges\u00fc\u00dft oder unges\u00fc\u00dft: geschmackvolle getrocknete Carabao-Mangos. Au\u00dferdem verhelfen Sie mit dem Kauf missbrauchten und inhaftierten Kinder auf den Philippinen zu einem neuen zu Hause und einem guten Leben.<\/p>\n<p>[\/vc_column_text][\/vc_column][vc_column width=&#8220;1\/3&#8243;][vc_column_text]<\/p>\n<h2>Saucen, Pasten und \u00d6le<\/h2>\n<p>[\/vc_column_text]<div class=\"wl_einzelbild\"><p><img loading=\"lazy\" decoding=\"async\" class=\"alignnone size-full wp-image-1138\" src=\"https:\/\/weltlaeden.de\/weltladen-zeichen-der-zeit\/wp-content\/uploads\/sites\/102\/2022\/07\/Tomatensauce-scaled-e1657126770709.jpg\" alt=\"\" width=\"1440\" height=\"1920\" srcset=\"https:\/\/weltlaeden.de\/weltladen-zeichen-der-zeit\/wp-content\/uploads\/sites\/102\/2022\/07\/Tomatensauce-scaled-e1657126770709.jpg 1440w, https:\/\/weltlaeden.de\/weltladen-zeichen-der-zeit\/wp-content\/uploads\/sites\/102\/2022\/07\/Tomatensauce-scaled-e1657126770709-225x300.jpg 225w, https:\/\/weltlaeden.de\/weltladen-zeichen-der-zeit\/wp-content\/uploads\/sites\/102\/2022\/07\/Tomatensauce-scaled-e1657126770709-768x1024.jpg 768w, https:\/\/weltlaeden.de\/weltladen-zeichen-der-zeit\/wp-content\/uploads\/sites\/102\/2022\/07\/Tomatensauce-scaled-e1657126770709-1152x1536.jpg 1152w\" sizes=\"auto, (max-width: 1440px) 100vw, 1440px\" \/><\/p><\/div>[vc_column_text]Diese Bio-Tomatensauce mit Basilikum ist schnell zubereitet und bringt die D\u00fcfte und Aromen des Mittelmeers in wenigen Minuten in Ihre K\u00fcche.[\/vc_column_text][\/vc_column][\/vc_row][vc_row][vc_column width=&#8220;1\/3&#8243;][vc_column_text]<\/p>\n<h2>Alkohol<\/h2>\n<p>[\/vc_column_text]<div class=\"wl_einzelbild\"><p><img loading=\"lazy\" decoding=\"async\" class=\"alignnone size-full wp-image-1140\" src=\"https:\/\/weltlaeden.de\/weltladen-zeichen-der-zeit\/wp-content\/uploads\/sites\/102\/2022\/07\/Rum-scaled-e1657126989601.jpg\" alt=\"\" width=\"1440\" height=\"1920\" srcset=\"https:\/\/weltlaeden.de\/weltladen-zeichen-der-zeit\/wp-content\/uploads\/sites\/102\/2022\/07\/Rum-scaled-e1657126989601.jpg 1440w, https:\/\/weltlaeden.de\/weltladen-zeichen-der-zeit\/wp-content\/uploads\/sites\/102\/2022\/07\/Rum-scaled-e1657126989601-225x300.jpg 225w, https:\/\/weltlaeden.de\/weltladen-zeichen-der-zeit\/wp-content\/uploads\/sites\/102\/2022\/07\/Rum-scaled-e1657126989601-768x1024.jpg 768w, https:\/\/weltlaeden.de\/weltladen-zeichen-der-zeit\/wp-content\/uploads\/sites\/102\/2022\/07\/Rum-scaled-e1657126989601-1152x1536.jpg 1152w\" sizes=\"auto, (max-width: 1440px) 100vw, 1440px\" \/><\/p><\/div>[vc_column_text]Der Varadero Rum kommt aus der kubanischen Stadt Santiago de Cuba, die f\u00fcr ihren qualitativ hochwertigen Zucker und ihr gutes Wasser bekannt ist, was den siebenj\u00e4hrigen Rum zu einem der besten der Welt macht.[\/vc_column_text][\/vc_column][vc_column width=&#8220;1\/3&#8243;][vc_column_text]<\/p>\n<h2>Scharfe Reihe<\/h2>\n<p>[\/vc_column_text]<div class=\"wl_einzelbild\"><p><img loading=\"lazy\" decoding=\"async\" class=\"alignnone size-full wp-image-1141\" src=\"https:\/\/weltlaeden.de\/weltladen-zeichen-der-zeit\/wp-content\/uploads\/sites\/102\/2022\/07\/ChiliSauce-1-scaled-e1657127194430.jpg\" alt=\"\" width=\"1440\" height=\"1920\" srcset=\"https:\/\/weltlaeden.de\/weltladen-zeichen-der-zeit\/wp-content\/uploads\/sites\/102\/2022\/07\/ChiliSauce-1-scaled-e1657127194430.jpg 1440w, https:\/\/weltlaeden.de\/weltladen-zeichen-der-zeit\/wp-content\/uploads\/sites\/102\/2022\/07\/ChiliSauce-1-scaled-e1657127194430-225x300.jpg 225w, https:\/\/weltlaeden.de\/weltladen-zeichen-der-zeit\/wp-content\/uploads\/sites\/102\/2022\/07\/ChiliSauce-1-scaled-e1657127194430-768x1024.jpg 768w, https:\/\/weltlaeden.de\/weltladen-zeichen-der-zeit\/wp-content\/uploads\/sites\/102\/2022\/07\/ChiliSauce-1-scaled-e1657127194430-1152x1536.jpg 1152w\" sizes=\"auto, (max-width: 1440px) 100vw, 1440px\" \/><\/p><\/div>[vc_column_text]Diese Sauce von <a href=\"https:\/\/weltlaeden.de\/weltladen-zeichen-der-zeit\/handelspartner-portrait-turqle-trading\/\">Turqle Trading<\/a> hat es in sich: die ger\u00e4ucherten Habaneros aus S\u00fcdafrika verleiht vor allem Marinaden und Gegrilltem den besonderen Pfiff.[\/vc_column_text][\/vc_column][vc_column width=&#8220;1\/3&#8243;][vc_column_text]<\/p>\n<h2>Snacks<\/h2>\n<p>[\/vc_column_text]<div class=\"wl_einzelbild\"><p><img loading=\"lazy\" decoding=\"async\" class=\"alignnone size-full wp-image-1280\" src=\"https:\/\/weltlaeden.de\/weltladen-zeichen-der-zeit\/wp-content\/uploads\/sites\/102\/2022\/08\/2Lotte-scaled-e1661861476266.jpg\" alt=\"\" width=\"1440\" height=\"1920\" srcset=\"https:\/\/weltlaeden.de\/weltladen-zeichen-der-zeit\/wp-content\/uploads\/sites\/102\/2022\/08\/2Lotte-scaled-e1661861476266.jpg 1440w, https:\/\/weltlaeden.de\/weltladen-zeichen-der-zeit\/wp-content\/uploads\/sites\/102\/2022\/08\/2Lotte-scaled-e1661861476266-225x300.jpg 225w, https:\/\/weltlaeden.de\/weltladen-zeichen-der-zeit\/wp-content\/uploads\/sites\/102\/2022\/08\/2Lotte-scaled-e1661861476266-768x1024.jpg 768w, https:\/\/weltlaeden.de\/weltladen-zeichen-der-zeit\/wp-content\/uploads\/sites\/102\/2022\/08\/2Lotte-scaled-e1661861476266-1152x1536.jpg 1152w\" sizes=\"auto, (max-width: 1440px) 100vw, 1440px\" \/><\/p><\/div>[vc_column_text]Frech und spritzig durch die Zitrusfrische sonnengereifter Limetten, der Riegel Lotte mit Limette-Dattel Geschmack ist perfekt f\u00fcr den kleinen Hunger zwischendurch.[\/vc_column_text][\/vc_column][\/vc_row][vc_row][vc_column width=&#8220;1\/3&#8243;][vc_column_text]<\/p>\n<h2>Knabberzeug<\/h2>\n<p>[\/vc_column_text]<div class=\"wl_einzelbild\"><p><img loading=\"lazy\" decoding=\"async\" class=\"alignnone size-full wp-image-1130\" src=\"https:\/\/weltlaeden.de\/weltladen-zeichen-der-zeit\/wp-content\/uploads\/sites\/102\/2022\/07\/Krupuk-scaled-e1657116613278.jpg\" alt=\"\" width=\"1440\" height=\"1920\" srcset=\"https:\/\/weltlaeden.de\/weltladen-zeichen-der-zeit\/wp-content\/uploads\/sites\/102\/2022\/07\/Krupuk-scaled-e1657116613278.jpg 1440w, https:\/\/weltlaeden.de\/weltladen-zeichen-der-zeit\/wp-content\/uploads\/sites\/102\/2022\/07\/Krupuk-scaled-e1657116613278-225x300.jpg 225w, https:\/\/weltlaeden.de\/weltladen-zeichen-der-zeit\/wp-content\/uploads\/sites\/102\/2022\/07\/Krupuk-scaled-e1657116613278-768x1024.jpg 768w, https:\/\/weltlaeden.de\/weltladen-zeichen-der-zeit\/wp-content\/uploads\/sites\/102\/2022\/07\/Krupuk-scaled-e1657116613278-1152x1536.jpg 1152w\" sizes=\"auto, (max-width: 1440px) 100vw, 1440px\" \/><\/p><\/div>[vc_column_text]Ein beliebter Snack aus Indonesien, zubereitet aus der Maniokwurzel, in Sonnenblumen\u00f6l gebacken und eine leckere, vegane Alternative zu Krabbenchips.[\/vc_column_text][\/vc_column][vc_column width=&#8220;1\/3&#8243;][vc_column_text]<\/p>\n<h2>Erfrischung<\/h2>\n<p>[\/vc_column_text]<div class=\"wl_einzelbild\"><p><img loading=\"lazy\" decoding=\"async\" class=\"alignnone size-full wp-image-1148\" src=\"https:\/\/weltlaeden.de\/weltladen-zeichen-der-zeit\/wp-content\/uploads\/sites\/102\/2022\/07\/Zitronenlimo-scaled.jpg\" alt=\"\" width=\"1440\" height=\"1920\" srcset=\"https:\/\/weltlaeden.de\/weltladen-zeichen-der-zeit\/wp-content\/uploads\/sites\/102\/2022\/07\/Zitronenlimo-scaled.jpg 1440w, https:\/\/weltlaeden.de\/weltladen-zeichen-der-zeit\/wp-content\/uploads\/sites\/102\/2022\/07\/Zitronenlimo-225x300.jpg 225w, https:\/\/weltlaeden.de\/weltladen-zeichen-der-zeit\/wp-content\/uploads\/sites\/102\/2022\/07\/Zitronenlimo-768x1024.jpg 768w, https:\/\/weltlaeden.de\/weltladen-zeichen-der-zeit\/wp-content\/uploads\/sites\/102\/2022\/07\/Zitronenlimo-1152x1536.jpg 1152w, https:\/\/weltlaeden.de\/weltladen-zeichen-der-zeit\/wp-content\/uploads\/sites\/102\/2022\/07\/Zitronenlimo-1536x2048.jpg 1536w\" sizes=\"auto, (max-width: 1440px) 100vw, 1440px\" \/><\/p><\/div>[vc_column_text]Erfrischende Limonade aus dem Saft von Bio-Zitronen aus Paraguay. Spritzig, frisch und perfekt f\u00fcr hei\u00dfe Sommertage![\/vc_column_text][\/vc_column][vc_column width=&#8220;1\/3&#8243;][vc_column_text][\/vc_column_text]<div class=\"wl_einzelbild\"><p><\/p><\/div>[vc_column_text][\/vc_column_text][\/vc_column][\/vc_row]<\/p>\n<\/div>","protected":false},"excerpt":{"rendered":"<p>[vc_row][vc_column][vc_column_text css=&#8220;&#8220;] Unsere Lebensmittel: Leckeres zum Naschen und Kochen [\/vc_column_text][\/vc_column][\/vc_row][vc_row][vc_column width=&#8220;1\/3&#8243;][vc_column_text] Gew\u00fcrze [\/vc_column_text][vc_column_text]Eine Gew\u00fcrzmischung aus Koriander, K\u00fcmmel, Paprika scharf, SENF, Curcuma, Bockshornklee, Fenchelsamen, Pfeffer, Zimt, Ingwer und Nelken bringt den Duft und Geschmack Asiens zu Ihnen.[\/vc_column_text][\/vc_column][vc_column width=&#8220;1\/3&#8243;][vc_column_text css=&#8220;&#8220;] Tee [\/vc_column_text][vc_column_text]Der schwarze Tee aus dem Hochland im S\u00fcdosten von Tansania ist besonders aromatisch und kr\u00e4ftig im&hellip;<\/p>\n","protected":false},"author":157,"featured_media":0,"parent":0,"menu_order":6,"comment_status":"closed","ping_status":"closed","template":"","meta":{"footnotes":""},"class_list":["post-558","page","type-page","status-publish","hentry","description-off"],"yoast_head":"<!-- This site is optimized with the Yoast SEO plugin v26.8 - https:\/\/yoast.com\/product\/yoast-seo-wordpress\/ -->\n<title>Unsere Lebensmittel - Weltladen ZeichenDerZeit<\/title>\n<meta name=\"robots\" content=\"index, follow, max-snippet:-1, max-image-preview:large, max-video-preview:-1\" \/>\n<link rel=\"canonical\" href=\"https:\/\/weltlaeden.de\/weltladen-zeichen-der-zeit\/lebensmittel\/\" \/>\n<meta property=\"og:locale\" content=\"de_DE\" \/>\n<meta property=\"og:type\" content=\"article\" \/>\n<meta property=\"og:title\" content=\"Unsere Lebensmittel - Weltladen ZeichenDerZeit\" \/>\n<meta property=\"og:description\" content=\"[vc_row][vc_column][vc_column_text css=&#8220;&#8220;] Unsere Lebensmittel: Leckeres zum Naschen und Kochen [\/vc_column_text][\/vc_column][\/vc_row][vc_row][vc_column width=&#8220;1\/3&#8243;][vc_column_text] Gew\u00fcrze [\/vc_column_text][vc_column_text]Eine Gew\u00fcrzmischung aus Koriander, K\u00fcmmel, Paprika scharf, SENF, Curcuma, Bockshornklee, Fenchelsamen, Pfeffer, Zimt, Ingwer und Nelken bringt den Duft und Geschmack Asiens zu Ihnen.[\/vc_column_text][\/vc_column][vc_column width=&#8220;1\/3&#8243;][vc_column_text css=&#8220;&#8220;] Tee [\/vc_column_text][vc_column_text]Der schwarze Tee aus dem Hochland im S\u00fcdosten von Tansania ist besonders aromatisch und kr\u00e4ftig im&hellip;\" \/>\n<meta property=\"og:url\" content=\"https:\/\/weltlaeden.de\/weltladen-zeichen-der-zeit\/lebensmittel\/\" \/>\n<meta property=\"og:site_name\" content=\"Weltladen ZeichenDerZeit\" \/>\n<meta property=\"article:modified_time\" content=\"2026-04-24T09:44:21+00:00\" \/>\n<meta property=\"og:image\" content=\"https:\/\/weltlaeden.de\/weltladen-zeichen-der-zeit\/wp-content\/uploads\/sites\/102\/2022\/07\/Curry-scaled-e1657125788103.jpg\" \/>\n\t<meta property=\"og:image:width\" content=\"1440\" \/>\n\t<meta property=\"og:image:height\" content=\"1920\" \/>\n\t<meta property=\"og:image:type\" content=\"image\/jpeg\" \/>\n<meta name=\"twitter:card\" content=\"summary_large_image\" \/>\n<meta name=\"twitter:label1\" content=\"Gesch\u00e4tzte Lesezeit\" \/>\n\t<meta name=\"twitter:data1\" content=\"4\u00a0Minuten\" \/>\n<script type=\"application\/ld+json\" class=\"yoast-schema-graph\">{\"@context\":\"https:\/\/schema.org\",\"@graph\":[{\"@type\":\"WebPage\",\"@id\":\"https:\/\/weltlaeden.de\/weltladen-zeichen-der-zeit\/lebensmittel\/\",\"url\":\"https:\/\/weltlaeden.de\/weltladen-zeichen-der-zeit\/lebensmittel\/\",\"name\":\"Unsere Lebensmittel - Weltladen ZeichenDerZeit\",\"isPartOf\":{\"@id\":\"https:\/\/weltlaeden.de\/weltladen-zeichen-der-zeit\/#website\"},\"primaryImageOfPage\":{\"@id\":\"https:\/\/weltlaeden.de\/weltladen-zeichen-der-zeit\/lebensmittel\/#primaryimage\"},\"image\":{\"@id\":\"https:\/\/weltlaeden.de\/weltladen-zeichen-der-zeit\/lebensmittel\/#primaryimage\"},\"thumbnailUrl\":\"https:\/\/weltlaeden.de\/weltladen-zeichen-der-zeit\/wp-content\/uploads\/sites\/102\/2022\/07\/Curry-scaled-e1657125788103.jpg\",\"datePublished\":\"2019-11-11T21:14:08+00:00\",\"dateModified\":\"2026-04-24T09:44:21+00:00\",\"breadcrumb\":{\"@id\":\"https:\/\/weltlaeden.de\/weltladen-zeichen-der-zeit\/lebensmittel\/#breadcrumb\"},\"inLanguage\":\"de\",\"potentialAction\":[{\"@type\":\"ReadAction\",\"target\":[\"https:\/\/weltlaeden.de\/weltladen-zeichen-der-zeit\/lebensmittel\/\"]}]},{\"@type\":\"ImageObject\",\"inLanguage\":\"de\",\"@id\":\"https:\/\/weltlaeden.de\/weltladen-zeichen-der-zeit\/lebensmittel\/#primaryimage\",\"url\":\"https:\/\/weltlaeden.de\/weltladen-zeichen-der-zeit\/wp-content\/uploads\/sites\/102\/2022\/07\/Curry-scaled-e1657125788103.jpg\",\"contentUrl\":\"https:\/\/weltlaeden.de\/weltladen-zeichen-der-zeit\/wp-content\/uploads\/sites\/102\/2022\/07\/Curry-scaled-e1657125788103.jpg\",\"width\":1440,\"height\":1920},{\"@type\":\"BreadcrumbList\",\"@id\":\"https:\/\/weltlaeden.de\/weltladen-zeichen-der-zeit\/lebensmittel\/#breadcrumb\",\"itemListElement\":[{\"@type\":\"ListItem\",\"position\":1,\"name\":\"Startseite\",\"item\":\"https:\/\/weltlaeden.de\/weltladen-zeichen-der-zeit\/\"},{\"@type\":\"ListItem\",\"position\":2,\"name\":\"Unsere Lebensmittel\"}]},{\"@type\":\"WebSite\",\"@id\":\"https:\/\/weltlaeden.de\/weltladen-zeichen-der-zeit\/#website\",\"url\":\"https:\/\/weltlaeden.de\/weltladen-zeichen-der-zeit\/\",\"name\":\"Weltladen ZeichenDerZeit\",\"description\":\"Faire Produkte seit 1990\",\"potentialAction\":[{\"@type\":\"SearchAction\",\"target\":{\"@type\":\"EntryPoint\",\"urlTemplate\":\"https:\/\/weltlaeden.de\/weltladen-zeichen-der-zeit\/?s={search_term_string}\"},\"query-input\":{\"@type\":\"PropertyValueSpecification\",\"valueRequired\":true,\"valueName\":\"search_term_string\"}}],\"inLanguage\":\"de\"}]}<\/script>\n<!-- \/ Yoast SEO plugin. -->","yoast_head_json":{"title":"Unsere Lebensmittel - Weltladen ZeichenDerZeit","robots":{"index":"index","follow":"follow","max-snippet":"max-snippet:-1","max-image-preview":"max-image-preview:large","max-video-preview":"max-video-preview:-1"},"canonical":"https:\/\/weltlaeden.de\/weltladen-zeichen-der-zeit\/lebensmittel\/","og_locale":"de_DE","og_type":"article","og_title":"Unsere Lebensmittel - Weltladen ZeichenDerZeit","og_description":"[vc_row][vc_column][vc_column_text css=&#8220;&#8220;] Unsere Lebensmittel: Leckeres zum Naschen und Kochen [\/vc_column_text][\/vc_column][\/vc_row][vc_row][vc_column width=&#8220;1\/3&#8243;][vc_column_text] Gew\u00fcrze [\/vc_column_text][vc_column_text]Eine Gew\u00fcrzmischung aus Koriander, K\u00fcmmel, Paprika scharf, SENF, Curcuma, Bockshornklee, Fenchelsamen, Pfeffer, Zimt, Ingwer und Nelken bringt den Duft und Geschmack Asiens zu Ihnen.[\/vc_column_text][\/vc_column][vc_column width=&#8220;1\/3&#8243;][vc_column_text css=&#8220;&#8220;] Tee [\/vc_column_text][vc_column_text]Der schwarze Tee aus dem Hochland im S\u00fcdosten von Tansania ist besonders aromatisch und kr\u00e4ftig im&hellip;","og_url":"https:\/\/weltlaeden.de\/weltladen-zeichen-der-zeit\/lebensmittel\/","og_site_name":"Weltladen ZeichenDerZeit","article_modified_time":"2026-04-24T09:44:21+00:00","og_image":[{"width":1440,"height":1920,"url":"https:\/\/weltlaeden.de\/weltladen-zeichen-der-zeit\/wp-content\/uploads\/sites\/102\/2022\/07\/Curry-scaled-e1657125788103.jpg","type":"image\/jpeg"}],"twitter_card":"summary_large_image","twitter_misc":{"Gesch\u00e4tzte Lesezeit":"4\u00a0Minuten"},"schema":{"@context":"https:\/\/schema.org","@graph":[{"@type":"WebPage","@id":"https:\/\/weltlaeden.de\/weltladen-zeichen-der-zeit\/lebensmittel\/","url":"https:\/\/weltlaeden.de\/weltladen-zeichen-der-zeit\/lebensmittel\/","name":"Unsere Lebensmittel - Weltladen ZeichenDerZeit","isPartOf":{"@id":"https:\/\/weltlaeden.de\/weltladen-zeichen-der-zeit\/#website"},"primaryImageOfPage":{"@id":"https:\/\/weltlaeden.de\/weltladen-zeichen-der-zeit\/lebensmittel\/#primaryimage"},"image":{"@id":"https:\/\/weltlaeden.de\/weltladen-zeichen-der-zeit\/lebensmittel\/#primaryimage"},"thumbnailUrl":"https:\/\/weltlaeden.de\/weltladen-zeichen-der-zeit\/wp-content\/uploads\/sites\/102\/2022\/07\/Curry-scaled-e1657125788103.jpg","datePublished":"2019-11-11T21:14:08+00:00","dateModified":"2026-04-24T09:44:21+00:00","breadcrumb":{"@id":"https:\/\/weltlaeden.de\/weltladen-zeichen-der-zeit\/lebensmittel\/#breadcrumb"},"inLanguage":"de","potentialAction":[{"@type":"ReadAction","target":["https:\/\/weltlaeden.de\/weltladen-zeichen-der-zeit\/lebensmittel\/"]}]},{"@type":"ImageObject","inLanguage":"de","@id":"https:\/\/weltlaeden.de\/weltladen-zeichen-der-zeit\/lebensmittel\/#primaryimage","url":"https:\/\/weltlaeden.de\/weltladen-zeichen-der-zeit\/wp-content\/uploads\/sites\/102\/2022\/07\/Curry-scaled-e1657125788103.jpg","contentUrl":"https:\/\/weltlaeden.de\/weltladen-zeichen-der-zeit\/wp-content\/uploads\/sites\/102\/2022\/07\/Curry-scaled-e1657125788103.jpg","width":1440,"height":1920},{"@type":"BreadcrumbList","@id":"https:\/\/weltlaeden.de\/weltladen-zeichen-der-zeit\/lebensmittel\/#breadcrumb","itemListElement":[{"@type":"ListItem","position":1,"name":"Startseite","item":"https:\/\/weltlaeden.de\/weltladen-zeichen-der-zeit\/"},{"@type":"ListItem","position":2,"name":"Unsere Lebensmittel"}]},{"@type":"WebSite","@id":"https:\/\/weltlaeden.de\/weltladen-zeichen-der-zeit\/#website","url":"https:\/\/weltlaeden.de\/weltladen-zeichen-der-zeit\/","name":"Weltladen ZeichenDerZeit","description":"Faire Produkte seit 1990","potentialAction":[{"@type":"SearchAction","target":{"@type":"EntryPoint","urlTemplate":"https:\/\/weltlaeden.de\/weltladen-zeichen-der-zeit\/?s={search_term_string}"},"query-input":{"@type":"PropertyValueSpecification","valueRequired":true,"valueName":"search_term_string"}}],"inLanguage":"de"}]}},"_links":{"self":[{"href":"https:\/\/weltlaeden.de\/weltladen-zeichen-der-zeit\/wp-json\/wp\/v2\/pages\/558","targetHints":{"allow":["GET"]}}],"collection":[{"href":"https:\/\/weltlaeden.de\/weltladen-zeichen-der-zeit\/wp-json\/wp\/v2\/pages"}],"about":[{"href":"https:\/\/weltlaeden.de\/weltladen-zeichen-der-zeit\/wp-json\/wp\/v2\/types\/page"}],"author":[{"embeddable":true,"href":"https:\/\/weltlaeden.de\/weltladen-zeichen-der-zeit\/wp-json\/wp\/v2\/users\/157"}],"replies":[{"embeddable":true,"href":"https:\/\/weltlaeden.de\/weltladen-zeichen-der-zeit\/wp-json\/wp\/v2\/comments?post=558"}],"version-history":[{"count":32,"href":"https:\/\/weltlaeden.de\/weltladen-zeichen-der-zeit\/wp-json\/wp\/v2\/pages\/558\/revisions"}],"predecessor-version":[{"id":1281,"href":"https:\/\/weltlaeden.de\/weltladen-zeichen-der-zeit\/wp-json\/wp\/v2\/pages\/558\/revisions\/1281"}],"wp:attachment":[{"href":"https:\/\/weltlaeden.de\/weltladen-zeichen-der-zeit\/wp-json\/wp\/v2\/media?parent=558"}],"curies":[{"name":"wp","href":"https:\/\/api.w.org\/{rel}","templated":true}]}}