{"id":454,"date":"2019-07-27T08:05:29","date_gmt":"2019-07-27T06:05:29","guid":{"rendered":"https:\/\/weltlaeden.de\/weltladen-zeichen-der-zeit\/?page_id=454"},"modified":"2026-04-16T11:51:16","modified_gmt":"2026-04-16T09:51:16","slug":"team","status":"publish","type":"page","link":"https:\/\/weltlaeden.de\/weltladen-zeichen-der-zeit\/team\/","title":{"rendered":"Unser Team"},"content":{"rendered":"<div class=\"wpb-content-wrapper\"><p>[vc_row][vc_column][vc_column_text]<\/p>\n<h1>Unser Team<\/h1>\n<p>[\/vc_column_text][\/vc_column][\/vc_row][vc_row][vc_column width=&#8220;1\/4&#8243;][vc_single_image image=&#8220;1380&#8243; img_size=&#8220;full&#8220;][vc_column_text]<\/p>\n<p style=\"text-align: left\">Claudia Strauss<\/p>\n<p>[\/vc_column_text][\/vc_column][vc_column width=&#8220;3\/4&#8243;][vc_column_text]<\/p>\n<p style=\"text-align: justify\">&#8222;Mit unserem Fair Trade Gesch\u00e4ft bek\u00e4mpfen wir Fluchtursachen und Klimawandel, betreiben Handel auf Augenh\u00f6he und engagieren uns f\u00fcr einen lebendigen Kiez.&#8220;<\/p>\n<p>[\/vc_column_text][\/vc_column][\/vc_row][vc_row][vc_column][\/vc_column][\/vc_row][vc_row][vc_column width=&#8220;1\/4&#8243;][vc_single_image image=&#8220;632&#8243; img_size=&#8220;large&#8220;][vc_column_text]Lavern Wolfram[\/vc_column_text][\/vc_column][vc_column width=&#8220;3\/4&#8243;][vc_column_text]&#8220;Ich arbeite im Weltladen, weil ich gern gute Produkte verkaufe, die Menschen im globalen S\u00fcden zu besseren Lebensbedingungen verhelfen.&#8220;[\/vc_column_text][\/vc_column][\/vc_row][vc_row][\/vc_row][vc_row][vc_column width=&#8220;1\/4&#8243;]<div class=\"wl_einzelbild\"><p><img loading=\"lazy\" decoding=\"async\" class=\"alignnone size-medium wp-image-634\" src=\"https:\/\/weltlaeden.de\/weltladen-zeichen-der-zeit\/wp-content\/uploads\/sites\/102\/2020\/02\/Regina-300x300.jpg\" alt=\"\" width=\"300\" height=\"300\" \/><\/p><\/div>[vc_column_text]Regina Berchner[\/vc_column_text][\/vc_column][vc_column width=&#8220;3\/4&#8243;][vc_column_text]&#8220;Als ich 2019 in Rente ging wollte ich gern ehrenamtlich arbeiten und habe im Weltladen genau die richtige T\u00e4tigkeit f\u00fcr mich gefunden.&#8220;[\/vc_column_text][\/vc_column][\/vc_row][vc_row][vc_column width=&#8220;1\/4&#8243;]<div class=\"wl_einzelbild\"><p><img loading=\"lazy\" decoding=\"async\" class=\"alignnone wp-image-660 size-medium\" src=\"https:\/\/weltlaeden.de\/weltladen-zeichen-der-zeit\/wp-content\/uploads\/sites\/102\/2020\/02\/Angelika-2-300x300.png\" alt=\"\" width=\"300\" height=\"300\" srcset=\"https:\/\/weltlaeden.de\/weltladen-zeichen-der-zeit\/wp-content\/uploads\/sites\/102\/2020\/02\/Angelika-2-300x300.png 300w, https:\/\/weltlaeden.de\/weltladen-zeichen-der-zeit\/wp-content\/uploads\/sites\/102\/2020\/02\/Angelika-2-150x150.png 150w, https:\/\/weltlaeden.de\/weltladen-zeichen-der-zeit\/wp-content\/uploads\/sites\/102\/2020\/02\/Angelika-2-768x768.png 768w, https:\/\/weltlaeden.de\/weltladen-zeichen-der-zeit\/wp-content\/uploads\/sites\/102\/2020\/02\/Angelika-2-1024x1024.png 1024w, https:\/\/weltlaeden.de\/weltladen-zeichen-der-zeit\/wp-content\/uploads\/sites\/102\/2020\/02\/Angelika-2.png 1920w\" sizes=\"auto, (max-width: 300px) 100vw, 300px\" \/><\/p><\/div>[vc_column_text]Angelika Pl\u00fcmpe[\/vc_column_text][\/vc_column][vc_column width=&#8220;3\/4&#8243;][vc_column_text]&#8220;Der Kopf ist rund, damit das Denken die Richtung wechseln kann&#8220; &#8211; Francis Picabia (1879-1954)[\/vc_column_text][\/vc_column][\/vc_row][vc_row][vc_column width=&#8220;1\/4&#8243;]<div class=\"wl_einzelbild\"><p><img loading=\"lazy\" decoding=\"async\" class=\"alignnone size-full wp-image-1017\" src=\"https:\/\/weltlaeden.de\/weltladen-zeichen-der-zeit\/wp-content\/uploads\/sites\/102\/2021\/11\/image_67111681-e1636742810505.jpg\" alt=\"\" width=\"513\" height=\"517\" srcset=\"https:\/\/weltlaeden.de\/weltladen-zeichen-der-zeit\/wp-content\/uploads\/sites\/102\/2021\/11\/image_67111681-e1636742810505.jpg 513w, https:\/\/weltlaeden.de\/weltladen-zeichen-der-zeit\/wp-content\/uploads\/sites\/102\/2021\/11\/image_67111681-e1636742810505-150x150.jpg 150w, https:\/\/weltlaeden.de\/weltladen-zeichen-der-zeit\/wp-content\/uploads\/sites\/102\/2021\/11\/image_67111681-e1636742810505-298x300.jpg 298w\" sizes=\"auto, (max-width: 513px) 100vw, 513px\" \/><\/p><\/div>[vc_column_text]Rebecca Batwala[\/vc_column_text][\/vc_column][vc_column width=&#8220;3\/4&#8243;][vc_column_text][\/vc_column_text][\/vc_column][\/vc_row][vc_row][vc_column width=&#8220;1\/4&#8243;]<div class=\"wl_einzelbild\"><p><img loading=\"lazy\" decoding=\"async\" class=\"alignnone size-full wp-image-1388\" src=\"https:\/\/weltlaeden.de\/weltladen-zeichen-der-zeit\/wp-content\/uploads\/sites\/102\/2023\/07\/Beate.jpeg\" alt=\"\" width=\"505\" height=\"506\" srcset=\"https:\/\/weltlaeden.de\/weltladen-zeichen-der-zeit\/wp-content\/uploads\/sites\/102\/2023\/07\/Beate.jpeg 505w, https:\/\/weltlaeden.de\/weltladen-zeichen-der-zeit\/wp-content\/uploads\/sites\/102\/2023\/07\/Beate-300x300.jpeg 300w, https:\/\/weltlaeden.de\/weltladen-zeichen-der-zeit\/wp-content\/uploads\/sites\/102\/2023\/07\/Beate-150x150.jpeg 150w\" sizes=\"auto, (max-width: 505px) 100vw, 505px\" \/><\/p><\/div>[vc_column_text]Beate Hermsmeier[\/vc_column_text][\/vc_column][vc_column width=&#8220;3\/4&#8243;][vc_column_text]Solidarit\u00e4t &#8211;\u00a0 ein gro\u00dfes Wort. Mein kleiner Beitrag dazu.[\/vc_column_text][\/vc_column][\/vc_row][vc_row][vc_column width=&#8220;1\/4&#8243;]<div class=\"wl_einzelbild\"><p><img loading=\"lazy\" decoding=\"async\" class=\"alignnone size-full wp-image-1529\" src=\"https:\/\/weltlaeden.de\/weltladen-zeichen-der-zeit\/wp-content\/uploads\/sites\/102\/2025\/02\/2024-Teamausflug-e1739871013382.jpg\" alt=\"\" width=\"141\" height=\"152\" \/><\/p><\/div>[vc_column_text css=&#8220;&#8220;]Arne Seydak<\/p>\n<p>[\/vc_column_text][\/vc_column][vc_column width=&#8220;3\/4&#8243;][\/vc_column][\/vc_row]<\/p>\n<\/div>","protected":false},"excerpt":{"rendered":"<p>[vc_row][vc_column][vc_column_text] Unser Team [\/vc_column_text][\/vc_column][\/vc_row][vc_row][vc_column width=&#8220;1\/4&#8243;][vc_single_image image=&#8220;1380&#8243; img_size=&#8220;full&#8220;][vc_column_text] Claudia Strauss [\/vc_column_text][\/vc_column][vc_column width=&#8220;3\/4&#8243;][vc_column_text] &#8222;Mit unserem Fair Trade Gesch\u00e4ft bek\u00e4mpfen wir Fluchtursachen und Klimawandel, betreiben Handel auf Augenh\u00f6he und engagieren uns f\u00fcr einen lebendigen Kiez.&#8220; [\/vc_column_text][\/vc_column][\/vc_row][vc_row][vc_column][\/vc_column][\/vc_row][vc_row][vc_column width=&#8220;1\/4&#8243;][vc_single_image image=&#8220;632&#8243; img_size=&#8220;large&#8220;][vc_column_text]Lavern Wolfram[\/vc_column_text][\/vc_column][vc_column width=&#8220;3\/4&#8243;][vc_column_text]&#8220;Ich arbeite im Weltladen, weil ich gern gute Produkte verkaufe, die Menschen im globalen S\u00fcden zu besseren Lebensbedingungen&hellip;<\/p>\n","protected":false},"author":157,"featured_media":0,"parent":0,"menu_order":4,"comment_status":"closed","ping_status":"closed","template":"","meta":{"footnotes":""},"class_list":["post-454","page","type-page","status-publish","hentry","description-off"],"yoast_head":"<!-- This site is optimized with the Yoast SEO plugin v26.8 - https:\/\/yoast.com\/product\/yoast-seo-wordpress\/ -->\n<title>Unser Team - Weltladen ZeichenDerZeit<\/title>\n<meta name=\"description\" content=\"Das Weltladen-Team. Wir tragen die Verantwortung \u00fcber den Weltladen &quot;Zeichen der Zeit&quot;.\" \/>\n<meta name=\"robots\" content=\"index, follow, max-snippet:-1, max-image-preview:large, max-video-preview:-1\" \/>\n<link rel=\"canonical\" href=\"https:\/\/weltlaeden.de\/weltladen-zeichen-der-zeit\/team\/\" \/>\n<meta property=\"og:locale\" content=\"de_DE\" \/>\n<meta property=\"og:type\" content=\"article\" \/>\n<meta property=\"og:title\" content=\"Unser Team - Weltladen ZeichenDerZeit\" \/>\n<meta property=\"og:description\" content=\"Das Weltladen-Team. Wir tragen die Verantwortung \u00fcber den Weltladen &quot;Zeichen der Zeit&quot;.\" \/>\n<meta property=\"og:url\" content=\"https:\/\/weltlaeden.de\/weltladen-zeichen-der-zeit\/team\/\" \/>\n<meta property=\"og:site_name\" content=\"Weltladen ZeichenDerZeit\" \/>\n<meta property=\"article:modified_time\" content=\"2026-04-16T09:51:16+00:00\" \/>\n<meta property=\"og:image\" content=\"https:\/\/weltlaeden.de\/weltladen-zeichen-der-zeit\/wp-content\/uploads\/sites\/102\/2020\/02\/Regina-300x300.jpg\" \/>\n<meta name=\"twitter:card\" content=\"summary_large_image\" \/>\n<meta name=\"twitter:label1\" content=\"Gesch\u00e4tzte Lesezeit\" \/>\n\t<meta name=\"twitter:data1\" content=\"3\u00a0Minuten\" \/>\n<script type=\"application\/ld+json\" class=\"yoast-schema-graph\">{\"@context\":\"https:\/\/schema.org\",\"@graph\":[{\"@type\":\"WebPage\",\"@id\":\"https:\/\/weltlaeden.de\/weltladen-zeichen-der-zeit\/team\/\",\"url\":\"https:\/\/weltlaeden.de\/weltladen-zeichen-der-zeit\/team\/\",\"name\":\"Unser Team - Weltladen ZeichenDerZeit\",\"isPartOf\":{\"@id\":\"https:\/\/weltlaeden.de\/weltladen-zeichen-der-zeit\/#website\"},\"primaryImageOfPage\":{\"@id\":\"https:\/\/weltlaeden.de\/weltladen-zeichen-der-zeit\/team\/#primaryimage\"},\"image\":{\"@id\":\"https:\/\/weltlaeden.de\/weltladen-zeichen-der-zeit\/team\/#primaryimage\"},\"thumbnailUrl\":\"https:\/\/weltlaeden.de\/weltladen-zeichen-der-zeit\/wp-content\/uploads\/sites\/102\/2020\/02\/Regina-300x300.jpg\",\"datePublished\":\"2019-07-27T06:05:29+00:00\",\"dateModified\":\"2026-04-16T09:51:16+00:00\",\"description\":\"Das Weltladen-Team. Wir tragen die Verantwortung \u00fcber den Weltladen \\\"Zeichen der Zeit\\\".\",\"breadcrumb\":{\"@id\":\"https:\/\/weltlaeden.de\/weltladen-zeichen-der-zeit\/team\/#breadcrumb\"},\"inLanguage\":\"de\",\"potentialAction\":[{\"@type\":\"ReadAction\",\"target\":[\"https:\/\/weltlaeden.de\/weltladen-zeichen-der-zeit\/team\/\"]}]},{\"@type\":\"ImageObject\",\"inLanguage\":\"de\",\"@id\":\"https:\/\/weltlaeden.de\/weltladen-zeichen-der-zeit\/team\/#primaryimage\",\"url\":\"https:\/\/weltlaeden.de\/weltladen-zeichen-der-zeit\/wp-content\/uploads\/sites\/102\/2020\/02\/Regina-300x300.jpg\",\"contentUrl\":\"https:\/\/weltlaeden.de\/weltladen-zeichen-der-zeit\/wp-content\/uploads\/sites\/102\/2020\/02\/Regina-300x300.jpg\"},{\"@type\":\"BreadcrumbList\",\"@id\":\"https:\/\/weltlaeden.de\/weltladen-zeichen-der-zeit\/team\/#breadcrumb\",\"itemListElement\":[{\"@type\":\"ListItem\",\"position\":1,\"name\":\"Startseite\",\"item\":\"https:\/\/weltlaeden.de\/weltladen-zeichen-der-zeit\/\"},{\"@type\":\"ListItem\",\"position\":2,\"name\":\"Unser Team\"}]},{\"@type\":\"WebSite\",\"@id\":\"https:\/\/weltlaeden.de\/weltladen-zeichen-der-zeit\/#website\",\"url\":\"https:\/\/weltlaeden.de\/weltladen-zeichen-der-zeit\/\",\"name\":\"Weltladen ZeichenDerZeit\",\"description\":\"Faire Produkte seit 1990\",\"potentialAction\":[{\"@type\":\"SearchAction\",\"target\":{\"@type\":\"EntryPoint\",\"urlTemplate\":\"https:\/\/weltlaeden.de\/weltladen-zeichen-der-zeit\/?s={search_term_string}\"},\"query-input\":{\"@type\":\"PropertyValueSpecification\",\"valueRequired\":true,\"valueName\":\"search_term_string\"}}],\"inLanguage\":\"de\"}]}<\/script>\n<!-- \/ Yoast SEO plugin. -->","yoast_head_json":{"title":"Unser Team - Weltladen ZeichenDerZeit","description":"Das Weltladen-Team. Wir tragen die Verantwortung \u00fcber den Weltladen \"Zeichen der Zeit\".","robots":{"index":"index","follow":"follow","max-snippet":"max-snippet:-1","max-image-preview":"max-image-preview:large","max-video-preview":"max-video-preview:-1"},"canonical":"https:\/\/weltlaeden.de\/weltladen-zeichen-der-zeit\/team\/","og_locale":"de_DE","og_type":"article","og_title":"Unser Team - Weltladen ZeichenDerZeit","og_description":"Das Weltladen-Team. Wir tragen die Verantwortung \u00fcber den Weltladen \"Zeichen der Zeit\".","og_url":"https:\/\/weltlaeden.de\/weltladen-zeichen-der-zeit\/team\/","og_site_name":"Weltladen ZeichenDerZeit","article_modified_time":"2026-04-16T09:51:16+00:00","og_image":[{"url":"https:\/\/weltlaeden.de\/weltladen-zeichen-der-zeit\/wp-content\/uploads\/sites\/102\/2020\/02\/Regina-300x300.jpg","type":"","width":"","height":""}],"twitter_card":"summary_large_image","twitter_misc":{"Gesch\u00e4tzte Lesezeit":"3\u00a0Minuten"},"schema":{"@context":"https:\/\/schema.org","@graph":[{"@type":"WebPage","@id":"https:\/\/weltlaeden.de\/weltladen-zeichen-der-zeit\/team\/","url":"https:\/\/weltlaeden.de\/weltladen-zeichen-der-zeit\/team\/","name":"Unser Team - Weltladen ZeichenDerZeit","isPartOf":{"@id":"https:\/\/weltlaeden.de\/weltladen-zeichen-der-zeit\/#website"},"primaryImageOfPage":{"@id":"https:\/\/weltlaeden.de\/weltladen-zeichen-der-zeit\/team\/#primaryimage"},"image":{"@id":"https:\/\/weltlaeden.de\/weltladen-zeichen-der-zeit\/team\/#primaryimage"},"thumbnailUrl":"https:\/\/weltlaeden.de\/weltladen-zeichen-der-zeit\/wp-content\/uploads\/sites\/102\/2020\/02\/Regina-300x300.jpg","datePublished":"2019-07-27T06:05:29+00:00","dateModified":"2026-04-16T09:51:16+00:00","description":"Das Weltladen-Team. Wir tragen die Verantwortung \u00fcber den Weltladen \"Zeichen der Zeit\".","breadcrumb":{"@id":"https:\/\/weltlaeden.de\/weltladen-zeichen-der-zeit\/team\/#breadcrumb"},"inLanguage":"de","potentialAction":[{"@type":"ReadAction","target":["https:\/\/weltlaeden.de\/weltladen-zeichen-der-zeit\/team\/"]}]},{"@type":"ImageObject","inLanguage":"de","@id":"https:\/\/weltlaeden.de\/weltladen-zeichen-der-zeit\/team\/#primaryimage","url":"https:\/\/weltlaeden.de\/weltladen-zeichen-der-zeit\/wp-content\/uploads\/sites\/102\/2020\/02\/Regina-300x300.jpg","contentUrl":"https:\/\/weltlaeden.de\/weltladen-zeichen-der-zeit\/wp-content\/uploads\/sites\/102\/2020\/02\/Regina-300x300.jpg"},{"@type":"BreadcrumbList","@id":"https:\/\/weltlaeden.de\/weltladen-zeichen-der-zeit\/team\/#breadcrumb","itemListElement":[{"@type":"ListItem","position":1,"name":"Startseite","item":"https:\/\/weltlaeden.de\/weltladen-zeichen-der-zeit\/"},{"@type":"ListItem","position":2,"name":"Unser Team"}]},{"@type":"WebSite","@id":"https:\/\/weltlaeden.de\/weltladen-zeichen-der-zeit\/#website","url":"https:\/\/weltlaeden.de\/weltladen-zeichen-der-zeit\/","name":"Weltladen ZeichenDerZeit","description":"Faire Produkte seit 1990","potentialAction":[{"@type":"SearchAction","target":{"@type":"EntryPoint","urlTemplate":"https:\/\/weltlaeden.de\/weltladen-zeichen-der-zeit\/?s={search_term_string}"},"query-input":{"@type":"PropertyValueSpecification","valueRequired":true,"valueName":"search_term_string"}}],"inLanguage":"de"}]}},"_links":{"self":[{"href":"https:\/\/weltlaeden.de\/weltladen-zeichen-der-zeit\/wp-json\/wp\/v2\/pages\/454","targetHints":{"allow":["GET"]}}],"collection":[{"href":"https:\/\/weltlaeden.de\/weltladen-zeichen-der-zeit\/wp-json\/wp\/v2\/pages"}],"about":[{"href":"https:\/\/weltlaeden.de\/weltladen-zeichen-der-zeit\/wp-json\/wp\/v2\/types\/page"}],"author":[{"embeddable":true,"href":"https:\/\/weltlaeden.de\/weltladen-zeichen-der-zeit\/wp-json\/wp\/v2\/users\/157"}],"replies":[{"embeddable":true,"href":"https:\/\/weltlaeden.de\/weltladen-zeichen-der-zeit\/wp-json\/wp\/v2\/comments?post=454"}],"version-history":[{"count":50,"href":"https:\/\/weltlaeden.de\/weltladen-zeichen-der-zeit\/wp-json\/wp\/v2\/pages\/454\/revisions"}],"predecessor-version":[{"id":1665,"href":"https:\/\/weltlaeden.de\/weltladen-zeichen-der-zeit\/wp-json\/wp\/v2\/pages\/454\/revisions\/1665"}],"wp:attachment":[{"href":"https:\/\/weltlaeden.de\/weltladen-zeichen-der-zeit\/wp-json\/wp\/v2\/media?parent=454"}],"curies":[{"name":"wp","href":"https:\/\/api.w.org\/{rel}","templated":true}]}}