{"id":219,"date":"2016-10-28T13:34:47","date_gmt":"2016-10-28T11:34:47","guid":{"rendered":"https:\/\/wl.heimpixel.de\/vorlage\/ueber-uns\/"},"modified":"2022-07-28T18:35:36","modified_gmt":"2022-07-28T16:35:36","slug":"ueber-uns","status":"publish","type":"page","link":"https:\/\/weltlaeden.de\/weissenhorn\/ueber-uns\/","title":{"rendered":"\u00dcber uns"},"content":{"rendered":"<div class=\"wpb-content-wrapper\"><p>[vc_row][vc_column]<div class=\"wl_einzelbild\"><p><img loading=\"lazy\" decoding=\"async\" class=\"alignnone wp-image-543\" src=\"https:\/\/weltlaeden.de\/weissenhorn\/wp-content\/uploads\/sites\/129\/2020\/09\/team-300x247.jpg\" alt=\"\" width=\"312\" height=\"257\" srcset=\"https:\/\/weltlaeden.de\/weissenhorn\/wp-content\/uploads\/sites\/129\/2020\/09\/team-300x247.jpg 300w, https:\/\/weltlaeden.de\/weissenhorn\/wp-content\/uploads\/sites\/129\/2020\/09\/team.jpg 560w\" sizes=\"auto, (max-width: 312px) 100vw, 312px\" \/><img loading=\"lazy\" decoding=\"async\" class=\"wp-image-574 alignleft\" src=\"https:\/\/weltlaeden.de\/weissenhorn\/wp-content\/uploads\/sites\/129\/2020\/10\/wl-logo.jpg\" alt=\"\" width=\"121\" height=\"104\" \/><\/p><\/div>[vc_empty_space][vc_column_text]<\/p>\n<h1>\u00dcber den Weltladen Wei\u00dfenhorn &#8211; Eine Welt e.V.<\/h1>\n<p>[\/vc_column_text][vc_column_text]<\/p>\n<p style=\"text-align: left\"><span style=\"color: #000000\">Wir sind ein Verein von ehrenamtlich arbeitenden Menschen, die ein St\u00fcck Verantwortung f\u00fcr diese Welt tragen wollen.\u00a0<\/span><span style=\"color: #000000\">Mit unserem Engagement wollen wir einen aktiven Beitrag leisten zur Gerechtigkeit und Frieden,\u00a0<\/span><span style=\"color: #000000\">zu \u00f6kologischen und nachhaltigen fairen Produktionsmethoden,\u00a0<\/span><span style=\"color: #000000\">zu einem gerechten Handel mit gleichberechtigten Partnern.<\/span><\/p>\n<p style=\"text-align: left\"><strong><span style=\"color: #000000\">Seit Mai 2002 gibt es in Wei\u00dfenhorn einen Weltladen in der Hauptstra\u00dfe 18.<\/span><\/strong><br \/>\n<strong><span style=\"color: #000000\">Vorl\u00e4ufer dieses Weltladens war eine Bananen AG die schon \u00fcber 20 Jahre, fair gehandelte Bio-Bananen im St\u00e4dtle erfolgreich verkauft.<\/span><\/strong><br \/>\n<span style=\"color: #000000\">Unser Sortiment entwickelt sich st\u00e4ndig weiter. Der Schwerpunkt liegt von Anfang an bei Lebensmitteln und Kunst-Handwerksprodukten aus fairem Handel,<\/span><br \/>\n<span style=\"color: #000000\">die wir von verschiedenen Fair &#8211; Handelsimporteuren beziehen.<\/span><\/p>\n<p>[\/vc_column_text][\/vc_column][vc_column][\/vc_column][\/vc_row][vc_row][vc_column][vc_empty_space][vc_column_text]<\/p>\n<h1>Mitmachen im Weltladen Wei\u00dfenhorn<\/h1>\n<p>[\/vc_column_text][vc_column_text]<strong>Wir suchen<\/strong> Menschen, die Lust haben, sich ehrenamtlich f\u00fcr eine offene, transparente, \u00f6kologische und nachhaltige Form des Wirtschaftens zu engagieren. Ob im Verkauf, der Informations- oder Bildungsarbeit &#8211; die M\u00f6glichkeiten, in unserem Team mitzumachen sind vielf\u00e4ltig und lassen sich bestimmt auch in Deinen Alltag integrieren! Neben regelm\u00e4\u00dfigen Aufgaben gibt es bei uns auch immer wieder einzelne zeitlich befristete Projekte, f\u00fcr die wir Unterst\u00fctzer\/innen suchen. Viele Aufgaben erfordern keine speziellen Vorkenntnisse, sondern nur Deine Bereitschaft, Deine F\u00e4higkeiten einzubringen und eventuell in neuen Bereichen dazuzulernen.<\/p>\n<p><strong>Wir bieten<\/strong> ein nettes Team aus Engagierten mit vielf\u00e4ltigen M\u00f6glichkeiten, sich selbst einzubringen. Eine Gemeinschaft, die Dich herzlich aufnimmt, einarbeitet und bei Fragen zur Verf\u00fcgung steht. Fortbildungsm\u00f6glichkeiten nach Deinen Interessen und Aufgaben.<\/p>\n<p><strong>Ansprechpartner\/in:<\/strong><br \/>\nFranz Snehotta\u00a0 \u00a0 \u00a0 \u00a0Monika Meixner<br \/>\nKontaktdaten<\/p>\n<p><strong>Wir freuen uns auf Dich!<\/strong>[\/vc_column_text][\/vc_column][\/vc_row]<\/p>\n<\/div>","protected":false},"excerpt":{"rendered":"<p>[vc_row][vc_column][vc_empty_space][vc_column_text] \u00dcber den Weltladen Wei\u00dfenhorn &#8211; Eine Welt e.V. [\/vc_column_text][vc_column_text] Wir sind ein Verein von ehrenamtlich arbeitenden Menschen, die ein St\u00fcck Verantwortung f\u00fcr diese Welt tragen wollen.\u00a0Mit unserem Engagement wollen wir einen aktiven Beitrag leisten zur Gerechtigkeit und Frieden,\u00a0zu \u00f6kologischen und nachhaltigen fairen Produktionsmethoden,\u00a0zu einem gerechten Handel mit gleichberechtigten Partnern. Seit Mai 2002 gibt es&hellip;<\/p>\n","protected":false},"author":1,"featured_media":0,"parent":0,"menu_order":4,"comment_status":"closed","ping_status":"closed","template":"","meta":{"footnotes":""},"class_list":["post-219","page","type-page","status-publish","hentry","description-off"],"yoast_head":"<!-- This site is optimized with the Yoast SEO plugin v26.8 - https:\/\/yoast.com\/product\/yoast-seo-wordpress\/ -->\n<title>\u00dcber uns - Weltladen Wei\u00dfenhorn<\/title>\n<meta name=\"robots\" content=\"index, follow, max-snippet:-1, max-image-preview:large, max-video-preview:-1\" \/>\n<link rel=\"canonical\" href=\"https:\/\/weltlaeden.de\/weissenhorn\/ueber-uns\/\" \/>\n<meta property=\"og:locale\" content=\"de_DE\" \/>\n<meta property=\"og:type\" content=\"article\" \/>\n<meta property=\"og:title\" content=\"\u00dcber uns - Weltladen Wei\u00dfenhorn\" \/>\n<meta property=\"og:description\" content=\"[vc_row][vc_column][vc_empty_space][vc_column_text] \u00dcber den Weltladen Wei\u00dfenhorn &#8211; Eine Welt e.V. [\/vc_column_text][vc_column_text] Wir sind ein Verein von ehrenamtlich arbeitenden Menschen, die ein St\u00fcck Verantwortung f\u00fcr diese Welt tragen wollen.\u00a0Mit unserem Engagement wollen wir einen aktiven Beitrag leisten zur Gerechtigkeit und Frieden,\u00a0zu \u00f6kologischen und nachhaltigen fairen Produktionsmethoden,\u00a0zu einem gerechten Handel mit gleichberechtigten Partnern. Seit Mai 2002 gibt es&hellip;\" \/>\n<meta property=\"og:url\" content=\"https:\/\/weltlaeden.de\/weissenhorn\/ueber-uns\/\" \/>\n<meta property=\"og:site_name\" content=\"Weltladen Wei\u00dfenhorn\" \/>\n<meta property=\"article:modified_time\" content=\"2022-07-28T16:35:36+00:00\" \/>\n<meta property=\"og:image\" content=\"https:\/\/weltlaeden.de\/weissenhorn\/wp-content\/uploads\/sites\/129\/2020\/09\/team-300x247.jpg\" \/>\n<meta name=\"twitter:card\" content=\"summary_large_image\" \/>\n<meta name=\"twitter:label1\" content=\"Gesch\u00e4tzte Lesezeit\" \/>\n\t<meta name=\"twitter:data1\" content=\"2\u00a0Minuten\" \/>\n<script type=\"application\/ld+json\" class=\"yoast-schema-graph\">{\"@context\":\"https:\/\/schema.org\",\"@graph\":[{\"@type\":\"WebPage\",\"@id\":\"https:\/\/weltlaeden.de\/weissenhorn\/ueber-uns\/\",\"url\":\"https:\/\/weltlaeden.de\/weissenhorn\/ueber-uns\/\",\"name\":\"\u00dcber uns - Weltladen Wei\u00dfenhorn\",\"isPartOf\":{\"@id\":\"https:\/\/weltlaeden.de\/weissenhorn\/#website\"},\"primaryImageOfPage\":{\"@id\":\"https:\/\/weltlaeden.de\/weissenhorn\/ueber-uns\/#primaryimage\"},\"image\":{\"@id\":\"https:\/\/weltlaeden.de\/weissenhorn\/ueber-uns\/#primaryimage\"},\"thumbnailUrl\":\"https:\/\/weltlaeden.de\/weissenhorn\/wp-content\/uploads\/sites\/129\/2020\/09\/team-300x247.jpg\",\"datePublished\":\"2016-10-28T11:34:47+00:00\",\"dateModified\":\"2022-07-28T16:35:36+00:00\",\"breadcrumb\":{\"@id\":\"https:\/\/weltlaeden.de\/weissenhorn\/ueber-uns\/#breadcrumb\"},\"inLanguage\":\"de\",\"potentialAction\":[{\"@type\":\"ReadAction\",\"target\":[\"https:\/\/weltlaeden.de\/weissenhorn\/ueber-uns\/\"]}]},{\"@type\":\"ImageObject\",\"inLanguage\":\"de\",\"@id\":\"https:\/\/weltlaeden.de\/weissenhorn\/ueber-uns\/#primaryimage\",\"url\":\"https:\/\/weltlaeden.de\/weissenhorn\/wp-content\/uploads\/sites\/129\/2020\/09\/team.jpg\",\"contentUrl\":\"https:\/\/weltlaeden.de\/weissenhorn\/wp-content\/uploads\/sites\/129\/2020\/09\/team.jpg\",\"width\":560,\"height\":461},{\"@type\":\"BreadcrumbList\",\"@id\":\"https:\/\/weltlaeden.de\/weissenhorn\/ueber-uns\/#breadcrumb\",\"itemListElement\":[{\"@type\":\"ListItem\",\"position\":1,\"name\":\"Startseite\",\"item\":\"https:\/\/weltlaeden.de\/weissenhorn\/\"},{\"@type\":\"ListItem\",\"position\":2,\"name\":\"\u00dcber uns\"}]},{\"@type\":\"WebSite\",\"@id\":\"https:\/\/weltlaeden.de\/weissenhorn\/#website\",\"url\":\"https:\/\/weltlaeden.de\/weissenhorn\/\",\"name\":\"Weltladen Wei\u00dfenhorn\",\"description\":\"Faire Produkte seit 1990\",\"potentialAction\":[{\"@type\":\"SearchAction\",\"target\":{\"@type\":\"EntryPoint\",\"urlTemplate\":\"https:\/\/weltlaeden.de\/weissenhorn\/?s={search_term_string}\"},\"query-input\":{\"@type\":\"PropertyValueSpecification\",\"valueRequired\":true,\"valueName\":\"search_term_string\"}}],\"inLanguage\":\"de\"}]}<\/script>\n<!-- \/ Yoast SEO plugin. -->","yoast_head_json":{"title":"\u00dcber uns - Weltladen Wei\u00dfenhorn","robots":{"index":"index","follow":"follow","max-snippet":"max-snippet:-1","max-image-preview":"max-image-preview:large","max-video-preview":"max-video-preview:-1"},"canonical":"https:\/\/weltlaeden.de\/weissenhorn\/ueber-uns\/","og_locale":"de_DE","og_type":"article","og_title":"\u00dcber uns - Weltladen Wei\u00dfenhorn","og_description":"[vc_row][vc_column][vc_empty_space][vc_column_text] \u00dcber den Weltladen Wei\u00dfenhorn &#8211; Eine Welt e.V. [\/vc_column_text][vc_column_text] Wir sind ein Verein von ehrenamtlich arbeitenden Menschen, die ein St\u00fcck Verantwortung f\u00fcr diese Welt tragen wollen.\u00a0Mit unserem Engagement wollen wir einen aktiven Beitrag leisten zur Gerechtigkeit und Frieden,\u00a0zu \u00f6kologischen und nachhaltigen fairen Produktionsmethoden,\u00a0zu einem gerechten Handel mit gleichberechtigten Partnern. Seit Mai 2002 gibt es&hellip;","og_url":"https:\/\/weltlaeden.de\/weissenhorn\/ueber-uns\/","og_site_name":"Weltladen Wei\u00dfenhorn","article_modified_time":"2022-07-28T16:35:36+00:00","og_image":[{"url":"https:\/\/weltlaeden.de\/weissenhorn\/wp-content\/uploads\/sites\/129\/2020\/09\/team-300x247.jpg","type":"","width":"","height":""}],"twitter_card":"summary_large_image","twitter_misc":{"Gesch\u00e4tzte Lesezeit":"2\u00a0Minuten"},"schema":{"@context":"https:\/\/schema.org","@graph":[{"@type":"WebPage","@id":"https:\/\/weltlaeden.de\/weissenhorn\/ueber-uns\/","url":"https:\/\/weltlaeden.de\/weissenhorn\/ueber-uns\/","name":"\u00dcber uns - Weltladen Wei\u00dfenhorn","isPartOf":{"@id":"https:\/\/weltlaeden.de\/weissenhorn\/#website"},"primaryImageOfPage":{"@id":"https:\/\/weltlaeden.de\/weissenhorn\/ueber-uns\/#primaryimage"},"image":{"@id":"https:\/\/weltlaeden.de\/weissenhorn\/ueber-uns\/#primaryimage"},"thumbnailUrl":"https:\/\/weltlaeden.de\/weissenhorn\/wp-content\/uploads\/sites\/129\/2020\/09\/team-300x247.jpg","datePublished":"2016-10-28T11:34:47+00:00","dateModified":"2022-07-28T16:35:36+00:00","breadcrumb":{"@id":"https:\/\/weltlaeden.de\/weissenhorn\/ueber-uns\/#breadcrumb"},"inLanguage":"de","potentialAction":[{"@type":"ReadAction","target":["https:\/\/weltlaeden.de\/weissenhorn\/ueber-uns\/"]}]},{"@type":"ImageObject","inLanguage":"de","@id":"https:\/\/weltlaeden.de\/weissenhorn\/ueber-uns\/#primaryimage","url":"https:\/\/weltlaeden.de\/weissenhorn\/wp-content\/uploads\/sites\/129\/2020\/09\/team.jpg","contentUrl":"https:\/\/weltlaeden.de\/weissenhorn\/wp-content\/uploads\/sites\/129\/2020\/09\/team.jpg","width":560,"height":461},{"@type":"BreadcrumbList","@id":"https:\/\/weltlaeden.de\/weissenhorn\/ueber-uns\/#breadcrumb","itemListElement":[{"@type":"ListItem","position":1,"name":"Startseite","item":"https:\/\/weltlaeden.de\/weissenhorn\/"},{"@type":"ListItem","position":2,"name":"\u00dcber uns"}]},{"@type":"WebSite","@id":"https:\/\/weltlaeden.de\/weissenhorn\/#website","url":"https:\/\/weltlaeden.de\/weissenhorn\/","name":"Weltladen Wei\u00dfenhorn","description":"Faire Produkte seit 1990","potentialAction":[{"@type":"SearchAction","target":{"@type":"EntryPoint","urlTemplate":"https:\/\/weltlaeden.de\/weissenhorn\/?s={search_term_string}"},"query-input":{"@type":"PropertyValueSpecification","valueRequired":true,"valueName":"search_term_string"}}],"inLanguage":"de"}]}},"_links":{"self":[{"href":"https:\/\/weltlaeden.de\/weissenhorn\/wp-json\/wp\/v2\/pages\/219","targetHints":{"allow":["GET"]}}],"collection":[{"href":"https:\/\/weltlaeden.de\/weissenhorn\/wp-json\/wp\/v2\/pages"}],"about":[{"href":"https:\/\/weltlaeden.de\/weissenhorn\/wp-json\/wp\/v2\/types\/page"}],"author":[{"embeddable":true,"href":"https:\/\/weltlaeden.de\/weissenhorn\/wp-json\/wp\/v2\/users\/1"}],"replies":[{"embeddable":true,"href":"https:\/\/weltlaeden.de\/weissenhorn\/wp-json\/wp\/v2\/comments?post=219"}],"version-history":[{"count":34,"href":"https:\/\/weltlaeden.de\/weissenhorn\/wp-json\/wp\/v2\/pages\/219\/revisions"}],"predecessor-version":[{"id":843,"href":"https:\/\/weltlaeden.de\/weissenhorn\/wp-json\/wp\/v2\/pages\/219\/revisions\/843"}],"wp:attachment":[{"href":"https:\/\/weltlaeden.de\/weissenhorn\/wp-json\/wp\/v2\/media?parent=219"}],"curies":[{"name":"wp","href":"https:\/\/api.w.org\/{rel}","templated":true}]}}