{"id":23,"date":"2021-05-08T09:05:21","date_gmt":"2021-05-08T07:05:21","guid":{"rendered":"https:\/\/wl.heimpixel.de\/vorlage\/termine\/"},"modified":"2025-09-22T17:12:34","modified_gmt":"2025-09-22T15:12:34","slug":"termine","status":"publish","type":"page","link":"https:\/\/weltlaeden.de\/weinsberg\/termine\/","title":{"rendered":"Termine"},"content":{"rendered":"<div class=\"wpb-content-wrapper\"><p>[vc_row][vc_column]<div class=\"wl_einzelbild\"><p><img loading=\"lazy\" decoding=\"async\" class=\"aligncenter size-full wp-image-nsm-3-33\" src=\"https:\/\/weltlaeden.de\/weinsberg\/wp-content\/uploads\/sites\/3\/2018\/07\/pocket-watch-1637396_1920_pixabay.png\" alt=\"\" width=\"787\" height=\"340\" \/><\/p><\/div>[vc_empty_space height=&#8220;30px&#8220;][vc_column_text css_animation=&#8220;bounceIn&#8220; css=&#8220;&#8220;]<\/p>\n<h1>Termine<\/h1>\n<p>[\/vc_column_text][vc_empty_space height=&#8220;30px&#8220;][\/vc_column][vc_column][\/vc_column][\/vc_row][vc_row][vc_column][vc_column_text]<\/p>\n<h2>Kommende Termine<\/h2>\n<p>[\/vc_column_text][vc_empty_space height=&#8220;30px&#8220;][vc_column_text css=&#8220;&#8220;]<\/p>\n<h2>Faire Woche 12. &#8211; 26. September 2025<\/h2>\n<p>\u201e<b>Vielfalt erleben\u201c <\/b><\/p>\n<p>ist das Motto der diesj\u00e4hrigen bundesweiten Fairen Woche vom 12. &#8211; 26 September. Das Weltladenteam l\u00e4dt Sie dehalb ein zu einem Fairen Fr\u00fchst\u00fcck am 13.September ab 9.00 Uhr in die Sommerzone Kanalstra\u00dfe zwischen Backhaus und Wachturm in Weinsberg. Wir fairw\u00f6hnen unsere G\u00e4ste mit k\u00f6stlichem Kaffee, aromatischen Tees, erfrischenden S\u00e4ften, herzhaften und s\u00fc\u00dfen Brotaufstrichen, M\u00fcsli, leckeren Bio-Bananen und vielen weiteren K\u00f6stlichkeiten.<\/p>\n<p>W\u00e4hrend unserer \u00d6ffnungszeiten gibt es Kostproben aus unserem Sortiment und Leckereien f\u00fcr Sie nachgemacht aus dem neuen Rezeptheft zur Fairen Woche. Das Rezeptheft bekommt man \u00fcbrigens auch kostenlos im Weltladen.<\/p>\n<p>[\/vc_column_text][vc_empty_space height=&#8220;30px&#8220;][vc_empty_space height=&#8220;30px&#8220;]<ul class=\"termine-page current aktuell\">[vc_empty_space height=&#8220;30px&#8220;][vc_empty_space height=&#8220;30px&#8220;][vc_column_text]<\/p>\n<h2>Vergangene Termine<\/h2>\n<p>[\/vc_column_text][vc_empty_space height=&#8220;30px&#8220;][vc_column_text]<\/p>\n<div class=\"vc_row wpb_row vc_row-fluid dt-default\">\n<div class=\"wpb_column vc_column_container vc_col-sm-8\">\n<div class=\"vc_column-inner\">\n<div class=\"wpb_wrapper\">\n<div class=\"vc_empty_space\"><\/div>\n<div class=\"wpb_text_column wpb_content_element \">\n<div class=\"wpb_wrapper\">\n<h3>Faire Woche 15. \u2013 29. September 2023<\/h3>\n<h5>\u2026 l\u00e4dt seit mehr als 20 Jahren im September dazu ein, an Aktionen zum Fairen Handel teilzunehmen oder selbst zu organisieren. Mit j\u00e4hrlich rund 2.000 Aktionen ist sie die bundesweit gr\u00f6\u00dfte Aktionswoche des Fairen Handels.<\/h5>\n<h3>FAIR.<br \/>\nUND KEIN<br \/>\nGRAD<br \/>\nMEHR!<br \/>\n#FAIRHANDELN<br \/>\nf\u00fcr Klimagerechtigkeit weltweit<\/h3>\n<h5>Aktionen im Weltladen und am Samstag 23. September ein Faires Fr\u00fchst\u00fcck w\u00e4hrend des Wochenmarkts in Weinsberg<\/h5>\n<p>&nbsp;<\/p>\n<\/div>\n<\/div>\n<\/div>\n<\/div>\n<\/div>\n<\/div>\n<div class=\"vc_row wpb_row vc_row-fluid dt-default\">\n<div class=\"wpb_column vc_column_container vc_col-sm-12\">\n<div class=\"vc_column-inner\">\n<div class=\"wpb_wrapper\">\n<div class=\"vc_empty_space\"><\/div>\n<\/div>\n<\/div>\n<\/div>\n<\/div>\n<p>[\/vc_column_text][vc_column_text]<\/p>\n<h4>Weltladentag 14. Mai 2022 Aktion um und im Weltladen &#8211; und beim Wochenmarkt in Weinsberg<\/h4>\n<p><b><img loading=\"lazy\" decoding=\"async\" class=\"size-medium wp-image-950 alignright\" src=\"https:\/\/weltlaeden.de\/weinsberg\/wp-content\/uploads\/sites\/139\/2022\/04\/Keyvisual_Website_Panorama_3000x1000_3-300x100.jpg\" alt=\"\" width=\"300\" height=\"100\" srcset=\"https:\/\/weltlaeden.de\/weinsberg\/wp-content\/uploads\/sites\/139\/2022\/04\/Keyvisual_Website_Panorama_3000x1000_3-300x100.jpg 300w, https:\/\/weltlaeden.de\/weinsberg\/wp-content\/uploads\/sites\/139\/2022\/04\/Keyvisual_Website_Panorama_3000x1000_3-1024x341.jpg 1024w, https:\/\/weltlaeden.de\/weinsberg\/wp-content\/uploads\/sites\/139\/2022\/04\/Keyvisual_Website_Panorama_3000x1000_3-768x256.jpg 768w, https:\/\/weltlaeden.de\/weinsberg\/wp-content\/uploads\/sites\/139\/2022\/04\/Keyvisual_Website_Panorama_3000x1000_3-1536x512.jpg 1536w, https:\/\/weltlaeden.de\/weinsberg\/wp-content\/uploads\/sites\/139\/2022\/04\/Keyvisual_Website_Panorama_3000x1000_3-2048x683.jpg 2048w, https:\/\/weltlaeden.de\/weinsberg\/wp-content\/uploads\/sites\/139\/2022\/04\/Keyvisual_Website_Panorama_3000x1000_3-scaled.jpg 1920w\" sizes=\"auto, (max-width: 300px) 100vw, 300px\" \/><\/b><\/p>\n<p><b>M\u00e4chtig unfair<\/b><\/p>\n<p>Der Weltladentag am 14. Mai 2022 steht unter dem Motto \u201eM\u00e4chtig unfair\u201c. Er richtet sein Augenmerk auf die Ungerechtigkeiten, die sich ergeben aus der Marktmacht gro\u00dfer Konzerne gegen\u00fcber kleinen Erzeugern.<\/p>\n<p>Im fairen Handel steht der Mensch im Mittelpunkt des Wirtschaftens. Wir orientieren uns dabei an Art. 25 der Allgemeinen Erkl\u00e4rung der Menschenrechte: \u201eJeder Mensch hat Anspruch auf eine Lebenshaltung, die seine und seiner Familie Gesundheit und Wohlbefinden, einschlie\u00dflich Nahrung, Kleidung, Wohnung, \u00e4rztlicher Betreuung und der notwendigen Leistungen der sozialen F\u00fcrsorge,\u00a0gew\u00e4hrleistet; er hat das Recht auf Sicherheit im Falle von Arbeitslosigkeit, Krankheit, Invalidit\u00e4t, Verwitwung, Alter oder von anderweitigem Verlust seiner Unterhaltsmittel durch unverschuldete Umst\u00e4nde.\u201c[\/vc_column_text][vc_empty_space height=&#8220;30px&#8220;]<ul class=\"termine-page past vergangen\"><li><h5 class=\"termine-titel\"><a href=\"https:\/\/weltlaeden.de\/weinsberg\/termin\/klimagerechtigkeit-aber-wie\/\">KLIMAGERECHTIGKEIT &#8211; aber wie?<\/a><\/h5><p class=\"termine-date\">Mo., 13.10.2025<\/p><p class=\"termine-auszug\"><strong>Fragen und Antworten aus dem Globalen S\u00fcden mit Mamadou Mbodji Vizepr\u00e4sident der NaturFreunde International<\/strong> am Montag, 13. Oktober um 19.00 Uhr, Michael-Beheim-Saal, Baukelter Weinsberg, Seufferheldstr. 14 &nbsp;<p class=termine-ort\"><small>Ort: <i>Michael-Beheim-Saal, Baukelter Weinsberg, Seufferheldstr. 14<\/i><\/small><\/p><\/li><li><h5 class=\"termine-titel\"><a href=\"https:\/\/weltlaeden.de\/weinsberg\/termin\/faire-woche-12-26-september-2025\/\">Faire Woche 12. &#8211; 26. September 2025<\/a><\/h5><p class=\"termine-date\">Sa., 20.09.2025<\/p><p class=\"termine-auszug\">\u201e<b>Vielfalt erleben\u201c <\/b> ist das Motto der diesj\u00e4hrigen bundesweiten Fairen Woche vom 12. - 26 September. Wir starten am Samstag, 13. September ab 9.00 Uhr mit einem Fairen Fr\u00fchst\u00fcck beim Backhaus und Sommerzone in Weinsberg und fairw\u00f6hnen unsere G\u00e4ste mit k\u00f6stlichem Kaffee, aromatischen Tees, erfrischenden S\u00e4ften, herzhaften und s\u00fc\u00dfen Brotaufstrichen, M\u00fcsli und vielen weiteren K\u00f6stlichkeiten. Das Weltladenteam l\u00e4dt herzlich ein, den Morgen in der Sommerzone (noch mal) zu genie\u00dfen! W\u00e4hrend unserer \u00d6ffnungszeiten gibt es Kostproben aus unserem Sortiment und Leckereien f\u00fcr Sie nachgemacht aus dem neuen Rezeptheft zur Fairen Woche. Das Rezeptheft bekommt man \u00fcbrigens auch kostenlos im Weltladen. Die Faire Woche ist die gr\u00f6\u00dfte Aktionswoche des Fairen Handels in Deutschland. Sie wird veranstaltet vom Forum Fairer Handel e.V. in Kooperation mit Fairtrade Deutschland e.V. und dem Weltladen-Dachverband e.V.<\/li><li><h5 class=\"termine-titel\"><a href=\"https:\/\/weltlaeden.de\/weinsberg\/termin\/faires-fruehstueck-am-weltladentag-10-mai-2025\/\">Faires Fr\u00fchst\u00fcck am Weltladentag 10. Mai 2025<\/a><\/h5><p class=\"termine-date\">So., 04.05.2025, 17:33<\/p><p class=\"termine-auszug\"><strong><b>Schoki f\u00fcrs Klima? Kauf ich euch ab!<\/b><\/strong> Das Weltladenteam l\u00e4dt am Samstag, den 10. Mai ab 8.30 Uhr wieder zu einem Fairen Fr\u00fchst\u00fcck beim Backhaus in Weinsberg, Welfengasse 2\u00a0 ein. Am Aktionstag der Weltl\u00e4den m\u00f6chten wir als Weltladen-Bewegung bundesweit auf ein gemeinsames Anliegen des Fairen Handels aufmerksam machen. Dieses Mal geht es um Kakao und Schokolade. Der Kakaoanbau wird durch den Klimawandel massiv bedroht. Die Ernteertr\u00e4ge gehen stark zur\u00fcck. Das Einkommen von Kakaob\u00e4uer*innen ist gef\u00e4hrdet. Faire Preise f\u00fcr Schokolade machen da den Unterschied, denn sie sind der erste Schritt hin zu einem nachhaltigen und klimaschonenden Kakaoanbau. Anerkannte Lieferanten der Weltl\u00e4den gehen hier mit gutem Beispiel voran. Sie unterst\u00fctzen B\u00e4uerinnen und Bauern aktiv bei der Umstellung auf nachhaltige Anbaumethoden. Kommen Sie gerne (vor oder nach Ihrem Einkauf beim Wochenmarkt) zum Fr\u00fchst\u00fcck mit vielen fairen und regionalen K\u00f6stlichkeiten. Probieren Sie faire Schokolade und Schokoprodukte und verbringen in netter Atmosph\u00e4re etwas Zeit an [...] <a href=\"https:\/\/weltlaeden.de\/weinsberg\/termin\/faires-fruehstueck-am-weltladentag-10-mai-2025\/\"><small>[WEITERLESEN]<\/small><\/a><\/p><p class=termine-ort\"><small>Ort: <i>Beim Backhaus (Seniorenbegegnungsst\u00e4tte), Welfengasse 2 in 74189 Weinsberg<\/i><\/small><\/p><\/li><li><h5 class=\"termine-titel\"><a href=\"https:\/\/weltlaeden.de\/weinsberg\/termin\/__trashed\/\">Faire Woche<\/a><\/h5><p class=\"termine-date\">Fr., 15.09.2023 bis 02.08.2023<\/p><p class=\"termine-auszug\">FAIR. UND KEIN GRAD MEHR! #FAIRHANDELN f\u00fcr Klimagerechtigkeit weltweit Kostproben\/Aktionen im Weltladen und am Samstag 23. September ein Faires Fr\u00fchst\u00fcck w\u00e4hrend des Wochenmarkts in Weinsberg<\/li><li><h5 class=\"termine-titel\"><a href=\"https:\/\/weltlaeden.de\/weinsberg\/termin\/faire-woche\/\">Faire Woche<\/a><\/h5><p class=\"termine-date\">Fr., 10.09.2021 bis 24.09.2021<\/p><p class=\"termine-auszug\"><p class=\"western\"><b>Was ist die Faire Woche? <\/b><\/p> Seit 20 Jahren l\u00e4dt die Faire Woche jeden September alle Menschen in Deutschland dazu ein, Veranstaltungen zum Fairen Handel in ihrer Region zu besuchen oder selbst zu organisieren. Mit j\u00e4hrlich rund 2.000 Aktionen ist sie bundesweit die gr\u00f6\u00dfte Aktionswoche des Fairen Handels. 2021 findet die Faire Woche vom 10. bis 24. September statt. &nbsp; <p class=\"western\"><b>Jahresthema der Fairen Woche 2021 <\/b><\/p> <p class=\"western\">Zukunft fair gestalten \u2013 #fairhandeln f\u00fcr Menschenrechte weltweit <\/p> <p class=\"western\"><a href=\"https:\/\/www.faire-woche.de\/die-faire-woche\/faire-woche-2021\/jahresthema\" rel=\"noopener\" target=\"_blank\">Infos zum Jahresthema<\/a> <\/p> <p class=\"western\"><a href=\"https:\/\/youtu.be\/1j7-1-qThVQ\" rel=\"noopener\" target=\"_blank\">Video zum Jahresthema<\/a> <\/p><\/li><li><h5 class=\"termine-titel\"><a href=\"https:\/\/weltlaeden.de\/weinsberg\/termin\/weltladentag\/\">Weltladentag<\/a><\/h5><p class=\"termine-date\">Sa., 08.05.2021, 18:18<\/p><p class=\"termine-auszug\"><p class=\"western\"><b>Weltladentag 2021 8. Mai Teil 1 <\/b><\/p> <p class=\"western\">Dieses Jahr steht der World Fair Trade Day am 2. Samstag im Mai unter dem Motto \u201eDie Welt braucht einen TAPETENWECHSEL. Gestalte ihn mit!\u201c<\/p> <p class=\"western\">In den letzten f\u00fcnf Jahren stand das deutsche Lieferkettengesetz im Zentrum unserer politischen Kampagnenarbeit. Der Gesetzentwurf, der sich dazu jetzt in der Ressortabstimmung befindet, ist ein (noch unzureichendes) Ergebnis des gro\u00dfen Engagements, das auch die Fairhandelsbewegung in dieser Sache gezeigt hat. Nun wollen wir den Blick weiten und fragen: Wie stellen wir uns das Gute Leben vor, und was k\u00f6nnen wir alle zu einem grundlegenden sozial-\u00f6kologischen Wandel beitragen?<\/p> <p class=\"western\">In weiten Teilen der Welt nimmt die soziale Ungleichheit zu, Umweltzerst\u00f6rung und Klimawandel schreiten voran. Die Corona-Krise bietet die Chance, in Richtung Nachhaltigkeit umzusteuern, also jenes System in Frage zu stellen. Es gilt jetzt, gemeinsam mit anderen Akteuren des Wandels, den Funken einer Aufbruchsstimmung zu nutzen f\u00fcr<\/p> [...] <a href=\"https:\/\/weltlaeden.de\/weinsberg\/termin\/weltladentag\/\"><small>[WEITERLESEN]<\/small><\/a><\/p><\/li><li><h5 class=\"termine-titel\"><a href=\"https:\/\/weltlaeden.de\/weinsberg\/termin\/vortrag-regenwaldschutz\/\">Vortrag:  Regenwaldschutz<\/a><\/h5><p class=\"termine-date\">Di., 17.11.2020, 18:30 bis 17.11.2020, 20:00<\/p><p class=\"termine-auszug\"><strong>Der Regenwald am Amazonas zwischen Schutz, Nutzung und Zerst\u00f6rung<\/strong> Was ist Regenwald, warum ist er so etwas Besonderes und was haben wir mit dem Regenwald zu tun? Welche Gefahrenpotentiale f\u00fcr die Regenw\u00e4lder gibt es, wer zerst\u00f6rt ihn und warum? Mit diesen Fragen besch\u00e4ftigt sich Dr. Rainer Putz im ersten Teil des Vortrags. Im zweiten Teil geht es um Strategien f\u00fcr einen dauerhaften Regenwaldschutz. Unter dem Stichwort \u201enachhaltige Nutzung durch traditionelle Bev\u00f6lkerungsgruppen\u201c werden zwei Projektbeispiele vorgestellt. Auch die momentan aktuelle politische Situation in Brasilien wird angesprochen. Referent: Dr. Rainer Putz,\u00a0 Dipl.Biologe, Regenwaldinstitut Freiburg In Zusammenarbeit VHS Weinsberg und Landratsamt Heilbronn &nbsp; &nbsp;<p class=termine-ort\"><small>Ort: <i>Weinsberg, VHS-Haus, Zehntgasse 10 E08<\/i><\/small><\/p><\/li><\/ul>[vc_empty_space height=&#8220;30px&#8220;][\/vc_column][vc_column][\/vc_column][\/vc_row][vc_row][vc_column][vc_empty_space height=&#8220;30px&#8220;][\/vc_column][\/vc_row][vc_row][vc_column][\/vc_column][\/vc_row]<\/p>\n<\/div>","protected":false},"excerpt":{"rendered":"<p>[vc_row][vc_column][vc_empty_space height=&#8220;30px&#8220;][vc_column_text css_animation=&#8220;bounceIn&#8220; css=&#8220;&#8220;] Termine [\/vc_column_text][vc_empty_space height=&#8220;30px&#8220;][\/vc_column][vc_column][\/vc_column][\/vc_row][vc_row][vc_column][vc_column_text] Kommende Termine [\/vc_column_text][vc_empty_space height=&#8220;30px&#8220;][vc_column_text css=&#8220;&#8220;] Faire Woche 12. &#8211; 26. September 2025 \u201eVielfalt erleben\u201c ist das Motto der diesj\u00e4hrigen bundesweiten Fairen Woche vom 12. &#8211; 26 September. Das Weltladenteam l\u00e4dt Sie dehalb ein zu einem Fairen Fr\u00fchst\u00fcck am 13.September ab 9.00 Uhr in die Sommerzone Kanalstra\u00dfe zwischen Backhaus&hellip;<\/p>\n","protected":false},"author":1,"featured_media":0,"parent":0,"menu_order":8,"comment_status":"closed","ping_status":"closed","template":"","meta":{"footnotes":""},"class_list":["post-23","page","type-page","status-publish","hentry","description-off"],"yoast_head":"<!-- This site is optimized with the Yoast SEO plugin v26.8 - https:\/\/yoast.com\/product\/yoast-seo-wordpress\/ -->\n<title>Termine - Weltladen Weinsberg<\/title>\n<meta name=\"robots\" content=\"index, follow, max-snippet:-1, max-image-preview:large, max-video-preview:-1\" \/>\n<link rel=\"canonical\" href=\"https:\/\/weltlaeden.de\/weinsberg\/termine\/\" \/>\n<meta property=\"og:locale\" content=\"de_DE\" \/>\n<meta property=\"og:type\" content=\"article\" \/>\n<meta property=\"og:title\" content=\"Termine - Weltladen Weinsberg\" \/>\n<meta property=\"og:description\" content=\"[vc_row][vc_column][vc_empty_space height=&#8220;30px&#8220;][vc_column_text css_animation=&#8220;bounceIn&#8220; css=&#8220;&#8220;] Termine [\/vc_column_text][vc_empty_space height=&#8220;30px&#8220;][\/vc_column][vc_column][\/vc_column][\/vc_row][vc_row][vc_column][vc_column_text] Kommende Termine [\/vc_column_text][vc_empty_space height=&#8220;30px&#8220;][vc_column_text css=&#8220;&#8220;] Faire Woche 12. &#8211; 26. September 2025 \u201eVielfalt erleben\u201c ist das Motto der diesj\u00e4hrigen bundesweiten Fairen Woche vom 12. &#8211; 26 September. Das Weltladenteam l\u00e4dt Sie dehalb ein zu einem Fairen Fr\u00fchst\u00fcck am 13.September ab 9.00 Uhr in die Sommerzone Kanalstra\u00dfe zwischen Backhaus&hellip;\" \/>\n<meta property=\"og:url\" content=\"https:\/\/weltlaeden.de\/weinsberg\/termine\/\" \/>\n<meta property=\"og:site_name\" content=\"Weltladen Weinsberg\" \/>\n<meta property=\"article:modified_time\" content=\"2025-09-22T15:12:34+00:00\" \/>\n<meta property=\"og:image\" content=\"https:\/\/weltlaeden.de\/weinsberg\/wp-content\/uploads\/sites\/3\/2018\/07\/pocket-watch-1637396_1920_pixabay.png\" \/>\n<meta name=\"twitter:card\" content=\"summary_large_image\" \/>\n<meta name=\"twitter:label1\" content=\"Gesch\u00e4tzte Lesezeit\" \/>\n\t<meta name=\"twitter:data1\" content=\"3\u00a0Minuten\" \/>\n<script type=\"application\/ld+json\" class=\"yoast-schema-graph\">{\"@context\":\"https:\/\/schema.org\",\"@graph\":[{\"@type\":\"WebPage\",\"@id\":\"https:\/\/weltlaeden.de\/weinsberg\/termine\/\",\"url\":\"https:\/\/weltlaeden.de\/weinsberg\/termine\/\",\"name\":\"Termine - Weltladen Weinsberg\",\"isPartOf\":{\"@id\":\"https:\/\/weltlaeden.de\/weinsberg\/#website\"},\"primaryImageOfPage\":{\"@id\":\"https:\/\/weltlaeden.de\/weinsberg\/termine\/#primaryimage\"},\"image\":{\"@id\":\"https:\/\/weltlaeden.de\/weinsberg\/termine\/#primaryimage\"},\"thumbnailUrl\":\"https:\/\/weltlaeden.de\/weinsberg\/wp-content\/uploads\/sites\/3\/2018\/07\/pocket-watch-1637396_1920_pixabay.png\",\"datePublished\":\"2021-05-08T07:05:21+00:00\",\"dateModified\":\"2025-09-22T15:12:34+00:00\",\"breadcrumb\":{\"@id\":\"https:\/\/weltlaeden.de\/weinsberg\/termine\/#breadcrumb\"},\"inLanguage\":\"de\",\"potentialAction\":[{\"@type\":\"ReadAction\",\"target\":[\"https:\/\/weltlaeden.de\/weinsberg\/termine\/\"]}]},{\"@type\":\"ImageObject\",\"inLanguage\":\"de\",\"@id\":\"https:\/\/weltlaeden.de\/weinsberg\/termine\/#primaryimage\",\"url\":\"https:\/\/weltlaeden.de\/weinsberg\/wp-content\/uploads\/sites\/3\/2018\/07\/pocket-watch-1637396_1920_pixabay.png\",\"contentUrl\":\"https:\/\/weltlaeden.de\/weinsberg\/wp-content\/uploads\/sites\/3\/2018\/07\/pocket-watch-1637396_1920_pixabay.png\"},{\"@type\":\"BreadcrumbList\",\"@id\":\"https:\/\/weltlaeden.de\/weinsberg\/termine\/#breadcrumb\",\"itemListElement\":[{\"@type\":\"ListItem\",\"position\":1,\"name\":\"Startseite\",\"item\":\"https:\/\/weltlaeden.de\/weinsberg\/\"},{\"@type\":\"ListItem\",\"position\":2,\"name\":\"Termine\"}]},{\"@type\":\"WebSite\",\"@id\":\"https:\/\/weltlaeden.de\/weinsberg\/#website\",\"url\":\"https:\/\/weltlaeden.de\/weinsberg\/\",\"name\":\"Weltladen Weinsberg\",\"description\":\"Faire Produkte seit 1992\",\"potentialAction\":[{\"@type\":\"SearchAction\",\"target\":{\"@type\":\"EntryPoint\",\"urlTemplate\":\"https:\/\/weltlaeden.de\/weinsberg\/?s={search_term_string}\"},\"query-input\":{\"@type\":\"PropertyValueSpecification\",\"valueRequired\":true,\"valueName\":\"search_term_string\"}}],\"inLanguage\":\"de\"}]}<\/script>\n<!-- \/ Yoast SEO plugin. -->","yoast_head_json":{"title":"Termine - Weltladen Weinsberg","robots":{"index":"index","follow":"follow","max-snippet":"max-snippet:-1","max-image-preview":"max-image-preview:large","max-video-preview":"max-video-preview:-1"},"canonical":"https:\/\/weltlaeden.de\/weinsberg\/termine\/","og_locale":"de_DE","og_type":"article","og_title":"Termine - Weltladen Weinsberg","og_description":"[vc_row][vc_column][vc_empty_space height=&#8220;30px&#8220;][vc_column_text css_animation=&#8220;bounceIn&#8220; css=&#8220;&#8220;] Termine [\/vc_column_text][vc_empty_space height=&#8220;30px&#8220;][\/vc_column][vc_column][\/vc_column][\/vc_row][vc_row][vc_column][vc_column_text] Kommende Termine [\/vc_column_text][vc_empty_space height=&#8220;30px&#8220;][vc_column_text css=&#8220;&#8220;] Faire Woche 12. &#8211; 26. September 2025 \u201eVielfalt erleben\u201c ist das Motto der diesj\u00e4hrigen bundesweiten Fairen Woche vom 12. &#8211; 26 September. Das Weltladenteam l\u00e4dt Sie dehalb ein zu einem Fairen Fr\u00fchst\u00fcck am 13.September ab 9.00 Uhr in die Sommerzone Kanalstra\u00dfe zwischen Backhaus&hellip;","og_url":"https:\/\/weltlaeden.de\/weinsberg\/termine\/","og_site_name":"Weltladen Weinsberg","article_modified_time":"2025-09-22T15:12:34+00:00","og_image":[{"url":"https:\/\/weltlaeden.de\/weinsberg\/wp-content\/uploads\/sites\/3\/2018\/07\/pocket-watch-1637396_1920_pixabay.png","type":"","width":"","height":""}],"twitter_card":"summary_large_image","twitter_misc":{"Gesch\u00e4tzte Lesezeit":"3\u00a0Minuten"},"schema":{"@context":"https:\/\/schema.org","@graph":[{"@type":"WebPage","@id":"https:\/\/weltlaeden.de\/weinsberg\/termine\/","url":"https:\/\/weltlaeden.de\/weinsberg\/termine\/","name":"Termine - Weltladen Weinsberg","isPartOf":{"@id":"https:\/\/weltlaeden.de\/weinsberg\/#website"},"primaryImageOfPage":{"@id":"https:\/\/weltlaeden.de\/weinsberg\/termine\/#primaryimage"},"image":{"@id":"https:\/\/weltlaeden.de\/weinsberg\/termine\/#primaryimage"},"thumbnailUrl":"https:\/\/weltlaeden.de\/weinsberg\/wp-content\/uploads\/sites\/3\/2018\/07\/pocket-watch-1637396_1920_pixabay.png","datePublished":"2021-05-08T07:05:21+00:00","dateModified":"2025-09-22T15:12:34+00:00","breadcrumb":{"@id":"https:\/\/weltlaeden.de\/weinsberg\/termine\/#breadcrumb"},"inLanguage":"de","potentialAction":[{"@type":"ReadAction","target":["https:\/\/weltlaeden.de\/weinsberg\/termine\/"]}]},{"@type":"ImageObject","inLanguage":"de","@id":"https:\/\/weltlaeden.de\/weinsberg\/termine\/#primaryimage","url":"https:\/\/weltlaeden.de\/weinsberg\/wp-content\/uploads\/sites\/3\/2018\/07\/pocket-watch-1637396_1920_pixabay.png","contentUrl":"https:\/\/weltlaeden.de\/weinsberg\/wp-content\/uploads\/sites\/3\/2018\/07\/pocket-watch-1637396_1920_pixabay.png"},{"@type":"BreadcrumbList","@id":"https:\/\/weltlaeden.de\/weinsberg\/termine\/#breadcrumb","itemListElement":[{"@type":"ListItem","position":1,"name":"Startseite","item":"https:\/\/weltlaeden.de\/weinsberg\/"},{"@type":"ListItem","position":2,"name":"Termine"}]},{"@type":"WebSite","@id":"https:\/\/weltlaeden.de\/weinsberg\/#website","url":"https:\/\/weltlaeden.de\/weinsberg\/","name":"Weltladen Weinsberg","description":"Faire Produkte seit 1992","potentialAction":[{"@type":"SearchAction","target":{"@type":"EntryPoint","urlTemplate":"https:\/\/weltlaeden.de\/weinsberg\/?s={search_term_string}"},"query-input":{"@type":"PropertyValueSpecification","valueRequired":true,"valueName":"search_term_string"}}],"inLanguage":"de"}]}},"_links":{"self":[{"href":"https:\/\/weltlaeden.de\/weinsberg\/wp-json\/wp\/v2\/pages\/23","targetHints":{"allow":["GET"]}}],"collection":[{"href":"https:\/\/weltlaeden.de\/weinsberg\/wp-json\/wp\/v2\/pages"}],"about":[{"href":"https:\/\/weltlaeden.de\/weinsberg\/wp-json\/wp\/v2\/types\/page"}],"author":[{"embeddable":true,"href":"https:\/\/weltlaeden.de\/weinsberg\/wp-json\/wp\/v2\/users\/1"}],"replies":[{"embeddable":true,"href":"https:\/\/weltlaeden.de\/weinsberg\/wp-json\/wp\/v2\/comments?post=23"}],"version-history":[{"count":33,"href":"https:\/\/weltlaeden.de\/weinsberg\/wp-json\/wp\/v2\/pages\/23\/revisions"}],"predecessor-version":[{"id":1025,"href":"https:\/\/weltlaeden.de\/weinsberg\/wp-json\/wp\/v2\/pages\/23\/revisions\/1025"}],"wp:attachment":[{"href":"https:\/\/weltlaeden.de\/weinsberg\/wp-json\/wp\/v2\/media?parent=23"}],"curies":[{"name":"wp","href":"https:\/\/api.w.org\/{rel}","templated":true}]}}