{"id":219,"date":"2016-10-28T13:34:47","date_gmt":"2016-10-28T11:34:47","guid":{"rendered":"https:\/\/wl.heimpixel.de\/vorlage\/ueber-uns\/"},"modified":"2022-03-01T17:23:29","modified_gmt":"2022-03-01T16:23:29","slug":"weltladen-weinsberg","status":"publish","type":"page","link":"https:\/\/weltlaeden.de\/weinsberg\/weltladen-weinsberg\/","title":{"rendered":"\u00dcber uns"},"content":{"rendered":"<div class=\"wpb-content-wrapper\"><p>[vc_row][vc_column]<div class=\"wl_einzelbild\"><p><\/p>\n<p><\/p><\/div><div class=\"wl_einzelbild\"><p><img loading=\"lazy\" decoding=\"async\" class=\"aligncenter size-full wp-image-448\" src=\"https:\/\/weltlaeden.de\/weinsberg\/wp-content\/uploads\/sites\/139\/2019\/04\/board-game-challenge-chess-209728_1200x519-e1555324787982.png\" alt=\"\" width=\"787\" height=\"340\" \/><\/p><\/div>[vc_empty_space][vc_column_text]<\/p>\n<h1>\u00dcber den Weltladen Weinsberg<\/h1>\n<p>[\/vc_column_text][vc_column_text]<\/p>\n<h2><span style=\"font-family: Arial, sans-serif\">Wie alles begann<\/span><\/h2>\n<p><img loading=\"lazy\" decoding=\"async\" class=\"alignleft wp-image-517\" src=\"https:\/\/weltlaeden.de\/weinsberg\/wp-content\/uploads\/sites\/139\/2020\/11\/Alter-Laden-207x300.jpg\" alt=\"\" width=\"228\" height=\"330\" srcset=\"https:\/\/weltlaeden.de\/weinsberg\/wp-content\/uploads\/sites\/139\/2020\/11\/Alter-Laden-207x300.jpg 207w, https:\/\/weltlaeden.de\/weinsberg\/wp-content\/uploads\/sites\/139\/2020\/11\/Alter-Laden.jpg 596w\" sizes=\"auto, (max-width: 228px) 100vw, 228px\" \/><\/p>\n<p><strong><span style=\"font-family: Arial, sans-serif\"><em>Nicht Almosen, sondern gerechter Handel erm\u00f6glichen ein menschenw\u00fcrdiges Leben und Entwicklungschancen aus eigener Kraft.<\/em> <\/span><\/strong><\/p>\n<p><span style=\"font-family: Arial, sans-serif\">Aus dieser \u00dcberzeugung heraus begannen Jugendliche der kath. Kirchengemeinde St. Josef nach den Sonntags-Gottesdiensten oder bei Gemeinde- und Stadtfesten Waren aus fairem Handel zu verkaufen. <\/span><\/p>\n<p><span style=\"font-family: Arial, sans-serif\">Die Alte Scheune in der Florian-Geyer-Gasse war dann rund 5 Jahre lang <\/span><span style=\"font-family: Arial, sans-serif\">Verkaufsraum, bis sich 1992 im ehemaligen Caf\u00e9 Drautz die Voraussetzung bot, die Verkaufsfl\u00e4che zu vergr\u00f6\u00dfern und gleichzeitig ein Caf\u00e9 zu betreiben.<\/span><\/p>\n<p><span style=\"font-family: Arial, sans-serif\"><br \/>\nUm die Herausforderungen eines modernen Weltladens zu meistern, war die Gr\u00fcndung eines gemeinn\u00fctzigen Vereins notwendig, die \u201eEine-Welt-Initiative Weinsberg e.V.\u201c<\/span><\/p>\n<h2><\/h2>\n<h2><\/h2>\n<h2><\/h2>\n<h2><span style=\"font-family: Arial, sans-serif\">Und jetzt?<\/span><\/h2>\n<p><span style=\"font-family: Arial, sans-serif\"><img loading=\"lazy\" decoding=\"async\" class=\"wp-image-662 alignleft\" src=\"https:\/\/weltlaeden.de\/weinsberg\/wp-content\/uploads\/sites\/139\/2021\/05\/DSC1654-300x199.jpg\" alt=\"\" width=\"243\" height=\"161\" srcset=\"https:\/\/weltlaeden.de\/weinsberg\/wp-content\/uploads\/sites\/139\/2021\/05\/DSC1654-300x199.jpg 300w, https:\/\/weltlaeden.de\/weinsberg\/wp-content\/uploads\/sites\/139\/2021\/05\/DSC1654-768x510.jpg 768w, https:\/\/weltlaeden.de\/weinsberg\/wp-content\/uploads\/sites\/139\/2021\/05\/DSC1654-1024x680.jpg 1024w, https:\/\/weltlaeden.de\/weinsberg\/wp-content\/uploads\/sites\/139\/2021\/05\/DSC1654.jpg 1920w\" sizes=\"auto, (max-width: 243px) 100vw, 243px\" \/>Dank dem gro\u00dfen ehrenamtlichen Engagement der MitarbeiterInnen hat sich der Weltladen zu einer festen Gr\u00f6\u00dfe in Weinsberg entwickelt. Ein umfangreiches Sortiment an Bio-Nahrungsmitteln, Kunsthandwerk, Gebrauchs- und Geschenkartikeln aus Fairem Handel wird angeboten, das kleines Caf\u00e9 im vorderen Bereich l\u00e4dt zum Verweilen ein.<\/span><\/p>\n<p>&nbsp;<\/p>\n<p>&nbsp;<\/p>\n<p>&nbsp;<\/p>\n<p>&nbsp;<\/p>\n<p><span style=\"font-family: Arial, sans-serif\"> <img loading=\"lazy\" decoding=\"async\" class=\"wp-image-665 alignleft\" src=\"https:\/\/weltlaeden.de\/weinsberg\/wp-content\/uploads\/sites\/139\/2021\/05\/DSC1657-300x172.jpg\" alt=\"\" width=\"275\" height=\"158\" srcset=\"https:\/\/weltlaeden.de\/weinsberg\/wp-content\/uploads\/sites\/139\/2021\/05\/DSC1657-300x172.jpg 300w, https:\/\/weltlaeden.de\/weinsberg\/wp-content\/uploads\/sites\/139\/2021\/05\/DSC1657-768x441.jpg 768w, https:\/\/weltlaeden.de\/weinsberg\/wp-content\/uploads\/sites\/139\/2021\/05\/DSC1657-1024x588.jpg 1024w, https:\/\/weltlaeden.de\/weinsberg\/wp-content\/uploads\/sites\/139\/2021\/05\/DSC1657.jpg 1920w\" sizes=\"auto, (max-width: 275px) 100vw, 275px\" \/><\/span><\/p>\n<p><img loading=\"lazy\" decoding=\"async\" class=\"wp-image-659 alignleft\" src=\"https:\/\/weltlaeden.de\/weinsberg\/wp-content\/uploads\/sites\/139\/2021\/05\/3-300x225.jpg\" alt=\"\" width=\"219\" height=\"164\" srcset=\"https:\/\/weltlaeden.de\/weinsberg\/wp-content\/uploads\/sites\/139\/2021\/05\/3-300x225.jpg 300w, https:\/\/weltlaeden.de\/weinsberg\/wp-content\/uploads\/sites\/139\/2021\/05\/3-768x576.jpg 768w, https:\/\/weltlaeden.de\/weinsberg\/wp-content\/uploads\/sites\/139\/2021\/05\/3-1024x768.jpg 1024w, https:\/\/weltlaeden.de\/weinsberg\/wp-content\/uploads\/sites\/139\/2021\/05\/3.jpg 1920w\" sizes=\"auto, (max-width: 219px) 100vw, 219px\" \/><\/p>\n<p><span style=\"font-family: Arial, sans-serif\">Neben dem Verkauf organisiert die Eine-Welt-Initiative auch Vortr\u00e4ge zu Eine-Welt-Themen. Mehrere Produzentenvertreter waren schon Gast im Weltladen und konnten authentisch von den positiven Auswirkungen des Fairen Handels in ihren L\u00e4ndern berichten. Zudem gibt es ein Bildungsangebot f\u00fcr Schulklassen und Gruppen; Sozial- und Berufsfindungs-Praktikas der Schulen k\u00f6nnen hier abgeleistet werden. Dass Weinsberg seit 2014 Fair-Trade-Stadt ist, geht nicht zuletzt auf die Initiative des Vereins zur\u00fcck. <\/span><\/p>\n<p>&nbsp;<\/p>\n<p><img loading=\"lazy\" decoding=\"async\" class=\"wp-image-809 alignright\" src=\"https:\/\/weltlaeden.de\/weinsberg\/wp-content\/uploads\/sites\/139\/2021\/06\/DSC3013-300x294.jpg\" alt=\"\" width=\"229\" height=\"224\" srcset=\"https:\/\/weltlaeden.de\/weinsberg\/wp-content\/uploads\/sites\/139\/2021\/06\/DSC3013-300x294.jpg 300w, https:\/\/weltlaeden.de\/weinsberg\/wp-content\/uploads\/sites\/139\/2021\/06\/DSC3013.jpg 320w\" sizes=\"auto, (max-width: 229px) 100vw, 229px\" \/>Alte und ausgediente Handys oder Smarhphones kann man bei uns auch abgeben. Wir beteiligen uns an der Handyaktion Baden W\u00fcrttemberg <a href=\"https:\/\/www.handy-aktion.de\/\">https:\/\/www.handy-aktion.de\/<\/a><\/p>\n<p>&nbsp;<\/p>\n<p>Und alle zwei Monate liegt bei uns die S\u00fcdzeit zum Mitnehmen aus <img loading=\"lazy\" decoding=\"async\" class=\"size-medium wp-image-917 alignleft\" src=\"https:\/\/weltlaeden.de\/weinsberg\/wp-content\/uploads\/sites\/139\/2022\/03\/D755463-300x270.jpg\" alt=\"\" width=\"300\" height=\"270\" srcset=\"https:\/\/weltlaeden.de\/weinsberg\/wp-content\/uploads\/sites\/139\/2022\/03\/D755463-300x270.jpg 300w, https:\/\/weltlaeden.de\/weinsberg\/wp-content\/uploads\/sites\/139\/2022\/03\/D755463-1024x920.jpg 1024w, https:\/\/weltlaeden.de\/weinsberg\/wp-content\/uploads\/sites\/139\/2022\/03\/D755463-768x690.jpg 768w, https:\/\/weltlaeden.de\/weinsberg\/wp-content\/uploads\/sites\/139\/2022\/03\/D755463-1536x1380.jpg 1536w, https:\/\/weltlaeden.de\/weinsberg\/wp-content\/uploads\/sites\/139\/2022\/03\/D755463-2048x1841.jpg 2048w, https:\/\/weltlaeden.de\/weinsberg\/wp-content\/uploads\/sites\/139\/2022\/03\/D755463-scaled.jpg 1920w\" sizes=\"auto, (max-width: 300px) 100vw, 300px\" \/>[\/vc_column_text][\/vc_column][\/vc_row][vc_row][vc_column][vc_empty_space][vc_column_text]<\/p>\n<h1><\/h1>\n<h1>Mitmachen im Weltladen Weinsberg<\/h1>\n<p>[\/vc_column_text][vc_column_text]<strong>Wir suchen<\/strong> Menschen, die Lust haben, sich ehrenamtlich f\u00fcr eine offene, transparente, \u00f6kologische und nachhaltige Form des Wirtschaftens zu engagieren. Ob im Verkauf, der Informations- oder Bildungsarbeit &#8211; die M\u00f6glichkeiten, in unserem Team mitzumachen sind vielf\u00e4ltig und lassen sich bestimmt auch in Deinen Alltag integrieren! Neben regelm\u00e4\u00dfigen Aufgaben gibt es bei uns auch immer wieder einzelne zeitlich befristete Projekte, f\u00fcr die wir Unterst\u00fctzer\/innen suchen. Viele Aufgaben erfordern keine speziellen Vorkenntnisse, sondern nur Deine Bereitschaft, Deine F\u00e4higkeiten einzubringen und eventuell in neuen Bereichen dazuzulernen.<\/p>\n<div id=\"attachment_758\" style=\"width: 310px\" class=\"wp-caption alignright\"><img loading=\"lazy\" decoding=\"async\" aria-describedby=\"caption-attachment-758\" class=\"wp-image-758 size-medium\" src=\"https:\/\/weltlaeden.de\/weinsberg\/wp-content\/uploads\/sites\/139\/2021\/05\/DSC0641-300x198.jpg\" alt=\"\" width=\"300\" height=\"198\" srcset=\"https:\/\/weltlaeden.de\/weinsberg\/wp-content\/uploads\/sites\/139\/2021\/05\/DSC0641-300x198.jpg 300w, https:\/\/weltlaeden.de\/weinsberg\/wp-content\/uploads\/sites\/139\/2021\/05\/DSC0641-768x508.jpg 768w, https:\/\/weltlaeden.de\/weinsberg\/wp-content\/uploads\/sites\/139\/2021\/05\/DSC0641-1024x677.jpg 1024w, https:\/\/weltlaeden.de\/weinsberg\/wp-content\/uploads\/sites\/139\/2021\/05\/DSC0641.jpg 1887w\" sizes=\"auto, (max-width: 300px) 100vw, 300px\" \/><p id=\"caption-attachment-758\" class=\"wp-caption-text\">Unser Team 2019 beim Besuch im Weltladen Heidenheim.<\/p><\/div>\n<p><strong>Wir bieten<\/strong> ein nettes Team aus Engagierten mit vielf\u00e4ltigen M\u00f6glichkeiten, sich selbst einzubringen. Eine Gemeinschaft, die Dich herzlich aufnimmt, einarbeitet und bei Fragen zur Verf\u00fcgung steht. Fortbildungsm\u00f6glichkeiten nach Deinen Interessen und Aufgaben.<\/p>\n<p><strong>Ansprechpartner\/in:<\/strong><br \/>\nPaula Friedrich<\/p>\n<p>du kannst aber auch jede andere Mitarbeiterin\/Mitarbeiter ansprechen<\/p>\n<p><strong>Wir freuen uns auf Dich!<\/strong>[\/vc_column_text][\/vc_column][vc_column][\/vc_column][\/vc_row]<\/p>\n<\/div>","protected":false},"excerpt":{"rendered":"<p>[vc_row][vc_column][vc_empty_space][vc_column_text] \u00dcber den Weltladen Weinsberg [\/vc_column_text][vc_column_text] Wie alles begann Nicht Almosen, sondern gerechter Handel erm\u00f6glichen ein menschenw\u00fcrdiges Leben und Entwicklungschancen aus eigener Kraft. Aus dieser \u00dcberzeugung heraus begannen Jugendliche der kath. Kirchengemeinde St. Josef nach den Sonntags-Gottesdiensten oder bei Gemeinde- und Stadtfesten Waren aus fairem Handel zu verkaufen. Die Alte Scheune in der Florian-Geyer-Gasse war&hellip;<\/p>\n","protected":false},"author":1,"featured_media":0,"parent":0,"menu_order":2,"comment_status":"closed","ping_status":"closed","template":"","meta":{"footnotes":""},"class_list":["post-219","page","type-page","status-publish","hentry","description-off"],"yoast_head":"<!-- This site is optimized with the Yoast SEO plugin v26.8 - https:\/\/yoast.com\/product\/yoast-seo-wordpress\/ -->\n<title>\u00dcber uns - Weltladen Weinsberg<\/title>\n<meta name=\"robots\" content=\"index, follow, max-snippet:-1, max-image-preview:large, max-video-preview:-1\" \/>\n<link rel=\"canonical\" href=\"https:\/\/weltlaeden.de\/weinsberg\/weltladen-weinsberg\/\" \/>\n<meta property=\"og:locale\" content=\"de_DE\" \/>\n<meta property=\"og:type\" content=\"article\" \/>\n<meta property=\"og:title\" content=\"\u00dcber uns - Weltladen Weinsberg\" \/>\n<meta property=\"og:description\" content=\"[vc_row][vc_column][vc_empty_space][vc_column_text] \u00dcber den Weltladen Weinsberg [\/vc_column_text][vc_column_text] Wie alles begann Nicht Almosen, sondern gerechter Handel erm\u00f6glichen ein menschenw\u00fcrdiges Leben und Entwicklungschancen aus eigener Kraft. Aus dieser \u00dcberzeugung heraus begannen Jugendliche der kath. Kirchengemeinde St. Josef nach den Sonntags-Gottesdiensten oder bei Gemeinde- und Stadtfesten Waren aus fairem Handel zu verkaufen. Die Alte Scheune in der Florian-Geyer-Gasse war&hellip;\" \/>\n<meta property=\"og:url\" content=\"https:\/\/weltlaeden.de\/weinsberg\/weltladen-weinsberg\/\" \/>\n<meta property=\"og:site_name\" content=\"Weltladen Weinsberg\" \/>\n<meta property=\"article:modified_time\" content=\"2022-03-01T16:23:29+00:00\" \/>\n<meta property=\"og:image\" content=\"https:\/\/weltlaeden.de\/weinsberg\/wp-content\/uploads\/sites\/139\/2019\/04\/board-game-challenge-chess-209728_1200x519-e1555324787982.png\" \/>\n<meta name=\"twitter:card\" content=\"summary_large_image\" \/>\n<meta name=\"twitter:label1\" content=\"Gesch\u00e4tzte Lesezeit\" \/>\n\t<meta name=\"twitter:data1\" content=\"4\u00a0Minuten\" \/>\n<script type=\"application\/ld+json\" class=\"yoast-schema-graph\">{\"@context\":\"https:\/\/schema.org\",\"@graph\":[{\"@type\":\"WebPage\",\"@id\":\"https:\/\/weltlaeden.de\/weinsberg\/weltladen-weinsberg\/\",\"url\":\"https:\/\/weltlaeden.de\/weinsberg\/weltladen-weinsberg\/\",\"name\":\"\u00dcber uns - Weltladen Weinsberg\",\"isPartOf\":{\"@id\":\"https:\/\/weltlaeden.de\/weinsberg\/#website\"},\"primaryImageOfPage\":{\"@id\":\"https:\/\/weltlaeden.de\/weinsberg\/weltladen-weinsberg\/#primaryimage\"},\"image\":{\"@id\":\"https:\/\/weltlaeden.de\/weinsberg\/weltladen-weinsberg\/#primaryimage\"},\"thumbnailUrl\":\"https:\/\/weltlaeden.de\/weinsberg\/wp-content\/uploads\/sites\/139\/2019\/04\/board-game-challenge-chess-209728_1200x519-e1555324787982.png\",\"datePublished\":\"2016-10-28T11:34:47+00:00\",\"dateModified\":\"2022-03-01T16:23:29+00:00\",\"breadcrumb\":{\"@id\":\"https:\/\/weltlaeden.de\/weinsberg\/weltladen-weinsberg\/#breadcrumb\"},\"inLanguage\":\"de\",\"potentialAction\":[{\"@type\":\"ReadAction\",\"target\":[\"https:\/\/weltlaeden.de\/weinsberg\/weltladen-weinsberg\/\"]}]},{\"@type\":\"ImageObject\",\"inLanguage\":\"de\",\"@id\":\"https:\/\/weltlaeden.de\/weinsberg\/weltladen-weinsberg\/#primaryimage\",\"url\":\"https:\/\/weltlaeden.de\/weinsberg\/wp-content\/uploads\/sites\/139\/2019\/04\/board-game-challenge-chess-209728_1200x519-e1555324787982.png\",\"contentUrl\":\"https:\/\/weltlaeden.de\/weinsberg\/wp-content\/uploads\/sites\/139\/2019\/04\/board-game-challenge-chess-209728_1200x519-e1555324787982.png\",\"width\":787,\"height\":340},{\"@type\":\"BreadcrumbList\",\"@id\":\"https:\/\/weltlaeden.de\/weinsberg\/weltladen-weinsberg\/#breadcrumb\",\"itemListElement\":[{\"@type\":\"ListItem\",\"position\":1,\"name\":\"Startseite\",\"item\":\"https:\/\/weltlaeden.de\/weinsberg\/\"},{\"@type\":\"ListItem\",\"position\":2,\"name\":\"\u00dcber uns\"}]},{\"@type\":\"WebSite\",\"@id\":\"https:\/\/weltlaeden.de\/weinsberg\/#website\",\"url\":\"https:\/\/weltlaeden.de\/weinsberg\/\",\"name\":\"Weltladen Weinsberg\",\"description\":\"Faire Produkte seit 1992\",\"potentialAction\":[{\"@type\":\"SearchAction\",\"target\":{\"@type\":\"EntryPoint\",\"urlTemplate\":\"https:\/\/weltlaeden.de\/weinsberg\/?s={search_term_string}\"},\"query-input\":{\"@type\":\"PropertyValueSpecification\",\"valueRequired\":true,\"valueName\":\"search_term_string\"}}],\"inLanguage\":\"de\"}]}<\/script>\n<!-- \/ Yoast SEO plugin. -->","yoast_head_json":{"title":"\u00dcber uns - Weltladen Weinsberg","robots":{"index":"index","follow":"follow","max-snippet":"max-snippet:-1","max-image-preview":"max-image-preview:large","max-video-preview":"max-video-preview:-1"},"canonical":"https:\/\/weltlaeden.de\/weinsberg\/weltladen-weinsberg\/","og_locale":"de_DE","og_type":"article","og_title":"\u00dcber uns - Weltladen Weinsberg","og_description":"[vc_row][vc_column][vc_empty_space][vc_column_text] \u00dcber den Weltladen Weinsberg [\/vc_column_text][vc_column_text] Wie alles begann Nicht Almosen, sondern gerechter Handel erm\u00f6glichen ein menschenw\u00fcrdiges Leben und Entwicklungschancen aus eigener Kraft. Aus dieser \u00dcberzeugung heraus begannen Jugendliche der kath. Kirchengemeinde St. Josef nach den Sonntags-Gottesdiensten oder bei Gemeinde- und Stadtfesten Waren aus fairem Handel zu verkaufen. Die Alte Scheune in der Florian-Geyer-Gasse war&hellip;","og_url":"https:\/\/weltlaeden.de\/weinsberg\/weltladen-weinsberg\/","og_site_name":"Weltladen Weinsberg","article_modified_time":"2022-03-01T16:23:29+00:00","og_image":[{"url":"https:\/\/weltlaeden.de\/weinsberg\/wp-content\/uploads\/sites\/139\/2019\/04\/board-game-challenge-chess-209728_1200x519-e1555324787982.png","type":"","width":"","height":""}],"twitter_card":"summary_large_image","twitter_misc":{"Gesch\u00e4tzte Lesezeit":"4\u00a0Minuten"},"schema":{"@context":"https:\/\/schema.org","@graph":[{"@type":"WebPage","@id":"https:\/\/weltlaeden.de\/weinsberg\/weltladen-weinsberg\/","url":"https:\/\/weltlaeden.de\/weinsberg\/weltladen-weinsberg\/","name":"\u00dcber uns - Weltladen Weinsberg","isPartOf":{"@id":"https:\/\/weltlaeden.de\/weinsberg\/#website"},"primaryImageOfPage":{"@id":"https:\/\/weltlaeden.de\/weinsberg\/weltladen-weinsberg\/#primaryimage"},"image":{"@id":"https:\/\/weltlaeden.de\/weinsberg\/weltladen-weinsberg\/#primaryimage"},"thumbnailUrl":"https:\/\/weltlaeden.de\/weinsberg\/wp-content\/uploads\/sites\/139\/2019\/04\/board-game-challenge-chess-209728_1200x519-e1555324787982.png","datePublished":"2016-10-28T11:34:47+00:00","dateModified":"2022-03-01T16:23:29+00:00","breadcrumb":{"@id":"https:\/\/weltlaeden.de\/weinsberg\/weltladen-weinsberg\/#breadcrumb"},"inLanguage":"de","potentialAction":[{"@type":"ReadAction","target":["https:\/\/weltlaeden.de\/weinsberg\/weltladen-weinsberg\/"]}]},{"@type":"ImageObject","inLanguage":"de","@id":"https:\/\/weltlaeden.de\/weinsberg\/weltladen-weinsberg\/#primaryimage","url":"https:\/\/weltlaeden.de\/weinsberg\/wp-content\/uploads\/sites\/139\/2019\/04\/board-game-challenge-chess-209728_1200x519-e1555324787982.png","contentUrl":"https:\/\/weltlaeden.de\/weinsberg\/wp-content\/uploads\/sites\/139\/2019\/04\/board-game-challenge-chess-209728_1200x519-e1555324787982.png","width":787,"height":340},{"@type":"BreadcrumbList","@id":"https:\/\/weltlaeden.de\/weinsberg\/weltladen-weinsberg\/#breadcrumb","itemListElement":[{"@type":"ListItem","position":1,"name":"Startseite","item":"https:\/\/weltlaeden.de\/weinsberg\/"},{"@type":"ListItem","position":2,"name":"\u00dcber uns"}]},{"@type":"WebSite","@id":"https:\/\/weltlaeden.de\/weinsberg\/#website","url":"https:\/\/weltlaeden.de\/weinsberg\/","name":"Weltladen Weinsberg","description":"Faire Produkte seit 1992","potentialAction":[{"@type":"SearchAction","target":{"@type":"EntryPoint","urlTemplate":"https:\/\/weltlaeden.de\/weinsberg\/?s={search_term_string}"},"query-input":{"@type":"PropertyValueSpecification","valueRequired":true,"valueName":"search_term_string"}}],"inLanguage":"de"}]}},"_links":{"self":[{"href":"https:\/\/weltlaeden.de\/weinsberg\/wp-json\/wp\/v2\/pages\/219","targetHints":{"allow":["GET"]}}],"collection":[{"href":"https:\/\/weltlaeden.de\/weinsberg\/wp-json\/wp\/v2\/pages"}],"about":[{"href":"https:\/\/weltlaeden.de\/weinsberg\/wp-json\/wp\/v2\/types\/page"}],"author":[{"embeddable":true,"href":"https:\/\/weltlaeden.de\/weinsberg\/wp-json\/wp\/v2\/users\/1"}],"replies":[{"embeddable":true,"href":"https:\/\/weltlaeden.de\/weinsberg\/wp-json\/wp\/v2\/comments?post=219"}],"version-history":[{"count":20,"href":"https:\/\/weltlaeden.de\/weinsberg\/wp-json\/wp\/v2\/pages\/219\/revisions"}],"predecessor-version":[{"id":920,"href":"https:\/\/weltlaeden.de\/weinsberg\/wp-json\/wp\/v2\/pages\/219\/revisions\/920"}],"wp:attachment":[{"href":"https:\/\/weltlaeden.de\/weinsberg\/wp-json\/wp\/v2\/media?parent=219"}],"curies":[{"name":"wp","href":"https:\/\/api.w.org\/{rel}","templated":true}]}}