{"id":217,"date":"2016-10-28T13:34:47","date_gmt":"2016-10-28T11:34:47","guid":{"rendered":"https:\/\/wl.heimpixel.de\/vorlage\/produkte\/"},"modified":"2025-08-07T09:19:46","modified_gmt":"2025-08-07T07:19:46","slug":"produkte","status":"publish","type":"page","link":"https:\/\/weltlaeden.de\/weinsberg\/produkte\/","title":{"rendered":"Produkte"},"content":{"rendered":"<div class=\"wpb-content-wrapper\"><p>[vc_row][vc_column][vc_empty_space][vc_column_text]<\/p>\n<h1>Unser Sortiment<\/h1>\n<p>[\/vc_column_text][vc_column_text][\/vc_column_text][vc_empty_space][vc_row_inner][vc_column_inner width=&#8220;1\/2&#8243;][vc_column_text]<\/p>\n<h2>Lebensmittel<\/h2>\n<hr \/>\n<h2><\/h2>\n<p>[\/vc_column_text]<div class=\"wl_einzelbild\"><p><img loading=\"lazy\" decoding=\"async\" class=\"alignnone size-medium wp-image-516\" src=\"https:\/\/weltlaeden.de\/weinsberg\/wp-content\/uploads\/sites\/139\/2020\/11\/DSC2461-237x300.jpg\" alt=\"\" width=\"237\" height=\"300\" srcset=\"https:\/\/weltlaeden.de\/weinsberg\/wp-content\/uploads\/sites\/139\/2020\/11\/DSC2461-237x300.jpg 237w, https:\/\/weltlaeden.de\/weinsberg\/wp-content\/uploads\/sites\/139\/2020\/11\/DSC2461-768x973.jpg 768w, https:\/\/weltlaeden.de\/weinsberg\/wp-content\/uploads\/sites\/139\/2020\/11\/DSC2461-808x1024.jpg 808w, https:\/\/weltlaeden.de\/weinsberg\/wp-content\/uploads\/sites\/139\/2020\/11\/DSC2461.jpg 1516w\" sizes=\"auto, (max-width: 237px) 100vw, 237px\" \/><\/p><\/div>[vc_column_text]Unsere Lebensmittel kommen aus vielen verschiedenen L\u00e4ndern und sind von hoher Qualit\u00e4t. Sie finden bei uns Kaffee, Tee, Geb\u00e4ck, Schokolade, Bananen, Marmelade, Honig und noch vieles mehr.\u00a0Alle Produkte sind fair gehandelt und der Gro\u00dfteil stammt aus \u00f6kologischer Produktion.[\/vc_column_text][vc_empty_space][vc_column_text css=&#8220;&#8220;]<\/p>\n<h2>Bananen<\/h2>\n<hr \/>\n<p>[\/vc_column_text][vc_column_text css=&#8220;&#8220;]Immer montags werden die frischen Bananen von Banafair geliefert und solange Vorrat reicht bis Ende der Woche angeboten.[\/vc_column_text]<div class=\"wl_einzelbild\"><p><img loading=\"lazy\" decoding=\"async\" class=\"wp-image-610 alignnone\" src=\"https:\/\/weltlaeden.de\/weinsberg\/wp-content\/uploads\/sites\/139\/2021\/05\/20210119_194121-252x300.jpg\" alt=\"\" width=\"169\" height=\"201\" srcset=\"https:\/\/weltlaeden.de\/weinsberg\/wp-content\/uploads\/sites\/139\/2021\/05\/20210119_194121-252x300.jpg 252w, https:\/\/weltlaeden.de\/weinsberg\/wp-content\/uploads\/sites\/139\/2021\/05\/20210119_194121-768x916.jpg 768w, https:\/\/weltlaeden.de\/weinsberg\/wp-content\/uploads\/sites\/139\/2021\/05\/20210119_194121-859x1024.jpg 859w, https:\/\/weltlaeden.de\/weinsberg\/wp-content\/uploads\/sites\/139\/2021\/05\/20210119_194121.jpg 1610w\" sizes=\"auto, (max-width: 169px) 100vw, 169px\" \/><\/p><\/div>[vc_empty_space][vc_empty_space][vc_column_text]<\/p>\n<h2>Kunsthandwerk &amp; Textilien<\/h2>\n<hr \/>\n<p>[\/vc_column_text]<div class=\"wl_einzelbild\"><p><\/p>\n\n\t\t\t<style type='text\/css'>\n\t\t\t\t#gallery-1 {\n\t\t\t\t\tmargin: auto;\n\t\t\t\t}\n\t\t\t\t#gallery-1 .gallery-item {\n\t\t\t\t\tfloat: left;\n\t\t\t\t\tmargin-top: 10px;\n\t\t\t\t\ttext-align: center;\n\t\t\t\t\twidth: 33%;\n\t\t\t\t}\n\t\t\t\t#gallery-1 img {\n\t\t\t\t\tborder: 2px solid #cfcfcf;\n\t\t\t\t}\n\t\t\t\t#gallery-1 .gallery-caption {\n\t\t\t\t\tmargin-left: 0;\n\t\t\t\t}\n\t\t\t\t\/* see gallery_shortcode() in wp-includes\/media.php *\/\n\t\t\t<\/style>\n\t\t<div id='gallery-1' class='dt-gallery-container gallery galleryid-217 gallery-columns-3 gallery-size-thumbnail'><dl class='gallery-item'>\n\t\t\t\t<dt class='gallery-icon landscape'>\n\t\t\t\t\t<a class=\"rollover\" href='https:\/\/weltlaeden.de\/weinsberg\/produkte\/_dsc0954\/'><img loading=\"lazy\" decoding=\"async\" width=\"150\" height=\"150\" src=\"https:\/\/weltlaeden.de\/weinsberg\/wp-content\/uploads\/sites\/139\/2021\/06\/DSC0954-150x150.jpg\" class=\"attachment-thumbnail size-thumbnail\" alt=\"\" \/><\/a>\n\t\t\t\t<\/dt><\/dl><dl class='gallery-item'>\n\t\t\t\t<dt class='gallery-icon landscape'>\n\t\t\t\t\t<a class=\"rollover\" href='https:\/\/weltlaeden.de\/weinsberg\/produkte\/_dsc1552\/'><img loading=\"lazy\" decoding=\"async\" width=\"150\" height=\"150\" src=\"https:\/\/weltlaeden.de\/weinsberg\/wp-content\/uploads\/sites\/139\/2021\/05\/DSC1552-150x150.jpg\" class=\"attachment-thumbnail size-thumbnail\" alt=\"\" \/><\/a>\n\t\t\t\t<\/dt><\/dl><dl class='gallery-item'>\n\t\t\t\t<dt class='gallery-icon portrait'>\n\t\t\t\t\t<a class=\"rollover\" href='https:\/\/weltlaeden.de\/weinsberg\/weltladen-musterdorf\/_dsc1599\/'><img loading=\"lazy\" decoding=\"async\" width=\"150\" height=\"150\" src=\"https:\/\/weltlaeden.de\/weinsberg\/wp-content\/uploads\/sites\/139\/2020\/09\/DSC1599-150x150.jpg\" class=\"attachment-thumbnail size-thumbnail\" alt=\"\" \/><\/a>\n\t\t\t\t<\/dt><\/dl><br style=\"clear: both\" \/><dl class='gallery-item'>\n\t\t\t\t<dt class='gallery-icon landscape'>\n\t\t\t\t\t<a class=\"rollover\" href='https:\/\/weltlaeden.de\/weinsberg\/_dsc1026\/'><img loading=\"lazy\" decoding=\"async\" width=\"150\" height=\"150\" src=\"https:\/\/weltlaeden.de\/weinsberg\/wp-content\/uploads\/sites\/139\/2020\/10\/DSC1026-150x150.jpg\" class=\"attachment-thumbnail size-thumbnail\" alt=\"\" \/><\/a>\n\t\t\t\t<\/dt><\/dl><dl class='gallery-item'>\n\t\t\t\t<dt class='gallery-icon portrait'>\n\t\t\t\t\t<a class=\"rollover\" href='https:\/\/weltlaeden.de\/weinsberg\/produkte\/_dsc0959\/'><img loading=\"lazy\" decoding=\"async\" width=\"150\" height=\"150\" src=\"https:\/\/weltlaeden.de\/weinsberg\/wp-content\/uploads\/sites\/139\/2021\/05\/DSC0959-150x150.jpg\" class=\"attachment-thumbnail size-thumbnail\" alt=\"\" \/><\/a>\n\t\t\t\t<\/dt><\/dl><dl class='gallery-item'>\n\t\t\t\t<dt class='gallery-icon portrait'>\n\t\t\t\t\t<a class=\"rollover\" href='https:\/\/weltlaeden.de\/weinsberg\/produkte\/_dsc0762\/'><img loading=\"lazy\" decoding=\"async\" width=\"150\" height=\"150\" src=\"https:\/\/weltlaeden.de\/weinsberg\/wp-content\/uploads\/sites\/139\/2021\/05\/DSC0762-150x150.jpg\" class=\"attachment-thumbnail size-thumbnail\" alt=\"\" \/><\/a>\n\t\t\t\t<\/dt><\/dl><br style=\"clear: both\" \/><dl class='gallery-item'>\n\t\t\t\t<dt class='gallery-icon portrait'>\n\t\t\t\t\t<a class=\"rollover\" href='https:\/\/weltlaeden.de\/weinsberg\/weltladen-musterdorf\/7b\/'><img loading=\"lazy\" decoding=\"async\" width=\"150\" height=\"150\" src=\"https:\/\/weltlaeden.de\/weinsberg\/wp-content\/uploads\/sites\/139\/2021\/05\/7b-150x150.jpg\" class=\"attachment-thumbnail size-thumbnail\" alt=\"\" \/><\/a>\n\t\t\t\t<\/dt><\/dl><dl class='gallery-item'>\n\t\t\t\t<dt class='gallery-icon landscape'>\n\t\t\t\t\t<a class=\"rollover\" href='https:\/\/weltlaeden.de\/weinsberg\/produkte\/_dsc0993\/'><img loading=\"lazy\" decoding=\"async\" width=\"150\" height=\"150\" src=\"https:\/\/weltlaeden.de\/weinsberg\/wp-content\/uploads\/sites\/139\/2021\/05\/DSC0993-150x150.jpg\" class=\"attachment-thumbnail size-thumbnail\" alt=\"\" \/><\/a>\n\t\t\t\t<\/dt><\/dl><dl class='gallery-item'>\n\t\t\t\t<dt class='gallery-icon landscape'>\n\t\t\t\t\t<a class=\"rollover\" href='https:\/\/weltlaeden.de\/weinsberg\/produkte\/attachment\/11\/'><img loading=\"lazy\" decoding=\"async\" width=\"150\" height=\"150\" src=\"https:\/\/weltlaeden.de\/weinsberg\/wp-content\/uploads\/sites\/139\/2021\/05\/11-150x150.jpg\" class=\"attachment-thumbnail size-thumbnail\" alt=\"\" \/><\/a>\n\t\t\t\t<\/dt><\/dl><br style=\"clear: both\" \/>\n\t\t\t<\/div>\n\n<p><\/p><\/div>[\/vc_column_inner][\/vc_row_inner][vc_column_text]<\/p>\n<h4><\/h4>\n<h4>Das Sch\u00f6nste, was der Faire Handel zu bieten hat:<\/h4>\n<p>Schmuck und Taschen<br \/>\nSchals und T\u00fccher<br \/>\nAccessoires aus Alpaca-Wolle<br \/>\nFu\u00dfb\u00e4lle<br \/>\nKinderartikel<br \/>\nMusikinstrumente<br \/>\ngro\u00dfe Auswahl an Klangschalen<br \/>\nKerzen und R\u00e4ucherst\u00e4bchen<br \/>\nPostkarten und Geschenkpapier<br \/>\nKorbwaren<br \/>\nHaushaltswaren (Keramik, Holz, Glas, Textilien)<br \/>\nSonnenglas \u2013 Die Solarleuchte im Einmachglas<\/p>\n<p>und vieles mehr\u2026[\/vc_column_text][vc_empty_space][vc_column_text]<\/p>\n<h2>Wellness<\/h2>\n<hr \/>\n<h2><\/h2>\n<p>[\/vc_column_text]<div class=\"wl_einzelbild\"><p><\/p>\n\n\t\t\t<style type='text\/css'>\n\t\t\t\t#gallery-2 {\n\t\t\t\t\tmargin: auto;\n\t\t\t\t}\n\t\t\t\t#gallery-2 .gallery-item {\n\t\t\t\t\tfloat: left;\n\t\t\t\t\tmargin-top: 10px;\n\t\t\t\t\ttext-align: center;\n\t\t\t\t\twidth: 33%;\n\t\t\t\t}\n\t\t\t\t#gallery-2 img {\n\t\t\t\t\tborder: 2px solid #cfcfcf;\n\t\t\t\t}\n\t\t\t\t#gallery-2 .gallery-caption {\n\t\t\t\t\tmargin-left: 0;\n\t\t\t\t}\n\t\t\t\t\/* see gallery_shortcode() in wp-includes\/media.php *\/\n\t\t\t<\/style>\n\t\t<div id='gallery-2' class='dt-gallery-container gallery galleryid-217 gallery-columns-3 gallery-size-thumbnail'><dl class='gallery-item'>\n\t\t\t\t<dt class='gallery-icon portrait'>\n\t\t\t\t\t<a class=\"rollover\" href='https:\/\/weltlaeden.de\/weinsberg\/produkte\/_dsc0783\/'><img loading=\"lazy\" decoding=\"async\" width=\"150\" height=\"150\" src=\"https:\/\/weltlaeden.de\/weinsberg\/wp-content\/uploads\/sites\/139\/2021\/05\/DSC0783-150x150.jpg\" class=\"attachment-thumbnail size-thumbnail\" alt=\"\" \/><\/a>\n\t\t\t\t<\/dt><\/dl><dl class='gallery-item'>\n\t\t\t\t<dt class='gallery-icon landscape'>\n\t\t\t\t\t<a class=\"rollover\" href='https:\/\/weltlaeden.de\/weinsberg\/weltladen-musterdorf\/9_dsc0970\/'><img loading=\"lazy\" decoding=\"async\" width=\"150\" height=\"150\" src=\"https:\/\/weltlaeden.de\/weinsberg\/wp-content\/uploads\/sites\/139\/2021\/05\/9_DSC0970-150x150.jpg\" class=\"attachment-thumbnail size-thumbnail\" alt=\"\" \/><\/a>\n\t\t\t\t<\/dt><\/dl><dl class='gallery-item'>\n\t\t\t\t<dt class='gallery-icon landscape'>\n\t\t\t\t\t<a class=\"rollover\" href='https:\/\/weltlaeden.de\/weinsberg\/produkte\/_dsc3001\/'><img loading=\"lazy\" decoding=\"async\" width=\"150\" height=\"150\" src=\"https:\/\/weltlaeden.de\/weinsberg\/wp-content\/uploads\/sites\/139\/2021\/05\/DSC3001-150x150.jpg\" class=\"attachment-thumbnail size-thumbnail\" alt=\"\" \/><\/a>\n\t\t\t\t<\/dt><\/dl><br style=\"clear: both\" \/><dl class='gallery-item'>\n\t\t\t\t<dt class='gallery-icon landscape'>\n\t\t\t\t\t<a class=\"rollover\" href='https:\/\/weltlaeden.de\/weinsberg\/produkte\/_dsc0926\/'><img loading=\"lazy\" decoding=\"async\" width=\"150\" height=\"150\" src=\"https:\/\/weltlaeden.de\/weinsberg\/wp-content\/uploads\/sites\/139\/2020\/11\/DSC0926-150x150.jpg\" class=\"attachment-thumbnail size-thumbnail\" alt=\"\" \/><\/a>\n\t\t\t\t<\/dt><\/dl><dl class='gallery-item'>\n\t\t\t\t<dt class='gallery-icon portrait'>\n\t\t\t\t\t<a class=\"rollover\" href='https:\/\/weltlaeden.de\/weinsberg\/produkte\/attachment\/9\/'><img loading=\"lazy\" decoding=\"async\" width=\"150\" height=\"150\" src=\"https:\/\/weltlaeden.de\/weinsberg\/wp-content\/uploads\/sites\/139\/2020\/11\/9-150x150.jpg\" class=\"attachment-thumbnail size-thumbnail\" alt=\"\" \/><\/a>\n\t\t\t\t<\/dt><\/dl><dl class='gallery-item'>\n\t\t\t\t<dt class='gallery-icon landscape'>\n\t\t\t\t\t<a class=\"rollover\" href='https:\/\/weltlaeden.de\/weinsberg\/produkte\/_dsc0140\/'><img loading=\"lazy\" decoding=\"async\" width=\"150\" height=\"150\" src=\"https:\/\/weltlaeden.de\/weinsberg\/wp-content\/uploads\/sites\/139\/2020\/11\/DSC0140-150x150.jpg\" class=\"attachment-thumbnail size-thumbnail\" alt=\"\" \/><\/a>\n\t\t\t\t<\/dt><\/dl><br style=\"clear: both\" \/>\n\t\t\t<\/div>\n\n<p><\/p><\/div>[\/vc_column][\/vc_row][vc_row][vc_column el_class=&#8220;Kunsthandwerk &amp; Textilien&#8220;][vc_empty_space][vc_column_text]<\/p>\n<h2>Plastikfrei<\/h2>\n<hr \/>\n<h2><\/h2>\n<p>[\/vc_column_text]<div class=\"wl_einzelbild\"><p><\/p>\n\n\t\t\t<style type='text\/css'>\n\t\t\t\t#gallery-3 {\n\t\t\t\t\tmargin: auto;\n\t\t\t\t}\n\t\t\t\t#gallery-3 .gallery-item {\n\t\t\t\t\tfloat: left;\n\t\t\t\t\tmargin-top: 10px;\n\t\t\t\t\ttext-align: center;\n\t\t\t\t\twidth: 33%;\n\t\t\t\t}\n\t\t\t\t#gallery-3 img {\n\t\t\t\t\tborder: 2px solid #cfcfcf;\n\t\t\t\t}\n\t\t\t\t#gallery-3 .gallery-caption {\n\t\t\t\t\tmargin-left: 0;\n\t\t\t\t}\n\t\t\t\t\/* see gallery_shortcode() in wp-includes\/media.php *\/\n\t\t\t<\/style>\n\t\t<div id='gallery-3' class='dt-gallery-container gallery galleryid-217 gallery-columns-3 gallery-size-thumbnail'><dl class='gallery-item'>\n\t\t\t\t<dt class='gallery-icon portrait'>\n\t\t\t\t\t<a class=\"rollover\" href='https:\/\/weltlaeden.de\/weinsberg\/produkte\/img_20201024_150258\/'><img loading=\"lazy\" decoding=\"async\" width=\"150\" height=\"150\" src=\"https:\/\/weltlaeden.de\/weinsberg\/wp-content\/uploads\/sites\/139\/2021\/06\/IMG_20201024_150258-150x150.jpg\" class=\"attachment-thumbnail size-thumbnail\" alt=\"\" \/><\/a>\n\t\t\t\t<\/dt><\/dl><dl class='gallery-item'>\n\t\t\t\t<dt class='gallery-icon landscape'>\n\t\t\t\t\t<a class=\"rollover\" href='https:\/\/weltlaeden.de\/weinsberg\/weltladen-musterdorf\/10_dsc1722\/'><img loading=\"lazy\" decoding=\"async\" width=\"150\" height=\"150\" src=\"https:\/\/weltlaeden.de\/weinsberg\/wp-content\/uploads\/sites\/139\/2021\/05\/10_DSC1722-150x150.jpg\" class=\"attachment-thumbnail size-thumbnail\" alt=\"\" \/><\/a>\n\t\t\t\t<\/dt><\/dl><dl class='gallery-item'>\n\t\t\t\t<dt class='gallery-icon landscape'>\n\t\t\t\t\t<a class=\"rollover\" href='https:\/\/weltlaeden.de\/weinsberg\/produkte\/img_20200913_181733\/'><img loading=\"lazy\" decoding=\"async\" width=\"150\" height=\"150\" src=\"https:\/\/weltlaeden.de\/weinsberg\/wp-content\/uploads\/sites\/139\/2021\/05\/IMG_20200913_181733-150x150.jpg\" class=\"attachment-thumbnail size-thumbnail\" alt=\"\" \/><\/a>\n\t\t\t\t<\/dt><\/dl><br style=\"clear: both\" \/><dl class='gallery-item'>\n\t\t\t\t<dt class='gallery-icon portrait'>\n\t\t\t\t\t<a class=\"rollover\" href='https:\/\/weltlaeden.de\/weinsberg\/produkte\/_dsc0915\/'><img loading=\"lazy\" decoding=\"async\" width=\"150\" height=\"150\" src=\"https:\/\/weltlaeden.de\/weinsberg\/wp-content\/uploads\/sites\/139\/2020\/11\/DSC0915-150x150.jpg\" class=\"attachment-thumbnail size-thumbnail\" alt=\"\" \/><\/a>\n\t\t\t\t<\/dt><\/dl><dl class='gallery-item'>\n\t\t\t\t<dt class='gallery-icon landscape'>\n\t\t\t\t\t<a class=\"rollover\" href='https:\/\/weltlaeden.de\/weinsberg\/produkte\/attachment\/54\/'><img loading=\"lazy\" decoding=\"async\" width=\"150\" height=\"150\" src=\"https:\/\/weltlaeden.de\/weinsberg\/wp-content\/uploads\/sites\/139\/2021\/05\/54-150x150.jpg\" class=\"attachment-thumbnail size-thumbnail\" alt=\"\" \/><\/a>\n\t\t\t\t<\/dt><\/dl><dl class='gallery-item'>\n\t\t\t\t<dt class='gallery-icon portrait'>\n\t\t\t\t\t<a class=\"rollover\" href='https:\/\/weltlaeden.de\/weinsberg\/produkte\/20210602_145946\/'><img loading=\"lazy\" decoding=\"async\" width=\"150\" height=\"150\" src=\"https:\/\/weltlaeden.de\/weinsberg\/wp-content\/uploads\/sites\/139\/2021\/06\/20210602_145946-150x150.jpg\" class=\"attachment-thumbnail size-thumbnail\" alt=\"\" \/><\/a>\n\t\t\t\t<\/dt><\/dl><br style=\"clear: both\" \/>\n\t\t\t<\/div>\n\n<p><\/p><\/div>[vc_empty_space][\/vc_column][\/vc_row][vc_row][vc_column][vc_column_text]<\/p>\n<p>[\/vc_column_text][\/vc_column][\/vc_row][vc_row][vc_column][\/vc_column][\/vc_row][vc_row][vc_column][vc_column_text]<\/p>\n<p>[\/vc_column_text][\/vc_column][\/vc_row][vc_row][vc_column][\/vc_column][\/vc_row]<\/p>\n<\/div>","protected":false},"excerpt":{"rendered":"<p>[vc_row][vc_column][vc_empty_space][vc_column_text] Unser Sortiment [\/vc_column_text][vc_column_text][\/vc_column_text][vc_empty_space][vc_row_inner][vc_column_inner width=&#8220;1\/2&#8243;][vc_column_text] Lebensmittel [\/vc_column_text][vc_column_text]Unsere Lebensmittel kommen aus vielen verschiedenen L\u00e4ndern und sind von hoher Qualit\u00e4t. Sie finden bei uns Kaffee, Tee, Geb\u00e4ck, Schokolade, Bananen, Marmelade, Honig und noch vieles mehr.\u00a0Alle Produkte sind fair gehandelt und der Gro\u00dfteil stammt aus \u00f6kologischer Produktion.[\/vc_column_text][vc_empty_space][vc_column_text css=&#8220;&#8220;] Bananen [\/vc_column_text][vc_column_text css=&#8220;&#8220;]Immer montags werden die frischen Bananen von Banafair&hellip;<\/p>\n","protected":false},"author":1,"featured_media":502,"parent":0,"menu_order":6,"comment_status":"closed","ping_status":"closed","template":"","meta":{"footnotes":""},"class_list":["post-217","page","type-page","status-publish","has-post-thumbnail","hentry","description-off"],"yoast_head":"<!-- This site is optimized with the Yoast SEO plugin v26.8 - https:\/\/yoast.com\/product\/yoast-seo-wordpress\/ -->\n<title>Produkte - Weltladen Weinsberg<\/title>\n<meta name=\"robots\" content=\"index, follow, max-snippet:-1, max-image-preview:large, max-video-preview:-1\" \/>\n<link rel=\"canonical\" href=\"https:\/\/weltlaeden.de\/weinsberg\/produkte\/\" \/>\n<meta property=\"og:locale\" content=\"de_DE\" \/>\n<meta property=\"og:type\" content=\"article\" \/>\n<meta property=\"og:title\" content=\"Produkte - Weltladen Weinsberg\" \/>\n<meta property=\"og:description\" content=\"[vc_row][vc_column][vc_empty_space][vc_column_text] Unser Sortiment [\/vc_column_text][vc_column_text][\/vc_column_text][vc_empty_space][vc_row_inner][vc_column_inner width=&#8220;1\/2&#8243;][vc_column_text] Lebensmittel [\/vc_column_text][vc_column_text]Unsere Lebensmittel kommen aus vielen verschiedenen L\u00e4ndern und sind von hoher Qualit\u00e4t. Sie finden bei uns Kaffee, Tee, Geb\u00e4ck, Schokolade, Bananen, Marmelade, Honig und noch vieles mehr.\u00a0Alle Produkte sind fair gehandelt und der Gro\u00dfteil stammt aus \u00f6kologischer Produktion.[\/vc_column_text][vc_empty_space][vc_column_text css=&#8220;&#8220;] Bananen [\/vc_column_text][vc_column_text css=&#8220;&#8220;]Immer montags werden die frischen Bananen von Banafair&hellip;\" \/>\n<meta property=\"og:url\" content=\"https:\/\/weltlaeden.de\/weinsberg\/produkte\/\" \/>\n<meta property=\"og:site_name\" content=\"Weltladen Weinsberg\" \/>\n<meta property=\"article:modified_time\" content=\"2025-08-07T07:19:46+00:00\" \/>\n<meta property=\"og:image\" content=\"https:\/\/weltlaeden.de\/weinsberg\/wp-content\/uploads\/sites\/139\/2020\/10\/DSC1026.jpg\" \/>\n\t<meta property=\"og:image:width\" content=\"1920\" \/>\n\t<meta property=\"og:image:height\" content=\"1195\" \/>\n\t<meta property=\"og:image:type\" content=\"image\/jpeg\" \/>\n<meta name=\"twitter:card\" content=\"summary_large_image\" \/>\n<meta name=\"twitter:label1\" content=\"Gesch\u00e4tzte Lesezeit\" \/>\n\t<meta name=\"twitter:data1\" content=\"2\u00a0Minuten\" \/>\n<script type=\"application\/ld+json\" class=\"yoast-schema-graph\">{\"@context\":\"https:\/\/schema.org\",\"@graph\":[{\"@type\":\"WebPage\",\"@id\":\"https:\/\/weltlaeden.de\/weinsberg\/produkte\/\",\"url\":\"https:\/\/weltlaeden.de\/weinsberg\/produkte\/\",\"name\":\"Produkte - Weltladen Weinsberg\",\"isPartOf\":{\"@id\":\"https:\/\/weltlaeden.de\/weinsberg\/#website\"},\"primaryImageOfPage\":{\"@id\":\"https:\/\/weltlaeden.de\/weinsberg\/produkte\/#primaryimage\"},\"image\":{\"@id\":\"https:\/\/weltlaeden.de\/weinsberg\/produkte\/#primaryimage\"},\"thumbnailUrl\":\"https:\/\/weltlaeden.de\/weinsberg\/wp-content\/uploads\/sites\/139\/2020\/10\/DSC1026.jpg\",\"datePublished\":\"2016-10-28T11:34:47+00:00\",\"dateModified\":\"2025-08-07T07:19:46+00:00\",\"breadcrumb\":{\"@id\":\"https:\/\/weltlaeden.de\/weinsberg\/produkte\/#breadcrumb\"},\"inLanguage\":\"de\",\"potentialAction\":[{\"@type\":\"ReadAction\",\"target\":[\"https:\/\/weltlaeden.de\/weinsberg\/produkte\/\"]}]},{\"@type\":\"ImageObject\",\"inLanguage\":\"de\",\"@id\":\"https:\/\/weltlaeden.de\/weinsberg\/produkte\/#primaryimage\",\"url\":\"https:\/\/weltlaeden.de\/weinsberg\/wp-content\/uploads\/sites\/139\/2020\/10\/DSC1026.jpg\",\"contentUrl\":\"https:\/\/weltlaeden.de\/weinsberg\/wp-content\/uploads\/sites\/139\/2020\/10\/DSC1026.jpg\",\"width\":1920,\"height\":1195},{\"@type\":\"BreadcrumbList\",\"@id\":\"https:\/\/weltlaeden.de\/weinsberg\/produkte\/#breadcrumb\",\"itemListElement\":[{\"@type\":\"ListItem\",\"position\":1,\"name\":\"Startseite\",\"item\":\"https:\/\/weltlaeden.de\/weinsberg\/\"},{\"@type\":\"ListItem\",\"position\":2,\"name\":\"Produkte\"}]},{\"@type\":\"WebSite\",\"@id\":\"https:\/\/weltlaeden.de\/weinsberg\/#website\",\"url\":\"https:\/\/weltlaeden.de\/weinsberg\/\",\"name\":\"Weltladen Weinsberg\",\"description\":\"Faire Produkte seit 1992\",\"potentialAction\":[{\"@type\":\"SearchAction\",\"target\":{\"@type\":\"EntryPoint\",\"urlTemplate\":\"https:\/\/weltlaeden.de\/weinsberg\/?s={search_term_string}\"},\"query-input\":{\"@type\":\"PropertyValueSpecification\",\"valueRequired\":true,\"valueName\":\"search_term_string\"}}],\"inLanguage\":\"de\"}]}<\/script>\n<!-- \/ Yoast SEO plugin. -->","yoast_head_json":{"title":"Produkte - Weltladen Weinsberg","robots":{"index":"index","follow":"follow","max-snippet":"max-snippet:-1","max-image-preview":"max-image-preview:large","max-video-preview":"max-video-preview:-1"},"canonical":"https:\/\/weltlaeden.de\/weinsberg\/produkte\/","og_locale":"de_DE","og_type":"article","og_title":"Produkte - Weltladen Weinsberg","og_description":"[vc_row][vc_column][vc_empty_space][vc_column_text] Unser Sortiment [\/vc_column_text][vc_column_text][\/vc_column_text][vc_empty_space][vc_row_inner][vc_column_inner width=&#8220;1\/2&#8243;][vc_column_text] Lebensmittel [\/vc_column_text][vc_column_text]Unsere Lebensmittel kommen aus vielen verschiedenen L\u00e4ndern und sind von hoher Qualit\u00e4t. Sie finden bei uns Kaffee, Tee, Geb\u00e4ck, Schokolade, Bananen, Marmelade, Honig und noch vieles mehr.\u00a0Alle Produkte sind fair gehandelt und der Gro\u00dfteil stammt aus \u00f6kologischer Produktion.[\/vc_column_text][vc_empty_space][vc_column_text css=&#8220;&#8220;] Bananen [\/vc_column_text][vc_column_text css=&#8220;&#8220;]Immer montags werden die frischen Bananen von Banafair&hellip;","og_url":"https:\/\/weltlaeden.de\/weinsberg\/produkte\/","og_site_name":"Weltladen Weinsberg","article_modified_time":"2025-08-07T07:19:46+00:00","og_image":[{"width":1920,"height":1195,"url":"https:\/\/weltlaeden.de\/weinsberg\/wp-content\/uploads\/sites\/139\/2020\/10\/DSC1026.jpg","type":"image\/jpeg"}],"twitter_card":"summary_large_image","twitter_misc":{"Gesch\u00e4tzte Lesezeit":"2\u00a0Minuten"},"schema":{"@context":"https:\/\/schema.org","@graph":[{"@type":"WebPage","@id":"https:\/\/weltlaeden.de\/weinsberg\/produkte\/","url":"https:\/\/weltlaeden.de\/weinsberg\/produkte\/","name":"Produkte - Weltladen Weinsberg","isPartOf":{"@id":"https:\/\/weltlaeden.de\/weinsberg\/#website"},"primaryImageOfPage":{"@id":"https:\/\/weltlaeden.de\/weinsberg\/produkte\/#primaryimage"},"image":{"@id":"https:\/\/weltlaeden.de\/weinsberg\/produkte\/#primaryimage"},"thumbnailUrl":"https:\/\/weltlaeden.de\/weinsberg\/wp-content\/uploads\/sites\/139\/2020\/10\/DSC1026.jpg","datePublished":"2016-10-28T11:34:47+00:00","dateModified":"2025-08-07T07:19:46+00:00","breadcrumb":{"@id":"https:\/\/weltlaeden.de\/weinsberg\/produkte\/#breadcrumb"},"inLanguage":"de","potentialAction":[{"@type":"ReadAction","target":["https:\/\/weltlaeden.de\/weinsberg\/produkte\/"]}]},{"@type":"ImageObject","inLanguage":"de","@id":"https:\/\/weltlaeden.de\/weinsberg\/produkte\/#primaryimage","url":"https:\/\/weltlaeden.de\/weinsberg\/wp-content\/uploads\/sites\/139\/2020\/10\/DSC1026.jpg","contentUrl":"https:\/\/weltlaeden.de\/weinsberg\/wp-content\/uploads\/sites\/139\/2020\/10\/DSC1026.jpg","width":1920,"height":1195},{"@type":"BreadcrumbList","@id":"https:\/\/weltlaeden.de\/weinsberg\/produkte\/#breadcrumb","itemListElement":[{"@type":"ListItem","position":1,"name":"Startseite","item":"https:\/\/weltlaeden.de\/weinsberg\/"},{"@type":"ListItem","position":2,"name":"Produkte"}]},{"@type":"WebSite","@id":"https:\/\/weltlaeden.de\/weinsberg\/#website","url":"https:\/\/weltlaeden.de\/weinsberg\/","name":"Weltladen Weinsberg","description":"Faire Produkte seit 1992","potentialAction":[{"@type":"SearchAction","target":{"@type":"EntryPoint","urlTemplate":"https:\/\/weltlaeden.de\/weinsberg\/?s={search_term_string}"},"query-input":{"@type":"PropertyValueSpecification","valueRequired":true,"valueName":"search_term_string"}}],"inLanguage":"de"}]}},"_links":{"self":[{"href":"https:\/\/weltlaeden.de\/weinsberg\/wp-json\/wp\/v2\/pages\/217","targetHints":{"allow":["GET"]}}],"collection":[{"href":"https:\/\/weltlaeden.de\/weinsberg\/wp-json\/wp\/v2\/pages"}],"about":[{"href":"https:\/\/weltlaeden.de\/weinsberg\/wp-json\/wp\/v2\/types\/page"}],"author":[{"embeddable":true,"href":"https:\/\/weltlaeden.de\/weinsberg\/wp-json\/wp\/v2\/users\/1"}],"replies":[{"embeddable":true,"href":"https:\/\/weltlaeden.de\/weinsberg\/wp-json\/wp\/v2\/comments?post=217"}],"version-history":[{"count":71,"href":"https:\/\/weltlaeden.de\/weinsberg\/wp-json\/wp\/v2\/pages\/217\/revisions"}],"predecessor-version":[{"id":1013,"href":"https:\/\/weltlaeden.de\/weinsberg\/wp-json\/wp\/v2\/pages\/217\/revisions\/1013"}],"wp:featuredmedia":[{"embeddable":true,"href":"https:\/\/weltlaeden.de\/weinsberg\/wp-json\/wp\/v2\/media\/502"}],"wp:attachment":[{"href":"https:\/\/weltlaeden.de\/weinsberg\/wp-json\/wp\/v2\/media?parent=217"}],"curies":[{"name":"wp","href":"https:\/\/api.w.org\/{rel}","templated":true}]}}