{"id":20,"date":"2016-10-14T09:05:21","date_gmt":"2016-10-14T07:05:21","guid":{"rendered":"https:\/\/wl.heimpixel.de\/vorlage\/weltladen-musterdorf\/"},"modified":"2025-08-03T14:27:36","modified_gmt":"2025-08-03T12:27:36","slug":"weltladen-musterdorf","status":"publish","type":"page","link":"https:\/\/weltlaeden.de\/weinsberg\/","title":{"rendered":"Weltladen Weinsberg"},"content":{"rendered":"<div class=\"wpb-content-wrapper\"><p>[vc_row][vc_column][vc_column_text]<\/p>\n<h1 style=\"text-align: left\"><strong>Willkommen im Weltladen Weinsberg<\/strong><\/h1>\n<p>[\/vc_column_text]<div class=\"wl_einzelbild\"><p><img loading=\"lazy\" decoding=\"async\" class=\"alignnone wp-image-465\" src=\"https:\/\/weltlaeden.de\/weinsberg\/wp-content\/uploads\/sites\/139\/2020\/09\/DSC1652-300x209.jpg\" alt=\"\" width=\"614\" height=\"428\" srcset=\"https:\/\/weltlaeden.de\/weinsberg\/wp-content\/uploads\/sites\/139\/2020\/09\/DSC1652-300x209.jpg 300w, https:\/\/weltlaeden.de\/weinsberg\/wp-content\/uploads\/sites\/139\/2020\/09\/DSC1652-768x535.jpg 768w, https:\/\/weltlaeden.de\/weinsberg\/wp-content\/uploads\/sites\/139\/2020\/09\/DSC1652-1024x713.jpg 1024w, https:\/\/weltlaeden.de\/weinsberg\/wp-content\/uploads\/sites\/139\/2020\/09\/DSC1652.jpg 1920w\" sizes=\"auto, (max-width: 614px) 100vw, 614px\" \/><\/p><\/div>[vc_empty_space][\/vc_column][\/vc_row][vc_row][vc_column][vc_empty_space height=&#8220;30px&#8220;][vc_column_text]Zentral in der Fairtradestadt Weinsberg, gegen\u00fcber der Baukelter (Musikschule) gibt es unseren Weltladen schon seit 1992. Auf der Suche nach einem Geschenk finden Sie in unserem vielf\u00e4ltigen Sortiment immer etwas Passendes, sei es Schmuck, Taschen oder Dinge f\u00fcr den Haushalt, Spielwaren&#8230;. oder Sie packen einen Geschenkkorb mit fairen Leckereien. Zu unserem Laden geh\u00f6rt ein kleines Caf\u00e9, in dem Sie unsere Kaffee- und Teespezialit\u00e4ten genie\u00dfen k\u00f6nnen. Unser Fachgesch\u00e4ft f\u00fcr Fairen Handel wird rein ehrenamtlich betrieben. Wir freuen uns auf Ihren Besuch.[\/vc_column_text]<div class=\"wl_einzelbild\"><p><\/p>\n\n\t\t\t<style type='text\/css'>\n\t\t\t\t#gallery-1 {\n\t\t\t\t\tmargin: auto;\n\t\t\t\t}\n\t\t\t\t#gallery-1 .gallery-item {\n\t\t\t\t\tfloat: left;\n\t\t\t\t\tmargin-top: 10px;\n\t\t\t\t\ttext-align: center;\n\t\t\t\t\twidth: 11%;\n\t\t\t\t}\n\t\t\t\t#gallery-1 img {\n\t\t\t\t\tborder: 2px solid #cfcfcf;\n\t\t\t\t}\n\t\t\t\t#gallery-1 .gallery-caption {\n\t\t\t\t\tmargin-left: 0;\n\t\t\t\t}\n\t\t\t\t\/* see gallery_shortcode() in wp-includes\/media.php *\/\n\t\t\t<\/style>\n\t\t<div id='gallery-1' class='dt-gallery-container gallery galleryid-20 gallery-columns-9 gallery-size-thumbnail'><dl class='gallery-item'>\n\t\t\t\t<dt class='gallery-icon landscape'>\n\t\t\t\t\t<a class=\"rollover\" href='https:\/\/weltlaeden.de\/weinsberg\/neuigkeiten\/20210423_142123\/'><img loading=\"lazy\" decoding=\"async\" width=\"150\" height=\"150\" src=\"https:\/\/weltlaeden.de\/weinsberg\/wp-content\/uploads\/sites\/139\/2021\/05\/20210423_142123-150x150.jpg\" class=\"attachment-thumbnail size-thumbnail\" alt=\"\" \/><\/a>\n\t\t\t\t<\/dt><\/dl><dl class='gallery-item'>\n\t\t\t\t<dt class='gallery-icon landscape'>\n\t\t\t\t\t<a class=\"rollover\" href='https:\/\/weltlaeden.de\/weinsberg\/weltladen-weinsberg\/olympus-digital-camera\/'><img loading=\"lazy\" decoding=\"async\" width=\"150\" height=\"150\" src=\"https:\/\/weltlaeden.de\/weinsberg\/wp-content\/uploads\/sites\/139\/2021\/05\/3-150x150.jpg\" class=\"attachment-thumbnail size-thumbnail\" alt=\"\" \/><\/a>\n\t\t\t\t<\/dt><\/dl><dl class='gallery-item'>\n\t\t\t\t<dt class='gallery-icon landscape'>\n\t\t\t\t\t<a class=\"rollover\" href='https:\/\/weltlaeden.de\/weinsberg\/weltladen-musterdorf\/_dsc0580\/'><img loading=\"lazy\" decoding=\"async\" width=\"150\" height=\"150\" src=\"https:\/\/weltlaeden.de\/weinsberg\/wp-content\/uploads\/sites\/139\/2021\/05\/DSC0580-150x150.jpg\" class=\"attachment-thumbnail size-thumbnail\" alt=\"\" \/><\/a>\n\t\t\t\t<\/dt><\/dl><dl class='gallery-item'>\n\t\t\t\t<dt class='gallery-icon portrait'>\n\t\t\t\t\t<a class=\"rollover\" href='https:\/\/weltlaeden.de\/weinsberg\/weltladen-musterdorf\/20210118_105319\/'><img loading=\"lazy\" decoding=\"async\" width=\"150\" height=\"150\" src=\"https:\/\/weltlaeden.de\/weinsberg\/wp-content\/uploads\/sites\/139\/2021\/05\/20210118_105319-150x150.jpg\" class=\"attachment-thumbnail size-thumbnail\" alt=\"\" \/><\/a>\n\t\t\t\t<\/dt><\/dl><dl class='gallery-item'>\n\t\t\t\t<dt class='gallery-icon landscape'>\n\t\t\t\t\t<a class=\"rollover\" href='https:\/\/weltlaeden.de\/weinsberg\/produkte\/_dsc0993\/'><img loading=\"lazy\" decoding=\"async\" width=\"150\" height=\"150\" src=\"https:\/\/weltlaeden.de\/weinsberg\/wp-content\/uploads\/sites\/139\/2021\/05\/DSC0993-150x150.jpg\" class=\"attachment-thumbnail size-thumbnail\" alt=\"\" \/><\/a>\n\t\t\t\t<\/dt><\/dl><dl class='gallery-item'>\n\t\t\t\t<dt class='gallery-icon landscape'>\n\t\t\t\t\t<a class=\"rollover\" href='https:\/\/weltlaeden.de\/weinsberg\/weltladen-musterdorf\/_dsc2440-2\/'><img loading=\"lazy\" decoding=\"async\" width=\"150\" height=\"150\" src=\"https:\/\/weltlaeden.de\/weinsberg\/wp-content\/uploads\/sites\/139\/2021\/05\/DSC2440-1-150x150.jpg\" class=\"attachment-thumbnail size-thumbnail\" alt=\"\" \/><\/a>\n\t\t\t\t<\/dt><\/dl><dl class='gallery-item'>\n\t\t\t\t<dt class='gallery-icon portrait'>\n\t\t\t\t\t<a class=\"rollover\" href='https:\/\/weltlaeden.de\/weinsberg\/produkte\/20210119_194121\/'><img loading=\"lazy\" decoding=\"async\" width=\"150\" height=\"150\" src=\"https:\/\/weltlaeden.de\/weinsberg\/wp-content\/uploads\/sites\/139\/2021\/05\/20210119_194121-150x150.jpg\" class=\"attachment-thumbnail size-thumbnail\" alt=\"\" \/><\/a>\n\t\t\t\t<\/dt><\/dl><dl class='gallery-item'>\n\t\t\t\t<dt class='gallery-icon portrait'>\n\t\t\t\t\t<a class=\"rollover\" href='https:\/\/weltlaeden.de\/weinsberg\/produkte\/_dsc0959\/'><img loading=\"lazy\" decoding=\"async\" width=\"150\" height=\"150\" src=\"https:\/\/weltlaeden.de\/weinsberg\/wp-content\/uploads\/sites\/139\/2021\/05\/DSC0959-150x150.jpg\" class=\"attachment-thumbnail size-thumbnail\" alt=\"\" \/><\/a>\n\t\t\t\t<\/dt><\/dl><dl class='gallery-item'>\n\t\t\t\t<dt class='gallery-icon landscape'>\n\t\t\t\t\t<a class=\"rollover\" href='https:\/\/weltlaeden.de\/weinsberg\/produkte\/_dsc1547-2\/'><img loading=\"lazy\" decoding=\"async\" width=\"150\" height=\"150\" src=\"https:\/\/weltlaeden.de\/weinsberg\/wp-content\/uploads\/sites\/139\/2021\/05\/DSC1547-150x150.jpg\" class=\"attachment-thumbnail size-thumbnail\" alt=\"\" \/><\/a>\n\t\t\t\t<\/dt><\/dl><br style=\"clear: both\" \/>\n\t\t\t<\/div>\n\n<p><\/p><\/div>[vc_empty_space height=&#8220;30px&#8220;][vc_empty_space height=&#8220;30px&#8220;][vc_empty_space height=&#8220;30px&#8220;][vc_column_text css=&#8220;&#8220;]<\/p>\n<h2 style=\"text-align: center\"><strong>ge\u00e4nderte \u00d6ffnungszeiten in den Sommerferien 2025<br \/>\n<\/strong><\/h2>\n<h2><\/h2>\n<h2 style=\"text-align: center\">vom 4. August &#8211; 6. September haben wir<\/h2>\n<h2 style=\"text-align: center\">nur vormittags ge\u00f6ffnet<\/h2>\n<p style=\"text-align: center\">Mo &#8211; Fr 9.00 &#8211; 12.30 Uhr \/ Sa 9.00 &#8211; 13.00 Uhr<\/p>\n<p>&nbsp;<\/p>\n<p>&nbsp;<\/p>\n<p>[\/vc_column_text][vc_empty_space height=&#8220;30px&#8220;][vc_empty_space height=&#8220;30px&#8220;][\/vc_column][\/vc_row][vc_row][vc_column][vc_column_text]<\/p>\n<hr \/>\n<h2 style=\"text-align: left\"><b>weltFAIRbesserer in Weinsberg gesucht<\/b><\/h2>\n<hr \/>\n<p>&nbsp;<\/p>\n<p>&nbsp;<\/p>\n<p><img loading=\"lazy\" decoding=\"async\" class=\"size-medium wp-image-913 alignleft\" src=\"https:\/\/weltlaeden.de\/weinsberg\/wp-content\/uploads\/sites\/139\/2022\/03\/DSC_1622-200x300.jpg\" alt=\"\" width=\"200\" height=\"300\" srcset=\"https:\/\/weltlaeden.de\/weinsberg\/wp-content\/uploads\/sites\/139\/2022\/03\/DSC_1622-200x300.jpg 200w, https:\/\/weltlaeden.de\/weinsberg\/wp-content\/uploads\/sites\/139\/2022\/03\/DSC_1622-683x1024.jpg 683w, https:\/\/weltlaeden.de\/weinsberg\/wp-content\/uploads\/sites\/139\/2022\/03\/DSC_1622-768x1152.jpg 768w, https:\/\/weltlaeden.de\/weinsberg\/wp-content\/uploads\/sites\/139\/2022\/03\/DSC_1622-1024x1536.jpg 1024w, https:\/\/weltlaeden.de\/weinsberg\/wp-content\/uploads\/sites\/139\/2022\/03\/DSC_1622-1365x2048.jpg 1365w, https:\/\/weltlaeden.de\/weinsberg\/wp-content\/uploads\/sites\/139\/2022\/03\/DSC_1622-scaled.jpg 1280w\" sizes=\"auto, (max-width: 200px) 100vw, 200px\" \/><\/p>\n<p>Willst du gemeinsam mit Gleichgesinnten ehrenamtlich<\/p>\n<ul>\n<li>gerechtere Lebens- und Arbeitsbedingungen weltweit mitzugestalten?<\/li>\n<\/ul>\n<ul>\n<li>zu internationaler Solidarit\u00e4t, V\u00f6lkerverst\u00e4ndigung und globaler Gerechtigkeit ganz praktisch beizutragen?<\/li>\n<li>ferne L\u00e4nder und andere Lebenswelten kennenzulernen?<\/li>\n<li>f\u00fcr Nachhaltifgkeit und Klimaschutz eintreten?<\/li>\n<\/ul>\n<p>Dann w\u00e4re die Mitarbeit im Weltladen Weinsberg eine gute M\u00f6glichkeit, \u2013 gerade mit Deinen Talenten.<\/p>\n<p>Zum Beispiel Verantwortung im Ladendienst \u00fcbernehmen, etwa einmal die Woche oder alle 14 Tage am Vormittag oder Nachmittag. Vor allem beim Verkauf und bei der Beratung von Kund*innen brauchen wir dringend Verst\u00e4rkung.<\/p>\n<p>Oder du bringst dich in die Informations- und Bildungspolitik und die politische Kampagnenarbeit der Weltladen-Bewegung ein.<\/p>\n<p>Nicht nur \u00fcber Missst\u00e4nde reden, sondern sich f\u00fcr eine andere, gerechtere Welt \u201ebewegen\u201c. Sprich uns an oder schreib uns eine Mail. Vielleicht k\u00f6nnen wir gemeinsame Sache machen \u2013 entweder durch regelm\u00e4\u00dfige Mitarbeit oder eher punktuell bzw. projektbezogen. <a href=\"https:\/\/weltlaeden.de\/weinsberg\/wp-content\/uploads\/sites\/139\/2022\/02\/Weltladen-Poster.pdf\">Weltladen Poster<\/a><\/p>\n<hr \/>\n<p>[\/vc_column_text][vc_empty_space height=&#8220;30px&#8220;][vc_column_text]<\/p>\n<h2>Was Sie auf dieser Website finden:<\/h2>\n<p>[\/vc_column_text][vc_empty_space height=&#8220;20px&#8220;][vc_column_text css=&#8220;&#8220;]<\/p>\n<h2>Produkt des Monats<\/h2>\n<p>Im Jubil\u00e4umsjahr 2022 (30 Jahre am Standort Seufferhelstra\u00dfe) haben wir jeden Monat eine Produktlinie als \u201eProdukt des Monats\u201c vorgestellt. Diese Produkte findest du weiterhin in unserem Sortiment.<\/p>\n<p>[\/vc_column_text][vc_column_text css=&#8220;&#8220;][\/vc_column_text]<a href=\"https:\/\/weltlaeden.de\/weinsberg\/neuigkeiten\" class=\"btn-shortcode dt-btn-s dt-btn default-btn-color default-btn-hover-color default-btn-bg-color default-btn-bg-hover-color\" target=\"_blank\" id=\"dt-btn-1\" rel=\"noopener\"><span>Weiter Info<\/span><\/a>[vc_empty_space height=&#8220;30px&#8220;]<a href=\"#\" class=\"btn-shortcode dt-btn-s dt-btn default-btn-color default-btn-hover-color default-btn-bg-color default-btn-bg-hover-color\" id=\"dt-btn-2\"><span><\/span><\/a>[vc_row_inner][vc_column_inner width=&#8220;1\/4&#8243;]<div class=\"wl_einzelbild\"><p><img loading=\"lazy\" decoding=\"async\" class=\"alignleft size-thumbnail wp-image-nsm-3-15\" src=\"https:\/\/weltlaeden.de\/vorlage\/wp-content\/uploads\/sites\/3\/2016\/11\/FairerHandel_ElPuente_Fingerpuppen_EccoExe_Peru-150x150.jpg\" alt=\"\" width=\"150\" height=\"150\" \/><\/p><\/div>[\/vc_column_inner][vc_column_inner width=&#8220;3\/4&#8243;][vc_column_text]<\/p>\n<h3>Fairer Handel<\/h3>\n<p>Was meint Fairer Handel \u00fcberhaupt? Welche Kriterien m\u00fcssen eingehalten werden und wer \u00fcberpr\u00fcft diese? <a href=\"https:\/\/weltlaeden.de\/weinsberg\/fairer-handel\/\">Erfahren Sie mehr &#8230;<\/a>[\/vc_column_text][\/vc_column_inner][\/vc_row_inner][vc_separator][vc_row_inner][vc_column_inner width=&#8220;1\/4&#8243;]<div class=\"wl_einzelbild\"><p><img loading=\"lazy\" decoding=\"async\" class=\"alignnone size-medium wp-image-464\" src=\"https:\/\/weltlaeden.de\/weinsberg\/wp-content\/uploads\/sites\/139\/2020\/09\/DSC1657-300x172.jpg\" alt=\"\" width=\"300\" height=\"172\" srcset=\"https:\/\/weltlaeden.de\/weinsberg\/wp-content\/uploads\/sites\/139\/2020\/09\/DSC1657-300x172.jpg 300w, https:\/\/weltlaeden.de\/weinsberg\/wp-content\/uploads\/sites\/139\/2020\/09\/DSC1657-768x441.jpg 768w, https:\/\/weltlaeden.de\/weinsberg\/wp-content\/uploads\/sites\/139\/2020\/09\/DSC1657-1024x588.jpg 1024w, https:\/\/weltlaeden.de\/weinsberg\/wp-content\/uploads\/sites\/139\/2020\/09\/DSC1657.jpg 1920w\" sizes=\"auto, (max-width: 300px) 100vw, 300px\" \/><\/p><\/div>[\/vc_column_inner][vc_column_inner width=&#8220;3\/4&#8243;][vc_column_text]<\/p>\n<h3>Produkte<\/h3>\n<p>Unsere Produkte im Weltladen sind nat\u00fcrlich alle aus Fairem Handel, dennoch kommen sie von unterschiedlichen Fair-Handels-Importeuren. <a href=\"https:\/\/weltlaeden.de\/weinsberg\/produkte\/\">Hier zeigen wir Ihnen unser Sortiment &#8230;<\/a>[\/vc_column_text][\/vc_column_inner][\/vc_row_inner][vc_separator][vc_row_inner][vc_column_inner width=&#8220;1\/4&#8243;]<div class=\"wl_einzelbild\"><p><img loading=\"lazy\" decoding=\"async\" class=\"size-thumbnail wp-image-448 alignleft\" src=\"https:\/\/weltlaeden.de\/weinsberg\/wp-content\/uploads\/sites\/139\/2019\/04\/board-game-challenge-chess-209728_1200x519-150x150.png\" alt=\"\" width=\"150\" height=\"150\" \/><\/p><\/div>[\/vc_column_inner][vc_column_inner width=&#8220;3\/4&#8243;][vc_column_text]<\/p>\n<h3>\u00dcber uns<\/h3>\n<p>Wer wir sind, warum wir uns f\u00fcr Fairen Handel engagieren und wie man bei uns mitmachen kann &#8211; <a href=\"https:\/\/weltlaeden.de\/weinsberg\/weltladen-weinsberg\/\">hier stellen wir uns vor &#8230;<\/a>[\/vc_column_text][\/vc_column_inner][\/vc_row_inner][vc_separator][vc_row_inner][vc_column_inner width=&#8220;1\/4&#8243;]<div class=\"wl_einzelbild\"><p><img loading=\"lazy\" decoding=\"async\" class=\"alignleft size-full wp-image-nsm-3-35\" src=\"https:\/\/weltlaeden.de\/vorlage\/wp-content\/uploads\/sites\/3\/2018\/08\/pocket-watch-1637396_1920_150x150.png\" alt=\"\" width=\"150\" height=\"150\" \/><\/p><\/div>[\/vc_column_inner][vc_column_inner width=&#8220;3\/4&#8243;][vc_column_text]<\/p>\n<h3>Termine<\/h3>\n<p>Bei uns ist immer etwas los! Wir treffen uns regelm\u00e4\u00dfig zu Teamsitzungen und Fortbildungen, organisieren aber auch immer mal wieder eine Veranstaltung zum Fairen Handel und verwandten Themen. <a href=\"https:\/\/weltlaeden.de\/weinsberg\/termine\/\">Hier erfahren Sie was bei uns los ist \u2026<\/a>[\/vc_column_text][\/vc_column_inner][\/vc_row_inner][vc_separator][vc_empty_space][vc_empty_space height=&#8220;20px&#8220;][\/vc_column][\/vc_row][vc_row][vc_column][\/vc_column][\/vc_row][vc_row][vc_column][\/vc_column][\/vc_row][vc_row][vc_column][\/vc_column][\/vc_row]<\/p>\n<\/div>","protected":false},"excerpt":{"rendered":"<p>[vc_row][vc_column][vc_column_text] Willkommen im Weltladen Weinsberg [\/vc_column_text][vc_empty_space][\/vc_column][\/vc_row][vc_row][vc_column][vc_empty_space height=&#8220;30px&#8220;][vc_column_text]Zentral in der Fairtradestadt Weinsberg, gegen\u00fcber der Baukelter (Musikschule) gibt es unseren Weltladen schon seit 1992. Auf der Suche nach einem Geschenk finden Sie in unserem vielf\u00e4ltigen Sortiment immer etwas Passendes, sei es Schmuck, Taschen oder Dinge f\u00fcr den Haushalt, Spielwaren&#8230;. oder Sie packen einen Geschenkkorb mit fairen Leckereien.&hellip;<\/p>\n","protected":false},"author":1,"featured_media":0,"parent":0,"menu_order":0,"comment_status":"closed","ping_status":"closed","template":"","meta":{"footnotes":""},"class_list":["post-20","page","type-page","status-publish","hentry","description-off"],"yoast_head":"<!-- This site is optimized with the Yoast SEO plugin v26.8 - https:\/\/yoast.com\/product\/yoast-seo-wordpress\/ -->\n<title>Weltladen Weinsberg - Weltladen Weinsberg<\/title>\n<meta name=\"robots\" content=\"index, follow, max-snippet:-1, max-image-preview:large, max-video-preview:-1\" \/>\n<link rel=\"canonical\" href=\"https:\/\/weltlaeden.de\/weinsberg\/\" \/>\n<meta property=\"og:locale\" content=\"de_DE\" \/>\n<meta property=\"og:type\" content=\"article\" \/>\n<meta property=\"og:title\" content=\"Weltladen Weinsberg - Weltladen Weinsberg\" \/>\n<meta property=\"og:description\" content=\"[vc_row][vc_column][vc_column_text] Willkommen im Weltladen Weinsberg [\/vc_column_text][vc_empty_space][\/vc_column][\/vc_row][vc_row][vc_column][vc_empty_space height=&#8220;30px&#8220;][vc_column_text]Zentral in der Fairtradestadt Weinsberg, gegen\u00fcber der Baukelter (Musikschule) gibt es unseren Weltladen schon seit 1992. Auf der Suche nach einem Geschenk finden Sie in unserem vielf\u00e4ltigen Sortiment immer etwas Passendes, sei es Schmuck, Taschen oder Dinge f\u00fcr den Haushalt, Spielwaren&#8230;. oder Sie packen einen Geschenkkorb mit fairen Leckereien.&hellip;\" \/>\n<meta property=\"og:url\" content=\"https:\/\/weltlaeden.de\/weinsberg\/\" \/>\n<meta property=\"og:site_name\" content=\"Weltladen Weinsberg\" \/>\n<meta property=\"article:modified_time\" content=\"2025-08-03T12:27:36+00:00\" \/>\n<meta property=\"og:image\" content=\"https:\/\/weltlaeden.de\/weinsberg\/wp-content\/uploads\/sites\/139\/2020\/09\/DSC1652.jpg\" \/>\n\t<meta property=\"og:image:width\" content=\"1920\" \/>\n\t<meta property=\"og:image:height\" content=\"1337\" \/>\n\t<meta property=\"og:image:type\" content=\"image\/jpeg\" \/>\n<meta name=\"twitter:card\" content=\"summary_large_image\" \/>\n<meta name=\"twitter:label1\" content=\"Gesch\u00e4tzte Lesezeit\" \/>\n\t<meta name=\"twitter:data1\" content=\"4\u00a0Minuten\" \/>\n<script type=\"application\/ld+json\" class=\"yoast-schema-graph\">{\"@context\":\"https:\/\/schema.org\",\"@graph\":[{\"@type\":\"WebPage\",\"@id\":\"https:\/\/weltlaeden.de\/weinsberg\/\",\"url\":\"https:\/\/weltlaeden.de\/weinsberg\/\",\"name\":\"Weltladen Weinsberg - Weltladen Weinsberg\",\"isPartOf\":{\"@id\":\"https:\/\/weltlaeden.de\/weinsberg\/#website\"},\"primaryImageOfPage\":{\"@id\":\"https:\/\/weltlaeden.de\/weinsberg\/#primaryimage\"},\"image\":{\"@id\":\"https:\/\/weltlaeden.de\/weinsberg\/#primaryimage\"},\"thumbnailUrl\":\"https:\/\/weltlaeden.de\/weinsberg\/wp-content\/uploads\/sites\/139\/2020\/09\/DSC1652-300x209.jpg\",\"datePublished\":\"2016-10-14T07:05:21+00:00\",\"dateModified\":\"2025-08-03T12:27:36+00:00\",\"breadcrumb\":{\"@id\":\"https:\/\/weltlaeden.de\/weinsberg\/#breadcrumb\"},\"inLanguage\":\"de\",\"potentialAction\":[{\"@type\":\"ReadAction\",\"target\":[\"https:\/\/weltlaeden.de\/weinsberg\/\"]}]},{\"@type\":\"ImageObject\",\"inLanguage\":\"de\",\"@id\":\"https:\/\/weltlaeden.de\/weinsberg\/#primaryimage\",\"url\":\"https:\/\/weltlaeden.de\/weinsberg\/wp-content\/uploads\/sites\/139\/2020\/09\/DSC1652.jpg\",\"contentUrl\":\"https:\/\/weltlaeden.de\/weinsberg\/wp-content\/uploads\/sites\/139\/2020\/09\/DSC1652.jpg\",\"width\":1920,\"height\":1337},{\"@type\":\"BreadcrumbList\",\"@id\":\"https:\/\/weltlaeden.de\/weinsberg\/#breadcrumb\",\"itemListElement\":[{\"@type\":\"ListItem\",\"position\":1,\"name\":\"Startseite\",\"item\":\"https:\/\/weltlaeden.de\/weinsberg\/\"},{\"@type\":\"ListItem\",\"position\":2,\"name\":\"Weltladen Weinsberg\"}]},{\"@type\":\"WebSite\",\"@id\":\"https:\/\/weltlaeden.de\/weinsberg\/#website\",\"url\":\"https:\/\/weltlaeden.de\/weinsberg\/\",\"name\":\"Weltladen Weinsberg\",\"description\":\"Faire Produkte seit 1992\",\"potentialAction\":[{\"@type\":\"SearchAction\",\"target\":{\"@type\":\"EntryPoint\",\"urlTemplate\":\"https:\/\/weltlaeden.de\/weinsberg\/?s={search_term_string}\"},\"query-input\":{\"@type\":\"PropertyValueSpecification\",\"valueRequired\":true,\"valueName\":\"search_term_string\"}}],\"inLanguage\":\"de\"}]}<\/script>\n<!-- \/ Yoast SEO plugin. -->","yoast_head_json":{"title":"Weltladen Weinsberg - Weltladen Weinsberg","robots":{"index":"index","follow":"follow","max-snippet":"max-snippet:-1","max-image-preview":"max-image-preview:large","max-video-preview":"max-video-preview:-1"},"canonical":"https:\/\/weltlaeden.de\/weinsberg\/","og_locale":"de_DE","og_type":"article","og_title":"Weltladen Weinsberg - Weltladen Weinsberg","og_description":"[vc_row][vc_column][vc_column_text] Willkommen im Weltladen Weinsberg [\/vc_column_text][vc_empty_space][\/vc_column][\/vc_row][vc_row][vc_column][vc_empty_space height=&#8220;30px&#8220;][vc_column_text]Zentral in der Fairtradestadt Weinsberg, gegen\u00fcber der Baukelter (Musikschule) gibt es unseren Weltladen schon seit 1992. Auf der Suche nach einem Geschenk finden Sie in unserem vielf\u00e4ltigen Sortiment immer etwas Passendes, sei es Schmuck, Taschen oder Dinge f\u00fcr den Haushalt, Spielwaren&#8230;. oder Sie packen einen Geschenkkorb mit fairen Leckereien.&hellip;","og_url":"https:\/\/weltlaeden.de\/weinsberg\/","og_site_name":"Weltladen Weinsberg","article_modified_time":"2025-08-03T12:27:36+00:00","og_image":[{"width":1920,"height":1337,"url":"https:\/\/weltlaeden.de\/weinsberg\/wp-content\/uploads\/sites\/139\/2020\/09\/DSC1652.jpg","type":"image\/jpeg"}],"twitter_card":"summary_large_image","twitter_misc":{"Gesch\u00e4tzte Lesezeit":"4\u00a0Minuten"},"schema":{"@context":"https:\/\/schema.org","@graph":[{"@type":"WebPage","@id":"https:\/\/weltlaeden.de\/weinsberg\/","url":"https:\/\/weltlaeden.de\/weinsberg\/","name":"Weltladen Weinsberg - Weltladen Weinsberg","isPartOf":{"@id":"https:\/\/weltlaeden.de\/weinsberg\/#website"},"primaryImageOfPage":{"@id":"https:\/\/weltlaeden.de\/weinsberg\/#primaryimage"},"image":{"@id":"https:\/\/weltlaeden.de\/weinsberg\/#primaryimage"},"thumbnailUrl":"https:\/\/weltlaeden.de\/weinsberg\/wp-content\/uploads\/sites\/139\/2020\/09\/DSC1652-300x209.jpg","datePublished":"2016-10-14T07:05:21+00:00","dateModified":"2025-08-03T12:27:36+00:00","breadcrumb":{"@id":"https:\/\/weltlaeden.de\/weinsberg\/#breadcrumb"},"inLanguage":"de","potentialAction":[{"@type":"ReadAction","target":["https:\/\/weltlaeden.de\/weinsberg\/"]}]},{"@type":"ImageObject","inLanguage":"de","@id":"https:\/\/weltlaeden.de\/weinsberg\/#primaryimage","url":"https:\/\/weltlaeden.de\/weinsberg\/wp-content\/uploads\/sites\/139\/2020\/09\/DSC1652.jpg","contentUrl":"https:\/\/weltlaeden.de\/weinsberg\/wp-content\/uploads\/sites\/139\/2020\/09\/DSC1652.jpg","width":1920,"height":1337},{"@type":"BreadcrumbList","@id":"https:\/\/weltlaeden.de\/weinsberg\/#breadcrumb","itemListElement":[{"@type":"ListItem","position":1,"name":"Startseite","item":"https:\/\/weltlaeden.de\/weinsberg\/"},{"@type":"ListItem","position":2,"name":"Weltladen Weinsberg"}]},{"@type":"WebSite","@id":"https:\/\/weltlaeden.de\/weinsberg\/#website","url":"https:\/\/weltlaeden.de\/weinsberg\/","name":"Weltladen Weinsberg","description":"Faire Produkte seit 1992","potentialAction":[{"@type":"SearchAction","target":{"@type":"EntryPoint","urlTemplate":"https:\/\/weltlaeden.de\/weinsberg\/?s={search_term_string}"},"query-input":{"@type":"PropertyValueSpecification","valueRequired":true,"valueName":"search_term_string"}}],"inLanguage":"de"}]}},"_links":{"self":[{"href":"https:\/\/weltlaeden.de\/weinsberg\/wp-json\/wp\/v2\/pages\/20","targetHints":{"allow":["GET"]}}],"collection":[{"href":"https:\/\/weltlaeden.de\/weinsberg\/wp-json\/wp\/v2\/pages"}],"about":[{"href":"https:\/\/weltlaeden.de\/weinsberg\/wp-json\/wp\/v2\/types\/page"}],"author":[{"embeddable":true,"href":"https:\/\/weltlaeden.de\/weinsberg\/wp-json\/wp\/v2\/users\/1"}],"replies":[{"embeddable":true,"href":"https:\/\/weltlaeden.de\/weinsberg\/wp-json\/wp\/v2\/comments?post=20"}],"version-history":[{"count":86,"href":"https:\/\/weltlaeden.de\/weinsberg\/wp-json\/wp\/v2\/pages\/20\/revisions"}],"predecessor-version":[{"id":1006,"href":"https:\/\/weltlaeden.de\/weinsberg\/wp-json\/wp\/v2\/pages\/20\/revisions\/1006"}],"wp:attachment":[{"href":"https:\/\/weltlaeden.de\/weinsberg\/wp-json\/wp\/v2\/media?parent=20"}],"curies":[{"name":"wp","href":"https:\/\/api.w.org\/{rel}","templated":true}]}}