{"id":219,"date":"2016-10-28T13:34:47","date_gmt":"2016-10-28T11:34:47","guid":{"rendered":"https:\/\/wl.heimpixel.de\/vorlage\/ueber-uns\/"},"modified":"2025-04-01T21:15:10","modified_gmt":"2025-04-01T19:15:10","slug":"ueber-uns","status":"publish","type":"page","link":"https:\/\/weltlaeden.de\/wehrheim\/ueber-uns\/","title":{"rendered":"\u00dcber uns"},"content":{"rendered":"<div class=\"wpb-content-wrapper\"><p>[vc_row][vc_column]<div class=\"wl_einzelbild\"><p><img loading=\"lazy\" decoding=\"async\" class=\"alignnone size-medium wp-image-1032\" src=\"https:\/\/weltlaeden.de\/wehrheim\/wp-content\/uploads\/sites\/184\/2025\/04\/1000041598-300x157.jpg\" alt=\"\" width=\"300\" height=\"157\" srcset=\"https:\/\/weltlaeden.de\/wehrheim\/wp-content\/uploads\/sites\/184\/2025\/04\/1000041598-300x157.jpg 300w, https:\/\/weltlaeden.de\/wehrheim\/wp-content\/uploads\/sites\/184\/2025\/04\/1000041598-1024x537.jpg 1024w, https:\/\/weltlaeden.de\/wehrheim\/wp-content\/uploads\/sites\/184\/2025\/04\/1000041598-768x403.jpg 768w, https:\/\/weltlaeden.de\/wehrheim\/wp-content\/uploads\/sites\/184\/2025\/04\/1000041598-1536x805.jpg 1536w, https:\/\/weltlaeden.de\/wehrheim\/wp-content\/uploads\/sites\/184\/2025\/04\/1000041598.jpg 1868w\" sizes=\"auto, (max-width: 300px) 100vw, 300px\" \/><\/p><\/div>[vc_empty_space][vc_column_text]<\/p>\n<h1>\u00dcber den Weltladen Wehrheim<\/h1>\n<p>[\/vc_column_text][vc_column_text]<\/p>\n<p align=\"JUSTIFY\"><span style=\"font-family: Times New Roman, serif\"><span style=\"font-size: medium\"><b>Wie in Wehrheim alles begann:<\/b><\/span><\/span><\/p>\n<p align=\"JUSTIFY\"><span style=\"font-family: Times New Roman, serif\"><span style=\"font-size: medium\">Ulrich Tauber, von 1968 bis 2000 evangelischer Pfarrer, und Gisela Tauber, die von ihrer Schwester in Frankfurt den Fairen Handel kannte, waren die Pioniere des in Wehrheim. Ihr Credo war es, die Weltl\u00e4den mit ihrem Nischendasein \u00fcberfl\u00fcssig zu machen, will hei\u00dfen: Fairer Handel wird zur Ma\u00dfgabe f\u00fcr alle Unternehmen. Dass das ist bis heute nicht gelungen ist, bedauern beide. Noch immer bestimmen gro\u00dfe Handelsketten die Preise, mit denen kleine Produktionsgemeinschaften nicht mithalten k\u00f6nnen. <\/span><\/span><\/p>\n<p align=\"JUSTIFY\"><span style=\"font-family: Times New Roman, serif\"><span style=\"font-size: medium\">Die Fair-Handels-Bewegung in Wehrheim ist der <a href=\"https:\/\/kirche-wehrheim.de\/\">evangelischen Kirchengemeinde<\/a> angeschlossen, konfessionelle Beschr\u00e4nkungen hat es allerdings nie gegeben. Zu Beginn hie\u00df das Gesch\u00e4ft \u201eDritte-Welt-Laden\u201c, doch davon verabschiedeten sich die Verantwortlichen, um zu verdeutlichen, was Umweltkatastrophen und die Corona-Pandemie gezeigt haben: die Menschen sitzen alle in einem Boot, in einer Welt und sind voneinander abh\u00e4ngig. Neben dem Weltladen Wehrheim gibt es seit 2007 den Verein Eine Welt Wehrheim, der den Laden unterst\u00fctzt und die Erl\u00f6se weiterleitet. Die gehen zum Gro\u00dfteil an die Menschen der <a href=\"https:\/\/www.ceba-kongo.de\/\">Partnerkirche CEBA<\/a> in Lubumbahsi, der zweitgr\u00f6\u00dften Stadt der Demokratischen Republik Kongo. Diese Partnerschaft \u2013 ebenfalls initiiert von Ulrich und Gisela Tauber &#8211; begann etwa zur gleichen Zeit wie der Faire Handel in Wehrheim. Vom Erl\u00f6s wurden in der Vergangenheit aber auch Behinderteneinrichtungen oder das Fl\u00fcchtlingslager auf der Insel Lesbos unterst\u00fctzt.<\/span><\/span><\/p>\n<p align=\"JUSTIFY\"><span style=\"font-family: Times New Roman, serif\"><span style=\"font-size: medium\"><b>Entwicklung<\/b><\/span><\/span><\/p>\n<p align=\"JUSTIFY\"><span style=\"font-family: Times New Roman, serif\"><span style=\"font-size: medium\">Der Weltladen Wehrheim hat sich seit 1975 fortw\u00e4hrend weiterentwickelt, von Verkaufsangeboten nach dem Gottesdienst oder auf M\u00e4rkten, ist er mit seinem Ladenlokal im Parterre des evangelischen Gemeindehauses heute Teil des Wehrheimer Gesch\u00e4ftslebens. Die rund 20 ehrenamtlichen Mitarbeiter \u2013 einige von ihnen sind von Anfang an dabei &#8211; sind mit ganzem Herzen dabei, sie wissen, wof\u00fcr sie sich einsetzen, achten Nachhaltigkeit \u2013 haben Seifenst\u00fccke und festes Shampoo anstelle der fl\u00fcssigen Variante im Angebot, verkaufen Bananen aus kleinen Initiativen im w\u00f6chentlichen Abonnement und Gartendekoration aus Altmetall. <\/span><\/span><\/p>\n<p align=\"JUSTIFY\"><span style=\"font-family: Times New Roman, serif\"><span style=\"font-size: medium\"><b>Nachhaltiger Wald<\/b><\/span><\/span><\/p>\n<p align=\"JUSTIFY\"><span style=\"font-family: Times New Roman, serif\"><span style=\"font-size: medium\">Haben die Wehrheimer bereits tausende Baumsch\u00f6sslinge in ihrem Wald gepflanzt, so hat der Weltladen Armb\u00e4nder des Eden-Projekts im Angebot, deren Kauf die Pflanzung von B\u00e4umen auf Rodungsfl\u00e4chen in Afrika und Lateinamerika unterst\u00fctzt. <\/span><\/span><\/p>\n<p align=\"JUSTIFY\"><span style=\"font-family: Times New Roman, serif\"><span style=\"font-size: medium\"><b>Die Kommunalpolitik ist gefragt<\/b><\/span><\/span><\/p>\n<p align=\"JUSTIFY\"><span style=\"font-family: Times New Roman, serif\"><span style=\"font-size: medium\">Die Politik kann viel zu einer fairen Welt beitragen. Und zwar nicht nur die in Berlin, die endlich das Lieferkettengesetz verabschiedete. Beim k\u00fcrzlichen Weltladentag in Wehrheim unter dem Thema \u201eTapetenwechsel \u2013 Ver\u00e4nderungen m\u00fcssen her\u201c haben Kunden Politiker aufgefordert, ihre Entscheidungen im Sinne einer gerechten Welt, f\u00fcr Nachhaltigkeit und Umweltschutz zu treffen. Der Kauf von fair gehandelten und regionalen Produkten ist wichtig f\u00fcr globale Gerechtigkeit, noch bedeutender ist indes politisches Handeln. <\/span><\/span><\/p>\n<p align=\"JUSTIFY\"><span style=\"font-family: Times New Roman, serif\"><span style=\"font-size: medium\">Da auch heimische Politiker etwas tun k\u00f6nnen, haben wir sie erneut dazu aufgefordert, die Voraussetzungen daf\u00fcr zu schaffen, dass Wehrheim den Titel Faire Kommune bekommt. Mitarbeiter des Weltladens hatten bereits im vergangenen August mit der entsprechenden Bitte ein Ermutigungspaket \u00fcberreicht. <\/span><\/span><\/p>\n<p><span style=\"font-family: Times New Roman, serif\"><span style=\"font-size: medium\">Der Hochtaunuskreis hat\u2019s vorgemacht. Er hat mit Unterst\u00fctzung unseres Weltladens und hiesiger Selbstvermarkter die Zertifizierung \u201eFairer Kreis\u201c erhalten. <\/span><\/span><\/p>\n<p><strong><span style=\"font-family: Times New Roman, serif\"><span style=\"font-size: medium\">Faire Kommune &#8211; Fair Trade Town<\/span><\/span><\/strong><\/p>\n<p><span style=\"font-family: Times New Roman, serif\"><span style=\"font-size: medium\">Der Hochtaunuskreis ist seit nun als faire Kommune zertifiziert, und setzt seitdem darauf, dass Kunden verst\u00e4rkt regional, bio und fair einkaufen. Unter dem Stichwort: \u201eGlobal denken, lokal handeln\u201c, soll die Zertifizierung Verbrauchern ihre Verantwortung f\u00fcr Handel und Arbeitsbedingungen auf der ganzen Welt bewusst machen. Fairtrade-Kommunen tragen dazu bei, die Ziele f\u00fcr nachhaltige Entwicklung der Agenda 2030 umzusetzen. <\/span><\/span><\/p>\n<p><span style=\"font-family: Times New Roman, serif\"><span style=\"font-size: medium\">Wir sind die Initiatoren der Fairen Kommune und geh\u00f6ren zur Steuerungsgruppe, die die Kriterien \u2013 meist in Wehrheim schon vorhanden \u2013 zusammen sucht, um auch Faire Trade Town Wehrheim zu werden. Dies bedeutet nicht, dass die Gemeinde \u00fcber Nacht zur Stadt wird, sie k\u00f6nnte aber das erste Dorf im Kreis sein, das dieses Zertifikat beim Verein Fairtrade Deutschland beantragt. <\/span><\/span>[\/vc_column_text][\/vc_column][\/vc_row][vc_row][vc_column][vc_empty_space][vc_column_text]<\/p>\n<h1>Mitmachen im Weltladen Wehrheim<\/h1>\n<p>[\/vc_column_text][vc_column_text]<strong>Wir suchen<\/strong> Menschen, die Lust haben, sich ehrenamtlich f\u00fcr eine offene, transparente, \u00f6kologische und nachhaltige Form des Wirtschaftens zu engagieren. Ob im Verkauf, der Informations- oder Bildungsarbeit &#8211; die M\u00f6glichkeiten, in unserem Team mitzumachen sind vielf\u00e4ltig und lassen sich bestimmt auch in Deinen Alltag integrieren! Neben regelm\u00e4\u00dfigen Aufgaben gibt es bei uns auch immer wieder einzelne zeitlich befristete Projekte, f\u00fcr die wir Unterst\u00fctzer:innen suchen. Viele Aufgaben erfordern keine speziellen Vorkenntnisse, sondern nur Deine Bereitschaft, Deine F\u00e4higkeiten einzubringen und eventuell in neuen Bereichen dazuzulernen.<\/p>\n<p><strong>Wir bieten<\/strong> ein nettes Team aus Engagierten mit vielf\u00e4ltigen M\u00f6glichkeiten, sich selbst einzubringen. Eine Gemeinschaft, die Dich herzlich aufnimmt, einarbeitet und bei Fragen zur Verf\u00fcgung steht. Fortbildungsm\u00f6glichkeiten nach Deinen Interessen und Aufgaben.<\/p>\n<p><strong>Ansprechpartnerin<\/strong><\/p>\n<p>Gerrit Mai<br \/>\n<a class=\"moz-txt-link-freetext\" href=\"mailto:weltladen@kirche-wehrheim.de\">weltladen@kirche-wehrheim.de<\/a><\/p>\n<p>(06081) 59512<\/p>\n<p><strong>Wir freuen uns auf Dich!<\/strong>[\/vc_column_text][\/vc_column][\/vc_row]<\/p>\n<\/div>","protected":false},"excerpt":{"rendered":"<p>[vc_row][vc_column][vc_empty_space][vc_column_text] \u00dcber den Weltladen Wehrheim [\/vc_column_text][vc_column_text] Wie in Wehrheim alles begann: Ulrich Tauber, von 1968 bis 2000 evangelischer Pfarrer, und Gisela Tauber, die von ihrer Schwester in Frankfurt den Fairen Handel kannte, waren die Pioniere des in Wehrheim. Ihr Credo war es, die Weltl\u00e4den mit ihrem Nischendasein \u00fcberfl\u00fcssig zu machen, will hei\u00dfen: Fairer Handel wird&hellip;<\/p>\n","protected":false},"author":1,"featured_media":1032,"parent":0,"menu_order":7,"comment_status":"closed","ping_status":"closed","template":"","meta":{"footnotes":""},"class_list":["post-219","page","type-page","status-publish","has-post-thumbnail","hentry","description-off"],"yoast_head":"<!-- This site is optimized with the Yoast SEO plugin v26.8 - https:\/\/yoast.com\/product\/yoast-seo-wordpress\/ -->\n<title>\u00dcber uns - Weltladen Wehrheim<\/title>\n<meta name=\"robots\" content=\"index, follow, max-snippet:-1, max-image-preview:large, max-video-preview:-1\" \/>\n<link rel=\"canonical\" href=\"https:\/\/weltlaeden.de\/wehrheim\/ueber-uns\/\" \/>\n<meta property=\"og:locale\" content=\"de_DE\" \/>\n<meta property=\"og:type\" content=\"article\" \/>\n<meta property=\"og:title\" content=\"\u00dcber uns - Weltladen Wehrheim\" \/>\n<meta property=\"og:description\" content=\"[vc_row][vc_column][vc_empty_space][vc_column_text] \u00dcber den Weltladen Wehrheim [\/vc_column_text][vc_column_text] Wie in Wehrheim alles begann: Ulrich Tauber, von 1968 bis 2000 evangelischer Pfarrer, und Gisela Tauber, die von ihrer Schwester in Frankfurt den Fairen Handel kannte, waren die Pioniere des in Wehrheim. Ihr Credo war es, die Weltl\u00e4den mit ihrem Nischendasein \u00fcberfl\u00fcssig zu machen, will hei\u00dfen: Fairer Handel wird&hellip;\" \/>\n<meta property=\"og:url\" content=\"https:\/\/weltlaeden.de\/wehrheim\/ueber-uns\/\" \/>\n<meta property=\"og:site_name\" content=\"Weltladen Wehrheim\" \/>\n<meta property=\"article:modified_time\" content=\"2025-04-01T19:15:10+00:00\" \/>\n<meta property=\"og:image\" content=\"https:\/\/weltlaeden.de\/wehrheim\/wp-content\/uploads\/sites\/184\/2025\/04\/1000041598.jpg\" \/>\n\t<meta property=\"og:image:width\" content=\"1868\" \/>\n\t<meta property=\"og:image:height\" content=\"979\" \/>\n\t<meta property=\"og:image:type\" content=\"image\/jpeg\" \/>\n<meta name=\"twitter:card\" content=\"summary_large_image\" \/>\n<meta name=\"twitter:label1\" content=\"Gesch\u00e4tzte Lesezeit\" \/>\n\t<meta name=\"twitter:data1\" content=\"5\u00a0Minuten\" \/>\n<script type=\"application\/ld+json\" class=\"yoast-schema-graph\">{\"@context\":\"https:\/\/schema.org\",\"@graph\":[{\"@type\":\"WebPage\",\"@id\":\"https:\/\/weltlaeden.de\/wehrheim\/ueber-uns\/\",\"url\":\"https:\/\/weltlaeden.de\/wehrheim\/ueber-uns\/\",\"name\":\"\u00dcber uns - Weltladen Wehrheim\",\"isPartOf\":{\"@id\":\"https:\/\/weltlaeden.de\/wehrheim\/#website\"},\"primaryImageOfPage\":{\"@id\":\"https:\/\/weltlaeden.de\/wehrheim\/ueber-uns\/#primaryimage\"},\"image\":{\"@id\":\"https:\/\/weltlaeden.de\/wehrheim\/ueber-uns\/#primaryimage\"},\"thumbnailUrl\":\"https:\/\/weltlaeden.de\/wehrheim\/wp-content\/uploads\/sites\/184\/2025\/04\/1000041598.jpg\",\"datePublished\":\"2016-10-28T11:34:47+00:00\",\"dateModified\":\"2025-04-01T19:15:10+00:00\",\"breadcrumb\":{\"@id\":\"https:\/\/weltlaeden.de\/wehrheim\/ueber-uns\/#breadcrumb\"},\"inLanguage\":\"de\",\"potentialAction\":[{\"@type\":\"ReadAction\",\"target\":[\"https:\/\/weltlaeden.de\/wehrheim\/ueber-uns\/\"]}]},{\"@type\":\"ImageObject\",\"inLanguage\":\"de\",\"@id\":\"https:\/\/weltlaeden.de\/wehrheim\/ueber-uns\/#primaryimage\",\"url\":\"https:\/\/weltlaeden.de\/wehrheim\/wp-content\/uploads\/sites\/184\/2025\/04\/1000041598.jpg\",\"contentUrl\":\"https:\/\/weltlaeden.de\/wehrheim\/wp-content\/uploads\/sites\/184\/2025\/04\/1000041598.jpg\",\"width\":1868,\"height\":979},{\"@type\":\"BreadcrumbList\",\"@id\":\"https:\/\/weltlaeden.de\/wehrheim\/ueber-uns\/#breadcrumb\",\"itemListElement\":[{\"@type\":\"ListItem\",\"position\":1,\"name\":\"Startseite\",\"item\":\"https:\/\/weltlaeden.de\/wehrheim\/\"},{\"@type\":\"ListItem\",\"position\":2,\"name\":\"\u00dcber uns\"}]},{\"@type\":\"WebSite\",\"@id\":\"https:\/\/weltlaeden.de\/wehrheim\/#website\",\"url\":\"https:\/\/weltlaeden.de\/wehrheim\/\",\"name\":\"Weltladen Wehrheim\",\"description\":\"Faire Produkte seit 1975\",\"potentialAction\":[{\"@type\":\"SearchAction\",\"target\":{\"@type\":\"EntryPoint\",\"urlTemplate\":\"https:\/\/weltlaeden.de\/wehrheim\/?s={search_term_string}\"},\"query-input\":{\"@type\":\"PropertyValueSpecification\",\"valueRequired\":true,\"valueName\":\"search_term_string\"}}],\"inLanguage\":\"de\"}]}<\/script>\n<!-- \/ Yoast SEO plugin. -->","yoast_head_json":{"title":"\u00dcber uns - Weltladen Wehrheim","robots":{"index":"index","follow":"follow","max-snippet":"max-snippet:-1","max-image-preview":"max-image-preview:large","max-video-preview":"max-video-preview:-1"},"canonical":"https:\/\/weltlaeden.de\/wehrheim\/ueber-uns\/","og_locale":"de_DE","og_type":"article","og_title":"\u00dcber uns - Weltladen Wehrheim","og_description":"[vc_row][vc_column][vc_empty_space][vc_column_text] \u00dcber den Weltladen Wehrheim [\/vc_column_text][vc_column_text] Wie in Wehrheim alles begann: Ulrich Tauber, von 1968 bis 2000 evangelischer Pfarrer, und Gisela Tauber, die von ihrer Schwester in Frankfurt den Fairen Handel kannte, waren die Pioniere des in Wehrheim. Ihr Credo war es, die Weltl\u00e4den mit ihrem Nischendasein \u00fcberfl\u00fcssig zu machen, will hei\u00dfen: Fairer Handel wird&hellip;","og_url":"https:\/\/weltlaeden.de\/wehrheim\/ueber-uns\/","og_site_name":"Weltladen Wehrheim","article_modified_time":"2025-04-01T19:15:10+00:00","og_image":[{"width":1868,"height":979,"url":"https:\/\/weltlaeden.de\/wehrheim\/wp-content\/uploads\/sites\/184\/2025\/04\/1000041598.jpg","type":"image\/jpeg"}],"twitter_card":"summary_large_image","twitter_misc":{"Gesch\u00e4tzte Lesezeit":"5\u00a0Minuten"},"schema":{"@context":"https:\/\/schema.org","@graph":[{"@type":"WebPage","@id":"https:\/\/weltlaeden.de\/wehrheim\/ueber-uns\/","url":"https:\/\/weltlaeden.de\/wehrheim\/ueber-uns\/","name":"\u00dcber uns - Weltladen Wehrheim","isPartOf":{"@id":"https:\/\/weltlaeden.de\/wehrheim\/#website"},"primaryImageOfPage":{"@id":"https:\/\/weltlaeden.de\/wehrheim\/ueber-uns\/#primaryimage"},"image":{"@id":"https:\/\/weltlaeden.de\/wehrheim\/ueber-uns\/#primaryimage"},"thumbnailUrl":"https:\/\/weltlaeden.de\/wehrheim\/wp-content\/uploads\/sites\/184\/2025\/04\/1000041598.jpg","datePublished":"2016-10-28T11:34:47+00:00","dateModified":"2025-04-01T19:15:10+00:00","breadcrumb":{"@id":"https:\/\/weltlaeden.de\/wehrheim\/ueber-uns\/#breadcrumb"},"inLanguage":"de","potentialAction":[{"@type":"ReadAction","target":["https:\/\/weltlaeden.de\/wehrheim\/ueber-uns\/"]}]},{"@type":"ImageObject","inLanguage":"de","@id":"https:\/\/weltlaeden.de\/wehrheim\/ueber-uns\/#primaryimage","url":"https:\/\/weltlaeden.de\/wehrheim\/wp-content\/uploads\/sites\/184\/2025\/04\/1000041598.jpg","contentUrl":"https:\/\/weltlaeden.de\/wehrheim\/wp-content\/uploads\/sites\/184\/2025\/04\/1000041598.jpg","width":1868,"height":979},{"@type":"BreadcrumbList","@id":"https:\/\/weltlaeden.de\/wehrheim\/ueber-uns\/#breadcrumb","itemListElement":[{"@type":"ListItem","position":1,"name":"Startseite","item":"https:\/\/weltlaeden.de\/wehrheim\/"},{"@type":"ListItem","position":2,"name":"\u00dcber uns"}]},{"@type":"WebSite","@id":"https:\/\/weltlaeden.de\/wehrheim\/#website","url":"https:\/\/weltlaeden.de\/wehrheim\/","name":"Weltladen Wehrheim","description":"Faire Produkte seit 1975","potentialAction":[{"@type":"SearchAction","target":{"@type":"EntryPoint","urlTemplate":"https:\/\/weltlaeden.de\/wehrheim\/?s={search_term_string}"},"query-input":{"@type":"PropertyValueSpecification","valueRequired":true,"valueName":"search_term_string"}}],"inLanguage":"de"}]}},"_links":{"self":[{"href":"https:\/\/weltlaeden.de\/wehrheim\/wp-json\/wp\/v2\/pages\/219","targetHints":{"allow":["GET"]}}],"collection":[{"href":"https:\/\/weltlaeden.de\/wehrheim\/wp-json\/wp\/v2\/pages"}],"about":[{"href":"https:\/\/weltlaeden.de\/wehrheim\/wp-json\/wp\/v2\/types\/page"}],"author":[{"embeddable":true,"href":"https:\/\/weltlaeden.de\/wehrheim\/wp-json\/wp\/v2\/users\/1"}],"replies":[{"embeddable":true,"href":"https:\/\/weltlaeden.de\/wehrheim\/wp-json\/wp\/v2\/comments?post=219"}],"version-history":[{"count":18,"href":"https:\/\/weltlaeden.de\/wehrheim\/wp-json\/wp\/v2\/pages\/219\/revisions"}],"predecessor-version":[{"id":617,"href":"https:\/\/weltlaeden.de\/wehrheim\/wp-json\/wp\/v2\/pages\/219\/revisions\/617"}],"wp:featuredmedia":[{"embeddable":true,"href":"https:\/\/weltlaeden.de\/wehrheim\/wp-json\/wp\/v2\/media\/1032"}],"wp:attachment":[{"href":"https:\/\/weltlaeden.de\/wehrheim\/wp-json\/wp\/v2\/media?parent=219"}],"curies":[{"name":"wp","href":"https:\/\/api.w.org\/{rel}","templated":true}]}}