{"id":491,"date":"2018-12-27T16:46:06","date_gmt":"2018-12-27T15:46:18","guid":{"rendered":"https:\/\/weltlaeden.de\/wehr\/fairer-handel-2\/"},"modified":"2025-04-01T19:08:48","modified_gmt":"2025-04-01T17:08:48","slug":"gutscheine","status":"publish","type":"page","link":"https:\/\/weltlaeden.de\/wehr\/gutscheine\/","title":{"rendered":"Gutscheine"},"content":{"rendered":"<p><img loading=\"lazy\" decoding=\"async\" class=\"wp-image-497 size-large\" src=\"https:\/\/weltlaeden.de\/wehr\/wp-content\/uploads\/sites\/52\/2018\/12\/GutscheinPC270463-1024x768.jpg\" alt=\"Gutschein Weltladen\" width=\"1024\" height=\"768\" srcset=\"https:\/\/weltlaeden.de\/wehr\/wp-content\/uploads\/sites\/52\/2018\/12\/GutscheinPC270463-1024x768.jpg 1024w, https:\/\/weltlaeden.de\/wehr\/wp-content\/uploads\/sites\/52\/2018\/12\/GutscheinPC270463-300x225.jpg 300w, https:\/\/weltlaeden.de\/wehr\/wp-content\/uploads\/sites\/52\/2018\/12\/GutscheinPC270463-768x576.jpg 768w, https:\/\/weltlaeden.de\/wehr\/wp-content\/uploads\/sites\/52\/2018\/12\/GutscheinPC270463.jpg 1200w\" sizes=\"auto, (max-width: 1024px) 100vw, 1024px\" \/><\/p>\n<p>Gutschein Weltladen<\/p>\n<div class=\"wpb_text_column wpb_content_element \">Schenken Sie Ihrer Familie, Ihren Freunden oder Arbeitskollegen einen Gutschein f\u00fcr den fairen Einkauf in unserem Weltladen in Wehr.<br \/>\nGutscheine in beliebiger H\u00f6he sind w\u00e4hrend der \u00d6ffnungszeiten bei uns erh\u00e4ltlich und werden im Weltladen Wehr jederzeit als Zahlungsmittel entgegengenommen. Barauszahlungen &#8211; auch Teilbetr\u00e4ge &#8211; sind leider nicht m\u00f6glich.<br \/>\nWir stellen Ihnen die Gutscheine auch gerne per Post zu. \u00dcberweisen Sie den gew\u00fcnschten Betrag auf unser Konto mit dem Betreff &#8222;Gutschein&#8220;, und schicken Sie eine E-Mail an info@weltladen-wehr.de mit der Empf\u00e4nger-Adresse. Wir werden Ihnen nach Geldeingang den Gutschein schnellstm\u00f6glich zukommen lassen.<\/div>\n<div class=\"wpb_text_column wpb_content_element \">Aktion Partnerschaft Eine Welt Wehr e.V.<br \/>\nKto.-Nr.: 77034395<br \/>\nBLZ: 68452290<br \/>\nSparkasse Hochrhein<\/p>\n<div class=\"wpb_wrapper\"><\/div>\n<\/div>\n<p>&nbsp;<\/p>\n","protected":false},"excerpt":{"rendered":"<p>Gutschein Weltladen Schenken Sie Ihrer Familie, Ihren Freunden oder Arbeitskollegen einen Gutschein f\u00fcr den fairen Einkauf in unserem Weltladen in Wehr. Gutscheine in beliebiger H\u00f6he sind w\u00e4hrend der \u00d6ffnungszeiten bei uns erh\u00e4ltlich und werden im Weltladen Wehr jederzeit als Zahlungsmittel entgegengenommen. Barauszahlungen &#8211; auch Teilbetr\u00e4ge &#8211; sind leider nicht m\u00f6glich. Wir stellen Ihnen die Gutscheine&hellip;<\/p>\n","protected":false},"author":78,"featured_media":497,"parent":0,"menu_order":3,"comment_status":"closed","ping_status":"closed","template":"","meta":{"footnotes":""},"class_list":["post-491","page","type-page","status-publish","has-post-thumbnail","hentry","description-off"],"yoast_head":"<!-- This site is optimized with the Yoast SEO plugin v26.8 - https:\/\/yoast.com\/product\/yoast-seo-wordpress\/ -->\n<title>Gutscheine - Weltladen Wehr<\/title>\n<meta name=\"robots\" content=\"index, follow, max-snippet:-1, max-image-preview:large, max-video-preview:-1\" \/>\n<link rel=\"canonical\" href=\"https:\/\/weltlaeden.de\/wehr\/gutscheine\/\" \/>\n<meta property=\"og:locale\" content=\"de_DE\" \/>\n<meta property=\"og:type\" content=\"article\" \/>\n<meta property=\"og:title\" content=\"Gutscheine - Weltladen Wehr\" \/>\n<meta property=\"og:description\" content=\"Gutschein Weltladen Schenken Sie Ihrer Familie, Ihren Freunden oder Arbeitskollegen einen Gutschein f\u00fcr den fairen Einkauf in unserem Weltladen in Wehr. Gutscheine in beliebiger H\u00f6he sind w\u00e4hrend der \u00d6ffnungszeiten bei uns erh\u00e4ltlich und werden im Weltladen Wehr jederzeit als Zahlungsmittel entgegengenommen. Barauszahlungen &#8211; auch Teilbetr\u00e4ge &#8211; sind leider nicht m\u00f6glich. Wir stellen Ihnen die Gutscheine&hellip;\" \/>\n<meta property=\"og:url\" content=\"https:\/\/weltlaeden.de\/wehr\/gutscheine\/\" \/>\n<meta property=\"og:site_name\" content=\"Weltladen Wehr\" \/>\n<meta property=\"article:modified_time\" content=\"2025-04-01T17:08:48+00:00\" \/>\n<meta property=\"og:image\" content=\"https:\/\/weltlaeden.de\/wehr\/wp-content\/uploads\/sites\/52\/2018\/12\/GutscheinPC270463.jpg\" \/>\n\t<meta property=\"og:image:width\" content=\"1200\" \/>\n\t<meta property=\"og:image:height\" content=\"900\" \/>\n\t<meta property=\"og:image:type\" content=\"image\/jpeg\" \/>\n<meta name=\"twitter:card\" content=\"summary_large_image\" \/>\n<meta name=\"twitter:label1\" content=\"Gesch\u00e4tzte Lesezeit\" \/>\n\t<meta name=\"twitter:data1\" content=\"1\u00a0Minute\" \/>\n<script type=\"application\/ld+json\" class=\"yoast-schema-graph\">{\"@context\":\"https:\/\/schema.org\",\"@graph\":[{\"@type\":\"WebPage\",\"@id\":\"https:\/\/weltlaeden.de\/wehr\/gutscheine\/\",\"url\":\"https:\/\/weltlaeden.de\/wehr\/gutscheine\/\",\"name\":\"Gutscheine - Weltladen Wehr\",\"isPartOf\":{\"@id\":\"https:\/\/weltlaeden.de\/wehr\/#website\"},\"primaryImageOfPage\":{\"@id\":\"https:\/\/weltlaeden.de\/wehr\/gutscheine\/#primaryimage\"},\"image\":{\"@id\":\"https:\/\/weltlaeden.de\/wehr\/gutscheine\/#primaryimage\"},\"thumbnailUrl\":\"https:\/\/weltlaeden.de\/wehr\/wp-content\/uploads\/sites\/52\/2018\/12\/GutscheinPC270463.jpg\",\"datePublished\":\"2018-12-27T15:46:18+00:00\",\"dateModified\":\"2025-04-01T17:08:48+00:00\",\"breadcrumb\":{\"@id\":\"https:\/\/weltlaeden.de\/wehr\/gutscheine\/#breadcrumb\"},\"inLanguage\":\"de\",\"potentialAction\":[{\"@type\":\"ReadAction\",\"target\":[\"https:\/\/weltlaeden.de\/wehr\/gutscheine\/\"]}]},{\"@type\":\"ImageObject\",\"inLanguage\":\"de\",\"@id\":\"https:\/\/weltlaeden.de\/wehr\/gutscheine\/#primaryimage\",\"url\":\"https:\/\/weltlaeden.de\/wehr\/wp-content\/uploads\/sites\/52\/2018\/12\/GutscheinPC270463.jpg\",\"contentUrl\":\"https:\/\/weltlaeden.de\/wehr\/wp-content\/uploads\/sites\/52\/2018\/12\/GutscheinPC270463.jpg\",\"width\":1200,\"height\":900,\"caption\":\"Gutschein Weltladen\"},{\"@type\":\"BreadcrumbList\",\"@id\":\"https:\/\/weltlaeden.de\/wehr\/gutscheine\/#breadcrumb\",\"itemListElement\":[{\"@type\":\"ListItem\",\"position\":1,\"name\":\"Startseite\",\"item\":\"https:\/\/weltlaeden.de\/wehr\/\"},{\"@type\":\"ListItem\",\"position\":2,\"name\":\"Gutscheine\"}]},{\"@type\":\"WebSite\",\"@id\":\"https:\/\/weltlaeden.de\/wehr\/#website\",\"url\":\"https:\/\/weltlaeden.de\/wehr\/\",\"name\":\"Vorlage\",\"description\":\"Gute Aussichten f\u00fcr die Produzenten unserer Produkte: Gesundheit, Bildung,  Nachhaltigkeit... Der Faire Handel schafft Zukunft! Machen Sie mit und setzen Sie ein Zeichen f\u00fcr globale Gerechtigkeit. Besuchen Sie uns - in der Storchenstra\u00dfe 5 in Wehr.\",\"potentialAction\":[{\"@type\":\"SearchAction\",\"target\":{\"@type\":\"EntryPoint\",\"urlTemplate\":\"https:\/\/weltlaeden.de\/wehr\/?s={search_term_string}\"},\"query-input\":{\"@type\":\"PropertyValueSpecification\",\"valueRequired\":true,\"valueName\":\"search_term_string\"}}],\"inLanguage\":\"de\"}]}<\/script>\n<!-- \/ Yoast SEO plugin. -->","yoast_head_json":{"title":"Gutscheine - Weltladen Wehr","robots":{"index":"index","follow":"follow","max-snippet":"max-snippet:-1","max-image-preview":"max-image-preview:large","max-video-preview":"max-video-preview:-1"},"canonical":"https:\/\/weltlaeden.de\/wehr\/gutscheine\/","og_locale":"de_DE","og_type":"article","og_title":"Gutscheine - Weltladen Wehr","og_description":"Gutschein Weltladen Schenken Sie Ihrer Familie, Ihren Freunden oder Arbeitskollegen einen Gutschein f\u00fcr den fairen Einkauf in unserem Weltladen in Wehr. Gutscheine in beliebiger H\u00f6he sind w\u00e4hrend der \u00d6ffnungszeiten bei uns erh\u00e4ltlich und werden im Weltladen Wehr jederzeit als Zahlungsmittel entgegengenommen. Barauszahlungen &#8211; auch Teilbetr\u00e4ge &#8211; sind leider nicht m\u00f6glich. Wir stellen Ihnen die Gutscheine&hellip;","og_url":"https:\/\/weltlaeden.de\/wehr\/gutscheine\/","og_site_name":"Weltladen Wehr","article_modified_time":"2025-04-01T17:08:48+00:00","og_image":[{"width":1200,"height":900,"url":"https:\/\/weltlaeden.de\/wehr\/wp-content\/uploads\/sites\/52\/2018\/12\/GutscheinPC270463.jpg","type":"image\/jpeg"}],"twitter_card":"summary_large_image","twitter_misc":{"Gesch\u00e4tzte Lesezeit":"1\u00a0Minute"},"schema":{"@context":"https:\/\/schema.org","@graph":[{"@type":"WebPage","@id":"https:\/\/weltlaeden.de\/wehr\/gutscheine\/","url":"https:\/\/weltlaeden.de\/wehr\/gutscheine\/","name":"Gutscheine - Weltladen Wehr","isPartOf":{"@id":"https:\/\/weltlaeden.de\/wehr\/#website"},"primaryImageOfPage":{"@id":"https:\/\/weltlaeden.de\/wehr\/gutscheine\/#primaryimage"},"image":{"@id":"https:\/\/weltlaeden.de\/wehr\/gutscheine\/#primaryimage"},"thumbnailUrl":"https:\/\/weltlaeden.de\/wehr\/wp-content\/uploads\/sites\/52\/2018\/12\/GutscheinPC270463.jpg","datePublished":"2018-12-27T15:46:18+00:00","dateModified":"2025-04-01T17:08:48+00:00","breadcrumb":{"@id":"https:\/\/weltlaeden.de\/wehr\/gutscheine\/#breadcrumb"},"inLanguage":"de","potentialAction":[{"@type":"ReadAction","target":["https:\/\/weltlaeden.de\/wehr\/gutscheine\/"]}]},{"@type":"ImageObject","inLanguage":"de","@id":"https:\/\/weltlaeden.de\/wehr\/gutscheine\/#primaryimage","url":"https:\/\/weltlaeden.de\/wehr\/wp-content\/uploads\/sites\/52\/2018\/12\/GutscheinPC270463.jpg","contentUrl":"https:\/\/weltlaeden.de\/wehr\/wp-content\/uploads\/sites\/52\/2018\/12\/GutscheinPC270463.jpg","width":1200,"height":900,"caption":"Gutschein Weltladen"},{"@type":"BreadcrumbList","@id":"https:\/\/weltlaeden.de\/wehr\/gutscheine\/#breadcrumb","itemListElement":[{"@type":"ListItem","position":1,"name":"Startseite","item":"https:\/\/weltlaeden.de\/wehr\/"},{"@type":"ListItem","position":2,"name":"Gutscheine"}]},{"@type":"WebSite","@id":"https:\/\/weltlaeden.de\/wehr\/#website","url":"https:\/\/weltlaeden.de\/wehr\/","name":"Vorlage","description":"Gute Aussichten f\u00fcr die Produzenten unserer Produkte: Gesundheit, Bildung,  Nachhaltigkeit... Der Faire Handel schafft Zukunft! Machen Sie mit und setzen Sie ein Zeichen f\u00fcr globale Gerechtigkeit. Besuchen Sie uns - in der Storchenstra\u00dfe 5 in Wehr.","potentialAction":[{"@type":"SearchAction","target":{"@type":"EntryPoint","urlTemplate":"https:\/\/weltlaeden.de\/wehr\/?s={search_term_string}"},"query-input":{"@type":"PropertyValueSpecification","valueRequired":true,"valueName":"search_term_string"}}],"inLanguage":"de"}]}},"_links":{"self":[{"href":"https:\/\/weltlaeden.de\/wehr\/wp-json\/wp\/v2\/pages\/491","targetHints":{"allow":["GET"]}}],"collection":[{"href":"https:\/\/weltlaeden.de\/wehr\/wp-json\/wp\/v2\/pages"}],"about":[{"href":"https:\/\/weltlaeden.de\/wehr\/wp-json\/wp\/v2\/types\/page"}],"author":[{"embeddable":true,"href":"https:\/\/weltlaeden.de\/wehr\/wp-json\/wp\/v2\/users\/78"}],"replies":[{"embeddable":true,"href":"https:\/\/weltlaeden.de\/wehr\/wp-json\/wp\/v2\/comments?post=491"}],"version-history":[{"count":12,"href":"https:\/\/weltlaeden.de\/wehr\/wp-json\/wp\/v2\/pages\/491\/revisions"}],"predecessor-version":[{"id":519,"href":"https:\/\/weltlaeden.de\/wehr\/wp-json\/wp\/v2\/pages\/491\/revisions\/519"}],"wp:featuredmedia":[{"embeddable":true,"href":"https:\/\/weltlaeden.de\/wehr\/wp-json\/wp\/v2\/media\/497"}],"wp:attachment":[{"href":"https:\/\/weltlaeden.de\/wehr\/wp-json\/wp\/v2\/media?parent=491"}],"curies":[{"name":"wp","href":"https:\/\/api.w.org\/{rel}","templated":true}]}}