{"id":219,"date":"2016-10-28T13:34:47","date_gmt":"2016-10-28T11:34:47","guid":{"rendered":"https:\/\/wl.heimpixel.de\/vorlage\/ueber-uns\/"},"modified":"2022-12-20T10:52:08","modified_gmt":"2022-12-20T09:52:08","slug":"ueber-uns","status":"publish","type":"page","link":"https:\/\/weltlaeden.de\/wehr\/ueber-uns\/","title":{"rendered":"\u00dcber uns"},"content":{"rendered":"<div class=\"wpb-content-wrapper\"><p>[vc_row][vc_column][vc_column_text]<\/p>\n<h1><img loading=\"lazy\" decoding=\"async\" class=\"alignnone size-large wp-image-553\" src=\"https:\/\/weltlaeden.de\/wehr\/wp-content\/uploads\/sites\/52\/2016\/10\/P2011022_v1-1024x683.jpg\" alt=\"\" width=\"1024\" height=\"683\" srcset=\"https:\/\/weltlaeden.de\/wehr\/wp-content\/uploads\/sites\/52\/2016\/10\/P2011022_v1-1024x683.jpg 1024w, https:\/\/weltlaeden.de\/wehr\/wp-content\/uploads\/sites\/52\/2016\/10\/P2011022_v1-300x200.jpg 300w, https:\/\/weltlaeden.de\/wehr\/wp-content\/uploads\/sites\/52\/2016\/10\/P2011022_v1-768x512.jpg 768w, https:\/\/weltlaeden.de\/wehr\/wp-content\/uploads\/sites\/52\/2016\/10\/P2011022_v1.jpg 1200w\" sizes=\"auto, (max-width: 1024px) 100vw, 1024px\" \/><\/h1>\n<h1>\u00dcber den Weltladen Wehr<\/h1>\n<p>[vc_column_text]Der Weltladen in Wehr wurde im September 2008 gegr\u00fcndet. Sehr engagiert dabei waren dabei zu Beginn die Pfarrer in Wehr und \u00d6flingen. Pfarrer A. Bernhard war der erste Vorsitzende des Tr\u00e4gervereins. In den folgenden Jahren haben sich die Mitglieder der Familie Eckert in besonderer Weise um den Weltladen verdient gemacht, drei von ihnen sind derzeit im Vorstand.<\/p>\n<p>Im aktiven Ladendienst sind wir etwa 12 Personen, k\u00f6nnten aber gut Verst\u00e4rkung gebrauchen. Wir w\u00fcrden gern an 11 halben Tagen in der Woche den Laden \u00f6ffnen, aber die personelle Kapazit\u00e4t reicht nur f\u00fcr f\u00fcnf halbe Tage.<\/p>\n<p>Jetzt unterst\u00fctzen wir die Stadt Wehr dabei, eine &#8222;Fair Trade Town&#8220; zu werden.[\/vc_column_text][\/vc_column][\/vc_row][vc_row][vc_column width=&#8220;2\/3&#8243;][vc_empty_space][vc_column_text]<strong>Wir suchen<\/strong> Menschen, die Lust haben, sich ehrenamtlich f\u00fcr eine offene, transparente, \u00f6kologische und nachhaltige Form des Wirtschaftens zu engagieren. Ob im Verkauf, der Informations- oder Bildungsarbeit &#8211; die M\u00f6glichkeiten, in unserem Team mitzumachen sind vielf\u00e4ltig und lassen sich bestimmt auch in Deinen Alltag integrieren! Neben regelm\u00e4\u00dfigen Aufgaben gibt es bei uns auch immer wieder einzelne zeitlich befristete Projekte, f\u00fcr die wir Unterst\u00fctzer\/innen suchen. Viele Aufgaben erfordern keine speziellen Vorkenntnisse, sondern nur Deine Bereitschaft, Deine F\u00e4higkeiten einzubringen und eventuell in neuen Bereichen dazuzulernen.<\/p>\n<p><strong>Wir bieten<\/strong> ein nettes Team aus Engagierten mit vielf\u00e4ltigen M\u00f6glichkeiten, sich selbst einzubringen. Eine Gemeinschaft, die Dich herzlich aufnimmt, einarbeitet und bei Fragen zur Verf\u00fcgung steht. Fortbildungsm\u00f6glichkeiten nach Deinen Interessen und Aufgaben.<\/p>\n<p><strong>Telefonanschluss Weltladen:<\/strong><\/p>\n<p>07762 709 511<\/p>\n<p><strong>Wir freuen uns auf Dich!<\/strong>[\/vc_column_text][\/vc_column][vc_column width=&#8220;1\/3&#8243;][vc_empty_space height=&#8220;80px&#8220;][vc_single_image image=&#8220;520&#8243; img_size=&#8220;400&#215;225&#8243;][vc_empty_space][vc_single_image image=&#8220;524&#8243; img_size=&#8220;400&#215;266&#8243;][vc_empty_space][\/vc_column][\/vc_row][vc_row][vc_column][vc_column_text]Unser Laden hat ein sehr sch\u00f6nes Untergeschoss, schauen Sie einmal herein.[\/vc_column_text][vc_single_image image=&#8220;599&#8243; img_size=&#8220;full&#8220; alignment=&#8220;center&#8220;][\/vc_column][\/vc_row][vc_row][vc_column][\/vc_column][\/vc_row]<\/p>\n<\/div>","protected":false},"excerpt":{"rendered":"<p>[vc_row][vc_column][vc_column_text] \u00dcber den Weltladen Wehr [vc_column_text]Der Weltladen in Wehr wurde im September 2008 gegr\u00fcndet. Sehr engagiert dabei waren dabei zu Beginn die Pfarrer in Wehr und \u00d6flingen. Pfarrer A. Bernhard war der erste Vorsitzende des Tr\u00e4gervereins. In den folgenden Jahren haben sich die Mitglieder der Familie Eckert in besonderer Weise um den Weltladen verdient gemacht,&hellip;<\/p>\n","protected":false},"author":1,"featured_media":553,"parent":0,"menu_order":6,"comment_status":"closed","ping_status":"closed","template":"","meta":{"footnotes":""},"class_list":["post-219","page","type-page","status-publish","has-post-thumbnail","hentry","description-off"],"yoast_head":"<!-- This site is optimized with the Yoast SEO plugin v26.8 - https:\/\/yoast.com\/product\/yoast-seo-wordpress\/ -->\n<title>\u00dcber uns - Weltladen Wehr<\/title>\n<meta name=\"robots\" content=\"index, follow, max-snippet:-1, max-image-preview:large, max-video-preview:-1\" \/>\n<link rel=\"canonical\" href=\"https:\/\/weltlaeden.de\/wehr\/ueber-uns\/\" \/>\n<meta property=\"og:locale\" content=\"de_DE\" \/>\n<meta property=\"og:type\" content=\"article\" \/>\n<meta property=\"og:title\" content=\"\u00dcber uns - Weltladen Wehr\" \/>\n<meta property=\"og:description\" content=\"[vc_row][vc_column][vc_column_text] \u00dcber den Weltladen Wehr [vc_column_text]Der Weltladen in Wehr wurde im September 2008 gegr\u00fcndet. Sehr engagiert dabei waren dabei zu Beginn die Pfarrer in Wehr und \u00d6flingen. Pfarrer A. Bernhard war der erste Vorsitzende des Tr\u00e4gervereins. In den folgenden Jahren haben sich die Mitglieder der Familie Eckert in besonderer Weise um den Weltladen verdient gemacht,&hellip;\" \/>\n<meta property=\"og:url\" content=\"https:\/\/weltlaeden.de\/wehr\/ueber-uns\/\" \/>\n<meta property=\"og:site_name\" content=\"Weltladen Wehr\" \/>\n<meta property=\"article:modified_time\" content=\"2022-12-20T09:52:08+00:00\" \/>\n<meta property=\"og:image\" content=\"https:\/\/weltlaeden.de\/wehr\/wp-content\/uploads\/sites\/52\/2016\/10\/P2011022_v1.jpg\" \/>\n\t<meta property=\"og:image:width\" content=\"1200\" \/>\n\t<meta property=\"og:image:height\" content=\"800\" \/>\n\t<meta property=\"og:image:type\" content=\"image\/jpeg\" \/>\n<meta name=\"twitter:card\" content=\"summary_large_image\" \/>\n<meta name=\"twitter:label1\" content=\"Gesch\u00e4tzte Lesezeit\" \/>\n\t<meta name=\"twitter:data1\" content=\"2\u00a0Minuten\" \/>\n<script type=\"application\/ld+json\" class=\"yoast-schema-graph\">{\"@context\":\"https:\/\/schema.org\",\"@graph\":[{\"@type\":\"WebPage\",\"@id\":\"https:\/\/weltlaeden.de\/wehr\/ueber-uns\/\",\"url\":\"https:\/\/weltlaeden.de\/wehr\/ueber-uns\/\",\"name\":\"\u00dcber uns - Weltladen Wehr\",\"isPartOf\":{\"@id\":\"https:\/\/weltlaeden.de\/wehr\/#website\"},\"primaryImageOfPage\":{\"@id\":\"https:\/\/weltlaeden.de\/wehr\/ueber-uns\/#primaryimage\"},\"image\":{\"@id\":\"https:\/\/weltlaeden.de\/wehr\/ueber-uns\/#primaryimage\"},\"thumbnailUrl\":\"https:\/\/weltlaeden.de\/wehr\/wp-content\/uploads\/sites\/52\/2016\/10\/P2011022_v1.jpg\",\"datePublished\":\"2016-10-28T11:34:47+00:00\",\"dateModified\":\"2022-12-20T09:52:08+00:00\",\"breadcrumb\":{\"@id\":\"https:\/\/weltlaeden.de\/wehr\/ueber-uns\/#breadcrumb\"},\"inLanguage\":\"de\",\"potentialAction\":[{\"@type\":\"ReadAction\",\"target\":[\"https:\/\/weltlaeden.de\/wehr\/ueber-uns\/\"]}]},{\"@type\":\"ImageObject\",\"inLanguage\":\"de\",\"@id\":\"https:\/\/weltlaeden.de\/wehr\/ueber-uns\/#primaryimage\",\"url\":\"https:\/\/weltlaeden.de\/wehr\/wp-content\/uploads\/sites\/52\/2016\/10\/P2011022_v1.jpg\",\"contentUrl\":\"https:\/\/weltlaeden.de\/wehr\/wp-content\/uploads\/sites\/52\/2016\/10\/P2011022_v1.jpg\",\"width\":1200,\"height\":800},{\"@type\":\"BreadcrumbList\",\"@id\":\"https:\/\/weltlaeden.de\/wehr\/ueber-uns\/#breadcrumb\",\"itemListElement\":[{\"@type\":\"ListItem\",\"position\":1,\"name\":\"Startseite\",\"item\":\"https:\/\/weltlaeden.de\/wehr\/\"},{\"@type\":\"ListItem\",\"position\":2,\"name\":\"\u00dcber uns\"}]},{\"@type\":\"WebSite\",\"@id\":\"https:\/\/weltlaeden.de\/wehr\/#website\",\"url\":\"https:\/\/weltlaeden.de\/wehr\/\",\"name\":\"Vorlage\",\"description\":\"Gute Aussichten f\u00fcr die Produzenten unserer Produkte: Gesundheit, Bildung,  Nachhaltigkeit... Der Faire Handel schafft Zukunft! Machen Sie mit und setzen Sie ein Zeichen f\u00fcr globale Gerechtigkeit. Besuchen Sie uns - in der Storchenstra\u00dfe 5 in Wehr.\",\"potentialAction\":[{\"@type\":\"SearchAction\",\"target\":{\"@type\":\"EntryPoint\",\"urlTemplate\":\"https:\/\/weltlaeden.de\/wehr\/?s={search_term_string}\"},\"query-input\":{\"@type\":\"PropertyValueSpecification\",\"valueRequired\":true,\"valueName\":\"search_term_string\"}}],\"inLanguage\":\"de\"}]}<\/script>\n<!-- \/ Yoast SEO plugin. -->","yoast_head_json":{"title":"\u00dcber uns - Weltladen Wehr","robots":{"index":"index","follow":"follow","max-snippet":"max-snippet:-1","max-image-preview":"max-image-preview:large","max-video-preview":"max-video-preview:-1"},"canonical":"https:\/\/weltlaeden.de\/wehr\/ueber-uns\/","og_locale":"de_DE","og_type":"article","og_title":"\u00dcber uns - Weltladen Wehr","og_description":"[vc_row][vc_column][vc_column_text] \u00dcber den Weltladen Wehr [vc_column_text]Der Weltladen in Wehr wurde im September 2008 gegr\u00fcndet. Sehr engagiert dabei waren dabei zu Beginn die Pfarrer in Wehr und \u00d6flingen. Pfarrer A. Bernhard war der erste Vorsitzende des Tr\u00e4gervereins. In den folgenden Jahren haben sich die Mitglieder der Familie Eckert in besonderer Weise um den Weltladen verdient gemacht,&hellip;","og_url":"https:\/\/weltlaeden.de\/wehr\/ueber-uns\/","og_site_name":"Weltladen Wehr","article_modified_time":"2022-12-20T09:52:08+00:00","og_image":[{"width":1200,"height":800,"url":"https:\/\/weltlaeden.de\/wehr\/wp-content\/uploads\/sites\/52\/2016\/10\/P2011022_v1.jpg","type":"image\/jpeg"}],"twitter_card":"summary_large_image","twitter_misc":{"Gesch\u00e4tzte Lesezeit":"2\u00a0Minuten"},"schema":{"@context":"https:\/\/schema.org","@graph":[{"@type":"WebPage","@id":"https:\/\/weltlaeden.de\/wehr\/ueber-uns\/","url":"https:\/\/weltlaeden.de\/wehr\/ueber-uns\/","name":"\u00dcber uns - Weltladen Wehr","isPartOf":{"@id":"https:\/\/weltlaeden.de\/wehr\/#website"},"primaryImageOfPage":{"@id":"https:\/\/weltlaeden.de\/wehr\/ueber-uns\/#primaryimage"},"image":{"@id":"https:\/\/weltlaeden.de\/wehr\/ueber-uns\/#primaryimage"},"thumbnailUrl":"https:\/\/weltlaeden.de\/wehr\/wp-content\/uploads\/sites\/52\/2016\/10\/P2011022_v1.jpg","datePublished":"2016-10-28T11:34:47+00:00","dateModified":"2022-12-20T09:52:08+00:00","breadcrumb":{"@id":"https:\/\/weltlaeden.de\/wehr\/ueber-uns\/#breadcrumb"},"inLanguage":"de","potentialAction":[{"@type":"ReadAction","target":["https:\/\/weltlaeden.de\/wehr\/ueber-uns\/"]}]},{"@type":"ImageObject","inLanguage":"de","@id":"https:\/\/weltlaeden.de\/wehr\/ueber-uns\/#primaryimage","url":"https:\/\/weltlaeden.de\/wehr\/wp-content\/uploads\/sites\/52\/2016\/10\/P2011022_v1.jpg","contentUrl":"https:\/\/weltlaeden.de\/wehr\/wp-content\/uploads\/sites\/52\/2016\/10\/P2011022_v1.jpg","width":1200,"height":800},{"@type":"BreadcrumbList","@id":"https:\/\/weltlaeden.de\/wehr\/ueber-uns\/#breadcrumb","itemListElement":[{"@type":"ListItem","position":1,"name":"Startseite","item":"https:\/\/weltlaeden.de\/wehr\/"},{"@type":"ListItem","position":2,"name":"\u00dcber uns"}]},{"@type":"WebSite","@id":"https:\/\/weltlaeden.de\/wehr\/#website","url":"https:\/\/weltlaeden.de\/wehr\/","name":"Vorlage","description":"Gute Aussichten f\u00fcr die Produzenten unserer Produkte: Gesundheit, Bildung,  Nachhaltigkeit... Der Faire Handel schafft Zukunft! Machen Sie mit und setzen Sie ein Zeichen f\u00fcr globale Gerechtigkeit. Besuchen Sie uns - in der Storchenstra\u00dfe 5 in Wehr.","potentialAction":[{"@type":"SearchAction","target":{"@type":"EntryPoint","urlTemplate":"https:\/\/weltlaeden.de\/wehr\/?s={search_term_string}"},"query-input":{"@type":"PropertyValueSpecification","valueRequired":true,"valueName":"search_term_string"}}],"inLanguage":"de"}]}},"_links":{"self":[{"href":"https:\/\/weltlaeden.de\/wehr\/wp-json\/wp\/v2\/pages\/219","targetHints":{"allow":["GET"]}}],"collection":[{"href":"https:\/\/weltlaeden.de\/wehr\/wp-json\/wp\/v2\/pages"}],"about":[{"href":"https:\/\/weltlaeden.de\/wehr\/wp-json\/wp\/v2\/types\/page"}],"author":[{"embeddable":true,"href":"https:\/\/weltlaeden.de\/wehr\/wp-json\/wp\/v2\/users\/1"}],"replies":[{"embeddable":true,"href":"https:\/\/weltlaeden.de\/wehr\/wp-json\/wp\/v2\/comments?post=219"}],"version-history":[{"count":24,"href":"https:\/\/weltlaeden.de\/wehr\/wp-json\/wp\/v2\/pages\/219\/revisions"}],"predecessor-version":[{"id":619,"href":"https:\/\/weltlaeden.de\/wehr\/wp-json\/wp\/v2\/pages\/219\/revisions\/619"}],"wp:featuredmedia":[{"embeddable":true,"href":"https:\/\/weltlaeden.de\/wehr\/wp-json\/wp\/v2\/media\/553"}],"wp:attachment":[{"href":"https:\/\/weltlaeden.de\/wehr\/wp-json\/wp\/v2\/media?parent=219"}],"curies":[{"name":"wp","href":"https:\/\/api.w.org\/{rel}","templated":true}]}}