{"id":20,"date":"2016-10-14T09:05:21","date_gmt":"2016-10-14T07:05:21","guid":{"rendered":"https:\/\/wl.heimpixel.de\/vorlage\/weltladen-musterdorf\/"},"modified":"2025-04-01T19:10:17","modified_gmt":"2025-04-01T17:10:17","slug":"weltladen-musterdorf","status":"publish","type":"page","link":"https:\/\/weltlaeden.de\/wehr\/","title":{"rendered":"Weltladen Wehr"},"content":{"rendered":"<div class=\"wpb-content-wrapper\"><p>[vc_row][vc_column]<div class=\"wl_einzelbild\"><p><img loading=\"lazy\" decoding=\"async\" class=\" wp-image-415 aligncenter\" src=\"https:\/\/weltlaeden.de\/wehr\/wp-content\/uploads\/sites\/52\/2018\/11\/Laden-PB060350-300x129.jpg\" alt=\"\" width=\"636\" height=\"273\" srcset=\"https:\/\/weltlaeden.de\/wehr\/wp-content\/uploads\/sites\/52\/2018\/11\/Laden-PB060350-300x129.jpg 300w, https:\/\/weltlaeden.de\/wehr\/wp-content\/uploads\/sites\/52\/2018\/11\/Laden-PB060350-768x331.jpg 768w, https:\/\/weltlaeden.de\/wehr\/wp-content\/uploads\/sites\/52\/2018\/11\/Laden-PB060350.jpg 787w\" sizes=\"auto, (max-width: 636px) 100vw, 636px\" \/><\/p><\/div>[vc_empty_space height=&#8220;20px&#8220;][\/vc_column][\/vc_row][vc_row][vc_column][vc_column_text]<\/p>\n<h1 style=\"text-align: left\">Willkommen im Weltladen Wehr !<\/h1>\n<p>[\/vc_column_text][vc_column_text]Gute Aussichten f\u00fcr die Produzenten unserer Produkte: Gesundheit, Bildung, Nachhaltigkeit&#8230; Der Faire Handel schafft Zukunft! Machen Sie mit und setzen Sie ein Zeichen f\u00fcr globale Gerechtigkeit.<\/p>\n<p>Wir erzielen unserer Ums\u00e4tze \u00fcberwiegend mit Lebensmitteln und K\u00f6rperpflegeprodukten. Deshalb d\u00fcrfen wir weiterhin \u00f6ffnen.<\/p>\n<p>Die Mitarbeiterinnen und Mitarbeiter im Ladendienst sind bereit, ihre Aufgabe Sie mit fair gehandelten Produkten weiterhin zu versorgen auch w\u00e4hrend der derzeit hohen Infektionslage zu erf\u00fcllen. Wir freuen uns auf Sie!<\/p>\n<p>Wir halten uns an das Schutzkonzept &#8211; und wir sind dankbar, dass unsere Kundinnen und Kunden das auch tun.[\/vc_column_text][vc_empty_space height=&#8220;30px&#8220;][\/vc_column][\/vc_row][vc_row][vc_column][vc_column_text]<\/p>\n<h2>Was Sie auf dieser Website finden:<\/h2>\n<p>[\/vc_column_text][vc_empty_space height=&#8220;20px&#8220;][vc_row_inner][vc_column_inner width=&#8220;1\/4&#8243;]<div class=\"wl_einzelbild\"><p><img loading=\"lazy\" decoding=\"async\" class=\"size-medium wp-image-450\" src=\"https:\/\/weltlaeden.de\/wehr\/wp-content\/uploads\/sites\/52\/2018\/11\/P7140535_v3-300x201.jpg\" alt=\"\" width=\"300\" height=\"201\" srcset=\"https:\/\/weltlaeden.de\/wehr\/wp-content\/uploads\/sites\/52\/2018\/11\/P7140535_v3-300x201.jpg 300w, https:\/\/weltlaeden.de\/wehr\/wp-content\/uploads\/sites\/52\/2018\/11\/P7140535_v3.jpg 478w\" sizes=\"auto, (max-width: 300px) 100vw, 300px\" \/><\/p><\/div>[\/vc_column_inner][vc_column_inner width=&#8220;3\/4&#8243;][vc_column_text]<\/p>\n<h3>Fairer Handel<\/h3>\n<p>Was meint Fairer Handel \u00fcberhaupt? Welche Kriterien m\u00fcssen eingehalten werden und wer \u00fcberpr\u00fcft diese? <a href=\"https:\/\/weltlaeden.de\/wehr\/fairer-handel\/\">Erfahren Sie mehr &#8230;<\/a>[\/vc_column_text][\/vc_column_inner][\/vc_row_inner][vc_separator][vc_row_inner][vc_column_inner width=&#8220;1\/4&#8243;]<div class=\"wl_einzelbild\"><p><img loading=\"lazy\" decoding=\"async\" class=\"alignleft size-full wp-image-nsm-3-28\" src=\"https:\/\/weltlaeden.de\/wehr\/wp-content\/uploads\/sites\/3\/2018\/05\/Lebensmittel_WL-Bornheim-Christian-Schilling_150x150.jpg\" alt=\"\" width=\"150\" height=\"150\" \/><\/p><\/div>[\/vc_column_inner][vc_column_inner width=&#8220;3\/4&#8243;][vc_column_text]<\/p>\n<h3>Produkte<\/h3>\n<p>Unsere Produkte im Weltladen sind nat\u00fcrlich alle aus Fairem Handel, dennoch kommen sie von unterschiedlichen Fair-Handels-Importeuren. <a href=\"https:\/\/weltlaeden.de\/wehr\/produkte\/\">Hier zeigen wir Ihnen unser Sortiment &#8230;<\/a>[\/vc_column_text][\/vc_column_inner][\/vc_row_inner][vc_separator][vc_row_inner][vc_column_inner width=&#8220;1\/4&#8243;]<div class=\"wl_einzelbild\"><p><img loading=\"lazy\" decoding=\"async\" class=\"size-medium wp-image-497\" src=\"https:\/\/weltlaeden.de\/wehr\/wp-content\/uploads\/sites\/52\/2018\/12\/GutscheinPC270463-300x225.jpg\" alt=\"Gutschein Weltladen\" width=\"300\" height=\"225\" srcset=\"https:\/\/weltlaeden.de\/wehr\/wp-content\/uploads\/sites\/52\/2018\/12\/GutscheinPC270463-300x225.jpg 300w, https:\/\/weltlaeden.de\/wehr\/wp-content\/uploads\/sites\/52\/2018\/12\/GutscheinPC270463-768x576.jpg 768w, https:\/\/weltlaeden.de\/wehr\/wp-content\/uploads\/sites\/52\/2018\/12\/GutscheinPC270463-1024x768.jpg 1024w, https:\/\/weltlaeden.de\/wehr\/wp-content\/uploads\/sites\/52\/2018\/12\/GutscheinPC270463.jpg 1200w\" sizes=\"auto, (max-width: 300px) 100vw, 300px\" \/><\/p>\n<p><\/p><\/div>[\/vc_column_inner][vc_column_inner width=&#8220;3\/4&#8243;][vc_column_text]<\/p>\n<h3>Gutscheine<\/h3>\n<p>Unsere Produkte im Weltladen k\u00f6nnen Sie ganz einfach verschenken &#8211; und dem Beschenkten die freie Auswahl lassen: <a href=\"https:\/\/weltlaeden.de\/wehr\/gutscheine\">mit einem Geschenkgutschein<\/a><a href=\"https:\/\/weltlaeden.de\/wehr\/gutscheine geschenkidee\/\">.<\/a>[\/vc_column_text][\/vc_column_inner][\/vc_row_inner][vc_separator][vc_row_inner][vc_column_inner width=&#8220;1\/4&#8243;]<div class=\"wl_einzelbild\"><p><img loading=\"lazy\" decoding=\"async\" class=\"alignnone wp-image-553\" src=\"https:\/\/weltlaeden.de\/wehr\/wp-content\/uploads\/sites\/52\/2016\/10\/P2011022_v1-1024x683.jpg\" alt=\"\" width=\"240\" height=\"160\" srcset=\"https:\/\/weltlaeden.de\/wehr\/wp-content\/uploads\/sites\/52\/2016\/10\/P2011022_v1-1024x683.jpg 1024w, https:\/\/weltlaeden.de\/wehr\/wp-content\/uploads\/sites\/52\/2016\/10\/P2011022_v1-300x200.jpg 300w, https:\/\/weltlaeden.de\/wehr\/wp-content\/uploads\/sites\/52\/2016\/10\/P2011022_v1-768x512.jpg 768w, https:\/\/weltlaeden.de\/wehr\/wp-content\/uploads\/sites\/52\/2016\/10\/P2011022_v1.jpg 1200w\" sizes=\"auto, (max-width: 240px) 100vw, 240px\" \/><\/p><\/div>[\/vc_column_inner][vc_column_inner width=&#8220;3\/4&#8243;][vc_column_text]<\/p>\n<h3>\u00dcber uns<\/h3>\n<p>Wer wir sind, warum wir uns f\u00fcr Fairen Handel engagieren und wie man bei uns mitmachen kann &#8211; <a href=\"https:\/\/weltlaeden.de\/wehr\/ueber-uns\/\">hier stellen wir uns vor &#8230;<\/a>[\/vc_column_text][\/vc_column_inner][\/vc_row_inner][vc_separator][vc_separator][vc_empty_space][\/vc_column][\/vc_row][vc_row][vc_column width=&#8220;1\/2&#8243;][vc_column_text]<\/p>\n<h2>Au\u00dfer Lebensmitteln auch:<\/h2>\n<p>[\/vc_column_text][vc_single_image image=&#8220;603&#8243; img_size=&#8220;medium&#8220;][vc_column_text]Spielzeug in sehr guter Qualit\u00e4t, Besteck und Brettchen aus massivem Holz usw.[\/vc_column_text][\/vc_column][vc_column width=&#8220;1\/2&#8243;][vc_column_text]<\/p>\n<h2><\/h2>\n<p>Einige Lebensmittel:[\/vc_column_text][vc_single_image image=&#8220;530&#8243; img_size=&#8220;medium&#8220;][vc_column_text]Im Bild oben sehen Sie nur einen kleinen Ausschnitt der Lebensmittel, die wir im Gesch\u00e4ft vorr\u00e4tig haben.<\/p>\n<p>[\/vc_column_text][\/vc_column][\/vc_row]<\/p>\n<\/div>","protected":false},"excerpt":{"rendered":"<p>[vc_row][vc_column][vc_empty_space height=&#8220;20px&#8220;][\/vc_column][\/vc_row][vc_row][vc_column][vc_column_text] Willkommen im Weltladen Wehr ! [\/vc_column_text][vc_column_text]Gute Aussichten f\u00fcr die Produzenten unserer Produkte: Gesundheit, Bildung, Nachhaltigkeit&#8230; Der Faire Handel schafft Zukunft! Machen Sie mit und setzen Sie ein Zeichen f\u00fcr globale Gerechtigkeit. Wir erzielen unserer Ums\u00e4tze \u00fcberwiegend mit Lebensmitteln und K\u00f6rperpflegeprodukten. Deshalb d\u00fcrfen wir weiterhin \u00f6ffnen. Die Mitarbeiterinnen und Mitarbeiter im Ladendienst sind bereit,&hellip;<\/p>\n","protected":false},"author":1,"featured_media":0,"parent":0,"menu_order":0,"comment_status":"closed","ping_status":"closed","template":"","meta":{"footnotes":""},"class_list":["post-20","page","type-page","status-publish","hentry","description-off"],"yoast_head":"<!-- This site is optimized with the Yoast SEO plugin v26.8 - https:\/\/yoast.com\/product\/yoast-seo-wordpress\/ -->\n<title>Weltladen Wehr - Weltladen Wehr<\/title>\n<meta name=\"robots\" content=\"index, follow, max-snippet:-1, max-image-preview:large, max-video-preview:-1\" \/>\n<link rel=\"canonical\" href=\"https:\/\/weltlaeden.de\/wehr\/\" \/>\n<meta property=\"og:locale\" content=\"de_DE\" \/>\n<meta property=\"og:type\" content=\"article\" \/>\n<meta property=\"og:title\" content=\"Weltladen Wehr - Weltladen Wehr\" \/>\n<meta property=\"og:description\" content=\"[vc_row][vc_column][vc_empty_space height=&#8220;20px&#8220;][\/vc_column][\/vc_row][vc_row][vc_column][vc_column_text] Willkommen im Weltladen Wehr ! [\/vc_column_text][vc_column_text]Gute Aussichten f\u00fcr die Produzenten unserer Produkte: Gesundheit, Bildung, Nachhaltigkeit&#8230; Der Faire Handel schafft Zukunft! Machen Sie mit und setzen Sie ein Zeichen f\u00fcr globale Gerechtigkeit. Wir erzielen unserer Ums\u00e4tze \u00fcberwiegend mit Lebensmitteln und K\u00f6rperpflegeprodukten. Deshalb d\u00fcrfen wir weiterhin \u00f6ffnen. Die Mitarbeiterinnen und Mitarbeiter im Ladendienst sind bereit,&hellip;\" \/>\n<meta property=\"og:url\" content=\"https:\/\/weltlaeden.de\/wehr\/\" \/>\n<meta property=\"og:site_name\" content=\"Weltladen Wehr\" \/>\n<meta property=\"article:modified_time\" content=\"2025-04-01T17:10:17+00:00\" \/>\n<meta property=\"og:image\" content=\"https:\/\/weltlaeden.de\/wehr\/wp-content\/uploads\/sites\/52\/2018\/11\/Laden-PB060350.jpg\" \/>\n\t<meta property=\"og:image:width\" content=\"787\" \/>\n\t<meta property=\"og:image:height\" content=\"339\" \/>\n\t<meta property=\"og:image:type\" content=\"image\/jpeg\" \/>\n<meta name=\"twitter:card\" content=\"summary_large_image\" \/>\n<meta name=\"twitter:label1\" content=\"Gesch\u00e4tzte Lesezeit\" \/>\n\t<meta name=\"twitter:data1\" content=\"4\u00a0Minuten\" \/>\n<script type=\"application\/ld+json\" class=\"yoast-schema-graph\">{\"@context\":\"https:\/\/schema.org\",\"@graph\":[{\"@type\":\"WebPage\",\"@id\":\"https:\/\/weltlaeden.de\/wehr\/\",\"url\":\"https:\/\/weltlaeden.de\/wehr\/\",\"name\":\"Weltladen Wehr - Weltladen Wehr\",\"isPartOf\":{\"@id\":\"https:\/\/weltlaeden.de\/wehr\/#website\"},\"primaryImageOfPage\":{\"@id\":\"https:\/\/weltlaeden.de\/wehr\/#primaryimage\"},\"image\":{\"@id\":\"https:\/\/weltlaeden.de\/wehr\/#primaryimage\"},\"thumbnailUrl\":\"https:\/\/weltlaeden.de\/wehr\/wp-content\/uploads\/sites\/52\/2018\/11\/Laden-PB060350-300x129.jpg\",\"datePublished\":\"2016-10-14T07:05:21+00:00\",\"dateModified\":\"2025-04-01T17:10:17+00:00\",\"breadcrumb\":{\"@id\":\"https:\/\/weltlaeden.de\/wehr\/#breadcrumb\"},\"inLanguage\":\"de\",\"potentialAction\":[{\"@type\":\"ReadAction\",\"target\":[\"https:\/\/weltlaeden.de\/wehr\/\"]}]},{\"@type\":\"ImageObject\",\"inLanguage\":\"de\",\"@id\":\"https:\/\/weltlaeden.de\/wehr\/#primaryimage\",\"url\":\"https:\/\/weltlaeden.de\/wehr\/wp-content\/uploads\/sites\/52\/2018\/11\/Laden-PB060350.jpg\",\"contentUrl\":\"https:\/\/weltlaeden.de\/wehr\/wp-content\/uploads\/sites\/52\/2018\/11\/Laden-PB060350.jpg\",\"width\":787,\"height\":339},{\"@type\":\"BreadcrumbList\",\"@id\":\"https:\/\/weltlaeden.de\/wehr\/#breadcrumb\",\"itemListElement\":[{\"@type\":\"ListItem\",\"position\":1,\"name\":\"Startseite\",\"item\":\"https:\/\/weltlaeden.de\/wehr\/\"},{\"@type\":\"ListItem\",\"position\":2,\"name\":\"Weltladen Wehr\"}]},{\"@type\":\"WebSite\",\"@id\":\"https:\/\/weltlaeden.de\/wehr\/#website\",\"url\":\"https:\/\/weltlaeden.de\/wehr\/\",\"name\":\"Vorlage\",\"description\":\"Gute Aussichten f\u00fcr die Produzenten unserer Produkte: Gesundheit, Bildung,  Nachhaltigkeit... Der Faire Handel schafft Zukunft! Machen Sie mit und setzen Sie ein Zeichen f\u00fcr globale Gerechtigkeit. Besuchen Sie uns - in der Storchenstra\u00dfe 5 in Wehr.\",\"potentialAction\":[{\"@type\":\"SearchAction\",\"target\":{\"@type\":\"EntryPoint\",\"urlTemplate\":\"https:\/\/weltlaeden.de\/wehr\/?s={search_term_string}\"},\"query-input\":{\"@type\":\"PropertyValueSpecification\",\"valueRequired\":true,\"valueName\":\"search_term_string\"}}],\"inLanguage\":\"de\"}]}<\/script>\n<!-- \/ Yoast SEO plugin. -->","yoast_head_json":{"title":"Weltladen Wehr - Weltladen Wehr","robots":{"index":"index","follow":"follow","max-snippet":"max-snippet:-1","max-image-preview":"max-image-preview:large","max-video-preview":"max-video-preview:-1"},"canonical":"https:\/\/weltlaeden.de\/wehr\/","og_locale":"de_DE","og_type":"article","og_title":"Weltladen Wehr - Weltladen Wehr","og_description":"[vc_row][vc_column][vc_empty_space height=&#8220;20px&#8220;][\/vc_column][\/vc_row][vc_row][vc_column][vc_column_text] Willkommen im Weltladen Wehr ! [\/vc_column_text][vc_column_text]Gute Aussichten f\u00fcr die Produzenten unserer Produkte: Gesundheit, Bildung, Nachhaltigkeit&#8230; Der Faire Handel schafft Zukunft! Machen Sie mit und setzen Sie ein Zeichen f\u00fcr globale Gerechtigkeit. Wir erzielen unserer Ums\u00e4tze \u00fcberwiegend mit Lebensmitteln und K\u00f6rperpflegeprodukten. Deshalb d\u00fcrfen wir weiterhin \u00f6ffnen. Die Mitarbeiterinnen und Mitarbeiter im Ladendienst sind bereit,&hellip;","og_url":"https:\/\/weltlaeden.de\/wehr\/","og_site_name":"Weltladen Wehr","article_modified_time":"2025-04-01T17:10:17+00:00","og_image":[{"width":787,"height":339,"url":"https:\/\/weltlaeden.de\/wehr\/wp-content\/uploads\/sites\/52\/2018\/11\/Laden-PB060350.jpg","type":"image\/jpeg"}],"twitter_card":"summary_large_image","twitter_misc":{"Gesch\u00e4tzte Lesezeit":"4\u00a0Minuten"},"schema":{"@context":"https:\/\/schema.org","@graph":[{"@type":"WebPage","@id":"https:\/\/weltlaeden.de\/wehr\/","url":"https:\/\/weltlaeden.de\/wehr\/","name":"Weltladen Wehr - Weltladen Wehr","isPartOf":{"@id":"https:\/\/weltlaeden.de\/wehr\/#website"},"primaryImageOfPage":{"@id":"https:\/\/weltlaeden.de\/wehr\/#primaryimage"},"image":{"@id":"https:\/\/weltlaeden.de\/wehr\/#primaryimage"},"thumbnailUrl":"https:\/\/weltlaeden.de\/wehr\/wp-content\/uploads\/sites\/52\/2018\/11\/Laden-PB060350-300x129.jpg","datePublished":"2016-10-14T07:05:21+00:00","dateModified":"2025-04-01T17:10:17+00:00","breadcrumb":{"@id":"https:\/\/weltlaeden.de\/wehr\/#breadcrumb"},"inLanguage":"de","potentialAction":[{"@type":"ReadAction","target":["https:\/\/weltlaeden.de\/wehr\/"]}]},{"@type":"ImageObject","inLanguage":"de","@id":"https:\/\/weltlaeden.de\/wehr\/#primaryimage","url":"https:\/\/weltlaeden.de\/wehr\/wp-content\/uploads\/sites\/52\/2018\/11\/Laden-PB060350.jpg","contentUrl":"https:\/\/weltlaeden.de\/wehr\/wp-content\/uploads\/sites\/52\/2018\/11\/Laden-PB060350.jpg","width":787,"height":339},{"@type":"BreadcrumbList","@id":"https:\/\/weltlaeden.de\/wehr\/#breadcrumb","itemListElement":[{"@type":"ListItem","position":1,"name":"Startseite","item":"https:\/\/weltlaeden.de\/wehr\/"},{"@type":"ListItem","position":2,"name":"Weltladen Wehr"}]},{"@type":"WebSite","@id":"https:\/\/weltlaeden.de\/wehr\/#website","url":"https:\/\/weltlaeden.de\/wehr\/","name":"Vorlage","description":"Gute Aussichten f\u00fcr die Produzenten unserer Produkte: Gesundheit, Bildung,  Nachhaltigkeit... Der Faire Handel schafft Zukunft! Machen Sie mit und setzen Sie ein Zeichen f\u00fcr globale Gerechtigkeit. Besuchen Sie uns - in der Storchenstra\u00dfe 5 in Wehr.","potentialAction":[{"@type":"SearchAction","target":{"@type":"EntryPoint","urlTemplate":"https:\/\/weltlaeden.de\/wehr\/?s={search_term_string}"},"query-input":{"@type":"PropertyValueSpecification","valueRequired":true,"valueName":"search_term_string"}}],"inLanguage":"de"}]}},"_links":{"self":[{"href":"https:\/\/weltlaeden.de\/wehr\/wp-json\/wp\/v2\/pages\/20","targetHints":{"allow":["GET"]}}],"collection":[{"href":"https:\/\/weltlaeden.de\/wehr\/wp-json\/wp\/v2\/pages"}],"about":[{"href":"https:\/\/weltlaeden.de\/wehr\/wp-json\/wp\/v2\/types\/page"}],"author":[{"embeddable":true,"href":"https:\/\/weltlaeden.de\/wehr\/wp-json\/wp\/v2\/users\/1"}],"replies":[{"embeddable":true,"href":"https:\/\/weltlaeden.de\/wehr\/wp-json\/wp\/v2\/comments?post=20"}],"version-history":[{"count":76,"href":"https:\/\/weltlaeden.de\/wehr\/wp-json\/wp\/v2\/pages\/20\/revisions"}],"predecessor-version":[{"id":623,"href":"https:\/\/weltlaeden.de\/wehr\/wp-json\/wp\/v2\/pages\/20\/revisions\/623"}],"wp:attachment":[{"href":"https:\/\/weltlaeden.de\/wehr\/wp-json\/wp\/v2\/media?parent=20"}],"curies":[{"name":"wp","href":"https:\/\/api.w.org\/{rel}","templated":true}]}}