{"id":982,"date":"2021-05-18T19:38:49","date_gmt":"2021-05-18T17:38:49","guid":{"rendered":"https:\/\/weltlaeden.de\/waltrop\/?page_id=982"},"modified":"2021-05-18T20:17:19","modified_gmt":"2021-05-18T18:17:19","slug":"alles-neu-im-mai","status":"publish","type":"page","link":"https:\/\/weltlaeden.de\/waltrop\/alles-neu-im-mai\/","title":{"rendered":"Alles neu im Mai"},"content":{"rendered":"<div class=\"wpb-content-wrapper\"><p>[vc_row][vc_column][vc_column_text]<\/p>\n<h2>Alles neu im Mai<\/h2>\n<p><img loading=\"lazy\" decoding=\"async\" class=\"aligncenter size-large wp-image-983\" src=\"https:\/\/weltlaeden.de\/waltrop\/wp-content\/uploads\/sites\/86\/2021\/05\/20210517_165713-1024x768.jpg\" alt=\"\" width=\"1024\" height=\"768\" \/><\/p>\n<p>Zahnb\u00fcrsten aus Bambus, lustige Eierbecher und Untersetzer aus Filz oder statt Alufolie unsere Bienenwachst\u00fccher.<\/p>\n<p><img loading=\"lazy\" decoding=\"async\" class=\"aligncenter size-large wp-image-984\" src=\"https:\/\/weltlaeden.de\/waltrop\/wp-content\/uploads\/sites\/86\/2021\/05\/20210517_165724-1024x768.jpg\" alt=\"\" width=\"1024\" height=\"768\" \/><\/p>\n<p><img loading=\"lazy\" decoding=\"async\" class=\"aligncenter size-large wp-image-985\" src=\"https:\/\/weltlaeden.de\/waltrop\/wp-content\/uploads\/sites\/86\/2021\/05\/20210517_165732-1024x768.jpg\" alt=\"\" width=\"1024\" height=\"768\" \/><\/p>\n<p>Shopper und BW-Taschen mit dem Aufdruck \u201eplastikfrei\u201c, Holzutensilien oder Kissenbez\u00fcge.<\/p>\n<p><img loading=\"lazy\" decoding=\"async\" class=\"aligncenter size-large wp-image-986\" src=\"https:\/\/weltlaeden.de\/waltrop\/wp-content\/uploads\/sites\/86\/2021\/05\/20210517_165809-1024x768.jpg\" alt=\"\" width=\"1024\" height=\"768\" \/><\/p>\n<p>Bunte Keramik f\u00fcr den Tisch und genau so bunt und ausgefallen sind die Socken!<\/p>\n<p><img loading=\"lazy\" decoding=\"async\" class=\"aligncenter size-large wp-image-987\" src=\"https:\/\/weltlaeden.de\/waltrop\/wp-content\/uploads\/sites\/86\/2021\/05\/20210517_165817-1024x768.jpg\" alt=\"\" width=\"1024\" height=\"768\" \/><\/p>\n<p>Filzk\u00f6rbe und Untersetzer, Skulpturen aus Speckstein<\/p>\n<p><img loading=\"lazy\" decoding=\"async\" class=\"aligncenter size-large wp-image-992\" src=\"https:\/\/weltlaeden.de\/waltrop\/wp-content\/uploads\/sites\/86\/2021\/05\/20210517_165908-1024x768.jpg\" alt=\"\" width=\"1024\" height=\"768\" \/><\/p>\n<p>Schneidbretter aus Marmor mit Holz oder Edelstahl-Trinkhalme statt Plastik<\/p>\n<p><img loading=\"lazy\" decoding=\"async\" class=\"aligncenter size-large wp-image-997\" src=\"https:\/\/weltlaeden.de\/waltrop\/wp-content\/uploads\/sites\/86\/2021\/05\/20210517_165957-1024x768.jpg\" alt=\"\" width=\"1024\" height=\"768\" \/><\/p>\n<p>Bunte Keramik, Mikrowellen- u. Sp\u00fclmaschinen geeignet, und eine Glasserie aus recyceltem Glas aus Chile<\/p>\n<p><img loading=\"lazy\" decoding=\"async\" class=\"aligncenter size-large wp-image-998\" src=\"https:\/\/weltlaeden.de\/waltrop\/wp-content\/uploads\/sites\/86\/2021\/05\/20210517_170004-1024x768.jpg\" alt=\"\" width=\"1024\" height=\"768\" \/><\/p>\n<p><img loading=\"lazy\" decoding=\"async\" class=\"aligncenter size-large wp-image-999\" src=\"https:\/\/weltlaeden.de\/waltrop\/wp-content\/uploads\/sites\/86\/2021\/05\/20210517_170014-1024x768.jpg\" alt=\"\" width=\"1024\" height=\"768\" \/><\/p>\n<p>Kindersch\u00fcrzen und Kindergeschirr, Obst- u. Gem\u00fcsebeutel, Sp\u00fclt\u00fccher, Topflappen, Wischt\u00fccher, Geschirrt\u00fccher, Gummihandschuhe\u2026.<\/p>\n<p><img loading=\"lazy\" decoding=\"async\" class=\"aligncenter size-large wp-image-1000\" src=\"https:\/\/weltlaeden.de\/waltrop\/wp-content\/uploads\/sites\/86\/2021\/05\/20210517_165606-1024x768.jpg\" alt=\"\" width=\"1024\" height=\"768\" \/><\/p>\n<p>Pastellfarbenes Geschirr.<\/p>\n<p><img loading=\"lazy\" decoding=\"async\" class=\"aligncenter size-large wp-image-1001\" src=\"https:\/\/weltlaeden.de\/waltrop\/wp-content\/uploads\/sites\/86\/2021\/05\/20210517_165619-1024x768.jpg\" alt=\"\" width=\"1024\" height=\"768\" \/><\/p>\n<p><img loading=\"lazy\" decoding=\"async\" class=\"aligncenter size-large wp-image-1002\" src=\"https:\/\/weltlaeden.de\/waltrop\/wp-content\/uploads\/sites\/86\/2021\/05\/20210517_165627-1024x768.jpg\" alt=\"\" width=\"1024\" height=\"768\" \/><\/p>\n<p>Sch\u00f6ne Korbtaschen f\u00fcr gro\u00dfe und kleine Eink\u00e4ufe.<\/p>\n<p><img loading=\"lazy\" decoding=\"async\" class=\"aligncenter size-large wp-image-1004\" src=\"https:\/\/weltlaeden.de\/waltrop\/wp-content\/uploads\/sites\/86\/2021\/05\/20210517_165703-1024x768.jpg\" alt=\"\" width=\"1024\" height=\"768\" \/><\/p>\n<p>Partygeschirr aus Palmbl\u00e4ttern, sogar mikrowellengeeignet, ein neues Produkt aus Nepal.<\/p>\n<p><img loading=\"lazy\" decoding=\"async\" class=\"aligncenter size-large wp-image-988\" src=\"https:\/\/weltlaeden.de\/waltrop\/wp-content\/uploads\/sites\/86\/2021\/05\/20210517_165828-1024x768.jpg\" alt=\"\" width=\"1024\" height=\"768\" \/><\/p>\n<p><img loading=\"lazy\" decoding=\"async\" class=\"aligncenter size-large wp-image-989\" src=\"https:\/\/weltlaeden.de\/waltrop\/wp-content\/uploads\/sites\/86\/2021\/05\/20210517_165833-1024x768.jpg\" alt=\"\" width=\"1024\" height=\"768\" \/><\/p>\n<p>Wundersch\u00f6ner, handgefertigter Echtschmuck aus Kolumbien, Peru oder Indien<\/p>\n<p><img loading=\"lazy\" decoding=\"async\" class=\"aligncenter size-large wp-image-990\" src=\"https:\/\/weltlaeden.de\/waltrop\/wp-content\/uploads\/sites\/86\/2021\/05\/20210517_165850-1024x768.jpg\" alt=\"\" width=\"1024\" height=\"768\" \/><\/p>\n<p><img loading=\"lazy\" decoding=\"async\" class=\"aligncenter size-large wp-image-991\" src=\"https:\/\/weltlaeden.de\/waltrop\/wp-content\/uploads\/sites\/86\/2021\/05\/20210517_165900-1024x768.jpg\" alt=\"\" width=\"1024\" height=\"768\" \/><\/p>\n<p>Ausgefallene Skulpturen aus Bronze, genau so ausgefallen wie der vielf\u00e4ltige Schmuck<\/p>\n<p><img loading=\"lazy\" decoding=\"async\" class=\"aligncenter size-large wp-image-993\" src=\"https:\/\/weltlaeden.de\/waltrop\/wp-content\/uploads\/sites\/86\/2021\/05\/20210517_165935-1024x768.jpg\" alt=\"\" width=\"1024\" height=\"768\" \/><\/p>\n<p><img loading=\"lazy\" decoding=\"async\" class=\"aligncenter size-large wp-image-994\" src=\"https:\/\/weltlaeden.de\/waltrop\/wp-content\/uploads\/sites\/86\/2021\/05\/20210517_165939-1024x768.jpg\" alt=\"\" width=\"1024\" height=\"768\" \/><\/p>\n<p><img loading=\"lazy\" decoding=\"async\" class=\"aligncenter size-large wp-image-995\" src=\"https:\/\/weltlaeden.de\/waltrop\/wp-content\/uploads\/sites\/86\/2021\/05\/20210517_165942-1024x768.jpg\" alt=\"\" width=\"1024\" height=\"768\" \/><\/p>\n<p><img loading=\"lazy\" decoding=\"async\" class=\"aligncenter size-large wp-image-996\" src=\"https:\/\/weltlaeden.de\/waltrop\/wp-content\/uploads\/sites\/86\/2021\/05\/20210517_165946-1024x768.jpg\" alt=\"\" width=\"1024\" height=\"768\" \/><\/p>\n<p>Ob Ketten, Armb\u00e4nder, Ringe, Broschen oder Ohrringe: f\u00fcr (fast) jeden Geschmack ist etwas dabei![\/vc_column_text][\/vc_column][\/vc_row]<\/p>\n<\/div>","protected":false},"excerpt":{"rendered":"<p>[vc_row][vc_column][vc_column_text] Alles neu im Mai Zahnb\u00fcrsten aus Bambus, lustige Eierbecher und Untersetzer aus Filz oder statt Alufolie unsere Bienenwachst\u00fccher. Shopper und BW-Taschen mit dem Aufdruck \u201eplastikfrei\u201c, Holzutensilien oder Kissenbez\u00fcge. Bunte Keramik f\u00fcr den Tisch und genau so bunt und ausgefallen sind die Socken! Filzk\u00f6rbe und Untersetzer, Skulpturen aus Speckstein Schneidbretter aus Marmor mit Holz oder&hellip;<\/p>\n","protected":false},"author":129,"featured_media":0,"parent":0,"menu_order":0,"comment_status":"closed","ping_status":"closed","template":"","meta":{"footnotes":""},"class_list":["post-982","page","type-page","status-publish","hentry","description-off"],"yoast_head":"<!-- This site is optimized with the Yoast SEO plugin v26.8 - https:\/\/yoast.com\/product\/yoast-seo-wordpress\/ -->\n<title>Alles neu im Mai - Weltladen Waltrop<\/title>\n<meta name=\"robots\" content=\"index, follow, max-snippet:-1, max-image-preview:large, max-video-preview:-1\" \/>\n<link rel=\"canonical\" href=\"https:\/\/weltlaeden.de\/waltrop\/alles-neu-im-mai\/\" \/>\n<meta property=\"og:locale\" content=\"de_DE\" \/>\n<meta property=\"og:type\" content=\"article\" \/>\n<meta property=\"og:title\" content=\"Alles neu im Mai - Weltladen Waltrop\" \/>\n<meta property=\"og:description\" content=\"[vc_row][vc_column][vc_column_text] Alles neu im Mai Zahnb\u00fcrsten aus Bambus, lustige Eierbecher und Untersetzer aus Filz oder statt Alufolie unsere Bienenwachst\u00fccher. Shopper und BW-Taschen mit dem Aufdruck \u201eplastikfrei\u201c, Holzutensilien oder Kissenbez\u00fcge. Bunte Keramik f\u00fcr den Tisch und genau so bunt und ausgefallen sind die Socken! Filzk\u00f6rbe und Untersetzer, Skulpturen aus Speckstein Schneidbretter aus Marmor mit Holz oder&hellip;\" \/>\n<meta property=\"og:url\" content=\"https:\/\/weltlaeden.de\/waltrop\/alles-neu-im-mai\/\" \/>\n<meta property=\"og:site_name\" content=\"Weltladen Waltrop\" \/>\n<meta property=\"article:modified_time\" content=\"2021-05-18T18:17:19+00:00\" \/>\n<meta property=\"og:image\" content=\"https:\/\/weltlaeden.de\/waltrop\/wp-content\/uploads\/sites\/86\/2021\/05\/20210517_165713-1024x768.jpg\" \/>\n<meta name=\"twitter:card\" content=\"summary_large_image\" \/>\n<meta name=\"twitter:label1\" content=\"Gesch\u00e4tzte Lesezeit\" \/>\n\t<meta name=\"twitter:data1\" content=\"1\u00a0Minute\" \/>\n<script type=\"application\/ld+json\" class=\"yoast-schema-graph\">{\"@context\":\"https:\/\/schema.org\",\"@graph\":[{\"@type\":\"WebPage\",\"@id\":\"https:\/\/weltlaeden.de\/waltrop\/alles-neu-im-mai\/\",\"url\":\"https:\/\/weltlaeden.de\/waltrop\/alles-neu-im-mai\/\",\"name\":\"Alles neu im Mai - Weltladen Waltrop\",\"isPartOf\":{\"@id\":\"https:\/\/weltlaeden.de\/waltrop\/#website\"},\"primaryImageOfPage\":{\"@id\":\"https:\/\/weltlaeden.de\/waltrop\/alles-neu-im-mai\/#primaryimage\"},\"image\":{\"@id\":\"https:\/\/weltlaeden.de\/waltrop\/alles-neu-im-mai\/#primaryimage\"},\"thumbnailUrl\":\"https:\/\/weltlaeden.de\/waltrop\/wp-content\/uploads\/sites\/86\/2021\/05\/20210517_165713-1024x768.jpg\",\"datePublished\":\"2021-05-18T17:38:49+00:00\",\"dateModified\":\"2021-05-18T18:17:19+00:00\",\"breadcrumb\":{\"@id\":\"https:\/\/weltlaeden.de\/waltrop\/alles-neu-im-mai\/#breadcrumb\"},\"inLanguage\":\"de\",\"potentialAction\":[{\"@type\":\"ReadAction\",\"target\":[\"https:\/\/weltlaeden.de\/waltrop\/alles-neu-im-mai\/\"]}]},{\"@type\":\"ImageObject\",\"inLanguage\":\"de\",\"@id\":\"https:\/\/weltlaeden.de\/waltrop\/alles-neu-im-mai\/#primaryimage\",\"url\":\"https:\/\/weltlaeden.de\/waltrop\/wp-content\/uploads\/sites\/86\/2021\/05\/20210517_165713-1024x768.jpg\",\"contentUrl\":\"https:\/\/weltlaeden.de\/waltrop\/wp-content\/uploads\/sites\/86\/2021\/05\/20210517_165713-1024x768.jpg\"},{\"@type\":\"BreadcrumbList\",\"@id\":\"https:\/\/weltlaeden.de\/waltrop\/alles-neu-im-mai\/#breadcrumb\",\"itemListElement\":[{\"@type\":\"ListItem\",\"position\":1,\"name\":\"Startseite\",\"item\":\"https:\/\/weltlaeden.de\/waltrop\/\"},{\"@type\":\"ListItem\",\"position\":2,\"name\":\"Alles neu im Mai\"}]},{\"@type\":\"WebSite\",\"@id\":\"https:\/\/weltlaeden.de\/waltrop\/#website\",\"url\":\"https:\/\/weltlaeden.de\/waltrop\/\",\"name\":\"Weltladen Waltrop\",\"description\":\"Faire Produkte seit 1990\",\"potentialAction\":[{\"@type\":\"SearchAction\",\"target\":{\"@type\":\"EntryPoint\",\"urlTemplate\":\"https:\/\/weltlaeden.de\/waltrop\/?s={search_term_string}\"},\"query-input\":{\"@type\":\"PropertyValueSpecification\",\"valueRequired\":true,\"valueName\":\"search_term_string\"}}],\"inLanguage\":\"de\"}]}<\/script>\n<!-- \/ Yoast SEO plugin. -->","yoast_head_json":{"title":"Alles neu im Mai - Weltladen Waltrop","robots":{"index":"index","follow":"follow","max-snippet":"max-snippet:-1","max-image-preview":"max-image-preview:large","max-video-preview":"max-video-preview:-1"},"canonical":"https:\/\/weltlaeden.de\/waltrop\/alles-neu-im-mai\/","og_locale":"de_DE","og_type":"article","og_title":"Alles neu im Mai - Weltladen Waltrop","og_description":"[vc_row][vc_column][vc_column_text] Alles neu im Mai Zahnb\u00fcrsten aus Bambus, lustige Eierbecher und Untersetzer aus Filz oder statt Alufolie unsere Bienenwachst\u00fccher. Shopper und BW-Taschen mit dem Aufdruck \u201eplastikfrei\u201c, Holzutensilien oder Kissenbez\u00fcge. Bunte Keramik f\u00fcr den Tisch und genau so bunt und ausgefallen sind die Socken! Filzk\u00f6rbe und Untersetzer, Skulpturen aus Speckstein Schneidbretter aus Marmor mit Holz oder&hellip;","og_url":"https:\/\/weltlaeden.de\/waltrop\/alles-neu-im-mai\/","og_site_name":"Weltladen Waltrop","article_modified_time":"2021-05-18T18:17:19+00:00","og_image":[{"url":"https:\/\/weltlaeden.de\/waltrop\/wp-content\/uploads\/sites\/86\/2021\/05\/20210517_165713-1024x768.jpg","type":"","width":"","height":""}],"twitter_card":"summary_large_image","twitter_misc":{"Gesch\u00e4tzte Lesezeit":"1\u00a0Minute"},"schema":{"@context":"https:\/\/schema.org","@graph":[{"@type":"WebPage","@id":"https:\/\/weltlaeden.de\/waltrop\/alles-neu-im-mai\/","url":"https:\/\/weltlaeden.de\/waltrop\/alles-neu-im-mai\/","name":"Alles neu im Mai - Weltladen Waltrop","isPartOf":{"@id":"https:\/\/weltlaeden.de\/waltrop\/#website"},"primaryImageOfPage":{"@id":"https:\/\/weltlaeden.de\/waltrop\/alles-neu-im-mai\/#primaryimage"},"image":{"@id":"https:\/\/weltlaeden.de\/waltrop\/alles-neu-im-mai\/#primaryimage"},"thumbnailUrl":"https:\/\/weltlaeden.de\/waltrop\/wp-content\/uploads\/sites\/86\/2021\/05\/20210517_165713-1024x768.jpg","datePublished":"2021-05-18T17:38:49+00:00","dateModified":"2021-05-18T18:17:19+00:00","breadcrumb":{"@id":"https:\/\/weltlaeden.de\/waltrop\/alles-neu-im-mai\/#breadcrumb"},"inLanguage":"de","potentialAction":[{"@type":"ReadAction","target":["https:\/\/weltlaeden.de\/waltrop\/alles-neu-im-mai\/"]}]},{"@type":"ImageObject","inLanguage":"de","@id":"https:\/\/weltlaeden.de\/waltrop\/alles-neu-im-mai\/#primaryimage","url":"https:\/\/weltlaeden.de\/waltrop\/wp-content\/uploads\/sites\/86\/2021\/05\/20210517_165713-1024x768.jpg","contentUrl":"https:\/\/weltlaeden.de\/waltrop\/wp-content\/uploads\/sites\/86\/2021\/05\/20210517_165713-1024x768.jpg"},{"@type":"BreadcrumbList","@id":"https:\/\/weltlaeden.de\/waltrop\/alles-neu-im-mai\/#breadcrumb","itemListElement":[{"@type":"ListItem","position":1,"name":"Startseite","item":"https:\/\/weltlaeden.de\/waltrop\/"},{"@type":"ListItem","position":2,"name":"Alles neu im Mai"}]},{"@type":"WebSite","@id":"https:\/\/weltlaeden.de\/waltrop\/#website","url":"https:\/\/weltlaeden.de\/waltrop\/","name":"Weltladen Waltrop","description":"Faire Produkte seit 1990","potentialAction":[{"@type":"SearchAction","target":{"@type":"EntryPoint","urlTemplate":"https:\/\/weltlaeden.de\/waltrop\/?s={search_term_string}"},"query-input":{"@type":"PropertyValueSpecification","valueRequired":true,"valueName":"search_term_string"}}],"inLanguage":"de"}]}},"_links":{"self":[{"href":"https:\/\/weltlaeden.de\/waltrop\/wp-json\/wp\/v2\/pages\/982","targetHints":{"allow":["GET"]}}],"collection":[{"href":"https:\/\/weltlaeden.de\/waltrop\/wp-json\/wp\/v2\/pages"}],"about":[{"href":"https:\/\/weltlaeden.de\/waltrop\/wp-json\/wp\/v2\/types\/page"}],"author":[{"embeddable":true,"href":"https:\/\/weltlaeden.de\/waltrop\/wp-json\/wp\/v2\/users\/129"}],"replies":[{"embeddable":true,"href":"https:\/\/weltlaeden.de\/waltrop\/wp-json\/wp\/v2\/comments?post=982"}],"version-history":[{"count":3,"href":"https:\/\/weltlaeden.de\/waltrop\/wp-json\/wp\/v2\/pages\/982\/revisions"}],"predecessor-version":[{"id":1012,"href":"https:\/\/weltlaeden.de\/waltrop\/wp-json\/wp\/v2\/pages\/982\/revisions\/1012"}],"wp:attachment":[{"href":"https:\/\/weltlaeden.de\/waltrop\/wp-json\/wp\/v2\/media?parent=982"}],"curies":[{"name":"wp","href":"https:\/\/api.w.org\/{rel}","templated":true}]}}