{"id":835,"date":"2020-11-08T16:58:40","date_gmt":"2020-11-08T15:58:40","guid":{"rendered":"https:\/\/weltlaeden.de\/waltrop\/?page_id=835"},"modified":"2020-11-08T16:58:40","modified_gmt":"2020-11-08T15:58:40","slug":"winterwunderwelt","status":"publish","type":"page","link":"https:\/\/weltlaeden.de\/waltrop\/winterwunderwelt\/","title":{"rendered":"Winterwunderwelt"},"content":{"rendered":"<div class=\"wpb-content-wrapper\"><p>[vc_row][vc_column][vc_column_text]<\/p>\n<h2>Winterwunderwelt<\/h2>\n<p><img loading=\"lazy\" decoding=\"async\" class=\"aligncenter size-large wp-image-836\" src=\"https:\/\/weltlaeden.de\/waltrop\/wp-content\/uploads\/sites\/86\/2020\/11\/20201107_141031-1024x768.jpg\" alt=\"\" width=\"1024\" height=\"768\" \/><\/p>\n<p>Vielfalt f\u00fcr jeden Geschmack und alles in fairer Handarbeit hergestellt<\/p>\n<p><img loading=\"lazy\" decoding=\"async\" class=\"aligncenter size-large wp-image-837\" src=\"https:\/\/weltlaeden.de\/waltrop\/wp-content\/uploads\/sites\/86\/2020\/11\/20201107_141040-1024x768.jpg\" alt=\"\" width=\"1024\" height=\"768\" \/><\/p>\n<p>Sch\u00f6ne Windlichter, niedliche Filzengel oder doch lieber die s\u00fc\u00dfen Eisb\u00e4ren aus Speckstein?<\/p>\n<p><img loading=\"lazy\" decoding=\"async\" class=\"aligncenter size-large wp-image-838\" src=\"https:\/\/weltlaeden.de\/waltrop\/wp-content\/uploads\/sites\/86\/2020\/11\/20201107_141045-1024x768.jpg\" alt=\"\" width=\"1024\" height=\"768\" \/><\/p>\n<p>Exquisite Geschenke<\/p>\n<p><img loading=\"lazy\" decoding=\"async\" class=\"aligncenter size-large wp-image-839\" src=\"https:\/\/weltlaeden.de\/waltrop\/wp-content\/uploads\/sites\/86\/2020\/11\/20201107_141052-1024x768.jpg\" alt=\"\" width=\"1024\" height=\"768\" \/><\/p>\n<p>Allerlei aus Filz<\/p>\n<p><img loading=\"lazy\" decoding=\"async\" class=\"aligncenter size-large wp-image-840\" src=\"https:\/\/weltlaeden.de\/waltrop\/wp-content\/uploads\/sites\/86\/2020\/11\/20201107_141102-1024x768.jpg\" alt=\"\" width=\"1024\" height=\"768\" \/><\/p>\n<p>Geschirr \u201e Sternenhimmel\u201c : wundersch\u00f6n und doch Sp\u00fclmaschinen geeignet!<\/p>\n<p><img loading=\"lazy\" decoding=\"async\" class=\"aligncenter size-large wp-image-841\" src=\"https:\/\/weltlaeden.de\/waltrop\/wp-content\/uploads\/sites\/86\/2020\/11\/20201107_141121-1024x768.jpg\" alt=\"\" width=\"1024\" height=\"768\" \/><\/p>\n<p>Moderne und klassische Krippen<\/p>\n<p><img loading=\"lazy\" decoding=\"async\" class=\"aligncenter size-large wp-image-842\" src=\"https:\/\/weltlaeden.de\/waltrop\/wp-content\/uploads\/sites\/86\/2020\/11\/20201107_141128-1024x768.jpg\" alt=\"\" width=\"1024\" height=\"768\" \/><\/p>\n<p>Produkte u. a. aus Olivenholz<\/p>\n<p><img loading=\"lazy\" decoding=\"async\" class=\"aligncenter size-large wp-image-843\" src=\"https:\/\/weltlaeden.de\/waltrop\/wp-content\/uploads\/sites\/86\/2020\/11\/20201107_141132-1024x768.jpg\" alt=\"\" width=\"1024\" height=\"768\" \/><\/p>\n<p>Niedliche Filzanh\u00e4nger<\/p>\n<p><img loading=\"lazy\" decoding=\"async\" class=\"aligncenter size-large wp-image-846\" src=\"https:\/\/weltlaeden.de\/waltrop\/wp-content\/uploads\/sites\/86\/2020\/11\/20201107_141202-1024x768.jpg\" alt=\"\" width=\"1024\" height=\"768\" \/><\/p>\n<p><img loading=\"lazy\" decoding=\"async\" class=\"aligncenter size-large wp-image-847\" src=\"https:\/\/weltlaeden.de\/waltrop\/wp-content\/uploads\/sites\/86\/2020\/11\/20201107_141219-1024x768.jpg\" alt=\"\" width=\"1024\" height=\"768\" \/><\/p>\n<p><img loading=\"lazy\" decoding=\"async\" class=\"aligncenter size-large wp-image-848\" src=\"https:\/\/weltlaeden.de\/waltrop\/wp-content\/uploads\/sites\/86\/2020\/11\/20201107_141223-1024x768.jpg\" alt=\"\" width=\"1024\" height=\"768\" \/><\/p>\n<p>Filigranes Kunsthandwerk u. a. aus Papier<\/p>\n<p><img loading=\"lazy\" decoding=\"async\" class=\"aligncenter size-large wp-image-852\" src=\"https:\/\/weltlaeden.de\/waltrop\/wp-content\/uploads\/sites\/86\/2020\/11\/20201107_141007-1024x768.jpg\" alt=\"\" width=\"1024\" height=\"768\" \/><\/p>\n<p><img loading=\"lazy\" decoding=\"async\" class=\"aligncenter size-large wp-image-853\" src=\"https:\/\/weltlaeden.de\/waltrop\/wp-content\/uploads\/sites\/86\/2020\/11\/20201107_141010-1024x768.jpg\" alt=\"\" width=\"1024\" height=\"768\" \/><\/p>\n<p>Holzdeko im shabby chic<\/p>\n<p><img loading=\"lazy\" decoding=\"async\" class=\"aligncenter size-large wp-image-854\" src=\"https:\/\/weltlaeden.de\/waltrop\/wp-content\/uploads\/sites\/86\/2020\/11\/20201107_141017-1024x768.jpg\" alt=\"\" width=\"1024\" height=\"768\" \/><\/p>\n<p>Tischl\u00e4ufer und Sch\u00fcrzen im Weihnachtslook<\/p>\n<p><img loading=\"lazy\" decoding=\"async\" class=\"aligncenter size-large wp-image-849\" src=\"https:\/\/weltlaeden.de\/waltrop\/wp-content\/uploads\/sites\/86\/2020\/11\/20201107_141234-1024x768.jpg\" alt=\"\" width=\"1024\" height=\"768\" \/><\/p>\n<p><img loading=\"lazy\" decoding=\"async\" class=\"aligncenter size-large wp-image-850\" src=\"https:\/\/weltlaeden.de\/waltrop\/wp-content\/uploads\/sites\/86\/2020\/11\/20201107_140923-1024x768.jpg\" alt=\"\" width=\"1024\" height=\"768\" \/><\/p>\n<p><img loading=\"lazy\" decoding=\"async\" class=\"aligncenter size-large wp-image-851\" src=\"https:\/\/weltlaeden.de\/waltrop\/wp-content\/uploads\/sites\/86\/2020\/11\/20201107_140941-1024x768.jpg\" alt=\"\" width=\"1024\" height=\"768\" \/><\/p>\n<p>Nat\u00fcrlich auch Weihnachtskarten und Weihnachtskerzen<\/p>\n<p><img loading=\"lazy\" decoding=\"async\" class=\"aligncenter size-large wp-image-844\" src=\"https:\/\/weltlaeden.de\/waltrop\/wp-content\/uploads\/sites\/86\/2020\/11\/20201107_141142-1024x768.jpg\" alt=\"\" width=\"1024\" height=\"768\" \/><\/p>\n<p><img loading=\"lazy\" decoding=\"async\" class=\"aligncenter size-large wp-image-845\" src=\"https:\/\/weltlaeden.de\/waltrop\/wp-content\/uploads\/sites\/86\/2020\/11\/20201107_141151-1024x768.jpg\" alt=\"\" width=\"1024\" height=\"768\" \/><\/p>\n<p>Und nicht zuletzt : Weihnachtsleckereien sowie auch der Adventskalender 2020 und der \u201eechte\u201c Nikolaus!<\/p>\n<p>[\/vc_column_text][\/vc_column][\/vc_row]<\/p>\n<\/div>","protected":false},"excerpt":{"rendered":"<p>[vc_row][vc_column][vc_column_text] Winterwunderwelt Vielfalt f\u00fcr jeden Geschmack und alles in fairer Handarbeit hergestellt Sch\u00f6ne Windlichter, niedliche Filzengel oder doch lieber die s\u00fc\u00dfen Eisb\u00e4ren aus Speckstein? Exquisite Geschenke Allerlei aus Filz Geschirr \u201e Sternenhimmel\u201c : wundersch\u00f6n und doch Sp\u00fclmaschinen geeignet! Moderne und klassische Krippen Produkte u. a. aus Olivenholz Niedliche Filzanh\u00e4nger Filigranes Kunsthandwerk u. a. aus Papier&hellip;<\/p>\n","protected":false},"author":129,"featured_media":0,"parent":0,"menu_order":0,"comment_status":"closed","ping_status":"closed","template":"","meta":{"footnotes":""},"class_list":["post-835","page","type-page","status-publish","hentry","description-off"],"yoast_head":"<!-- This site is optimized with the Yoast SEO plugin v26.8 - https:\/\/yoast.com\/product\/yoast-seo-wordpress\/ -->\n<title>Winterwunderwelt - Weltladen Waltrop<\/title>\n<meta name=\"robots\" content=\"index, follow, max-snippet:-1, max-image-preview:large, max-video-preview:-1\" \/>\n<link rel=\"canonical\" href=\"https:\/\/weltlaeden.de\/waltrop\/winterwunderwelt\/\" \/>\n<meta property=\"og:locale\" content=\"de_DE\" \/>\n<meta property=\"og:type\" content=\"article\" \/>\n<meta property=\"og:title\" content=\"Winterwunderwelt - Weltladen Waltrop\" \/>\n<meta property=\"og:description\" content=\"[vc_row][vc_column][vc_column_text] Winterwunderwelt Vielfalt f\u00fcr jeden Geschmack und alles in fairer Handarbeit hergestellt Sch\u00f6ne Windlichter, niedliche Filzengel oder doch lieber die s\u00fc\u00dfen Eisb\u00e4ren aus Speckstein? Exquisite Geschenke Allerlei aus Filz Geschirr \u201e Sternenhimmel\u201c : wundersch\u00f6n und doch Sp\u00fclmaschinen geeignet! Moderne und klassische Krippen Produkte u. a. aus Olivenholz Niedliche Filzanh\u00e4nger Filigranes Kunsthandwerk u. a. aus Papier&hellip;\" \/>\n<meta property=\"og:url\" content=\"https:\/\/weltlaeden.de\/waltrop\/winterwunderwelt\/\" \/>\n<meta property=\"og:site_name\" content=\"Weltladen Waltrop\" \/>\n<meta property=\"og:image\" content=\"https:\/\/weltlaeden.de\/waltrop\/wp-content\/uploads\/sites\/86\/2020\/11\/20201107_141031-1024x768.jpg\" \/>\n<meta name=\"twitter:card\" content=\"summary_large_image\" \/>\n<meta name=\"twitter:label1\" content=\"Gesch\u00e4tzte Lesezeit\" \/>\n\t<meta name=\"twitter:data1\" content=\"1\u00a0Minute\" \/>\n<script type=\"application\/ld+json\" class=\"yoast-schema-graph\">{\"@context\":\"https:\/\/schema.org\",\"@graph\":[{\"@type\":\"WebPage\",\"@id\":\"https:\/\/weltlaeden.de\/waltrop\/winterwunderwelt\/\",\"url\":\"https:\/\/weltlaeden.de\/waltrop\/winterwunderwelt\/\",\"name\":\"Winterwunderwelt - Weltladen Waltrop\",\"isPartOf\":{\"@id\":\"https:\/\/weltlaeden.de\/waltrop\/#website\"},\"primaryImageOfPage\":{\"@id\":\"https:\/\/weltlaeden.de\/waltrop\/winterwunderwelt\/#primaryimage\"},\"image\":{\"@id\":\"https:\/\/weltlaeden.de\/waltrop\/winterwunderwelt\/#primaryimage\"},\"thumbnailUrl\":\"https:\/\/weltlaeden.de\/waltrop\/wp-content\/uploads\/sites\/86\/2020\/11\/20201107_141031-1024x768.jpg\",\"datePublished\":\"2020-11-08T15:58:40+00:00\",\"breadcrumb\":{\"@id\":\"https:\/\/weltlaeden.de\/waltrop\/winterwunderwelt\/#breadcrumb\"},\"inLanguage\":\"de\",\"potentialAction\":[{\"@type\":\"ReadAction\",\"target\":[\"https:\/\/weltlaeden.de\/waltrop\/winterwunderwelt\/\"]}]},{\"@type\":\"ImageObject\",\"inLanguage\":\"de\",\"@id\":\"https:\/\/weltlaeden.de\/waltrop\/winterwunderwelt\/#primaryimage\",\"url\":\"https:\/\/weltlaeden.de\/waltrop\/wp-content\/uploads\/sites\/86\/2020\/11\/20201107_141031-1024x768.jpg\",\"contentUrl\":\"https:\/\/weltlaeden.de\/waltrop\/wp-content\/uploads\/sites\/86\/2020\/11\/20201107_141031-1024x768.jpg\"},{\"@type\":\"BreadcrumbList\",\"@id\":\"https:\/\/weltlaeden.de\/waltrop\/winterwunderwelt\/#breadcrumb\",\"itemListElement\":[{\"@type\":\"ListItem\",\"position\":1,\"name\":\"Startseite\",\"item\":\"https:\/\/weltlaeden.de\/waltrop\/\"},{\"@type\":\"ListItem\",\"position\":2,\"name\":\"Winterwunderwelt\"}]},{\"@type\":\"WebSite\",\"@id\":\"https:\/\/weltlaeden.de\/waltrop\/#website\",\"url\":\"https:\/\/weltlaeden.de\/waltrop\/\",\"name\":\"Weltladen Waltrop\",\"description\":\"Faire Produkte seit 1990\",\"potentialAction\":[{\"@type\":\"SearchAction\",\"target\":{\"@type\":\"EntryPoint\",\"urlTemplate\":\"https:\/\/weltlaeden.de\/waltrop\/?s={search_term_string}\"},\"query-input\":{\"@type\":\"PropertyValueSpecification\",\"valueRequired\":true,\"valueName\":\"search_term_string\"}}],\"inLanguage\":\"de\"}]}<\/script>\n<!-- \/ Yoast SEO plugin. -->","yoast_head_json":{"title":"Winterwunderwelt - Weltladen Waltrop","robots":{"index":"index","follow":"follow","max-snippet":"max-snippet:-1","max-image-preview":"max-image-preview:large","max-video-preview":"max-video-preview:-1"},"canonical":"https:\/\/weltlaeden.de\/waltrop\/winterwunderwelt\/","og_locale":"de_DE","og_type":"article","og_title":"Winterwunderwelt - Weltladen Waltrop","og_description":"[vc_row][vc_column][vc_column_text] Winterwunderwelt Vielfalt f\u00fcr jeden Geschmack und alles in fairer Handarbeit hergestellt Sch\u00f6ne Windlichter, niedliche Filzengel oder doch lieber die s\u00fc\u00dfen Eisb\u00e4ren aus Speckstein? Exquisite Geschenke Allerlei aus Filz Geschirr \u201e Sternenhimmel\u201c : wundersch\u00f6n und doch Sp\u00fclmaschinen geeignet! Moderne und klassische Krippen Produkte u. a. aus Olivenholz Niedliche Filzanh\u00e4nger Filigranes Kunsthandwerk u. a. aus Papier&hellip;","og_url":"https:\/\/weltlaeden.de\/waltrop\/winterwunderwelt\/","og_site_name":"Weltladen Waltrop","og_image":[{"url":"https:\/\/weltlaeden.de\/waltrop\/wp-content\/uploads\/sites\/86\/2020\/11\/20201107_141031-1024x768.jpg","type":"","width":"","height":""}],"twitter_card":"summary_large_image","twitter_misc":{"Gesch\u00e4tzte Lesezeit":"1\u00a0Minute"},"schema":{"@context":"https:\/\/schema.org","@graph":[{"@type":"WebPage","@id":"https:\/\/weltlaeden.de\/waltrop\/winterwunderwelt\/","url":"https:\/\/weltlaeden.de\/waltrop\/winterwunderwelt\/","name":"Winterwunderwelt - Weltladen Waltrop","isPartOf":{"@id":"https:\/\/weltlaeden.de\/waltrop\/#website"},"primaryImageOfPage":{"@id":"https:\/\/weltlaeden.de\/waltrop\/winterwunderwelt\/#primaryimage"},"image":{"@id":"https:\/\/weltlaeden.de\/waltrop\/winterwunderwelt\/#primaryimage"},"thumbnailUrl":"https:\/\/weltlaeden.de\/waltrop\/wp-content\/uploads\/sites\/86\/2020\/11\/20201107_141031-1024x768.jpg","datePublished":"2020-11-08T15:58:40+00:00","breadcrumb":{"@id":"https:\/\/weltlaeden.de\/waltrop\/winterwunderwelt\/#breadcrumb"},"inLanguage":"de","potentialAction":[{"@type":"ReadAction","target":["https:\/\/weltlaeden.de\/waltrop\/winterwunderwelt\/"]}]},{"@type":"ImageObject","inLanguage":"de","@id":"https:\/\/weltlaeden.de\/waltrop\/winterwunderwelt\/#primaryimage","url":"https:\/\/weltlaeden.de\/waltrop\/wp-content\/uploads\/sites\/86\/2020\/11\/20201107_141031-1024x768.jpg","contentUrl":"https:\/\/weltlaeden.de\/waltrop\/wp-content\/uploads\/sites\/86\/2020\/11\/20201107_141031-1024x768.jpg"},{"@type":"BreadcrumbList","@id":"https:\/\/weltlaeden.de\/waltrop\/winterwunderwelt\/#breadcrumb","itemListElement":[{"@type":"ListItem","position":1,"name":"Startseite","item":"https:\/\/weltlaeden.de\/waltrop\/"},{"@type":"ListItem","position":2,"name":"Winterwunderwelt"}]},{"@type":"WebSite","@id":"https:\/\/weltlaeden.de\/waltrop\/#website","url":"https:\/\/weltlaeden.de\/waltrop\/","name":"Weltladen Waltrop","description":"Faire Produkte seit 1990","potentialAction":[{"@type":"SearchAction","target":{"@type":"EntryPoint","urlTemplate":"https:\/\/weltlaeden.de\/waltrop\/?s={search_term_string}"},"query-input":{"@type":"PropertyValueSpecification","valueRequired":true,"valueName":"search_term_string"}}],"inLanguage":"de"}]}},"_links":{"self":[{"href":"https:\/\/weltlaeden.de\/waltrop\/wp-json\/wp\/v2\/pages\/835","targetHints":{"allow":["GET"]}}],"collection":[{"href":"https:\/\/weltlaeden.de\/waltrop\/wp-json\/wp\/v2\/pages"}],"about":[{"href":"https:\/\/weltlaeden.de\/waltrop\/wp-json\/wp\/v2\/types\/page"}],"author":[{"embeddable":true,"href":"https:\/\/weltlaeden.de\/waltrop\/wp-json\/wp\/v2\/users\/129"}],"replies":[{"embeddable":true,"href":"https:\/\/weltlaeden.de\/waltrop\/wp-json\/wp\/v2\/comments?post=835"}],"version-history":[{"count":1,"href":"https:\/\/weltlaeden.de\/waltrop\/wp-json\/wp\/v2\/pages\/835\/revisions"}],"predecessor-version":[{"id":855,"href":"https:\/\/weltlaeden.de\/waltrop\/wp-json\/wp\/v2\/pages\/835\/revisions\/855"}],"wp:attachment":[{"href":"https:\/\/weltlaeden.de\/waltrop\/wp-json\/wp\/v2\/media?parent=835"}],"curies":[{"name":"wp","href":"https:\/\/api.w.org\/{rel}","templated":true}]}}