{"id":540,"date":"2019-09-16T19:45:47","date_gmt":"2019-09-16T17:45:44","guid":{"rendered":"https:\/\/weltlaeden.de\/waltrop\/produkte\/kinderspieleug\/"},"modified":"2019-09-16T19:59:08","modified_gmt":"2019-09-16T17:59:08","slug":"kinderspielzeug","status":"publish","type":"page","link":"https:\/\/weltlaeden.de\/waltrop\/produkte\/kinderspielzeug\/","title":{"rendered":"Kinderspielzeug"},"content":{"rendered":"<p><img loading=\"lazy\" decoding=\"async\" src=\"https:\/\/weltlaeden.de\/waltrop\/wp-content\/uploads\/sites\/86\/2019\/09\/foto-kinderspielzeug-300x201.jpg\" alt=\"\" width=\"300\" height=\"201\" class=\"alignnone size-medium wp-image-520\" \/><\/p>\n<p>Spielzeug muss eine Menge Anforderungen erf\u00fcllen.<br \/>\nSicher muss es sein, die Fantasie anregen und nat\u00fcrlich Spass machen.<\/p>\n<p>F\u00fcr die Kleinsten z. B. Rasseln, Schn\u00fcffelt\u00fccher , f\u00fcr Kleinkinder Holzautos, Stoffpuppen , Stofftiere , Spardosen oder f\u00fcr die Gr\u00f6\u00dferen Lernpuzzles , Holzspielzeug, Anziehpuppen, Taschen, Geldb\u00f6rsen.<\/p>\n<p>Hierf\u00fcr gelten h\u00f6chste Sicherheitsstandards. Die Materialien wie Bio-Baumwolle oder Holz werden nach EU-Richtlinien verarbeitet, die verwendeten Farben sind selbstverst\u00e4ndlich ungiftig. <\/p>\n<p>Auch im Kinderzimmer kann durch bunte Deko Freude verbreitet werden.<\/p>\n<p>Lustige Holzgarderoben und passende Haken, Kleiderb\u00fcgel, Mobiles, bunte H\u00e4ngeschn\u00fcre tragen u. a. dazu bei.<\/p>\n<p>Und nicht zuletzt f\u00fchren wir auch Hausschuhe aus Filz  oder Lammfell.<\/p>\n","protected":false},"excerpt":{"rendered":"<p>Spielzeug muss eine Menge Anforderungen erf\u00fcllen. Sicher muss es sein, die Fantasie anregen und nat\u00fcrlich Spass machen. F\u00fcr die Kleinsten z. B. Rasseln, Schn\u00fcffelt\u00fccher , f\u00fcr Kleinkinder Holzautos, Stoffpuppen , Stofftiere , Spardosen oder f\u00fcr die Gr\u00f6\u00dferen Lernpuzzles , Holzspielzeug, Anziehpuppen, Taschen, Geldb\u00f6rsen. Hierf\u00fcr gelten h\u00f6chste Sicherheitsstandards. Die Materialien wie Bio-Baumwolle oder Holz werden nach&hellip;<\/p>\n","protected":false},"author":129,"featured_media":0,"parent":217,"menu_order":0,"comment_status":"closed","ping_status":"closed","template":"","meta":{"footnotes":""},"class_list":["post-540","page","type-page","status-publish","hentry","description-off"],"yoast_head":"<!-- This site is optimized with the Yoast SEO plugin v26.8 - https:\/\/yoast.com\/product\/yoast-seo-wordpress\/ -->\n<title>Kinderspielzeug - Weltladen Waltrop<\/title>\n<meta name=\"robots\" content=\"index, follow, max-snippet:-1, max-image-preview:large, max-video-preview:-1\" \/>\n<link rel=\"canonical\" href=\"https:\/\/weltlaeden.de\/waltrop\/produkte\/kinderspielzeug\/\" \/>\n<meta property=\"og:locale\" content=\"de_DE\" \/>\n<meta property=\"og:type\" content=\"article\" \/>\n<meta property=\"og:title\" content=\"Kinderspielzeug - Weltladen Waltrop\" \/>\n<meta property=\"og:description\" content=\"Spielzeug muss eine Menge Anforderungen erf\u00fcllen. Sicher muss es sein, die Fantasie anregen und nat\u00fcrlich Spass machen. F\u00fcr die Kleinsten z. B. Rasseln, Schn\u00fcffelt\u00fccher , f\u00fcr Kleinkinder Holzautos, Stoffpuppen , Stofftiere , Spardosen oder f\u00fcr die Gr\u00f6\u00dferen Lernpuzzles , Holzspielzeug, Anziehpuppen, Taschen, Geldb\u00f6rsen. Hierf\u00fcr gelten h\u00f6chste Sicherheitsstandards. Die Materialien wie Bio-Baumwolle oder Holz werden nach&hellip;\" \/>\n<meta property=\"og:url\" content=\"https:\/\/weltlaeden.de\/waltrop\/produkte\/kinderspielzeug\/\" \/>\n<meta property=\"og:site_name\" content=\"Weltladen Waltrop\" \/>\n<meta property=\"article:modified_time\" content=\"2019-09-16T17:59:08+00:00\" \/>\n<meta property=\"og:image\" content=\"https:\/\/weltlaeden.de\/waltrop\/wp-content\/uploads\/sites\/86\/2019\/09\/foto-kinderspielzeug-300x201.jpg\" \/>\n<meta name=\"twitter:card\" content=\"summary_large_image\" \/>\n<meta name=\"twitter:label1\" content=\"Gesch\u00e4tzte Lesezeit\" \/>\n\t<meta name=\"twitter:data1\" content=\"1\u00a0Minute\" \/>\n<script type=\"application\/ld+json\" class=\"yoast-schema-graph\">{\"@context\":\"https:\/\/schema.org\",\"@graph\":[{\"@type\":\"WebPage\",\"@id\":\"https:\/\/weltlaeden.de\/waltrop\/produkte\/kinderspielzeug\/\",\"url\":\"https:\/\/weltlaeden.de\/waltrop\/produkte\/kinderspielzeug\/\",\"name\":\"Kinderspielzeug - Weltladen Waltrop\",\"isPartOf\":{\"@id\":\"https:\/\/weltlaeden.de\/waltrop\/#website\"},\"primaryImageOfPage\":{\"@id\":\"https:\/\/weltlaeden.de\/waltrop\/produkte\/kinderspielzeug\/#primaryimage\"},\"image\":{\"@id\":\"https:\/\/weltlaeden.de\/waltrop\/produkte\/kinderspielzeug\/#primaryimage\"},\"thumbnailUrl\":\"https:\/\/weltlaeden.de\/waltrop\/wp-content\/uploads\/sites\/86\/2019\/09\/foto-kinderspielzeug-300x201.jpg\",\"datePublished\":\"2019-09-16T17:45:44+00:00\",\"dateModified\":\"2019-09-16T17:59:08+00:00\",\"breadcrumb\":{\"@id\":\"https:\/\/weltlaeden.de\/waltrop\/produkte\/kinderspielzeug\/#breadcrumb\"},\"inLanguage\":\"de\",\"potentialAction\":[{\"@type\":\"ReadAction\",\"target\":[\"https:\/\/weltlaeden.de\/waltrop\/produkte\/kinderspielzeug\/\"]}]},{\"@type\":\"ImageObject\",\"inLanguage\":\"de\",\"@id\":\"https:\/\/weltlaeden.de\/waltrop\/produkte\/kinderspielzeug\/#primaryimage\",\"url\":\"https:\/\/weltlaeden.de\/waltrop\/wp-content\/uploads\/sites\/86\/2019\/09\/foto-kinderspielzeug-300x201.jpg\",\"contentUrl\":\"https:\/\/weltlaeden.de\/waltrop\/wp-content\/uploads\/sites\/86\/2019\/09\/foto-kinderspielzeug-300x201.jpg\"},{\"@type\":\"BreadcrumbList\",\"@id\":\"https:\/\/weltlaeden.de\/waltrop\/produkte\/kinderspielzeug\/#breadcrumb\",\"itemListElement\":[{\"@type\":\"ListItem\",\"position\":1,\"name\":\"Startseite\",\"item\":\"https:\/\/weltlaeden.de\/waltrop\/\"},{\"@type\":\"ListItem\",\"position\":2,\"name\":\"Produkte\",\"item\":\"https:\/\/weltlaeden.de\/waltrop\/produkte\/\"},{\"@type\":\"ListItem\",\"position\":3,\"name\":\"Kinderspielzeug\"}]},{\"@type\":\"WebSite\",\"@id\":\"https:\/\/weltlaeden.de\/waltrop\/#website\",\"url\":\"https:\/\/weltlaeden.de\/waltrop\/\",\"name\":\"Weltladen Waltrop\",\"description\":\"Faire Produkte seit 1990\",\"potentialAction\":[{\"@type\":\"SearchAction\",\"target\":{\"@type\":\"EntryPoint\",\"urlTemplate\":\"https:\/\/weltlaeden.de\/waltrop\/?s={search_term_string}\"},\"query-input\":{\"@type\":\"PropertyValueSpecification\",\"valueRequired\":true,\"valueName\":\"search_term_string\"}}],\"inLanguage\":\"de\"}]}<\/script>\n<!-- \/ Yoast SEO plugin. -->","yoast_head_json":{"title":"Kinderspielzeug - Weltladen Waltrop","robots":{"index":"index","follow":"follow","max-snippet":"max-snippet:-1","max-image-preview":"max-image-preview:large","max-video-preview":"max-video-preview:-1"},"canonical":"https:\/\/weltlaeden.de\/waltrop\/produkte\/kinderspielzeug\/","og_locale":"de_DE","og_type":"article","og_title":"Kinderspielzeug - Weltladen Waltrop","og_description":"Spielzeug muss eine Menge Anforderungen erf\u00fcllen. Sicher muss es sein, die Fantasie anregen und nat\u00fcrlich Spass machen. F\u00fcr die Kleinsten z. B. Rasseln, Schn\u00fcffelt\u00fccher , f\u00fcr Kleinkinder Holzautos, Stoffpuppen , Stofftiere , Spardosen oder f\u00fcr die Gr\u00f6\u00dferen Lernpuzzles , Holzspielzeug, Anziehpuppen, Taschen, Geldb\u00f6rsen. Hierf\u00fcr gelten h\u00f6chste Sicherheitsstandards. Die Materialien wie Bio-Baumwolle oder Holz werden nach&hellip;","og_url":"https:\/\/weltlaeden.de\/waltrop\/produkte\/kinderspielzeug\/","og_site_name":"Weltladen Waltrop","article_modified_time":"2019-09-16T17:59:08+00:00","og_image":[{"url":"https:\/\/weltlaeden.de\/waltrop\/wp-content\/uploads\/sites\/86\/2019\/09\/foto-kinderspielzeug-300x201.jpg","type":"","width":"","height":""}],"twitter_card":"summary_large_image","twitter_misc":{"Gesch\u00e4tzte Lesezeit":"1\u00a0Minute"},"schema":{"@context":"https:\/\/schema.org","@graph":[{"@type":"WebPage","@id":"https:\/\/weltlaeden.de\/waltrop\/produkte\/kinderspielzeug\/","url":"https:\/\/weltlaeden.de\/waltrop\/produkte\/kinderspielzeug\/","name":"Kinderspielzeug - Weltladen Waltrop","isPartOf":{"@id":"https:\/\/weltlaeden.de\/waltrop\/#website"},"primaryImageOfPage":{"@id":"https:\/\/weltlaeden.de\/waltrop\/produkte\/kinderspielzeug\/#primaryimage"},"image":{"@id":"https:\/\/weltlaeden.de\/waltrop\/produkte\/kinderspielzeug\/#primaryimage"},"thumbnailUrl":"https:\/\/weltlaeden.de\/waltrop\/wp-content\/uploads\/sites\/86\/2019\/09\/foto-kinderspielzeug-300x201.jpg","datePublished":"2019-09-16T17:45:44+00:00","dateModified":"2019-09-16T17:59:08+00:00","breadcrumb":{"@id":"https:\/\/weltlaeden.de\/waltrop\/produkte\/kinderspielzeug\/#breadcrumb"},"inLanguage":"de","potentialAction":[{"@type":"ReadAction","target":["https:\/\/weltlaeden.de\/waltrop\/produkte\/kinderspielzeug\/"]}]},{"@type":"ImageObject","inLanguage":"de","@id":"https:\/\/weltlaeden.de\/waltrop\/produkte\/kinderspielzeug\/#primaryimage","url":"https:\/\/weltlaeden.de\/waltrop\/wp-content\/uploads\/sites\/86\/2019\/09\/foto-kinderspielzeug-300x201.jpg","contentUrl":"https:\/\/weltlaeden.de\/waltrop\/wp-content\/uploads\/sites\/86\/2019\/09\/foto-kinderspielzeug-300x201.jpg"},{"@type":"BreadcrumbList","@id":"https:\/\/weltlaeden.de\/waltrop\/produkte\/kinderspielzeug\/#breadcrumb","itemListElement":[{"@type":"ListItem","position":1,"name":"Startseite","item":"https:\/\/weltlaeden.de\/waltrop\/"},{"@type":"ListItem","position":2,"name":"Produkte","item":"https:\/\/weltlaeden.de\/waltrop\/produkte\/"},{"@type":"ListItem","position":3,"name":"Kinderspielzeug"}]},{"@type":"WebSite","@id":"https:\/\/weltlaeden.de\/waltrop\/#website","url":"https:\/\/weltlaeden.de\/waltrop\/","name":"Weltladen Waltrop","description":"Faire Produkte seit 1990","potentialAction":[{"@type":"SearchAction","target":{"@type":"EntryPoint","urlTemplate":"https:\/\/weltlaeden.de\/waltrop\/?s={search_term_string}"},"query-input":{"@type":"PropertyValueSpecification","valueRequired":true,"valueName":"search_term_string"}}],"inLanguage":"de"}]}},"_links":{"self":[{"href":"https:\/\/weltlaeden.de\/waltrop\/wp-json\/wp\/v2\/pages\/540","targetHints":{"allow":["GET"]}}],"collection":[{"href":"https:\/\/weltlaeden.de\/waltrop\/wp-json\/wp\/v2\/pages"}],"about":[{"href":"https:\/\/weltlaeden.de\/waltrop\/wp-json\/wp\/v2\/types\/page"}],"author":[{"embeddable":true,"href":"https:\/\/weltlaeden.de\/waltrop\/wp-json\/wp\/v2\/users\/129"}],"replies":[{"embeddable":true,"href":"https:\/\/weltlaeden.de\/waltrop\/wp-json\/wp\/v2\/comments?post=540"}],"version-history":[{"count":2,"href":"https:\/\/weltlaeden.de\/waltrop\/wp-json\/wp\/v2\/pages\/540\/revisions"}],"predecessor-version":[{"id":543,"href":"https:\/\/weltlaeden.de\/waltrop\/wp-json\/wp\/v2\/pages\/540\/revisions\/543"}],"up":[{"embeddable":true,"href":"https:\/\/weltlaeden.de\/waltrop\/wp-json\/wp\/v2\/pages\/217"}],"wp:attachment":[{"href":"https:\/\/weltlaeden.de\/waltrop\/wp-json\/wp\/v2\/media?parent=540"}],"curies":[{"name":"wp","href":"https:\/\/api.w.org\/{rel}","templated":true}]}}