{"id":539,"date":"2019-09-16T19:45:44","date_gmt":"2019-09-16T17:45:44","guid":{"rendered":"https:\/\/weltlaeden.de\/waltrop\/produkte\/kunsthandwerk\/"},"modified":"2019-09-16T19:54:02","modified_gmt":"2019-09-16T17:54:02","slug":"kunsthandwerk","status":"publish","type":"page","link":"https:\/\/weltlaeden.de\/waltrop\/produkte\/kunsthandwerk\/","title":{"rendered":"Kunsthandwerk"},"content":{"rendered":"<p><img loading=\"lazy\" decoding=\"async\" src=\"https:\/\/weltlaeden.de\/waltrop\/wp-content\/uploads\/sites\/86\/2019\/09\/20190605_142953-e1568656232798-146x300.jpg\" alt=\"\" width=\"146\" height=\"300\" class=\"alignleft size-large wp-image-546\" \/><\/p>\n<p>Sie suchen etwas Sch\u00f6nes f\u00fcr Ihr Zuhause oder ein besonderes Geschenk?<br \/>\nDann schauen Sie bei uns vorbei!<\/p>\n<p>Nur einige Beispiele:<br \/>\n\u2022\tHandgewebte Schals und T\u00fccher z. B. aus Wolle oder  Seide<br \/>\n\u2022\tTaschen und Beutel aus Filz, Leder, recyceltem Plastik<br \/>\n\u2022\tKorbtaschen, Korbschalen<br \/>\n\u2022\tbunte Lederwaren<br \/>\n\u2022\textravaganter Schmuck , z. B. aus Silber , Naturmaterialien oder  recycelten Plastikteilen<br \/>\n\u2022\tAccessoires f\u00fcrs Zuhause, z.B. Windlichter, Schalen, Vasen<br \/>\n\u2022\tK\u00fcchenartikel, z. B. Untersetzer, Porzellan, Gl\u00e4ser, T\u00fccher, Schneidbretter , Gem\u00fcsebeutel aus Bio-Baumwolle<br \/>\n\u2022\tGeschenkpapier, Servietten, Gru\u00dfkarten<br \/>\n\u2022\tKerzen zu besonderen Anl\u00e4ssen : Taufe, Kommunion, Hochzeit, Geburtstag<br \/>\n\u2022\tSaisonartikel<\/p>\n<p>Und falls Sie tats\u00e4chlich nichts finden sollten:  wir f\u00fchren auch Geschenkgutscheine!<\/p>\n","protected":false},"excerpt":{"rendered":"<p>Sie suchen etwas Sch\u00f6nes f\u00fcr Ihr Zuhause oder ein besonderes Geschenk? Dann schauen Sie bei uns vorbei! Nur einige Beispiele: \u2022 Handgewebte Schals und T\u00fccher z. B. aus Wolle oder Seide \u2022 Taschen und Beutel aus Filz, Leder, recyceltem Plastik \u2022 Korbtaschen, Korbschalen \u2022 bunte Lederwaren \u2022 extravaganter Schmuck , z. B. aus Silber ,&hellip;<\/p>\n","protected":false},"author":129,"featured_media":0,"parent":217,"menu_order":0,"comment_status":"closed","ping_status":"closed","template":"","meta":{"footnotes":""},"class_list":["post-539","page","type-page","status-publish","hentry","description-off"],"yoast_head":"<!-- This site is optimized with the Yoast SEO plugin v26.8 - https:\/\/yoast.com\/product\/yoast-seo-wordpress\/ -->\n<title>Kunsthandwerk - Weltladen Waltrop<\/title>\n<meta name=\"robots\" content=\"index, follow, max-snippet:-1, max-image-preview:large, max-video-preview:-1\" \/>\n<link rel=\"canonical\" href=\"https:\/\/weltlaeden.de\/waltrop\/produkte\/kunsthandwerk\/\" \/>\n<meta property=\"og:locale\" content=\"de_DE\" \/>\n<meta property=\"og:type\" content=\"article\" \/>\n<meta property=\"og:title\" content=\"Kunsthandwerk - Weltladen Waltrop\" \/>\n<meta property=\"og:description\" content=\"Sie suchen etwas Sch\u00f6nes f\u00fcr Ihr Zuhause oder ein besonderes Geschenk? Dann schauen Sie bei uns vorbei! Nur einige Beispiele: \u2022 Handgewebte Schals und T\u00fccher z. B. aus Wolle oder Seide \u2022 Taschen und Beutel aus Filz, Leder, recyceltem Plastik \u2022 Korbtaschen, Korbschalen \u2022 bunte Lederwaren \u2022 extravaganter Schmuck , z. B. aus Silber ,&hellip;\" \/>\n<meta property=\"og:url\" content=\"https:\/\/weltlaeden.de\/waltrop\/produkte\/kunsthandwerk\/\" \/>\n<meta property=\"og:site_name\" content=\"Weltladen Waltrop\" \/>\n<meta property=\"article:modified_time\" content=\"2019-09-16T17:54:02+00:00\" \/>\n<meta property=\"og:image\" content=\"https:\/\/weltlaeden.de\/waltrop\/wp-content\/uploads\/sites\/86\/2019\/09\/20190605_142953-e1568656232798-146x300.jpg\" \/>\n<meta name=\"twitter:card\" content=\"summary_large_image\" \/>\n<meta name=\"twitter:label1\" content=\"Gesch\u00e4tzte Lesezeit\" \/>\n\t<meta name=\"twitter:data1\" content=\"1\u00a0Minute\" \/>\n<script type=\"application\/ld+json\" class=\"yoast-schema-graph\">{\"@context\":\"https:\/\/schema.org\",\"@graph\":[{\"@type\":\"WebPage\",\"@id\":\"https:\/\/weltlaeden.de\/waltrop\/produkte\/kunsthandwerk\/\",\"url\":\"https:\/\/weltlaeden.de\/waltrop\/produkte\/kunsthandwerk\/\",\"name\":\"Kunsthandwerk - Weltladen Waltrop\",\"isPartOf\":{\"@id\":\"https:\/\/weltlaeden.de\/waltrop\/#website\"},\"primaryImageOfPage\":{\"@id\":\"https:\/\/weltlaeden.de\/waltrop\/produkte\/kunsthandwerk\/#primaryimage\"},\"image\":{\"@id\":\"https:\/\/weltlaeden.de\/waltrop\/produkte\/kunsthandwerk\/#primaryimage\"},\"thumbnailUrl\":\"https:\/\/weltlaeden.de\/waltrop\/wp-content\/uploads\/sites\/86\/2019\/09\/20190605_142953-e1568656232798-146x300.jpg\",\"datePublished\":\"2019-09-16T17:45:44+00:00\",\"dateModified\":\"2019-09-16T17:54:02+00:00\",\"breadcrumb\":{\"@id\":\"https:\/\/weltlaeden.de\/waltrop\/produkte\/kunsthandwerk\/#breadcrumb\"},\"inLanguage\":\"de\",\"potentialAction\":[{\"@type\":\"ReadAction\",\"target\":[\"https:\/\/weltlaeden.de\/waltrop\/produkte\/kunsthandwerk\/\"]}]},{\"@type\":\"ImageObject\",\"inLanguage\":\"de\",\"@id\":\"https:\/\/weltlaeden.de\/waltrop\/produkte\/kunsthandwerk\/#primaryimage\",\"url\":\"https:\/\/weltlaeden.de\/waltrop\/wp-content\/uploads\/sites\/86\/2019\/09\/20190605_142953-e1568656232798-146x300.jpg\",\"contentUrl\":\"https:\/\/weltlaeden.de\/waltrop\/wp-content\/uploads\/sites\/86\/2019\/09\/20190605_142953-e1568656232798-146x300.jpg\"},{\"@type\":\"BreadcrumbList\",\"@id\":\"https:\/\/weltlaeden.de\/waltrop\/produkte\/kunsthandwerk\/#breadcrumb\",\"itemListElement\":[{\"@type\":\"ListItem\",\"position\":1,\"name\":\"Startseite\",\"item\":\"https:\/\/weltlaeden.de\/waltrop\/\"},{\"@type\":\"ListItem\",\"position\":2,\"name\":\"Produkte\",\"item\":\"https:\/\/weltlaeden.de\/waltrop\/produkte\/\"},{\"@type\":\"ListItem\",\"position\":3,\"name\":\"Kunsthandwerk\"}]},{\"@type\":\"WebSite\",\"@id\":\"https:\/\/weltlaeden.de\/waltrop\/#website\",\"url\":\"https:\/\/weltlaeden.de\/waltrop\/\",\"name\":\"Weltladen Waltrop\",\"description\":\"Faire Produkte seit 1990\",\"potentialAction\":[{\"@type\":\"SearchAction\",\"target\":{\"@type\":\"EntryPoint\",\"urlTemplate\":\"https:\/\/weltlaeden.de\/waltrop\/?s={search_term_string}\"},\"query-input\":{\"@type\":\"PropertyValueSpecification\",\"valueRequired\":true,\"valueName\":\"search_term_string\"}}],\"inLanguage\":\"de\"}]}<\/script>\n<!-- \/ Yoast SEO plugin. -->","yoast_head_json":{"title":"Kunsthandwerk - Weltladen Waltrop","robots":{"index":"index","follow":"follow","max-snippet":"max-snippet:-1","max-image-preview":"max-image-preview:large","max-video-preview":"max-video-preview:-1"},"canonical":"https:\/\/weltlaeden.de\/waltrop\/produkte\/kunsthandwerk\/","og_locale":"de_DE","og_type":"article","og_title":"Kunsthandwerk - Weltladen Waltrop","og_description":"Sie suchen etwas Sch\u00f6nes f\u00fcr Ihr Zuhause oder ein besonderes Geschenk? Dann schauen Sie bei uns vorbei! Nur einige Beispiele: \u2022 Handgewebte Schals und T\u00fccher z. B. aus Wolle oder Seide \u2022 Taschen und Beutel aus Filz, Leder, recyceltem Plastik \u2022 Korbtaschen, Korbschalen \u2022 bunte Lederwaren \u2022 extravaganter Schmuck , z. B. aus Silber ,&hellip;","og_url":"https:\/\/weltlaeden.de\/waltrop\/produkte\/kunsthandwerk\/","og_site_name":"Weltladen Waltrop","article_modified_time":"2019-09-16T17:54:02+00:00","og_image":[{"url":"https:\/\/weltlaeden.de\/waltrop\/wp-content\/uploads\/sites\/86\/2019\/09\/20190605_142953-e1568656232798-146x300.jpg","type":"","width":"","height":""}],"twitter_card":"summary_large_image","twitter_misc":{"Gesch\u00e4tzte Lesezeit":"1\u00a0Minute"},"schema":{"@context":"https:\/\/schema.org","@graph":[{"@type":"WebPage","@id":"https:\/\/weltlaeden.de\/waltrop\/produkte\/kunsthandwerk\/","url":"https:\/\/weltlaeden.de\/waltrop\/produkte\/kunsthandwerk\/","name":"Kunsthandwerk - Weltladen Waltrop","isPartOf":{"@id":"https:\/\/weltlaeden.de\/waltrop\/#website"},"primaryImageOfPage":{"@id":"https:\/\/weltlaeden.de\/waltrop\/produkte\/kunsthandwerk\/#primaryimage"},"image":{"@id":"https:\/\/weltlaeden.de\/waltrop\/produkte\/kunsthandwerk\/#primaryimage"},"thumbnailUrl":"https:\/\/weltlaeden.de\/waltrop\/wp-content\/uploads\/sites\/86\/2019\/09\/20190605_142953-e1568656232798-146x300.jpg","datePublished":"2019-09-16T17:45:44+00:00","dateModified":"2019-09-16T17:54:02+00:00","breadcrumb":{"@id":"https:\/\/weltlaeden.de\/waltrop\/produkte\/kunsthandwerk\/#breadcrumb"},"inLanguage":"de","potentialAction":[{"@type":"ReadAction","target":["https:\/\/weltlaeden.de\/waltrop\/produkte\/kunsthandwerk\/"]}]},{"@type":"ImageObject","inLanguage":"de","@id":"https:\/\/weltlaeden.de\/waltrop\/produkte\/kunsthandwerk\/#primaryimage","url":"https:\/\/weltlaeden.de\/waltrop\/wp-content\/uploads\/sites\/86\/2019\/09\/20190605_142953-e1568656232798-146x300.jpg","contentUrl":"https:\/\/weltlaeden.de\/waltrop\/wp-content\/uploads\/sites\/86\/2019\/09\/20190605_142953-e1568656232798-146x300.jpg"},{"@type":"BreadcrumbList","@id":"https:\/\/weltlaeden.de\/waltrop\/produkte\/kunsthandwerk\/#breadcrumb","itemListElement":[{"@type":"ListItem","position":1,"name":"Startseite","item":"https:\/\/weltlaeden.de\/waltrop\/"},{"@type":"ListItem","position":2,"name":"Produkte","item":"https:\/\/weltlaeden.de\/waltrop\/produkte\/"},{"@type":"ListItem","position":3,"name":"Kunsthandwerk"}]},{"@type":"WebSite","@id":"https:\/\/weltlaeden.de\/waltrop\/#website","url":"https:\/\/weltlaeden.de\/waltrop\/","name":"Weltladen Waltrop","description":"Faire Produkte seit 1990","potentialAction":[{"@type":"SearchAction","target":{"@type":"EntryPoint","urlTemplate":"https:\/\/weltlaeden.de\/waltrop\/?s={search_term_string}"},"query-input":{"@type":"PropertyValueSpecification","valueRequired":true,"valueName":"search_term_string"}}],"inLanguage":"de"}]}},"_links":{"self":[{"href":"https:\/\/weltlaeden.de\/waltrop\/wp-json\/wp\/v2\/pages\/539","targetHints":{"allow":["GET"]}}],"collection":[{"href":"https:\/\/weltlaeden.de\/waltrop\/wp-json\/wp\/v2\/pages"}],"about":[{"href":"https:\/\/weltlaeden.de\/waltrop\/wp-json\/wp\/v2\/types\/page"}],"author":[{"embeddable":true,"href":"https:\/\/weltlaeden.de\/waltrop\/wp-json\/wp\/v2\/users\/129"}],"replies":[{"embeddable":true,"href":"https:\/\/weltlaeden.de\/waltrop\/wp-json\/wp\/v2\/comments?post=539"}],"version-history":[{"count":3,"href":"https:\/\/weltlaeden.de\/waltrop\/wp-json\/wp\/v2\/pages\/539\/revisions"}],"predecessor-version":[{"id":548,"href":"https:\/\/weltlaeden.de\/waltrop\/wp-json\/wp\/v2\/pages\/539\/revisions\/548"}],"up":[{"embeddable":true,"href":"https:\/\/weltlaeden.de\/waltrop\/wp-json\/wp\/v2\/pages\/217"}],"wp:attachment":[{"href":"https:\/\/weltlaeden.de\/waltrop\/wp-json\/wp\/v2\/media?parent=539"}],"curies":[{"name":"wp","href":"https:\/\/api.w.org\/{rel}","templated":true}]}}