{"id":1807,"date":"2026-01-18T20:53:07","date_gmt":"2026-01-18T19:53:07","guid":{"rendered":"https:\/\/weltlaeden.de\/waltrop\/?page_id=1807"},"modified":"2026-01-18T20:55:07","modified_gmt":"2026-01-18T19:55:07","slug":"januar-2026","status":"publish","type":"page","link":"https:\/\/weltlaeden.de\/waltrop\/januar-2026\/","title":{"rendered":"Januar 2026"},"content":{"rendered":"<div class=\"wpb-content-wrapper\"><p>[vc_row][vc_column][vc_column_text css=&#8220;&#8220;]<\/p>\n<h2>Januar 2026<\/h2>\n<p><img loading=\"lazy\" decoding=\"async\" class=\"aligncenter size-large wp-image-1808\" src=\"https:\/\/weltlaeden.de\/waltrop\/wp-content\/uploads\/sites\/86\/2026\/01\/IMG_1855-768x1024.jpg\" alt=\"\" width=\"768\" height=\"1024\" srcset=\"https:\/\/weltlaeden.de\/waltrop\/wp-content\/uploads\/sites\/86\/2026\/01\/IMG_1855-768x1024.jpg 768w, https:\/\/weltlaeden.de\/waltrop\/wp-content\/uploads\/sites\/86\/2026\/01\/IMG_1855-225x300.jpg 225w, https:\/\/weltlaeden.de\/waltrop\/wp-content\/uploads\/sites\/86\/2026\/01\/IMG_1855-1152x1536.jpg 1152w, https:\/\/weltlaeden.de\/waltrop\/wp-content\/uploads\/sites\/86\/2026\/01\/IMG_1855-1536x2048.jpg 1536w, https:\/\/weltlaeden.de\/waltrop\/wp-content\/uploads\/sites\/86\/2026\/01\/IMG_1855-scaled.jpg 1920w\" sizes=\"auto, (max-width: 768px) 100vw, 768px\" \/><\/p>\n<p><img loading=\"lazy\" decoding=\"async\" class=\"aligncenter size-large wp-image-1809\" src=\"https:\/\/weltlaeden.de\/waltrop\/wp-content\/uploads\/sites\/86\/2026\/01\/IMG_1856-768x1024.jpg\" alt=\"\" width=\"768\" height=\"1024\" srcset=\"https:\/\/weltlaeden.de\/waltrop\/wp-content\/uploads\/sites\/86\/2026\/01\/IMG_1856-768x1024.jpg 768w, https:\/\/weltlaeden.de\/waltrop\/wp-content\/uploads\/sites\/86\/2026\/01\/IMG_1856-225x300.jpg 225w, https:\/\/weltlaeden.de\/waltrop\/wp-content\/uploads\/sites\/86\/2026\/01\/IMG_1856-1152x1536.jpg 1152w, https:\/\/weltlaeden.de\/waltrop\/wp-content\/uploads\/sites\/86\/2026\/01\/IMG_1856-1536x2048.jpg 1536w, https:\/\/weltlaeden.de\/waltrop\/wp-content\/uploads\/sites\/86\/2026\/01\/IMG_1856-scaled.jpg 1920w\" sizes=\"auto, (max-width: 768px) 100vw, 768px\" \/><\/p>\n<p><img loading=\"lazy\" decoding=\"async\" class=\"aligncenter size-large wp-image-1810\" src=\"https:\/\/weltlaeden.de\/waltrop\/wp-content\/uploads\/sites\/86\/2026\/01\/IMG_1857-768x1024.jpg\" alt=\"\" width=\"768\" height=\"1024\" srcset=\"https:\/\/weltlaeden.de\/waltrop\/wp-content\/uploads\/sites\/86\/2026\/01\/IMG_1857-768x1024.jpg 768w, https:\/\/weltlaeden.de\/waltrop\/wp-content\/uploads\/sites\/86\/2026\/01\/IMG_1857-225x300.jpg 225w, https:\/\/weltlaeden.de\/waltrop\/wp-content\/uploads\/sites\/86\/2026\/01\/IMG_1857-1152x1536.jpg 1152w, https:\/\/weltlaeden.de\/waltrop\/wp-content\/uploads\/sites\/86\/2026\/01\/IMG_1857-1536x2048.jpg 1536w, https:\/\/weltlaeden.de\/waltrop\/wp-content\/uploads\/sites\/86\/2026\/01\/IMG_1857-scaled.jpg 1920w\" sizes=\"auto, (max-width: 768px) 100vw, 768px\" \/><\/p>\n<p><img loading=\"lazy\" decoding=\"async\" class=\"aligncenter size-large wp-image-1811\" src=\"https:\/\/weltlaeden.de\/waltrop\/wp-content\/uploads\/sites\/86\/2026\/01\/IMG_1858-768x1024.jpg\" alt=\"\" width=\"768\" height=\"1024\" srcset=\"https:\/\/weltlaeden.de\/waltrop\/wp-content\/uploads\/sites\/86\/2026\/01\/IMG_1858-768x1024.jpg 768w, https:\/\/weltlaeden.de\/waltrop\/wp-content\/uploads\/sites\/86\/2026\/01\/IMG_1858-225x300.jpg 225w, https:\/\/weltlaeden.de\/waltrop\/wp-content\/uploads\/sites\/86\/2026\/01\/IMG_1858-1152x1536.jpg 1152w, https:\/\/weltlaeden.de\/waltrop\/wp-content\/uploads\/sites\/86\/2026\/01\/IMG_1858-1536x2048.jpg 1536w, https:\/\/weltlaeden.de\/waltrop\/wp-content\/uploads\/sites\/86\/2026\/01\/IMG_1858-scaled.jpg 1920w\" sizes=\"auto, (max-width: 768px) 100vw, 768px\" \/><\/p>\n<p><img loading=\"lazy\" decoding=\"async\" class=\"aligncenter size-large wp-image-1812\" src=\"https:\/\/weltlaeden.de\/waltrop\/wp-content\/uploads\/sites\/86\/2026\/01\/IMG_1859-768x1024.jpg\" alt=\"\" width=\"768\" height=\"1024\" srcset=\"https:\/\/weltlaeden.de\/waltrop\/wp-content\/uploads\/sites\/86\/2026\/01\/IMG_1859-768x1024.jpg 768w, https:\/\/weltlaeden.de\/waltrop\/wp-content\/uploads\/sites\/86\/2026\/01\/IMG_1859-225x300.jpg 225w, https:\/\/weltlaeden.de\/waltrop\/wp-content\/uploads\/sites\/86\/2026\/01\/IMG_1859-1152x1536.jpg 1152w, https:\/\/weltlaeden.de\/waltrop\/wp-content\/uploads\/sites\/86\/2026\/01\/IMG_1859-1536x2048.jpg 1536w, https:\/\/weltlaeden.de\/waltrop\/wp-content\/uploads\/sites\/86\/2026\/01\/IMG_1859-scaled.jpg 1920w\" sizes=\"auto, (max-width: 768px) 100vw, 768px\" \/><\/p>\n<p><img loading=\"lazy\" decoding=\"async\" class=\"aligncenter size-large wp-image-1813\" src=\"https:\/\/weltlaeden.de\/waltrop\/wp-content\/uploads\/sites\/86\/2026\/01\/IMG_1860-768x1024.jpg\" alt=\"\" width=\"768\" height=\"1024\" srcset=\"https:\/\/weltlaeden.de\/waltrop\/wp-content\/uploads\/sites\/86\/2026\/01\/IMG_1860-768x1024.jpg 768w, https:\/\/weltlaeden.de\/waltrop\/wp-content\/uploads\/sites\/86\/2026\/01\/IMG_1860-225x300.jpg 225w, https:\/\/weltlaeden.de\/waltrop\/wp-content\/uploads\/sites\/86\/2026\/01\/IMG_1860-1152x1536.jpg 1152w, https:\/\/weltlaeden.de\/waltrop\/wp-content\/uploads\/sites\/86\/2026\/01\/IMG_1860-1536x2048.jpg 1536w, https:\/\/weltlaeden.de\/waltrop\/wp-content\/uploads\/sites\/86\/2026\/01\/IMG_1860-scaled.jpg 1920w\" sizes=\"auto, (max-width: 768px) 100vw, 768px\" \/><\/p>\n<p><img loading=\"lazy\" decoding=\"async\" class=\"aligncenter size-large wp-image-1814\" src=\"https:\/\/weltlaeden.de\/waltrop\/wp-content\/uploads\/sites\/86\/2026\/01\/IMG_1861-768x1024.jpg\" alt=\"\" width=\"768\" height=\"1024\" srcset=\"https:\/\/weltlaeden.de\/waltrop\/wp-content\/uploads\/sites\/86\/2026\/01\/IMG_1861-768x1024.jpg 768w, https:\/\/weltlaeden.de\/waltrop\/wp-content\/uploads\/sites\/86\/2026\/01\/IMG_1861-225x300.jpg 225w, https:\/\/weltlaeden.de\/waltrop\/wp-content\/uploads\/sites\/86\/2026\/01\/IMG_1861-1152x1536.jpg 1152w, https:\/\/weltlaeden.de\/waltrop\/wp-content\/uploads\/sites\/86\/2026\/01\/IMG_1861-1536x2048.jpg 1536w, https:\/\/weltlaeden.de\/waltrop\/wp-content\/uploads\/sites\/86\/2026\/01\/IMG_1861-scaled.jpg 1920w\" sizes=\"auto, (max-width: 768px) 100vw, 768px\" \/><\/p>\n<p><img loading=\"lazy\" decoding=\"async\" class=\"aligncenter size-large wp-image-1815\" src=\"https:\/\/weltlaeden.de\/waltrop\/wp-content\/uploads\/sites\/86\/2026\/01\/IMG_1862-768x1024.jpg\" alt=\"\" width=\"768\" height=\"1024\" srcset=\"https:\/\/weltlaeden.de\/waltrop\/wp-content\/uploads\/sites\/86\/2026\/01\/IMG_1862-768x1024.jpg 768w, https:\/\/weltlaeden.de\/waltrop\/wp-content\/uploads\/sites\/86\/2026\/01\/IMG_1862-225x300.jpg 225w, https:\/\/weltlaeden.de\/waltrop\/wp-content\/uploads\/sites\/86\/2026\/01\/IMG_1862-1152x1536.jpg 1152w, https:\/\/weltlaeden.de\/waltrop\/wp-content\/uploads\/sites\/86\/2026\/01\/IMG_1862-1536x2048.jpg 1536w, https:\/\/weltlaeden.de\/waltrop\/wp-content\/uploads\/sites\/86\/2026\/01\/IMG_1862-scaled.jpg 1920w\" sizes=\"auto, (max-width: 768px) 100vw, 768px\" \/><\/p>\n<p><img loading=\"lazy\" decoding=\"async\" class=\"aligncenter size-large wp-image-1816\" src=\"https:\/\/weltlaeden.de\/waltrop\/wp-content\/uploads\/sites\/86\/2026\/01\/IMG_1863-768x1024.jpg\" alt=\"\" width=\"768\" height=\"1024\" srcset=\"https:\/\/weltlaeden.de\/waltrop\/wp-content\/uploads\/sites\/86\/2026\/01\/IMG_1863-768x1024.jpg 768w, https:\/\/weltlaeden.de\/waltrop\/wp-content\/uploads\/sites\/86\/2026\/01\/IMG_1863-225x300.jpg 225w, https:\/\/weltlaeden.de\/waltrop\/wp-content\/uploads\/sites\/86\/2026\/01\/IMG_1863-1152x1536.jpg 1152w, https:\/\/weltlaeden.de\/waltrop\/wp-content\/uploads\/sites\/86\/2026\/01\/IMG_1863-1536x2048.jpg 1536w, https:\/\/weltlaeden.de\/waltrop\/wp-content\/uploads\/sites\/86\/2026\/01\/IMG_1863-scaled.jpg 1920w\" sizes=\"auto, (max-width: 768px) 100vw, 768px\" \/><\/p>\n<p><img loading=\"lazy\" decoding=\"async\" class=\"aligncenter size-large wp-image-1817\" src=\"https:\/\/weltlaeden.de\/waltrop\/wp-content\/uploads\/sites\/86\/2026\/01\/IMG_1864-768x1024.jpg\" alt=\"\" width=\"768\" height=\"1024\" srcset=\"https:\/\/weltlaeden.de\/waltrop\/wp-content\/uploads\/sites\/86\/2026\/01\/IMG_1864-768x1024.jpg 768w, https:\/\/weltlaeden.de\/waltrop\/wp-content\/uploads\/sites\/86\/2026\/01\/IMG_1864-225x300.jpg 225w, https:\/\/weltlaeden.de\/waltrop\/wp-content\/uploads\/sites\/86\/2026\/01\/IMG_1864-1152x1536.jpg 1152w, https:\/\/weltlaeden.de\/waltrop\/wp-content\/uploads\/sites\/86\/2026\/01\/IMG_1864-1536x2048.jpg 1536w, https:\/\/weltlaeden.de\/waltrop\/wp-content\/uploads\/sites\/86\/2026\/01\/IMG_1864-scaled.jpg 1920w\" sizes=\"auto, (max-width: 768px) 100vw, 768px\" \/><\/p>\n<p><img loading=\"lazy\" decoding=\"async\" class=\"aligncenter size-large wp-image-1818\" src=\"https:\/\/weltlaeden.de\/waltrop\/wp-content\/uploads\/sites\/86\/2026\/01\/IMG_1865-768x1024.jpg\" alt=\"\" width=\"768\" height=\"1024\" srcset=\"https:\/\/weltlaeden.de\/waltrop\/wp-content\/uploads\/sites\/86\/2026\/01\/IMG_1865-768x1024.jpg 768w, https:\/\/weltlaeden.de\/waltrop\/wp-content\/uploads\/sites\/86\/2026\/01\/IMG_1865-225x300.jpg 225w, https:\/\/weltlaeden.de\/waltrop\/wp-content\/uploads\/sites\/86\/2026\/01\/IMG_1865-1152x1536.jpg 1152w, https:\/\/weltlaeden.de\/waltrop\/wp-content\/uploads\/sites\/86\/2026\/01\/IMG_1865-1536x2048.jpg 1536w, https:\/\/weltlaeden.de\/waltrop\/wp-content\/uploads\/sites\/86\/2026\/01\/IMG_1865-scaled.jpg 1920w\" sizes=\"auto, (max-width: 768px) 100vw, 768px\" \/><\/p>\n<p><img loading=\"lazy\" decoding=\"async\" class=\"aligncenter size-large wp-image-1819\" src=\"https:\/\/weltlaeden.de\/waltrop\/wp-content\/uploads\/sites\/86\/2026\/01\/IMG_1866-768x1024.jpg\" alt=\"\" width=\"768\" height=\"1024\" srcset=\"https:\/\/weltlaeden.de\/waltrop\/wp-content\/uploads\/sites\/86\/2026\/01\/IMG_1866-768x1024.jpg 768w, https:\/\/weltlaeden.de\/waltrop\/wp-content\/uploads\/sites\/86\/2026\/01\/IMG_1866-225x300.jpg 225w, https:\/\/weltlaeden.de\/waltrop\/wp-content\/uploads\/sites\/86\/2026\/01\/IMG_1866-1152x1536.jpg 1152w, https:\/\/weltlaeden.de\/waltrop\/wp-content\/uploads\/sites\/86\/2026\/01\/IMG_1866-1536x2048.jpg 1536w, https:\/\/weltlaeden.de\/waltrop\/wp-content\/uploads\/sites\/86\/2026\/01\/IMG_1866-scaled.jpg 1920w\" sizes=\"auto, (max-width: 768px) 100vw, 768px\" \/><\/p>\n<p><img loading=\"lazy\" decoding=\"async\" class=\"aligncenter size-large wp-image-1820\" src=\"https:\/\/weltlaeden.de\/waltrop\/wp-content\/uploads\/sites\/86\/2026\/01\/IMG_1868-768x1024.jpg\" alt=\"\" width=\"768\" height=\"1024\" srcset=\"https:\/\/weltlaeden.de\/waltrop\/wp-content\/uploads\/sites\/86\/2026\/01\/IMG_1868-768x1024.jpg 768w, https:\/\/weltlaeden.de\/waltrop\/wp-content\/uploads\/sites\/86\/2026\/01\/IMG_1868-225x300.jpg 225w, https:\/\/weltlaeden.de\/waltrop\/wp-content\/uploads\/sites\/86\/2026\/01\/IMG_1868-1152x1536.jpg 1152w, https:\/\/weltlaeden.de\/waltrop\/wp-content\/uploads\/sites\/86\/2026\/01\/IMG_1868-1536x2048.jpg 1536w, https:\/\/weltlaeden.de\/waltrop\/wp-content\/uploads\/sites\/86\/2026\/01\/IMG_1868-scaled.jpg 1920w\" sizes=\"auto, (max-width: 768px) 100vw, 768px\" \/><\/p>\n<p><img loading=\"lazy\" decoding=\"async\" class=\"aligncenter size-large wp-image-1821\" src=\"https:\/\/weltlaeden.de\/waltrop\/wp-content\/uploads\/sites\/86\/2026\/01\/IMG_1869-768x1024.jpg\" alt=\"\" width=\"768\" height=\"1024\" srcset=\"https:\/\/weltlaeden.de\/waltrop\/wp-content\/uploads\/sites\/86\/2026\/01\/IMG_1869-768x1024.jpg 768w, https:\/\/weltlaeden.de\/waltrop\/wp-content\/uploads\/sites\/86\/2026\/01\/IMG_1869-225x300.jpg 225w, https:\/\/weltlaeden.de\/waltrop\/wp-content\/uploads\/sites\/86\/2026\/01\/IMG_1869-1152x1536.jpg 1152w, https:\/\/weltlaeden.de\/waltrop\/wp-content\/uploads\/sites\/86\/2026\/01\/IMG_1869-1536x2048.jpg 1536w, https:\/\/weltlaeden.de\/waltrop\/wp-content\/uploads\/sites\/86\/2026\/01\/IMG_1869-scaled.jpg 1920w\" sizes=\"auto, (max-width: 768px) 100vw, 768px\" \/><\/p>\n<p><img loading=\"lazy\" decoding=\"async\" class=\"aligncenter size-large wp-image-1822\" src=\"https:\/\/weltlaeden.de\/waltrop\/wp-content\/uploads\/sites\/86\/2026\/01\/IMG_1870-768x1024.jpg\" alt=\"\" width=\"768\" height=\"1024\" srcset=\"https:\/\/weltlaeden.de\/waltrop\/wp-content\/uploads\/sites\/86\/2026\/01\/IMG_1870-768x1024.jpg 768w, https:\/\/weltlaeden.de\/waltrop\/wp-content\/uploads\/sites\/86\/2026\/01\/IMG_1870-225x300.jpg 225w, https:\/\/weltlaeden.de\/waltrop\/wp-content\/uploads\/sites\/86\/2026\/01\/IMG_1870-1152x1536.jpg 1152w, https:\/\/weltlaeden.de\/waltrop\/wp-content\/uploads\/sites\/86\/2026\/01\/IMG_1870-1536x2048.jpg 1536w, https:\/\/weltlaeden.de\/waltrop\/wp-content\/uploads\/sites\/86\/2026\/01\/IMG_1870-scaled.jpg 1920w\" sizes=\"auto, (max-width: 768px) 100vw, 768px\" \/><\/p>\n<p><img loading=\"lazy\" decoding=\"async\" class=\"aligncenter size-large wp-image-1823\" src=\"https:\/\/weltlaeden.de\/waltrop\/wp-content\/uploads\/sites\/86\/2026\/01\/IMG_1853-768x1024.jpg\" alt=\"\" width=\"768\" height=\"1024\" srcset=\"https:\/\/weltlaeden.de\/waltrop\/wp-content\/uploads\/sites\/86\/2026\/01\/IMG_1853-768x1024.jpg 768w, https:\/\/weltlaeden.de\/waltrop\/wp-content\/uploads\/sites\/86\/2026\/01\/IMG_1853-225x300.jpg 225w, https:\/\/weltlaeden.de\/waltrop\/wp-content\/uploads\/sites\/86\/2026\/01\/IMG_1853-1152x1536.jpg 1152w, https:\/\/weltlaeden.de\/waltrop\/wp-content\/uploads\/sites\/86\/2026\/01\/IMG_1853-1536x2048.jpg 1536w, https:\/\/weltlaeden.de\/waltrop\/wp-content\/uploads\/sites\/86\/2026\/01\/IMG_1853-scaled.jpg 1920w\" sizes=\"auto, (max-width: 768px) 100vw, 768px\" \/><\/p>\n<p><img loading=\"lazy\" decoding=\"async\" class=\"aligncenter size-large wp-image-1824\" src=\"https:\/\/weltlaeden.de\/waltrop\/wp-content\/uploads\/sites\/86\/2026\/01\/IMG_1854-768x1024.jpg\" alt=\"\" width=\"768\" height=\"1024\" srcset=\"https:\/\/weltlaeden.de\/waltrop\/wp-content\/uploads\/sites\/86\/2026\/01\/IMG_1854-768x1024.jpg 768w, https:\/\/weltlaeden.de\/waltrop\/wp-content\/uploads\/sites\/86\/2026\/01\/IMG_1854-225x300.jpg 225w, https:\/\/weltlaeden.de\/waltrop\/wp-content\/uploads\/sites\/86\/2026\/01\/IMG_1854-1152x1536.jpg 1152w, https:\/\/weltlaeden.de\/waltrop\/wp-content\/uploads\/sites\/86\/2026\/01\/IMG_1854-1536x2048.jpg 1536w, https:\/\/weltlaeden.de\/waltrop\/wp-content\/uploads\/sites\/86\/2026\/01\/IMG_1854-scaled.jpg 1920w\" sizes=\"auto, (max-width: 768px) 100vw, 768px\" \/><\/p>\n<p><img loading=\"lazy\" decoding=\"async\" class=\"aligncenter size-large wp-image-1826\" src=\"https:\/\/weltlaeden.de\/waltrop\/wp-content\/uploads\/sites\/86\/2026\/01\/IMG_1804-768x1024.jpg\" alt=\"\" width=\"768\" height=\"1024\" srcset=\"https:\/\/weltlaeden.de\/waltrop\/wp-content\/uploads\/sites\/86\/2026\/01\/IMG_1804-768x1024.jpg 768w, https:\/\/weltlaeden.de\/waltrop\/wp-content\/uploads\/sites\/86\/2026\/01\/IMG_1804-225x300.jpg 225w, https:\/\/weltlaeden.de\/waltrop\/wp-content\/uploads\/sites\/86\/2026\/01\/IMG_1804-1152x1536.jpg 1152w, https:\/\/weltlaeden.de\/waltrop\/wp-content\/uploads\/sites\/86\/2026\/01\/IMG_1804-1536x2048.jpg 1536w, https:\/\/weltlaeden.de\/waltrop\/wp-content\/uploads\/sites\/86\/2026\/01\/IMG_1804-scaled.jpg 1920w\" sizes=\"auto, (max-width: 768px) 100vw, 768px\" \/><\/p>\n<h3>Ein herzliches Dankesch\u00f6n!<\/h3>\n<p>Ich m\u00f6chte heute all den netten Menschen danken, die 2025 bei uns im Weltladen eine Spende f\u00fcr unser Spendenschwein hinterlassen haben.<\/p>\n<p>Die Sternsinger freuten sich sehr \u00fcber Kekse und \u00fcber einen Bargeldbetrag in H\u00f6he von 120 Euro.<\/p>\n<p>Weiterhin ein gutes Jahr 2026 !<\/p>\n<p>Petra Wehmeyer[\/vc_column_text][\/vc_column][\/vc_row]<\/p>\n<\/div>","protected":false},"excerpt":{"rendered":"<p>[vc_row][vc_column][vc_column_text css=&#8220;&#8220;] Januar 2026 Ein herzliches Dankesch\u00f6n! Ich m\u00f6chte heute all den netten Menschen danken, die 2025 bei uns im Weltladen eine Spende f\u00fcr unser Spendenschwein hinterlassen haben. Die Sternsinger freuten sich sehr \u00fcber Kekse und \u00fcber einen Bargeldbetrag in H\u00f6he von 120 Euro. Weiterhin ein gutes Jahr 2026 ! Petra Wehmeyer[\/vc_column_text][\/vc_column][\/vc_row]<\/p>\n","protected":false},"author":129,"featured_media":0,"parent":0,"menu_order":0,"comment_status":"closed","ping_status":"closed","template":"","meta":{"footnotes":""},"class_list":["post-1807","page","type-page","status-publish","hentry","description-off"],"yoast_head":"<!-- This site is optimized with the Yoast SEO plugin v26.8 - https:\/\/yoast.com\/product\/yoast-seo-wordpress\/ -->\n<title>Januar 2026 - Weltladen Waltrop<\/title>\n<meta name=\"robots\" content=\"index, follow, max-snippet:-1, max-image-preview:large, max-video-preview:-1\" \/>\n<link rel=\"canonical\" href=\"https:\/\/weltlaeden.de\/waltrop\/januar-2026\/\" \/>\n<meta property=\"og:locale\" content=\"de_DE\" \/>\n<meta property=\"og:type\" content=\"article\" \/>\n<meta property=\"og:title\" content=\"Januar 2026 - Weltladen Waltrop\" \/>\n<meta property=\"og:description\" content=\"[vc_row][vc_column][vc_column_text css=&#8220;&#8220;] Januar 2026 Ein herzliches Dankesch\u00f6n! Ich m\u00f6chte heute all den netten Menschen danken, die 2025 bei uns im Weltladen eine Spende f\u00fcr unser Spendenschwein hinterlassen haben. Die Sternsinger freuten sich sehr \u00fcber Kekse und \u00fcber einen Bargeldbetrag in H\u00f6he von 120 Euro. Weiterhin ein gutes Jahr 2026 ! Petra Wehmeyer[\/vc_column_text][\/vc_column][\/vc_row]\" \/>\n<meta property=\"og:url\" content=\"https:\/\/weltlaeden.de\/waltrop\/januar-2026\/\" \/>\n<meta property=\"og:site_name\" content=\"Weltladen Waltrop\" \/>\n<meta property=\"article:modified_time\" content=\"2026-01-18T19:55:07+00:00\" \/>\n<meta property=\"og:image\" content=\"https:\/\/weltlaeden.de\/waltrop\/wp-content\/uploads\/sites\/86\/2026\/01\/IMG_1855-scaled.jpg\" \/>\n\t<meta property=\"og:image:width\" content=\"1920\" \/>\n\t<meta property=\"og:image:height\" content=\"2560\" \/>\n\t<meta property=\"og:image:type\" content=\"image\/jpeg\" \/>\n<meta name=\"twitter:card\" content=\"summary_large_image\" \/>\n<meta name=\"twitter:label1\" content=\"Gesch\u00e4tzte Lesezeit\" \/>\n\t<meta name=\"twitter:data1\" content=\"4\u00a0Minuten\" \/>\n<script type=\"application\/ld+json\" class=\"yoast-schema-graph\">{\"@context\":\"https:\/\/schema.org\",\"@graph\":[{\"@type\":\"WebPage\",\"@id\":\"https:\/\/weltlaeden.de\/waltrop\/januar-2026\/\",\"url\":\"https:\/\/weltlaeden.de\/waltrop\/januar-2026\/\",\"name\":\"Januar 2026 - Weltladen Waltrop\",\"isPartOf\":{\"@id\":\"https:\/\/weltlaeden.de\/waltrop\/#website\"},\"primaryImageOfPage\":{\"@id\":\"https:\/\/weltlaeden.de\/waltrop\/januar-2026\/#primaryimage\"},\"image\":{\"@id\":\"https:\/\/weltlaeden.de\/waltrop\/januar-2026\/#primaryimage\"},\"thumbnailUrl\":\"https:\/\/weltlaeden.de\/waltrop\/wp-content\/uploads\/sites\/86\/2026\/01\/IMG_1855-768x1024.jpg\",\"datePublished\":\"2026-01-18T19:53:07+00:00\",\"dateModified\":\"2026-01-18T19:55:07+00:00\",\"breadcrumb\":{\"@id\":\"https:\/\/weltlaeden.de\/waltrop\/januar-2026\/#breadcrumb\"},\"inLanguage\":\"de\",\"potentialAction\":[{\"@type\":\"ReadAction\",\"target\":[\"https:\/\/weltlaeden.de\/waltrop\/januar-2026\/\"]}]},{\"@type\":\"ImageObject\",\"inLanguage\":\"de\",\"@id\":\"https:\/\/weltlaeden.de\/waltrop\/januar-2026\/#primaryimage\",\"url\":\"https:\/\/weltlaeden.de\/waltrop\/wp-content\/uploads\/sites\/86\/2026\/01\/IMG_1855-scaled.jpg\",\"contentUrl\":\"https:\/\/weltlaeden.de\/waltrop\/wp-content\/uploads\/sites\/86\/2026\/01\/IMG_1855-scaled.jpg\",\"width\":1920,\"height\":2560},{\"@type\":\"BreadcrumbList\",\"@id\":\"https:\/\/weltlaeden.de\/waltrop\/januar-2026\/#breadcrumb\",\"itemListElement\":[{\"@type\":\"ListItem\",\"position\":1,\"name\":\"Startseite\",\"item\":\"https:\/\/weltlaeden.de\/waltrop\/\"},{\"@type\":\"ListItem\",\"position\":2,\"name\":\"Januar 2026\"}]},{\"@type\":\"WebSite\",\"@id\":\"https:\/\/weltlaeden.de\/waltrop\/#website\",\"url\":\"https:\/\/weltlaeden.de\/waltrop\/\",\"name\":\"Weltladen Waltrop\",\"description\":\"Faire Produkte seit 1990\",\"potentialAction\":[{\"@type\":\"SearchAction\",\"target\":{\"@type\":\"EntryPoint\",\"urlTemplate\":\"https:\/\/weltlaeden.de\/waltrop\/?s={search_term_string}\"},\"query-input\":{\"@type\":\"PropertyValueSpecification\",\"valueRequired\":true,\"valueName\":\"search_term_string\"}}],\"inLanguage\":\"de\"}]}<\/script>\n<!-- \/ Yoast SEO plugin. -->","yoast_head_json":{"title":"Januar 2026 - Weltladen Waltrop","robots":{"index":"index","follow":"follow","max-snippet":"max-snippet:-1","max-image-preview":"max-image-preview:large","max-video-preview":"max-video-preview:-1"},"canonical":"https:\/\/weltlaeden.de\/waltrop\/januar-2026\/","og_locale":"de_DE","og_type":"article","og_title":"Januar 2026 - Weltladen Waltrop","og_description":"[vc_row][vc_column][vc_column_text css=&#8220;&#8220;] Januar 2026 Ein herzliches Dankesch\u00f6n! Ich m\u00f6chte heute all den netten Menschen danken, die 2025 bei uns im Weltladen eine Spende f\u00fcr unser Spendenschwein hinterlassen haben. Die Sternsinger freuten sich sehr \u00fcber Kekse und \u00fcber einen Bargeldbetrag in H\u00f6he von 120 Euro. Weiterhin ein gutes Jahr 2026 ! Petra Wehmeyer[\/vc_column_text][\/vc_column][\/vc_row]","og_url":"https:\/\/weltlaeden.de\/waltrop\/januar-2026\/","og_site_name":"Weltladen Waltrop","article_modified_time":"2026-01-18T19:55:07+00:00","og_image":[{"width":1920,"height":2560,"url":"https:\/\/weltlaeden.de\/waltrop\/wp-content\/uploads\/sites\/86\/2026\/01\/IMG_1855-scaled.jpg","type":"image\/jpeg"}],"twitter_card":"summary_large_image","twitter_misc":{"Gesch\u00e4tzte Lesezeit":"4\u00a0Minuten"},"schema":{"@context":"https:\/\/schema.org","@graph":[{"@type":"WebPage","@id":"https:\/\/weltlaeden.de\/waltrop\/januar-2026\/","url":"https:\/\/weltlaeden.de\/waltrop\/januar-2026\/","name":"Januar 2026 - Weltladen Waltrop","isPartOf":{"@id":"https:\/\/weltlaeden.de\/waltrop\/#website"},"primaryImageOfPage":{"@id":"https:\/\/weltlaeden.de\/waltrop\/januar-2026\/#primaryimage"},"image":{"@id":"https:\/\/weltlaeden.de\/waltrop\/januar-2026\/#primaryimage"},"thumbnailUrl":"https:\/\/weltlaeden.de\/waltrop\/wp-content\/uploads\/sites\/86\/2026\/01\/IMG_1855-768x1024.jpg","datePublished":"2026-01-18T19:53:07+00:00","dateModified":"2026-01-18T19:55:07+00:00","breadcrumb":{"@id":"https:\/\/weltlaeden.de\/waltrop\/januar-2026\/#breadcrumb"},"inLanguage":"de","potentialAction":[{"@type":"ReadAction","target":["https:\/\/weltlaeden.de\/waltrop\/januar-2026\/"]}]},{"@type":"ImageObject","inLanguage":"de","@id":"https:\/\/weltlaeden.de\/waltrop\/januar-2026\/#primaryimage","url":"https:\/\/weltlaeden.de\/waltrop\/wp-content\/uploads\/sites\/86\/2026\/01\/IMG_1855-scaled.jpg","contentUrl":"https:\/\/weltlaeden.de\/waltrop\/wp-content\/uploads\/sites\/86\/2026\/01\/IMG_1855-scaled.jpg","width":1920,"height":2560},{"@type":"BreadcrumbList","@id":"https:\/\/weltlaeden.de\/waltrop\/januar-2026\/#breadcrumb","itemListElement":[{"@type":"ListItem","position":1,"name":"Startseite","item":"https:\/\/weltlaeden.de\/waltrop\/"},{"@type":"ListItem","position":2,"name":"Januar 2026"}]},{"@type":"WebSite","@id":"https:\/\/weltlaeden.de\/waltrop\/#website","url":"https:\/\/weltlaeden.de\/waltrop\/","name":"Weltladen Waltrop","description":"Faire Produkte seit 1990","potentialAction":[{"@type":"SearchAction","target":{"@type":"EntryPoint","urlTemplate":"https:\/\/weltlaeden.de\/waltrop\/?s={search_term_string}"},"query-input":{"@type":"PropertyValueSpecification","valueRequired":true,"valueName":"search_term_string"}}],"inLanguage":"de"}]}},"_links":{"self":[{"href":"https:\/\/weltlaeden.de\/waltrop\/wp-json\/wp\/v2\/pages\/1807","targetHints":{"allow":["GET"]}}],"collection":[{"href":"https:\/\/weltlaeden.de\/waltrop\/wp-json\/wp\/v2\/pages"}],"about":[{"href":"https:\/\/weltlaeden.de\/waltrop\/wp-json\/wp\/v2\/types\/page"}],"author":[{"embeddable":true,"href":"https:\/\/weltlaeden.de\/waltrop\/wp-json\/wp\/v2\/users\/129"}],"replies":[{"embeddable":true,"href":"https:\/\/weltlaeden.de\/waltrop\/wp-json\/wp\/v2\/comments?post=1807"}],"version-history":[{"count":3,"href":"https:\/\/weltlaeden.de\/waltrop\/wp-json\/wp\/v2\/pages\/1807\/revisions"}],"predecessor-version":[{"id":1828,"href":"https:\/\/weltlaeden.de\/waltrop\/wp-json\/wp\/v2\/pages\/1807\/revisions\/1828"}],"wp:attachment":[{"href":"https:\/\/weltlaeden.de\/waltrop\/wp-json\/wp\/v2\/media?parent=1807"}],"curies":[{"name":"wp","href":"https:\/\/api.w.org\/{rel}","templated":true}]}}