{"id":885,"date":"2021-06-09T12:06:39","date_gmt":"2021-06-09T10:06:39","guid":{"rendered":"https:\/\/weltlaeden.de\/walluf\/?page_id=885"},"modified":"2024-02-07T18:41:28","modified_gmt":"2024-02-07T17:41:28","slug":"bitte-besuchen-sie-auch","status":"publish","type":"page","link":"https:\/\/weltlaeden.de\/walluf\/bitte-besuchen-sie-auch\/","title":{"rendered":"Bitte besuchen Sie auch:"},"content":{"rendered":"<div class=\"wpb-content-wrapper\"><p>[vc_row][vc_column][vc_column_text]Unsere Empfehlungen f\u00fcr externe Internetseiten<\/p>\n<p>Die hier empfohlenen Seiten wurden von uns redaktionell gepr\u00fcft, jedoch k\u00f6nnen wir nat\u00fcrlich keine Haftung f\u00fcr die von uns verlinkten externen Webseiten \u00fcbernehmen, da auch diese einem st\u00e4ndigen Wandel, Ver\u00e4nderungen und Erweiterungen unterliegen! Bitte auch\u00a0<a href=\"https:\/\/web.archive.org\/web\/20200812035721\/http:\/weltladen-walluf.org\/impressum.php\">Impressum<\/a>\u00a0beachten.<\/p>\n<p><strong><a href=\"https:\/\/www.forum-fairer-handel.de\/startseite\/\">Forum Fairer Handel<\/a><\/strong><br \/>\nHier finden Sie Antworten auf alle Fragen zum Fairen Handel; dazu Termine aktueller Veranstaltungen und Kampagnen. Interessante Quelle auch f\u00fcr alle Lehrenden und Lernenden, die den Fairen Handel im Unterricht bearbeiten.<\/p>\n<p><a href=\"http:\/www.nueva-nicaragua-wiesbaden.de\/\"><strong>Nueva Nicaragua Verein zur F\u00f6rderung der deutsch-nicaraguanischen Freundschaft e.V. Wiesbaden<\/strong><\/a><br \/>\nDer Verein Nueva Nicaragua f\u00f6rdert in Ocotal\/Nicaragua zahlreiche Projekte wie Kindergarten,Seniorenheim,Radioarbeit, Bildung, Auslandseins\u00e4tze deutscher Zivildienstleistender und ein Frauenprojekt &#8218;Las Gaviotas&#8216;. Von dort kommt der Kaffee f\u00fcr den Partnerschaftskaffee &#8218;Nassau Affair&#8216;.<\/p>\n<p><a href=\"http:\/www.oikocredit.org\/\"><strong>Oikocredit<\/strong><\/a><br \/>\nOikocredit vergibt Mikrokredite an Menschen und Kooperativen in armen Regionen. Da diese Menschen keine Kredite von Banken erhalten, sind sie auf Geldverleiher mit Wucherzinsen angewiesen. Kleinkredite bieten eine Chance, Wege aus der Armut zu finden.<\/p>\n<p><a href=\"http:\/www.faire-woche.de\/\"><strong>Faire Woche<\/strong><\/a><br \/>\nBundesregierung, Weltl\u00e4den, Entwicklungspolitische Initiativen engagieren sich seit einigen Jahren in der Fairen Woche erfolgreich f\u00fcr den Fairen Handel, insbesondere f\u00fcr Lebensmittel. Die Seite informiert \u00fcber alle Veranstaltungen und erkl\u00e4rt Fairen Handel in kurzen, klaren Texten. Hier gibt es auch tolle Rezeptideen!<\/p>\n<p><a href=\"http:\/www.fairtrade-towns.de\/\"><strong>Fairtrade-Gemeinde<\/strong><\/a><br \/>\nMehr als 200 Fairtrade-towns gibt es schon in Deutschland. Alles \u00fcber diese St\u00e4dte, gerechten Handel und was man vor Ort selbst daf\u00fcr tun kann. Auch Walluf f\u00fchrt seit 2012 den Titel Fairtrade-Gemeinde.<\/p>\n<p><a href=\"https:\/\/www.tumaini-projekte.de\"><strong>Freunde und F\u00f6rderer Tumaini-Projekte f\u00fcr Tansania e.V.<\/strong><\/a><br \/>\nDer Verein unterst\u00fctzt den Aufbau und Betrieb von Projekten in Tansania. Schwerpunkt der Unterst\u00fctzung sind die F\u00f6rderung von Erziehung, Schulbildung und Berufsbildung von Jugendlichen und Kindern. Die Vorhaben konzentrieren sich derzeit auf Msindo. Es liegt in der Provinz Songea im S\u00fcdwesten Tansanias und ist die Heimat unseres Freundes Tumaini.<\/p>\n<p><a href=\"https:\/\/www.eindollarbrille.de\"><strong>Ein Dollar Brille<\/strong><\/a><br \/>\nDer EinDollarBrille e.V. wurde im Juni 2012 gegr\u00fcndet und hat seinen Sitz in Erlangen. Ziel des Vereins ist es, 150 Millionen Menschen auf der Welt mit Brillen versorgen \u2013 Menschen, die von einem Dollar oder weniger am Tag leben und bis heute keinen Zugang zu Brillen haben.<\/p>\n<p><a href=\"https:\/\/www.lobolmo.de\/\"><strong>LobOlmo<\/strong><\/a><br \/>\nJutta Ulmer und Michael Wolfsteiner sind als freie Fotografen und Journalisten unterwegs. Ihre Themenschwerpunkte sind Fairer Handel und Nachhaltiger Tourismus. Sie sind assoziierte Mitglieder der World Fair Trade Organization (WFTO) und kooperieren weltweit mit verschiedenen Fairhandels-Akteuren. Sie halten Vortr\u00e4ge und zeigen Multivisionsshows mit denen sie eindrucksvoll \u00fcber ihre pers\u00f6nlichen Reiseerlebnisse und Besuche bei Fairtrade-Produzenten berichten. Auf Einladung des FAIR-TREFF Walluf e.V. haben sie auch schon mehrfach in Walluf mit Vortr\u00e4gen \u00fcber die die Maya, die Anden und die Kulturpflanze Quinoa die Zuschauer begeistert.<\/p>\n<p><a href=\"http:\/\/www.fairtrade-deutschland.de\/\"><strong>Transfair<\/strong><\/a><br \/>\nTransfair ist eine unabh\u00e4ngige Initiative zur F\u00f6rderung des fairen Handels und vertritt Fairtrade in Deutschland. Transfair mobilisiert gegen Handelsungerechtigkeit und schlie\u00dft Lizenzvertr\u00e4ge mit Handelspartnern ab, die nach Fairtrade-Standards gehandelte Produkte anbieten.<\/p>\n<p><strong><a href=\"https:\/\/www.savalou.de\/\">Savalou<\/a><\/strong><\/p>\n<p>F\u00f6rderverein Savalou \/ Benin e.V.<\/p>\n<p><a href=\"https:\/\/web.archive.org\/web\/20200812035721\/http:\/www.weltladen.de\/\"><strong>Weltladendachverband<\/strong><\/a><br \/>\nDer Weltladen-Dachverband e.V.* *ist die bundesweite Interessenvertretung von Weltl\u00e4den und Aktionsgruppen f\u00fcr Fairen Handel. Er unterst\u00fctzt die Arbeit seiner Mitglieder in den Bereichen Marketing, Bildung und politische Kampagnen.<\/p>\n<p><a href=\"http:\/www.wallufer-sommer.de\/\"><strong>Wallufer Kulturinitiative Alte Johanniskirchenruine<\/strong><\/a><br \/>\nAuf dem historischen Gel\u00e4nde um die Ruinen der alten Johanniskirche und der Turmburg, finden j\u00e4hrlich im Sommer kulturelle Veranstaltungen statt: Lesungen, Konzerte, Kabarett und Kleinkunst. Die Initiative unterst\u00fctzt Veranstaltungen von Fair-Treff Walluf e.V. sehr engagiert mit Know-how und technischer Ausstattung.<\/p>\n<p>**<\/p>\n<p><strong>Sie m\u00f6chten den Welthandel gerechter gestalten?<\/strong><\/p>\n<p>Machen Sie mit: wenden Sie sich an eine\/n unserer Mitarbeiterinnen und Mitarbeiter im Laden. Sollten Sie noch nicht viel \u00fcber den Fairen Handel wissen: wir f\u00fchren Sie gerne Schritt f\u00fcr Schritt ein.<\/p>\n<p>&nbsp;<\/p>\n<p><strong>Lieferanten<\/strong><\/p>\n<p>Haupts\u00e4chlich bezieht der Weltladen Walluf seine Waren vom\u00a0<strong>Fairhandelshaus gepa<\/strong>.<\/p>\n<ul>\n<li><a href=\"https:\/\/www.gepa.de\/home.html\">gepa<\/a><\/li>\n<li><a href=\"https:\/\/shop.el-puente.de\/\">el puente<\/a><\/li>\n<li><a href=\"https:\/\/contigo.de\/\">Contigo<\/a><\/li>\n<li><a href=\"https:\/\/shop.weltpartner.de\/\">Weltpartner<\/a><\/li>\n<li><a href=\"https:\/\/www.eza.cc\/\">EZA &#8211; Die Welt des Fairen Handels<\/a><\/li>\n<li><a href=\"https:\/\/www.akarfairtrade.de\">Akar &#8211; kunsthandw. Produkte<\/a><\/li>\n<li><a href=\"https:\/\/www.globo-fairtrade.com\/\">Globo &#8211; Lieferant der Weltl\u00e4den<\/a><\/li>\n<li><a href=\"https:\/\/www.fairmail.info\/\">Fair Mail &#8211; Fair Trade Gru\u00dfkarten<\/a><\/li>\n<\/ul>\n<p>[\/vc_column_text][\/vc_column][\/vc_row]<\/p>\n<\/div>","protected":false},"excerpt":{"rendered":"<p>[vc_row][vc_column][vc_column_text]Unsere Empfehlungen f\u00fcr externe Internetseiten Die hier empfohlenen Seiten wurden von uns redaktionell gepr\u00fcft, jedoch k\u00f6nnen wir nat\u00fcrlich keine Haftung f\u00fcr die von uns verlinkten externen Webseiten \u00fcbernehmen, da auch diese einem st\u00e4ndigen Wandel, Ver\u00e4nderungen und Erweiterungen unterliegen! Bitte auch\u00a0Impressum\u00a0beachten. Forum Fairer Handel Hier finden Sie Antworten auf alle Fragen zum Fairen Handel; dazu Termine&hellip;<\/p>\n","protected":false},"author":228,"featured_media":0,"parent":0,"menu_order":7,"comment_status":"closed","ping_status":"closed","template":"","meta":{"footnotes":""},"class_list":["post-885","page","type-page","status-publish","hentry","description-off"],"yoast_head":"<!-- This site is optimized with the Yoast SEO plugin v26.8 - https:\/\/yoast.com\/product\/yoast-seo-wordpress\/ -->\n<title>Bitte besuchen Sie auch: - Weltladen Walluf<\/title>\n<meta name=\"robots\" content=\"index, follow, max-snippet:-1, max-image-preview:large, max-video-preview:-1\" \/>\n<link rel=\"canonical\" href=\"https:\/\/weltlaeden.de\/walluf\/bitte-besuchen-sie-auch\/\" \/>\n<meta property=\"og:locale\" content=\"de_DE\" \/>\n<meta property=\"og:type\" content=\"article\" \/>\n<meta property=\"og:title\" content=\"Bitte besuchen Sie auch: - Weltladen Walluf\" \/>\n<meta property=\"og:description\" content=\"[vc_row][vc_column][vc_column_text]Unsere Empfehlungen f\u00fcr externe Internetseiten Die hier empfohlenen Seiten wurden von uns redaktionell gepr\u00fcft, jedoch k\u00f6nnen wir nat\u00fcrlich keine Haftung f\u00fcr die von uns verlinkten externen Webseiten \u00fcbernehmen, da auch diese einem st\u00e4ndigen Wandel, Ver\u00e4nderungen und Erweiterungen unterliegen! Bitte auch\u00a0Impressum\u00a0beachten. Forum Fairer Handel Hier finden Sie Antworten auf alle Fragen zum Fairen Handel; dazu Termine&hellip;\" \/>\n<meta property=\"og:url\" content=\"https:\/\/weltlaeden.de\/walluf\/bitte-besuchen-sie-auch\/\" \/>\n<meta property=\"og:site_name\" content=\"Weltladen Walluf\" \/>\n<meta property=\"article:modified_time\" content=\"2024-02-07T17:41:28+00:00\" \/>\n<meta name=\"twitter:card\" content=\"summary_large_image\" \/>\n<meta name=\"twitter:label1\" content=\"Gesch\u00e4tzte Lesezeit\" \/>\n\t<meta name=\"twitter:data1\" content=\"4\u00a0Minuten\" \/>\n<script type=\"application\/ld+json\" class=\"yoast-schema-graph\">{\"@context\":\"https:\/\/schema.org\",\"@graph\":[{\"@type\":\"WebPage\",\"@id\":\"https:\/\/weltlaeden.de\/walluf\/bitte-besuchen-sie-auch\/\",\"url\":\"https:\/\/weltlaeden.de\/walluf\/bitte-besuchen-sie-auch\/\",\"name\":\"Bitte besuchen Sie auch: - Weltladen Walluf\",\"isPartOf\":{\"@id\":\"https:\/\/weltlaeden.de\/walluf\/#website\"},\"datePublished\":\"2021-06-09T10:06:39+00:00\",\"dateModified\":\"2024-02-07T17:41:28+00:00\",\"breadcrumb\":{\"@id\":\"https:\/\/weltlaeden.de\/walluf\/bitte-besuchen-sie-auch\/#breadcrumb\"},\"inLanguage\":\"de\",\"potentialAction\":[{\"@type\":\"ReadAction\",\"target\":[\"https:\/\/weltlaeden.de\/walluf\/bitte-besuchen-sie-auch\/\"]}]},{\"@type\":\"BreadcrumbList\",\"@id\":\"https:\/\/weltlaeden.de\/walluf\/bitte-besuchen-sie-auch\/#breadcrumb\",\"itemListElement\":[{\"@type\":\"ListItem\",\"position\":1,\"name\":\"Startseite\",\"item\":\"https:\/\/weltlaeden.de\/walluf\/\"},{\"@type\":\"ListItem\",\"position\":2,\"name\":\"Bitte besuchen Sie auch:\"}]},{\"@type\":\"WebSite\",\"@id\":\"https:\/\/weltlaeden.de\/walluf\/#website\",\"url\":\"https:\/\/weltlaeden.de\/walluf\/\",\"name\":\"Weltladen Walluf\",\"description\":\"Fair Handeln - Schmecken - Genie\u00dfen\",\"publisher\":{\"@id\":\"https:\/\/weltlaeden.de\/walluf\/#organization\"},\"potentialAction\":[{\"@type\":\"SearchAction\",\"target\":{\"@type\":\"EntryPoint\",\"urlTemplate\":\"https:\/\/weltlaeden.de\/walluf\/?s={search_term_string}\"},\"query-input\":{\"@type\":\"PropertyValueSpecification\",\"valueRequired\":true,\"valueName\":\"search_term_string\"}}],\"inLanguage\":\"de\"},{\"@type\":\"Organization\",\"@id\":\"https:\/\/weltlaeden.de\/walluf\/#organization\",\"name\":\"Weltladen Walluf \/ FAIR-TREFF Walluf e.V.\",\"url\":\"https:\/\/weltlaeden.de\/walluf\/\",\"logo\":{\"@type\":\"ImageObject\",\"inLanguage\":\"de\",\"@id\":\"https:\/\/weltlaeden.de\/walluf\/#\/schema\/logo\/image\/\",\"url\":\"https:\/\/weltlaeden.de\/walluf\/wp-content\/uploads\/sites\/159\/2021\/03\/WLFH_cmyk_300dpi_MK-e1621515039297.jpg\",\"contentUrl\":\"https:\/\/weltlaeden.de\/walluf\/wp-content\/uploads\/sites\/159\/2021\/03\/WLFH_cmyk_300dpi_MK-e1621515039297.jpg\",\"width\":150,\"height\":67,\"caption\":\"Weltladen Walluf \/ FAIR-TREFF Walluf e.V.\"},\"image\":{\"@id\":\"https:\/\/weltlaeden.de\/walluf\/#\/schema\/logo\/image\/\"}}]}<\/script>\n<!-- \/ Yoast SEO plugin. -->","yoast_head_json":{"title":"Bitte besuchen Sie auch: - Weltladen Walluf","robots":{"index":"index","follow":"follow","max-snippet":"max-snippet:-1","max-image-preview":"max-image-preview:large","max-video-preview":"max-video-preview:-1"},"canonical":"https:\/\/weltlaeden.de\/walluf\/bitte-besuchen-sie-auch\/","og_locale":"de_DE","og_type":"article","og_title":"Bitte besuchen Sie auch: - Weltladen Walluf","og_description":"[vc_row][vc_column][vc_column_text]Unsere Empfehlungen f\u00fcr externe Internetseiten Die hier empfohlenen Seiten wurden von uns redaktionell gepr\u00fcft, jedoch k\u00f6nnen wir nat\u00fcrlich keine Haftung f\u00fcr die von uns verlinkten externen Webseiten \u00fcbernehmen, da auch diese einem st\u00e4ndigen Wandel, Ver\u00e4nderungen und Erweiterungen unterliegen! Bitte auch\u00a0Impressum\u00a0beachten. Forum Fairer Handel Hier finden Sie Antworten auf alle Fragen zum Fairen Handel; dazu Termine&hellip;","og_url":"https:\/\/weltlaeden.de\/walluf\/bitte-besuchen-sie-auch\/","og_site_name":"Weltladen Walluf","article_modified_time":"2024-02-07T17:41:28+00:00","twitter_card":"summary_large_image","twitter_misc":{"Gesch\u00e4tzte Lesezeit":"4\u00a0Minuten"},"schema":{"@context":"https:\/\/schema.org","@graph":[{"@type":"WebPage","@id":"https:\/\/weltlaeden.de\/walluf\/bitte-besuchen-sie-auch\/","url":"https:\/\/weltlaeden.de\/walluf\/bitte-besuchen-sie-auch\/","name":"Bitte besuchen Sie auch: - Weltladen Walluf","isPartOf":{"@id":"https:\/\/weltlaeden.de\/walluf\/#website"},"datePublished":"2021-06-09T10:06:39+00:00","dateModified":"2024-02-07T17:41:28+00:00","breadcrumb":{"@id":"https:\/\/weltlaeden.de\/walluf\/bitte-besuchen-sie-auch\/#breadcrumb"},"inLanguage":"de","potentialAction":[{"@type":"ReadAction","target":["https:\/\/weltlaeden.de\/walluf\/bitte-besuchen-sie-auch\/"]}]},{"@type":"BreadcrumbList","@id":"https:\/\/weltlaeden.de\/walluf\/bitte-besuchen-sie-auch\/#breadcrumb","itemListElement":[{"@type":"ListItem","position":1,"name":"Startseite","item":"https:\/\/weltlaeden.de\/walluf\/"},{"@type":"ListItem","position":2,"name":"Bitte besuchen Sie auch:"}]},{"@type":"WebSite","@id":"https:\/\/weltlaeden.de\/walluf\/#website","url":"https:\/\/weltlaeden.de\/walluf\/","name":"Weltladen Walluf","description":"Fair Handeln - Schmecken - Genie\u00dfen","publisher":{"@id":"https:\/\/weltlaeden.de\/walluf\/#organization"},"potentialAction":[{"@type":"SearchAction","target":{"@type":"EntryPoint","urlTemplate":"https:\/\/weltlaeden.de\/walluf\/?s={search_term_string}"},"query-input":{"@type":"PropertyValueSpecification","valueRequired":true,"valueName":"search_term_string"}}],"inLanguage":"de"},{"@type":"Organization","@id":"https:\/\/weltlaeden.de\/walluf\/#organization","name":"Weltladen Walluf \/ FAIR-TREFF Walluf e.V.","url":"https:\/\/weltlaeden.de\/walluf\/","logo":{"@type":"ImageObject","inLanguage":"de","@id":"https:\/\/weltlaeden.de\/walluf\/#\/schema\/logo\/image\/","url":"https:\/\/weltlaeden.de\/walluf\/wp-content\/uploads\/sites\/159\/2021\/03\/WLFH_cmyk_300dpi_MK-e1621515039297.jpg","contentUrl":"https:\/\/weltlaeden.de\/walluf\/wp-content\/uploads\/sites\/159\/2021\/03\/WLFH_cmyk_300dpi_MK-e1621515039297.jpg","width":150,"height":67,"caption":"Weltladen Walluf \/ FAIR-TREFF Walluf e.V."},"image":{"@id":"https:\/\/weltlaeden.de\/walluf\/#\/schema\/logo\/image\/"}}]}},"_links":{"self":[{"href":"https:\/\/weltlaeden.de\/walluf\/wp-json\/wp\/v2\/pages\/885","targetHints":{"allow":["GET"]}}],"collection":[{"href":"https:\/\/weltlaeden.de\/walluf\/wp-json\/wp\/v2\/pages"}],"about":[{"href":"https:\/\/weltlaeden.de\/walluf\/wp-json\/wp\/v2\/types\/page"}],"author":[{"embeddable":true,"href":"https:\/\/weltlaeden.de\/walluf\/wp-json\/wp\/v2\/users\/228"}],"replies":[{"embeddable":true,"href":"https:\/\/weltlaeden.de\/walluf\/wp-json\/wp\/v2\/comments?post=885"}],"version-history":[{"count":25,"href":"https:\/\/weltlaeden.de\/walluf\/wp-json\/wp\/v2\/pages\/885\/revisions"}],"predecessor-version":[{"id":1824,"href":"https:\/\/weltlaeden.de\/walluf\/wp-json\/wp\/v2\/pages\/885\/revisions\/1824"}],"wp:attachment":[{"href":"https:\/\/weltlaeden.de\/walluf\/wp-json\/wp\/v2\/media?parent=885"}],"curies":[{"name":"wp","href":"https:\/\/api.w.org\/{rel}","templated":true}]}}