{"id":868,"date":"2021-05-26T14:56:28","date_gmt":"2021-05-26T12:56:28","guid":{"rendered":"https:\/\/weltlaeden.de\/walluf\/?page_id=868"},"modified":"2023-03-31T15:34:56","modified_gmt":"2023-03-31T13:34:56","slug":"bildung","status":"publish","type":"page","link":"https:\/\/weltlaeden.de\/walluf\/bildung\/","title":{"rendered":"Bildung"},"content":{"rendered":"<p>Auch wir &#8211; das Team des Weltladen Walluf &#8211; lernen jeden Tag, den wir im Weltladen arbeiten &#8211; dazu: z.B. im Dialog mit unseren Kunden, wenn es neue Produkte gibt, denn jedes Produkt erz\u00e4hlt seine ganz eigene Geschichte. Aber: wir nehmen Bildung ernst und verf\u00fcgen u.a. \u00fcber Informationsmaterialien, angefangen mit einer Brosch\u00fcre vom Weltladen Dachverband, \u00fcber Prospekte von Handelsh\u00e4usern, Kataloge mit Produktbeschreibungen bis hin zu einer ausf\u00fchrlichen &#8222;Bildungss\u00e4ule&#8220;, die wir vom Weltladen-Dachverband erworben haben.<\/p>\n<p>Dar\u00fcber hinaus gibt es auch Unterrichtsmaterialien, die wir Schulklassen gern zur Verf\u00fcgung stellen.<\/p>\n","protected":false},"excerpt":{"rendered":"<p>Auch wir &#8211; das Team des Weltladen Walluf &#8211; lernen jeden Tag, den wir im Weltladen arbeiten &#8211; dazu: z.B. im Dialog mit unseren Kunden, wenn es neue Produkte gibt, denn jedes Produkt erz\u00e4hlt seine ganz eigene Geschichte. Aber: wir nehmen Bildung ernst und verf\u00fcgen u.a. \u00fcber Informationsmaterialien, angefangen mit einer Brosch\u00fcre vom Weltladen Dachverband,&hellip;<\/p>\n","protected":false},"author":228,"featured_media":0,"parent":0,"menu_order":13,"comment_status":"closed","ping_status":"closed","template":"","meta":{"footnotes":""},"class_list":["post-868","page","type-page","status-publish","hentry","description-off"],"yoast_head":"<!-- This site is optimized with the Yoast SEO plugin v26.8 - https:\/\/yoast.com\/product\/yoast-seo-wordpress\/ -->\n<title>Bildung - Weltladen Walluf<\/title>\n<meta name=\"robots\" content=\"index, follow, max-snippet:-1, max-image-preview:large, max-video-preview:-1\" \/>\n<link rel=\"canonical\" href=\"https:\/\/weltlaeden.de\/walluf\/bildung\/\" \/>\n<meta property=\"og:locale\" content=\"de_DE\" \/>\n<meta property=\"og:type\" content=\"article\" \/>\n<meta property=\"og:title\" content=\"Bildung - Weltladen Walluf\" \/>\n<meta property=\"og:description\" content=\"Auch wir &#8211; das Team des Weltladen Walluf &#8211; lernen jeden Tag, den wir im Weltladen arbeiten &#8211; dazu: z.B. im Dialog mit unseren Kunden, wenn es neue Produkte gibt, denn jedes Produkt erz\u00e4hlt seine ganz eigene Geschichte. Aber: wir nehmen Bildung ernst und verf\u00fcgen u.a. \u00fcber Informationsmaterialien, angefangen mit einer Brosch\u00fcre vom Weltladen Dachverband,&hellip;\" \/>\n<meta property=\"og:url\" content=\"https:\/\/weltlaeden.de\/walluf\/bildung\/\" \/>\n<meta property=\"og:site_name\" content=\"Weltladen Walluf\" \/>\n<meta property=\"article:modified_time\" content=\"2023-03-31T13:34:56+00:00\" \/>\n<meta name=\"twitter:card\" content=\"summary_large_image\" \/>\n<meta name=\"twitter:label1\" content=\"Gesch\u00e4tzte Lesezeit\" \/>\n\t<meta name=\"twitter:data1\" content=\"1\u00a0Minute\" \/>\n<script type=\"application\/ld+json\" class=\"yoast-schema-graph\">{\"@context\":\"https:\/\/schema.org\",\"@graph\":[{\"@type\":\"WebPage\",\"@id\":\"https:\/\/weltlaeden.de\/walluf\/bildung\/\",\"url\":\"https:\/\/weltlaeden.de\/walluf\/bildung\/\",\"name\":\"Bildung - Weltladen Walluf\",\"isPartOf\":{\"@id\":\"https:\/\/weltlaeden.de\/walluf\/#website\"},\"datePublished\":\"2021-05-26T12:56:28+00:00\",\"dateModified\":\"2023-03-31T13:34:56+00:00\",\"breadcrumb\":{\"@id\":\"https:\/\/weltlaeden.de\/walluf\/bildung\/#breadcrumb\"},\"inLanguage\":\"de\",\"potentialAction\":[{\"@type\":\"ReadAction\",\"target\":[\"https:\/\/weltlaeden.de\/walluf\/bildung\/\"]}]},{\"@type\":\"BreadcrumbList\",\"@id\":\"https:\/\/weltlaeden.de\/walluf\/bildung\/#breadcrumb\",\"itemListElement\":[{\"@type\":\"ListItem\",\"position\":1,\"name\":\"Startseite\",\"item\":\"https:\/\/weltlaeden.de\/walluf\/\"},{\"@type\":\"ListItem\",\"position\":2,\"name\":\"Bildung\"}]},{\"@type\":\"WebSite\",\"@id\":\"https:\/\/weltlaeden.de\/walluf\/#website\",\"url\":\"https:\/\/weltlaeden.de\/walluf\/\",\"name\":\"Weltladen Walluf\",\"description\":\"Fair Handeln - Schmecken - Genie\u00dfen\",\"publisher\":{\"@id\":\"https:\/\/weltlaeden.de\/walluf\/#organization\"},\"potentialAction\":[{\"@type\":\"SearchAction\",\"target\":{\"@type\":\"EntryPoint\",\"urlTemplate\":\"https:\/\/weltlaeden.de\/walluf\/?s={search_term_string}\"},\"query-input\":{\"@type\":\"PropertyValueSpecification\",\"valueRequired\":true,\"valueName\":\"search_term_string\"}}],\"inLanguage\":\"de\"},{\"@type\":\"Organization\",\"@id\":\"https:\/\/weltlaeden.de\/walluf\/#organization\",\"name\":\"Weltladen Walluf \/ FAIR-TREFF Walluf e.V.\",\"url\":\"https:\/\/weltlaeden.de\/walluf\/\",\"logo\":{\"@type\":\"ImageObject\",\"inLanguage\":\"de\",\"@id\":\"https:\/\/weltlaeden.de\/walluf\/#\/schema\/logo\/image\/\",\"url\":\"https:\/\/weltlaeden.de\/walluf\/wp-content\/uploads\/sites\/159\/2021\/03\/WLFH_cmyk_300dpi_MK-e1621515039297.jpg\",\"contentUrl\":\"https:\/\/weltlaeden.de\/walluf\/wp-content\/uploads\/sites\/159\/2021\/03\/WLFH_cmyk_300dpi_MK-e1621515039297.jpg\",\"width\":150,\"height\":67,\"caption\":\"Weltladen Walluf \/ FAIR-TREFF Walluf e.V.\"},\"image\":{\"@id\":\"https:\/\/weltlaeden.de\/walluf\/#\/schema\/logo\/image\/\"}}]}<\/script>\n<!-- \/ Yoast SEO plugin. -->","yoast_head_json":{"title":"Bildung - Weltladen Walluf","robots":{"index":"index","follow":"follow","max-snippet":"max-snippet:-1","max-image-preview":"max-image-preview:large","max-video-preview":"max-video-preview:-1"},"canonical":"https:\/\/weltlaeden.de\/walluf\/bildung\/","og_locale":"de_DE","og_type":"article","og_title":"Bildung - Weltladen Walluf","og_description":"Auch wir &#8211; das Team des Weltladen Walluf &#8211; lernen jeden Tag, den wir im Weltladen arbeiten &#8211; dazu: z.B. im Dialog mit unseren Kunden, wenn es neue Produkte gibt, denn jedes Produkt erz\u00e4hlt seine ganz eigene Geschichte. Aber: wir nehmen Bildung ernst und verf\u00fcgen u.a. \u00fcber Informationsmaterialien, angefangen mit einer Brosch\u00fcre vom Weltladen Dachverband,&hellip;","og_url":"https:\/\/weltlaeden.de\/walluf\/bildung\/","og_site_name":"Weltladen Walluf","article_modified_time":"2023-03-31T13:34:56+00:00","twitter_card":"summary_large_image","twitter_misc":{"Gesch\u00e4tzte Lesezeit":"1\u00a0Minute"},"schema":{"@context":"https:\/\/schema.org","@graph":[{"@type":"WebPage","@id":"https:\/\/weltlaeden.de\/walluf\/bildung\/","url":"https:\/\/weltlaeden.de\/walluf\/bildung\/","name":"Bildung - Weltladen Walluf","isPartOf":{"@id":"https:\/\/weltlaeden.de\/walluf\/#website"},"datePublished":"2021-05-26T12:56:28+00:00","dateModified":"2023-03-31T13:34:56+00:00","breadcrumb":{"@id":"https:\/\/weltlaeden.de\/walluf\/bildung\/#breadcrumb"},"inLanguage":"de","potentialAction":[{"@type":"ReadAction","target":["https:\/\/weltlaeden.de\/walluf\/bildung\/"]}]},{"@type":"BreadcrumbList","@id":"https:\/\/weltlaeden.de\/walluf\/bildung\/#breadcrumb","itemListElement":[{"@type":"ListItem","position":1,"name":"Startseite","item":"https:\/\/weltlaeden.de\/walluf\/"},{"@type":"ListItem","position":2,"name":"Bildung"}]},{"@type":"WebSite","@id":"https:\/\/weltlaeden.de\/walluf\/#website","url":"https:\/\/weltlaeden.de\/walluf\/","name":"Weltladen Walluf","description":"Fair Handeln - Schmecken - Genie\u00dfen","publisher":{"@id":"https:\/\/weltlaeden.de\/walluf\/#organization"},"potentialAction":[{"@type":"SearchAction","target":{"@type":"EntryPoint","urlTemplate":"https:\/\/weltlaeden.de\/walluf\/?s={search_term_string}"},"query-input":{"@type":"PropertyValueSpecification","valueRequired":true,"valueName":"search_term_string"}}],"inLanguage":"de"},{"@type":"Organization","@id":"https:\/\/weltlaeden.de\/walluf\/#organization","name":"Weltladen Walluf \/ FAIR-TREFF Walluf e.V.","url":"https:\/\/weltlaeden.de\/walluf\/","logo":{"@type":"ImageObject","inLanguage":"de","@id":"https:\/\/weltlaeden.de\/walluf\/#\/schema\/logo\/image\/","url":"https:\/\/weltlaeden.de\/walluf\/wp-content\/uploads\/sites\/159\/2021\/03\/WLFH_cmyk_300dpi_MK-e1621515039297.jpg","contentUrl":"https:\/\/weltlaeden.de\/walluf\/wp-content\/uploads\/sites\/159\/2021\/03\/WLFH_cmyk_300dpi_MK-e1621515039297.jpg","width":150,"height":67,"caption":"Weltladen Walluf \/ FAIR-TREFF Walluf e.V."},"image":{"@id":"https:\/\/weltlaeden.de\/walluf\/#\/schema\/logo\/image\/"}}]}},"_links":{"self":[{"href":"https:\/\/weltlaeden.de\/walluf\/wp-json\/wp\/v2\/pages\/868","targetHints":{"allow":["GET"]}}],"collection":[{"href":"https:\/\/weltlaeden.de\/walluf\/wp-json\/wp\/v2\/pages"}],"about":[{"href":"https:\/\/weltlaeden.de\/walluf\/wp-json\/wp\/v2\/types\/page"}],"author":[{"embeddable":true,"href":"https:\/\/weltlaeden.de\/walluf\/wp-json\/wp\/v2\/users\/228"}],"replies":[{"embeddable":true,"href":"https:\/\/weltlaeden.de\/walluf\/wp-json\/wp\/v2\/comments?post=868"}],"version-history":[{"count":2,"href":"https:\/\/weltlaeden.de\/walluf\/wp-json\/wp\/v2\/pages\/868\/revisions"}],"predecessor-version":[{"id":996,"href":"https:\/\/weltlaeden.de\/walluf\/wp-json\/wp\/v2\/pages\/868\/revisions\/996"}],"wp:attachment":[{"href":"https:\/\/weltlaeden.de\/walluf\/wp-json\/wp\/v2\/media?parent=868"}],"curies":[{"name":"wp","href":"https:\/\/api.w.org\/{rel}","templated":true}]}}