{"id":1578,"date":"2023-03-31T14:48:46","date_gmt":"2023-03-31T12:48:46","guid":{"rendered":"https:\/\/weltlaeden.de\/walluf\/?page_id=1578"},"modified":"2023-12-01T18:29:20","modified_gmt":"2023-12-01T17:29:20","slug":"portraits-von-handelspartnern","status":"publish","type":"page","link":"https:\/\/weltlaeden.de\/walluf\/portraits-von-handelspartnern\/","title":{"rendered":"Portraits von Handelspartnern: \u00dcbersichtsseite"},"content":{"rendered":"<div class=\"wpb-content-wrapper\"><p>[vc_row][vc_column]<div class=\"wl_einzelbild\"><p><img loading=\"lazy\" decoding=\"async\" class=\"aligncenter size-full wp-image-nsm-3-84\" src=\"https:\/\/weltlaeden.de\/vorlage\/wp-content\/uploads\/sites\/3\/2020\/10\/portraet_hero_prokritee_Quelle_Dave-Klassen_1200x500.jpg\" alt=\"\" width=\"1200\" height=\"500\" \/><\/p><\/div>[\/vc_column][\/vc_row][vc_row][vc_column][vc_empty_space][\/vc_column][\/vc_row][vc_row][vc_column][vc_column_text]<\/p>\n<h1>Portraits von Handelspartnern<\/h1>\n<p>Transparenz und langfristige Handelsbeziehungen sind wichtige Merkmale des Fairen Handels. Im globalen Handel ist es etwas Besonderes, die Menschen hinter den Produkten kennenlernen zu k\u00f6nnen. Erfahren Sie, wo, von wem und wie besondere Lebensmittel oder faszinierendes Kunsthandwerk hergestellt werden.[\/vc_column_text][\/vc_column][\/vc_row][vc_row][vc_column][vc_column_text]<\/p>\n<h2><strong>Handwerkskunst von Prokritee aus Bangladesch<\/strong><\/h2>\n<p>[\/vc_column_text][vc_row_inner][vc_column_inner width=&#8220;1\/3&#8243;]<div class=\"wl_einzelbild\"><p><img loading=\"lazy\" decoding=\"async\" class=\"aligncenter size-medium wp-image-nsm-3-83\" src=\"https:\/\/weltlaeden.de\/vorlage\/wp-content\/uploads\/sites\/3\/2020\/10\/Prokritee-1_K.-Khatun_Quelle_Dave-Klassen-1-300x200.jpg\" alt=\"\" width=\"300\" height=\"200\" \/><\/p><\/div>[\/vc_column_inner][vc_column_inner width=&#8220;2\/3&#8243;][vc_column_text css=&#8220;.vc_custom_1604646632054{background-color: #ffffff !important;border-radius: 2px !important;}&#8220;]K\u00f6rbe aus Kaisa-Gras, handgesch\u00f6pftes Papier aus Juteresten, Sessel aus recycelten Sari-Stoffen,\u2026 Prokritee bedeutet auf Bengalisch \u201eNatur\u201c. Alle Produkte werden von Hand und ausschlie\u00dflich aus nat\u00fcrlichen oder recycelten Materialien gefertigt. Genau so bunt und vielf\u00e4ltig wie die Muster und Materialen der Produkte von Prokritee sind die Geschichten der Frauen, die sie herstellen. <a href=\"?pagename=handelspartner-portrait-prokritee\">Erfahren Sie mehr &#8230;<\/a>[\/vc_column_text][\/vc_column_inner][\/vc_row_inner][vc_column_text]<\/p>\n<h2><strong>fairafric: Schokolade made in Ghana<\/strong><\/h2>\n<p>[\/vc_column_text][vc_row_inner][vc_column_inner width=&#8220;1\/3&#8243;]<div class=\"wl_einzelbild\"><p><img loading=\"lazy\" decoding=\"async\" class=\"size-medium wp-image-nsm-3-101 aligncenter\" src=\"https:\/\/weltlaeden.de\/vorlagensammlung\/wp-content\/uploads\/sites\/3\/2021\/02\/fairafric-1_Team-Schokotisch_Quelle_fairafric_1200x800-300x200.jpg\" alt=\"\" width=\"300\" height=\"200\" \/><\/p><\/div>[\/vc_column_inner][vc_column_inner width=&#8220;2\/3&#8243;][vc_column_text]Ghana ist eines der f\u00fchrenden Anbau- und Exportl\u00e4nder von Rohkakao, Schokolade wird dort bisher allerdings kaum produziert. Ein Gro\u00dfteil der Wertsch\u00f6pfung geschieht bei der Verarbeitung in Europa, w\u00e4hrend viele Kakaofarmer*innen in Armut leben. Das deutsch-ghanaische Unternehmen fairafric ist angetreten, das zu \u00e4ndern. <a href=\"?pagename=handelspartner-portrait-fairafric\">Erfahren Sie mehr&#8230;<\/a>[\/vc_column_text][\/vc_column_inner][\/vc_row_inner][\/vc_column][\/vc_row][vc_row][vc_column][vc_column_text]<\/p>\n<h2><strong>Feinkost von Canaan Fair Trade in Pal\u00e4stina<\/strong><\/h2>\n<p>[\/vc_column_text][vc_row_inner][vc_column_inner width=&#8220;1\/3&#8243;]<div class=\"wl_einzelbild\"><p><img loading=\"lazy\" decoding=\"async\" class=\"alignleft\" src=\"https:\/\/weltlaeden.de\/vorlagensammlung\/wp-content\/uploads\/sites\/3\/2021\/08\/Canaan-I_Familie-Jarar_Quelle_WeltPartner-eG_1200x800-300x200.jpg\" alt=\"Die Familie von Abu Mahmoud Jarar in ihrem Olivenhain. \" width=\"300\" height=\"200\" \/><\/p><\/div>[\/vc_column_inner][vc_column_inner width=&#8220;2\/3&#8243;][vc_column_text]Die knorrigen, widerstandsf\u00e4higen Olivenb\u00e4ume pr\u00e4gen die Landschaft in Pal\u00e4stina. Aus ihren Fr\u00fcchten stellen die Produzent*innen von Canaan Fair Trade k\u00f6stliches Oliven\u00f6l der h\u00f6chsten G\u00fcteklasse her und erschaffen so Perspektiven f\u00fcr ein selbstbestimmtes Leben. <a href=\"?pagename=handelspartner-portrait-canaan\">Erfahren Sie mehr &#8230;<\/a>[\/vc_column_text][\/vc_column_inner][\/vc_row_inner][vc_column_text]<\/p>\n<h2><strong>Sonnengl\u00e4ser von Suntoy in S\u00fcdafrika<\/strong><\/h2>\n<p>[\/vc_column_text][vc_row_inner][vc_column_inner width=&#8220;1\/3&#8243;]<div class=\"wl_einzelbild\"><p><img loading=\"lazy\" decoding=\"async\" class=\"aligncenter size-medium wp-image-nsm-3-116\" src=\"https:\/\/weltlaeden.de\/vorlagensammlung\/wp-content\/uploads\/sites\/3\/2021\/12\/Sonnenglas-I_Sonnengl\u00e4ser_Q_Sonnenglas_600x400-300x200.png\" alt=\"\" width=\"300\" height=\"200\" \/><\/p><\/div>[\/vc_column_inner][vc_column_inner width=&#8220;2\/3&#8243;][vc_column_text css=&#8220;.vc_custom_1639486931660{background-color: #ffffff !important;border-radius: 2px !important;}&#8220;]Die handgefertigte Solarlampe ist nicht nur eine stimmungsvolle Dekoration, sondern dient in S\u00fcdafrika als nachhaltige und sichere Lichtquelle f\u00fcr Gebiete ohne Stromanschluss. Die Produktion sichert 75 Arbeitspl\u00e4tze f\u00fcr zuvor arbeitslose M\u00e4nner und Frauen in Johannesburg. <a href=\"?pagename=handelspartner-portrait-sonnenglas\">Erfahren Sie mehr &#8230;<\/a>[\/vc_column_text][\/vc_column_inner][\/vc_row_inner][vc_column_text]<em>\u00a0Bildnachweise f\u00fcr diese Seite (von oben nach unten): Dave Klassen,<\/em>\u00a0<em>fairafric, <\/em><em>Sonnenglas, El Puente<br \/>\n<\/em>[\/vc_column_text][\/vc_column][\/vc_row][vc_column][\/vc_column][vc_row][vc_column][\/vc_column][\/vc_row]<\/p>\n<\/div>","protected":false},"excerpt":{"rendered":"<p>[vc_row][vc_column][\/vc_column][\/vc_row][vc_row][vc_column][vc_empty_space][\/vc_column][\/vc_row][vc_row][vc_column][vc_column_text] Portraits von Handelspartnern Transparenz und langfristige Handelsbeziehungen sind wichtige Merkmale des Fairen Handels. Im globalen Handel ist es etwas Besonderes, die Menschen hinter den Produkten kennenlernen zu k\u00f6nnen. Erfahren Sie, wo, von wem und wie besondere Lebensmittel oder faszinierendes Kunsthandwerk hergestellt werden.[\/vc_column_text][\/vc_column][\/vc_row][vc_row][vc_column][vc_column_text] Handwerkskunst von Prokritee aus Bangladesch [\/vc_column_text][vc_row_inner][vc_column_inner width=&#8220;1\/3&#8243;][\/vc_column_inner][vc_column_inner width=&#8220;2\/3&#8243;][vc_column_text css=&#8220;.vc_custom_1604646632054{background-color: #ffffff !important;border-radius: 2px&hellip;<\/p>\n","protected":false},"author":228,"featured_media":0,"parent":0,"menu_order":4,"comment_status":"closed","ping_status":"closed","template":"","meta":{"footnotes":""},"class_list":["post-1578","page","type-page","status-publish","hentry","description-off"],"yoast_head":"<!-- This site is optimized with the Yoast SEO plugin v26.8 - https:\/\/yoast.com\/product\/yoast-seo-wordpress\/ -->\n<title>Portraits von Handelspartnern: \u00dcbersichtsseite - Weltladen Walluf<\/title>\n<meta name=\"robots\" content=\"index, follow, max-snippet:-1, max-image-preview:large, max-video-preview:-1\" \/>\n<link rel=\"canonical\" href=\"https:\/\/weltlaeden.de\/walluf\/portraits-von-handelspartnern\/\" \/>\n<meta property=\"og:locale\" content=\"de_DE\" \/>\n<meta property=\"og:type\" content=\"article\" \/>\n<meta property=\"og:title\" content=\"Portraits von Handelspartnern: \u00dcbersichtsseite - Weltladen Walluf\" \/>\n<meta property=\"og:description\" content=\"[vc_row][vc_column][\/vc_column][\/vc_row][vc_row][vc_column][vc_empty_space][\/vc_column][\/vc_row][vc_row][vc_column][vc_column_text] Portraits von Handelspartnern Transparenz und langfristige Handelsbeziehungen sind wichtige Merkmale des Fairen Handels. Im globalen Handel ist es etwas Besonderes, die Menschen hinter den Produkten kennenlernen zu k\u00f6nnen. Erfahren Sie, wo, von wem und wie besondere Lebensmittel oder faszinierendes Kunsthandwerk hergestellt werden.[\/vc_column_text][\/vc_column][\/vc_row][vc_row][vc_column][vc_column_text] Handwerkskunst von Prokritee aus Bangladesch [\/vc_column_text][vc_row_inner][vc_column_inner width=&#8220;1\/3&#8243;][\/vc_column_inner][vc_column_inner width=&#8220;2\/3&#8243;][vc_column_text css=&#8220;.vc_custom_1604646632054{background-color: #ffffff !important;border-radius: 2px&hellip;\" \/>\n<meta property=\"og:url\" content=\"https:\/\/weltlaeden.de\/walluf\/portraits-von-handelspartnern\/\" \/>\n<meta property=\"og:site_name\" content=\"Weltladen Walluf\" \/>\n<meta property=\"article:modified_time\" content=\"2023-12-01T17:29:20+00:00\" \/>\n<meta property=\"og:image\" content=\"https:\/\/weltlaeden.de\/vorlage\/wp-content\/uploads\/sites\/3\/2020\/10\/portraet_hero_prokritee_Quelle_Dave-Klassen_1200x500.jpg\" \/>\n<meta name=\"twitter:card\" content=\"summary_large_image\" \/>\n<meta name=\"twitter:label1\" content=\"Gesch\u00e4tzte Lesezeit\" \/>\n\t<meta name=\"twitter:data1\" content=\"3\u00a0Minuten\" \/>\n<script type=\"application\/ld+json\" class=\"yoast-schema-graph\">{\"@context\":\"https:\/\/schema.org\",\"@graph\":[{\"@type\":\"WebPage\",\"@id\":\"https:\/\/weltlaeden.de\/walluf\/portraits-von-handelspartnern\/\",\"url\":\"https:\/\/weltlaeden.de\/walluf\/portraits-von-handelspartnern\/\",\"name\":\"Portraits von Handelspartnern: \u00dcbersichtsseite - Weltladen Walluf\",\"isPartOf\":{\"@id\":\"https:\/\/weltlaeden.de\/walluf\/#website\"},\"primaryImageOfPage\":{\"@id\":\"https:\/\/weltlaeden.de\/walluf\/portraits-von-handelspartnern\/#primaryimage\"},\"image\":{\"@id\":\"https:\/\/weltlaeden.de\/walluf\/portraits-von-handelspartnern\/#primaryimage\"},\"thumbnailUrl\":\"https:\/\/weltlaeden.de\/vorlage\/wp-content\/uploads\/sites\/3\/2020\/10\/portraet_hero_prokritee_Quelle_Dave-Klassen_1200x500.jpg\",\"datePublished\":\"2023-03-31T12:48:46+00:00\",\"dateModified\":\"2023-12-01T17:29:20+00:00\",\"breadcrumb\":{\"@id\":\"https:\/\/weltlaeden.de\/walluf\/portraits-von-handelspartnern\/#breadcrumb\"},\"inLanguage\":\"de\",\"potentialAction\":[{\"@type\":\"ReadAction\",\"target\":[\"https:\/\/weltlaeden.de\/walluf\/portraits-von-handelspartnern\/\"]}]},{\"@type\":\"ImageObject\",\"inLanguage\":\"de\",\"@id\":\"https:\/\/weltlaeden.de\/walluf\/portraits-von-handelspartnern\/#primaryimage\",\"url\":\"https:\/\/weltlaeden.de\/vorlage\/wp-content\/uploads\/sites\/3\/2020\/10\/portraet_hero_prokritee_Quelle_Dave-Klassen_1200x500.jpg\",\"contentUrl\":\"https:\/\/weltlaeden.de\/vorlage\/wp-content\/uploads\/sites\/3\/2020\/10\/portraet_hero_prokritee_Quelle_Dave-Klassen_1200x500.jpg\"},{\"@type\":\"BreadcrumbList\",\"@id\":\"https:\/\/weltlaeden.de\/walluf\/portraits-von-handelspartnern\/#breadcrumb\",\"itemListElement\":[{\"@type\":\"ListItem\",\"position\":1,\"name\":\"Startseite\",\"item\":\"https:\/\/weltlaeden.de\/walluf\/\"},{\"@type\":\"ListItem\",\"position\":2,\"name\":\"Portraits von Handelspartnern: \u00dcbersichtsseite\"}]},{\"@type\":\"WebSite\",\"@id\":\"https:\/\/weltlaeden.de\/walluf\/#website\",\"url\":\"https:\/\/weltlaeden.de\/walluf\/\",\"name\":\"Weltladen Walluf\",\"description\":\"Fair Handeln - Schmecken - Genie\u00dfen\",\"publisher\":{\"@id\":\"https:\/\/weltlaeden.de\/walluf\/#organization\"},\"potentialAction\":[{\"@type\":\"SearchAction\",\"target\":{\"@type\":\"EntryPoint\",\"urlTemplate\":\"https:\/\/weltlaeden.de\/walluf\/?s={search_term_string}\"},\"query-input\":{\"@type\":\"PropertyValueSpecification\",\"valueRequired\":true,\"valueName\":\"search_term_string\"}}],\"inLanguage\":\"de\"},{\"@type\":\"Organization\",\"@id\":\"https:\/\/weltlaeden.de\/walluf\/#organization\",\"name\":\"Weltladen Walluf \/ FAIR-TREFF Walluf e.V.\",\"url\":\"https:\/\/weltlaeden.de\/walluf\/\",\"logo\":{\"@type\":\"ImageObject\",\"inLanguage\":\"de\",\"@id\":\"https:\/\/weltlaeden.de\/walluf\/#\/schema\/logo\/image\/\",\"url\":\"https:\/\/weltlaeden.de\/walluf\/wp-content\/uploads\/sites\/159\/2021\/03\/WLFH_cmyk_300dpi_MK-e1621515039297.jpg\",\"contentUrl\":\"https:\/\/weltlaeden.de\/walluf\/wp-content\/uploads\/sites\/159\/2021\/03\/WLFH_cmyk_300dpi_MK-e1621515039297.jpg\",\"width\":150,\"height\":67,\"caption\":\"Weltladen Walluf \/ FAIR-TREFF Walluf e.V.\"},\"image\":{\"@id\":\"https:\/\/weltlaeden.de\/walluf\/#\/schema\/logo\/image\/\"}}]}<\/script>\n<!-- \/ Yoast SEO plugin. -->","yoast_head_json":{"title":"Portraits von Handelspartnern: \u00dcbersichtsseite - Weltladen Walluf","robots":{"index":"index","follow":"follow","max-snippet":"max-snippet:-1","max-image-preview":"max-image-preview:large","max-video-preview":"max-video-preview:-1"},"canonical":"https:\/\/weltlaeden.de\/walluf\/portraits-von-handelspartnern\/","og_locale":"de_DE","og_type":"article","og_title":"Portraits von Handelspartnern: \u00dcbersichtsseite - Weltladen Walluf","og_description":"[vc_row][vc_column][\/vc_column][\/vc_row][vc_row][vc_column][vc_empty_space][\/vc_column][\/vc_row][vc_row][vc_column][vc_column_text] Portraits von Handelspartnern Transparenz und langfristige Handelsbeziehungen sind wichtige Merkmale des Fairen Handels. Im globalen Handel ist es etwas Besonderes, die Menschen hinter den Produkten kennenlernen zu k\u00f6nnen. Erfahren Sie, wo, von wem und wie besondere Lebensmittel oder faszinierendes Kunsthandwerk hergestellt werden.[\/vc_column_text][\/vc_column][\/vc_row][vc_row][vc_column][vc_column_text] Handwerkskunst von Prokritee aus Bangladesch [\/vc_column_text][vc_row_inner][vc_column_inner width=&#8220;1\/3&#8243;][\/vc_column_inner][vc_column_inner width=&#8220;2\/3&#8243;][vc_column_text css=&#8220;.vc_custom_1604646632054{background-color: #ffffff !important;border-radius: 2px&hellip;","og_url":"https:\/\/weltlaeden.de\/walluf\/portraits-von-handelspartnern\/","og_site_name":"Weltladen Walluf","article_modified_time":"2023-12-01T17:29:20+00:00","og_image":[{"url":"https:\/\/weltlaeden.de\/vorlage\/wp-content\/uploads\/sites\/3\/2020\/10\/portraet_hero_prokritee_Quelle_Dave-Klassen_1200x500.jpg","type":"","width":"","height":""}],"twitter_card":"summary_large_image","twitter_misc":{"Gesch\u00e4tzte Lesezeit":"3\u00a0Minuten"},"schema":{"@context":"https:\/\/schema.org","@graph":[{"@type":"WebPage","@id":"https:\/\/weltlaeden.de\/walluf\/portraits-von-handelspartnern\/","url":"https:\/\/weltlaeden.de\/walluf\/portraits-von-handelspartnern\/","name":"Portraits von Handelspartnern: \u00dcbersichtsseite - Weltladen Walluf","isPartOf":{"@id":"https:\/\/weltlaeden.de\/walluf\/#website"},"primaryImageOfPage":{"@id":"https:\/\/weltlaeden.de\/walluf\/portraits-von-handelspartnern\/#primaryimage"},"image":{"@id":"https:\/\/weltlaeden.de\/walluf\/portraits-von-handelspartnern\/#primaryimage"},"thumbnailUrl":"https:\/\/weltlaeden.de\/vorlage\/wp-content\/uploads\/sites\/3\/2020\/10\/portraet_hero_prokritee_Quelle_Dave-Klassen_1200x500.jpg","datePublished":"2023-03-31T12:48:46+00:00","dateModified":"2023-12-01T17:29:20+00:00","breadcrumb":{"@id":"https:\/\/weltlaeden.de\/walluf\/portraits-von-handelspartnern\/#breadcrumb"},"inLanguage":"de","potentialAction":[{"@type":"ReadAction","target":["https:\/\/weltlaeden.de\/walluf\/portraits-von-handelspartnern\/"]}]},{"@type":"ImageObject","inLanguage":"de","@id":"https:\/\/weltlaeden.de\/walluf\/portraits-von-handelspartnern\/#primaryimage","url":"https:\/\/weltlaeden.de\/vorlage\/wp-content\/uploads\/sites\/3\/2020\/10\/portraet_hero_prokritee_Quelle_Dave-Klassen_1200x500.jpg","contentUrl":"https:\/\/weltlaeden.de\/vorlage\/wp-content\/uploads\/sites\/3\/2020\/10\/portraet_hero_prokritee_Quelle_Dave-Klassen_1200x500.jpg"},{"@type":"BreadcrumbList","@id":"https:\/\/weltlaeden.de\/walluf\/portraits-von-handelspartnern\/#breadcrumb","itemListElement":[{"@type":"ListItem","position":1,"name":"Startseite","item":"https:\/\/weltlaeden.de\/walluf\/"},{"@type":"ListItem","position":2,"name":"Portraits von Handelspartnern: \u00dcbersichtsseite"}]},{"@type":"WebSite","@id":"https:\/\/weltlaeden.de\/walluf\/#website","url":"https:\/\/weltlaeden.de\/walluf\/","name":"Weltladen Walluf","description":"Fair Handeln - Schmecken - Genie\u00dfen","publisher":{"@id":"https:\/\/weltlaeden.de\/walluf\/#organization"},"potentialAction":[{"@type":"SearchAction","target":{"@type":"EntryPoint","urlTemplate":"https:\/\/weltlaeden.de\/walluf\/?s={search_term_string}"},"query-input":{"@type":"PropertyValueSpecification","valueRequired":true,"valueName":"search_term_string"}}],"inLanguage":"de"},{"@type":"Organization","@id":"https:\/\/weltlaeden.de\/walluf\/#organization","name":"Weltladen Walluf \/ FAIR-TREFF Walluf e.V.","url":"https:\/\/weltlaeden.de\/walluf\/","logo":{"@type":"ImageObject","inLanguage":"de","@id":"https:\/\/weltlaeden.de\/walluf\/#\/schema\/logo\/image\/","url":"https:\/\/weltlaeden.de\/walluf\/wp-content\/uploads\/sites\/159\/2021\/03\/WLFH_cmyk_300dpi_MK-e1621515039297.jpg","contentUrl":"https:\/\/weltlaeden.de\/walluf\/wp-content\/uploads\/sites\/159\/2021\/03\/WLFH_cmyk_300dpi_MK-e1621515039297.jpg","width":150,"height":67,"caption":"Weltladen Walluf \/ FAIR-TREFF Walluf e.V."},"image":{"@id":"https:\/\/weltlaeden.de\/walluf\/#\/schema\/logo\/image\/"}}]}},"_links":{"self":[{"href":"https:\/\/weltlaeden.de\/walluf\/wp-json\/wp\/v2\/pages\/1578","targetHints":{"allow":["GET"]}}],"collection":[{"href":"https:\/\/weltlaeden.de\/walluf\/wp-json\/wp\/v2\/pages"}],"about":[{"href":"https:\/\/weltlaeden.de\/walluf\/wp-json\/wp\/v2\/types\/page"}],"author":[{"embeddable":true,"href":"https:\/\/weltlaeden.de\/walluf\/wp-json\/wp\/v2\/users\/228"}],"replies":[{"embeddable":true,"href":"https:\/\/weltlaeden.de\/walluf\/wp-json\/wp\/v2\/comments?post=1578"}],"version-history":[{"count":6,"href":"https:\/\/weltlaeden.de\/walluf\/wp-json\/wp\/v2\/pages\/1578\/revisions"}],"predecessor-version":[{"id":1655,"href":"https:\/\/weltlaeden.de\/walluf\/wp-json\/wp\/v2\/pages\/1578\/revisions\/1655"}],"wp:attachment":[{"href":"https:\/\/weltlaeden.de\/walluf\/wp-json\/wp\/v2\/media?parent=1578"}],"curies":[{"name":"wp","href":"https:\/\/api.w.org\/{rel}","templated":true}]}}