{"id":1234,"date":"2022-03-17T18:09:01","date_gmt":"2022-03-17T17:09:01","guid":{"rendered":"https:\/\/weltlaeden.de\/walluf\/?page_id=1234"},"modified":"2024-12-31T10:31:39","modified_gmt":"2024-12-31T09:31:39","slug":"neuigkeiten-aus-dem-weltladen","status":"publish","type":"page","link":"https:\/\/weltlaeden.de\/walluf\/weltladen-walluf\/neuigkeiten-aus-dem-weltladen\/","title":{"rendered":"Neuigkeiten aus dem Weltladen"},"content":{"rendered":"<div class=\"wpb-content-wrapper\"><p>[vc_row][vc_column][vc_separator color=&#8220;orange&#8220; style=&#8220;double&#8220; border_width=&#8220;3&#8243;][vc_column_text]<\/p>\n<h3>Unser Geschenktipp<\/h3>\n<p>[\/vc_column_text][vc_column_text]Schenken macht gl\u00fccklich, vor allem, wenn es Menschen eine Freude bereitet, die uns wichtig sind. Noch gl\u00fccklicher macht es, wenn wir damit etwas bewegen k\u00f6nnen. Mit dem Weltladen-Gutschein fairw\u00f6hnen Sie Ihre Lieben und leisten gleichzeitig einen Beitrag f\u00fcr eine nachhaltige und gerechtere Welt.<\/p>\n<p>Schenken Sie ein pers\u00f6nliches und sinnvolles Geschenk, das eine sch\u00f6ne Auswahl an 100 % fair gehandelten Produkten beinhaltet, eine starke Botschaft vermittelt und gleichzeitig das Leben der Produzent*innen und ihrer Familien verbessert<\/p>\n<p><strong>F\u00fcr jede*n ist etwas dabei<\/strong><br \/>\nVon k\u00f6stlichen Lebensmitteln wie Kaffee, Tee und Schokolade \u00fcber reizvolle Handwerksprodukte und tolle Accessoires \u2013 in unserem Weltladen finden Sie einzigartige und liebevolle Produkte, die mit Sicherheit eine Freude bereiten werden.[\/vc_column_text][\/vc_column][\/vc_row][vc_row][vc_column][vc_separator color=&#8220;orange&#8220; style=&#8220;double&#8220; border_width=&#8220;3&#8243;][vc_column_text]<\/p>\n<h3>2023: 20j\u00e4hriges Jubil\u00e4um, s. Veranstaltungsberichte<\/h3>\n<p>[\/vc_column_text][vc_separator color=&#8220;orange&#8220; style=&#8220;double&#8220; border_width=&#8220;3&#8243;][vc_column_text]<\/p>\n<h3>K\u00f6rbe, Taschen, W\u00e4schek\u00f6rbe, \u00dcbert\u00f6pfe und vieles mehr<\/h3>\n<p>[\/vc_column_text]<div class=\"wl_einzelbild\"><p><img loading=\"lazy\" decoding=\"async\" class=\"alignnone size-medium wp-image-1456\" src=\"https:\/\/weltlaeden.de\/walluf\/wp-content\/uploads\/sites\/159\/2022\/11\/IMG_0651-288x300.jpg\" alt=\"\" width=\"288\" height=\"300\" \/><\/p><\/div>[vc_row_inner][vc_column_inner][vc_column_text]Die neu eingetroffenen K\u00f6rbe in verschiedensten Formen, Farben und Gr\u00f6\u00dfen sind in feinster Handarbeit angefertigt. Durch ihre hohe nachhaltige Qualit\u00e4t sind sie nicht nur langlebige Dekoartikel und Haushaltshelfer. Ein Geschenk\u00a0&#8211; nicht nur f\u00fcr andere! \u00dcberzeugen Sie sich selbst![\/vc_column_text][\/vc_column_inner][\/vc_row_inner][vc_separator color=&#8220;orange&#8220; style=&#8220;double&#8220; border_width=&#8220;3&#8243;][vc_column_text]<\/p>\n<h3>Weltladen Walluf und NABU &#8211; diese Aktion ist beendet!<\/h3>\n<p>Wir bedanken uns f\u00fcr die gro\u00dfe Resonanz!<\/p>\n<p>Wir &#8211; das Team vom Weltladen in Walluf &#8211; unterst\u00fctzen gerne Projekte, die f\u00fcr Nachhaltigkeit stehen. Aus diesem Grund haben wir ab sofort, in Zusammenarbeit mit dem NABU-Rheingau, eine Sammelbox f\u00fcr Handys aufgestellt. Hiermit sollen Lebensr\u00e4ume der Insekten f\u00fcr die n\u00e4chsten Generationen lebenswert erhalten werden.<\/p>\n<p>Lesen Sie mehr auf der Webseite der NABU:<br \/>\n<a href=\"https:\/\/www.nabu-rheingau.de\">https:\/\/www.nabu-rheingau.de<\/a>[\/vc_column_text][\/vc_column][\/vc_row][vc_row][vc_column][vc_separator color=&#8220;orange&#8220; style=&#8220;double&#8220; border_width=&#8220;3&#8243;]<div class=\"wl_einzelbild\"><p><img loading=\"lazy\" decoding=\"async\" class=\"alignnone wp-image-1478 size-full\" src=\"https:\/\/weltlaeden.de\/walluf\/wp-content\/uploads\/sites\/159\/2022\/11\/202201petit-pets-1.jpg\" alt=\"\" width=\"624\" height=\"353\" srcset=\"https:\/\/weltlaeden.de\/walluf\/wp-content\/uploads\/sites\/159\/2022\/11\/202201petit-pets-1.jpg 624w, https:\/\/weltlaeden.de\/walluf\/wp-content\/uploads\/sites\/159\/2022\/11\/202201petit-pets-1-300x170.jpg 300w\" sizes=\"auto, (max-width: 624px) 100vw, 624px\" \/><\/p><\/div>[vc_column_text]<\/p>\n<h3><\/h3>\n<h3>PettiePets von NookNook aus Thailand jetzt neu im Sortiment<\/h3>\n<p>Sie lieben Kuscheltiere? Ihre Kinder m\u00f6gen Rollenspiele? Dann sind die Kuscheltiere von NookNook aus Thailand vielleicht das richtige Geschenk zur Taufe oder zur Einschulung? Die PettiePets werden von den Mitarbeiterinnen der Firma NookNook (auf Deutsch: viel Spa\u00df) aus Thailand liebevoll per Handarbeit hergestellt. Mittlerweile sind die PettiPets so beliebt, dass es inzwischen eine ganze Kollektion gibt. So k\u00f6nnen Sie Ihre ganz pers\u00f6nlichen PettiePet-Typen zusammenstellen.<\/p>\n<p>Kommen Sie am besten bei uns im Weltladen Walluf vorbei. So k\u00f6nnen Sie z.B. das PettiePet-Brautpaar kennenlernen.<\/p>\n<p>[\/vc_column_text][vc_separator color=&#8220;orange&#8220; style=&#8220;double&#8220; border_width=&#8220;3&#8243;][\/vc_column][\/vc_row][vc_row][vc_column]<div class=\"wl_einzelbild\"><p><img loading=\"lazy\" decoding=\"async\" class=\"wp-image-1405 aligncenter\" src=\"https:\/\/weltlaeden.de\/walluf\/wp-content\/uploads\/sites\/159\/2022\/10\/Shirts-1-2022-300x156.jpg\" alt=\"\" width=\"406\" height=\"211\" srcset=\"https:\/\/weltlaeden.de\/walluf\/wp-content\/uploads\/sites\/159\/2022\/10\/Shirts-1-2022-300x156.jpg 300w, https:\/\/weltlaeden.de\/walluf\/wp-content\/uploads\/sites\/159\/2022\/10\/Shirts-1-2022-1024x531.jpg 1024w, https:\/\/weltlaeden.de\/walluf\/wp-content\/uploads\/sites\/159\/2022\/10\/Shirts-1-2022-768x398.jpg 768w, https:\/\/weltlaeden.de\/walluf\/wp-content\/uploads\/sites\/159\/2022\/10\/Shirts-1-2022-1536x797.jpg 1536w, https:\/\/weltlaeden.de\/walluf\/wp-content\/uploads\/sites\/159\/2022\/10\/Shirts-1-2022-scaled.jpg 2048w\" sizes=\"auto, (max-width: 406px) 100vw, 406px\" \/><\/p><\/div>[vc_column_text]<\/p>\n<h3><strong>T-Shirts, Sweatshirts und Hoodies von Greenbomb &#8211; bald auch in Ihrem\u00a0 Kleiderschrank?<\/strong><\/h3>\n<p>[\/vc_column_text][vc_column_text]Greenbomb verbindet attraktive Mode mit Nachhaltigkeit, Qualit\u00e4t und Fairness. Die Textilien bestehen aus biologisch erzeugten Naturfasern (Biobaumwolle) und sind vegan. Greenbomb produziert nachhaltig und transparent unter Beachtung strenger sozialer und \u00f6kologischer Standards (faire L\u00f6hne und Arbeitsbedingungen, umweltfreundliche Produktion und Verarbeitung). Die Textilien sind alle Fairtrade und GOTS (Global Organic Textile) zertifiziert. Die GOTS Zertifikat bezieht sich auf die gesamte Herstellungskette. Hier findest Du eine kleine Auswahl der Greenbomb T-Shirts. Neugierig geworden? Dann komm doch einfach mal vorbei im Weltladen Walluf![\/vc_column_text][\/vc_column][\/vc_row]<\/p>\n<\/div>","protected":false},"excerpt":{"rendered":"<p>[vc_row][vc_column][vc_separator color=&#8220;orange&#8220; style=&#8220;double&#8220; border_width=&#8220;3&#8243;][vc_column_text] Unser Geschenktipp [\/vc_column_text][vc_column_text]Schenken macht gl\u00fccklich, vor allem, wenn es Menschen eine Freude bereitet, die uns wichtig sind. Noch gl\u00fccklicher macht es, wenn wir damit etwas bewegen k\u00f6nnen. Mit dem Weltladen-Gutschein fairw\u00f6hnen Sie Ihre Lieben und leisten gleichzeitig einen Beitrag f\u00fcr eine nachhaltige und gerechtere Welt. Schenken Sie ein pers\u00f6nliches und sinnvolles&hellip;<\/p>\n","protected":false},"author":228,"featured_media":0,"parent":20,"menu_order":1,"comment_status":"closed","ping_status":"closed","template":"","meta":{"footnotes":""},"class_list":["post-1234","page","type-page","status-publish","hentry","description-off"],"yoast_head":"<!-- This site is optimized with the Yoast SEO plugin v26.8 - https:\/\/yoast.com\/product\/yoast-seo-wordpress\/ -->\n<title>Neuigkeiten aus dem Weltladen - Weltladen Walluf<\/title>\n<meta name=\"robots\" content=\"index, follow, max-snippet:-1, max-image-preview:large, max-video-preview:-1\" \/>\n<link rel=\"canonical\" href=\"https:\/\/weltlaeden.de\/walluf\/weltladen-walluf\/neuigkeiten-aus-dem-weltladen\/\" \/>\n<meta property=\"og:locale\" content=\"de_DE\" \/>\n<meta property=\"og:type\" content=\"article\" \/>\n<meta property=\"og:title\" content=\"Neuigkeiten aus dem Weltladen - Weltladen Walluf\" \/>\n<meta property=\"og:description\" content=\"[vc_row][vc_column][vc_separator color=&#8220;orange&#8220; style=&#8220;double&#8220; border_width=&#8220;3&#8243;][vc_column_text] Unser Geschenktipp [\/vc_column_text][vc_column_text]Schenken macht gl\u00fccklich, vor allem, wenn es Menschen eine Freude bereitet, die uns wichtig sind. Noch gl\u00fccklicher macht es, wenn wir damit etwas bewegen k\u00f6nnen. Mit dem Weltladen-Gutschein fairw\u00f6hnen Sie Ihre Lieben und leisten gleichzeitig einen Beitrag f\u00fcr eine nachhaltige und gerechtere Welt. Schenken Sie ein pers\u00f6nliches und sinnvolles&hellip;\" \/>\n<meta property=\"og:url\" content=\"https:\/\/weltlaeden.de\/walluf\/weltladen-walluf\/neuigkeiten-aus-dem-weltladen\/\" \/>\n<meta property=\"og:site_name\" content=\"Weltladen Walluf\" \/>\n<meta property=\"article:modified_time\" content=\"2024-12-31T09:31:39+00:00\" \/>\n<meta property=\"og:image\" content=\"https:\/\/weltlaeden.de\/walluf\/wp-content\/uploads\/sites\/159\/2022\/11\/IMG_0651-e1678377964412.jpg\" \/>\n\t<meta property=\"og:image:width\" content=\"251\" \/>\n\t<meta property=\"og:image:height\" content=\"261\" \/>\n\t<meta property=\"og:image:type\" content=\"image\/jpeg\" \/>\n<meta name=\"twitter:card\" content=\"summary_large_image\" \/>\n<meta name=\"twitter:label1\" content=\"Gesch\u00e4tzte Lesezeit\" \/>\n\t<meta name=\"twitter:data1\" content=\"4\u00a0Minuten\" \/>\n<script type=\"application\/ld+json\" class=\"yoast-schema-graph\">{\"@context\":\"https:\/\/schema.org\",\"@graph\":[{\"@type\":\"WebPage\",\"@id\":\"https:\/\/weltlaeden.de\/walluf\/weltladen-walluf\/neuigkeiten-aus-dem-weltladen\/\",\"url\":\"https:\/\/weltlaeden.de\/walluf\/weltladen-walluf\/neuigkeiten-aus-dem-weltladen\/\",\"name\":\"Neuigkeiten aus dem Weltladen - Weltladen Walluf\",\"isPartOf\":{\"@id\":\"https:\/\/weltlaeden.de\/walluf\/#website\"},\"primaryImageOfPage\":{\"@id\":\"https:\/\/weltlaeden.de\/walluf\/weltladen-walluf\/neuigkeiten-aus-dem-weltladen\/#primaryimage\"},\"image\":{\"@id\":\"https:\/\/weltlaeden.de\/walluf\/weltladen-walluf\/neuigkeiten-aus-dem-weltladen\/#primaryimage\"},\"thumbnailUrl\":\"https:\/\/weltlaeden.de\/walluf\/wp-content\/uploads\/sites\/159\/2022\/11\/IMG_0651-288x300.jpg\",\"datePublished\":\"2022-03-17T17:09:01+00:00\",\"dateModified\":\"2024-12-31T09:31:39+00:00\",\"breadcrumb\":{\"@id\":\"https:\/\/weltlaeden.de\/walluf\/weltladen-walluf\/neuigkeiten-aus-dem-weltladen\/#breadcrumb\"},\"inLanguage\":\"de\",\"potentialAction\":[{\"@type\":\"ReadAction\",\"target\":[\"https:\/\/weltlaeden.de\/walluf\/weltladen-walluf\/neuigkeiten-aus-dem-weltladen\/\"]}]},{\"@type\":\"ImageObject\",\"inLanguage\":\"de\",\"@id\":\"https:\/\/weltlaeden.de\/walluf\/weltladen-walluf\/neuigkeiten-aus-dem-weltladen\/#primaryimage\",\"url\":\"https:\/\/weltlaeden.de\/walluf\/wp-content\/uploads\/sites\/159\/2022\/11\/IMG_0651-e1678377964412.jpg\",\"contentUrl\":\"https:\/\/weltlaeden.de\/walluf\/wp-content\/uploads\/sites\/159\/2022\/11\/IMG_0651-e1678377964412.jpg\",\"width\":251,\"height\":261},{\"@type\":\"BreadcrumbList\",\"@id\":\"https:\/\/weltlaeden.de\/walluf\/weltladen-walluf\/neuigkeiten-aus-dem-weltladen\/#breadcrumb\",\"itemListElement\":[{\"@type\":\"ListItem\",\"position\":1,\"name\":\"Startseite\",\"item\":\"https:\/\/weltlaeden.de\/walluf\/\"},{\"@type\":\"ListItem\",\"position\":2,\"name\":\"Weltladen Walluf\",\"item\":\"https:\/\/weltlaeden.de\/walluf\/\"},{\"@type\":\"ListItem\",\"position\":3,\"name\":\"Neuigkeiten aus dem Weltladen\"}]},{\"@type\":\"WebSite\",\"@id\":\"https:\/\/weltlaeden.de\/walluf\/#website\",\"url\":\"https:\/\/weltlaeden.de\/walluf\/\",\"name\":\"Weltladen Walluf\",\"description\":\"Fair Handeln - Schmecken - Genie\u00dfen\",\"publisher\":{\"@id\":\"https:\/\/weltlaeden.de\/walluf\/#organization\"},\"potentialAction\":[{\"@type\":\"SearchAction\",\"target\":{\"@type\":\"EntryPoint\",\"urlTemplate\":\"https:\/\/weltlaeden.de\/walluf\/?s={search_term_string}\"},\"query-input\":{\"@type\":\"PropertyValueSpecification\",\"valueRequired\":true,\"valueName\":\"search_term_string\"}}],\"inLanguage\":\"de\"},{\"@type\":\"Organization\",\"@id\":\"https:\/\/weltlaeden.de\/walluf\/#organization\",\"name\":\"Weltladen Walluf \/ FAIR-TREFF Walluf e.V.\",\"url\":\"https:\/\/weltlaeden.de\/walluf\/\",\"logo\":{\"@type\":\"ImageObject\",\"inLanguage\":\"de\",\"@id\":\"https:\/\/weltlaeden.de\/walluf\/#\/schema\/logo\/image\/\",\"url\":\"https:\/\/weltlaeden.de\/walluf\/wp-content\/uploads\/sites\/159\/2021\/03\/WLFH_cmyk_300dpi_MK-e1621515039297.jpg\",\"contentUrl\":\"https:\/\/weltlaeden.de\/walluf\/wp-content\/uploads\/sites\/159\/2021\/03\/WLFH_cmyk_300dpi_MK-e1621515039297.jpg\",\"width\":150,\"height\":67,\"caption\":\"Weltladen Walluf \/ FAIR-TREFF Walluf e.V.\"},\"image\":{\"@id\":\"https:\/\/weltlaeden.de\/walluf\/#\/schema\/logo\/image\/\"}}]}<\/script>\n<!-- \/ Yoast SEO plugin. -->","yoast_head_json":{"title":"Neuigkeiten aus dem Weltladen - Weltladen Walluf","robots":{"index":"index","follow":"follow","max-snippet":"max-snippet:-1","max-image-preview":"max-image-preview:large","max-video-preview":"max-video-preview:-1"},"canonical":"https:\/\/weltlaeden.de\/walluf\/weltladen-walluf\/neuigkeiten-aus-dem-weltladen\/","og_locale":"de_DE","og_type":"article","og_title":"Neuigkeiten aus dem Weltladen - Weltladen Walluf","og_description":"[vc_row][vc_column][vc_separator color=&#8220;orange&#8220; style=&#8220;double&#8220; border_width=&#8220;3&#8243;][vc_column_text] Unser Geschenktipp [\/vc_column_text][vc_column_text]Schenken macht gl\u00fccklich, vor allem, wenn es Menschen eine Freude bereitet, die uns wichtig sind. Noch gl\u00fccklicher macht es, wenn wir damit etwas bewegen k\u00f6nnen. Mit dem Weltladen-Gutschein fairw\u00f6hnen Sie Ihre Lieben und leisten gleichzeitig einen Beitrag f\u00fcr eine nachhaltige und gerechtere Welt. Schenken Sie ein pers\u00f6nliches und sinnvolles&hellip;","og_url":"https:\/\/weltlaeden.de\/walluf\/weltladen-walluf\/neuigkeiten-aus-dem-weltladen\/","og_site_name":"Weltladen Walluf","article_modified_time":"2024-12-31T09:31:39+00:00","og_image":[{"width":251,"height":261,"url":"https:\/\/weltlaeden.de\/walluf\/wp-content\/uploads\/sites\/159\/2022\/11\/IMG_0651-e1678377964412.jpg","type":"image\/jpeg"}],"twitter_card":"summary_large_image","twitter_misc":{"Gesch\u00e4tzte Lesezeit":"4\u00a0Minuten"},"schema":{"@context":"https:\/\/schema.org","@graph":[{"@type":"WebPage","@id":"https:\/\/weltlaeden.de\/walluf\/weltladen-walluf\/neuigkeiten-aus-dem-weltladen\/","url":"https:\/\/weltlaeden.de\/walluf\/weltladen-walluf\/neuigkeiten-aus-dem-weltladen\/","name":"Neuigkeiten aus dem Weltladen - Weltladen Walluf","isPartOf":{"@id":"https:\/\/weltlaeden.de\/walluf\/#website"},"primaryImageOfPage":{"@id":"https:\/\/weltlaeden.de\/walluf\/weltladen-walluf\/neuigkeiten-aus-dem-weltladen\/#primaryimage"},"image":{"@id":"https:\/\/weltlaeden.de\/walluf\/weltladen-walluf\/neuigkeiten-aus-dem-weltladen\/#primaryimage"},"thumbnailUrl":"https:\/\/weltlaeden.de\/walluf\/wp-content\/uploads\/sites\/159\/2022\/11\/IMG_0651-288x300.jpg","datePublished":"2022-03-17T17:09:01+00:00","dateModified":"2024-12-31T09:31:39+00:00","breadcrumb":{"@id":"https:\/\/weltlaeden.de\/walluf\/weltladen-walluf\/neuigkeiten-aus-dem-weltladen\/#breadcrumb"},"inLanguage":"de","potentialAction":[{"@type":"ReadAction","target":["https:\/\/weltlaeden.de\/walluf\/weltladen-walluf\/neuigkeiten-aus-dem-weltladen\/"]}]},{"@type":"ImageObject","inLanguage":"de","@id":"https:\/\/weltlaeden.de\/walluf\/weltladen-walluf\/neuigkeiten-aus-dem-weltladen\/#primaryimage","url":"https:\/\/weltlaeden.de\/walluf\/wp-content\/uploads\/sites\/159\/2022\/11\/IMG_0651-e1678377964412.jpg","contentUrl":"https:\/\/weltlaeden.de\/walluf\/wp-content\/uploads\/sites\/159\/2022\/11\/IMG_0651-e1678377964412.jpg","width":251,"height":261},{"@type":"BreadcrumbList","@id":"https:\/\/weltlaeden.de\/walluf\/weltladen-walluf\/neuigkeiten-aus-dem-weltladen\/#breadcrumb","itemListElement":[{"@type":"ListItem","position":1,"name":"Startseite","item":"https:\/\/weltlaeden.de\/walluf\/"},{"@type":"ListItem","position":2,"name":"Weltladen Walluf","item":"https:\/\/weltlaeden.de\/walluf\/"},{"@type":"ListItem","position":3,"name":"Neuigkeiten aus dem Weltladen"}]},{"@type":"WebSite","@id":"https:\/\/weltlaeden.de\/walluf\/#website","url":"https:\/\/weltlaeden.de\/walluf\/","name":"Weltladen Walluf","description":"Fair Handeln - Schmecken - Genie\u00dfen","publisher":{"@id":"https:\/\/weltlaeden.de\/walluf\/#organization"},"potentialAction":[{"@type":"SearchAction","target":{"@type":"EntryPoint","urlTemplate":"https:\/\/weltlaeden.de\/walluf\/?s={search_term_string}"},"query-input":{"@type":"PropertyValueSpecification","valueRequired":true,"valueName":"search_term_string"}}],"inLanguage":"de"},{"@type":"Organization","@id":"https:\/\/weltlaeden.de\/walluf\/#organization","name":"Weltladen Walluf \/ FAIR-TREFF Walluf e.V.","url":"https:\/\/weltlaeden.de\/walluf\/","logo":{"@type":"ImageObject","inLanguage":"de","@id":"https:\/\/weltlaeden.de\/walluf\/#\/schema\/logo\/image\/","url":"https:\/\/weltlaeden.de\/walluf\/wp-content\/uploads\/sites\/159\/2021\/03\/WLFH_cmyk_300dpi_MK-e1621515039297.jpg","contentUrl":"https:\/\/weltlaeden.de\/walluf\/wp-content\/uploads\/sites\/159\/2021\/03\/WLFH_cmyk_300dpi_MK-e1621515039297.jpg","width":150,"height":67,"caption":"Weltladen Walluf \/ FAIR-TREFF Walluf e.V."},"image":{"@id":"https:\/\/weltlaeden.de\/walluf\/#\/schema\/logo\/image\/"}}]}},"_links":{"self":[{"href":"https:\/\/weltlaeden.de\/walluf\/wp-json\/wp\/v2\/pages\/1234","targetHints":{"allow":["GET"]}}],"collection":[{"href":"https:\/\/weltlaeden.de\/walluf\/wp-json\/wp\/v2\/pages"}],"about":[{"href":"https:\/\/weltlaeden.de\/walluf\/wp-json\/wp\/v2\/types\/page"}],"author":[{"embeddable":true,"href":"https:\/\/weltlaeden.de\/walluf\/wp-json\/wp\/v2\/users\/228"}],"replies":[{"embeddable":true,"href":"https:\/\/weltlaeden.de\/walluf\/wp-json\/wp\/v2\/comments?post=1234"}],"version-history":[{"count":64,"href":"https:\/\/weltlaeden.de\/walluf\/wp-json\/wp\/v2\/pages\/1234\/revisions"}],"predecessor-version":[{"id":1880,"href":"https:\/\/weltlaeden.de\/walluf\/wp-json\/wp\/v2\/pages\/1234\/revisions\/1880"}],"up":[{"embeddable":true,"href":"https:\/\/weltlaeden.de\/walluf\/wp-json\/wp\/v2\/pages\/20"}],"wp:attachment":[{"href":"https:\/\/weltlaeden.de\/walluf\/wp-json\/wp\/v2\/media?parent=1234"}],"curies":[{"name":"wp","href":"https:\/\/api.w.org\/{rel}","templated":true}]}}