{"id":1177,"date":"2022-01-25T18:47:35","date_gmt":"2022-01-25T17:47:35","guid":{"rendered":"https:\/\/weltlaeden.de\/walluf\/?page_id=1177"},"modified":"2024-12-10T11:02:51","modified_gmt":"2024-12-10T10:02:51","slug":"spenden","status":"publish","type":"page","link":"https:\/\/weltlaeden.de\/walluf\/spenden\/","title":{"rendered":"Spenden"},"content":{"rendered":"<div class=\"wpb-content-wrapper\"><p>[vc_row][vc_column][vc_column_text css=&#8220;&#8220;]Unsere<span style=\"color: #ff9900\"> <strong>Mitgliederversammlung<\/strong><\/span> beschlie\u00dft j\u00e4hrlich, welche Projekte mit Spenden unterst\u00fctzt werden sollen, falls \u00dcbersch\u00fcsse erwirtschaftet wurden.<\/p>\n<p>Wir freuen uns sehr, dass uns f\u00fcr 2023 Gelder zur Verf\u00fcgung standen, die wir f\u00fcr Spenden verwenden konnten. Folgende Projekte erhielten Spenden:<\/p>\n<ol>\n<li><a href=\"https:\/\/www.nueva-nicaragua-wiesbaden.org\/wir\">Nueva Nicaragua<\/a><\/li>\n<li><a href=\"https:\/\/www.eindollarbrille.de\/\">Ein Dollar Brille e.V<\/a><\/li>\n<li><a href=\"https:\/\/www.inkota.de\/\">INKOTA-Netzwerk e.V.<\/a><\/li>\n<li><a href=\"http:\/\/www.tumaini-projekt.de\/\">Kinderhilfsprojekt von Tumaini Ngonyani<\/a><\/li>\n<li><a href=\"https:\/\/kinderunsererwelt.de\/\">Kinder unserer Welt, Initiative f\u00fcr notleidende Kinder e.V.<\/a><\/li>\n<li><a href=\"http:\/\/www.savalou.de\/\">Savalou Benin e.V.<\/a><\/li>\n<\/ol>\n<p>[\/vc_column_text][vc_column_text css=&#8220;&#8220;]<strong><span style=\"color: #ff6600\">Wir freuen uns sehr, wenn wir aus den bespendeten Projekten erfahren, wie unsere Spendengelder verwendet werden und welche Entwicklungen es gibt. Lesen Sie die Schreiben, die wir erhalten haben.\u00a0<\/span><\/strong><\/p>\n<p>[\/vc_column_text][vc_column_text][\/vc_column_text][vc_row_inner][vc_column_inner][vc_column_text css=&#8220;&#8220;]<strong>Wenn Sie unsere Vereinsarbeit finanziell unterst\u00fctzen m\u00f6chten, k\u00f6nnen Sie folgende Bankverbindung nutzen:<\/strong><\/p>\n<p><strong>FAIR-TREFF Walluf e.V., IBAN DE02 5109 1500 0044 0542 05<\/strong><\/p>\n<p>[\/vc_column_text][vc_separator border_width=&#8220;5&#8243;][vc_column_text]<\/p>\n<h3>Unser Partnerprojekt in Tansania<\/h3>\n<p>[\/vc_column_text][vc_column_text]Am besten besuchen Sie den Internetauftritt dieses Projekts. So bekommen Sie immer die neuesten Informationen.<\/p>\n<p><a href=\"https:\/\/www.tumaini-projekte.de\/\">Tumaini-Projekte \u2013 Verein Freunde und F\u00f6rderer Tumaini-Projekte f\u00fcr Tansania e.V.<\/a>[\/vc_column_text][vc_single_image image=&#8220;1203&#8243;][\/vc_column_inner][\/vc_row_inner][\/vc_column][\/vc_row][vc_row][vc_column][vc_separator border_width=&#8220;5&#8243;][vc_column_text]<\/p>\n<h3>One-Dollar-Brille<\/h3>\n<p>[\/vc_column_text][vc_single_image image=&#8220;1201&#8243; img_size=&#8220;medium&#8220;][vc_single_image image=&#8220;1202&#8243; img_size=&#8220;medium&#8220;][vc_column_text]<a href=\"https:\/\/www.eindollarbrille.de\/\">https:\/\/www.eindollarbrille.de\/<\/a>[\/vc_column_text][\/vc_column][\/vc_row]<\/p>\n<\/div>","protected":false},"excerpt":{"rendered":"<p>[vc_row][vc_column][vc_column_text css=&#8220;&#8220;]Unsere Mitgliederversammlung beschlie\u00dft j\u00e4hrlich, welche Projekte mit Spenden unterst\u00fctzt werden sollen, falls \u00dcbersch\u00fcsse erwirtschaftet wurden. Wir freuen uns sehr, dass uns f\u00fcr 2023 Gelder zur Verf\u00fcgung standen, die wir f\u00fcr Spenden verwenden konnten. Folgende Projekte erhielten Spenden: Nueva Nicaragua Ein Dollar Brille e.V INKOTA-Netzwerk e.V. Kinderhilfsprojekt von Tumaini Ngonyani Kinder unserer Welt, Initiative f\u00fcr&hellip;<\/p>\n","protected":false},"author":228,"featured_media":0,"parent":0,"menu_order":6,"comment_status":"closed","ping_status":"closed","template":"","meta":{"footnotes":""},"class_list":["post-1177","page","type-page","status-publish","hentry","description-off"],"yoast_head":"<!-- This site is optimized with the Yoast SEO plugin v26.8 - https:\/\/yoast.com\/product\/yoast-seo-wordpress\/ -->\n<title>Spenden - Weltladen Walluf<\/title>\n<meta name=\"robots\" content=\"index, follow, max-snippet:-1, max-image-preview:large, max-video-preview:-1\" \/>\n<link rel=\"canonical\" href=\"https:\/\/weltlaeden.de\/walluf\/spenden\/\" \/>\n<meta property=\"og:locale\" content=\"de_DE\" \/>\n<meta property=\"og:type\" content=\"article\" \/>\n<meta property=\"og:title\" content=\"Spenden - Weltladen Walluf\" \/>\n<meta property=\"og:description\" content=\"[vc_row][vc_column][vc_column_text css=&#8220;&#8220;]Unsere Mitgliederversammlung beschlie\u00dft j\u00e4hrlich, welche Projekte mit Spenden unterst\u00fctzt werden sollen, falls \u00dcbersch\u00fcsse erwirtschaftet wurden. Wir freuen uns sehr, dass uns f\u00fcr 2023 Gelder zur Verf\u00fcgung standen, die wir f\u00fcr Spenden verwenden konnten. Folgende Projekte erhielten Spenden: Nueva Nicaragua Ein Dollar Brille e.V INKOTA-Netzwerk e.V. Kinderhilfsprojekt von Tumaini Ngonyani Kinder unserer Welt, Initiative f\u00fcr&hellip;\" \/>\n<meta property=\"og:url\" content=\"https:\/\/weltlaeden.de\/walluf\/spenden\/\" \/>\n<meta property=\"og:site_name\" content=\"Weltladen Walluf\" \/>\n<meta property=\"article:modified_time\" content=\"2024-12-10T10:02:51+00:00\" \/>\n<meta name=\"twitter:card\" content=\"summary_large_image\" \/>\n<meta name=\"twitter:label1\" content=\"Gesch\u00e4tzte Lesezeit\" \/>\n\t<meta name=\"twitter:data1\" content=\"1\u00a0Minute\" \/>\n<script type=\"application\/ld+json\" class=\"yoast-schema-graph\">{\"@context\":\"https:\/\/schema.org\",\"@graph\":[{\"@type\":\"WebPage\",\"@id\":\"https:\/\/weltlaeden.de\/walluf\/spenden\/\",\"url\":\"https:\/\/weltlaeden.de\/walluf\/spenden\/\",\"name\":\"Spenden - Weltladen Walluf\",\"isPartOf\":{\"@id\":\"https:\/\/weltlaeden.de\/walluf\/#website\"},\"datePublished\":\"2022-01-25T17:47:35+00:00\",\"dateModified\":\"2024-12-10T10:02:51+00:00\",\"breadcrumb\":{\"@id\":\"https:\/\/weltlaeden.de\/walluf\/spenden\/#breadcrumb\"},\"inLanguage\":\"de\",\"potentialAction\":[{\"@type\":\"ReadAction\",\"target\":[\"https:\/\/weltlaeden.de\/walluf\/spenden\/\"]}]},{\"@type\":\"BreadcrumbList\",\"@id\":\"https:\/\/weltlaeden.de\/walluf\/spenden\/#breadcrumb\",\"itemListElement\":[{\"@type\":\"ListItem\",\"position\":1,\"name\":\"Startseite\",\"item\":\"https:\/\/weltlaeden.de\/walluf\/\"},{\"@type\":\"ListItem\",\"position\":2,\"name\":\"Spenden\"}]},{\"@type\":\"WebSite\",\"@id\":\"https:\/\/weltlaeden.de\/walluf\/#website\",\"url\":\"https:\/\/weltlaeden.de\/walluf\/\",\"name\":\"Weltladen Walluf\",\"description\":\"Fair Handeln - Schmecken - Genie\u00dfen\",\"publisher\":{\"@id\":\"https:\/\/weltlaeden.de\/walluf\/#organization\"},\"potentialAction\":[{\"@type\":\"SearchAction\",\"target\":{\"@type\":\"EntryPoint\",\"urlTemplate\":\"https:\/\/weltlaeden.de\/walluf\/?s={search_term_string}\"},\"query-input\":{\"@type\":\"PropertyValueSpecification\",\"valueRequired\":true,\"valueName\":\"search_term_string\"}}],\"inLanguage\":\"de\"},{\"@type\":\"Organization\",\"@id\":\"https:\/\/weltlaeden.de\/walluf\/#organization\",\"name\":\"Weltladen Walluf \/ FAIR-TREFF Walluf e.V.\",\"url\":\"https:\/\/weltlaeden.de\/walluf\/\",\"logo\":{\"@type\":\"ImageObject\",\"inLanguage\":\"de\",\"@id\":\"https:\/\/weltlaeden.de\/walluf\/#\/schema\/logo\/image\/\",\"url\":\"https:\/\/weltlaeden.de\/walluf\/wp-content\/uploads\/sites\/159\/2021\/03\/WLFH_cmyk_300dpi_MK-e1621515039297.jpg\",\"contentUrl\":\"https:\/\/weltlaeden.de\/walluf\/wp-content\/uploads\/sites\/159\/2021\/03\/WLFH_cmyk_300dpi_MK-e1621515039297.jpg\",\"width\":150,\"height\":67,\"caption\":\"Weltladen Walluf \/ FAIR-TREFF Walluf e.V.\"},\"image\":{\"@id\":\"https:\/\/weltlaeden.de\/walluf\/#\/schema\/logo\/image\/\"}}]}<\/script>\n<!-- \/ Yoast SEO plugin. -->","yoast_head_json":{"title":"Spenden - Weltladen Walluf","robots":{"index":"index","follow":"follow","max-snippet":"max-snippet:-1","max-image-preview":"max-image-preview:large","max-video-preview":"max-video-preview:-1"},"canonical":"https:\/\/weltlaeden.de\/walluf\/spenden\/","og_locale":"de_DE","og_type":"article","og_title":"Spenden - Weltladen Walluf","og_description":"[vc_row][vc_column][vc_column_text css=&#8220;&#8220;]Unsere Mitgliederversammlung beschlie\u00dft j\u00e4hrlich, welche Projekte mit Spenden unterst\u00fctzt werden sollen, falls \u00dcbersch\u00fcsse erwirtschaftet wurden. Wir freuen uns sehr, dass uns f\u00fcr 2023 Gelder zur Verf\u00fcgung standen, die wir f\u00fcr Spenden verwenden konnten. Folgende Projekte erhielten Spenden: Nueva Nicaragua Ein Dollar Brille e.V INKOTA-Netzwerk e.V. Kinderhilfsprojekt von Tumaini Ngonyani Kinder unserer Welt, Initiative f\u00fcr&hellip;","og_url":"https:\/\/weltlaeden.de\/walluf\/spenden\/","og_site_name":"Weltladen Walluf","article_modified_time":"2024-12-10T10:02:51+00:00","twitter_card":"summary_large_image","twitter_misc":{"Gesch\u00e4tzte Lesezeit":"1\u00a0Minute"},"schema":{"@context":"https:\/\/schema.org","@graph":[{"@type":"WebPage","@id":"https:\/\/weltlaeden.de\/walluf\/spenden\/","url":"https:\/\/weltlaeden.de\/walluf\/spenden\/","name":"Spenden - Weltladen Walluf","isPartOf":{"@id":"https:\/\/weltlaeden.de\/walluf\/#website"},"datePublished":"2022-01-25T17:47:35+00:00","dateModified":"2024-12-10T10:02:51+00:00","breadcrumb":{"@id":"https:\/\/weltlaeden.de\/walluf\/spenden\/#breadcrumb"},"inLanguage":"de","potentialAction":[{"@type":"ReadAction","target":["https:\/\/weltlaeden.de\/walluf\/spenden\/"]}]},{"@type":"BreadcrumbList","@id":"https:\/\/weltlaeden.de\/walluf\/spenden\/#breadcrumb","itemListElement":[{"@type":"ListItem","position":1,"name":"Startseite","item":"https:\/\/weltlaeden.de\/walluf\/"},{"@type":"ListItem","position":2,"name":"Spenden"}]},{"@type":"WebSite","@id":"https:\/\/weltlaeden.de\/walluf\/#website","url":"https:\/\/weltlaeden.de\/walluf\/","name":"Weltladen Walluf","description":"Fair Handeln - Schmecken - Genie\u00dfen","publisher":{"@id":"https:\/\/weltlaeden.de\/walluf\/#organization"},"potentialAction":[{"@type":"SearchAction","target":{"@type":"EntryPoint","urlTemplate":"https:\/\/weltlaeden.de\/walluf\/?s={search_term_string}"},"query-input":{"@type":"PropertyValueSpecification","valueRequired":true,"valueName":"search_term_string"}}],"inLanguage":"de"},{"@type":"Organization","@id":"https:\/\/weltlaeden.de\/walluf\/#organization","name":"Weltladen Walluf \/ FAIR-TREFF Walluf e.V.","url":"https:\/\/weltlaeden.de\/walluf\/","logo":{"@type":"ImageObject","inLanguage":"de","@id":"https:\/\/weltlaeden.de\/walluf\/#\/schema\/logo\/image\/","url":"https:\/\/weltlaeden.de\/walluf\/wp-content\/uploads\/sites\/159\/2021\/03\/WLFH_cmyk_300dpi_MK-e1621515039297.jpg","contentUrl":"https:\/\/weltlaeden.de\/walluf\/wp-content\/uploads\/sites\/159\/2021\/03\/WLFH_cmyk_300dpi_MK-e1621515039297.jpg","width":150,"height":67,"caption":"Weltladen Walluf \/ FAIR-TREFF Walluf e.V."},"image":{"@id":"https:\/\/weltlaeden.de\/walluf\/#\/schema\/logo\/image\/"}}]}},"_links":{"self":[{"href":"https:\/\/weltlaeden.de\/walluf\/wp-json\/wp\/v2\/pages\/1177","targetHints":{"allow":["GET"]}}],"collection":[{"href":"https:\/\/weltlaeden.de\/walluf\/wp-json\/wp\/v2\/pages"}],"about":[{"href":"https:\/\/weltlaeden.de\/walluf\/wp-json\/wp\/v2\/types\/page"}],"author":[{"embeddable":true,"href":"https:\/\/weltlaeden.de\/walluf\/wp-json\/wp\/v2\/users\/228"}],"replies":[{"embeddable":true,"href":"https:\/\/weltlaeden.de\/walluf\/wp-json\/wp\/v2\/comments?post=1177"}],"version-history":[{"count":25,"href":"https:\/\/weltlaeden.de\/walluf\/wp-json\/wp\/v2\/pages\/1177\/revisions"}],"predecessor-version":[{"id":1994,"href":"https:\/\/weltlaeden.de\/walluf\/wp-json\/wp\/v2\/pages\/1177\/revisions\/1994"}],"wp:attachment":[{"href":"https:\/\/weltlaeden.de\/walluf\/wp-json\/wp\/v2\/media?parent=1177"}],"curies":[{"name":"wp","href":"https:\/\/api.w.org\/{rel}","templated":true}]}}