{"id":1070,"date":"2021-08-11T11:49:27","date_gmt":"2021-08-11T09:49:27","guid":{"rendered":"https:\/\/weltlaeden.de\/walluf\/?page_id=1070"},"modified":"2024-07-25T15:45:03","modified_gmt":"2024-07-25T13:45:03","slug":"satzung","status":"publish","type":"page","link":"https:\/\/weltlaeden.de\/walluf\/satzung\/","title":{"rendered":"Satzung"},"content":{"rendered":"<div class=\"wpb-content-wrapper\"><p>[vc_row][vc_column][vc_column_text css=&#8220;&#8220;]<\/p>\n<div id=\"main-wrapper\">\n<div id=\"main\" class=\"5grid-layout\">\n<div class=\"row\">\n<div id=\"content\" class=\"8u mobileUI-main-content\">\n<article>\n<div class=\"box\">\n<header>\n<h2 class=\"main-title\">Satzung des Vereins<\/h2>\n<p><span class=\"byline\">Fair-Treff Walluf e.V., Tr\u00e4ger des Weltladen Walluf<\/span><\/p>\n<\/header>\n<p>(\u00a7 1)\u00a0<strong>Name, Sitz und Gesch\u00e4ftsjahr des Vereins<\/strong><\/p>\n<ul class=\"style4\">\n<li>Der Verein f\u00fchrt den Namen &#8222;FAIR-TREFF Walluf e.V.&#8220; und soll ins Vereinsregister eingetragen werden.<\/li>\n<li>Der Verein hat seinen Sitz in Walluf.<\/li>\n<li>Gesch\u00e4ftsjahr ist das Kalenderjahr.<\/li>\n<\/ul>\n<p>(\u00a7 2)\u00a0<strong>Zweck des Vereins<\/strong><\/p>\n<ul class=\"style4\">\n<li>Zweck des Vereins ist die F\u00f6rderung der internationalen Gesinnung, der Toleranz auf allen Gebieten der Kultur und des V\u00f6lkerverst\u00e4ndigungsgedankens, sowie die F\u00f6rderung von Ma\u00dfnahmen, die eine wirksame Hilfe f\u00fcr die Bev\u00f6lkerung in den L\u00e4ndern der sog. Dritten Welt bedeuten.<\/li>\n<li>Dies geschieht u.a. durch finanzielle und materielle Unterst\u00fctzung von gemeinn\u00fctzigen, sozial-integrativen, genossenschaftlichen oder \u00e4hnlichen Initiativen in Entwicklungsl\u00e4ndern, sowie u.a. durch die F\u00f6rderung von Aktivit\u00e4ten, die ein Bewusstsein f\u00fcr die Zusammenh\u00e4nge zwischen Industriel\u00e4ndern und Entwicklungsl\u00e4ndern in unserer Bev\u00f6lkerung bilden, insbesondere durch Veranstaltungen.<\/li>\n<li>Bei seiner T\u00e4tigkeit legt der Verein Wert auf die Zusammenarbeit mit Organisationen der entwicklungspolitischen Bildungsarbeit und anderen Organisationen, die den in Abs. 1 beschriebenen Zielen f\u00f6rderlich sind.<\/li>\n<\/ul>\n<p>(\u00a7 3)\u00a0<strong>Gemeinn\u00fctzigkeit<\/strong><\/p>\n<ul class=\"style4\">\n<li>Der Verein verfolgt ausschlie\u00dflich und unmittelbar gemeinn\u00fctzige Zwecke im Sinne des Abschnitts &#8222;Steuerbeg\u00fcnstigte Zwecke&#8220; der Abgabenordnung.<\/li>\n<li>Der Verein ist selbstlos t\u00e4tig. Er verfolgt nicht in erster Linie eigenwirtschaftliche Zwecke. Mittel des Vereins d\u00fcrfen nur f\u00fcr die satzungsm\u00e4\u00dfigen Zwecke verwendet werden. Die Mitglieder erhalten keine Zuwendungen aus Mitteln des Vereins. Es darf keine Person durch Ausgaben, die dem Zweck des Vereins fremd sind oder durch unverh\u00e4ltnism\u00e4\u00dfig hohe Verg\u00fctungen, beg\u00fcnstigt werden.<\/li>\n<\/ul>\n<p>(\u00a7 4)\u00a0<strong>Mitgliedschaft<\/strong><\/p>\n<ul class=\"style4\">\n<li>Mitglied des Vereins kann jede nat\u00fcrliche Person sowie jede juristische Person des privaten und \u00f6ffentlichen Rechts werden.<\/li>\n<li>Die Aufnahme der Mitgliedschaft ist schriftlich beim Vorstand zu beantragen. Der Vorstand entscheidet \u00fcber den Aufnahmeantrag. Auf Antrag kann die n\u00e4chstfolgende Mitgliederversammlung die Entscheidung des Vorstandes aufheben.<\/li>\n<\/ul>\n<p>(\u00a7 5)\u00a0<strong>Beendigung der Mitgliedschaft<\/strong><\/p>\n<ul class=\"style4\">\n<li style=\"list-style-type: none\">\n<ul class=\"style4\">Die Mitgliedschaft erlischt:<\/p>\n<li>durch freiwilligen Austritt, der schriftlich erkl\u00e4rt werden muss und nur zum Ende des Kalenderjahres m\u00f6glich ist. Der Austritt erfolgt ohne R\u00fcckerstattung geleisteter Beitr\u00e4ge.<\/li>\n<li>durch Ausschluss aus dem Verein. Ein Mitglied, das in erheblichem Ma\u00df gegen die Vereinsinteressen versto\u00dfen hat, kann durch Beschluss des Vorstands aus dem Verein ausgeschlossen werden. Vor dem Ausschluss ist das betroffene Mitglied pers\u00f6nlich oder schriftlich zu h\u00f6ren. Die Entscheidung \u00fcber den Ausschluss ist schriftlich zu begr\u00fcnden und dem Mitglied mit Einschreiben gegen R\u00fcckschein zuzusenden. Das Mitglied kann innerhalb einer Frist von einem Monat ab Zugang der schriftlichen Begr\u00fcndung Berufung beim Vorstand einlegen. \u00dcber die Berufung entscheidet die Mitgliederversammlung. Macht das Mitglied vom Recht der Berufung innerhalb der Frist keinen Gebrauch, unterwirft es sich dem Ausschlie\u00dfungsbeschluss.<\/li>\n<\/ul>\n<\/li>\n<\/ul>\n<p>Ein erheblicher Versto\u00df gegen die Vereinsinteressen liegt u.a. vor, wenn die Mitgliedsbeitr\u00e4ge trotz Mahnung zwei Jahre nicht bezahlt werden und in der Mahnung auf einen m\u00f6glichen Ausschluss aus dem Verein hingewiesen wurde.<\/p>\n<ul class=\"style4\">\n<li>durch Tod des Mitgliedes bzw. Aufl\u00f6sung der juristischen Person.<\/li>\n<\/ul>\n<p>(\u00a7 6)\u00a0<strong>Beitr\u00e4ge<\/strong><\/p>\n<ul class=\"style4\">\n<li>Mitgliedsbeitr\u00e4ge sind zu entrichten.<\/li>\n<li>Die Art, H\u00f6he und F\u00e4lligkeit der Mitgliedsbeitr\u00e4ge werden von der Mitgliederversammlung bestimmt.<\/li>\n<li>In begr\u00fcndeten H\u00e4rtef\u00e4llen kann auf die Erhebung der Mitgliedsbeitr\u00e4ge verzichtet werden.<\/li>\n<\/ul>\n<p>(\u00a7 7)\u00a0<strong>Organe<\/strong><\/p>\n<ul class=\"style4\">Die Organe des Vereins sind:<\/p>\n<li>die Mitgliederversammlung.<\/li>\n<li>der Vorstand.<\/li>\n<\/ul>\n<p>(\u00a7 8)\u00a0<strong>Mitgliederversammlung<\/strong><\/p>\n<ul class=\"style4\">\n<li>Mindestens einmal im Jahr muss eine ordentliche Mitgliederversammlung abgehalten werden, nach M\u00f6glichkeit im ersten Quartal des auf das Gesch\u00e4ftsjahr folgenden Jahres. Zu der Mitgliederversammlung sollen alle Mitglieder erscheinen.<\/li>\n<li>Mitgliederversammlungen sind durch den Vorstand mindestens vier Wochen vorher mittels schriftlicher Einladung und unter Bekanntgabe der Tagesordnungspunkte einzuberufen.<\/li>\n<li>Der Vorstand hat unverz\u00fcglich eine au\u00dferordentliche Mitgliederversammlung einzuberufen, wenn es das Vereinsinteresse erfordert oder wenn mindestens f\u00fcnf Mitglieder die Einberufung schriftlich unter Angabe des Zwecks und der Gr\u00fcnde fordern.<\/li>\n<li>Antr\u00e4ge der Mitglieder an die Mitgliederversammlung m\u00fcssen mindestens eine Woche vor der Mitgliederversammlung an den Vorstand gerichtet werden. Bei Antr\u00e4gen auf Satzungs\u00e4nderungen oder Aufl\u00f6sung des Vereins betr\u00e4gt die Frist 14 Tage.<\/li>\n<li>In der Mitgliederversammlung kann nur \u00fcber solche Gegenst\u00e4nde Beschluss gefasst werden, die zu diesem Zweck auf die Tagesordnung gesetzt sind oder im Laufe der Sitzung durch Beschluss der Mitgliederversammlung gesetzt werden.<\/li>\n<li>\u00dcber die Mitgliederversammlung ist ein Ergebnisprotokoll anzufertigen, welches vom Schriftf\u00fchrer und vom Versammlungsleiter zu unterzeichnen ist. Es soll Festlegungen \u00fcber Ort und Zeit der Versammlung, die Person des Versammlungsleiters und des Protokollf\u00fchrers, die Zahl der erschienenen Mitglieder, die Tagesordnung, die einzelnen Abstimmungsergebnisse und die Art der Abstimmung enthalten. Bei Satzungs\u00e4nderungen muss der genaue Wortlaut wiedergegeben werden. Auf Verlangen der Mitglieder muss das Protokoll zur Einsichtnahme freigegeben werden.<\/li>\n<li>Jedes Mitglied hat nur eine Stimme. Das Stimmrecht kann nur pers\u00f6nlich ausge\u00fcbt werden.<\/li>\n<\/ul>\n<p>(\u00a7 9)\u00a0<strong>Beschlussf\u00e4higkeit und Beschlussfassung<\/strong><\/p>\n<ul class=\"style4\">\n<li>Jede ordnungsgem\u00e4\u00df einberufene Mitgliederversammlung ist ohne R\u00fccksicht auf die Zahl der anwesenden Mitglieder beschlussf\u00e4hig.<\/li>\n<li>Satzungs\u00e4nderungen und die Aufl\u00f6sung des Vereins k\u00f6nnen nur mit einer Mehrheit von 3\/4 der anwesenden Stimmberechtigten beschlossen werden.<\/li>\n<li>Beschl\u00fcsse \u00fcber Gegenst\u00e4nde au\u00dferhalb der in der Einladung bekannt gegebenen Tagesordnung bed\u00fcrfen ebenfalls einer 3\/4 Mehrheit der anwesenden Stimmberechtigten.<\/li>\n<li>Sonstige Beschl\u00fcsse werden mit einfacher Stimmenmehrheit gefasst.<\/li>\n<li>\u00dcber Satzungs\u00e4nderungen darf nur abgestimmt werden, wenn sie in der Einladung bekannt gegeben worden sind.<\/li>\n<\/ul>\n<p>(\u00a7 10)\u00a0<strong>Aufgaben der Mitgliederversammlung<\/strong><\/p>\n<ul class=\"style4\">\n<li>Die Mitgliederversammlung bestimmt die Anzahl der Vorstandsmitglieder und w\u00e4hlt den Vorstand, sowie zwei Kassenpr\u00fcfer, die nicht Mitglieder des Vorstands sein d\u00fcrfen.<\/li>\n<li>Die Mitgliederversammlung hat insbesondere folgende weitere Aufgaben:<br \/>\nSie nimmt den Jahresbericht (Gesch\u00e4fts- und Kassenbericht) des Vorstandes entgegen. Sie beschlie\u00dft \u00fcber:<\/p>\n<ol>\n<li>die Entlastung des Vorstands,<\/li>\n<li>die Satzungs\u00e4nderungen,<\/li>\n<li>die Art, H\u00f6he und F\u00e4lligkeit der Mitgliedsbeitr\u00e4ge,<\/li>\n<li>die gestellten Antr\u00e4ge,<\/li>\n<li>die Aufl\u00f6sung des Vereins und<\/li>\n<li>die Verwendung von Jahres\u00fcbersch\u00fcssen<\/li>\n<\/ol>\n<\/li>\n<\/ul>\n<p>(\u00a7 11)\u00a0<strong>Der Vorstand<\/strong><\/p>\n<ul class=\"style4\">\n<li>Der Vorstand des Vereins besteht aus mindestens drei und h\u00f6chstens sieben Personen:\n<ol>\n<li>dem Vorsitzenden,<\/li>\n<li>dem stellvertretenden Vorsitzenden,<\/li>\n<li>dem Kassenwart und<\/li>\n<li>bis zu vier Beisitzern<\/li>\n<\/ol>\n<\/li>\n<li>Die Mitglieder des Vorstands werden einzeln auf die Dauer von zwei Jahren von der Mitgliederversammlung durch offene Abstimmung mit der einfachen Mehrheit der erschienen Mitglieder gew\u00e4hlt. Auf Antrag eines Mitglieds der Mitgliederversammlung haben die Wahlen jeweils geheim zu erfolgen. W\u00e4hlbar sind nur Vereinsmitglieder. Die Gew\u00e4hlten bleiben bis zur Neuwahl im Amt. Wiederwahl ist mehrfach zul\u00e4ssig. Jedes Mitglied des Vorstands kann von der Mitgliederversammlung jederzeit ohne Angabe von Gr\u00fcnden mit einer Mehrheit von 2\/3 der anwesenden stimmberechtigten Mitglieder abberufen werden.<\/li>\n<li>Bei Ausscheiden eines einzelnen Vorstandsmitglieds w\u00e4hrend seiner Amtsperiode, w\u00e4hlt der verbleibende Vorstand ein Ersatzmitglied f\u00fcr die restliche Amtsdauer des Ausgeschiedenen, das in der Mitgliederversammlung best\u00e4tigt werden muss.<\/li>\n<li>Der Vorstand f\u00fchrt im Rahmen der Satzung und nach den Beschl\u00fcssen der Mitgliederversammlung die Gesch\u00e4fte des Vereins.<\/li>\n<li>Der Verein wird gerichtlich und au\u00dfergerichtlich durch den Vorstand vertreten, wobei jeweils zwei Vorstandsmitglieder gemeinsam vertretungsberechtigt sind. Abweichend davon ist bei Rechtsgesch\u00e4ften, die den Verein bis zu einem Betrag oder einem Geldwert bis zu 2000 Euro verpflichten, jedes Vorstandsmitglied berechtigt, den Verein allein zu vertreten.<\/li>\n<\/ul>\n<p>(\u00a7 12)\u00a0<strong>Beschlussfassung des Vorstands<\/strong><\/p>\n<ul class=\"style4\">\n<li>Die Vorstandssitzungen werden vom Vorsitzenden nach Bedarf oder auf Verlangen eines Mitglieds, mindestens jedoch alle vier Monate unter Angabe der Tagesordnung einberufen. Die Ladungsfrist soll mindestens 14 Tage betragen. In dringenden F\u00e4llen kann auf eine Ladungsfrist verzichtet werden. Der Vorsitzende, bei dessen Verhinderung sein Stellvertreter, leitet die Sitzung.<\/li>\n<li>Der Vorstand ist beschlussf\u00e4hig, wenn der Vorsitzende oder sein Stellvertreter und mindestens die H\u00e4lfte der \u00fcbrigen Vorstandsmitglieder anwesend sind.<\/li>\n<li>Beschl\u00fcsse werden mit einfacher Stimmenmehrheit der an der Beschlussfassung teilnehmenden Mitglieder gefasst. Bei Stimmengleichheit gibt die Stimme des Vorsitzenden den Ausschlag.<\/li>\n<li>\u00dcber jede Sitzung des Vorstandes ist eine Niederschrift anzufertigen, die zumindest Antr\u00e4ge und Beschl\u00fcsse wiedergeben muss. Sie ist vom Vorsitzenden und dem Protokollf\u00fchrer zu unterschreiben. Die Sitzungsniederschrift ist in der n\u00e4chsten Vorstandssitzung zu genehmigen.<\/li>\n<\/ul>\n<p>(\u00a7 13)\u00a0<strong>Kassenpr\u00fcfung<\/strong><\/p>\n<ul class=\"style4\">\n<li>Die Kassenpr\u00fcfung ist j\u00e4hrlich mindestens einmal, und zwar rechtzeitig vor der ordentlichen Mitgliederversammlung, durchzuf\u00fchren. \u00dcber jede Kassenpr\u00fcfung ist eine Niederschrift anzufertigen und der Mitgliederversammlung Bericht zu erstatten.<\/li>\n<li>Zwei Kassenpr\u00fcfer werden von der Mitgliederversammlung auf die Dauer von zwei Jahren gew\u00e4hlt.<\/li>\n<\/ul>\n<p>(\u00a7 14)\u00a0<strong>Aufl\u00f6sung des Vereins<\/strong><\/p>\n<ul class=\"style4\">Im Falle der Aufl\u00f6sung des Vereins oder des Wegfalls des bisherigen Zwecks ist dessen Verm\u00f6gen an terre des hommes Deutschland e.V. weiterzuleiten.<\/ul>\n<p>Walluf, den 28.04.2004<\/p>\n<\/div>\n<\/article>\n<\/div>\n<\/div>\n<\/div>\n<\/div>\n<div class=\"wrapper-style3\">\n<div class=\"5grid-layout\">\n<div class=\"row\">\n<div class=\"6u\">\n<section>\n<header>\n<h2>Besuchen Sie uns in Walluf<\/h2>\n<p><span class=\"byline\">Das Fachgesch\u00e4ft f\u00fcr Fairen Handel<\/span><\/p>\n<\/header>\n<p>Ein Besuch im Weltladen ist wie eine Entdeckungsreise: Aromatischer Kaffee, pikante Ge\u00adw\u00fcr\u00adze, sch\u00f6ne Geschenkartikel &#8211; hier finden Sie das Beste aus dem S\u00fcden. Und es gibt noch mehr zu entdecken: Die Produkte im Weltladen sind nicht nur von besonderer Qualit\u00e4t &#8211; sie sind zugleich ein kleines St\u00fcck Weltpolitik. Denn sie stammen alle aus Fairem Handel.<\/p>\n<\/section>\n<\/div>\n<div class=\"6u\">\n<section>\n<header>\n<h2>Fairer Handel?<\/h2>\n<p><span class=\"byline\">Ihre Erzeugerinnen erhalten faire Preise<\/span><\/p>\n<\/header>\n<p>Dies kann diesen Menschen ein Leben in W\u00fcrde erm\u00f6glichen. Das ist gar nicht so selbst\u00adver\u00adst\u00e4nd\u00adlich, wie es klingen mag &#8211; die Erl\u00f6se f\u00fcr viele Produkte aus dem S\u00fcden sind im freien Welthandel so niedrig, dass Kleinproduzentinnen kaum davon leben k\u00f6nnen. Zu\u00adkunfts\u00adsi\u00adche\u00adrung bleibt so ein Traum.<\/p>\n<\/section>\n<\/div>\n<\/div>\n<\/div>\n<\/div>\n<div id=\"footer-wrapper\">\n<div id=\"footer\" class=\"5grid-layout\">\n<div class=\"row\">\n<div class=\"4u\">\n<section>\u00a0<\/section>\n<\/div>\n<div class=\"4u\">\n<section>\n<header>\n<h2>Fair-Treff Walluf e.V.<\/h2>\n<\/header>\n<p>Vorsitzende:<br \/>\nFrau Anette Wenzel<br \/>\n65396 Walluf, Johannisbrunnenstra\u00dfe 4 d<\/p>\n<p>Leitung Weltladen-Walluf:<br \/>\nBenedikta Kohl, Pfl\u00e4nzerweg , Walluf<br \/>\nBrigitte Edinger, Hauptstra\u00dfe 81, Walluf<\/p>\n<\/section>\n<\/div>\n<\/div>\n<\/div>\n<\/div>\n<p>[\/vc_column_text][\/vc_column][\/vc_row]<\/p>\n<\/div>","protected":false},"excerpt":{"rendered":"<p>[vc_row][vc_column][vc_column_text css=&#8220;&#8220;] Satzung des Vereins Fair-Treff Walluf e.V., Tr\u00e4ger des Weltladen Walluf (\u00a7 1)\u00a0Name, Sitz und Gesch\u00e4ftsjahr des Vereins Der Verein f\u00fchrt den Namen &#8222;FAIR-TREFF Walluf e.V.&#8220; und soll ins Vereinsregister eingetragen werden. Der Verein hat seinen Sitz in Walluf. Gesch\u00e4ftsjahr ist das Kalenderjahr. (\u00a7 2)\u00a0Zweck des Vereins Zweck des Vereins ist die F\u00f6rderung der&hellip;<\/p>\n","protected":false},"author":228,"featured_media":0,"parent":0,"menu_order":5,"comment_status":"closed","ping_status":"closed","template":"","meta":{"footnotes":""},"class_list":["post-1070","page","type-page","status-publish","hentry","description-off"],"yoast_head":"<!-- This site is optimized with the Yoast SEO plugin v26.8 - https:\/\/yoast.com\/product\/yoast-seo-wordpress\/ -->\n<title>Satzung - Weltladen Walluf<\/title>\n<meta name=\"robots\" content=\"index, follow, max-snippet:-1, max-image-preview:large, max-video-preview:-1\" \/>\n<link rel=\"canonical\" href=\"https:\/\/weltlaeden.de\/walluf\/satzung\/\" \/>\n<meta property=\"og:locale\" content=\"de_DE\" \/>\n<meta property=\"og:type\" content=\"article\" \/>\n<meta property=\"og:title\" content=\"Satzung - Weltladen Walluf\" \/>\n<meta property=\"og:description\" content=\"[vc_row][vc_column][vc_column_text css=&#8220;&#8220;] Satzung des Vereins Fair-Treff Walluf e.V., Tr\u00e4ger des Weltladen Walluf (\u00a7 1)\u00a0Name, Sitz und Gesch\u00e4ftsjahr des Vereins Der Verein f\u00fchrt den Namen &#8222;FAIR-TREFF Walluf e.V.&#8220; und soll ins Vereinsregister eingetragen werden. Der Verein hat seinen Sitz in Walluf. Gesch\u00e4ftsjahr ist das Kalenderjahr. (\u00a7 2)\u00a0Zweck des Vereins Zweck des Vereins ist die F\u00f6rderung der&hellip;\" \/>\n<meta property=\"og:url\" content=\"https:\/\/weltlaeden.de\/walluf\/satzung\/\" \/>\n<meta property=\"og:site_name\" content=\"Weltladen Walluf\" \/>\n<meta property=\"article:modified_time\" content=\"2024-07-25T13:45:03+00:00\" \/>\n<meta name=\"twitter:card\" content=\"summary_large_image\" \/>\n<meta name=\"twitter:label1\" content=\"Gesch\u00e4tzte Lesezeit\" \/>\n\t<meta name=\"twitter:data1\" content=\"8\u00a0Minuten\" \/>\n<script type=\"application\/ld+json\" class=\"yoast-schema-graph\">{\"@context\":\"https:\/\/schema.org\",\"@graph\":[{\"@type\":\"WebPage\",\"@id\":\"https:\/\/weltlaeden.de\/walluf\/satzung\/\",\"url\":\"https:\/\/weltlaeden.de\/walluf\/satzung\/\",\"name\":\"Satzung - Weltladen Walluf\",\"isPartOf\":{\"@id\":\"https:\/\/weltlaeden.de\/walluf\/#website\"},\"datePublished\":\"2021-08-11T09:49:27+00:00\",\"dateModified\":\"2024-07-25T13:45:03+00:00\",\"breadcrumb\":{\"@id\":\"https:\/\/weltlaeden.de\/walluf\/satzung\/#breadcrumb\"},\"inLanguage\":\"de\",\"potentialAction\":[{\"@type\":\"ReadAction\",\"target\":[\"https:\/\/weltlaeden.de\/walluf\/satzung\/\"]}]},{\"@type\":\"BreadcrumbList\",\"@id\":\"https:\/\/weltlaeden.de\/walluf\/satzung\/#breadcrumb\",\"itemListElement\":[{\"@type\":\"ListItem\",\"position\":1,\"name\":\"Startseite\",\"item\":\"https:\/\/weltlaeden.de\/walluf\/\"},{\"@type\":\"ListItem\",\"position\":2,\"name\":\"Satzung\"}]},{\"@type\":\"WebSite\",\"@id\":\"https:\/\/weltlaeden.de\/walluf\/#website\",\"url\":\"https:\/\/weltlaeden.de\/walluf\/\",\"name\":\"Weltladen Walluf\",\"description\":\"Fair Handeln - Schmecken - Genie\u00dfen\",\"publisher\":{\"@id\":\"https:\/\/weltlaeden.de\/walluf\/#organization\"},\"potentialAction\":[{\"@type\":\"SearchAction\",\"target\":{\"@type\":\"EntryPoint\",\"urlTemplate\":\"https:\/\/weltlaeden.de\/walluf\/?s={search_term_string}\"},\"query-input\":{\"@type\":\"PropertyValueSpecification\",\"valueRequired\":true,\"valueName\":\"search_term_string\"}}],\"inLanguage\":\"de\"},{\"@type\":\"Organization\",\"@id\":\"https:\/\/weltlaeden.de\/walluf\/#organization\",\"name\":\"Weltladen Walluf \/ FAIR-TREFF Walluf e.V.\",\"url\":\"https:\/\/weltlaeden.de\/walluf\/\",\"logo\":{\"@type\":\"ImageObject\",\"inLanguage\":\"de\",\"@id\":\"https:\/\/weltlaeden.de\/walluf\/#\/schema\/logo\/image\/\",\"url\":\"https:\/\/weltlaeden.de\/walluf\/wp-content\/uploads\/sites\/159\/2021\/03\/WLFH_cmyk_300dpi_MK-e1621515039297.jpg\",\"contentUrl\":\"https:\/\/weltlaeden.de\/walluf\/wp-content\/uploads\/sites\/159\/2021\/03\/WLFH_cmyk_300dpi_MK-e1621515039297.jpg\",\"width\":150,\"height\":67,\"caption\":\"Weltladen Walluf \/ FAIR-TREFF Walluf e.V.\"},\"image\":{\"@id\":\"https:\/\/weltlaeden.de\/walluf\/#\/schema\/logo\/image\/\"}}]}<\/script>\n<!-- \/ Yoast SEO plugin. -->","yoast_head_json":{"title":"Satzung - Weltladen Walluf","robots":{"index":"index","follow":"follow","max-snippet":"max-snippet:-1","max-image-preview":"max-image-preview:large","max-video-preview":"max-video-preview:-1"},"canonical":"https:\/\/weltlaeden.de\/walluf\/satzung\/","og_locale":"de_DE","og_type":"article","og_title":"Satzung - Weltladen Walluf","og_description":"[vc_row][vc_column][vc_column_text css=&#8220;&#8220;] Satzung des Vereins Fair-Treff Walluf e.V., Tr\u00e4ger des Weltladen Walluf (\u00a7 1)\u00a0Name, Sitz und Gesch\u00e4ftsjahr des Vereins Der Verein f\u00fchrt den Namen &#8222;FAIR-TREFF Walluf e.V.&#8220; und soll ins Vereinsregister eingetragen werden. Der Verein hat seinen Sitz in Walluf. Gesch\u00e4ftsjahr ist das Kalenderjahr. (\u00a7 2)\u00a0Zweck des Vereins Zweck des Vereins ist die F\u00f6rderung der&hellip;","og_url":"https:\/\/weltlaeden.de\/walluf\/satzung\/","og_site_name":"Weltladen Walluf","article_modified_time":"2024-07-25T13:45:03+00:00","twitter_card":"summary_large_image","twitter_misc":{"Gesch\u00e4tzte Lesezeit":"8\u00a0Minuten"},"schema":{"@context":"https:\/\/schema.org","@graph":[{"@type":"WebPage","@id":"https:\/\/weltlaeden.de\/walluf\/satzung\/","url":"https:\/\/weltlaeden.de\/walluf\/satzung\/","name":"Satzung - Weltladen Walluf","isPartOf":{"@id":"https:\/\/weltlaeden.de\/walluf\/#website"},"datePublished":"2021-08-11T09:49:27+00:00","dateModified":"2024-07-25T13:45:03+00:00","breadcrumb":{"@id":"https:\/\/weltlaeden.de\/walluf\/satzung\/#breadcrumb"},"inLanguage":"de","potentialAction":[{"@type":"ReadAction","target":["https:\/\/weltlaeden.de\/walluf\/satzung\/"]}]},{"@type":"BreadcrumbList","@id":"https:\/\/weltlaeden.de\/walluf\/satzung\/#breadcrumb","itemListElement":[{"@type":"ListItem","position":1,"name":"Startseite","item":"https:\/\/weltlaeden.de\/walluf\/"},{"@type":"ListItem","position":2,"name":"Satzung"}]},{"@type":"WebSite","@id":"https:\/\/weltlaeden.de\/walluf\/#website","url":"https:\/\/weltlaeden.de\/walluf\/","name":"Weltladen Walluf","description":"Fair Handeln - Schmecken - Genie\u00dfen","publisher":{"@id":"https:\/\/weltlaeden.de\/walluf\/#organization"},"potentialAction":[{"@type":"SearchAction","target":{"@type":"EntryPoint","urlTemplate":"https:\/\/weltlaeden.de\/walluf\/?s={search_term_string}"},"query-input":{"@type":"PropertyValueSpecification","valueRequired":true,"valueName":"search_term_string"}}],"inLanguage":"de"},{"@type":"Organization","@id":"https:\/\/weltlaeden.de\/walluf\/#organization","name":"Weltladen Walluf \/ FAIR-TREFF Walluf e.V.","url":"https:\/\/weltlaeden.de\/walluf\/","logo":{"@type":"ImageObject","inLanguage":"de","@id":"https:\/\/weltlaeden.de\/walluf\/#\/schema\/logo\/image\/","url":"https:\/\/weltlaeden.de\/walluf\/wp-content\/uploads\/sites\/159\/2021\/03\/WLFH_cmyk_300dpi_MK-e1621515039297.jpg","contentUrl":"https:\/\/weltlaeden.de\/walluf\/wp-content\/uploads\/sites\/159\/2021\/03\/WLFH_cmyk_300dpi_MK-e1621515039297.jpg","width":150,"height":67,"caption":"Weltladen Walluf \/ FAIR-TREFF Walluf e.V."},"image":{"@id":"https:\/\/weltlaeden.de\/walluf\/#\/schema\/logo\/image\/"}}]}},"_links":{"self":[{"href":"https:\/\/weltlaeden.de\/walluf\/wp-json\/wp\/v2\/pages\/1070","targetHints":{"allow":["GET"]}}],"collection":[{"href":"https:\/\/weltlaeden.de\/walluf\/wp-json\/wp\/v2\/pages"}],"about":[{"href":"https:\/\/weltlaeden.de\/walluf\/wp-json\/wp\/v2\/types\/page"}],"author":[{"embeddable":true,"href":"https:\/\/weltlaeden.de\/walluf\/wp-json\/wp\/v2\/users\/228"}],"replies":[{"embeddable":true,"href":"https:\/\/weltlaeden.de\/walluf\/wp-json\/wp\/v2\/comments?post=1070"}],"version-history":[{"count":6,"href":"https:\/\/weltlaeden.de\/walluf\/wp-json\/wp\/v2\/pages\/1070\/revisions"}],"predecessor-version":[{"id":1933,"href":"https:\/\/weltlaeden.de\/walluf\/wp-json\/wp\/v2\/pages\/1070\/revisions\/1933"}],"wp:attachment":[{"href":"https:\/\/weltlaeden.de\/walluf\/wp-json\/wp\/v2\/media?parent=1070"}],"curies":[{"name":"wp","href":"https:\/\/api.w.org\/{rel}","templated":true}]}}