{"id":1005,"date":"2021-07-07T17:19:53","date_gmt":"2021-07-07T15:19:53","guid":{"rendered":"https:\/\/weltlaeden.de\/walluf\/?page_id=1005"},"modified":"2026-03-07T18:19:53","modified_gmt":"2026-03-07T17:19:53","slug":"veranstaltungsberichte","status":"publish","type":"page","link":"https:\/\/weltlaeden.de\/walluf\/fair-treff-walluf-e-v\/veranstaltungsberichte\/","title":{"rendered":"Veranstaltungsberichte"},"content":{"rendered":"<div class=\"wpb-content-wrapper\"><p>[vc_row][vc_column][vc_media_grid css=&#8220;&#8220; grid_id=&#8220;vc_gid:1772903762163-232e48af01590c829b494377b68430c3-9&#8243; include=&#8220;2089,2090,2091&#8243;][vc_media_grid grid_id=&#8220;vc_gid:1772903762178-659a367928231c41e80d81ae97ccb1e0-10&#8243;][vc_column_text css=&#8220;&#8220;]In den vergangenen Jahren haben wir vielerlei Veranstaltungen durchgef\u00fchrt. Sie sind herzlich eingeladen, sich einen ersten Eindruck davon und von unseren G\u00e4sten zu machen. Die Veranstaltungen bieten auf unterhaltsame Art und Weise die M\u00f6glichkeit, ProduzentInnen, deren Produkte und unsere Arbeit als Verein und Weltladen kennenzulernen. Einen kleinen Ausschnitt stellen wir Ihnen hier vor:<\/p>\n<p><strong>Schauen Sie sich doch mal in unseren Berichten um:<\/strong><\/p>\n<p>27.02.2026 &gt;<a href=\"https:\/\/weltlaeden.de\/walluf\/wp-content\/uploads\/sites\/159\/2026\/03\/Multivisionsshow-Ostafrika-260202.pdf\"> Lobolmo: &#8222;Ostafrika&#8220;<\/a><\/p>\n<p>24.01.2025 &gt; <a href=\"https:\/\/weltlaeden.de\/walluf\/wp-content\/uploads\/sites\/159\/2025\/02\/Allyouneedisless.pdf\">Allyouneedisless<\/a><\/p>\n<p>27.09.2024\u27a9 <a href=\"https:\/\/weltlaeden.de\/walluf\/wp-content\/uploads\/sites\/159\/2024\/10\/Kleidertausch-2024-in-Walluf.pdf\">Kleidertausch<\/a><\/p>\n<p>16.03.2024\u27a9 <a href=\"https:\/\/weltlaeden.de\/walluf\/wp-content\/uploads\/sites\/159\/2024\/03\/Fairwoehn-Fruehstueck-16032024.docx\">Fairw\u00f6hn-Fr\u00fchst\u00fcck<\/a><\/p>\n<p>22.07.2023\u27a9 <a href=\"https:\/\/weltlaeden.de\/walluf\/wp-content\/uploads\/sites\/159\/2023\/07\/Konzert-Menna-Mulugeta-22.07.2023-.docx\">Konzert Menna Mulugeta 22.07.2023<\/a><\/p>\n<p>13.05.2023 \u27a9 <a href=\"https:\/\/weltlaeden.de\/walluf\/wp-content\/uploads\/sites\/159\/2023\/05\/230513_Theater-Mitmach-Aktion.docx\">230513_Theater Mitmach-Aktion<\/a><\/p>\n<p>31.03.2023 \u27a9<a href=\"https:\/\/weltlaeden.de\/walluf\/wp-content\/uploads\/sites\/159\/2023\/04\/31.03.2023-Kleidertausch.pdf\"> Kleidertausch-Aktion 2023<\/a><\/p>\n<p>23.09.2022 \u27a9 <a href=\"https:\/\/weltlaeden.de\/walluf\/wp-content\/uploads\/sites\/159\/2022\/10\/Kleidertausch-Aktion-2022.pdf\">Kleidertausch-Aktion 2022<\/a><\/p>\n<p>11.09.2021 \u27a9 <a href=\"https:\/\/weltlaeden.de\/walluf\/wp-content\/uploads\/sites\/159\/2021\/11\/LobOlmo_-Schokolade-fair-genie\u00dfen.pdf\">LobOlmo_ Schokolade fair genie\u00dfen<\/a><\/p>\n<p>09.11.2019 \u27a9 <a href=\"https:\/\/weltlaeden.de\/walluf\/wp-content\/uploads\/sites\/159\/2021\/07\/LobOlmo-WELTREISE.docx\">LobOlmo-WELTREISE<\/a><\/p>\n<p>13.06.2019 \u27a9 <a href=\"https:\/\/weltlaeden.de\/walluf\/wp-content\/uploads\/sites\/159\/2021\/07\/2019-Music-for-hope.docx\">Music for hope<\/a><\/p>\n<p>14.10.2018 \u27a9 <a href=\"https:\/\/weltlaeden.de\/walluf\/wp-content\/uploads\/sites\/159\/2021\/07\/PM-Kochshow.doc\">PM Kochshow<\/a><\/p>\n<p>23.11.2017 \u27a9&nbsp;<a href=\"https:\/\/weltlaeden.de\/walluf\/wp-content\/uploads\/sites\/159\/2021\/07\/Gesund-und-fair-w\u00fcrzen.docx\">Gesund und fair w\u00fcrzen<\/a><\/p>\n<p>08.03.2017&nbsp;\u27a9 <a href=\"https:\/\/weltlaeden.de\/walluf\/wp-content\/uploads\/sites\/159\/2021\/07\/2017-Welt-Frauentag-1.docx\">Welt-Frauentag<\/a><\/p>\n<p>14.05.2016 \u27a9 <a href=\"https:\/\/weltlaeden.de\/walluf\/wp-content\/uploads\/sites\/159\/2021\/08\/Weltladentag-2016.docx\">Weltladentag 2016<\/a><\/p>\n<p>22.05.2015 \u27a9 <a href=\"https:\/\/weltlaeden.de\/walluf\/wp-content\/uploads\/sites\/159\/2021\/08\/Gepa-Jubil\u00e4um.docx\">Gepa-Jubil\u00e4um<\/a><\/p>\n<p>09.05.2015 \u27a9&nbsp;<a href=\"https:\/\/weltlaeden.de\/walluf\/wp-content\/uploads\/sites\/159\/2021\/11\/2015_Weltladentag-2.pdf\">2015_Weltladentag<\/a><\/p>\n<p>14.11.2014 \u27a9 <a href=\"https:\/\/weltlaeden.de\/walluf\/wp-content\/uploads\/sites\/159\/2021\/11\/Quinoa-macht-gl\u00fccklich.pdf\">Quinoa macht gl\u00fccklich<\/a><\/p>\n<p>19.09.2014 \u27a9 <a href=\"https:\/\/weltlaeden.de\/walluf\/wp-content\/uploads\/sites\/159\/2021\/11\/2014-FAIR-SNACK.docx\">FAIR-SNACK<\/a><\/p>\n<p>08.04.2014 \u27a9 <a href=\"https:\/\/weltlaeden.de\/walluf\/wp-content\/uploads\/sites\/159\/2021\/11\/2014-Weltfrauentag.docx\">Weltfrauentag<\/a><\/p>\n<p>17.11.2013 \u27a9 <a href=\"https:\/\/weltlaeden.de\/walluf\/wp-content\/uploads\/sites\/159\/2021\/11\/2013-Im-Reich-der-Maya.docx\">2013 Im Reich der Maya<\/a><\/p>\n<p>14.09.2013 \u27a9 Jubil\u00e4um: 10 Jahre Weltladen Walluf<\/p>\n<p>21.09.2012 \u27a9 <a href=\"https:\/\/weltlaeden.de\/walluf\/wp-content\/uploads\/sites\/159\/2021\/11\/2012-Faire-Woche.pdf\">Faire Woche<\/a><\/p>\n<p>21.09.2012 \u27a9 <a href=\"https:\/\/weltlaeden.de\/walluf\/wp-content\/uploads\/sites\/159\/2021\/11\/2012-Walluf-wird-Fairtrade-Town.docx\">Walluf wird Fairtrade Town<\/a><\/p>\n<p>31.08.2011 \u27a9 <a href=\"https:\/\/weltlaeden.de\/walluf\/wp-content\/uploads\/sites\/159\/2021\/11\/2011-Botanischer-Garten.docx\">Botanischer Garten<\/a><\/p>\n<p>28.05.2011 \u27a9 <a href=\"https:\/\/weltlaeden.de\/walluf\/wp-content\/uploads\/sites\/159\/2021\/11\/2011-Flohmarkt-f\u00fcr-Tansania.docx\">Flohmarkt f\u00fcr Tansania<\/a><\/p>\n<p>18.09.2010 \u27a9&nbsp;<a href=\"https:\/\/weltlaeden.de\/walluf\/wp-content\/uploads\/sites\/159\/2021\/11\/2011-FAIR-ICE-T.docx\">2011 FAIR-ICE-T<\/a><\/p>\n<p>25.03.2010 \u27a9&nbsp;<a href=\"https:\/\/weltlaeden.de\/walluf\/wp-content\/uploads\/sites\/159\/2021\/11\/2010-Weltfrauentag-1.docx\">Weltfrauentag<\/a><\/p>\n<p>02.09.2009 \u27a9&nbsp;<a href=\"https:\/\/weltlaeden.de\/walluf\/wp-content\/uploads\/sites\/159\/2021\/11\/2009-Fairer-Brunch.docx\">Fairer Brunch<\/a><\/p>\n<p>08.03.2009 \u27a9 <a href=\"https:\/\/weltlaeden.de\/walluf\/wp-content\/uploads\/sites\/159\/2021\/11\/2009-Weltfrauentag-1.docx\">Weltfrauentag<\/a>[\/vc_column_text][vc_column_text css=&#8220;&#8220;]In den vergangenen Jahren haben wir vielerlei Veranstaltungen durchgef\u00fchrt. Sie sind herzlich eingeladen, sich einen ersten Eindruck davon und von unseren G\u00e4sten zu machen. Die Veranstaltungen bieten auf unterhaltsame Art und Weise die M\u00f6glichkeit, ProduzentInnen, deren Produkte und unsere Arbeit als Verein und Weltladen kennenzulernen. Einen kleinen Ausschnitt stellen wir Ihnen hier vor:<\/p>\n<p><strong>Schauen Sie sich doch mal in unseren Berichten um:<\/strong><\/p>\n<p>24.01.2025 &gt; All you need is less<\/p>\n<p>27.09.2024\u27a9 <a href=\"https:\/\/weltlaeden.de\/walluf\/wp-content\/uploads\/sites\/159\/2024\/10\/Kleidertausch-2024-in-Walluf.pdf\">Kleidertausch<\/a><\/p>\n<p>16.03.2024\u27a9 <a href=\"https:\/\/weltlaeden.de\/walluf\/wp-content\/uploads\/sites\/159\/2024\/03\/Fairwoehn-Fruehstueck-16032024.docx\">Fairw\u00f6hn-Fr\u00fchst\u00fcck<\/a><\/p>\n<p>22.07.2023\u27a9 <a href=\"https:\/\/weltlaeden.de\/walluf\/wp-content\/uploads\/sites\/159\/2023\/07\/Konzert-Menna-Mulugeta-22.07.2023-.docx\">Konzert Menna Mulugeta 22.07.2023<\/a><\/p>\n<p>13.05.2023 \u27a9 <a href=\"https:\/\/weltlaeden.de\/walluf\/wp-content\/uploads\/sites\/159\/2023\/05\/230513_Theater-Mitmach-Aktion.docx\">230513_Theater Mitmach-Aktion<\/a><\/p>\n<p>31.03.2023 \u27a9<a href=\"https:\/\/weltlaeden.de\/walluf\/wp-content\/uploads\/sites\/159\/2023\/04\/31.03.2023-Kleidertausch.pdf\"> Kleidertausch-Aktion 2023<\/a><\/p>\n<p>23.09.2022 \u27a9 <a href=\"https:\/\/weltlaeden.de\/walluf\/wp-content\/uploads\/sites\/159\/2022\/10\/Kleidertausch-Aktion-2022.pdf\">Kleidertausch-Aktion 2022<\/a><\/p>\n<p>11.09.2021 \u27a9 <a href=\"https:\/\/weltlaeden.de\/walluf\/wp-content\/uploads\/sites\/159\/2021\/11\/LobOlmo_-Schokolade-fair-genie\u00dfen.pdf\">LobOlmo_ Schokolade fair genie\u00dfen<\/a><\/p>\n<p>09.11.2019 \u27a9 <a href=\"https:\/\/weltlaeden.de\/walluf\/wp-content\/uploads\/sites\/159\/2021\/07\/LobOlmo-WELTREISE.docx\">LobOlmo-WELTREISE<\/a><\/p>\n<p>13.06.2019 \u27a9 <a href=\"https:\/\/weltlaeden.de\/walluf\/wp-content\/uploads\/sites\/159\/2021\/07\/2019-Music-for-hope.docx\">Music for hope<\/a><\/p>\n<p>14.10.2018 \u27a9 <a href=\"https:\/\/weltlaeden.de\/walluf\/wp-content\/uploads\/sites\/159\/2021\/07\/PM-Kochshow.doc\">PM Kochshow<\/a><\/p>\n<p>23.11.2017 \u27a9\u00a0<a href=\"https:\/\/weltlaeden.de\/walluf\/wp-content\/uploads\/sites\/159\/2021\/07\/Gesund-und-fair-w\u00fcrzen.docx\">Gesund und fair w\u00fcrzen<\/a><\/p>\n<p>08.03.2017\u00a0\u27a9 <a href=\"https:\/\/weltlaeden.de\/walluf\/wp-content\/uploads\/sites\/159\/2021\/07\/2017-Welt-Frauentag-1.docx\">Welt-Frauentag<\/a><\/p>\n<p>14.05.2016 \u27a9 <a href=\"https:\/\/weltlaeden.de\/walluf\/wp-content\/uploads\/sites\/159\/2021\/08\/Weltladentag-2016.docx\">Weltladentag 2016<\/a><\/p>\n<p>22.05.2015 \u27a9 <a href=\"https:\/\/weltlaeden.de\/walluf\/wp-content\/uploads\/sites\/159\/2021\/08\/Gepa-Jubil\u00e4um.docx\">Gepa-Jubil\u00e4um<\/a><\/p>\n<p>09.05.2015 \u27a9\u00a0<a href=\"https:\/\/weltlaeden.de\/walluf\/wp-content\/uploads\/sites\/159\/2021\/11\/2015_Weltladentag-2.pdf\">2015_Weltladentag<\/a><\/p>\n<p>14.11.2014 \u27a9 <a href=\"https:\/\/weltlaeden.de\/walluf\/wp-content\/uploads\/sites\/159\/2021\/11\/Quinoa-macht-gl\u00fccklich.pdf\">Quinoa macht gl\u00fccklich<\/a><\/p>\n<p>19.09.2014 \u27a9 <a href=\"https:\/\/weltlaeden.de\/walluf\/wp-content\/uploads\/sites\/159\/2021\/11\/2014-FAIR-SNACK.docx\">FAIR-SNACK<\/a><\/p>\n<p>08.04.2014 \u27a9 <a href=\"https:\/\/weltlaeden.de\/walluf\/wp-content\/uploads\/sites\/159\/2021\/11\/2014-Weltfrauentag.docx\">Weltfrauentag<\/a><\/p>\n<p>17.11.2013 \u27a9 <a href=\"https:\/\/weltlaeden.de\/walluf\/wp-content\/uploads\/sites\/159\/2021\/11\/2013-Im-Reich-der-Maya.docx\">2013 Im Reich der Maya<\/a><\/p>\n<p>14.09.2013 \u27a9 Jubil\u00e4um: 10 Jahre Weltladen Walluf<\/p>\n<p>21.09.2012 \u27a9 <a href=\"https:\/\/weltlaeden.de\/walluf\/wp-content\/uploads\/sites\/159\/2021\/11\/2012-Faire-Woche.pdf\">Faire Woche<\/a><\/p>\n<p>21.09.2012 \u27a9 <a href=\"https:\/\/weltlaeden.de\/walluf\/wp-content\/uploads\/sites\/159\/2021\/11\/2012-Walluf-wird-Fairtrade-Town.docx\">Walluf wird Fairtrade Town<\/a><\/p>\n<p>31.08.2011 \u27a9 <a href=\"https:\/\/weltlaeden.de\/walluf\/wp-content\/uploads\/sites\/159\/2021\/11\/2011-Botanischer-Garten.docx\">Botanischer Garten<\/a><\/p>\n<p>28.05.2011 \u27a9 <a href=\"https:\/\/weltlaeden.de\/walluf\/wp-content\/uploads\/sites\/159\/2021\/11\/2011-Flohmarkt-f\u00fcr-Tansania.docx\">Flohmarkt f\u00fcr Tansania<\/a><\/p>\n<p>18.09.2010 \u27a9\u00a0<a href=\"https:\/\/weltlaeden.de\/walluf\/wp-content\/uploads\/sites\/159\/2021\/11\/2011-FAIR-ICE-T.docx\">2011 FAIR-ICE-T<\/a><\/p>\n<p>25.03.2010 \u27a9\u00a0<a href=\"https:\/\/weltlaeden.de\/walluf\/wp-content\/uploads\/sites\/159\/2021\/11\/2010-Weltfrauentag-1.docx\">Weltfrauentag<\/a><\/p>\n<p>02.09.2009 \u27a9\u00a0<a href=\"https:\/\/weltlaeden.de\/walluf\/wp-content\/uploads\/sites\/159\/2021\/11\/2009-Fairer-Brunch.docx\">Fairer Brunch<\/a><\/p>\n<p>08.03.2009 \u27a9 <a href=\"https:\/\/weltlaeden.de\/walluf\/wp-content\/uploads\/sites\/159\/2021\/11\/2009-Weltfrauentag-1.docx\">Weltfrauentag<\/a>[\/vc_column_text][\/vc_column][\/vc_row]<\/p>\n<\/div>","protected":false},"excerpt":{"rendered":"<p>[vc_row][vc_column][vc_media_grid css=&#8220;&#8220; grid_id=&#8220;vc_gid:1772903762163-232e48af01590c829b494377b68430c3-9&#8243; include=&#8220;2089,2090,2091&#8243;][vc_media_grid grid_id=&#8220;vc_gid:1772903762178-659a367928231c41e80d81ae97ccb1e0-10&#8243;][vc_column_text css=&#8220;&#8220;]In den vergangenen Jahren haben wir vielerlei Veranstaltungen durchgef\u00fchrt. Sie sind herzlich eingeladen, sich einen ersten Eindruck davon und von unseren G\u00e4sten zu machen. Die Veranstaltungen bieten auf unterhaltsame Art und Weise die M\u00f6glichkeit, ProduzentInnen, deren Produkte und unsere Arbeit als Verein und Weltladen kennenzulernen. Einen kleinen Ausschnitt stellen wir&hellip;<\/p>\n","protected":false},"author":228,"featured_media":702,"parent":516,"menu_order":1,"comment_status":"closed","ping_status":"closed","template":"","meta":{"footnotes":""},"class_list":["post-1005","page","type-page","status-publish","has-post-thumbnail","hentry","description-off"],"yoast_head":"<!-- This site is optimized with the Yoast SEO plugin v26.8 - https:\/\/yoast.com\/product\/yoast-seo-wordpress\/ -->\n<title>Veranstaltungsberichte - Weltladen Walluf<\/title>\n<meta name=\"robots\" content=\"index, follow, max-snippet:-1, max-image-preview:large, max-video-preview:-1\" \/>\n<link rel=\"canonical\" href=\"https:\/\/weltlaeden.de\/walluf\/fair-treff-walluf-e-v\/veranstaltungsberichte\/\" \/>\n<meta property=\"og:locale\" content=\"de_DE\" \/>\n<meta property=\"og:type\" content=\"article\" \/>\n<meta property=\"og:title\" content=\"Veranstaltungsberichte - Weltladen Walluf\" \/>\n<meta property=\"og:description\" content=\"[vc_row][vc_column][vc_media_grid css=&#8220;&#8220; grid_id=&#8220;vc_gid:1772903762163-232e48af01590c829b494377b68430c3-9&#8243; include=&#8220;2089,2090,2091&#8243;][vc_media_grid grid_id=&#8220;vc_gid:1772903762178-659a367928231c41e80d81ae97ccb1e0-10&#8243;][vc_column_text css=&#8220;&#8220;]In den vergangenen Jahren haben wir vielerlei Veranstaltungen durchgef\u00fchrt. Sie sind herzlich eingeladen, sich einen ersten Eindruck davon und von unseren G\u00e4sten zu machen. Die Veranstaltungen bieten auf unterhaltsame Art und Weise die M\u00f6glichkeit, ProduzentInnen, deren Produkte und unsere Arbeit als Verein und Weltladen kennenzulernen. Einen kleinen Ausschnitt stellen wir&hellip;\" \/>\n<meta property=\"og:url\" content=\"https:\/\/weltlaeden.de\/walluf\/fair-treff-walluf-e-v\/veranstaltungsberichte\/\" \/>\n<meta property=\"og:site_name\" content=\"Weltladen Walluf\" \/>\n<meta property=\"article:modified_time\" content=\"2026-03-07T17:19:53+00:00\" \/>\n<meta property=\"og:image\" content=\"https:\/\/weltlaeden.de\/walluf\/wp-content\/uploads\/sites\/159\/2021\/05\/P1080875.jpg\" \/>\n\t<meta property=\"og:image:width\" content=\"1920\" \/>\n\t<meta property=\"og:image:height\" content=\"1440\" \/>\n\t<meta property=\"og:image:type\" content=\"image\/jpeg\" \/>\n<meta name=\"twitter:card\" content=\"summary_large_image\" \/>\n<meta name=\"twitter:label1\" content=\"Gesch\u00e4tzte Lesezeit\" \/>\n\t<meta name=\"twitter:data1\" content=\"3\u00a0Minuten\" \/>\n<script type=\"application\/ld+json\" class=\"yoast-schema-graph\">{\"@context\":\"https:\/\/schema.org\",\"@graph\":[{\"@type\":\"WebPage\",\"@id\":\"https:\/\/weltlaeden.de\/walluf\/fair-treff-walluf-e-v\/veranstaltungsberichte\/\",\"url\":\"https:\/\/weltlaeden.de\/walluf\/fair-treff-walluf-e-v\/veranstaltungsberichte\/\",\"name\":\"Veranstaltungsberichte - Weltladen Walluf\",\"isPartOf\":{\"@id\":\"https:\/\/weltlaeden.de\/walluf\/#website\"},\"primaryImageOfPage\":{\"@id\":\"https:\/\/weltlaeden.de\/walluf\/fair-treff-walluf-e-v\/veranstaltungsberichte\/#primaryimage\"},\"image\":{\"@id\":\"https:\/\/weltlaeden.de\/walluf\/fair-treff-walluf-e-v\/veranstaltungsberichte\/#primaryimage\"},\"thumbnailUrl\":\"https:\/\/weltlaeden.de\/walluf\/wp-content\/uploads\/sites\/159\/2021\/05\/P1080875.jpg\",\"datePublished\":\"2021-07-07T15:19:53+00:00\",\"dateModified\":\"2026-03-07T17:19:53+00:00\",\"breadcrumb\":{\"@id\":\"https:\/\/weltlaeden.de\/walluf\/fair-treff-walluf-e-v\/veranstaltungsberichte\/#breadcrumb\"},\"inLanguage\":\"de\",\"potentialAction\":[{\"@type\":\"ReadAction\",\"target\":[\"https:\/\/weltlaeden.de\/walluf\/fair-treff-walluf-e-v\/veranstaltungsberichte\/\"]}]},{\"@type\":\"ImageObject\",\"inLanguage\":\"de\",\"@id\":\"https:\/\/weltlaeden.de\/walluf\/fair-treff-walluf-e-v\/veranstaltungsberichte\/#primaryimage\",\"url\":\"https:\/\/weltlaeden.de\/walluf\/wp-content\/uploads\/sites\/159\/2021\/05\/P1080875.jpg\",\"contentUrl\":\"https:\/\/weltlaeden.de\/walluf\/wp-content\/uploads\/sites\/159\/2021\/05\/P1080875.jpg\",\"width\":1920,\"height\":1440},{\"@type\":\"BreadcrumbList\",\"@id\":\"https:\/\/weltlaeden.de\/walluf\/fair-treff-walluf-e-v\/veranstaltungsberichte\/#breadcrumb\",\"itemListElement\":[{\"@type\":\"ListItem\",\"position\":1,\"name\":\"Startseite\",\"item\":\"https:\/\/weltlaeden.de\/walluf\/\"},{\"@type\":\"ListItem\",\"position\":2,\"name\":\"FAIR-TREFF Walluf e.V.\",\"item\":\"https:\/\/weltlaeden.de\/walluf\/fair-treff-walluf-e-v\/\"},{\"@type\":\"ListItem\",\"position\":3,\"name\":\"Veranstaltungsberichte\"}]},{\"@type\":\"WebSite\",\"@id\":\"https:\/\/weltlaeden.de\/walluf\/#website\",\"url\":\"https:\/\/weltlaeden.de\/walluf\/\",\"name\":\"Weltladen Walluf\",\"description\":\"Fair Handeln - Schmecken - Genie\u00dfen\",\"publisher\":{\"@id\":\"https:\/\/weltlaeden.de\/walluf\/#organization\"},\"potentialAction\":[{\"@type\":\"SearchAction\",\"target\":{\"@type\":\"EntryPoint\",\"urlTemplate\":\"https:\/\/weltlaeden.de\/walluf\/?s={search_term_string}\"},\"query-input\":{\"@type\":\"PropertyValueSpecification\",\"valueRequired\":true,\"valueName\":\"search_term_string\"}}],\"inLanguage\":\"de\"},{\"@type\":\"Organization\",\"@id\":\"https:\/\/weltlaeden.de\/walluf\/#organization\",\"name\":\"Weltladen Walluf \/ FAIR-TREFF Walluf e.V.\",\"url\":\"https:\/\/weltlaeden.de\/walluf\/\",\"logo\":{\"@type\":\"ImageObject\",\"inLanguage\":\"de\",\"@id\":\"https:\/\/weltlaeden.de\/walluf\/#\/schema\/logo\/image\/\",\"url\":\"https:\/\/weltlaeden.de\/walluf\/wp-content\/uploads\/sites\/159\/2021\/03\/WLFH_cmyk_300dpi_MK-e1621515039297.jpg\",\"contentUrl\":\"https:\/\/weltlaeden.de\/walluf\/wp-content\/uploads\/sites\/159\/2021\/03\/WLFH_cmyk_300dpi_MK-e1621515039297.jpg\",\"width\":150,\"height\":67,\"caption\":\"Weltladen Walluf \/ FAIR-TREFF Walluf e.V.\"},\"image\":{\"@id\":\"https:\/\/weltlaeden.de\/walluf\/#\/schema\/logo\/image\/\"}}]}<\/script>\n<!-- \/ Yoast SEO plugin. -->","yoast_head_json":{"title":"Veranstaltungsberichte - Weltladen Walluf","robots":{"index":"index","follow":"follow","max-snippet":"max-snippet:-1","max-image-preview":"max-image-preview:large","max-video-preview":"max-video-preview:-1"},"canonical":"https:\/\/weltlaeden.de\/walluf\/fair-treff-walluf-e-v\/veranstaltungsberichte\/","og_locale":"de_DE","og_type":"article","og_title":"Veranstaltungsberichte - Weltladen Walluf","og_description":"[vc_row][vc_column][vc_media_grid css=&#8220;&#8220; grid_id=&#8220;vc_gid:1772903762163-232e48af01590c829b494377b68430c3-9&#8243; include=&#8220;2089,2090,2091&#8243;][vc_media_grid grid_id=&#8220;vc_gid:1772903762178-659a367928231c41e80d81ae97ccb1e0-10&#8243;][vc_column_text css=&#8220;&#8220;]In den vergangenen Jahren haben wir vielerlei Veranstaltungen durchgef\u00fchrt. Sie sind herzlich eingeladen, sich einen ersten Eindruck davon und von unseren G\u00e4sten zu machen. Die Veranstaltungen bieten auf unterhaltsame Art und Weise die M\u00f6glichkeit, ProduzentInnen, deren Produkte und unsere Arbeit als Verein und Weltladen kennenzulernen. Einen kleinen Ausschnitt stellen wir&hellip;","og_url":"https:\/\/weltlaeden.de\/walluf\/fair-treff-walluf-e-v\/veranstaltungsberichte\/","og_site_name":"Weltladen Walluf","article_modified_time":"2026-03-07T17:19:53+00:00","og_image":[{"width":1920,"height":1440,"url":"https:\/\/weltlaeden.de\/walluf\/wp-content\/uploads\/sites\/159\/2021\/05\/P1080875.jpg","type":"image\/jpeg"}],"twitter_card":"summary_large_image","twitter_misc":{"Gesch\u00e4tzte Lesezeit":"3\u00a0Minuten"},"schema":{"@context":"https:\/\/schema.org","@graph":[{"@type":"WebPage","@id":"https:\/\/weltlaeden.de\/walluf\/fair-treff-walluf-e-v\/veranstaltungsberichte\/","url":"https:\/\/weltlaeden.de\/walluf\/fair-treff-walluf-e-v\/veranstaltungsberichte\/","name":"Veranstaltungsberichte - Weltladen Walluf","isPartOf":{"@id":"https:\/\/weltlaeden.de\/walluf\/#website"},"primaryImageOfPage":{"@id":"https:\/\/weltlaeden.de\/walluf\/fair-treff-walluf-e-v\/veranstaltungsberichte\/#primaryimage"},"image":{"@id":"https:\/\/weltlaeden.de\/walluf\/fair-treff-walluf-e-v\/veranstaltungsberichte\/#primaryimage"},"thumbnailUrl":"https:\/\/weltlaeden.de\/walluf\/wp-content\/uploads\/sites\/159\/2021\/05\/P1080875.jpg","datePublished":"2021-07-07T15:19:53+00:00","dateModified":"2026-03-07T17:19:53+00:00","breadcrumb":{"@id":"https:\/\/weltlaeden.de\/walluf\/fair-treff-walluf-e-v\/veranstaltungsberichte\/#breadcrumb"},"inLanguage":"de","potentialAction":[{"@type":"ReadAction","target":["https:\/\/weltlaeden.de\/walluf\/fair-treff-walluf-e-v\/veranstaltungsberichte\/"]}]},{"@type":"ImageObject","inLanguage":"de","@id":"https:\/\/weltlaeden.de\/walluf\/fair-treff-walluf-e-v\/veranstaltungsberichte\/#primaryimage","url":"https:\/\/weltlaeden.de\/walluf\/wp-content\/uploads\/sites\/159\/2021\/05\/P1080875.jpg","contentUrl":"https:\/\/weltlaeden.de\/walluf\/wp-content\/uploads\/sites\/159\/2021\/05\/P1080875.jpg","width":1920,"height":1440},{"@type":"BreadcrumbList","@id":"https:\/\/weltlaeden.de\/walluf\/fair-treff-walluf-e-v\/veranstaltungsberichte\/#breadcrumb","itemListElement":[{"@type":"ListItem","position":1,"name":"Startseite","item":"https:\/\/weltlaeden.de\/walluf\/"},{"@type":"ListItem","position":2,"name":"FAIR-TREFF Walluf e.V.","item":"https:\/\/weltlaeden.de\/walluf\/fair-treff-walluf-e-v\/"},{"@type":"ListItem","position":3,"name":"Veranstaltungsberichte"}]},{"@type":"WebSite","@id":"https:\/\/weltlaeden.de\/walluf\/#website","url":"https:\/\/weltlaeden.de\/walluf\/","name":"Weltladen Walluf","description":"Fair Handeln - Schmecken - Genie\u00dfen","publisher":{"@id":"https:\/\/weltlaeden.de\/walluf\/#organization"},"potentialAction":[{"@type":"SearchAction","target":{"@type":"EntryPoint","urlTemplate":"https:\/\/weltlaeden.de\/walluf\/?s={search_term_string}"},"query-input":{"@type":"PropertyValueSpecification","valueRequired":true,"valueName":"search_term_string"}}],"inLanguage":"de"},{"@type":"Organization","@id":"https:\/\/weltlaeden.de\/walluf\/#organization","name":"Weltladen Walluf \/ FAIR-TREFF Walluf e.V.","url":"https:\/\/weltlaeden.de\/walluf\/","logo":{"@type":"ImageObject","inLanguage":"de","@id":"https:\/\/weltlaeden.de\/walluf\/#\/schema\/logo\/image\/","url":"https:\/\/weltlaeden.de\/walluf\/wp-content\/uploads\/sites\/159\/2021\/03\/WLFH_cmyk_300dpi_MK-e1621515039297.jpg","contentUrl":"https:\/\/weltlaeden.de\/walluf\/wp-content\/uploads\/sites\/159\/2021\/03\/WLFH_cmyk_300dpi_MK-e1621515039297.jpg","width":150,"height":67,"caption":"Weltladen Walluf \/ FAIR-TREFF Walluf e.V."},"image":{"@id":"https:\/\/weltlaeden.de\/walluf\/#\/schema\/logo\/image\/"}}]}},"_links":{"self":[{"href":"https:\/\/weltlaeden.de\/walluf\/wp-json\/wp\/v2\/pages\/1005","targetHints":{"allow":["GET"]}}],"collection":[{"href":"https:\/\/weltlaeden.de\/walluf\/wp-json\/wp\/v2\/pages"}],"about":[{"href":"https:\/\/weltlaeden.de\/walluf\/wp-json\/wp\/v2\/types\/page"}],"author":[{"embeddable":true,"href":"https:\/\/weltlaeden.de\/walluf\/wp-json\/wp\/v2\/users\/228"}],"replies":[{"embeddable":true,"href":"https:\/\/weltlaeden.de\/walluf\/wp-json\/wp\/v2\/comments?post=1005"}],"version-history":[{"count":76,"href":"https:\/\/weltlaeden.de\/walluf\/wp-json\/wp\/v2\/pages\/1005\/revisions"}],"predecessor-version":[{"id":2094,"href":"https:\/\/weltlaeden.de\/walluf\/wp-json\/wp\/v2\/pages\/1005\/revisions\/2094"}],"up":[{"embeddable":true,"href":"https:\/\/weltlaeden.de\/walluf\/wp-json\/wp\/v2\/pages\/516"}],"wp:featuredmedia":[{"embeddable":true,"href":"https:\/\/weltlaeden.de\/walluf\/wp-json\/wp\/v2\/media\/702"}],"wp:attachment":[{"href":"https:\/\/weltlaeden.de\/walluf\/wp-json\/wp\/v2\/media?parent=1005"}],"curies":[{"name":"wp","href":"https:\/\/api.w.org\/{rel}","templated":true}]}}