{"id":217,"date":"2016-10-28T13:34:47","date_gmt":"2016-10-28T11:34:47","guid":{"rendered":"https:\/\/wl.heimpixel.de\/vorlage\/produkte\/"},"modified":"2026-02-20T15:15:53","modified_gmt":"2026-02-20T14:15:53","slug":"produkte","status":"publish","type":"page","link":"https:\/\/weltlaeden.de\/wallstadt\/produkte\/","title":{"rendered":"Produkte"},"content":{"rendered":"<div class=\"wpb-content-wrapper\"><p>[vc_row][vc_column][vc_empty_space][vc_column_text css=&#8220;&#8220;]<\/p>\n<h1><span style=\"color: #ff9900\">Unser Sortiment<\/span><\/h1>\n<p>[\/vc_column_text][vc_column_text]Wir beziehen unsere Waren bei vielen anerkannten Fairtrade-H\u00e4ndlern. Aber nicht alles, was angeboten wird, k\u00f6nnen wir im Laden vorr\u00e4tig halten.<\/p>\n<p>Gerne beraten wir dich. Sollten wir etwas nicht im Laden haben, wir finden es aber gemeinsam in einem Lieferantenkatalog, dann bestellen wir es gerne f\u00fcr dich bei einer der n\u00e4chsten Lieferungen.[\/vc_column_text][vc_separator color=&#8220;white&#8220; border_width=&#8220;2&#8243; css=&#8220;&#8220;][vc_zigzag color=&#8220;orange&#8220; el_border_width=&#8220;15&#8243;][vc_empty_space][\/vc_column][\/vc_row][vc_row][vc_column][vc_column_text css=&#8220;&#8220;]<\/p>\n<h2>Kaffee soweit das Auge reicht<\/h2>\n<p>[\/vc_column_text]<div class=\"wl_einzelbild\"><p><img loading=\"lazy\" decoding=\"async\" class=\"alignnone size-full wp-image-1392\" src=\"https:\/\/weltlaeden.de\/wallstadt\/wp-content\/uploads\/sites\/128\/2026\/02\/Weltladen-2026-Kaffee.jpg\" alt=\"\" width=\"1080\" height=\"608\" srcset=\"https:\/\/weltlaeden.de\/wallstadt\/wp-content\/uploads\/sites\/128\/2026\/02\/Weltladen-2026-Kaffee.jpg 1080w, https:\/\/weltlaeden.de\/wallstadt\/wp-content\/uploads\/sites\/128\/2026\/02\/Weltladen-2026-Kaffee-300x169.jpg 300w, https:\/\/weltlaeden.de\/wallstadt\/wp-content\/uploads\/sites\/128\/2026\/02\/Weltladen-2026-Kaffee-1024x576.jpg 1024w, https:\/\/weltlaeden.de\/wallstadt\/wp-content\/uploads\/sites\/128\/2026\/02\/Weltladen-2026-Kaffee-768x432.jpg 768w\" sizes=\"auto, (max-width: 1080px) 100vw, 1080px\" \/><\/p><\/div>[vc_column_text]Wir haben f\u00fcr dich ein gut sortiertes Angebot an fair gehandelten Kaffesorten im Angebot. Kaffee als Bohnen, gemahlen, l\u00f6slich oder in Kaffeepads? Haben wir da. Entkoffeinierte Sorten sind auch da. Packungsgr\u00f6\u00dfen von 250g bis 1000g bieten f\u00fcr jeden Haushalt die richtige Gr\u00f6\u00dfe.<\/p>\n<p>Wenn du f\u00fcr deine Firma bei uns Kaffee f\u00fcr den Kaffeeautomaten bestellen m\u00f6chtest, dann liefern wir gerne auf Rechnung. Sprich uns einfach an.[\/vc_column_text][vc_empty_space][vc_row_inner][vc_column_inner width=&#8220;1\/2&#8243;][vc_column_text css=&#8220;&#8220;]<\/p>\n<h2><strong>Lebensmittel<\/strong><\/h2>\n<p>[\/vc_column_text]<div class=\"wl_einzelbild\"><p><img loading=\"lazy\" decoding=\"async\" class=\"alignnone size-full wp-image-1396\" src=\"https:\/\/weltlaeden.de\/wallstadt\/wp-content\/uploads\/sites\/128\/2026\/02\/Weltladen-2026-Honig.jpg\" alt=\"\" width=\"1080\" height=\"607\" srcset=\"https:\/\/weltlaeden.de\/wallstadt\/wp-content\/uploads\/sites\/128\/2026\/02\/Weltladen-2026-Honig.jpg 1080w, https:\/\/weltlaeden.de\/wallstadt\/wp-content\/uploads\/sites\/128\/2026\/02\/Weltladen-2026-Honig-300x169.jpg 300w, https:\/\/weltlaeden.de\/wallstadt\/wp-content\/uploads\/sites\/128\/2026\/02\/Weltladen-2026-Honig-1024x576.jpg 1024w, https:\/\/weltlaeden.de\/wallstadt\/wp-content\/uploads\/sites\/128\/2026\/02\/Weltladen-2026-Honig-768x432.jpg 768w\" sizes=\"auto, (max-width: 1080px) 100vw, 1080px\" \/><\/p><\/div>[vc_column_text]Unser Lebensmittelsortiment bietet dir Bohnen, Reis, Quinoa, Bulgur, Couscous und vieles mehr.[\/vc_column_text][\/vc_column_inner][vc_column_inner width=&#8220;1\/2&#8243;][vc_column_text css=&#8220;&#8220;]<\/p>\n<h2><strong>Kunsthandwerk &amp; Spielzeug<\/strong><\/h2>\n<p>[\/vc_column_text]<div class=\"wl_einzelbild\"><p><img loading=\"lazy\" decoding=\"async\" class=\"alignnone size-large wp-image-586\" src=\"https:\/\/weltlaeden.de\/wallstadt\/wp-content\/uploads\/sites\/128\/2020\/04\/WL_23-1024x574.jpg\" alt=\"\" width=\"1024\" height=\"574\" srcset=\"https:\/\/weltlaeden.de\/wallstadt\/wp-content\/uploads\/sites\/128\/2020\/04\/WL_23-1024x574.jpg 1024w, https:\/\/weltlaeden.de\/wallstadt\/wp-content\/uploads\/sites\/128\/2020\/04\/WL_23-300x168.jpg 300w, https:\/\/weltlaeden.de\/wallstadt\/wp-content\/uploads\/sites\/128\/2020\/04\/WL_23-768x430.jpg 768w, https:\/\/weltlaeden.de\/wallstadt\/wp-content\/uploads\/sites\/128\/2020\/04\/WL_23.jpg 1920w\" sizes=\"auto, (max-width: 1024px) 100vw, 1024px\" \/><\/p><\/div>[vc_column_text]Unter dieser Rubrik findest du Holzspielzeug und Puzzles, Pl\u00fcschtiere, Schl\u00fcsselanh\u00e4nger und vieles mehr. Manchmal finden wir auch so interessante Dinge wie einen Kompass mit einem Flugzeug als Kompassnadel aus Messing bei unseren Lieferanten und bieten es dir an.[\/vc_column_text][\/vc_column_inner][\/vc_row_inner][vc_empty_space][\/vc_column][\/vc_row][vc_row][vc_column width=&#8220;1\/2&#8243;][vc_column_text css=&#8220;&#8220;]<\/p>\n<h2><strong>Aufstriche aller Art<\/strong><\/h2>\n<p>[\/vc_column_text]<div class=\"wl_einzelbild\"><p><img loading=\"lazy\" decoding=\"async\" class=\"alignnone size-full wp-image-1394\" src=\"https:\/\/weltlaeden.de\/wallstadt\/wp-content\/uploads\/sites\/128\/2026\/02\/Weltladen-2026-Aufstrich.jpg\" alt=\"\" width=\"1080\" height=\"607\" srcset=\"https:\/\/weltlaeden.de\/wallstadt\/wp-content\/uploads\/sites\/128\/2026\/02\/Weltladen-2026-Aufstrich.jpg 1080w, https:\/\/weltlaeden.de\/wallstadt\/wp-content\/uploads\/sites\/128\/2026\/02\/Weltladen-2026-Aufstrich-300x169.jpg 300w, https:\/\/weltlaeden.de\/wallstadt\/wp-content\/uploads\/sites\/128\/2026\/02\/Weltladen-2026-Aufstrich-1024x576.jpg 1024w, https:\/\/weltlaeden.de\/wallstadt\/wp-content\/uploads\/sites\/128\/2026\/02\/Weltladen-2026-Aufstrich-768x432.jpg 768w\" sizes=\"auto, (max-width: 1080px) 100vw, 1080px\" \/><\/p><\/div>[vc_column_text]Alles, was man aufs Brot streichen kann, haben wir f\u00fcr dich da. Klassisches wie diverse Honiggeschmacksrichtungen und Schokoladeaufstriche. Aber auch deftiges wie z.B. Currys fehlen nicht.[\/vc_column_text][\/vc_column][vc_column width=&#8220;1\/2&#8243;][vc_column_text css=&#8220;&#8220;]<\/p>\n<h2><strong>Taschen<\/strong><\/h2>\n<p>[\/vc_column_text]<div class=\"wl_einzelbild\"><p><img loading=\"lazy\" decoding=\"async\" class=\"alignnone size-large wp-image-480\" src=\"https:\/\/weltlaeden.de\/wallstadt\/wp-content\/uploads\/sites\/128\/2020\/03\/Taschen1-1024x576.jpg\" alt=\"\" width=\"1024\" height=\"576\" srcset=\"https:\/\/weltlaeden.de\/wallstadt\/wp-content\/uploads\/sites\/128\/2020\/03\/Taschen1-1024x576.jpg 1024w, https:\/\/weltlaeden.de\/wallstadt\/wp-content\/uploads\/sites\/128\/2020\/03\/Taschen1-300x169.jpg 300w, https:\/\/weltlaeden.de\/wallstadt\/wp-content\/uploads\/sites\/128\/2020\/03\/Taschen1-768x432.jpg 768w, https:\/\/weltlaeden.de\/wallstadt\/wp-content\/uploads\/sites\/128\/2020\/03\/Taschen1.jpg 1920w\" sizes=\"auto, (max-width: 1024px) 100vw, 1024px\" \/><\/p><\/div>[vc_column_text]Taschen in jeder Gr\u00f6\u00dfe, vielen Materialien und Farben findest du bei uns. Sehr viele davon beziehen wir von einem Fairhandelsgesch\u00e4ft in England.[\/vc_column_text][\/vc_column][\/vc_row][vc_row][vc_column][vc_empty_space][\/vc_column][\/vc_row][vc_row][vc_column width=&#8220;1\/2&#8243;][vc_column_text css=&#8220;&#8220;]<\/p>\n<h2><strong>S\u00fc\u00dfes<\/strong><\/h2>\n<p>[\/vc_column_text]<div class=\"wl_einzelbild\"><p><img loading=\"lazy\" decoding=\"async\" class=\"alignnone size-large wp-image-588\" src=\"https:\/\/weltlaeden.de\/wallstadt\/wp-content\/uploads\/sites\/128\/2020\/04\/WL_22-1024x574.jpg\" alt=\"\" width=\"1024\" height=\"574\" srcset=\"https:\/\/weltlaeden.de\/wallstadt\/wp-content\/uploads\/sites\/128\/2020\/04\/WL_22-1024x574.jpg 1024w, https:\/\/weltlaeden.de\/wallstadt\/wp-content\/uploads\/sites\/128\/2020\/04\/WL_22-300x168.jpg 300w, https:\/\/weltlaeden.de\/wallstadt\/wp-content\/uploads\/sites\/128\/2020\/04\/WL_22-768x430.jpg 768w, https:\/\/weltlaeden.de\/wallstadt\/wp-content\/uploads\/sites\/128\/2020\/04\/WL_22.jpg 1920w\" sizes=\"auto, (max-width: 1024px) 100vw, 1024px\" \/><\/p><\/div>[vc_column_text]Der S\u00fcssigkeitentisch bietet alles von Waffeln, Geb\u00e4ck \u00fcber Kekse, getrocknete Fr\u00fcchte bis hin zu Fruchtgummies in vielen Geschmacksrichtungen.[\/vc_column_text][\/vc_column][vc_column width=&#8220;1\/2&#8243;][vc_column_text css=&#8220;&#8220;]<\/p>\n<h2><strong>Schokolade<\/strong><\/h2>\n<p>[\/vc_column_text]<div class=\"wl_einzelbild\"><p><img loading=\"lazy\" decoding=\"async\" class=\"alignnone size-large wp-image-590\" src=\"https:\/\/weltlaeden.de\/wallstadt\/wp-content\/uploads\/sites\/128\/2020\/04\/WL_120-1024x574.jpg\" alt=\"\" width=\"1024\" height=\"574\" srcset=\"https:\/\/weltlaeden.de\/wallstadt\/wp-content\/uploads\/sites\/128\/2020\/04\/WL_120-1024x574.jpg 1024w, https:\/\/weltlaeden.de\/wallstadt\/wp-content\/uploads\/sites\/128\/2020\/04\/WL_120-300x168.jpg 300w, https:\/\/weltlaeden.de\/wallstadt\/wp-content\/uploads\/sites\/128\/2020\/04\/WL_120-768x430.jpg 768w, https:\/\/weltlaeden.de\/wallstadt\/wp-content\/uploads\/sites\/128\/2020\/04\/WL_120.jpg 1920w\" sizes=\"auto, (max-width: 1024px) 100vw, 1024px\" \/><\/p><\/div>[vc_column_text]Schokoladen in allen Geschmacksrichtungen und Kakaogehalten bieten wir euch an. Sei es eine gro\u00dfe Tafel f\u00fcr den Genuss zuhause oder den kleinen Riegel f\u00fcr den Weg dorthin.[\/vc_column_text][\/vc_column][\/vc_row][vc_row][vc_column][vc_empty_space][\/vc_column][\/vc_row][vc_row][vc_column width=&#8220;1\/2&#8243;][vc_column_text css=&#8220;&#8220;]<\/p>\n<h2><strong>Schmuck<\/strong><\/h2>\n<p>[\/vc_column_text]<div class=\"wl_einzelbild\"><p><img loading=\"lazy\" decoding=\"async\" class=\"alignnone size-large wp-image-607\" src=\"https:\/\/weltlaeden.de\/wallstadt\/wp-content\/uploads\/sites\/128\/2020\/04\/WL_25-1024x574.jpg\" alt=\"\" width=\"1024\" height=\"574\" srcset=\"https:\/\/weltlaeden.de\/wallstadt\/wp-content\/uploads\/sites\/128\/2020\/04\/WL_25-1024x574.jpg 1024w, https:\/\/weltlaeden.de\/wallstadt\/wp-content\/uploads\/sites\/128\/2020\/04\/WL_25-300x168.jpg 300w, https:\/\/weltlaeden.de\/wallstadt\/wp-content\/uploads\/sites\/128\/2020\/04\/WL_25-768x430.jpg 768w, https:\/\/weltlaeden.de\/wallstadt\/wp-content\/uploads\/sites\/128\/2020\/04\/WL_25.jpg 1920w\" sizes=\"auto, (max-width: 1024px) 100vw, 1024px\" \/><\/p><\/div>[vc_column_text]Pakilia &#8211; das hei\u00dft &#8222;Freude geben&#8220; in der Aztekensprache Nahuatl. Dies ist auch der Name einer Schmuckserie aus 925er Silber, die wir f\u00fcr Dich eingekauft haben. In Mexico von zw\u00f6lf Familien gefertigt, und von befreundeten Unternehmerinnen in Deutschland angeboten.<\/p>\n<p>&nbsp;<\/p>\n<p>Filigrana hei\u00dft unser anderer Lieferant. Filigrantechnik aus Paraguay bietet er an. Eine Silberschmiede aus Aregu\u00e1 fertigt zarte Silberschmuckst\u00fccke aus teils recyceltem Silber in reiner Handarbeit.[\/vc_column_text][\/vc_column][vc_column width=&#8220;1\/2&#8243;][vc_column_text css=&#8220;&#8220;]<\/p>\n<h2><strong>Dekorationswaren<\/strong><\/h2>\n<p>[\/vc_column_text]<div class=\"wl_einzelbild\"><p><img loading=\"lazy\" decoding=\"async\" class=\"alignnone size-full wp-image-1398\" src=\"https:\/\/weltlaeden.de\/wallstadt\/wp-content\/uploads\/sites\/128\/2026\/02\/Weltladen-2026-Handwerk.jpg\" alt=\"\" width=\"1080\" height=\"608\" srcset=\"https:\/\/weltlaeden.de\/wallstadt\/wp-content\/uploads\/sites\/128\/2026\/02\/Weltladen-2026-Handwerk.jpg 1080w, https:\/\/weltlaeden.de\/wallstadt\/wp-content\/uploads\/sites\/128\/2026\/02\/Weltladen-2026-Handwerk-300x169.jpg 300w, https:\/\/weltlaeden.de\/wallstadt\/wp-content\/uploads\/sites\/128\/2026\/02\/Weltladen-2026-Handwerk-1024x576.jpg 1024w, https:\/\/weltlaeden.de\/wallstadt\/wp-content\/uploads\/sites\/128\/2026\/02\/Weltladen-2026-Handwerk-768x432.jpg 768w\" sizes=\"auto, (max-width: 1080px) 100vw, 1080px\" \/><\/p><\/div>[vc_column_text]Unter dieser Warengruppe verbergen sich viele Sch\u00e4tze. Seien es Filzwaren wie im Bild oben gezeigt, oder Lederwaren wie z.B. Geldb\u00f6rsen und Ledertaschen. Aber auch Kerzen, R\u00e4ucherkerzen, Geduldsspiele, Spielzeug, Geschenkartikel und Gru\u00dfkarten findest du bei uns.[\/vc_column_text][\/vc_column][\/vc_row][vc_row][vc_column][vc_empty_space][\/vc_column][\/vc_row][vc_row][vc_column width=&#8220;1\/2&#8243;][vc_column_text css=&#8220;&#8220;]<\/p>\n<h2><strong>Wolle<\/strong><\/h2>\n<p>[\/vc_column_text]<div class=\"wl_einzelbild\"><p><img loading=\"lazy\" decoding=\"async\" class=\"alignnone size-large wp-image-591\" src=\"https:\/\/weltlaeden.de\/wallstadt\/wp-content\/uploads\/sites\/128\/2020\/04\/WL_21-1024x574.jpg\" alt=\"\" width=\"1024\" height=\"574\" srcset=\"https:\/\/weltlaeden.de\/wallstadt\/wp-content\/uploads\/sites\/128\/2020\/04\/WL_21-1024x574.jpg 1024w, https:\/\/weltlaeden.de\/wallstadt\/wp-content\/uploads\/sites\/128\/2020\/04\/WL_21-300x168.jpg 300w, https:\/\/weltlaeden.de\/wallstadt\/wp-content\/uploads\/sites\/128\/2020\/04\/WL_21-768x430.jpg 768w, https:\/\/weltlaeden.de\/wallstadt\/wp-content\/uploads\/sites\/128\/2020\/04\/WL_21.jpg 1920w\" sizes=\"auto, (max-width: 1024px) 100vw, 1024px\" \/><\/p><\/div>[vc_column_text]Unser Angebot an Wolle stammt aus dem Wollgesch\u00e4ft &#8222;Die Nadel&#8220; in Weinheim, Grabengasse 2. Gerne bestellen wir f\u00fcr dich Variationen, oder du besuchst das Gesch\u00e4ft in Weinheim.[\/vc_column_text][\/vc_column][\/vc_row]<\/p>\n<\/div>","protected":false},"excerpt":{"rendered":"<p>[vc_row][vc_column][vc_empty_space][vc_column_text css=&#8220;&#8220;] Unser Sortiment [\/vc_column_text][vc_column_text]Wir beziehen unsere Waren bei vielen anerkannten Fairtrade-H\u00e4ndlern. Aber nicht alles, was angeboten wird, k\u00f6nnen wir im Laden vorr\u00e4tig halten. Gerne beraten wir dich. Sollten wir etwas nicht im Laden haben, wir finden es aber gemeinsam in einem Lieferantenkatalog, dann bestellen wir es gerne f\u00fcr dich bei einer der n\u00e4chsten Lieferungen.[\/vc_column_text][vc_separator&hellip;<\/p>\n","protected":false},"author":1,"featured_media":0,"parent":0,"menu_order":3,"comment_status":"closed","ping_status":"closed","template":"","meta":{"footnotes":""},"class_list":["post-217","page","type-page","status-publish","hentry","description-off"],"yoast_head":"<!-- This site is optimized with the Yoast SEO plugin v26.8 - https:\/\/yoast.com\/product\/yoast-seo-wordpress\/ -->\n<title>Produkte - Weltladen Mannheim-Wallstadt<\/title>\n<meta name=\"robots\" content=\"index, follow, max-snippet:-1, max-image-preview:large, max-video-preview:-1\" \/>\n<link rel=\"canonical\" href=\"https:\/\/weltlaeden.de\/wallstadt\/produkte\/\" \/>\n<meta property=\"og:locale\" content=\"de_DE\" \/>\n<meta property=\"og:type\" content=\"article\" \/>\n<meta property=\"og:title\" content=\"Produkte - Weltladen Mannheim-Wallstadt\" \/>\n<meta property=\"og:description\" content=\"[vc_row][vc_column][vc_empty_space][vc_column_text css=&#8220;&#8220;] Unser Sortiment [\/vc_column_text][vc_column_text]Wir beziehen unsere Waren bei vielen anerkannten Fairtrade-H\u00e4ndlern. Aber nicht alles, was angeboten wird, k\u00f6nnen wir im Laden vorr\u00e4tig halten. Gerne beraten wir dich. Sollten wir etwas nicht im Laden haben, wir finden es aber gemeinsam in einem Lieferantenkatalog, dann bestellen wir es gerne f\u00fcr dich bei einer der n\u00e4chsten Lieferungen.[\/vc_column_text][vc_separator&hellip;\" \/>\n<meta property=\"og:url\" content=\"https:\/\/weltlaeden.de\/wallstadt\/produkte\/\" \/>\n<meta property=\"og:site_name\" content=\"Weltladen Mannheim-Wallstadt\" \/>\n<meta property=\"article:modified_time\" content=\"2026-02-20T14:15:53+00:00\" \/>\n<meta property=\"og:image\" content=\"https:\/\/weltlaeden.de\/wallstadt\/wp-content\/uploads\/sites\/128\/2026\/02\/Weltladen-2026-Kaffee.jpg\" \/>\n\t<meta property=\"og:image:width\" content=\"1080\" \/>\n\t<meta property=\"og:image:height\" content=\"608\" \/>\n\t<meta property=\"og:image:type\" content=\"image\/jpeg\" \/>\n<meta name=\"twitter:card\" content=\"summary_large_image\" \/>\n<meta name=\"twitter:label1\" content=\"Gesch\u00e4tzte Lesezeit\" \/>\n\t<meta name=\"twitter:data1\" content=\"5\u00a0Minuten\" \/>\n<script type=\"application\/ld+json\" class=\"yoast-schema-graph\">{\"@context\":\"https:\/\/schema.org\",\"@graph\":[{\"@type\":\"WebPage\",\"@id\":\"https:\/\/weltlaeden.de\/wallstadt\/produkte\/\",\"url\":\"https:\/\/weltlaeden.de\/wallstadt\/produkte\/\",\"name\":\"Produkte - Weltladen Mannheim-Wallstadt\",\"isPartOf\":{\"@id\":\"https:\/\/weltlaeden.de\/wallstadt\/#website\"},\"primaryImageOfPage\":{\"@id\":\"https:\/\/weltlaeden.de\/wallstadt\/produkte\/#primaryimage\"},\"image\":{\"@id\":\"https:\/\/weltlaeden.de\/wallstadt\/produkte\/#primaryimage\"},\"thumbnailUrl\":\"https:\/\/weltlaeden.de\/wallstadt\/wp-content\/uploads\/sites\/128\/2026\/02\/Weltladen-2026-Kaffee.jpg\",\"datePublished\":\"2016-10-28T11:34:47+00:00\",\"dateModified\":\"2026-02-20T14:15:53+00:00\",\"breadcrumb\":{\"@id\":\"https:\/\/weltlaeden.de\/wallstadt\/produkte\/#breadcrumb\"},\"inLanguage\":\"de\",\"potentialAction\":[{\"@type\":\"ReadAction\",\"target\":[\"https:\/\/weltlaeden.de\/wallstadt\/produkte\/\"]}]},{\"@type\":\"ImageObject\",\"inLanguage\":\"de\",\"@id\":\"https:\/\/weltlaeden.de\/wallstadt\/produkte\/#primaryimage\",\"url\":\"https:\/\/weltlaeden.de\/wallstadt\/wp-content\/uploads\/sites\/128\/2026\/02\/Weltladen-2026-Kaffee.jpg\",\"contentUrl\":\"https:\/\/weltlaeden.de\/wallstadt\/wp-content\/uploads\/sites\/128\/2026\/02\/Weltladen-2026-Kaffee.jpg\",\"width\":1080,\"height\":608},{\"@type\":\"BreadcrumbList\",\"@id\":\"https:\/\/weltlaeden.de\/wallstadt\/produkte\/#breadcrumb\",\"itemListElement\":[{\"@type\":\"ListItem\",\"position\":1,\"name\":\"Startseite\",\"item\":\"https:\/\/weltlaeden.de\/wallstadt\/\"},{\"@type\":\"ListItem\",\"position\":2,\"name\":\"Produkte\"}]},{\"@type\":\"WebSite\",\"@id\":\"https:\/\/weltlaeden.de\/wallstadt\/#website\",\"url\":\"https:\/\/weltlaeden.de\/wallstadt\/\",\"name\":\"Weltladen Mannheim-Wallstadt\",\"description\":\"Faire Produkte in Wallstadt seit 2016\",\"potentialAction\":[{\"@type\":\"SearchAction\",\"target\":{\"@type\":\"EntryPoint\",\"urlTemplate\":\"https:\/\/weltlaeden.de\/wallstadt\/?s={search_term_string}\"},\"query-input\":{\"@type\":\"PropertyValueSpecification\",\"valueRequired\":true,\"valueName\":\"search_term_string\"}}],\"inLanguage\":\"de\"}]}<\/script>\n<!-- \/ Yoast SEO plugin. -->","yoast_head_json":{"title":"Produkte - Weltladen Mannheim-Wallstadt","robots":{"index":"index","follow":"follow","max-snippet":"max-snippet:-1","max-image-preview":"max-image-preview:large","max-video-preview":"max-video-preview:-1"},"canonical":"https:\/\/weltlaeden.de\/wallstadt\/produkte\/","og_locale":"de_DE","og_type":"article","og_title":"Produkte - Weltladen Mannheim-Wallstadt","og_description":"[vc_row][vc_column][vc_empty_space][vc_column_text css=&#8220;&#8220;] Unser Sortiment [\/vc_column_text][vc_column_text]Wir beziehen unsere Waren bei vielen anerkannten Fairtrade-H\u00e4ndlern. Aber nicht alles, was angeboten wird, k\u00f6nnen wir im Laden vorr\u00e4tig halten. Gerne beraten wir dich. Sollten wir etwas nicht im Laden haben, wir finden es aber gemeinsam in einem Lieferantenkatalog, dann bestellen wir es gerne f\u00fcr dich bei einer der n\u00e4chsten Lieferungen.[\/vc_column_text][vc_separator&hellip;","og_url":"https:\/\/weltlaeden.de\/wallstadt\/produkte\/","og_site_name":"Weltladen Mannheim-Wallstadt","article_modified_time":"2026-02-20T14:15:53+00:00","og_image":[{"width":1080,"height":608,"url":"https:\/\/weltlaeden.de\/wallstadt\/wp-content\/uploads\/sites\/128\/2026\/02\/Weltladen-2026-Kaffee.jpg","type":"image\/jpeg"}],"twitter_card":"summary_large_image","twitter_misc":{"Gesch\u00e4tzte Lesezeit":"5\u00a0Minuten"},"schema":{"@context":"https:\/\/schema.org","@graph":[{"@type":"WebPage","@id":"https:\/\/weltlaeden.de\/wallstadt\/produkte\/","url":"https:\/\/weltlaeden.de\/wallstadt\/produkte\/","name":"Produkte - Weltladen Mannheim-Wallstadt","isPartOf":{"@id":"https:\/\/weltlaeden.de\/wallstadt\/#website"},"primaryImageOfPage":{"@id":"https:\/\/weltlaeden.de\/wallstadt\/produkte\/#primaryimage"},"image":{"@id":"https:\/\/weltlaeden.de\/wallstadt\/produkte\/#primaryimage"},"thumbnailUrl":"https:\/\/weltlaeden.de\/wallstadt\/wp-content\/uploads\/sites\/128\/2026\/02\/Weltladen-2026-Kaffee.jpg","datePublished":"2016-10-28T11:34:47+00:00","dateModified":"2026-02-20T14:15:53+00:00","breadcrumb":{"@id":"https:\/\/weltlaeden.de\/wallstadt\/produkte\/#breadcrumb"},"inLanguage":"de","potentialAction":[{"@type":"ReadAction","target":["https:\/\/weltlaeden.de\/wallstadt\/produkte\/"]}]},{"@type":"ImageObject","inLanguage":"de","@id":"https:\/\/weltlaeden.de\/wallstadt\/produkte\/#primaryimage","url":"https:\/\/weltlaeden.de\/wallstadt\/wp-content\/uploads\/sites\/128\/2026\/02\/Weltladen-2026-Kaffee.jpg","contentUrl":"https:\/\/weltlaeden.de\/wallstadt\/wp-content\/uploads\/sites\/128\/2026\/02\/Weltladen-2026-Kaffee.jpg","width":1080,"height":608},{"@type":"BreadcrumbList","@id":"https:\/\/weltlaeden.de\/wallstadt\/produkte\/#breadcrumb","itemListElement":[{"@type":"ListItem","position":1,"name":"Startseite","item":"https:\/\/weltlaeden.de\/wallstadt\/"},{"@type":"ListItem","position":2,"name":"Produkte"}]},{"@type":"WebSite","@id":"https:\/\/weltlaeden.de\/wallstadt\/#website","url":"https:\/\/weltlaeden.de\/wallstadt\/","name":"Weltladen Mannheim-Wallstadt","description":"Faire Produkte in Wallstadt seit 2016","potentialAction":[{"@type":"SearchAction","target":{"@type":"EntryPoint","urlTemplate":"https:\/\/weltlaeden.de\/wallstadt\/?s={search_term_string}"},"query-input":{"@type":"PropertyValueSpecification","valueRequired":true,"valueName":"search_term_string"}}],"inLanguage":"de"}]}},"_links":{"self":[{"href":"https:\/\/weltlaeden.de\/wallstadt\/wp-json\/wp\/v2\/pages\/217","targetHints":{"allow":["GET"]}}],"collection":[{"href":"https:\/\/weltlaeden.de\/wallstadt\/wp-json\/wp\/v2\/pages"}],"about":[{"href":"https:\/\/weltlaeden.de\/wallstadt\/wp-json\/wp\/v2\/types\/page"}],"author":[{"embeddable":true,"href":"https:\/\/weltlaeden.de\/wallstadt\/wp-json\/wp\/v2\/users\/1"}],"replies":[{"embeddable":true,"href":"https:\/\/weltlaeden.de\/wallstadt\/wp-json\/wp\/v2\/comments?post=217"}],"version-history":[{"count":44,"href":"https:\/\/weltlaeden.de\/wallstadt\/wp-json\/wp\/v2\/pages\/217\/revisions"}],"predecessor-version":[{"id":1388,"href":"https:\/\/weltlaeden.de\/wallstadt\/wp-json\/wp\/v2\/pages\/217\/revisions\/1388"}],"wp:attachment":[{"href":"https:\/\/weltlaeden.de\/wallstadt\/wp-json\/wp\/v2\/media?parent=217"}],"curies":[{"name":"wp","href":"https:\/\/api.w.org\/{rel}","templated":true}]}}