{"id":217,"date":"2016-10-28T13:34:47","date_gmt":"2016-10-28T11:34:47","guid":{"rendered":"https:\/\/wl.heimpixel.de\/vorlage\/produkte\/"},"modified":"2025-07-04T08:34:13","modified_gmt":"2025-07-04T06:34:13","slug":"produkte","status":"publish","type":"page","link":"https:\/\/weltlaeden.de\/volkach\/produkte\/","title":{"rendered":"Produkte"},"content":{"rendered":"<div class=\"wpb-content-wrapper\"><p>[vc_row][vc_column][vc_column_text]<\/p>\n<h1>Sortiment<\/h1>\n<p>[\/vc_column_text]<div class=\"wl_einzelbild\"><p><img loading=\"lazy\" decoding=\"async\" class=\"alignnone wp-image-550 size-full\" src=\"https:\/\/weltlaeden.de\/volkach\/wp-content\/uploads\/sites\/115\/2019\/12\/IMG_1868.jpg\" alt=\"\" width=\"3941\" height=\"2955\" srcset=\"https:\/\/weltlaeden.de\/volkach\/wp-content\/uploads\/sites\/115\/2019\/12\/IMG_1868.jpg 1920w, https:\/\/weltlaeden.de\/volkach\/wp-content\/uploads\/sites\/115\/2019\/12\/IMG_1868-300x225.jpg 300w, https:\/\/weltlaeden.de\/volkach\/wp-content\/uploads\/sites\/115\/2019\/12\/IMG_1868-768x576.jpg 768w, https:\/\/weltlaeden.de\/volkach\/wp-content\/uploads\/sites\/115\/2019\/12\/IMG_1868-1024x768.jpg 1024w\" sizes=\"auto, (max-width: 3941px) 100vw, 3941px\" \/><\/p><\/div>[vc_column_text]Unser Sortiment reicht von den Klassikern Kaffee und Schokolade \u00fcber Kunsthandwerk bis hin zu Spielsachen.<\/p>\n<p>Wir f\u00fchren gr\u00f6\u00dftenteils Produkte von GEPA, dwp und EL PUENTE, sie finden aber auch wechselnde Highlights von verschiedenen kleineren Handelspartnern bei uns.[\/vc_column_text][vc_empty_space][vc_column_text]<\/p>\n<h1>Die Faire Candybar<\/h1>\n<p>[\/vc_column_text]<div class=\"wl_einzelbild\"><p><img loading=\"lazy\" decoding=\"async\" class=\"alignnone wp-image-978 size-full\" src=\"https:\/\/weltlaeden.de\/volkach\/wp-content\/uploads\/sites\/115\/2023\/12\/candy.jpg\" alt=\"\" width=\"2048\" height=\"2048\" \/><\/p><\/div>[vc_column_text css=&#8220;&#8220;]F\u00fcr Ihr Fest k\u00f6nnen Sie unsere Faire Candybar mieten. Wir stellen Ihnen Waage, Gl\u00e4ser, Deko und Gummib\u00e4rchen zur Verf\u00fcgung, bei Bedarf auch T\u00fcten. Sie ben\u00f6tigen lediglich einen &#8222;Biertisch&#8220;. Anfragen gerne (mit etwas Vorlaufzeit) per mail sowie w\u00e4hrend der \u00d6ffnungszeiten im Laden, telefonisch oder pers\u00f6nlich.[\/vc_column_text][vc_empty_space][vc_column_text]<\/p>\n<h1>Kommissionsverkauf<\/h1>\n<p>[\/vc_column_text][vc_column_text css=&#8220;&#8220;]Sie planen eine Veranstaltung und haben Interesse an einem Kommissionsverkauf?<\/p>\n<p>Fragen sie w\u00e4hrend der \u00d6ffnungszeiten im Laden nach oder rufen sie an, gerne auch jederzeit per mail. Wir helfen gerne.[\/vc_column_text][vc_empty_space][vc_column_text]<\/p>\n<h1>Produktgruppen<\/h1>\n<p>[\/vc_column_text][vc_column_text]Hier finden sie eine \u00dcbersicht was sie in unserem Laden erwartet:[\/vc_column_text][vc_empty_space][vc_row_inner][vc_column_inner width=&#8220;1\/2&#8243;][vc_column_text]<\/p>\n<h2>Lebensmittel<\/h2>\n<p>[\/vc_column_text]<div class=\"wl_einzelbild\"><p><img loading=\"lazy\" decoding=\"async\" class=\"aligncenter wp-image-490 size-full\" src=\"https:\/\/weltlaeden.de\/volkach\/wp-content\/uploads\/sites\/115\/2019\/12\/IMG_1883.jpg\" alt=\"\" width=\"1920\" height=\"1440\" srcset=\"https:\/\/weltlaeden.de\/volkach\/wp-content\/uploads\/sites\/115\/2019\/12\/IMG_1883.jpg 1920w, https:\/\/weltlaeden.de\/volkach\/wp-content\/uploads\/sites\/115\/2019\/12\/IMG_1883-300x225.jpg 300w, https:\/\/weltlaeden.de\/volkach\/wp-content\/uploads\/sites\/115\/2019\/12\/IMG_1883-768x576.jpg 768w, https:\/\/weltlaeden.de\/volkach\/wp-content\/uploads\/sites\/115\/2019\/12\/IMG_1883-1024x768.jpg 1024w\" sizes=\"auto, (max-width: 1920px) 100vw, 1920px\" \/><\/p><\/div>[vc_column_text]Wir bieten eine gro\u00dfe Vielfalt an Kaffee und Teesorten. Au\u00dferdem\u00a0k\u00f6stliche Schokoladen und besondere Leckereien wie Geb\u00e4ck und Chips. Auch Honig und Gew\u00fcrze finden sie bei uns.[\/vc_column_text][\/vc_column_inner][vc_column_inner width=&#8220;1\/2&#8243;][vc_column_text]<\/p>\n<h2>Dekoration<\/h2>\n<p>[\/vc_column_text]<div class=\"wl_einzelbild\"><p><img loading=\"lazy\" decoding=\"async\" class=\"alignnone size-full wp-image-818\" src=\"https:\/\/weltlaeden.de\/volkach\/wp-content\/uploads\/sites\/115\/2021\/11\/Kunsthandwerk.jpg\" alt=\"\" width=\"1920\" height=\"1440\" srcset=\"https:\/\/weltlaeden.de\/volkach\/wp-content\/uploads\/sites\/115\/2021\/11\/Kunsthandwerk.jpg 1920w, https:\/\/weltlaeden.de\/volkach\/wp-content\/uploads\/sites\/115\/2021\/11\/Kunsthandwerk-300x225.jpg 300w, https:\/\/weltlaeden.de\/volkach\/wp-content\/uploads\/sites\/115\/2021\/11\/Kunsthandwerk-768x576.jpg 768w, https:\/\/weltlaeden.de\/volkach\/wp-content\/uploads\/sites\/115\/2021\/11\/Kunsthandwerk-1024x768.jpg 1024w\" sizes=\"auto, (max-width: 1920px) 100vw, 1920px\" \/><\/p><\/div>[vc_column_text]Wir f\u00fchren neben Sonnengl\u00e4sern, Kerzen und Filzprodukten ein wechselndes saisonales Angebot an Kunsthandwerk. Au\u00dferdem haben wir eine kleine und feine Auswahl an Papeterie und Karten.[\/vc_column_text][\/vc_column_inner][\/vc_row_inner][vc_empty_space][vc_row_inner][vc_column_inner width=&#8220;1\/2&#8243;][vc_column_text]<\/p>\n<h2>Garderobe<\/h2>\n<p>[\/vc_column_text]<div class=\"wl_einzelbild\"><p><img loading=\"lazy\" decoding=\"async\" class=\"alignnone size-full wp-image-819\" src=\"https:\/\/weltlaeden.de\/volkach\/wp-content\/uploads\/sites\/115\/2021\/11\/Textil.jpg\" alt=\"\" width=\"1920\" height=\"1440\" srcset=\"https:\/\/weltlaeden.de\/volkach\/wp-content\/uploads\/sites\/115\/2021\/11\/Textil.jpg 1920w, https:\/\/weltlaeden.de\/volkach\/wp-content\/uploads\/sites\/115\/2021\/11\/Textil-300x225.jpg 300w, https:\/\/weltlaeden.de\/volkach\/wp-content\/uploads\/sites\/115\/2021\/11\/Textil-768x576.jpg 768w, https:\/\/weltlaeden.de\/volkach\/wp-content\/uploads\/sites\/115\/2021\/11\/Textil-1024x768.jpg 1024w\" sizes=\"auto, (max-width: 1920px) 100vw, 1920px\" \/><\/p><\/div>[vc_column_text]Unser vielf\u00e4ltiges Taschensortiment reicht vom Einkaufskorb bis zur Ledertasche. Unsere bunten Socken und feinen Schals runden das Sortiment perfekt ab.[\/vc_column_text][\/vc_column_inner][vc_column_inner width=&#8220;1\/2&#8243;][vc_column_text]<\/p>\n<h2>Bad<\/h2>\n<p>[\/vc_column_text]<div class=\"wl_einzelbild\"><p><img loading=\"lazy\" decoding=\"async\" class=\"alignnone size-full wp-image-815\" src=\"https:\/\/weltlaeden.de\/volkach\/wp-content\/uploads\/sites\/115\/2021\/11\/Badezimmer.jpg\" alt=\"\" width=\"1920\" height=\"1440\" srcset=\"https:\/\/weltlaeden.de\/volkach\/wp-content\/uploads\/sites\/115\/2021\/11\/Badezimmer.jpg 1920w, https:\/\/weltlaeden.de\/volkach\/wp-content\/uploads\/sites\/115\/2021\/11\/Badezimmer-300x225.jpg 300w, https:\/\/weltlaeden.de\/volkach\/wp-content\/uploads\/sites\/115\/2021\/11\/Badezimmer-768x576.jpg 768w, https:\/\/weltlaeden.de\/volkach\/wp-content\/uploads\/sites\/115\/2021\/11\/Badezimmer-1024x768.jpg 1024w\" sizes=\"auto, (max-width: 1920px) 100vw, 1920px\" \/><\/p><\/div>[vc_column_text]Unsere Seifen, Handt\u00fccher und Utensilien sind perfekt aufeinander abgestimmt. Die meisten Produkte sind plastikfrei![\/vc_column_text][\/vc_column_inner][\/vc_row_inner][vc_empty_space][vc_row_inner][vc_column_inner width=&#8220;1\/2&#8243;][vc_column_text]<\/p>\n<h2>K\u00fcche<\/h2>\n<p>[\/vc_column_text]<div class=\"wl_einzelbild\"><p><img loading=\"lazy\" decoding=\"async\" class=\"alignnone size-full wp-image-817\" src=\"https:\/\/weltlaeden.de\/volkach\/wp-content\/uploads\/sites\/115\/2021\/11\/K\u00fcche-e1637484150335.jpg\" alt=\"\" width=\"1920\" height=\"1440\" srcset=\"https:\/\/weltlaeden.de\/volkach\/wp-content\/uploads\/sites\/115\/2021\/11\/K\u00fcche-e1637484150335.jpg 1920w, https:\/\/weltlaeden.de\/volkach\/wp-content\/uploads\/sites\/115\/2021\/11\/K\u00fcche-e1637484150335-300x225.jpg 300w, https:\/\/weltlaeden.de\/volkach\/wp-content\/uploads\/sites\/115\/2021\/11\/K\u00fcche-e1637484150335-768x576.jpg 768w, https:\/\/weltlaeden.de\/volkach\/wp-content\/uploads\/sites\/115\/2021\/11\/K\u00fcche-e1637484150335-1024x768.jpg 1024w\" sizes=\"auto, (max-width: 1920px) 100vw, 1920px\" \/><\/p><\/div>[vc_column_text]F\u00fcr ihre K\u00fcche finden sie bei uns Holz, Keramik und Glas, K\u00fcchenhandt\u00fccher, Filzprodukte und viele n\u00fctzliche Helfer.[\/vc_column_text][\/vc_column_inner][vc_column_inner width=&#8220;1\/2&#8243;][vc_column_text]<\/p>\n<h2>Kinderzimmer<\/h2>\n<p>[\/vc_column_text]<div class=\"wl_einzelbild\"><p><img loading=\"lazy\" decoding=\"async\" class=\"alignnone size-full wp-image-816\" src=\"https:\/\/weltlaeden.de\/volkach\/wp-content\/uploads\/sites\/115\/2021\/11\/Kinderzimmer.jpg\" alt=\"\" width=\"1920\" height=\"1440\" srcset=\"https:\/\/weltlaeden.de\/volkach\/wp-content\/uploads\/sites\/115\/2021\/11\/Kinderzimmer.jpg 1920w, https:\/\/weltlaeden.de\/volkach\/wp-content\/uploads\/sites\/115\/2021\/11\/Kinderzimmer-300x225.jpg 300w, https:\/\/weltlaeden.de\/volkach\/wp-content\/uploads\/sites\/115\/2021\/11\/Kinderzimmer-768x576.jpg 768w, https:\/\/weltlaeden.de\/volkach\/wp-content\/uploads\/sites\/115\/2021\/11\/Kinderzimmer-1024x768.jpg 1024w\" sizes=\"auto, (max-width: 1920px) 100vw, 1920px\" \/><\/p><\/div>[vc_column_text]F\u00fcr die Kleinsten gibt es bei uns wundersch\u00f6ne Spielwaren, vor allem aus Holz, Stoff und Filz.[\/vc_column_text][\/vc_column_inner][\/vc_row_inner][\/vc_column][\/vc_row][vc_row][vc_column][\/vc_column][\/vc_row]<\/p>\n<\/div>","protected":false},"excerpt":{"rendered":"<p>[vc_row][vc_column][vc_column_text] Sortiment [\/vc_column_text][vc_column_text]Unser Sortiment reicht von den Klassikern Kaffee und Schokolade \u00fcber Kunsthandwerk bis hin zu Spielsachen. Wir f\u00fchren gr\u00f6\u00dftenteils Produkte von GEPA, dwp und EL PUENTE, sie finden aber auch wechselnde Highlights von verschiedenen kleineren Handelspartnern bei uns.[\/vc_column_text][vc_empty_space][vc_column_text] Die Faire Candybar [\/vc_column_text][vc_column_text css=&#8220;&#8220;]F\u00fcr Ihr Fest k\u00f6nnen Sie unsere Faire Candybar mieten. Wir stellen Ihnen&hellip;<\/p>\n","protected":false},"author":1,"featured_media":0,"parent":0,"menu_order":8,"comment_status":"closed","ping_status":"closed","template":"","meta":{"footnotes":""},"class_list":["post-217","page","type-page","status-publish","hentry","description-off"],"yoast_head":"<!-- This site is optimized with the Yoast SEO plugin v26.8 - https:\/\/yoast.com\/product\/yoast-seo-wordpress\/ -->\n<title>Produkte - Weltladen Volkach<\/title>\n<meta name=\"robots\" content=\"index, follow, max-snippet:-1, max-image-preview:large, max-video-preview:-1\" \/>\n<link rel=\"canonical\" href=\"https:\/\/weltlaeden.de\/volkach\/produkte\/\" \/>\n<meta property=\"og:locale\" content=\"de_DE\" \/>\n<meta property=\"og:type\" content=\"article\" \/>\n<meta property=\"og:title\" content=\"Produkte - Weltladen Volkach\" \/>\n<meta property=\"og:description\" content=\"[vc_row][vc_column][vc_column_text] Sortiment [\/vc_column_text][vc_column_text]Unser Sortiment reicht von den Klassikern Kaffee und Schokolade \u00fcber Kunsthandwerk bis hin zu Spielsachen. Wir f\u00fchren gr\u00f6\u00dftenteils Produkte von GEPA, dwp und EL PUENTE, sie finden aber auch wechselnde Highlights von verschiedenen kleineren Handelspartnern bei uns.[\/vc_column_text][vc_empty_space][vc_column_text] Die Faire Candybar [\/vc_column_text][vc_column_text css=&#8220;&#8220;]F\u00fcr Ihr Fest k\u00f6nnen Sie unsere Faire Candybar mieten. Wir stellen Ihnen&hellip;\" \/>\n<meta property=\"og:url\" content=\"https:\/\/weltlaeden.de\/volkach\/produkte\/\" \/>\n<meta property=\"og:site_name\" content=\"Weltladen Volkach\" \/>\n<meta property=\"article:modified_time\" content=\"2025-07-04T06:34:13+00:00\" \/>\n<meta property=\"og:image\" content=\"https:\/\/weltlaeden.de\/volkach\/wp-content\/uploads\/sites\/115\/2019\/12\/IMG_1868.jpg\" \/>\n\t<meta property=\"og:image:width\" content=\"1920\" \/>\n\t<meta property=\"og:image:height\" content=\"1440\" \/>\n\t<meta property=\"og:image:type\" content=\"image\/jpeg\" \/>\n<meta name=\"twitter:card\" content=\"summary_large_image\" \/>\n<meta name=\"twitter:label1\" content=\"Gesch\u00e4tzte Lesezeit\" \/>\n\t<meta name=\"twitter:data1\" content=\"4\u00a0Minuten\" \/>\n<script type=\"application\/ld+json\" class=\"yoast-schema-graph\">{\"@context\":\"https:\/\/schema.org\",\"@graph\":[{\"@type\":\"WebPage\",\"@id\":\"https:\/\/weltlaeden.de\/volkach\/produkte\/\",\"url\":\"https:\/\/weltlaeden.de\/volkach\/produkte\/\",\"name\":\"Produkte - Weltladen Volkach\",\"isPartOf\":{\"@id\":\"https:\/\/weltlaeden.de\/volkach\/#website\"},\"primaryImageOfPage\":{\"@id\":\"https:\/\/weltlaeden.de\/volkach\/produkte\/#primaryimage\"},\"image\":{\"@id\":\"https:\/\/weltlaeden.de\/volkach\/produkte\/#primaryimage\"},\"thumbnailUrl\":\"https:\/\/weltlaeden.de\/volkach\/wp-content\/uploads\/sites\/115\/2019\/12\/IMG_1868.jpg\",\"datePublished\":\"2016-10-28T11:34:47+00:00\",\"dateModified\":\"2025-07-04T06:34:13+00:00\",\"breadcrumb\":{\"@id\":\"https:\/\/weltlaeden.de\/volkach\/produkte\/#breadcrumb\"},\"inLanguage\":\"de\",\"potentialAction\":[{\"@type\":\"ReadAction\",\"target\":[\"https:\/\/weltlaeden.de\/volkach\/produkte\/\"]}]},{\"@type\":\"ImageObject\",\"inLanguage\":\"de\",\"@id\":\"https:\/\/weltlaeden.de\/volkach\/produkte\/#primaryimage\",\"url\":\"https:\/\/weltlaeden.de\/volkach\/wp-content\/uploads\/sites\/115\/2019\/12\/IMG_1868.jpg\",\"contentUrl\":\"https:\/\/weltlaeden.de\/volkach\/wp-content\/uploads\/sites\/115\/2019\/12\/IMG_1868.jpg\",\"width\":1920,\"height\":1440},{\"@type\":\"BreadcrumbList\",\"@id\":\"https:\/\/weltlaeden.de\/volkach\/produkte\/#breadcrumb\",\"itemListElement\":[{\"@type\":\"ListItem\",\"position\":1,\"name\":\"Startseite\",\"item\":\"https:\/\/weltlaeden.de\/volkach\/\"},{\"@type\":\"ListItem\",\"position\":2,\"name\":\"Produkte\"}]},{\"@type\":\"WebSite\",\"@id\":\"https:\/\/weltlaeden.de\/volkach\/#website\",\"url\":\"https:\/\/weltlaeden.de\/volkach\/\",\"name\":\"Weltladen Volkach\",\"description\":\"Faire Produkte seit 1992\",\"potentialAction\":[{\"@type\":\"SearchAction\",\"target\":{\"@type\":\"EntryPoint\",\"urlTemplate\":\"https:\/\/weltlaeden.de\/volkach\/?s={search_term_string}\"},\"query-input\":{\"@type\":\"PropertyValueSpecification\",\"valueRequired\":true,\"valueName\":\"search_term_string\"}}],\"inLanguage\":\"de\"}]}<\/script>\n<!-- \/ Yoast SEO plugin. -->","yoast_head_json":{"title":"Produkte - Weltladen Volkach","robots":{"index":"index","follow":"follow","max-snippet":"max-snippet:-1","max-image-preview":"max-image-preview:large","max-video-preview":"max-video-preview:-1"},"canonical":"https:\/\/weltlaeden.de\/volkach\/produkte\/","og_locale":"de_DE","og_type":"article","og_title":"Produkte - Weltladen Volkach","og_description":"[vc_row][vc_column][vc_column_text] Sortiment [\/vc_column_text][vc_column_text]Unser Sortiment reicht von den Klassikern Kaffee und Schokolade \u00fcber Kunsthandwerk bis hin zu Spielsachen. Wir f\u00fchren gr\u00f6\u00dftenteils Produkte von GEPA, dwp und EL PUENTE, sie finden aber auch wechselnde Highlights von verschiedenen kleineren Handelspartnern bei uns.[\/vc_column_text][vc_empty_space][vc_column_text] Die Faire Candybar [\/vc_column_text][vc_column_text css=&#8220;&#8220;]F\u00fcr Ihr Fest k\u00f6nnen Sie unsere Faire Candybar mieten. Wir stellen Ihnen&hellip;","og_url":"https:\/\/weltlaeden.de\/volkach\/produkte\/","og_site_name":"Weltladen Volkach","article_modified_time":"2025-07-04T06:34:13+00:00","og_image":[{"width":1920,"height":1440,"url":"https:\/\/weltlaeden.de\/volkach\/wp-content\/uploads\/sites\/115\/2019\/12\/IMG_1868.jpg","type":"image\/jpeg"}],"twitter_card":"summary_large_image","twitter_misc":{"Gesch\u00e4tzte Lesezeit":"4\u00a0Minuten"},"schema":{"@context":"https:\/\/schema.org","@graph":[{"@type":"WebPage","@id":"https:\/\/weltlaeden.de\/volkach\/produkte\/","url":"https:\/\/weltlaeden.de\/volkach\/produkte\/","name":"Produkte - Weltladen Volkach","isPartOf":{"@id":"https:\/\/weltlaeden.de\/volkach\/#website"},"primaryImageOfPage":{"@id":"https:\/\/weltlaeden.de\/volkach\/produkte\/#primaryimage"},"image":{"@id":"https:\/\/weltlaeden.de\/volkach\/produkte\/#primaryimage"},"thumbnailUrl":"https:\/\/weltlaeden.de\/volkach\/wp-content\/uploads\/sites\/115\/2019\/12\/IMG_1868.jpg","datePublished":"2016-10-28T11:34:47+00:00","dateModified":"2025-07-04T06:34:13+00:00","breadcrumb":{"@id":"https:\/\/weltlaeden.de\/volkach\/produkte\/#breadcrumb"},"inLanguage":"de","potentialAction":[{"@type":"ReadAction","target":["https:\/\/weltlaeden.de\/volkach\/produkte\/"]}]},{"@type":"ImageObject","inLanguage":"de","@id":"https:\/\/weltlaeden.de\/volkach\/produkte\/#primaryimage","url":"https:\/\/weltlaeden.de\/volkach\/wp-content\/uploads\/sites\/115\/2019\/12\/IMG_1868.jpg","contentUrl":"https:\/\/weltlaeden.de\/volkach\/wp-content\/uploads\/sites\/115\/2019\/12\/IMG_1868.jpg","width":1920,"height":1440},{"@type":"BreadcrumbList","@id":"https:\/\/weltlaeden.de\/volkach\/produkte\/#breadcrumb","itemListElement":[{"@type":"ListItem","position":1,"name":"Startseite","item":"https:\/\/weltlaeden.de\/volkach\/"},{"@type":"ListItem","position":2,"name":"Produkte"}]},{"@type":"WebSite","@id":"https:\/\/weltlaeden.de\/volkach\/#website","url":"https:\/\/weltlaeden.de\/volkach\/","name":"Weltladen Volkach","description":"Faire Produkte seit 1992","potentialAction":[{"@type":"SearchAction","target":{"@type":"EntryPoint","urlTemplate":"https:\/\/weltlaeden.de\/volkach\/?s={search_term_string}"},"query-input":{"@type":"PropertyValueSpecification","valueRequired":true,"valueName":"search_term_string"}}],"inLanguage":"de"}]}},"_links":{"self":[{"href":"https:\/\/weltlaeden.de\/volkach\/wp-json\/wp\/v2\/pages\/217","targetHints":{"allow":["GET"]}}],"collection":[{"href":"https:\/\/weltlaeden.de\/volkach\/wp-json\/wp\/v2\/pages"}],"about":[{"href":"https:\/\/weltlaeden.de\/volkach\/wp-json\/wp\/v2\/types\/page"}],"author":[{"embeddable":true,"href":"https:\/\/weltlaeden.de\/volkach\/wp-json\/wp\/v2\/users\/1"}],"replies":[{"embeddable":true,"href":"https:\/\/weltlaeden.de\/volkach\/wp-json\/wp\/v2\/comments?post=217"}],"version-history":[{"count":41,"href":"https:\/\/weltlaeden.de\/volkach\/wp-json\/wp\/v2\/pages\/217\/revisions"}],"predecessor-version":[{"id":1025,"href":"https:\/\/weltlaeden.de\/volkach\/wp-json\/wp\/v2\/pages\/217\/revisions\/1025"}],"wp:attachment":[{"href":"https:\/\/weltlaeden.de\/volkach\/wp-json\/wp\/v2\/media?parent=217"}],"curies":[{"name":"wp","href":"https:\/\/api.w.org\/{rel}","templated":true}]}}