{"id":20,"date":"2016-10-14T09:05:21","date_gmt":"2016-10-14T07:05:21","guid":{"rendered":"https:\/\/wl.heimpixel.de\/vorlage\/weltladen-musterdorf\/"},"modified":"2025-07-03T21:01:17","modified_gmt":"2025-07-03T19:01:17","slug":"weltladen-musterdorf","status":"publish","type":"page","link":"https:\/\/weltlaeden.de\/volkach\/","title":{"rendered":"Weltladen Volkach"},"content":{"rendered":"<div class=\"wpb-content-wrapper\"><p>[vc_row][vc_column]<div class=\"wl_einzelbild\"><p><img loading=\"lazy\" decoding=\"async\" class=\"alignnone size-full wp-image-591\" src=\"https:\/\/weltlaeden.de\/volkach\/wp-content\/uploads\/sites\/115\/2019\/12\/DSC_9707-2.jpg\" alt=\"\" width=\"1920\" height=\"959\" srcset=\"https:\/\/weltlaeden.de\/volkach\/wp-content\/uploads\/sites\/115\/2019\/12\/DSC_9707-2.jpg 1920w, https:\/\/weltlaeden.de\/volkach\/wp-content\/uploads\/sites\/115\/2019\/12\/DSC_9707-2-300x150.jpg 300w, https:\/\/weltlaeden.de\/volkach\/wp-content\/uploads\/sites\/115\/2019\/12\/DSC_9707-2-768x384.jpg 768w, https:\/\/weltlaeden.de\/volkach\/wp-content\/uploads\/sites\/115\/2019\/12\/DSC_9707-2-1024x511.jpg 1024w\" sizes=\"auto, (max-width: 1920px) 100vw, 1920px\" \/><\/p><\/div>[\/vc_column][\/vc_row][vc_row][vc_column][vc_empty_space height=&#8220;30px&#8220;][vc_column_text]<\/p>\n<h1 style=\"text-align: left\">Willkommen im Weltladen Volkach!<\/h1>\n<p>[\/vc_column_text][\/vc_column][\/vc_row][vc_row][vc_column][vc_column_text]Hier erfahrt ihr, was fairer Handel bedeutet, ihr k\u00f6nnt unseren Laden, unsere Produkte und die Lieferanten kennenlernen. Au\u00dferdem stellt sich der Verein hinter dem Weltladen Volkach vor\u00a0und ihr k\u00f6nnt direkt Kontakt zu uns aufnehmen![\/vc_column_text][vc_empty_space height=&#8220;30px&#8220;][vc_column_text css=&#8220;&#8220;]<\/p>\n<h1 style=\"text-align: left\">(Faire) Hilfe: Wir brauchen dich!<\/h1>\n<p>[\/vc_column_text][vc_column_text css=&#8220;&#8220;]Du hast Interesse an fair gehandelten Produkten, m\u00f6chtest einen wertvollen Beitrag f\u00fcr eine gerechtere Welt leisten und dabei nette Leute kennenlernen? Dann bist du bei uns genau richtig!<\/p>\n<p>Unser Volkacher Weltladen lebt vom Engagement vieler Ehrenamtlicher \u2013 und genau hier brauchen wir dich! F\u00fcr den reibungslosen Ablauf im Laden suchen wir Menschen, die Lust haben, etwa einmal im Monat f\u00fcr 3,5 Stunden einen Ladendienst zu \u00fcbernehmen. Der Ladendienst umfasst den Verkauf der Weltladenprodukte und die Beratung unserer Kund*innen.<\/p>\n<p>Keine Sorge, eine ausf\u00fchrliche Einarbeitung bekommst du nat\u00fcrlich \u2013 wir unterst\u00fctzen dich dabei!<\/p>\n<p>Mach mit und werde Teil unseres engagierten Teams!<\/p>\n<p>Melde dich gerne bei uns unter <a href=\"mailto:Weltladen.Volkach@gmail.com\">Weltladen.Volkach@gmail.com<\/a> f\u00fcr weitere Infos.<\/p>\n<p>Wir freuen uns auf dich![\/vc_column_text][vc_empty_space height=&#8220;30px&#8220;][vc_column_text css=&#8220;&#8220;]<\/p>\n<h2>Was sie ausserdem auf dieser Website finden:<\/h2>\n<p>[\/vc_column_text][vc_empty_space height=&#8220;20px&#8220;][vc_separator][vc_row_inner][vc_column_inner width=&#8220;1\/4&#8243;]<div class=\"wl_einzelbild\"><p><img loading=\"lazy\" decoding=\"async\" class=\"alignleft size-thumbnail wp-image-nsm-3-15\" src=\"https:\/\/weltlaeden.de\/volkach\/wp-content\/uploads\/sites\/3\/2016\/11\/FairerHandel_ElPuente_Fingerpuppen_EccoExe_Peru-150x150.jpg\" alt=\"\" width=\"150\" height=\"150\" \/><\/p><\/div>[\/vc_column_inner][vc_column_inner width=&#8220;3\/4&#8243;][vc_column_text]<\/p>\n<h3>Fairer Handel<\/h3>\n<p>Was meint Fairer Handel \u00fcberhaupt? Welche Kriterien m\u00fcssen eingehalten werden und wer \u00fcberpr\u00fcft diese? <a href=\"https:\/\/weltlaeden.de\/volkach\/fairer-handel\/\">Erfahren Sie mehr &#8230;<\/a>[\/vc_column_text][\/vc_column_inner][\/vc_row_inner][vc_row_inner][vc_column_inner width=&#8220;1\/4&#8243;]<div class=\"wl_einzelbild\"><p><img loading=\"lazy\" decoding=\"async\" class=\"alignnone wp-image-550 size-thumbnail\" src=\"https:\/\/weltlaeden.de\/volkach\/wp-content\/uploads\/sites\/115\/2019\/12\/IMG_1868-150x150.jpg\" alt=\"\" width=\"150\" height=\"150\" \/><\/p>\n<p><\/p><\/div>[\/vc_column_inner][vc_column_inner width=&#8220;3\/4&#8243;][vc_column_text]<\/p>\n<h3>Produkte<\/h3>\n<p>Unsere Produkte im Weltladen sind nat\u00fcrlich alle aus Fairem Handel, dennoch kommen sie von unterschiedlichen Fair-Handels-Importeuren. <a href=\"https:\/\/weltlaeden.de\/volkach\/produkte\/\">Hier zeigen wir Ihnen unser Sortiment &#8230;<\/a>[\/vc_column_text][\/vc_column_inner][\/vc_row_inner][vc_separator][vc_row_inner][vc_column_inner width=&#8220;1\/4&#8243;]<div class=\"wl_einzelbild\"><p><img loading=\"lazy\" decoding=\"async\" class=\"alignleft wp-image-901 size-thumbnail\" src=\"https:\/\/weltlaeden.de\/volkach\/wp-content\/uploads\/sites\/115\/2022\/12\/DSC_2187-e1670177765439-150x150.jpg\" alt=\"\" width=\"150\" height=\"150\" \/><\/p><\/div>[\/vc_column_inner][vc_column_inner width=&#8220;3\/4&#8243;][vc_column_text]<\/p>\n<h3>\u00dcber uns<\/h3>\n<p>Wer wir sind und warum wir uns f\u00fcr Fairen Handel engagieren &#8211; <a href=\"https:\/\/weltlaeden.de\/volkach\/ueber-uns\/\">hier stellen wir uns vor &#8230;<\/a>[\/vc_column_text][\/vc_column_inner][\/vc_row_inner][vc_separator][vc_row_inner][vc_column_inner width=&#8220;1\/4&#8243;]<div class=\"wl_einzelbild\"><p><img loading=\"lazy\" decoding=\"async\" class=\"alignleft size-full wp-image-nsm-3-35\" src=\"https:\/\/weltlaeden.de\/volkach\/wp-content\/uploads\/sites\/3\/2018\/08\/pocket-watch-1637396_1920_150x150.png\" alt=\"\" width=\"150\" height=\"150\" \/><\/p><\/div>[\/vc_column_inner][vc_column_inner width=&#8220;3\/4&#8243;][vc_column_text]<\/p>\n<h3>Termine<\/h3>\n<p>Bei uns ist immer etwas los! Wir nehmen meist an den Aktionen des Marketingverein Tourismus &amp; Gewerbe Volkacher Mainschleife e.V. teil, treffen uns regelm\u00e4\u00dfig zu Sitzungen, organisieren aber auch\u00a0hin und\u00a0wieder eine Veranstaltung zum Fairen Handel und verwandten Themen, wie z.B. unsere Stadtrallye im Rahmen der j\u00e4hrlichen fairen Woche. <a href=\"https:\/\/weltlaeden.de\/volkach\/termine\/\">Hier erfahren Sie was bei uns los ist \u2026<\/a>[\/vc_column_text][\/vc_column_inner][\/vc_row_inner][vc_separator][vc_empty_space][\/vc_column][\/vc_row][vc_row][vc_column][vc_column_text]<\/p>\n<h2>Neuigkeiten<\/h2>\n<p>[\/vc_column_text]<section class=\"items-grid wf-container\"><div class=\"wf-cell wf-1-2\"><article class=\"post-format-standard\"><div class=\"mini-post-img\"><a class=\"alignleft post-rollover layzr-bg\" href=\"https:\/\/weltlaeden.de\/volkach\/aktionen-2024\/\" aria-label=\"Post image\"><img decoding=\"async\" class=\"preload-me lazy-load aspect\" src=\"data:image\/svg+xml,%3Csvg%20xmlns%3D&#39;http%3A%2F%2Fwww.w3.org%2F2000%2Fsvg&#39;%20viewBox%3D&#39;0%200%2060%2060&#39;%2F%3E\" data-src=\"https:\/\/weltlaeden.de\/volkach\/wp-content\/uploads\/sites\/115\/2021\/11\/WL_Volkach_MK-e1637490619252-60x60.png\" data-srcset=\"https:\/\/weltlaeden.de\/volkach\/wp-content\/uploads\/sites\/115\/2021\/11\/WL_Volkach_MK-e1637490619252-60x60.png 60w, https:\/\/weltlaeden.de\/volkach\/wp-content\/uploads\/sites\/115\/2021\/11\/WL_Volkach_MK-e1637490619252-94x94.png 94w\" loading=\"eager\" style=\"--ratio: 60 \/ 60\" sizes=\"(max-width: 60px) 100vw, 60px\" width=\"60\" height=\"60\"  alt=\"\" \/><\/a><\/div><div class=\"post-content\"><a href=\"https:\/\/weltlaeden.de\/volkach\/aktionen-2024\/\">Aktionen 2024<\/a><br \/><time class=\"text-secondary\" datetime=\"2025-01-01T21:28:20+01:00\">1. Januar 2025<\/time><\/div><\/article><\/div><div class=\"wf-cell wf-1-2\"><article class=\"post-format-standard\"><div class=\"mini-post-img\"><a class=\"alignleft post-rollover layzr-bg\" href=\"https:\/\/weltlaeden.de\/volkach\/eroeffnung-spitalstrasse\/\" aria-label=\"Post image\"><img decoding=\"async\" class=\"preload-me lazy-load aspect\" src=\"data:image\/svg+xml,%3Csvg%20xmlns%3D&#39;http%3A%2F%2Fwww.w3.org%2F2000%2Fsvg&#39;%20viewBox%3D&#39;0%200%2060%2060&#39;%2F%3E\" data-src=\"https:\/\/weltlaeden.de\/volkach\/wp-content\/uploads\/sites\/115\/2023\/10\/A00A28B5-C393-4294-96FA-BDBB886BFB95-60x60.jpeg\" data-srcset=\"https:\/\/weltlaeden.de\/volkach\/wp-content\/uploads\/sites\/115\/2023\/10\/A00A28B5-C393-4294-96FA-BDBB886BFB95-60x60.jpeg 60w, https:\/\/weltlaeden.de\/volkach\/wp-content\/uploads\/sites\/115\/2023\/10\/A00A28B5-C393-4294-96FA-BDBB886BFB95-120x120.jpeg 120w\" loading=\"eager\" style=\"--ratio: 60 \/ 60\" sizes=\"(max-width: 60px) 100vw, 60px\" width=\"60\" height=\"60\"  alt=\"\" \/><\/a><\/div><div class=\"post-content\"><a href=\"https:\/\/weltlaeden.de\/volkach\/eroeffnung-spitalstrasse\/\">Er\u00f6ffnung Spitalstrasse<\/a><br \/><time class=\"text-secondary\" datetime=\"2023-10-03T14:00:30+02:00\">3. Oktober 2023<\/time><\/div><\/article><\/div><div class=\"wf-cell wf-1-2\"><article class=\"post-format-standard\"><div class=\"mini-post-img\"><a class=\"alignleft post-rollover layzr-bg\" href=\"https:\/\/weltlaeden.de\/volkach\/faire-woche-2023\/\" aria-label=\"Post image\"><img decoding=\"async\" class=\"preload-me lazy-load aspect\" src=\"data:image\/svg+xml,%3Csvg%20xmlns%3D&#39;http%3A%2F%2Fwww.w3.org%2F2000%2Fsvg&#39;%20viewBox%3D&#39;0%200%2060%2060&#39;%2F%3E\" data-src=\"https:\/\/weltlaeden.de\/volkach\/wp-content\/uploads\/sites\/115\/2021\/09\/389B7484-DD38-46F0-BAA8-BFD15E7CF2FF-60x60.jpeg\" data-srcset=\"https:\/\/weltlaeden.de\/volkach\/wp-content\/uploads\/sites\/115\/2021\/09\/389B7484-DD38-46F0-BAA8-BFD15E7CF2FF-60x60.jpeg 60w, https:\/\/weltlaeden.de\/volkach\/wp-content\/uploads\/sites\/115\/2021\/09\/389B7484-DD38-46F0-BAA8-BFD15E7CF2FF-120x120.jpeg 120w\" loading=\"eager\" style=\"--ratio: 60 \/ 60\" sizes=\"(max-width: 60px) 100vw, 60px\" width=\"60\" height=\"60\"  alt=\"\" \/><\/a><\/div><div class=\"post-content\"><a href=\"https:\/\/weltlaeden.de\/volkach\/faire-woche-2023\/\">Faire Woche 2023<\/a><br \/><time class=\"text-secondary\" datetime=\"2023-09-30T00:00:55+02:00\">30. September 2023<\/time><\/div><\/article><\/div><div class=\"wf-cell wf-1-2\"><article class=\"post-format-standard\"><div class=\"mini-post-img\"><a class=\"alignleft post-rollover layzr-bg\" href=\"https:\/\/weltlaeden.de\/volkach\/malwettbewerb-und-gewinnspiel-der-fairtradestadt-volkach\/\" aria-label=\"Post image\"><img decoding=\"async\" class=\"preload-me lazy-load aspect\" src=\"data:image\/svg+xml,%3Csvg%20xmlns%3D&#39;http%3A%2F%2Fwww.w3.org%2F2000%2Fsvg&#39;%20viewBox%3D&#39;0%200%2060%2060&#39;%2F%3E\" data-src=\"https:\/\/weltlaeden.de\/volkach\/wp-content\/uploads\/sites\/115\/2023\/10\/4CA3A851-86D4-4CFF-9F86-160A7BDA0219-60x60.jpeg\" data-srcset=\"https:\/\/weltlaeden.de\/volkach\/wp-content\/uploads\/sites\/115\/2023\/10\/4CA3A851-86D4-4CFF-9F86-160A7BDA0219-60x60.jpeg 60w, https:\/\/weltlaeden.de\/volkach\/wp-content\/uploads\/sites\/115\/2023\/10\/4CA3A851-86D4-4CFF-9F86-160A7BDA0219-120x120.jpeg 120w\" loading=\"eager\" style=\"--ratio: 60 \/ 60\" sizes=\"(max-width: 60px) 100vw, 60px\" width=\"60\" height=\"60\"  alt=\"\" \/><\/a><\/div><div class=\"post-content\"><a href=\"https:\/\/weltlaeden.de\/volkach\/malwettbewerb-und-gewinnspiel-der-fairtradestadt-volkach\/\">Malwettbewerb und Gewinnspiel der Fairtradestadt Volkach<\/a><br \/><time class=\"text-secondary\" datetime=\"2023-07-26T07:00:49+02:00\">26. Juli 2023<\/time><\/div><\/article><\/div><div class=\"wf-cell wf-1-2\"><article class=\"post-format-standard\"><div class=\"mini-post-img\"><a class=\"alignleft post-rollover layzr-bg\" href=\"https:\/\/weltlaeden.de\/volkach\/30jaehriges-jubilaeum-eine-welt-verein-volkach\/\" aria-label=\"Post image\"><img decoding=\"async\" class=\"preload-me lazy-load aspect\" src=\"data:image\/svg+xml,%3Csvg%20xmlns%3D&#39;http%3A%2F%2Fwww.w3.org%2F2000%2Fsvg&#39;%20viewBox%3D&#39;0%200%2060%2060&#39;%2F%3E\" data-src=\"https:\/\/weltlaeden.de\/volkach\/wp-content\/uploads\/sites\/115\/2022\/10\/62907FA6-D3F7-4F76-BDBE-C21A56426072-60x60.jpeg\" data-srcset=\"https:\/\/weltlaeden.de\/volkach\/wp-content\/uploads\/sites\/115\/2022\/10\/62907FA6-D3F7-4F76-BDBE-C21A56426072-60x60.jpeg 60w, https:\/\/weltlaeden.de\/volkach\/wp-content\/uploads\/sites\/115\/2022\/10\/62907FA6-D3F7-4F76-BDBE-C21A56426072-120x120.jpeg 120w\" loading=\"eager\" style=\"--ratio: 60 \/ 60\" sizes=\"(max-width: 60px) 100vw, 60px\" width=\"60\" height=\"60\"  alt=\"\" \/><\/a><\/div><div class=\"post-content\"><a href=\"https:\/\/weltlaeden.de\/volkach\/30jaehriges-jubilaeum-eine-welt-verein-volkach\/\">30j\u00e4hriges Jubil\u00e4um Eine-Welt-Verein Volkach<\/a><br \/><time class=\"text-secondary\" datetime=\"2022-10-09T10:00:02+02:00\">9. Oktober 2022<\/time><\/div><\/article><\/div><div class=\"wf-cell wf-1-2\"><article class=\"post-format-standard\"><div class=\"mini-post-img\"><a class=\"alignleft post-rollover layzr-bg\" href=\"https:\/\/weltlaeden.de\/volkach\/faire-woche-2022\/\" aria-label=\"Post image\"><img decoding=\"async\" class=\"preload-me lazy-load aspect\" src=\"data:image\/svg+xml,%3Csvg%20xmlns%3D&#39;http%3A%2F%2Fwww.w3.org%2F2000%2Fsvg&#39;%20viewBox%3D&#39;0%200%2060%2060&#39;%2F%3E\" data-src=\"https:\/\/weltlaeden.de\/volkach\/wp-content\/uploads\/sites\/115\/2020\/08\/E323780A-AC9F-472A-9060-AA1FC4D9A37C-60x60.png\" data-srcset=\"https:\/\/weltlaeden.de\/volkach\/wp-content\/uploads\/sites\/115\/2020\/08\/E323780A-AC9F-472A-9060-AA1FC4D9A37C-60x60.png 60w, https:\/\/weltlaeden.de\/volkach\/wp-content\/uploads\/sites\/115\/2020\/08\/E323780A-AC9F-472A-9060-AA1FC4D9A37C-120x120.png 120w\" loading=\"eager\" style=\"--ratio: 60 \/ 60\" sizes=\"(max-width: 60px) 100vw, 60px\" width=\"60\" height=\"60\"  alt=\"\" \/><\/a><\/div><div class=\"post-content\"><a href=\"https:\/\/weltlaeden.de\/volkach\/faire-woche-2022\/\">Faire Woche 2022<\/a><br \/><time class=\"text-secondary\" datetime=\"2022-09-24T12:00:05+02:00\">24. September 2022<\/time><\/div><\/article><\/div><\/section><a href=\"https:\/\/weltlaeden.de\/volkach\/neuigkeiten\" class=\"btn-shortcode dt-btn-s dt-btn default-btn-color default-btn-hover-color default-btn-bg-color default-btn-bg-hover-color\" target=\"_blank\" id=\"dt-btn-1\" rel=\"noopener\"><span>Alle Neuigkeiten<\/span><\/a>[\/vc_column][\/vc_row]<\/p>\n<\/div>","protected":false},"excerpt":{"rendered":"<p>[vc_row][vc_column][\/vc_column][\/vc_row][vc_row][vc_column][vc_empty_space height=&#8220;30px&#8220;][vc_column_text] Willkommen im Weltladen Volkach! [\/vc_column_text][\/vc_column][\/vc_row][vc_row][vc_column][vc_column_text]Hier erfahrt ihr, was fairer Handel bedeutet, ihr k\u00f6nnt unseren Laden, unsere Produkte und die Lieferanten kennenlernen. Au\u00dferdem stellt sich der Verein hinter dem Weltladen Volkach vor\u00a0und ihr k\u00f6nnt direkt Kontakt zu uns aufnehmen![\/vc_column_text][vc_empty_space height=&#8220;30px&#8220;][vc_column_text css=&#8220;&#8220;] (Faire) Hilfe: Wir brauchen dich! [\/vc_column_text][vc_column_text css=&#8220;&#8220;]Du hast Interesse an fair gehandelten Produkten,&hellip;<\/p>\n","protected":false},"author":1,"featured_media":0,"parent":0,"menu_order":0,"comment_status":"closed","ping_status":"closed","template":"","meta":{"footnotes":""},"class_list":["post-20","page","type-page","status-publish","hentry","description-off"],"yoast_head":"<!-- This site is optimized with the Yoast SEO plugin v26.8 - https:\/\/yoast.com\/product\/yoast-seo-wordpress\/ -->\n<title>Weltladen Volkach - Weltladen Volkach<\/title>\n<meta name=\"robots\" content=\"index, follow, max-snippet:-1, max-image-preview:large, max-video-preview:-1\" \/>\n<link rel=\"canonical\" href=\"https:\/\/weltlaeden.de\/volkach\/\" \/>\n<meta property=\"og:locale\" content=\"de_DE\" \/>\n<meta property=\"og:type\" content=\"article\" \/>\n<meta property=\"og:title\" content=\"Weltladen Volkach - Weltladen Volkach\" \/>\n<meta property=\"og:description\" content=\"[vc_row][vc_column][\/vc_column][\/vc_row][vc_row][vc_column][vc_empty_space height=&#8220;30px&#8220;][vc_column_text] Willkommen im Weltladen Volkach! [\/vc_column_text][\/vc_column][\/vc_row][vc_row][vc_column][vc_column_text]Hier erfahrt ihr, was fairer Handel bedeutet, ihr k\u00f6nnt unseren Laden, unsere Produkte und die Lieferanten kennenlernen. Au\u00dferdem stellt sich der Verein hinter dem Weltladen Volkach vor\u00a0und ihr k\u00f6nnt direkt Kontakt zu uns aufnehmen![\/vc_column_text][vc_empty_space height=&#8220;30px&#8220;][vc_column_text css=&#8220;&#8220;] (Faire) Hilfe: Wir brauchen dich! [\/vc_column_text][vc_column_text css=&#8220;&#8220;]Du hast Interesse an fair gehandelten Produkten,&hellip;\" \/>\n<meta property=\"og:url\" content=\"https:\/\/weltlaeden.de\/volkach\/\" \/>\n<meta property=\"og:site_name\" content=\"Weltladen Volkach\" \/>\n<meta property=\"article:modified_time\" content=\"2025-07-03T19:01:17+00:00\" \/>\n<meta property=\"og:image\" content=\"https:\/\/weltlaeden.de\/volkach\/wp-content\/uploads\/sites\/115\/2019\/12\/DSC_9707-2.jpg\" \/>\n\t<meta property=\"og:image:width\" content=\"1920\" \/>\n\t<meta property=\"og:image:height\" content=\"959\" \/>\n\t<meta property=\"og:image:type\" content=\"image\/jpeg\" \/>\n<meta name=\"twitter:card\" content=\"summary_large_image\" \/>\n<meta name=\"twitter:label1\" content=\"Gesch\u00e4tzte Lesezeit\" \/>\n\t<meta name=\"twitter:data1\" content=\"3\u00a0Minuten\" \/>\n<script type=\"application\/ld+json\" class=\"yoast-schema-graph\">{\"@context\":\"https:\/\/schema.org\",\"@graph\":[{\"@type\":\"WebPage\",\"@id\":\"https:\/\/weltlaeden.de\/volkach\/\",\"url\":\"https:\/\/weltlaeden.de\/volkach\/\",\"name\":\"Weltladen Volkach - Weltladen Volkach\",\"isPartOf\":{\"@id\":\"https:\/\/weltlaeden.de\/volkach\/#website\"},\"primaryImageOfPage\":{\"@id\":\"https:\/\/weltlaeden.de\/volkach\/#primaryimage\"},\"image\":{\"@id\":\"https:\/\/weltlaeden.de\/volkach\/#primaryimage\"},\"thumbnailUrl\":\"https:\/\/weltlaeden.de\/volkach\/wp-content\/uploads\/sites\/115\/2019\/12\/DSC_9707-2.jpg\",\"datePublished\":\"2016-10-14T07:05:21+00:00\",\"dateModified\":\"2025-07-03T19:01:17+00:00\",\"breadcrumb\":{\"@id\":\"https:\/\/weltlaeden.de\/volkach\/#breadcrumb\"},\"inLanguage\":\"de\",\"potentialAction\":[{\"@type\":\"ReadAction\",\"target\":[\"https:\/\/weltlaeden.de\/volkach\/\"]}]},{\"@type\":\"ImageObject\",\"inLanguage\":\"de\",\"@id\":\"https:\/\/weltlaeden.de\/volkach\/#primaryimage\",\"url\":\"https:\/\/weltlaeden.de\/volkach\/wp-content\/uploads\/sites\/115\/2019\/12\/DSC_9707-2.jpg\",\"contentUrl\":\"https:\/\/weltlaeden.de\/volkach\/wp-content\/uploads\/sites\/115\/2019\/12\/DSC_9707-2.jpg\",\"width\":1920,\"height\":959},{\"@type\":\"BreadcrumbList\",\"@id\":\"https:\/\/weltlaeden.de\/volkach\/#breadcrumb\",\"itemListElement\":[{\"@type\":\"ListItem\",\"position\":1,\"name\":\"Startseite\",\"item\":\"https:\/\/weltlaeden.de\/volkach\/\"},{\"@type\":\"ListItem\",\"position\":2,\"name\":\"Weltladen Volkach\"}]},{\"@type\":\"WebSite\",\"@id\":\"https:\/\/weltlaeden.de\/volkach\/#website\",\"url\":\"https:\/\/weltlaeden.de\/volkach\/\",\"name\":\"Weltladen Volkach\",\"description\":\"Faire Produkte seit 1992\",\"potentialAction\":[{\"@type\":\"SearchAction\",\"target\":{\"@type\":\"EntryPoint\",\"urlTemplate\":\"https:\/\/weltlaeden.de\/volkach\/?s={search_term_string}\"},\"query-input\":{\"@type\":\"PropertyValueSpecification\",\"valueRequired\":true,\"valueName\":\"search_term_string\"}}],\"inLanguage\":\"de\"}]}<\/script>\n<!-- \/ Yoast SEO plugin. -->","yoast_head_json":{"title":"Weltladen Volkach - Weltladen Volkach","robots":{"index":"index","follow":"follow","max-snippet":"max-snippet:-1","max-image-preview":"max-image-preview:large","max-video-preview":"max-video-preview:-1"},"canonical":"https:\/\/weltlaeden.de\/volkach\/","og_locale":"de_DE","og_type":"article","og_title":"Weltladen Volkach - Weltladen Volkach","og_description":"[vc_row][vc_column][\/vc_column][\/vc_row][vc_row][vc_column][vc_empty_space height=&#8220;30px&#8220;][vc_column_text] Willkommen im Weltladen Volkach! [\/vc_column_text][\/vc_column][\/vc_row][vc_row][vc_column][vc_column_text]Hier erfahrt ihr, was fairer Handel bedeutet, ihr k\u00f6nnt unseren Laden, unsere Produkte und die Lieferanten kennenlernen. Au\u00dferdem stellt sich der Verein hinter dem Weltladen Volkach vor\u00a0und ihr k\u00f6nnt direkt Kontakt zu uns aufnehmen![\/vc_column_text][vc_empty_space height=&#8220;30px&#8220;][vc_column_text css=&#8220;&#8220;] (Faire) Hilfe: Wir brauchen dich! [\/vc_column_text][vc_column_text css=&#8220;&#8220;]Du hast Interesse an fair gehandelten Produkten,&hellip;","og_url":"https:\/\/weltlaeden.de\/volkach\/","og_site_name":"Weltladen Volkach","article_modified_time":"2025-07-03T19:01:17+00:00","og_image":[{"width":1920,"height":959,"url":"https:\/\/weltlaeden.de\/volkach\/wp-content\/uploads\/sites\/115\/2019\/12\/DSC_9707-2.jpg","type":"image\/jpeg"}],"twitter_card":"summary_large_image","twitter_misc":{"Gesch\u00e4tzte Lesezeit":"3\u00a0Minuten"},"schema":{"@context":"https:\/\/schema.org","@graph":[{"@type":"WebPage","@id":"https:\/\/weltlaeden.de\/volkach\/","url":"https:\/\/weltlaeden.de\/volkach\/","name":"Weltladen Volkach - Weltladen Volkach","isPartOf":{"@id":"https:\/\/weltlaeden.de\/volkach\/#website"},"primaryImageOfPage":{"@id":"https:\/\/weltlaeden.de\/volkach\/#primaryimage"},"image":{"@id":"https:\/\/weltlaeden.de\/volkach\/#primaryimage"},"thumbnailUrl":"https:\/\/weltlaeden.de\/volkach\/wp-content\/uploads\/sites\/115\/2019\/12\/DSC_9707-2.jpg","datePublished":"2016-10-14T07:05:21+00:00","dateModified":"2025-07-03T19:01:17+00:00","breadcrumb":{"@id":"https:\/\/weltlaeden.de\/volkach\/#breadcrumb"},"inLanguage":"de","potentialAction":[{"@type":"ReadAction","target":["https:\/\/weltlaeden.de\/volkach\/"]}]},{"@type":"ImageObject","inLanguage":"de","@id":"https:\/\/weltlaeden.de\/volkach\/#primaryimage","url":"https:\/\/weltlaeden.de\/volkach\/wp-content\/uploads\/sites\/115\/2019\/12\/DSC_9707-2.jpg","contentUrl":"https:\/\/weltlaeden.de\/volkach\/wp-content\/uploads\/sites\/115\/2019\/12\/DSC_9707-2.jpg","width":1920,"height":959},{"@type":"BreadcrumbList","@id":"https:\/\/weltlaeden.de\/volkach\/#breadcrumb","itemListElement":[{"@type":"ListItem","position":1,"name":"Startseite","item":"https:\/\/weltlaeden.de\/volkach\/"},{"@type":"ListItem","position":2,"name":"Weltladen Volkach"}]},{"@type":"WebSite","@id":"https:\/\/weltlaeden.de\/volkach\/#website","url":"https:\/\/weltlaeden.de\/volkach\/","name":"Weltladen Volkach","description":"Faire Produkte seit 1992","potentialAction":[{"@type":"SearchAction","target":{"@type":"EntryPoint","urlTemplate":"https:\/\/weltlaeden.de\/volkach\/?s={search_term_string}"},"query-input":{"@type":"PropertyValueSpecification","valueRequired":true,"valueName":"search_term_string"}}],"inLanguage":"de"}]}},"_links":{"self":[{"href":"https:\/\/weltlaeden.de\/volkach\/wp-json\/wp\/v2\/pages\/20","targetHints":{"allow":["GET"]}}],"collection":[{"href":"https:\/\/weltlaeden.de\/volkach\/wp-json\/wp\/v2\/pages"}],"about":[{"href":"https:\/\/weltlaeden.de\/volkach\/wp-json\/wp\/v2\/types\/page"}],"author":[{"embeddable":true,"href":"https:\/\/weltlaeden.de\/volkach\/wp-json\/wp\/v2\/users\/1"}],"replies":[{"embeddable":true,"href":"https:\/\/weltlaeden.de\/volkach\/wp-json\/wp\/v2\/comments?post=20"}],"version-history":[{"count":152,"href":"https:\/\/weltlaeden.de\/volkach\/wp-json\/wp\/v2\/pages\/20\/revisions"}],"predecessor-version":[{"id":1011,"href":"https:\/\/weltlaeden.de\/volkach\/wp-json\/wp\/v2\/pages\/20\/revisions\/1011"}],"wp:attachment":[{"href":"https:\/\/weltlaeden.de\/volkach\/wp-json\/wp\/v2\/media?parent=20"}],"curies":[{"name":"wp","href":"https:\/\/api.w.org\/{rel}","templated":true}]}}