{"id":219,"date":"2016-10-28T13:34:47","date_gmt":"2016-10-28T11:34:47","guid":{"rendered":"https:\/\/wl.heimpixel.de\/vorlage\/ueber-uns\/"},"modified":"2025-02-13T19:36:40","modified_gmt":"2025-02-13T18:36:40","slug":"ueber-uns","status":"publish","type":"page","link":"https:\/\/weltlaeden.de\/traunstein\/ueber-uns\/","title":{"rendered":"\u00dcber uns"},"content":{"rendered":"<div class=\"wpb-content-wrapper\"><p>[vc_row][vc_column]<div class=\"wl_einzelbild\"><p><img loading=\"lazy\" decoding=\"async\" class=\"aligncenter size-full wp-image-448\" src=\"https:\/\/weltlaeden.de\/traunstein\/wp-content\/uploads\/sites\/117\/2019\/04\/board-game-challenge-chess-209728_1200x519-e1555324787982.png\" alt=\"\" width=\"787\" height=\"340\" \/><\/p><\/div>[vc_empty_space][vc_column_text]<\/p>\n<h1>\u00dcber den Weltladen Traunstein<\/h1>\n<p>[\/vc_column_text][vc_column_text]<\/p>\n<p class=\"Stil7\" style=\"text-align: justify\">Der Weltladen Traunstein wird getragen vom Verein<b> Eine-Welt-Laden Traunstein e.V.<\/b>, der im Jahr 1993 gegr\u00fcndet wurde.<b><\/b><\/p>\n<p class=\"Stil7\" style=\"text-align: justify\">Ziel des Vereins war von Anfang an die <strong>F\u00f6rderung von Kleinproduzenten in Entwicklungsl\u00e4ndern und anderen benachteiligten Regionen sowie von gepr\u00fcften Projekten im In- und Ausland durch den Verkauf von dort hergestellten Waren.<\/strong> Dies wird erm\u00f6glicht durch die ehrenamtliche Arbeit von rund 50 Mitgliedern im Ladengesch\u00e4ft, das sich seit 2014 in der Ludwigstra\u00dfe in Traunstein befindet..<\/p>\n<p style=\"text-align: justify\">Ein weiteres Ziel des Vereins ist die <strong>Information der \u00d6ffentlichkeit \u00fcber die sozialen, wirtschaftlichen und \u00f6kologischen Probleme der Entwicklungsl\u00e4nder und deren Zusammenh\u00e4nge mit den Industriel\u00e4ndern<\/strong>, um auf diese Weise das Verst\u00e4ndnis f\u00fcreinander zu f\u00f6rdern.<\/p>\n<p style=\"text-align: justify\">\u00dcbersch\u00fcsse aus dem Betrieb des Ladengesch\u00e4fts werden zugunsten der satzungsm\u00e4\u00dfigen Ziele verwendet.<\/p>\n<p>[\/vc_column_text][vc_single_image image=&#8220;480&#8243; img_size=&#8220;2000&#215;1000&#8243;][vc_empty_space][vc_single_image image=&#8220;785&#8243; img_size=&#8220;2000&#215;1000&#8243; title=&#8220;Vorstandschaft des Eine-Welt-Laden Traunstein e.V.&#8220;][vc_column_text css=&#8220;&#8220;]<\/p>\n<p style=\"text-align: justify\">Auf der letzten Jahreshauptversammlung des Eine-Welt-Laden Traunstein e.V. wurde die Vorstandschaft f\u00fcr zwei weitere Jahre in ihren \u00c4mtern best\u00e4tigt: Gerhard H\u00fcbner (1. Vorsitzender), Ulrike Holzner-M\u00f6ller (2. Vorsitzende), Evi Einsiedler (Beisitzerin), Petra Lechner (Schriftf\u00fchrerin), Erna K\u00f6nig (Buch- und Kassenf\u00fchrerin), Antje Pfeiffer (Beisitzerin) &#8211; von links nach rechts<\/p>\n<p>[\/vc_column_text][\/vc_column][\/vc_row][vc_row][vc_column][vc_empty_space][vc_column_text]<\/p>\n<h1>Mitmachen im Weltladen Traunstein<\/h1>\n<p>[\/vc_column_text][vc_column_text]<\/p>\n<p style=\"text-align: justify\"><strong>Wir suchen<\/strong> Menschen, die Lust haben, sich ehrenamtlich f\u00fcr eine offene, transparente, \u00f6kologische und nachhaltige Form des Wirtschaftens zu engagieren. Ob im Verkauf, der Informations- oder Bildungsarbeit &#8211; die M\u00f6glichkeiten, in unserem Team mitzumachen sind vielf\u00e4ltig und lassen sich bestimmt auch in Deinen Alltag integrieren! Neben regelm\u00e4\u00dfigen Aufgaben gibt es bei uns auch immer wieder einzelne zeitlich befristete Projekte, f\u00fcr die wir Unterst\u00fctzer\/innen suchen. Viele Aufgaben erfordern keine speziellen Vorkenntnisse, sondern nur Deine Bereitschaft, Deine F\u00e4higkeiten einzubringen und eventuell in neuen Bereichen dazuzulernen.<\/p>\n<p style=\"text-align: justify\"><strong>Wir bieten<\/strong> ein nettes Team aus Engagierten mit vielf\u00e4ltigen M\u00f6glichkeiten, sich selbst einzubringen. Eine Gemeinschaft, die Dich herzlich aufnimmt, einarbeitet und bei Fragen zur Verf\u00fcgung steht. Fortbildungsm\u00f6glichkeiten nach Deinen Interessen und Aufgaben.<\/p>\n<p style=\"text-align: justify\"><strong>Ansprechpartner\/in:<\/strong><br \/>\nGerhard H\u00fcbner (1. Vorstand)<br \/>\nTel.: 0861 69507<\/p>\n<p style=\"text-align: justify\"><strong>Wir freuen uns auf Dich!<\/strong><\/p>\n<p>[\/vc_column_text][\/vc_column][\/vc_row]<\/p>\n<\/div>","protected":false},"excerpt":{"rendered":"<p>[vc_row][vc_column][vc_empty_space][vc_column_text] \u00dcber den Weltladen Traunstein [\/vc_column_text][vc_column_text] Der Weltladen Traunstein wird getragen vom Verein Eine-Welt-Laden Traunstein e.V., der im Jahr 1993 gegr\u00fcndet wurde. Ziel des Vereins war von Anfang an die F\u00f6rderung von Kleinproduzenten in Entwicklungsl\u00e4ndern und anderen benachteiligten Regionen sowie von gepr\u00fcften Projekten im In- und Ausland durch den Verkauf von dort hergestellten Waren. Dies&hellip;<\/p>\n","protected":false},"author":1,"featured_media":0,"parent":0,"menu_order":4,"comment_status":"closed","ping_status":"closed","template":"","meta":{"footnotes":""},"class_list":["post-219","page","type-page","status-publish","hentry","description-off"],"yoast_head":"<!-- This site is optimized with the Yoast SEO plugin v26.8 - https:\/\/yoast.com\/product\/yoast-seo-wordpress\/ -->\n<title>\u00dcber uns - Weltladen Traunstein<\/title>\n<meta name=\"robots\" content=\"index, follow, max-snippet:-1, max-image-preview:large, max-video-preview:-1\" \/>\n<link rel=\"canonical\" href=\"https:\/\/weltlaeden.de\/traunstein\/ueber-uns\/\" \/>\n<meta property=\"og:locale\" content=\"de_DE\" \/>\n<meta property=\"og:type\" content=\"article\" \/>\n<meta property=\"og:title\" content=\"\u00dcber uns - Weltladen Traunstein\" \/>\n<meta property=\"og:description\" content=\"[vc_row][vc_column][vc_empty_space][vc_column_text] \u00dcber den Weltladen Traunstein [\/vc_column_text][vc_column_text] Der Weltladen Traunstein wird getragen vom Verein Eine-Welt-Laden Traunstein e.V., der im Jahr 1993 gegr\u00fcndet wurde. Ziel des Vereins war von Anfang an die F\u00f6rderung von Kleinproduzenten in Entwicklungsl\u00e4ndern und anderen benachteiligten Regionen sowie von gepr\u00fcften Projekten im In- und Ausland durch den Verkauf von dort hergestellten Waren. Dies&hellip;\" \/>\n<meta property=\"og:url\" content=\"https:\/\/weltlaeden.de\/traunstein\/ueber-uns\/\" \/>\n<meta property=\"og:site_name\" content=\"Weltladen Traunstein\" \/>\n<meta property=\"article:modified_time\" content=\"2025-02-13T18:36:40+00:00\" \/>\n<meta property=\"og:image\" content=\"https:\/\/weltlaeden.de\/traunstein\/wp-content\/uploads\/sites\/117\/2019\/04\/board-game-challenge-chess-209728_1200x519-e1555324787982.png\" \/>\n\t<meta property=\"og:image:width\" content=\"787\" \/>\n\t<meta property=\"og:image:height\" content=\"340\" \/>\n\t<meta property=\"og:image:type\" content=\"image\/png\" \/>\n<meta name=\"twitter:card\" content=\"summary_large_image\" \/>\n<meta name=\"twitter:label1\" content=\"Gesch\u00e4tzte Lesezeit\" \/>\n\t<meta name=\"twitter:data1\" content=\"3\u00a0Minuten\" \/>\n<script type=\"application\/ld+json\" class=\"yoast-schema-graph\">{\"@context\":\"https:\/\/schema.org\",\"@graph\":[{\"@type\":\"WebPage\",\"@id\":\"https:\/\/weltlaeden.de\/traunstein\/ueber-uns\/\",\"url\":\"https:\/\/weltlaeden.de\/traunstein\/ueber-uns\/\",\"name\":\"\u00dcber uns - Weltladen Traunstein\",\"isPartOf\":{\"@id\":\"https:\/\/weltlaeden.de\/traunstein\/#website\"},\"primaryImageOfPage\":{\"@id\":\"https:\/\/weltlaeden.de\/traunstein\/ueber-uns\/#primaryimage\"},\"image\":{\"@id\":\"https:\/\/weltlaeden.de\/traunstein\/ueber-uns\/#primaryimage\"},\"thumbnailUrl\":\"https:\/\/weltlaeden.de\/traunstein\/wp-content\/uploads\/sites\/117\/2019\/04\/board-game-challenge-chess-209728_1200x519-e1555324787982.png\",\"datePublished\":\"2016-10-28T11:34:47+00:00\",\"dateModified\":\"2025-02-13T18:36:40+00:00\",\"breadcrumb\":{\"@id\":\"https:\/\/weltlaeden.de\/traunstein\/ueber-uns\/#breadcrumb\"},\"inLanguage\":\"de\",\"potentialAction\":[{\"@type\":\"ReadAction\",\"target\":[\"https:\/\/weltlaeden.de\/traunstein\/ueber-uns\/\"]}]},{\"@type\":\"ImageObject\",\"inLanguage\":\"de\",\"@id\":\"https:\/\/weltlaeden.de\/traunstein\/ueber-uns\/#primaryimage\",\"url\":\"https:\/\/weltlaeden.de\/traunstein\/wp-content\/uploads\/sites\/117\/2019\/04\/board-game-challenge-chess-209728_1200x519-e1555324787982.png\",\"contentUrl\":\"https:\/\/weltlaeden.de\/traunstein\/wp-content\/uploads\/sites\/117\/2019\/04\/board-game-challenge-chess-209728_1200x519-e1555324787982.png\",\"width\":787,\"height\":340},{\"@type\":\"BreadcrumbList\",\"@id\":\"https:\/\/weltlaeden.de\/traunstein\/ueber-uns\/#breadcrumb\",\"itemListElement\":[{\"@type\":\"ListItem\",\"position\":1,\"name\":\"Startseite\",\"item\":\"https:\/\/weltlaeden.de\/traunstein\/\"},{\"@type\":\"ListItem\",\"position\":2,\"name\":\"\u00dcber uns\"}]},{\"@type\":\"WebSite\",\"@id\":\"https:\/\/weltlaeden.de\/traunstein\/#website\",\"url\":\"https:\/\/weltlaeden.de\/traunstein\/\",\"name\":\"Weltladen Traunstein\",\"description\":\"Faire Produkte seit 1990\",\"potentialAction\":[{\"@type\":\"SearchAction\",\"target\":{\"@type\":\"EntryPoint\",\"urlTemplate\":\"https:\/\/weltlaeden.de\/traunstein\/?s={search_term_string}\"},\"query-input\":{\"@type\":\"PropertyValueSpecification\",\"valueRequired\":true,\"valueName\":\"search_term_string\"}}],\"inLanguage\":\"de\"}]}<\/script>\n<!-- \/ Yoast SEO plugin. -->","yoast_head_json":{"title":"\u00dcber uns - Weltladen Traunstein","robots":{"index":"index","follow":"follow","max-snippet":"max-snippet:-1","max-image-preview":"max-image-preview:large","max-video-preview":"max-video-preview:-1"},"canonical":"https:\/\/weltlaeden.de\/traunstein\/ueber-uns\/","og_locale":"de_DE","og_type":"article","og_title":"\u00dcber uns - Weltladen Traunstein","og_description":"[vc_row][vc_column][vc_empty_space][vc_column_text] \u00dcber den Weltladen Traunstein [\/vc_column_text][vc_column_text] Der Weltladen Traunstein wird getragen vom Verein Eine-Welt-Laden Traunstein e.V., der im Jahr 1993 gegr\u00fcndet wurde. Ziel des Vereins war von Anfang an die F\u00f6rderung von Kleinproduzenten in Entwicklungsl\u00e4ndern und anderen benachteiligten Regionen sowie von gepr\u00fcften Projekten im In- und Ausland durch den Verkauf von dort hergestellten Waren. Dies&hellip;","og_url":"https:\/\/weltlaeden.de\/traunstein\/ueber-uns\/","og_site_name":"Weltladen Traunstein","article_modified_time":"2025-02-13T18:36:40+00:00","og_image":[{"width":787,"height":340,"url":"https:\/\/weltlaeden.de\/traunstein\/wp-content\/uploads\/sites\/117\/2019\/04\/board-game-challenge-chess-209728_1200x519-e1555324787982.png","type":"image\/png"}],"twitter_card":"summary_large_image","twitter_misc":{"Gesch\u00e4tzte Lesezeit":"3\u00a0Minuten"},"schema":{"@context":"https:\/\/schema.org","@graph":[{"@type":"WebPage","@id":"https:\/\/weltlaeden.de\/traunstein\/ueber-uns\/","url":"https:\/\/weltlaeden.de\/traunstein\/ueber-uns\/","name":"\u00dcber uns - Weltladen Traunstein","isPartOf":{"@id":"https:\/\/weltlaeden.de\/traunstein\/#website"},"primaryImageOfPage":{"@id":"https:\/\/weltlaeden.de\/traunstein\/ueber-uns\/#primaryimage"},"image":{"@id":"https:\/\/weltlaeden.de\/traunstein\/ueber-uns\/#primaryimage"},"thumbnailUrl":"https:\/\/weltlaeden.de\/traunstein\/wp-content\/uploads\/sites\/117\/2019\/04\/board-game-challenge-chess-209728_1200x519-e1555324787982.png","datePublished":"2016-10-28T11:34:47+00:00","dateModified":"2025-02-13T18:36:40+00:00","breadcrumb":{"@id":"https:\/\/weltlaeden.de\/traunstein\/ueber-uns\/#breadcrumb"},"inLanguage":"de","potentialAction":[{"@type":"ReadAction","target":["https:\/\/weltlaeden.de\/traunstein\/ueber-uns\/"]}]},{"@type":"ImageObject","inLanguage":"de","@id":"https:\/\/weltlaeden.de\/traunstein\/ueber-uns\/#primaryimage","url":"https:\/\/weltlaeden.de\/traunstein\/wp-content\/uploads\/sites\/117\/2019\/04\/board-game-challenge-chess-209728_1200x519-e1555324787982.png","contentUrl":"https:\/\/weltlaeden.de\/traunstein\/wp-content\/uploads\/sites\/117\/2019\/04\/board-game-challenge-chess-209728_1200x519-e1555324787982.png","width":787,"height":340},{"@type":"BreadcrumbList","@id":"https:\/\/weltlaeden.de\/traunstein\/ueber-uns\/#breadcrumb","itemListElement":[{"@type":"ListItem","position":1,"name":"Startseite","item":"https:\/\/weltlaeden.de\/traunstein\/"},{"@type":"ListItem","position":2,"name":"\u00dcber uns"}]},{"@type":"WebSite","@id":"https:\/\/weltlaeden.de\/traunstein\/#website","url":"https:\/\/weltlaeden.de\/traunstein\/","name":"Weltladen Traunstein","description":"Faire Produkte seit 1990","potentialAction":[{"@type":"SearchAction","target":{"@type":"EntryPoint","urlTemplate":"https:\/\/weltlaeden.de\/traunstein\/?s={search_term_string}"},"query-input":{"@type":"PropertyValueSpecification","valueRequired":true,"valueName":"search_term_string"}}],"inLanguage":"de"}]}},"_links":{"self":[{"href":"https:\/\/weltlaeden.de\/traunstein\/wp-json\/wp\/v2\/pages\/219","targetHints":{"allow":["GET"]}}],"collection":[{"href":"https:\/\/weltlaeden.de\/traunstein\/wp-json\/wp\/v2\/pages"}],"about":[{"href":"https:\/\/weltlaeden.de\/traunstein\/wp-json\/wp\/v2\/types\/page"}],"author":[{"embeddable":true,"href":"https:\/\/weltlaeden.de\/traunstein\/wp-json\/wp\/v2\/users\/1"}],"replies":[{"embeddable":true,"href":"https:\/\/weltlaeden.de\/traunstein\/wp-json\/wp\/v2\/comments?post=219"}],"version-history":[{"count":22,"href":"https:\/\/weltlaeden.de\/traunstein\/wp-json\/wp\/v2\/pages\/219\/revisions"}],"predecessor-version":[{"id":854,"href":"https:\/\/weltlaeden.de\/traunstein\/wp-json\/wp\/v2\/pages\/219\/revisions\/854"}],"wp:attachment":[{"href":"https:\/\/weltlaeden.de\/traunstein\/wp-json\/wp\/v2\/media?parent=219"}],"curies":[{"name":"wp","href":"https:\/\/api.w.org\/{rel}","templated":true}]}}