{"id":219,"date":"2016-10-28T13:34:47","date_gmt":"2016-10-28T11:34:47","guid":{"rendered":"https:\/\/wl.heimpixel.de\/vorlage\/ueber-uns\/"},"modified":"2023-11-06T10:08:19","modified_gmt":"2023-11-06T09:08:19","slug":"ueber-uns","status":"publish","type":"page","link":"https:\/\/weltlaeden.de\/teublitz\/ueber-uns\/","title":{"rendered":"\u00dcber uns"},"content":{"rendered":"<div class=\"wpb-content-wrapper\"><p>[vc_row][vc_column]<div class=\"wl_einzelbild\"><p><\/p><\/div><img loading=\"lazy\" decoding=\"async\" class=\"alignnone wp-image-641 size-large\" src=\"https:\/\/weltlaeden.de\/teublitz\/wp-content\/uploads\/sites\/206\/2023\/10\/Colorful-People-Wallpaper-1024x576.jpg\" alt=\"\" width=\"1024\" height=\"576\" srcset=\"https:\/\/weltlaeden.de\/teublitz\/wp-content\/uploads\/sites\/206\/2023\/10\/Colorful-People-Wallpaper-1024x576.jpg 1024w, https:\/\/weltlaeden.de\/teublitz\/wp-content\/uploads\/sites\/206\/2023\/10\/Colorful-People-Wallpaper-300x169.jpg 300w, https:\/\/weltlaeden.de\/teublitz\/wp-content\/uploads\/sites\/206\/2023\/10\/Colorful-People-Wallpaper-768x432.jpg 768w, https:\/\/weltlaeden.de\/teublitz\/wp-content\/uploads\/sites\/206\/2023\/10\/Colorful-People-Wallpaper-1536x864.jpg 1536w, https:\/\/weltlaeden.de\/teublitz\/wp-content\/uploads\/sites\/206\/2023\/10\/Colorful-People-Wallpaper.jpg 1920w\" sizes=\"auto, (max-width: 1024px) 100vw, 1024px\" \/>[vc_empty_space][vc_column_text]<\/p>\n<h1>\u00dcber den Weltladen Teublitz<\/h1>\n<h2>Die Geschichte des Ladens<\/h2>\n<p>Der Startpunkt unserer Ladengeschichte l\u00e4sst sich eigentlich nicht mehr genau aufs Jahr festlegen. Fest steht, dass in den fr\u00fchen 1980gern eine Gruppe Jugendlicher unterst\u00fctzt durch den damaligen Stadtpfarrer Hartl begannen, zu bestimmten Anl\u00e4ssen, wie etwa Weltmissionssonntag, fair gehandelte Waren zu verkaufen. Nach und nach wurde ein Verkaufsraum im obersten Stock des alten Pfarrheims eingerichtet und sehr eingeschr\u00e4nkte \u00d6ffnungszeiten wurden durch die Jugendlichen gew\u00e4hrleistet.<\/p>\n<p>Mit der Zeit begann der kleine Laden zu wachsen, die \u00d6ffnungszeiten waren zu gering und so suchten sich die Jugendlichen per Zeitungsanzeige \u201eHausfrauen mit Zeit\u201c, die bereit waren, den Ladendienst ehrenamtlich zu \u00fcbernehmen und das Team zu unterst\u00fctzen. Es fanden sich einige Frauen und die \u00d6ffnungszeiten konnten erweitert werden. Nach und nach \u00fcbernahmen die Erwachsenen dann den Laden von den Jugendlichen.<br \/>\nDie Verkaufsr\u00e4ume konnten ebenfalls erweitert werden und eine neue Jugendgruppe wurde eingerichtet.<\/p>\n<p>1997 stand dann der Umzug in das neue Pfarrheim und damit auch in neue Verkaufsr\u00e4ume an. Kurze Zeit sp\u00e4ter, im M\u00e4rz 1998, wurde der Verein \u201eEine Weltladen Teublitz e.V.\u201c gegr\u00fcndet.<br \/>\nDie \u00d6ffnungszeiten des Ladens wurden soweit m\u00f6glich, den \u00fcblichen Gesch\u00e4ftszeiten angepasst. Der Ladendienst wird aber weiterhin ehrenamtlich getragen und geleistet.<\/p>\n<p>Zum Weltladen in Teublitz geh\u00f6rt auch die Filiale im Pavillion in Burglengenfeld sowie eine Vielzahl an Kommissionsgruppen im Raum zwischen Windischeschenbach und Pfettrach bei Altdorf.<\/p>\n<p>Kooperationen mit lokalen Partnern und Verb\u00e4nden (Stadt Teublitz, Pfarrei Herz-Jesu, weitere Gemeinden und Pfarreien sowohl im St\u00e4dtedreieck als auch dar\u00fcber hinaus, ITU, Steuerungsgruppen Fair Trade town \/ Fair Trade Region, Imkerverein Teublitz, Eckl M\u00fchle&#8230;) runden das Angebot ab und verankern uns auch regional fest im hiesigen Einzelhandel.<\/p>\n<p>Bis heute kann der Eine-Welt-Laden jedes Jahr steigende Ums\u00e4tze verzeichnen und z\u00e4hlt zu den 20 gr\u00f6\u00dften L\u00e4den in Bayern.<\/p>\n<p>&nbsp;<\/p>\n<h1>Verein und Eine-Welt-Station<\/h1>\n<p>1998 wurde der Verein \u201eEine Weltladen Teublitz e.V.\u201c gegr\u00fcndet.<br \/>\nDer gemeinn\u00fctzige Verein \u00fcbernahm die Bildungsaufgaben, die sich die ehrenamtlichen Ladenmitarbeiter von Anfang an selbst gestellt hatten: die \u00d6ffentlichkeit \u00fcber den Fairen Handel zu informieren. Es werden zahlreiche Aktionen durchgef\u00fchrt, um dieses Ziel zu erreichen.<\/p>\n<p>Die Organisation von Referenten zu unterschiedlichsten Themen, das Angebot von fairen Fr\u00fchst\u00fccken in Schulen oder anderen Einrichtungen, die Teilnahme an Senioren- &amp; Ferienprogrammen der Stadt, Bildungsangebote \u00fcber die VHS oder das Angebot an Lehrende, Bildungsmaterialien zu Themen des globalen Lernens auszuleihen oder mit einer Gruppe zu einer Ladenrallye vorbeizukommen sind nur wenige Beispiele unseres Angebots im Rahmen der Bildungsarbeit.<\/p>\n<p>&nbsp;<\/p>\n<p>[\/vc_column_text][\/vc_column][\/vc_row][vc_row][vc_column][vc_empty_space][vc_column_text]<\/p>\n<h1>Mitmachen im Weltladen Teublitz<\/h1>\n<p>[\/vc_column_text][vc_column_text]<strong>Wir suchen<\/strong> Menschen, die Lust haben, sich ehrenamtlich f\u00fcr eine offene, transparente, \u00f6kologische und nachhaltige Form des Wirtschaftens zu engagieren. Ob im Verkauf, der Informations- oder Bildungsarbeit &#8211; die M\u00f6glichkeiten, in unserem Team mitzumachen sind vielf\u00e4ltig und lassen sich bestimmt auch in Deinen Alltag integrieren! Neben regelm\u00e4\u00dfigen Aufgaben gibt es bei uns auch immer wieder einzelne zeitlich befristete Projekte, f\u00fcr die wir Unterst\u00fctzer\/innen suchen. Viele Aufgaben erfordern keine speziellen Vorkenntnisse, sondern nur Deine Bereitschaft, Deine F\u00e4higkeiten einzubringen und eventuell in neuen Bereichen dazuzulernen.<\/p>\n<p><strong>Wir bieten<\/strong> ein nettes Team aus Engagierten mit vielf\u00e4ltigen M\u00f6glichkeiten, sich selbst einzubringen. Eine Gemeinschaft, die Dich herzlich aufnimmt, einarbeitet und bei Fragen zur Verf\u00fcgung steht. Fortbildungsm\u00f6glichkeiten nach Deinen Interessen und Aufgaben.<\/p>\n<p>Kommen Sie einfach zur n\u00e4chsten Ladensitzung oder melden Sie sich bei unserer<\/p>\n<p><strong>Ansprechpartner\/in:<\/strong><br \/>\nChristine Luber<br \/>\nweltladenteublitz@gmx.de<\/p>\n<p>&nbsp;<\/p>\n<h1>Mitglied werden im Verein<\/h1>\n<p>[\/vc_column_text][vc_column_text]Keine Zeit f\u00fcr Ladendienst? Auch passive Mitglieder helfen mit, dass wir unseren Beitrag zu einer fairen Welt weiterhin leisten k\u00f6nnen. Vielen Dank f\u00fcr Ihre Unterst\u00fctzung! Hier finden Sie unsere Beitrittserkl\u00e4rung &#8211; einfach ausdrucken, ausf\u00fcllen und im Laden abgeben. Dankesch\u00f6n!<\/p>\n<p><strong><a href=\"https:\/\/weltlaeden.de\/teublitz\/wp-content\/uploads\/sites\/206\/2023\/10\/beitritt.pdf\">beitritt<\/a><\/strong><\/p>\n<p>&nbsp;<\/p>\n<p><strong>Wir freuen uns auf Dich!<\/strong>[\/vc_column_text][\/vc_column][\/vc_row]<\/p>\n<\/div>","protected":false},"excerpt":{"rendered":"<p>[vc_row][vc_column][vc_empty_space][vc_column_text] \u00dcber den Weltladen Teublitz Die Geschichte des Ladens Der Startpunkt unserer Ladengeschichte l\u00e4sst sich eigentlich nicht mehr genau aufs Jahr festlegen. Fest steht, dass in den fr\u00fchen 1980gern eine Gruppe Jugendlicher unterst\u00fctzt durch den damaligen Stadtpfarrer Hartl begannen, zu bestimmten Anl\u00e4ssen, wie etwa Weltmissionssonntag, fair gehandelte Waren zu verkaufen. Nach und nach wurde ein&hellip;<\/p>\n","protected":false},"author":1,"featured_media":0,"parent":0,"menu_order":1,"comment_status":"closed","ping_status":"closed","template":"","meta":{"footnotes":""},"class_list":["post-219","page","type-page","status-publish","hentry","description-off"],"yoast_head":"<!-- This site is optimized with the Yoast SEO plugin v26.8 - https:\/\/yoast.com\/product\/yoast-seo-wordpress\/ -->\n<title>\u00dcber uns - Weltladen Teublitz<\/title>\n<meta name=\"robots\" content=\"index, follow, max-snippet:-1, max-image-preview:large, max-video-preview:-1\" \/>\n<link rel=\"canonical\" href=\"https:\/\/weltlaeden.de\/teublitz\/ueber-uns\/\" \/>\n<meta property=\"og:locale\" content=\"de_DE\" \/>\n<meta property=\"og:type\" content=\"article\" \/>\n<meta property=\"og:title\" content=\"\u00dcber uns - Weltladen Teublitz\" \/>\n<meta property=\"og:description\" content=\"[vc_row][vc_column][vc_empty_space][vc_column_text] \u00dcber den Weltladen Teublitz Die Geschichte des Ladens Der Startpunkt unserer Ladengeschichte l\u00e4sst sich eigentlich nicht mehr genau aufs Jahr festlegen. Fest steht, dass in den fr\u00fchen 1980gern eine Gruppe Jugendlicher unterst\u00fctzt durch den damaligen Stadtpfarrer Hartl begannen, zu bestimmten Anl\u00e4ssen, wie etwa Weltmissionssonntag, fair gehandelte Waren zu verkaufen. Nach und nach wurde ein&hellip;\" \/>\n<meta property=\"og:url\" content=\"https:\/\/weltlaeden.de\/teublitz\/ueber-uns\/\" \/>\n<meta property=\"og:site_name\" content=\"Weltladen Teublitz\" \/>\n<meta property=\"article:modified_time\" content=\"2023-11-06T09:08:19+00:00\" \/>\n<meta property=\"og:image\" content=\"https:\/\/weltlaeden.de\/teublitz\/wp-content\/uploads\/sites\/206\/2023\/10\/Colorful-People-Wallpaper-1024x576.jpg\" \/>\n<meta name=\"twitter:card\" content=\"summary_large_image\" \/>\n<meta name=\"twitter:label1\" content=\"Gesch\u00e4tzte Lesezeit\" \/>\n\t<meta name=\"twitter:data1\" content=\"4\u00a0Minuten\" \/>\n<script type=\"application\/ld+json\" class=\"yoast-schema-graph\">{\"@context\":\"https:\/\/schema.org\",\"@graph\":[{\"@type\":\"WebPage\",\"@id\":\"https:\/\/weltlaeden.de\/teublitz\/ueber-uns\/\",\"url\":\"https:\/\/weltlaeden.de\/teublitz\/ueber-uns\/\",\"name\":\"\u00dcber uns - Weltladen Teublitz\",\"isPartOf\":{\"@id\":\"https:\/\/weltlaeden.de\/teublitz\/#website\"},\"primaryImageOfPage\":{\"@id\":\"https:\/\/weltlaeden.de\/teublitz\/ueber-uns\/#primaryimage\"},\"image\":{\"@id\":\"https:\/\/weltlaeden.de\/teublitz\/ueber-uns\/#primaryimage\"},\"thumbnailUrl\":\"https:\/\/weltlaeden.de\/teublitz\/wp-content\/uploads\/sites\/206\/2023\/10\/Colorful-People-Wallpaper-1024x576.jpg\",\"datePublished\":\"2016-10-28T11:34:47+00:00\",\"dateModified\":\"2023-11-06T09:08:19+00:00\",\"breadcrumb\":{\"@id\":\"https:\/\/weltlaeden.de\/teublitz\/ueber-uns\/#breadcrumb\"},\"inLanguage\":\"de\",\"potentialAction\":[{\"@type\":\"ReadAction\",\"target\":[\"https:\/\/weltlaeden.de\/teublitz\/ueber-uns\/\"]}]},{\"@type\":\"ImageObject\",\"inLanguage\":\"de\",\"@id\":\"https:\/\/weltlaeden.de\/teublitz\/ueber-uns\/#primaryimage\",\"url\":\"https:\/\/weltlaeden.de\/teublitz\/wp-content\/uploads\/sites\/206\/2023\/10\/Colorful-People-Wallpaper.jpg\",\"contentUrl\":\"https:\/\/weltlaeden.de\/teublitz\/wp-content\/uploads\/sites\/206\/2023\/10\/Colorful-People-Wallpaper.jpg\",\"width\":1920,\"height\":1080},{\"@type\":\"BreadcrumbList\",\"@id\":\"https:\/\/weltlaeden.de\/teublitz\/ueber-uns\/#breadcrumb\",\"itemListElement\":[{\"@type\":\"ListItem\",\"position\":1,\"name\":\"Startseite\",\"item\":\"https:\/\/weltlaeden.de\/teublitz\/\"},{\"@type\":\"ListItem\",\"position\":2,\"name\":\"\u00dcber uns\"}]},{\"@type\":\"WebSite\",\"@id\":\"https:\/\/weltlaeden.de\/teublitz\/#website\",\"url\":\"https:\/\/weltlaeden.de\/teublitz\/\",\"name\":\"Weltladen Teublitz\",\"description\":\"Faire Produkte seit 1990\",\"potentialAction\":[{\"@type\":\"SearchAction\",\"target\":{\"@type\":\"EntryPoint\",\"urlTemplate\":\"https:\/\/weltlaeden.de\/teublitz\/?s={search_term_string}\"},\"query-input\":{\"@type\":\"PropertyValueSpecification\",\"valueRequired\":true,\"valueName\":\"search_term_string\"}}],\"inLanguage\":\"de\"}]}<\/script>\n<!-- \/ Yoast SEO plugin. -->","yoast_head_json":{"title":"\u00dcber uns - Weltladen Teublitz","robots":{"index":"index","follow":"follow","max-snippet":"max-snippet:-1","max-image-preview":"max-image-preview:large","max-video-preview":"max-video-preview:-1"},"canonical":"https:\/\/weltlaeden.de\/teublitz\/ueber-uns\/","og_locale":"de_DE","og_type":"article","og_title":"\u00dcber uns - Weltladen Teublitz","og_description":"[vc_row][vc_column][vc_empty_space][vc_column_text] \u00dcber den Weltladen Teublitz Die Geschichte des Ladens Der Startpunkt unserer Ladengeschichte l\u00e4sst sich eigentlich nicht mehr genau aufs Jahr festlegen. Fest steht, dass in den fr\u00fchen 1980gern eine Gruppe Jugendlicher unterst\u00fctzt durch den damaligen Stadtpfarrer Hartl begannen, zu bestimmten Anl\u00e4ssen, wie etwa Weltmissionssonntag, fair gehandelte Waren zu verkaufen. Nach und nach wurde ein&hellip;","og_url":"https:\/\/weltlaeden.de\/teublitz\/ueber-uns\/","og_site_name":"Weltladen Teublitz","article_modified_time":"2023-11-06T09:08:19+00:00","og_image":[{"url":"https:\/\/weltlaeden.de\/teublitz\/wp-content\/uploads\/sites\/206\/2023\/10\/Colorful-People-Wallpaper-1024x576.jpg","type":"","width":"","height":""}],"twitter_card":"summary_large_image","twitter_misc":{"Gesch\u00e4tzte Lesezeit":"4\u00a0Minuten"},"schema":{"@context":"https:\/\/schema.org","@graph":[{"@type":"WebPage","@id":"https:\/\/weltlaeden.de\/teublitz\/ueber-uns\/","url":"https:\/\/weltlaeden.de\/teublitz\/ueber-uns\/","name":"\u00dcber uns - Weltladen Teublitz","isPartOf":{"@id":"https:\/\/weltlaeden.de\/teublitz\/#website"},"primaryImageOfPage":{"@id":"https:\/\/weltlaeden.de\/teublitz\/ueber-uns\/#primaryimage"},"image":{"@id":"https:\/\/weltlaeden.de\/teublitz\/ueber-uns\/#primaryimage"},"thumbnailUrl":"https:\/\/weltlaeden.de\/teublitz\/wp-content\/uploads\/sites\/206\/2023\/10\/Colorful-People-Wallpaper-1024x576.jpg","datePublished":"2016-10-28T11:34:47+00:00","dateModified":"2023-11-06T09:08:19+00:00","breadcrumb":{"@id":"https:\/\/weltlaeden.de\/teublitz\/ueber-uns\/#breadcrumb"},"inLanguage":"de","potentialAction":[{"@type":"ReadAction","target":["https:\/\/weltlaeden.de\/teublitz\/ueber-uns\/"]}]},{"@type":"ImageObject","inLanguage":"de","@id":"https:\/\/weltlaeden.de\/teublitz\/ueber-uns\/#primaryimage","url":"https:\/\/weltlaeden.de\/teublitz\/wp-content\/uploads\/sites\/206\/2023\/10\/Colorful-People-Wallpaper.jpg","contentUrl":"https:\/\/weltlaeden.de\/teublitz\/wp-content\/uploads\/sites\/206\/2023\/10\/Colorful-People-Wallpaper.jpg","width":1920,"height":1080},{"@type":"BreadcrumbList","@id":"https:\/\/weltlaeden.de\/teublitz\/ueber-uns\/#breadcrumb","itemListElement":[{"@type":"ListItem","position":1,"name":"Startseite","item":"https:\/\/weltlaeden.de\/teublitz\/"},{"@type":"ListItem","position":2,"name":"\u00dcber uns"}]},{"@type":"WebSite","@id":"https:\/\/weltlaeden.de\/teublitz\/#website","url":"https:\/\/weltlaeden.de\/teublitz\/","name":"Weltladen Teublitz","description":"Faire Produkte seit 1990","potentialAction":[{"@type":"SearchAction","target":{"@type":"EntryPoint","urlTemplate":"https:\/\/weltlaeden.de\/teublitz\/?s={search_term_string}"},"query-input":{"@type":"PropertyValueSpecification","valueRequired":true,"valueName":"search_term_string"}}],"inLanguage":"de"}]}},"_links":{"self":[{"href":"https:\/\/weltlaeden.de\/teublitz\/wp-json\/wp\/v2\/pages\/219","targetHints":{"allow":["GET"]}}],"collection":[{"href":"https:\/\/weltlaeden.de\/teublitz\/wp-json\/wp\/v2\/pages"}],"about":[{"href":"https:\/\/weltlaeden.de\/teublitz\/wp-json\/wp\/v2\/types\/page"}],"author":[{"embeddable":true,"href":"https:\/\/weltlaeden.de\/teublitz\/wp-json\/wp\/v2\/users\/1"}],"replies":[{"embeddable":true,"href":"https:\/\/weltlaeden.de\/teublitz\/wp-json\/wp\/v2\/comments?post=219"}],"version-history":[{"count":18,"href":"https:\/\/weltlaeden.de\/teublitz\/wp-json\/wp\/v2\/pages\/219\/revisions"}],"predecessor-version":[{"id":656,"href":"https:\/\/weltlaeden.de\/teublitz\/wp-json\/wp\/v2\/pages\/219\/revisions\/656"}],"wp:attachment":[{"href":"https:\/\/weltlaeden.de\/teublitz\/wp-json\/wp\/v2\/media?parent=219"}],"curies":[{"name":"wp","href":"https:\/\/api.w.org\/{rel}","templated":true}]}}