{"id":217,"date":"2016-10-28T13:34:47","date_gmt":"2016-10-28T11:34:47","guid":{"rendered":"https:\/\/wl.heimpixel.de\/vorlage\/produkte\/"},"modified":"2024-01-04T16:44:52","modified_gmt":"2024-01-04T15:44:52","slug":"produkte","status":"publish","type":"page","link":"https:\/\/weltlaeden.de\/teublitz\/produkte\/","title":{"rendered":"Produkte"},"content":{"rendered":"<div class=\"wpb-content-wrapper\"><p>[vc_row][vc_column][vc_column_text]<\/p>\n<h1>Unser Sortiment<\/h1>\n<p>[\/vc_column_text][vc_column_text] Im Weltladen Teublitz findet Gro\u00df und Klein, was das Herz begehrt.<\/p>\n<h2>[\/vc_column_text][\/vc_column][\/vc_row][vc_row][\/vc_row][vc_column][\/vc_column]<div class=\"wl_einzelbild\"><p><img loading=\"lazy\" decoding=\"async\" class=\"alignleft wp-image-621 size-full\" src=\"https:\/\/weltlaeden.de\/teublitz\/wp-content\/uploads\/sites\/206\/2023\/10\/IMG_6848.jpg\" alt=\"\" width=\"2048\" height=\"752\" \/><\/p><\/div>[vc_empty_space][vc_column_text]<\/h2>\n<h2><strong>Lebensmittel:<\/strong><\/h2>\n<p>Neben den klassischen Fair-Trade-Produkten wie Kaffee, Tee, Schokolade und Gew\u00fcrzen (jeweils \u00fcber 30 Sorten im Sortiment) bieten wir eine gro\u00dfe Auswahl an regionalen und fairen Lebensmitteln aller Art an. Darunter Trockenfr\u00fcchte, N\u00fcsse, M\u00fcsli- &amp; Schokoriegel, Chips, Mehl, M\u00fcsli, Honig, Sossen, Nudeln, Reis, Linsen, Quinoa, S\u00e4fte, Limonaden, Weine (auch alkoholfrei), Rum&#8230;<\/p>\n<h2><strong>Kunsthandwerk: <\/strong><\/h2>\n<p>Wir f\u00fchren Kerzen und Geschirr, K\u00f6rbe, Taschen, Filzblumen, Geldbeutel, Schalen, Klangschalen, exotische Musikinstrumente, Schl\u00fcsselanh\u00e4nger, Traumf\u00e4nger, Girlanden, Specksteinfiguren, Windlichter, Spielsachen und Dekoartikel aller Art.<\/p>\n<h2><strong>Drogerie: <\/strong><\/h2>\n<p>Hygieneartikel, Haar-, K\u00f6rper-&amp; Handseifen, kleinere Massageger\u00e4te, Servietten, R\u00e4ucherwerk, &#8230;<\/p>\n<h2><strong>Textilien: <\/strong><\/h2>\n<p>Schals, Socken, Babykleidung, Geschirrt\u00fccher, Handt\u00fccher, Tischdecken, K\u00fcchen-&amp; Gartensch\u00fcrzen&#8230;<\/p>\n<h2><strong>Schreibwaren: <\/strong><\/h2>\n<p>B\u00fccher, Gru\u00df-&amp; Gl\u00fcckwunschkarten, Bl\u00f6cke, Notizb\u00fccher, Stifte, Ordner, Gebetb\u00fccher, Geschenkverpackungen&#8230;<\/p>\n<h2><strong>Geschenkservice:<\/strong><\/h2>\n<p>Sie suchen Geschenke f\u00fcr Ihre Mitarbeiter, Kunden oder ben\u00f6tigen einen Geschenkkorb? Wir freuen uns, wenn wir Ihre individuellen Geschenke zu jedem Anlass zusammenstellen und verpacken d\u00fcrfen &#8211; nicht nur zu Weihnachten!<\/p>\n<p>Selbstverst\u00e4ndlich gibts bei uns auch Gutscheine &#8211; Informationen daf\u00fcr finden Sie hier: <a href=\"https:\/\/weltlaeden.de\/teublitz\/weltladen-gutschein\/\">https:\/\/weltlaeden.de\/teublitz\/weltladen-gutschein\/<\/a><\/p>\n<p>&nbsp;<\/p>\n<p><img loading=\"lazy\" decoding=\"async\" class=\"alignnone wp-image-620\" src=\"https:\/\/weltlaeden.de\/teublitz\/wp-content\/uploads\/sites\/206\/2023\/10\/IMG_6845-300x258.jpg\" alt=\"\" width=\"226\" height=\"194\" srcset=\"https:\/\/weltlaeden.de\/teublitz\/wp-content\/uploads\/sites\/206\/2023\/10\/IMG_6845-300x258.jpg 300w, https:\/\/weltlaeden.de\/teublitz\/wp-content\/uploads\/sites\/206\/2023\/10\/IMG_6845-1024x880.jpg 1024w, https:\/\/weltlaeden.de\/teublitz\/wp-content\/uploads\/sites\/206\/2023\/10\/IMG_6845-768x660.jpg 768w, https:\/\/weltlaeden.de\/teublitz\/wp-content\/uploads\/sites\/206\/2023\/10\/IMG_6845-1536x1320.jpg 1536w, https:\/\/weltlaeden.de\/teublitz\/wp-content\/uploads\/sites\/206\/2023\/10\/IMG_6845.jpg 2048w\" sizes=\"auto, (max-width: 226px) 100vw, 226px\" \/><img loading=\"lazy\" decoding=\"async\" class=\"alignnone wp-image-629\" src=\"https:\/\/weltlaeden.de\/teublitz\/wp-content\/uploads\/sites\/206\/2023\/10\/IMG_6850-300x187.jpg\" alt=\"\" width=\"310\" height=\"193\" srcset=\"https:\/\/weltlaeden.de\/teublitz\/wp-content\/uploads\/sites\/206\/2023\/10\/IMG_6850-300x187.jpg 300w, https:\/\/weltlaeden.de\/teublitz\/wp-content\/uploads\/sites\/206\/2023\/10\/IMG_6850-1024x639.jpg 1024w, https:\/\/weltlaeden.de\/teublitz\/wp-content\/uploads\/sites\/206\/2023\/10\/IMG_6850-768x479.jpg 768w, https:\/\/weltlaeden.de\/teublitz\/wp-content\/uploads\/sites\/206\/2023\/10\/IMG_6850-1536x959.jpg 1536w, https:\/\/weltlaeden.de\/teublitz\/wp-content\/uploads\/sites\/206\/2023\/10\/IMG_6850.jpg 1565w\" sizes=\"auto, (max-width: 310px) 100vw, 310px\" \/><img loading=\"lazy\" decoding=\"async\" class=\"alignnone wp-image-634\" src=\"https:\/\/weltlaeden.de\/teublitz\/wp-content\/uploads\/sites\/206\/2023\/10\/IMG_6852-300x286.jpg\" alt=\"\" width=\"202\" height=\"193\" srcset=\"https:\/\/weltlaeden.de\/teublitz\/wp-content\/uploads\/sites\/206\/2023\/10\/IMG_6852-300x286.jpg 300w, https:\/\/weltlaeden.de\/teublitz\/wp-content\/uploads\/sites\/206\/2023\/10\/IMG_6852-1024x977.jpg 1024w, https:\/\/weltlaeden.de\/teublitz\/wp-content\/uploads\/sites\/206\/2023\/10\/IMG_6852-768x733.jpg 768w, https:\/\/weltlaeden.de\/teublitz\/wp-content\/uploads\/sites\/206\/2023\/10\/IMG_6852-1536x1466.jpg 1536w, https:\/\/weltlaeden.de\/teublitz\/wp-content\/uploads\/sites\/206\/2023\/10\/IMG_6852.jpg 2048w\" sizes=\"auto, (max-width: 202px) 100vw, 202px\" \/><\/p>\n<h3>Was wir nicht oder nicht in ausreichender Menge im Laden haben, finden und bestellen wir gerne f\u00fcr Sie bei einem unserer Handelspartner. Sprechen Sie uns an.<\/h3>\n<p><strong>Selbstverst\u00e4ndlich gibts im Weltladen auch saisonale Ware wie Nikol\u00e4use, Osterhasen und entsprechende Dekoartikel. Sie ben\u00f6tigen gr\u00f6\u00dfere St\u00fcckzahlen f\u00fcr Schule, Kindergarten, Verein u.s.w? Gerne nehmen wir Ihre Bestellung fr\u00fchzeitig entgegen.<\/strong><\/p>\n<p>&nbsp;<\/p>\n<h3><strong>F\u00fcr Wiederverk\u00e4ufer: <\/strong><\/h3>\n<p>Sie m\u00f6chten einen eigenen Verkauf starten? Ob einmalig zum Weltmissionssonntag oder dauerhaft per Schulweltladen oder regelm\u00e4\u00dfige Aktion\u00a0 -gerne beraten wir Sie und stehen mit attraktiven Konditionen wie Rabatte und \/ oder Kauf auf Kommission an Ihrer Seite.[\/vc_column_text][vc_empty_space][vc_column_inner width=&#8220;1\/2&#8243;][\/vc_column_inner]<\/p>\n<\/div>","protected":false},"excerpt":{"rendered":"<p>[vc_row][vc_column][vc_column_text] Unser Sortiment [\/vc_column_text][vc_column_text] Im Weltladen Teublitz findet Gro\u00df und Klein, was das Herz begehrt. [\/vc_column_text][\/vc_column][\/vc_row][vc_row][\/vc_row][vc_column][\/vc_column][vc_empty_space][vc_column_text] Lebensmittel: Neben den klassischen Fair-Trade-Produkten wie Kaffee, Tee, Schokolade und Gew\u00fcrzen (jeweils \u00fcber 30 Sorten im Sortiment) bieten wir eine gro\u00dfe Auswahl an regionalen und fairen Lebensmitteln aller Art an. Darunter Trockenfr\u00fcchte, N\u00fcsse, M\u00fcsli- &amp; Schokoriegel, Chips, Mehl, M\u00fcsli,&hellip;<\/p>\n","protected":false},"author":1,"featured_media":332,"parent":0,"menu_order":4,"comment_status":"closed","ping_status":"closed","template":"","meta":{"footnotes":""},"class_list":["post-217","page","type-page","status-publish","has-post-thumbnail","hentry","description-off"],"yoast_head":"<!-- This site is optimized with the Yoast SEO plugin v26.8 - https:\/\/yoast.com\/product\/yoast-seo-wordpress\/ -->\n<title>Produkte - Weltladen Teublitz<\/title>\n<meta name=\"robots\" content=\"index, follow, max-snippet:-1, max-image-preview:large, max-video-preview:-1\" \/>\n<link rel=\"canonical\" href=\"https:\/\/weltlaeden.de\/teublitz\/produkte\/\" \/>\n<meta property=\"og:locale\" content=\"de_DE\" \/>\n<meta property=\"og:type\" content=\"article\" \/>\n<meta property=\"og:title\" content=\"Produkte - Weltladen Teublitz\" \/>\n<meta property=\"og:description\" content=\"[vc_row][vc_column][vc_column_text] Unser Sortiment [\/vc_column_text][vc_column_text] Im Weltladen Teublitz findet Gro\u00df und Klein, was das Herz begehrt. [\/vc_column_text][\/vc_column][\/vc_row][vc_row][\/vc_row][vc_column][\/vc_column][vc_empty_space][vc_column_text] Lebensmittel: Neben den klassischen Fair-Trade-Produkten wie Kaffee, Tee, Schokolade und Gew\u00fcrzen (jeweils \u00fcber 30 Sorten im Sortiment) bieten wir eine gro\u00dfe Auswahl an regionalen und fairen Lebensmitteln aller Art an. Darunter Trockenfr\u00fcchte, N\u00fcsse, M\u00fcsli- &amp; Schokoriegel, Chips, Mehl, M\u00fcsli,&hellip;\" \/>\n<meta property=\"og:url\" content=\"https:\/\/weltlaeden.de\/teublitz\/produkte\/\" \/>\n<meta property=\"og:site_name\" content=\"Weltladen Teublitz\" \/>\n<meta property=\"article:modified_time\" content=\"2024-01-04T15:44:52+00:00\" \/>\n<meta property=\"og:image\" content=\"https:\/\/weltlaeden.de\/teublitz\/wp-content\/uploads\/sites\/206\/2017\/04\/chocolate-2224998_1280-e1492960711540.jpg\" \/>\n\t<meta property=\"og:image:width\" content=\"1280\" \/>\n\t<meta property=\"og:image:height\" content=\"457\" \/>\n\t<meta property=\"og:image:type\" content=\"image\/jpeg\" \/>\n<meta name=\"twitter:card\" content=\"summary_large_image\" \/>\n<meta name=\"twitter:label1\" content=\"Gesch\u00e4tzte Lesezeit\" \/>\n\t<meta name=\"twitter:data1\" content=\"3\u00a0Minuten\" \/>\n<script type=\"application\/ld+json\" class=\"yoast-schema-graph\">{\"@context\":\"https:\/\/schema.org\",\"@graph\":[{\"@type\":\"WebPage\",\"@id\":\"https:\/\/weltlaeden.de\/teublitz\/produkte\/\",\"url\":\"https:\/\/weltlaeden.de\/teublitz\/produkte\/\",\"name\":\"Produkte - Weltladen Teublitz\",\"isPartOf\":{\"@id\":\"https:\/\/weltlaeden.de\/teublitz\/#website\"},\"primaryImageOfPage\":{\"@id\":\"https:\/\/weltlaeden.de\/teublitz\/produkte\/#primaryimage\"},\"image\":{\"@id\":\"https:\/\/weltlaeden.de\/teublitz\/produkte\/#primaryimage\"},\"thumbnailUrl\":\"https:\/\/weltlaeden.de\/teublitz\/wp-content\/uploads\/sites\/206\/2017\/04\/chocolate-2224998_1280-e1492960711540.jpg\",\"datePublished\":\"2016-10-28T11:34:47+00:00\",\"dateModified\":\"2024-01-04T15:44:52+00:00\",\"breadcrumb\":{\"@id\":\"https:\/\/weltlaeden.de\/teublitz\/produkte\/#breadcrumb\"},\"inLanguage\":\"de\",\"potentialAction\":[{\"@type\":\"ReadAction\",\"target\":[\"https:\/\/weltlaeden.de\/teublitz\/produkte\/\"]}]},{\"@type\":\"ImageObject\",\"inLanguage\":\"de\",\"@id\":\"https:\/\/weltlaeden.de\/teublitz\/produkte\/#primaryimage\",\"url\":\"https:\/\/weltlaeden.de\/teublitz\/wp-content\/uploads\/sites\/206\/2017\/04\/chocolate-2224998_1280-e1492960711540.jpg\",\"contentUrl\":\"https:\/\/weltlaeden.de\/teublitz\/wp-content\/uploads\/sites\/206\/2017\/04\/chocolate-2224998_1280-e1492960711540.jpg\",\"width\":1280,\"height\":457},{\"@type\":\"BreadcrumbList\",\"@id\":\"https:\/\/weltlaeden.de\/teublitz\/produkte\/#breadcrumb\",\"itemListElement\":[{\"@type\":\"ListItem\",\"position\":1,\"name\":\"Startseite\",\"item\":\"https:\/\/weltlaeden.de\/teublitz\/\"},{\"@type\":\"ListItem\",\"position\":2,\"name\":\"Produkte\"}]},{\"@type\":\"WebSite\",\"@id\":\"https:\/\/weltlaeden.de\/teublitz\/#website\",\"url\":\"https:\/\/weltlaeden.de\/teublitz\/\",\"name\":\"Weltladen Teublitz\",\"description\":\"Faire Produkte seit 1990\",\"potentialAction\":[{\"@type\":\"SearchAction\",\"target\":{\"@type\":\"EntryPoint\",\"urlTemplate\":\"https:\/\/weltlaeden.de\/teublitz\/?s={search_term_string}\"},\"query-input\":{\"@type\":\"PropertyValueSpecification\",\"valueRequired\":true,\"valueName\":\"search_term_string\"}}],\"inLanguage\":\"de\"}]}<\/script>\n<!-- \/ Yoast SEO plugin. -->","yoast_head_json":{"title":"Produkte - Weltladen Teublitz","robots":{"index":"index","follow":"follow","max-snippet":"max-snippet:-1","max-image-preview":"max-image-preview:large","max-video-preview":"max-video-preview:-1"},"canonical":"https:\/\/weltlaeden.de\/teublitz\/produkte\/","og_locale":"de_DE","og_type":"article","og_title":"Produkte - Weltladen Teublitz","og_description":"[vc_row][vc_column][vc_column_text] Unser Sortiment [\/vc_column_text][vc_column_text] Im Weltladen Teublitz findet Gro\u00df und Klein, was das Herz begehrt. [\/vc_column_text][\/vc_column][\/vc_row][vc_row][\/vc_row][vc_column][\/vc_column][vc_empty_space][vc_column_text] Lebensmittel: Neben den klassischen Fair-Trade-Produkten wie Kaffee, Tee, Schokolade und Gew\u00fcrzen (jeweils \u00fcber 30 Sorten im Sortiment) bieten wir eine gro\u00dfe Auswahl an regionalen und fairen Lebensmitteln aller Art an. Darunter Trockenfr\u00fcchte, N\u00fcsse, M\u00fcsli- &amp; Schokoriegel, Chips, Mehl, M\u00fcsli,&hellip;","og_url":"https:\/\/weltlaeden.de\/teublitz\/produkte\/","og_site_name":"Weltladen Teublitz","article_modified_time":"2024-01-04T15:44:52+00:00","og_image":[{"width":1280,"height":457,"url":"https:\/\/weltlaeden.de\/teublitz\/wp-content\/uploads\/sites\/206\/2017\/04\/chocolate-2224998_1280-e1492960711540.jpg","type":"image\/jpeg"}],"twitter_card":"summary_large_image","twitter_misc":{"Gesch\u00e4tzte Lesezeit":"3\u00a0Minuten"},"schema":{"@context":"https:\/\/schema.org","@graph":[{"@type":"WebPage","@id":"https:\/\/weltlaeden.de\/teublitz\/produkte\/","url":"https:\/\/weltlaeden.de\/teublitz\/produkte\/","name":"Produkte - Weltladen Teublitz","isPartOf":{"@id":"https:\/\/weltlaeden.de\/teublitz\/#website"},"primaryImageOfPage":{"@id":"https:\/\/weltlaeden.de\/teublitz\/produkte\/#primaryimage"},"image":{"@id":"https:\/\/weltlaeden.de\/teublitz\/produkte\/#primaryimage"},"thumbnailUrl":"https:\/\/weltlaeden.de\/teublitz\/wp-content\/uploads\/sites\/206\/2017\/04\/chocolate-2224998_1280-e1492960711540.jpg","datePublished":"2016-10-28T11:34:47+00:00","dateModified":"2024-01-04T15:44:52+00:00","breadcrumb":{"@id":"https:\/\/weltlaeden.de\/teublitz\/produkte\/#breadcrumb"},"inLanguage":"de","potentialAction":[{"@type":"ReadAction","target":["https:\/\/weltlaeden.de\/teublitz\/produkte\/"]}]},{"@type":"ImageObject","inLanguage":"de","@id":"https:\/\/weltlaeden.de\/teublitz\/produkte\/#primaryimage","url":"https:\/\/weltlaeden.de\/teublitz\/wp-content\/uploads\/sites\/206\/2017\/04\/chocolate-2224998_1280-e1492960711540.jpg","contentUrl":"https:\/\/weltlaeden.de\/teublitz\/wp-content\/uploads\/sites\/206\/2017\/04\/chocolate-2224998_1280-e1492960711540.jpg","width":1280,"height":457},{"@type":"BreadcrumbList","@id":"https:\/\/weltlaeden.de\/teublitz\/produkte\/#breadcrumb","itemListElement":[{"@type":"ListItem","position":1,"name":"Startseite","item":"https:\/\/weltlaeden.de\/teublitz\/"},{"@type":"ListItem","position":2,"name":"Produkte"}]},{"@type":"WebSite","@id":"https:\/\/weltlaeden.de\/teublitz\/#website","url":"https:\/\/weltlaeden.de\/teublitz\/","name":"Weltladen Teublitz","description":"Faire Produkte seit 1990","potentialAction":[{"@type":"SearchAction","target":{"@type":"EntryPoint","urlTemplate":"https:\/\/weltlaeden.de\/teublitz\/?s={search_term_string}"},"query-input":{"@type":"PropertyValueSpecification","valueRequired":true,"valueName":"search_term_string"}}],"inLanguage":"de"}]}},"_links":{"self":[{"href":"https:\/\/weltlaeden.de\/teublitz\/wp-json\/wp\/v2\/pages\/217","targetHints":{"allow":["GET"]}}],"collection":[{"href":"https:\/\/weltlaeden.de\/teublitz\/wp-json\/wp\/v2\/pages"}],"about":[{"href":"https:\/\/weltlaeden.de\/teublitz\/wp-json\/wp\/v2\/types\/page"}],"author":[{"embeddable":true,"href":"https:\/\/weltlaeden.de\/teublitz\/wp-json\/wp\/v2\/users\/1"}],"replies":[{"embeddable":true,"href":"https:\/\/weltlaeden.de\/teublitz\/wp-json\/wp\/v2\/comments?post=217"}],"version-history":[{"count":27,"href":"https:\/\/weltlaeden.de\/teublitz\/wp-json\/wp\/v2\/pages\/217\/revisions"}],"predecessor-version":[{"id":691,"href":"https:\/\/weltlaeden.de\/teublitz\/wp-json\/wp\/v2\/pages\/217\/revisions\/691"}],"wp:featuredmedia":[{"embeddable":true,"href":"https:\/\/weltlaeden.de\/teublitz\/wp-json\/wp\/v2\/media\/332"}],"wp:attachment":[{"href":"https:\/\/weltlaeden.de\/teublitz\/wp-json\/wp\/v2\/media?parent=217"}],"curies":[{"name":"wp","href":"https:\/\/api.w.org\/{rel}","templated":true}]}}