{"id":20,"date":"2016-10-14T09:05:21","date_gmt":"2016-10-14T07:05:21","guid":{"rendered":"https:\/\/wl.heimpixel.de\/vorlage\/weltladen-musterdorf\/"},"modified":"2024-08-08T18:51:03","modified_gmt":"2024-08-08T16:51:03","slug":"weltladen-musterdorf","status":"publish","type":"page","link":"https:\/\/weltlaeden.de\/teublitz\/","title":{"rendered":"Weltladen Teublitz"},"content":{"rendered":"<div class=\"wpb-content-wrapper\"><p>[vc_row][vc_column]<img loading=\"lazy\" decoding=\"async\" class=\"alignnone size-large wp-image-833\" src=\"https:\/\/weltlaeden.de\/teublitz\/wp-content\/uploads\/sites\/206\/2024\/08\/IMG_8822-1024x768.jpg\" alt=\"\" width=\"1024\" height=\"768\" srcset=\"https:\/\/weltlaeden.de\/teublitz\/wp-content\/uploads\/sites\/206\/2024\/08\/IMG_8822-1024x768.jpg 1024w, https:\/\/weltlaeden.de\/teublitz\/wp-content\/uploads\/sites\/206\/2024\/08\/IMG_8822-300x225.jpg 300w, https:\/\/weltlaeden.de\/teublitz\/wp-content\/uploads\/sites\/206\/2024\/08\/IMG_8822-768x576.jpg 768w, https:\/\/weltlaeden.de\/teublitz\/wp-content\/uploads\/sites\/206\/2024\/08\/IMG_8822-1536x1152.jpg 1536w, https:\/\/weltlaeden.de\/teublitz\/wp-content\/uploads\/sites\/206\/2024\/08\/IMG_8822.jpg 2016w\" sizes=\"auto, (max-width: 1024px) 100vw, 1024px\" \/>[vc_column_text][\/vc_column_text][\/vc_column][\/vc_row][vc_row][vc_column]<div class=\"wl_einzelbild\"><p><\/p><\/div>[vc_empty_space height=&#8220;20px&#8220;][\/vc_column][\/vc_row][vc_row][vc_column][vc_column_text]<\/p>\n<h1 style=\"text-align: left\">Willkommen im Weltladen Teublitz!<\/h1>\n<p>[\/vc_column_text][vc_column_text] Hier finden Sie Infos \u00fcber den fairen Handel, unseren gemeinn\u00fctzigen Verein &#8222;Eine-Welt-Laden-Teublitz e.V., den Weltladen Teublitz, die EineWeltStation f\u00fcr globales Lernen und vieles mehr. Wir freuen uns \u00fcber Ihr Interesse, Ihren Besuch, Ihren Einkauf und nat\u00fcrlich auch dar\u00fcber, wenn Sie etwas Zeit haben und ehrenamtlich mithelfen m\u00f6chten.<\/p>\n<p><strong>\u00dcbrigens:<\/strong> in jeder geraden Kalenderwoche Mittwochs gibts fair gehandelte, ungespritze <span style=\"color: #ff6600\">Bananen<\/span> im Laden &#8211; holt euch die faire Vitaminbombe!<\/p>\n<p><strong>Au\u00dferdem:<\/strong> wir sind auch Sammelstelle f\u00fcr <span style=\"color: #ff6600\">Brillen<\/span> ohne Grenzen (www.brillen-ohne-grenzen.de) &#8211; einfach vorbeibringen! [\/vc_column_text][vc_empty_space height=&#8220;30px&#8220;][\/vc_column][\/vc_row][vc_row][vc_column][vc_column_text]<\/p>\n<h2>Was Sie auf dieser Website finden:<\/h2>\n<p>[\/vc_column_text][vc_empty_space height=&#8220;20px&#8220;][vc_row_inner][vc_column_inner width=&#8220;1\/4&#8243;]<div class=\"wl_einzelbild\"><p><img loading=\"lazy\" decoding=\"async\" class=\"alignnone size-medium wp-image-823\" src=\"https:\/\/weltlaeden.de\/teublitz\/wp-content\/uploads\/sites\/206\/2024\/08\/IMG_8784-300x225.jpg\" alt=\"\" width=\"300\" height=\"225\" srcset=\"https:\/\/weltlaeden.de\/teublitz\/wp-content\/uploads\/sites\/206\/2024\/08\/IMG_8784-300x225.jpg 300w, https:\/\/weltlaeden.de\/teublitz\/wp-content\/uploads\/sites\/206\/2024\/08\/IMG_8784-1024x768.jpg 1024w, https:\/\/weltlaeden.de\/teublitz\/wp-content\/uploads\/sites\/206\/2024\/08\/IMG_8784-768x576.jpg 768w, https:\/\/weltlaeden.de\/teublitz\/wp-content\/uploads\/sites\/206\/2024\/08\/IMG_8784-1536x1152.jpg 1536w, https:\/\/weltlaeden.de\/teublitz\/wp-content\/uploads\/sites\/206\/2024\/08\/IMG_8784.jpg 2016w\" sizes=\"auto, (max-width: 300px) 100vw, 300px\" \/><\/p><\/div>[\/vc_column_inner][vc_column_inner width=&#8220;3\/4&#8243;][vc_column_text]<\/p>\n<h3>Fairer Handel<\/h3>\n<p>Was meint Fairer Handel \u00fcberhaupt? Welche Kriterien m\u00fcssen eingehalten werden und wer \u00fcberpr\u00fcft diese? <a href=\"?pagename=fairer-handel\">Erfahren Sie mehr &#8230;<\/a>[\/vc_column_text][\/vc_column_inner][\/vc_row_inner][vc_separator][vc_row_inner][vc_column_inner width=&#8220;1\/4&#8243;]<div class=\"wl_einzelbild\"><p><img loading=\"lazy\" decoding=\"async\" class=\"alignnone wp-image-805 size-thumbnail\" src=\"https:\/\/weltlaeden.de\/teublitz\/wp-content\/uploads\/sites\/206\/2024\/08\/IMG_8733-150x150.jpg\" alt=\"\" width=\"150\" height=\"150\" \/><\/p><\/div>[\/vc_column_inner][vc_column_inner width=&#8220;3\/4&#8243;][vc_column_text]<\/p>\n<h3>Produkte<\/h3>\n<p>Unsere Produkte im Weltladen sind nat\u00fcrlich alle aus Fairem Handel, dennoch kommen sie von unterschiedlichen Fair-Handels-Importeuren. <a href=\"?pagename=produkte\">Hier zeigen wir Ihnen unser Sortiment &#8230;<\/a>[\/vc_column_text][\/vc_column_inner][\/vc_row_inner][vc_separator][vc_row_inner][vc_column_inner width=&#8220;1\/4&#8243;]<div class=\"wl_einzelbild\"><p><img loading=\"lazy\" decoding=\"async\" class=\"alignnone size-thumbnail wp-image-854\" src=\"https:\/\/weltlaeden.de\/teublitz\/wp-content\/uploads\/sites\/206\/2024\/08\/37119ee4-802e-49fb-818c-d3e73a81c334-150x150.jpg\" alt=\"\" width=\"150\" height=\"150\" \/><\/p><\/div>[\/vc_column_inner][vc_column_inner width=&#8220;3\/4&#8243;][vc_column_text]<\/p>\n<h3>\u00dcber uns<\/h3>\n<p>Wer wir sind, warum wir uns f\u00fcr Fairen Handel engagieren und wie man bei uns mitmachen kann &#8211; <a href=\"?pagename=ueber-uns\">hier stellen wir uns vor &#8230;<\/a>[\/vc_column_text][\/vc_column_inner][\/vc_row_inner][vc_separator][vc_row_inner][vc_column_inner width=&#8220;1\/4&#8243;]<div class=\"wl_einzelbild\"><p><img loading=\"lazy\" decoding=\"async\" class=\"alignleft size-full wp-image-nsm-3-35\" src=\"https:\/\/weltlaeden.de\/vorlage\/wp-content\/uploads\/sites\/3\/2018\/08\/pocket-watch-1637396_1920_150x150.png\" alt=\"\" width=\"150\" height=\"150\" \/><\/p><\/div>[\/vc_column_inner][vc_column_inner width=&#8220;3\/4&#8243;][vc_column_text]<\/p>\n<h3>Termine<\/h3>\n<p>Bei uns ist immer etwas los! Wir treffen uns monatlich zu Ladensitzungen und Fortbildungen, organisieren aber auch immer mal wieder eine Veranstaltung zum Fairen Handel und verwandten Themen. Sie m\u00f6chten mitmachen? kommen Sie einfach zu unserer Ladensitzung <a href=\"https:\/\/weltlaeden.de\/teublitz\/termine\/\">Hier erfahren Sie was bei uns los ist \u2026<\/a>[\/vc_column_text][\/vc_column_inner][\/vc_row_inner][vc_separator][vc_empty_space][\/vc_column][\/vc_row][vc_row][\/vc_row][vc_column][\/vc_column][vc_column_text]<\/p>\n<p>&nbsp;<\/p>\n<\/div>","protected":false},"excerpt":{"rendered":"<p>[vc_row][vc_column][vc_column_text][\/vc_column_text][\/vc_column][\/vc_row][vc_row][vc_column][vc_empty_space height=&#8220;20px&#8220;][\/vc_column][\/vc_row][vc_row][vc_column][vc_column_text] Willkommen im Weltladen Teublitz! [\/vc_column_text][vc_column_text] Hier finden Sie Infos \u00fcber den fairen Handel, unseren gemeinn\u00fctzigen Verein &#8222;Eine-Welt-Laden-Teublitz e.V., den Weltladen Teublitz, die EineWeltStation f\u00fcr globales Lernen und vieles mehr. Wir freuen uns \u00fcber Ihr Interesse, Ihren Besuch, Ihren Einkauf und nat\u00fcrlich auch dar\u00fcber, wenn Sie etwas Zeit haben und ehrenamtlich mithelfen m\u00f6chten. \u00dcbrigens:&hellip;<\/p>\n","protected":false},"author":1,"featured_media":0,"parent":0,"menu_order":0,"comment_status":"closed","ping_status":"closed","template":"","meta":{"footnotes":""},"class_list":["post-20","page","type-page","status-publish","hentry","description-off"],"yoast_head":"<!-- This site is optimized with the Yoast SEO plugin v26.8 - https:\/\/yoast.com\/product\/yoast-seo-wordpress\/ -->\n<title>Weltladen Teublitz - Weltladen Teublitz<\/title>\n<meta name=\"robots\" content=\"index, follow, max-snippet:-1, max-image-preview:large, max-video-preview:-1\" \/>\n<link rel=\"canonical\" href=\"https:\/\/weltlaeden.de\/teublitz\/\" \/>\n<meta property=\"og:locale\" content=\"de_DE\" \/>\n<meta property=\"og:type\" content=\"article\" \/>\n<meta property=\"og:title\" content=\"Weltladen Teublitz - Weltladen Teublitz\" \/>\n<meta property=\"og:description\" content=\"[vc_row][vc_column][vc_column_text][\/vc_column_text][\/vc_column][\/vc_row][vc_row][vc_column][vc_empty_space height=&#8220;20px&#8220;][\/vc_column][\/vc_row][vc_row][vc_column][vc_column_text] Willkommen im Weltladen Teublitz! [\/vc_column_text][vc_column_text] Hier finden Sie Infos \u00fcber den fairen Handel, unseren gemeinn\u00fctzigen Verein &#8222;Eine-Welt-Laden-Teublitz e.V., den Weltladen Teublitz, die EineWeltStation f\u00fcr globales Lernen und vieles mehr. Wir freuen uns \u00fcber Ihr Interesse, Ihren Besuch, Ihren Einkauf und nat\u00fcrlich auch dar\u00fcber, wenn Sie etwas Zeit haben und ehrenamtlich mithelfen m\u00f6chten. \u00dcbrigens:&hellip;\" \/>\n<meta property=\"og:url\" content=\"https:\/\/weltlaeden.de\/teublitz\/\" \/>\n<meta property=\"og:site_name\" content=\"Weltladen Teublitz\" \/>\n<meta property=\"article:modified_time\" content=\"2024-08-08T16:51:03+00:00\" \/>\n<meta property=\"og:image\" content=\"https:\/\/weltlaeden.de\/teublitz\/wp-content\/uploads\/sites\/206\/2024\/08\/IMG_8822-1024x768.jpg\" \/>\n<meta name=\"twitter:card\" content=\"summary_large_image\" \/>\n<meta name=\"twitter:label1\" content=\"Gesch\u00e4tzte Lesezeit\" \/>\n\t<meta name=\"twitter:data1\" content=\"3\u00a0Minuten\" \/>\n<script type=\"application\/ld+json\" class=\"yoast-schema-graph\">{\"@context\":\"https:\/\/schema.org\",\"@graph\":[{\"@type\":\"WebPage\",\"@id\":\"https:\/\/weltlaeden.de\/teublitz\/\",\"url\":\"https:\/\/weltlaeden.de\/teublitz\/\",\"name\":\"Weltladen Teublitz - Weltladen Teublitz\",\"isPartOf\":{\"@id\":\"https:\/\/weltlaeden.de\/teublitz\/#website\"},\"primaryImageOfPage\":{\"@id\":\"https:\/\/weltlaeden.de\/teublitz\/#primaryimage\"},\"image\":{\"@id\":\"https:\/\/weltlaeden.de\/teublitz\/#primaryimage\"},\"thumbnailUrl\":\"https:\/\/weltlaeden.de\/teublitz\/wp-content\/uploads\/sites\/206\/2024\/08\/IMG_8822-1024x768.jpg\",\"datePublished\":\"2016-10-14T07:05:21+00:00\",\"dateModified\":\"2024-08-08T16:51:03+00:00\",\"breadcrumb\":{\"@id\":\"https:\/\/weltlaeden.de\/teublitz\/#breadcrumb\"},\"inLanguage\":\"de\",\"potentialAction\":[{\"@type\":\"ReadAction\",\"target\":[\"https:\/\/weltlaeden.de\/teublitz\/\"]}]},{\"@type\":\"ImageObject\",\"inLanguage\":\"de\",\"@id\":\"https:\/\/weltlaeden.de\/teublitz\/#primaryimage\",\"url\":\"https:\/\/weltlaeden.de\/teublitz\/wp-content\/uploads\/sites\/206\/2024\/08\/IMG_8822.jpg\",\"contentUrl\":\"https:\/\/weltlaeden.de\/teublitz\/wp-content\/uploads\/sites\/206\/2024\/08\/IMG_8822.jpg\",\"width\":2016,\"height\":1512},{\"@type\":\"BreadcrumbList\",\"@id\":\"https:\/\/weltlaeden.de\/teublitz\/#breadcrumb\",\"itemListElement\":[{\"@type\":\"ListItem\",\"position\":1,\"name\":\"Startseite\",\"item\":\"https:\/\/weltlaeden.de\/teublitz\/\"},{\"@type\":\"ListItem\",\"position\":2,\"name\":\"Weltladen Teublitz\"}]},{\"@type\":\"WebSite\",\"@id\":\"https:\/\/weltlaeden.de\/teublitz\/#website\",\"url\":\"https:\/\/weltlaeden.de\/teublitz\/\",\"name\":\"Weltladen Teublitz\",\"description\":\"Faire Produkte seit 1990\",\"potentialAction\":[{\"@type\":\"SearchAction\",\"target\":{\"@type\":\"EntryPoint\",\"urlTemplate\":\"https:\/\/weltlaeden.de\/teublitz\/?s={search_term_string}\"},\"query-input\":{\"@type\":\"PropertyValueSpecification\",\"valueRequired\":true,\"valueName\":\"search_term_string\"}}],\"inLanguage\":\"de\"}]}<\/script>\n<!-- \/ Yoast SEO plugin. -->","yoast_head_json":{"title":"Weltladen Teublitz - Weltladen Teublitz","robots":{"index":"index","follow":"follow","max-snippet":"max-snippet:-1","max-image-preview":"max-image-preview:large","max-video-preview":"max-video-preview:-1"},"canonical":"https:\/\/weltlaeden.de\/teublitz\/","og_locale":"de_DE","og_type":"article","og_title":"Weltladen Teublitz - Weltladen Teublitz","og_description":"[vc_row][vc_column][vc_column_text][\/vc_column_text][\/vc_column][\/vc_row][vc_row][vc_column][vc_empty_space height=&#8220;20px&#8220;][\/vc_column][\/vc_row][vc_row][vc_column][vc_column_text] Willkommen im Weltladen Teublitz! [\/vc_column_text][vc_column_text] Hier finden Sie Infos \u00fcber den fairen Handel, unseren gemeinn\u00fctzigen Verein &#8222;Eine-Welt-Laden-Teublitz e.V., den Weltladen Teublitz, die EineWeltStation f\u00fcr globales Lernen und vieles mehr. Wir freuen uns \u00fcber Ihr Interesse, Ihren Besuch, Ihren Einkauf und nat\u00fcrlich auch dar\u00fcber, wenn Sie etwas Zeit haben und ehrenamtlich mithelfen m\u00f6chten. \u00dcbrigens:&hellip;","og_url":"https:\/\/weltlaeden.de\/teublitz\/","og_site_name":"Weltladen Teublitz","article_modified_time":"2024-08-08T16:51:03+00:00","og_image":[{"url":"https:\/\/weltlaeden.de\/teublitz\/wp-content\/uploads\/sites\/206\/2024\/08\/IMG_8822-1024x768.jpg","type":"","width":"","height":""}],"twitter_card":"summary_large_image","twitter_misc":{"Gesch\u00e4tzte Lesezeit":"3\u00a0Minuten"},"schema":{"@context":"https:\/\/schema.org","@graph":[{"@type":"WebPage","@id":"https:\/\/weltlaeden.de\/teublitz\/","url":"https:\/\/weltlaeden.de\/teublitz\/","name":"Weltladen Teublitz - Weltladen Teublitz","isPartOf":{"@id":"https:\/\/weltlaeden.de\/teublitz\/#website"},"primaryImageOfPage":{"@id":"https:\/\/weltlaeden.de\/teublitz\/#primaryimage"},"image":{"@id":"https:\/\/weltlaeden.de\/teublitz\/#primaryimage"},"thumbnailUrl":"https:\/\/weltlaeden.de\/teublitz\/wp-content\/uploads\/sites\/206\/2024\/08\/IMG_8822-1024x768.jpg","datePublished":"2016-10-14T07:05:21+00:00","dateModified":"2024-08-08T16:51:03+00:00","breadcrumb":{"@id":"https:\/\/weltlaeden.de\/teublitz\/#breadcrumb"},"inLanguage":"de","potentialAction":[{"@type":"ReadAction","target":["https:\/\/weltlaeden.de\/teublitz\/"]}]},{"@type":"ImageObject","inLanguage":"de","@id":"https:\/\/weltlaeden.de\/teublitz\/#primaryimage","url":"https:\/\/weltlaeden.de\/teublitz\/wp-content\/uploads\/sites\/206\/2024\/08\/IMG_8822.jpg","contentUrl":"https:\/\/weltlaeden.de\/teublitz\/wp-content\/uploads\/sites\/206\/2024\/08\/IMG_8822.jpg","width":2016,"height":1512},{"@type":"BreadcrumbList","@id":"https:\/\/weltlaeden.de\/teublitz\/#breadcrumb","itemListElement":[{"@type":"ListItem","position":1,"name":"Startseite","item":"https:\/\/weltlaeden.de\/teublitz\/"},{"@type":"ListItem","position":2,"name":"Weltladen Teublitz"}]},{"@type":"WebSite","@id":"https:\/\/weltlaeden.de\/teublitz\/#website","url":"https:\/\/weltlaeden.de\/teublitz\/","name":"Weltladen Teublitz","description":"Faire Produkte seit 1990","potentialAction":[{"@type":"SearchAction","target":{"@type":"EntryPoint","urlTemplate":"https:\/\/weltlaeden.de\/teublitz\/?s={search_term_string}"},"query-input":{"@type":"PropertyValueSpecification","valueRequired":true,"valueName":"search_term_string"}}],"inLanguage":"de"}]}},"_links":{"self":[{"href":"https:\/\/weltlaeden.de\/teublitz\/wp-json\/wp\/v2\/pages\/20","targetHints":{"allow":["GET"]}}],"collection":[{"href":"https:\/\/weltlaeden.de\/teublitz\/wp-json\/wp\/v2\/pages"}],"about":[{"href":"https:\/\/weltlaeden.de\/teublitz\/wp-json\/wp\/v2\/types\/page"}],"author":[{"embeddable":true,"href":"https:\/\/weltlaeden.de\/teublitz\/wp-json\/wp\/v2\/users\/1"}],"replies":[{"embeddable":true,"href":"https:\/\/weltlaeden.de\/teublitz\/wp-json\/wp\/v2\/comments?post=20"}],"version-history":[{"count":48,"href":"https:\/\/weltlaeden.de\/teublitz\/wp-json\/wp\/v2\/pages\/20\/revisions"}],"predecessor-version":[{"id":855,"href":"https:\/\/weltlaeden.de\/teublitz\/wp-json\/wp\/v2\/pages\/20\/revisions\/855"}],"wp:attachment":[{"href":"https:\/\/weltlaeden.de\/teublitz\/wp-json\/wp\/v2\/media?parent=20"}],"curies":[{"name":"wp","href":"https:\/\/api.w.org\/{rel}","templated":true}]}}