{"id":630,"date":"2021-06-19T14:52:27","date_gmt":"2021-06-19T12:52:27","guid":{"rendered":"https:\/\/weltlaeden.de\/tettnang\/?page_id=630"},"modified":"2024-10-08T18:03:42","modified_gmt":"2024-10-08T16:03:42","slug":"mitmachen-2","status":"publish","type":"page","link":"https:\/\/weltlaeden.de\/tettnang\/ueber-uns\/mitmachen-2\/","title":{"rendered":"Mitmachen"},"content":{"rendered":"<div class=\"wpb-content-wrapper\"><p>[vc_row][vc_column]<div class=\"wl_einzelbild\"><p>\u00a0<\/p><\/div>[vc_column_text]<\/p>\n<h1 style=\"text-align: left\">Mitmachen<\/h1>\n<p>[\/vc_column_text][vc_column_text css=&#8220;&#8220;]<\/p>\n<div id=\"content\" class=\"content\" role=\"main\">\n<div class=\"vc_row wpb_row vc_row-fluid dt-default\">\n<div class=\"wpb_column vc_column_container vc_col-sm-12\">\n<div class=\"vc_column-inner \">\n<div class=\"wpb_wrapper\">\n<div class=\"wpb_text_column wpb_content_element \">\n<div class=\"wpb_wrapper\">\n<p style=\"text-align: justify\"><strong>Wir suchen<\/strong> Menschen, die Lust haben, sich ehrenamtlich f\u00fcr eine offene, transparente, \u00f6kologische und nachhaltige Form des Wirtschaftens zu engagieren. Ob im Verkauf, der Informations- oder Bildungsarbeit \u2013 die M\u00f6glichkeiten, in unserem Team mitzumachen sind vielf\u00e4ltig und lassen sich bestimmt auch in Ihren Alltag integrieren! Neben regelm\u00e4\u00dfigen Aufgaben gibt es bei uns auch immer wieder einzelne zeitlich befristete Projekte, f\u00fcr die wir Unterst\u00fctzer\/innen suchen. Viele Aufgaben erfordern keine speziellen Vorkenntnisse, sondern nur Ihre Bereitschaft, Ihre F\u00e4higkeiten einzubringen und eventuell in neuen Bereichen dazuzulernen.<\/p>\n<p style=\"text-align: justify\"><strong>Wir bieten<\/strong> ein nettes Team aus Engagierten mit vielf\u00e4ltigen M\u00f6glichkeiten, sich selbst einzubringen. Eine Gemeinschaft, die Sie herzlich aufnimmt, einarbeitet und bei Fragen zur Verf\u00fcgung steht. Fortbildungsm\u00f6glichkeiten nach Ihren Interessen und Aufgaben.<\/p>\n<p><strong>Ansprechpartnerin:\u00a0 <\/strong>Eva-Maria Aicher\u00a0 eva.aicher(\u00e4t)weltladen-tettnang.de<\/p>\n<p>&nbsp;<\/p>\n<p><strong>Sie finden<\/strong> unsere Idee gut und wollen uns unterst\u00fctzen? Werden Sie Mitglied in unserem Verein!<\/p>\n<p>Hier finden Sie <a href=\"https:\/\/weltlaeden.de\/tettnang\/wp-content\/uploads\/sites\/165\/2024\/05\/Aufnahmeantrag.pdf\" target=\"_blank\" rel=\"noopener\">Aufnahmeantrag<\/a> (pdf), falls Sie als Organisation beitreten m\u00f6chten, dann finden Sie hier den <a href=\"https:\/\/weltlaeden.de\/tettnang\/wp-content\/uploads\/sites\/165\/2024\/05\/Aufnahmeantrag_jurPerson.pdf\" target=\"_blank\" rel=\"noopener\">Aufnahmeantrag f\u00fcr juristische Personen<\/a>.<\/p>\n<p>Und hier k\u00f6nnen Sie die <a href=\"https:\/\/weltlaeden.de\/tettnang\/wp-content\/uploads\/sites\/165\/2024\/10\/Satzung-2024-03-12.pdf\" target=\"_blank\" rel=\"noopener\">Satzung<\/a> (pdf) des <strong>Eine-Welt-Verein Tettnang e.V.<\/strong> nachlesen.<\/p>\n<p><strong>Ansprechpartner:\u00a0 <\/strong>Frank Jonat\u00a0\u00a0 frank.jonat(\u00e4t)weltladen-tettnang.de<\/p>\n<p>&nbsp;<\/p>\n<p><strong>Wir freuen uns auf Sie!<\/strong><\/p>\n<\/div>\n<\/div>\n<\/div>\n<\/div>\n<\/div>\n<\/div>\n<\/div>\n<p>[\/vc_column_text][\/vc_column][\/vc_row]<\/p>\n<\/div>","protected":false},"excerpt":{"rendered":"<p>[vc_row][vc_column][vc_column_text] Mitmachen [\/vc_column_text][vc_column_text css=&#8220;&#8220;] Wir suchen Menschen, die Lust haben, sich ehrenamtlich f\u00fcr eine offene, transparente, \u00f6kologische und nachhaltige Form des Wirtschaftens zu engagieren. Ob im Verkauf, der Informations- oder Bildungsarbeit \u2013 die M\u00f6glichkeiten, in unserem Team mitzumachen sind vielf\u00e4ltig und lassen sich bestimmt auch in Ihren Alltag integrieren! Neben regelm\u00e4\u00dfigen Aufgaben gibt es bei&hellip;<\/p>\n","protected":false},"author":235,"featured_media":0,"parent":585,"menu_order":3,"comment_status":"closed","ping_status":"closed","template":"","meta":{"footnotes":""},"class_list":["post-630","page","type-page","status-publish","hentry","description-off"],"yoast_head":"<!-- This site is optimized with the Yoast SEO plugin v26.8 - https:\/\/yoast.com\/product\/yoast-seo-wordpress\/ -->\n<title>Mitmachen - Weltladen Tettnang<\/title>\n<meta name=\"robots\" content=\"index, follow, max-snippet:-1, max-image-preview:large, max-video-preview:-1\" \/>\n<link rel=\"canonical\" href=\"https:\/\/weltlaeden.de\/tettnang\/ueber-uns\/mitmachen-2\/\" \/>\n<meta property=\"og:locale\" content=\"de_DE\" \/>\n<meta property=\"og:type\" content=\"article\" \/>\n<meta property=\"og:title\" content=\"Mitmachen - Weltladen Tettnang\" \/>\n<meta property=\"og:description\" content=\"[vc_row][vc_column][vc_column_text] Mitmachen [\/vc_column_text][vc_column_text css=&#8220;&#8220;] Wir suchen Menschen, die Lust haben, sich ehrenamtlich f\u00fcr eine offene, transparente, \u00f6kologische und nachhaltige Form des Wirtschaftens zu engagieren. Ob im Verkauf, der Informations- oder Bildungsarbeit \u2013 die M\u00f6glichkeiten, in unserem Team mitzumachen sind vielf\u00e4ltig und lassen sich bestimmt auch in Ihren Alltag integrieren! Neben regelm\u00e4\u00dfigen Aufgaben gibt es bei&hellip;\" \/>\n<meta property=\"og:url\" content=\"https:\/\/weltlaeden.de\/tettnang\/ueber-uns\/mitmachen-2\/\" \/>\n<meta property=\"og:site_name\" content=\"Weltladen Tettnang\" \/>\n<meta property=\"article:modified_time\" content=\"2024-10-08T16:03:42+00:00\" \/>\n<meta name=\"twitter:card\" content=\"summary_large_image\" \/>\n<meta name=\"twitter:label1\" content=\"Gesch\u00e4tzte Lesezeit\" \/>\n\t<meta name=\"twitter:data1\" content=\"1\u00a0Minute\" \/>\n<script type=\"application\/ld+json\" class=\"yoast-schema-graph\">{\"@context\":\"https:\/\/schema.org\",\"@graph\":[{\"@type\":\"WebPage\",\"@id\":\"https:\/\/weltlaeden.de\/tettnang\/ueber-uns\/mitmachen-2\/\",\"url\":\"https:\/\/weltlaeden.de\/tettnang\/ueber-uns\/mitmachen-2\/\",\"name\":\"Mitmachen - Weltladen Tettnang\",\"isPartOf\":{\"@id\":\"https:\/\/weltlaeden.de\/tettnang\/#website\"},\"datePublished\":\"2021-06-19T12:52:27+00:00\",\"dateModified\":\"2024-10-08T16:03:42+00:00\",\"breadcrumb\":{\"@id\":\"https:\/\/weltlaeden.de\/tettnang\/ueber-uns\/mitmachen-2\/#breadcrumb\"},\"inLanguage\":\"de\",\"potentialAction\":[{\"@type\":\"ReadAction\",\"target\":[\"https:\/\/weltlaeden.de\/tettnang\/ueber-uns\/mitmachen-2\/\"]}]},{\"@type\":\"BreadcrumbList\",\"@id\":\"https:\/\/weltlaeden.de\/tettnang\/ueber-uns\/mitmachen-2\/#breadcrumb\",\"itemListElement\":[{\"@type\":\"ListItem\",\"position\":1,\"name\":\"Startseite\",\"item\":\"https:\/\/weltlaeden.de\/tettnang\/\"},{\"@type\":\"ListItem\",\"position\":2,\"name\":\"\u00dcber uns\",\"item\":\"https:\/\/weltlaeden.de\/tettnang\/ueber-uns\/\"},{\"@type\":\"ListItem\",\"position\":3,\"name\":\"Mitmachen\"}]},{\"@type\":\"WebSite\",\"@id\":\"https:\/\/weltlaeden.de\/tettnang\/#website\",\"url\":\"https:\/\/weltlaeden.de\/tettnang\/\",\"name\":\"Weltladen Tettnang\",\"description\":\"Ein Fachgesch\u00e4ft des Fairen Handels f\u00fcr Tettnang!\",\"potentialAction\":[{\"@type\":\"SearchAction\",\"target\":{\"@type\":\"EntryPoint\",\"urlTemplate\":\"https:\/\/weltlaeden.de\/tettnang\/?s={search_term_string}\"},\"query-input\":{\"@type\":\"PropertyValueSpecification\",\"valueRequired\":true,\"valueName\":\"search_term_string\"}}],\"inLanguage\":\"de\"}]}<\/script>\n<!-- \/ Yoast SEO plugin. -->","yoast_head_json":{"title":"Mitmachen - Weltladen Tettnang","robots":{"index":"index","follow":"follow","max-snippet":"max-snippet:-1","max-image-preview":"max-image-preview:large","max-video-preview":"max-video-preview:-1"},"canonical":"https:\/\/weltlaeden.de\/tettnang\/ueber-uns\/mitmachen-2\/","og_locale":"de_DE","og_type":"article","og_title":"Mitmachen - Weltladen Tettnang","og_description":"[vc_row][vc_column][vc_column_text] Mitmachen [\/vc_column_text][vc_column_text css=&#8220;&#8220;] Wir suchen Menschen, die Lust haben, sich ehrenamtlich f\u00fcr eine offene, transparente, \u00f6kologische und nachhaltige Form des Wirtschaftens zu engagieren. Ob im Verkauf, der Informations- oder Bildungsarbeit \u2013 die M\u00f6glichkeiten, in unserem Team mitzumachen sind vielf\u00e4ltig und lassen sich bestimmt auch in Ihren Alltag integrieren! Neben regelm\u00e4\u00dfigen Aufgaben gibt es bei&hellip;","og_url":"https:\/\/weltlaeden.de\/tettnang\/ueber-uns\/mitmachen-2\/","og_site_name":"Weltladen Tettnang","article_modified_time":"2024-10-08T16:03:42+00:00","twitter_card":"summary_large_image","twitter_misc":{"Gesch\u00e4tzte Lesezeit":"1\u00a0Minute"},"schema":{"@context":"https:\/\/schema.org","@graph":[{"@type":"WebPage","@id":"https:\/\/weltlaeden.de\/tettnang\/ueber-uns\/mitmachen-2\/","url":"https:\/\/weltlaeden.de\/tettnang\/ueber-uns\/mitmachen-2\/","name":"Mitmachen - Weltladen Tettnang","isPartOf":{"@id":"https:\/\/weltlaeden.de\/tettnang\/#website"},"datePublished":"2021-06-19T12:52:27+00:00","dateModified":"2024-10-08T16:03:42+00:00","breadcrumb":{"@id":"https:\/\/weltlaeden.de\/tettnang\/ueber-uns\/mitmachen-2\/#breadcrumb"},"inLanguage":"de","potentialAction":[{"@type":"ReadAction","target":["https:\/\/weltlaeden.de\/tettnang\/ueber-uns\/mitmachen-2\/"]}]},{"@type":"BreadcrumbList","@id":"https:\/\/weltlaeden.de\/tettnang\/ueber-uns\/mitmachen-2\/#breadcrumb","itemListElement":[{"@type":"ListItem","position":1,"name":"Startseite","item":"https:\/\/weltlaeden.de\/tettnang\/"},{"@type":"ListItem","position":2,"name":"\u00dcber uns","item":"https:\/\/weltlaeden.de\/tettnang\/ueber-uns\/"},{"@type":"ListItem","position":3,"name":"Mitmachen"}]},{"@type":"WebSite","@id":"https:\/\/weltlaeden.de\/tettnang\/#website","url":"https:\/\/weltlaeden.de\/tettnang\/","name":"Weltladen Tettnang","description":"Ein Fachgesch\u00e4ft des Fairen Handels f\u00fcr Tettnang!","potentialAction":[{"@type":"SearchAction","target":{"@type":"EntryPoint","urlTemplate":"https:\/\/weltlaeden.de\/tettnang\/?s={search_term_string}"},"query-input":{"@type":"PropertyValueSpecification","valueRequired":true,"valueName":"search_term_string"}}],"inLanguage":"de"}]}},"_links":{"self":[{"href":"https:\/\/weltlaeden.de\/tettnang\/wp-json\/wp\/v2\/pages\/630","targetHints":{"allow":["GET"]}}],"collection":[{"href":"https:\/\/weltlaeden.de\/tettnang\/wp-json\/wp\/v2\/pages"}],"about":[{"href":"https:\/\/weltlaeden.de\/tettnang\/wp-json\/wp\/v2\/types\/page"}],"author":[{"embeddable":true,"href":"https:\/\/weltlaeden.de\/tettnang\/wp-json\/wp\/v2\/users\/235"}],"replies":[{"embeddable":true,"href":"https:\/\/weltlaeden.de\/tettnang\/wp-json\/wp\/v2\/comments?post=630"}],"version-history":[{"count":24,"href":"https:\/\/weltlaeden.de\/tettnang\/wp-json\/wp\/v2\/pages\/630\/revisions"}],"predecessor-version":[{"id":2176,"href":"https:\/\/weltlaeden.de\/tettnang\/wp-json\/wp\/v2\/pages\/630\/revisions\/2176"}],"up":[{"embeddable":true,"href":"https:\/\/weltlaeden.de\/tettnang\/wp-json\/wp\/v2\/pages\/585"}],"wp:attachment":[{"href":"https:\/\/weltlaeden.de\/tettnang\/wp-json\/wp\/v2\/media?parent=630"}],"curies":[{"name":"wp","href":"https:\/\/api.w.org\/{rel}","templated":true}]}}