{"id":23,"date":"2016-10-14T09:05:21","date_gmt":"2016-10-14T07:05:21","guid":{"rendered":"https:\/\/wl.heimpixel.de\/vorlage\/termine\/"},"modified":"2018-08-10T10:34:16","modified_gmt":"2018-08-10T08:34:16","slug":"termine","status":"publish","type":"page","link":"https:\/\/weltlaeden.de\/tettnang\/termine\/","title":{"rendered":"Termine"},"content":{"rendered":"<div class=\"wpb-content-wrapper\"><p>[vc_row][vc_column]<div class=\"wl_einzelbild\"><p><img loading=\"lazy\" decoding=\"async\" class=\"aligncenter size-full wp-image-nsm-3-33\" src=\"https:\/\/weltlaeden.de\/tettnang\/wp-content\/uploads\/sites\/3\/2018\/07\/pocket-watch-1637396_1920_pixabay.png\" alt=\"\" width=\"787\" height=\"340\" \/><\/p><\/div>[vc_empty_space height=&#8220;30px&#8220;][vc_column_text]<\/p>\n<h1>Termine<\/h1>\n<h4><\/h4>\n<p>[\/vc_column_text][vc_empty_space height=&#8220;30px&#8220;][\/vc_column][\/vc_row][vc_row][vc_column width=&#8220;2\/3&#8243;][vc_column_text]<\/p>\n<h2>Kommende Termine<\/h2>\n<p>[\/vc_column_text]<ul class=\"termine-page current aktuell\">[vc_empty_space height=&#8220;30px&#8220;][vc_column_text]<\/p>\n<h2>Vergangene Termine<\/h2>\n<p>[\/vc_column_text]<ul class=\"termine-page past vergangen\"><li><h5 class=\"termine-titel\"><a href=\"https:\/\/weltlaeden.de\/tettnang\/termin\/ehrenamtsmesse-in-tettnang\/\">Ehrenamtsmesse in Tettnang<\/a><\/h5><p class=\"termine-date\">Fr., 10.10.2025, 10:00 bis 18.10.2025, 14:00<\/p><p class=\"termine-auszug\"><p class=termine-ort\"><small>Ort: <i>Im neuen Schloss in Tettnang<\/i><\/small><\/p><\/li><li><h5 class=\"termine-titel\"><a href=\"https:\/\/weltlaeden.de\/tettnang\/termin\/aktionstag-mit-fairem-fruehstueck\/\">Aktionstag mit Fairem Fr\u00fchst\u00fcck<\/a><\/h5><p class=\"termine-date\">Sa., 27.09.2025, 09:00 bis 27.09.2025, 12:00<\/p><p class=\"termine-auszug\">Faires Fr\u00fchst\u00fcck mit dem Eine-Welt-Verein Tettnang e.V. und dem Arbeitskreis \"Eine Welt\" des Montfort-Gymnasium Tettnang. Dazu gibt es Infost\u00e4nde vom Klimaschutzmanagement der Stadt Tettnang, Greenpeace, Technik-Caf\u00e9 und der SoLaWi Tettnang. Der Erl\u00f6s vom Fairen Fr\u00fchst\u00fcck geht an ein Schulprojekt des Arbeitskreises \"Eine-Welt\" am Montfort-Gymnasium Tettnang, das das Kyaninga Inklusions- und F\u00f6rderzentrum in Uganda unterst\u00fctzt.<p class=termine-ort\"><small>Ort: <i>Auf dem St\u00e4dtlesmarkt in Tettnang<\/i><\/small><\/p><\/li><li><h5 class=\"termine-titel\"><a href=\"https:\/\/weltlaeden.de\/tettnang\/termin\/schokowerkstatt-fuer-erwachsene\/\">Schokowerkstatt f\u00fcr Erwachsene<\/a><\/h5><p class=\"termine-date\">Mi., 24.09.2025, 19:00<\/p><p class=\"termine-auszug\">Der Workshop bietet Einblicke in Anbau und Verarbeitung von Kakao. Eigene Schokolade wird hergestellt, der Produktionsprozess anschaulich vermittelt. Zudem werden die Arbeitsbedingungen im Anbau thematisiert und die Bedeutung des fairen Handels aufgezeigt. Der Erl\u00f6s der Schokowerkstatt geht an ein Schulprojekt des Arbeitskreises \"Eine-Welt\" am Montfort-Gymnasium Tettnang, das das Kyaninga Inklusions- und F\u00f6rderzentrum in Uganda unterst\u00fctzt. Anmeldung im Weltladen Tettnang, Teilnahmegeb\u00fchr 10 \u20ac<p class=termine-ort\"><small>Ort: <i>Anlaufstelle f\u00fcr B\u00fcrgerengagement, Montfortstra\u00dfe 2, Tettnang<\/i><\/small><\/p><\/li><li><h5 class=\"termine-titel\"><a href=\"https:\/\/weltlaeden.de\/tettnang\/termin\/baehnlesfest\/\">B\u00e4hnlesfest<\/a><\/h5><p class=\"termine-date\">So., 14.09.2025<\/p><p class=\"termine-auszug\"><\/li><li><h5 class=\"termine-titel\"><a href=\"https:\/\/weltlaeden.de\/tettnang\/termin\/weltladentag\/\">Weltladentag<\/a><\/h5><p class=\"termine-date\">Sa., 10.05.2025 bis 10.05.2025<\/p><p class=\"termine-auszug\">Am 10. Mai ist Weltladentag! Der Weltladen Tettnang ist mit einem Stand auf dem St\u00e4dtlesmarkt dabei: - mit INKOTA-Unterschriften-Aktion - mit viel Informationen - mit Schokoladen-Verkostung Wir sehen uns!<\/li><li><h5 class=\"termine-titel\"><a href=\"https:\/\/weltlaeden.de\/tettnang\/termin\/fair-handeln-besser-leben\/\">FAIR HANDELN. BESSER LEBEN.<\/a><\/h5><p class=\"termine-date\">So., 23.02.2025, 08:00 bis 23.02.2025, 18:00<\/p><p class=\"termine-auszug\">W\u00e4hlt am 23.02.2025 bitte - Vielfalt - Respekt - Menschlichkeit - Klimagerechtigkeit<p class=termine-ort\"><small>Ort: <i>Euer Wahllokal<\/i><\/small><\/p><\/li><\/ul>[\/vc_column][\/vc_row]<\/p>\n<\/div>","protected":false},"excerpt":{"rendered":"<p>[vc_row][vc_column][vc_empty_space height=&#8220;30px&#8220;][vc_column_text] Termine [\/vc_column_text][vc_empty_space height=&#8220;30px&#8220;][\/vc_column][\/vc_row][vc_row][vc_column width=&#8220;2\/3&#8243;][vc_column_text] Kommende Termine [\/vc_column_text][vc_empty_space height=&#8220;30px&#8220;][vc_column_text] Vergangene Termine [\/vc_column_text][\/vc_column][\/vc_row]<\/p>\n","protected":false},"author":1,"featured_media":0,"parent":0,"menu_order":4,"comment_status":"closed","ping_status":"closed","template":"","meta":{"footnotes":""},"class_list":["post-23","page","type-page","status-publish","hentry","description-off"],"yoast_head":"<!-- This site is optimized with the Yoast SEO plugin v26.8 - https:\/\/yoast.com\/product\/yoast-seo-wordpress\/ -->\n<title>Termine - Weltladen Tettnang<\/title>\n<meta name=\"robots\" content=\"index, follow, max-snippet:-1, max-image-preview:large, max-video-preview:-1\" \/>\n<link rel=\"canonical\" href=\"https:\/\/weltlaeden.de\/tettnang\/termine\/\" \/>\n<meta property=\"og:locale\" content=\"de_DE\" \/>\n<meta property=\"og:type\" content=\"article\" \/>\n<meta property=\"og:title\" content=\"Termine - Weltladen Tettnang\" \/>\n<meta property=\"og:description\" content=\"[vc_row][vc_column][vc_empty_space height=&#8220;30px&#8220;][vc_column_text] Termine [\/vc_column_text][vc_empty_space height=&#8220;30px&#8220;][\/vc_column][\/vc_row][vc_row][vc_column width=&#8220;2\/3&#8243;][vc_column_text] Kommende Termine [\/vc_column_text][vc_empty_space height=&#8220;30px&#8220;][vc_column_text] Vergangene Termine [\/vc_column_text][\/vc_column][\/vc_row]\" \/>\n<meta property=\"og:url\" content=\"https:\/\/weltlaeden.de\/tettnang\/termine\/\" \/>\n<meta property=\"og:site_name\" content=\"Weltladen Tettnang\" \/>\n<meta property=\"article:modified_time\" content=\"2018-08-10T08:34:16+00:00\" \/>\n<meta property=\"og:image\" content=\"https:\/\/weltlaeden.de\/tettnang\/wp-content\/uploads\/sites\/3\/2018\/07\/pocket-watch-1637396_1920_pixabay.png\" \/>\n<meta name=\"twitter:card\" content=\"summary_large_image\" \/>\n<script type=\"application\/ld+json\" class=\"yoast-schema-graph\">{\"@context\":\"https:\/\/schema.org\",\"@graph\":[{\"@type\":\"WebPage\",\"@id\":\"https:\/\/weltlaeden.de\/tettnang\/termine\/\",\"url\":\"https:\/\/weltlaeden.de\/tettnang\/termine\/\",\"name\":\"Termine - Weltladen Tettnang\",\"isPartOf\":{\"@id\":\"https:\/\/weltlaeden.de\/tettnang\/#website\"},\"primaryImageOfPage\":{\"@id\":\"https:\/\/weltlaeden.de\/tettnang\/termine\/#primaryimage\"},\"image\":{\"@id\":\"https:\/\/weltlaeden.de\/tettnang\/termine\/#primaryimage\"},\"thumbnailUrl\":\"https:\/\/weltlaeden.de\/tettnang\/wp-content\/uploads\/sites\/3\/2018\/07\/pocket-watch-1637396_1920_pixabay.png\",\"datePublished\":\"2016-10-14T07:05:21+00:00\",\"dateModified\":\"2018-08-10T08:34:16+00:00\",\"breadcrumb\":{\"@id\":\"https:\/\/weltlaeden.de\/tettnang\/termine\/#breadcrumb\"},\"inLanguage\":\"de\",\"potentialAction\":[{\"@type\":\"ReadAction\",\"target\":[\"https:\/\/weltlaeden.de\/tettnang\/termine\/\"]}]},{\"@type\":\"ImageObject\",\"inLanguage\":\"de\",\"@id\":\"https:\/\/weltlaeden.de\/tettnang\/termine\/#primaryimage\",\"url\":\"https:\/\/weltlaeden.de\/tettnang\/wp-content\/uploads\/sites\/3\/2018\/07\/pocket-watch-1637396_1920_pixabay.png\",\"contentUrl\":\"https:\/\/weltlaeden.de\/tettnang\/wp-content\/uploads\/sites\/3\/2018\/07\/pocket-watch-1637396_1920_pixabay.png\"},{\"@type\":\"BreadcrumbList\",\"@id\":\"https:\/\/weltlaeden.de\/tettnang\/termine\/#breadcrumb\",\"itemListElement\":[{\"@type\":\"ListItem\",\"position\":1,\"name\":\"Startseite\",\"item\":\"https:\/\/weltlaeden.de\/tettnang\/\"},{\"@type\":\"ListItem\",\"position\":2,\"name\":\"Termine\"}]},{\"@type\":\"WebSite\",\"@id\":\"https:\/\/weltlaeden.de\/tettnang\/#website\",\"url\":\"https:\/\/weltlaeden.de\/tettnang\/\",\"name\":\"Weltladen Tettnang\",\"description\":\"Ein Fachgesch\u00e4ft des Fairen Handels f\u00fcr Tettnang!\",\"potentialAction\":[{\"@type\":\"SearchAction\",\"target\":{\"@type\":\"EntryPoint\",\"urlTemplate\":\"https:\/\/weltlaeden.de\/tettnang\/?s={search_term_string}\"},\"query-input\":{\"@type\":\"PropertyValueSpecification\",\"valueRequired\":true,\"valueName\":\"search_term_string\"}}],\"inLanguage\":\"de\"}]}<\/script>\n<!-- \/ Yoast SEO plugin. -->","yoast_head_json":{"title":"Termine - Weltladen Tettnang","robots":{"index":"index","follow":"follow","max-snippet":"max-snippet:-1","max-image-preview":"max-image-preview:large","max-video-preview":"max-video-preview:-1"},"canonical":"https:\/\/weltlaeden.de\/tettnang\/termine\/","og_locale":"de_DE","og_type":"article","og_title":"Termine - Weltladen Tettnang","og_description":"[vc_row][vc_column][vc_empty_space height=&#8220;30px&#8220;][vc_column_text] Termine [\/vc_column_text][vc_empty_space height=&#8220;30px&#8220;][\/vc_column][\/vc_row][vc_row][vc_column width=&#8220;2\/3&#8243;][vc_column_text] Kommende Termine [\/vc_column_text][vc_empty_space height=&#8220;30px&#8220;][vc_column_text] Vergangene Termine [\/vc_column_text][\/vc_column][\/vc_row]","og_url":"https:\/\/weltlaeden.de\/tettnang\/termine\/","og_site_name":"Weltladen Tettnang","article_modified_time":"2018-08-10T08:34:16+00:00","og_image":[{"url":"https:\/\/weltlaeden.de\/tettnang\/wp-content\/uploads\/sites\/3\/2018\/07\/pocket-watch-1637396_1920_pixabay.png","type":"","width":"","height":""}],"twitter_card":"summary_large_image","schema":{"@context":"https:\/\/schema.org","@graph":[{"@type":"WebPage","@id":"https:\/\/weltlaeden.de\/tettnang\/termine\/","url":"https:\/\/weltlaeden.de\/tettnang\/termine\/","name":"Termine - Weltladen Tettnang","isPartOf":{"@id":"https:\/\/weltlaeden.de\/tettnang\/#website"},"primaryImageOfPage":{"@id":"https:\/\/weltlaeden.de\/tettnang\/termine\/#primaryimage"},"image":{"@id":"https:\/\/weltlaeden.de\/tettnang\/termine\/#primaryimage"},"thumbnailUrl":"https:\/\/weltlaeden.de\/tettnang\/wp-content\/uploads\/sites\/3\/2018\/07\/pocket-watch-1637396_1920_pixabay.png","datePublished":"2016-10-14T07:05:21+00:00","dateModified":"2018-08-10T08:34:16+00:00","breadcrumb":{"@id":"https:\/\/weltlaeden.de\/tettnang\/termine\/#breadcrumb"},"inLanguage":"de","potentialAction":[{"@type":"ReadAction","target":["https:\/\/weltlaeden.de\/tettnang\/termine\/"]}]},{"@type":"ImageObject","inLanguage":"de","@id":"https:\/\/weltlaeden.de\/tettnang\/termine\/#primaryimage","url":"https:\/\/weltlaeden.de\/tettnang\/wp-content\/uploads\/sites\/3\/2018\/07\/pocket-watch-1637396_1920_pixabay.png","contentUrl":"https:\/\/weltlaeden.de\/tettnang\/wp-content\/uploads\/sites\/3\/2018\/07\/pocket-watch-1637396_1920_pixabay.png"},{"@type":"BreadcrumbList","@id":"https:\/\/weltlaeden.de\/tettnang\/termine\/#breadcrumb","itemListElement":[{"@type":"ListItem","position":1,"name":"Startseite","item":"https:\/\/weltlaeden.de\/tettnang\/"},{"@type":"ListItem","position":2,"name":"Termine"}]},{"@type":"WebSite","@id":"https:\/\/weltlaeden.de\/tettnang\/#website","url":"https:\/\/weltlaeden.de\/tettnang\/","name":"Weltladen Tettnang","description":"Ein Fachgesch\u00e4ft des Fairen Handels f\u00fcr Tettnang!","potentialAction":[{"@type":"SearchAction","target":{"@type":"EntryPoint","urlTemplate":"https:\/\/weltlaeden.de\/tettnang\/?s={search_term_string}"},"query-input":{"@type":"PropertyValueSpecification","valueRequired":true,"valueName":"search_term_string"}}],"inLanguage":"de"}]}},"_links":{"self":[{"href":"https:\/\/weltlaeden.de\/tettnang\/wp-json\/wp\/v2\/pages\/23","targetHints":{"allow":["GET"]}}],"collection":[{"href":"https:\/\/weltlaeden.de\/tettnang\/wp-json\/wp\/v2\/pages"}],"about":[{"href":"https:\/\/weltlaeden.de\/tettnang\/wp-json\/wp\/v2\/types\/page"}],"author":[{"embeddable":true,"href":"https:\/\/weltlaeden.de\/tettnang\/wp-json\/wp\/v2\/users\/1"}],"replies":[{"embeddable":true,"href":"https:\/\/weltlaeden.de\/tettnang\/wp-json\/wp\/v2\/comments?post=23"}],"version-history":[{"count":14,"href":"https:\/\/weltlaeden.de\/tettnang\/wp-json\/wp\/v2\/pages\/23\/revisions"}],"predecessor-version":[{"id":414,"href":"https:\/\/weltlaeden.de\/tettnang\/wp-json\/wp\/v2\/pages\/23\/revisions\/414"}],"wp:attachment":[{"href":"https:\/\/weltlaeden.de\/tettnang\/wp-json\/wp\/v2\/media?parent=23"}],"curies":[{"name":"wp","href":"https:\/\/api.w.org\/{rel}","templated":true}]}}