{"id":2109,"date":"2024-05-03T15:37:44","date_gmt":"2024-05-03T13:37:44","guid":{"rendered":"https:\/\/weltlaeden.de\/tettnang\/?page_id=2109"},"modified":"2025-10-28T10:33:06","modified_gmt":"2025-10-28T09:33:06","slug":"der-verein","status":"publish","type":"page","link":"https:\/\/weltlaeden.de\/tettnang\/ueber-uns\/der-verein\/","title":{"rendered":"Der Verein"},"content":{"rendered":"<div class=\"wpb-content-wrapper\"><p>[vc_row][vc_column][vc_column_text css=&#8220;&#8220;]<\/p>\n<div class=\"wpb_text_column wpb_content_element \">\n<div class=\"wpb_wrapper\">\n<p>Der gemeinn\u00fctzige<strong> Eine-Welt-Verein Tettnang e.V.<\/strong> wurde im Sommer 2021 gegr\u00fcndet und f\u00f6rdert u.a. die Entwicklungszusammenarbeit, veranstaltet Vortragsabende, Lesungen oder Faires Fr\u00fchst\u00fcck und informiert dabei \u00fcber den Fairen Handel, seine Produktpartner und ihre Projekte. Alle Infos zur Mitarbeit im Weltladen und\/oder im\u00a0<strong>Eine-Welt-Verein Tettnang e.V.<\/strong> gibt es <a href=\"https:\/\/weltlaeden.de\/tettnang\/ueber-uns\/mitmachen-2\/\">hier<\/a>.<\/p>\n<p>Der Verein ist au\u00dferdem der Betreiber des <strong>Weltladen Tettnang<\/strong>. Gemeinsam mit der Gemeinschaft der Weltl\u00e4den setzt der Verein sich daf\u00fcr ein, fair produzierte und gehandelte Produkte aus \u00e4rmeren L\u00e4ndern bei uns zu verkaufen und so zur Existenzsicherung der Produzentinnen und Produzenten beizutragen.<\/p>\n<\/div>\n<\/div>\n<p>[\/vc_column_text]<div class=\"wl_einzelbild\"><p><img loading=\"lazy\" decoding=\"async\" class=\"alignleft size-full wp-image-2074\" src=\"https:\/\/weltlaeden.de\/tettnang\/wp-content\/uploads\/sites\/165\/2024\/04\/vorstand.jpg\" alt=\"\" width=\"880\" height=\"433\" srcset=\"https:\/\/weltlaeden.de\/tettnang\/wp-content\/uploads\/sites\/165\/2024\/04\/vorstand.jpg 880w, https:\/\/weltlaeden.de\/tettnang\/wp-content\/uploads\/sites\/165\/2024\/04\/vorstand-300x148.jpg 300w, https:\/\/weltlaeden.de\/tettnang\/wp-content\/uploads\/sites\/165\/2024\/04\/vorstand-768x378.jpg 768w\" sizes=\"auto, (max-width: 880px) 100vw, 880px\" \/><\/p><\/div>[vc_column_text]Im Bild von rechts:<br \/>\n<strong>Vertretungsberechtigter Vorstand: <\/strong>Frank Jonat, Eva-Maria Aicher, Hermann M\u00fcller\u00a0 sowie unsere <strong>Kassenwartin: <\/strong>Sandra Michelberger[\/vc_column_text][\/vc_column][\/vc_row]<\/p>\n<\/div>","protected":false},"excerpt":{"rendered":"<p>[vc_row][vc_column][vc_column_text css=&#8220;&#8220;] Der gemeinn\u00fctzige Eine-Welt-Verein Tettnang e.V. wurde im Sommer 2021 gegr\u00fcndet und f\u00f6rdert u.a. die Entwicklungszusammenarbeit, veranstaltet Vortragsabende, Lesungen oder Faires Fr\u00fchst\u00fcck und informiert dabei \u00fcber den Fairen Handel, seine Produktpartner und ihre Projekte. Alle Infos zur Mitarbeit im Weltladen und\/oder im\u00a0Eine-Welt-Verein Tettnang e.V. gibt es hier. Der Verein ist au\u00dferdem der Betreiber des&hellip;<\/p>\n","protected":false},"author":235,"featured_media":0,"parent":585,"menu_order":0,"comment_status":"closed","ping_status":"closed","template":"","meta":{"footnotes":""},"class_list":["post-2109","page","type-page","status-publish","hentry","description-off"],"yoast_head":"<!-- This site is optimized with the Yoast SEO plugin v26.8 - https:\/\/yoast.com\/product\/yoast-seo-wordpress\/ -->\n<title>Der Verein - Weltladen Tettnang<\/title>\n<meta name=\"robots\" content=\"index, follow, max-snippet:-1, max-image-preview:large, max-video-preview:-1\" \/>\n<link rel=\"canonical\" href=\"https:\/\/weltlaeden.de\/tettnang\/ueber-uns\/der-verein\/\" \/>\n<meta property=\"og:locale\" content=\"de_DE\" \/>\n<meta property=\"og:type\" content=\"article\" \/>\n<meta property=\"og:title\" content=\"Der Verein - Weltladen Tettnang\" \/>\n<meta property=\"og:description\" content=\"[vc_row][vc_column][vc_column_text css=&#8220;&#8220;] Der gemeinn\u00fctzige Eine-Welt-Verein Tettnang e.V. wurde im Sommer 2021 gegr\u00fcndet und f\u00f6rdert u.a. die Entwicklungszusammenarbeit, veranstaltet Vortragsabende, Lesungen oder Faires Fr\u00fchst\u00fcck und informiert dabei \u00fcber den Fairen Handel, seine Produktpartner und ihre Projekte. Alle Infos zur Mitarbeit im Weltladen und\/oder im\u00a0Eine-Welt-Verein Tettnang e.V. gibt es hier. Der Verein ist au\u00dferdem der Betreiber des&hellip;\" \/>\n<meta property=\"og:url\" content=\"https:\/\/weltlaeden.de\/tettnang\/ueber-uns\/der-verein\/\" \/>\n<meta property=\"og:site_name\" content=\"Weltladen Tettnang\" \/>\n<meta property=\"article:modified_time\" content=\"2025-10-28T09:33:06+00:00\" \/>\n<meta property=\"og:image\" content=\"https:\/\/weltlaeden.de\/tettnang\/wp-content\/uploads\/sites\/165\/2024\/04\/vorstand.jpg\" \/>\n\t<meta property=\"og:image:width\" content=\"880\" \/>\n\t<meta property=\"og:image:height\" content=\"433\" \/>\n\t<meta property=\"og:image:type\" content=\"image\/jpeg\" \/>\n<meta name=\"twitter:card\" content=\"summary_large_image\" \/>\n<meta name=\"twitter:label1\" content=\"Gesch\u00e4tzte Lesezeit\" \/>\n\t<meta name=\"twitter:data1\" content=\"1\u00a0Minute\" \/>\n<script type=\"application\/ld+json\" class=\"yoast-schema-graph\">{\"@context\":\"https:\/\/schema.org\",\"@graph\":[{\"@type\":\"WebPage\",\"@id\":\"https:\/\/weltlaeden.de\/tettnang\/ueber-uns\/der-verein\/\",\"url\":\"https:\/\/weltlaeden.de\/tettnang\/ueber-uns\/der-verein\/\",\"name\":\"Der Verein - Weltladen Tettnang\",\"isPartOf\":{\"@id\":\"https:\/\/weltlaeden.de\/tettnang\/#website\"},\"primaryImageOfPage\":{\"@id\":\"https:\/\/weltlaeden.de\/tettnang\/ueber-uns\/der-verein\/#primaryimage\"},\"image\":{\"@id\":\"https:\/\/weltlaeden.de\/tettnang\/ueber-uns\/der-verein\/#primaryimage\"},\"thumbnailUrl\":\"https:\/\/weltlaeden.de\/tettnang\/wp-content\/uploads\/sites\/165\/2024\/04\/vorstand.jpg\",\"datePublished\":\"2024-05-03T13:37:44+00:00\",\"dateModified\":\"2025-10-28T09:33:06+00:00\",\"breadcrumb\":{\"@id\":\"https:\/\/weltlaeden.de\/tettnang\/ueber-uns\/der-verein\/#breadcrumb\"},\"inLanguage\":\"de\",\"potentialAction\":[{\"@type\":\"ReadAction\",\"target\":[\"https:\/\/weltlaeden.de\/tettnang\/ueber-uns\/der-verein\/\"]}]},{\"@type\":\"ImageObject\",\"inLanguage\":\"de\",\"@id\":\"https:\/\/weltlaeden.de\/tettnang\/ueber-uns\/der-verein\/#primaryimage\",\"url\":\"https:\/\/weltlaeden.de\/tettnang\/wp-content\/uploads\/sites\/165\/2024\/04\/vorstand.jpg\",\"contentUrl\":\"https:\/\/weltlaeden.de\/tettnang\/wp-content\/uploads\/sites\/165\/2024\/04\/vorstand.jpg\",\"width\":880,\"height\":433},{\"@type\":\"BreadcrumbList\",\"@id\":\"https:\/\/weltlaeden.de\/tettnang\/ueber-uns\/der-verein\/#breadcrumb\",\"itemListElement\":[{\"@type\":\"ListItem\",\"position\":1,\"name\":\"Startseite\",\"item\":\"https:\/\/weltlaeden.de\/tettnang\/\"},{\"@type\":\"ListItem\",\"position\":2,\"name\":\"\u00dcber uns\",\"item\":\"https:\/\/weltlaeden.de\/tettnang\/ueber-uns\/\"},{\"@type\":\"ListItem\",\"position\":3,\"name\":\"Der Verein\"}]},{\"@type\":\"WebSite\",\"@id\":\"https:\/\/weltlaeden.de\/tettnang\/#website\",\"url\":\"https:\/\/weltlaeden.de\/tettnang\/\",\"name\":\"Weltladen Tettnang\",\"description\":\"Ein Fachgesch\u00e4ft des Fairen Handels f\u00fcr Tettnang!\",\"potentialAction\":[{\"@type\":\"SearchAction\",\"target\":{\"@type\":\"EntryPoint\",\"urlTemplate\":\"https:\/\/weltlaeden.de\/tettnang\/?s={search_term_string}\"},\"query-input\":{\"@type\":\"PropertyValueSpecification\",\"valueRequired\":true,\"valueName\":\"search_term_string\"}}],\"inLanguage\":\"de\"}]}<\/script>\n<!-- \/ Yoast SEO plugin. -->","yoast_head_json":{"title":"Der Verein - Weltladen Tettnang","robots":{"index":"index","follow":"follow","max-snippet":"max-snippet:-1","max-image-preview":"max-image-preview:large","max-video-preview":"max-video-preview:-1"},"canonical":"https:\/\/weltlaeden.de\/tettnang\/ueber-uns\/der-verein\/","og_locale":"de_DE","og_type":"article","og_title":"Der Verein - Weltladen Tettnang","og_description":"[vc_row][vc_column][vc_column_text css=&#8220;&#8220;] Der gemeinn\u00fctzige Eine-Welt-Verein Tettnang e.V. wurde im Sommer 2021 gegr\u00fcndet und f\u00f6rdert u.a. die Entwicklungszusammenarbeit, veranstaltet Vortragsabende, Lesungen oder Faires Fr\u00fchst\u00fcck und informiert dabei \u00fcber den Fairen Handel, seine Produktpartner und ihre Projekte. Alle Infos zur Mitarbeit im Weltladen und\/oder im\u00a0Eine-Welt-Verein Tettnang e.V. gibt es hier. Der Verein ist au\u00dferdem der Betreiber des&hellip;","og_url":"https:\/\/weltlaeden.de\/tettnang\/ueber-uns\/der-verein\/","og_site_name":"Weltladen Tettnang","article_modified_time":"2025-10-28T09:33:06+00:00","og_image":[{"width":880,"height":433,"url":"https:\/\/weltlaeden.de\/tettnang\/wp-content\/uploads\/sites\/165\/2024\/04\/vorstand.jpg","type":"image\/jpeg"}],"twitter_card":"summary_large_image","twitter_misc":{"Gesch\u00e4tzte Lesezeit":"1\u00a0Minute"},"schema":{"@context":"https:\/\/schema.org","@graph":[{"@type":"WebPage","@id":"https:\/\/weltlaeden.de\/tettnang\/ueber-uns\/der-verein\/","url":"https:\/\/weltlaeden.de\/tettnang\/ueber-uns\/der-verein\/","name":"Der Verein - Weltladen Tettnang","isPartOf":{"@id":"https:\/\/weltlaeden.de\/tettnang\/#website"},"primaryImageOfPage":{"@id":"https:\/\/weltlaeden.de\/tettnang\/ueber-uns\/der-verein\/#primaryimage"},"image":{"@id":"https:\/\/weltlaeden.de\/tettnang\/ueber-uns\/der-verein\/#primaryimage"},"thumbnailUrl":"https:\/\/weltlaeden.de\/tettnang\/wp-content\/uploads\/sites\/165\/2024\/04\/vorstand.jpg","datePublished":"2024-05-03T13:37:44+00:00","dateModified":"2025-10-28T09:33:06+00:00","breadcrumb":{"@id":"https:\/\/weltlaeden.de\/tettnang\/ueber-uns\/der-verein\/#breadcrumb"},"inLanguage":"de","potentialAction":[{"@type":"ReadAction","target":["https:\/\/weltlaeden.de\/tettnang\/ueber-uns\/der-verein\/"]}]},{"@type":"ImageObject","inLanguage":"de","@id":"https:\/\/weltlaeden.de\/tettnang\/ueber-uns\/der-verein\/#primaryimage","url":"https:\/\/weltlaeden.de\/tettnang\/wp-content\/uploads\/sites\/165\/2024\/04\/vorstand.jpg","contentUrl":"https:\/\/weltlaeden.de\/tettnang\/wp-content\/uploads\/sites\/165\/2024\/04\/vorstand.jpg","width":880,"height":433},{"@type":"BreadcrumbList","@id":"https:\/\/weltlaeden.de\/tettnang\/ueber-uns\/der-verein\/#breadcrumb","itemListElement":[{"@type":"ListItem","position":1,"name":"Startseite","item":"https:\/\/weltlaeden.de\/tettnang\/"},{"@type":"ListItem","position":2,"name":"\u00dcber uns","item":"https:\/\/weltlaeden.de\/tettnang\/ueber-uns\/"},{"@type":"ListItem","position":3,"name":"Der Verein"}]},{"@type":"WebSite","@id":"https:\/\/weltlaeden.de\/tettnang\/#website","url":"https:\/\/weltlaeden.de\/tettnang\/","name":"Weltladen Tettnang","description":"Ein Fachgesch\u00e4ft des Fairen Handels f\u00fcr Tettnang!","potentialAction":[{"@type":"SearchAction","target":{"@type":"EntryPoint","urlTemplate":"https:\/\/weltlaeden.de\/tettnang\/?s={search_term_string}"},"query-input":{"@type":"PropertyValueSpecification","valueRequired":true,"valueName":"search_term_string"}}],"inLanguage":"de"}]}},"_links":{"self":[{"href":"https:\/\/weltlaeden.de\/tettnang\/wp-json\/wp\/v2\/pages\/2109","targetHints":{"allow":["GET"]}}],"collection":[{"href":"https:\/\/weltlaeden.de\/tettnang\/wp-json\/wp\/v2\/pages"}],"about":[{"href":"https:\/\/weltlaeden.de\/tettnang\/wp-json\/wp\/v2\/types\/page"}],"author":[{"embeddable":true,"href":"https:\/\/weltlaeden.de\/tettnang\/wp-json\/wp\/v2\/users\/235"}],"replies":[{"embeddable":true,"href":"https:\/\/weltlaeden.de\/tettnang\/wp-json\/wp\/v2\/comments?post=2109"}],"version-history":[{"count":5,"href":"https:\/\/weltlaeden.de\/tettnang\/wp-json\/wp\/v2\/pages\/2109\/revisions"}],"predecessor-version":[{"id":2356,"href":"https:\/\/weltlaeden.de\/tettnang\/wp-json\/wp\/v2\/pages\/2109\/revisions\/2356"}],"up":[{"embeddable":true,"href":"https:\/\/weltlaeden.de\/tettnang\/wp-json\/wp\/v2\/pages\/585"}],"wp:attachment":[{"href":"https:\/\/weltlaeden.de\/tettnang\/wp-json\/wp\/v2\/media?parent=2109"}],"curies":[{"name":"wp","href":"https:\/\/api.w.org\/{rel}","templated":true}]}}