{"id":2051,"date":"2024-02-21T10:09:04","date_gmt":"2024-02-21T09:09:04","guid":{"rendered":"https:\/\/weltlaeden.de\/tettnang\/?page_id=2051"},"modified":"2024-02-21T10:09:04","modified_gmt":"2024-02-21T09:09:04","slug":"handelspartner-portrait-nepalaya","status":"publish","type":"page","link":"https:\/\/weltlaeden.de\/tettnang\/fairer-handel\/portraits-von-handelspartnern\/handelspartner-portrait-nepalaya\/","title":{"rendered":"Handelspartner-Portrait: Nepalaya"},"content":{"rendered":"<div class=\"wpb-content-wrapper\"><p>[vc_row][vc_column][vc_column_text]<strong><em>Handelspartner-Portrait<\/em><\/strong><\/p>\n<div>\n<h2><u>Nepalaya<br \/>\n<\/u><\/h2>\n<p>Mit fair gehandelten Filzelementen gedeckte Fr\u00fchst\u00fcckstafeln sind eine Augenweide und ein Beitrag zur Entwicklung von guten Arbeitsbedingungen in den Herstellerl\u00e4ndern. Die Produkte werden in Nepal von Nepalaya Craft (2009 gegr\u00fcndet) unter Verfolgung der zehn Grunds\u00e4tze des Fairen Handels nach World-Fair Trade Organization (WFTO) hergestellt.<\/p>\n<\/div>\n<p>[\/vc_column_text][vc_row_inner][vc_column_inner width=&#8220;1\/4&#8243;][vc_column_text]<\/p>\n<div>\n<p>Wichtig ist die F\u00f6rderung und St\u00e4rkung der Frauen. So k\u00f6nnen sie im Arbeitsleben Verantwortung \u00fcbernehmen und aus der traditionellen Rolle der hierarchischen Unterordnung herauszutreten. Zudem erh\u00f6ht gute Qualifizierung auch die Chancen auf dem Arbeitsmarkt au\u00dferhalb von Nepalaya.<\/p>\n<\/div>\n<p>[\/vc_column_text][\/vc_column_inner][vc_column_inner width=&#8220;3\/4&#8243;]<div class=\"wl_einzelbild\"><p><img loading=\"lazy\" decoding=\"async\" class=\"alignleft size-large wp-image-2042\" src=\"https:\/\/weltlaeden.de\/tettnang\/wp-content\/uploads\/sites\/165\/2024\/01\/filz-1024x683.jpg\" alt=\"\" width=\"1024\" height=\"683\" srcset=\"https:\/\/weltlaeden.de\/tettnang\/wp-content\/uploads\/sites\/165\/2024\/01\/filz-1024x683.jpg 1024w, https:\/\/weltlaeden.de\/tettnang\/wp-content\/uploads\/sites\/165\/2024\/01\/filz-300x200.jpg 300w, https:\/\/weltlaeden.de\/tettnang\/wp-content\/uploads\/sites\/165\/2024\/01\/filz-768x512.jpg 768w, https:\/\/weltlaeden.de\/tettnang\/wp-content\/uploads\/sites\/165\/2024\/01\/filz-1536x1024.jpg 1536w, https:\/\/weltlaeden.de\/tettnang\/wp-content\/uploads\/sites\/165\/2024\/01\/filz-scaled.jpg 2048w\" sizes=\"auto, (max-width: 1024px) 100vw, 1024px\" \/><\/p><\/div>[\/vc_column_inner][\/vc_row_inner][\/vc_column][\/vc_row][vc_row][vc_column][vc_column_text]<\/p>\n<div>\n<p>Die Idee dabei ist, Menschen eine Arbeit zu bieten, die in der nepalesischen Gesellschaft nur geringe Chancen haben. Neben fairer Entlohnung steht in der Manufaktur der gegenseitige Respekt an oberster Stelle. Etwa 20 M\u00e4nner und Frauen verschiedener religi\u00f6ser und sozialer Zugeh\u00f6rigkeit arbeiten hier miteinander. Sie erhalten neben einem Lohn, der deutlich \u00fcber dem nationalen Durchschnitt liegt und den Lebensunterhalt der Familien sichern soll, Zusatzleistungen wie Krankenversicherung, Unfallversicherung, Altersvorsorge und bezahlten Urlaub.<br \/>\n\u201eUm der Lebenswirklichkeit von Frauen gerecht zu werden, wird ihnen aber auch die M\u00f6glichkeit zur Heimarbeit einger\u00e4umt, vor allem im Filz- und Strickbereich. So haben Frauen in den l\u00e4ndlichen Gebieten die M\u00f6glichkeit, finanziell einen eigenen Beitrag zur Familie zu leisten, was ihnen sowohl in ihrem Selbstbewusstsein als auch in ihrem Status innerhalb der Familie zugutekommt &#8211; und das, ohne in die Stadt ziehen zu m\u00fcssen.\u201c<\/p>\n<p>Bei Nepalaya werden keine Kinder besch\u00e4ftigt. Im Gegenteil: f\u00fcr die Kinder der Familien wird das Schulgeld bezahlt. Nur gute Bildung bietet den Kindern die Chance auf Zukunft, auf soziale Anerkennung und einen Ausbruch aus der Armutsspirale.<\/p>\n<p>Ausf\u00fchrliche Informationen unter https:\/\/nepalaya.de\/.<\/p>\n<p>Die Wolle f\u00fcr die Produkte kommt aus Neuseeland, wo das grausame Verst\u00fcmmeln der Schafe (Mulesing) verboten ist.<\/p>\n<p><strong>\u00a0<\/strong><\/p>\n<\/div>\n<p>[\/vc_column_text][\/vc_column][\/vc_row]<\/p>\n<\/div>","protected":false},"excerpt":{"rendered":"<p>[vc_row][vc_column][vc_column_text]Handelspartner-Portrait Nepalaya Mit fair gehandelten Filzelementen gedeckte Fr\u00fchst\u00fcckstafeln sind eine Augenweide und ein Beitrag zur Entwicklung von guten Arbeitsbedingungen in den Herstellerl\u00e4ndern. Die Produkte werden in Nepal von Nepalaya Craft (2009 gegr\u00fcndet) unter Verfolgung der zehn Grunds\u00e4tze des Fairen Handels nach World-Fair Trade Organization (WFTO) hergestellt. [\/vc_column_text][vc_row_inner][vc_column_inner width=&#8220;1\/4&#8243;][vc_column_text] Wichtig ist die F\u00f6rderung und St\u00e4rkung der&hellip;<\/p>\n","protected":false},"author":235,"featured_media":0,"parent":1663,"menu_order":0,"comment_status":"closed","ping_status":"closed","template":"","meta":{"footnotes":""},"class_list":["post-2051","page","type-page","status-publish","hentry","description-off"],"yoast_head":"<!-- This site is optimized with the Yoast SEO plugin v26.8 - https:\/\/yoast.com\/product\/yoast-seo-wordpress\/ -->\n<title>Handelspartner-Portrait: Nepalaya - Weltladen Tettnang<\/title>\n<meta name=\"robots\" content=\"index, follow, max-snippet:-1, max-image-preview:large, max-video-preview:-1\" \/>\n<link rel=\"canonical\" href=\"https:\/\/weltlaeden.de\/tettnang\/fairer-handel\/portraits-von-handelspartnern\/handelspartner-portrait-nepalaya\/\" \/>\n<meta property=\"og:locale\" content=\"de_DE\" \/>\n<meta property=\"og:type\" content=\"article\" \/>\n<meta property=\"og:title\" content=\"Handelspartner-Portrait: Nepalaya - Weltladen Tettnang\" \/>\n<meta property=\"og:description\" content=\"[vc_row][vc_column][vc_column_text]Handelspartner-Portrait Nepalaya Mit fair gehandelten Filzelementen gedeckte Fr\u00fchst\u00fcckstafeln sind eine Augenweide und ein Beitrag zur Entwicklung von guten Arbeitsbedingungen in den Herstellerl\u00e4ndern. Die Produkte werden in Nepal von Nepalaya Craft (2009 gegr\u00fcndet) unter Verfolgung der zehn Grunds\u00e4tze des Fairen Handels nach World-Fair Trade Organization (WFTO) hergestellt. [\/vc_column_text][vc_row_inner][vc_column_inner width=&#8220;1\/4&#8243;][vc_column_text] Wichtig ist die F\u00f6rderung und St\u00e4rkung der&hellip;\" \/>\n<meta property=\"og:url\" content=\"https:\/\/weltlaeden.de\/tettnang\/fairer-handel\/portraits-von-handelspartnern\/handelspartner-portrait-nepalaya\/\" \/>\n<meta property=\"og:site_name\" content=\"Weltladen Tettnang\" \/>\n<meta property=\"og:image\" content=\"https:\/\/weltlaeden.de\/tettnang\/wp-content\/uploads\/sites\/165\/2024\/01\/filz-1024x683.jpg\" \/>\n<meta name=\"twitter:card\" content=\"summary_large_image\" \/>\n<meta name=\"twitter:label1\" content=\"Gesch\u00e4tzte Lesezeit\" \/>\n\t<meta name=\"twitter:data1\" content=\"2\u00a0Minuten\" \/>\n<script type=\"application\/ld+json\" class=\"yoast-schema-graph\">{\"@context\":\"https:\/\/schema.org\",\"@graph\":[{\"@type\":\"WebPage\",\"@id\":\"https:\/\/weltlaeden.de\/tettnang\/fairer-handel\/portraits-von-handelspartnern\/handelspartner-portrait-nepalaya\/\",\"url\":\"https:\/\/weltlaeden.de\/tettnang\/fairer-handel\/portraits-von-handelspartnern\/handelspartner-portrait-nepalaya\/\",\"name\":\"Handelspartner-Portrait: Nepalaya - Weltladen Tettnang\",\"isPartOf\":{\"@id\":\"https:\/\/weltlaeden.de\/tettnang\/#website\"},\"primaryImageOfPage\":{\"@id\":\"https:\/\/weltlaeden.de\/tettnang\/fairer-handel\/portraits-von-handelspartnern\/handelspartner-portrait-nepalaya\/#primaryimage\"},\"image\":{\"@id\":\"https:\/\/weltlaeden.de\/tettnang\/fairer-handel\/portraits-von-handelspartnern\/handelspartner-portrait-nepalaya\/#primaryimage\"},\"thumbnailUrl\":\"https:\/\/weltlaeden.de\/tettnang\/wp-content\/uploads\/sites\/165\/2024\/01\/filz-1024x683.jpg\",\"datePublished\":\"2024-02-21T09:09:04+00:00\",\"breadcrumb\":{\"@id\":\"https:\/\/weltlaeden.de\/tettnang\/fairer-handel\/portraits-von-handelspartnern\/handelspartner-portrait-nepalaya\/#breadcrumb\"},\"inLanguage\":\"de\",\"potentialAction\":[{\"@type\":\"ReadAction\",\"target\":[\"https:\/\/weltlaeden.de\/tettnang\/fairer-handel\/portraits-von-handelspartnern\/handelspartner-portrait-nepalaya\/\"]}]},{\"@type\":\"ImageObject\",\"inLanguage\":\"de\",\"@id\":\"https:\/\/weltlaeden.de\/tettnang\/fairer-handel\/portraits-von-handelspartnern\/handelspartner-portrait-nepalaya\/#primaryimage\",\"url\":\"https:\/\/weltlaeden.de\/tettnang\/wp-content\/uploads\/sites\/165\/2024\/01\/filz.jpg\",\"contentUrl\":\"https:\/\/weltlaeden.de\/tettnang\/wp-content\/uploads\/sites\/165\/2024\/01\/filz.jpg\",\"width\":2048,\"height\":1365},{\"@type\":\"BreadcrumbList\",\"@id\":\"https:\/\/weltlaeden.de\/tettnang\/fairer-handel\/portraits-von-handelspartnern\/handelspartner-portrait-nepalaya\/#breadcrumb\",\"itemListElement\":[{\"@type\":\"ListItem\",\"position\":1,\"name\":\"Startseite\",\"item\":\"https:\/\/weltlaeden.de\/tettnang\/\"},{\"@type\":\"ListItem\",\"position\":2,\"name\":\"Fairer Handel\",\"item\":\"https:\/\/weltlaeden.de\/tettnang\/fairer-handel\/\"},{\"@type\":\"ListItem\",\"position\":3,\"name\":\"Portraits von Handelspartnern: \u00dcbersichtsseite\",\"item\":\"https:\/\/weltlaeden.de\/tettnang\/fairer-handel\/portraits-von-handelspartnern\/\"},{\"@type\":\"ListItem\",\"position\":4,\"name\":\"Handelspartner-Portrait: Nepalaya\"}]},{\"@type\":\"WebSite\",\"@id\":\"https:\/\/weltlaeden.de\/tettnang\/#website\",\"url\":\"https:\/\/weltlaeden.de\/tettnang\/\",\"name\":\"Weltladen Tettnang\",\"description\":\"Ein Fachgesch\u00e4ft des Fairen Handels f\u00fcr Tettnang!\",\"potentialAction\":[{\"@type\":\"SearchAction\",\"target\":{\"@type\":\"EntryPoint\",\"urlTemplate\":\"https:\/\/weltlaeden.de\/tettnang\/?s={search_term_string}\"},\"query-input\":{\"@type\":\"PropertyValueSpecification\",\"valueRequired\":true,\"valueName\":\"search_term_string\"}}],\"inLanguage\":\"de\"}]}<\/script>\n<!-- \/ Yoast SEO plugin. -->","yoast_head_json":{"title":"Handelspartner-Portrait: Nepalaya - Weltladen Tettnang","robots":{"index":"index","follow":"follow","max-snippet":"max-snippet:-1","max-image-preview":"max-image-preview:large","max-video-preview":"max-video-preview:-1"},"canonical":"https:\/\/weltlaeden.de\/tettnang\/fairer-handel\/portraits-von-handelspartnern\/handelspartner-portrait-nepalaya\/","og_locale":"de_DE","og_type":"article","og_title":"Handelspartner-Portrait: Nepalaya - Weltladen Tettnang","og_description":"[vc_row][vc_column][vc_column_text]Handelspartner-Portrait Nepalaya Mit fair gehandelten Filzelementen gedeckte Fr\u00fchst\u00fcckstafeln sind eine Augenweide und ein Beitrag zur Entwicklung von guten Arbeitsbedingungen in den Herstellerl\u00e4ndern. Die Produkte werden in Nepal von Nepalaya Craft (2009 gegr\u00fcndet) unter Verfolgung der zehn Grunds\u00e4tze des Fairen Handels nach World-Fair Trade Organization (WFTO) hergestellt. [\/vc_column_text][vc_row_inner][vc_column_inner width=&#8220;1\/4&#8243;][vc_column_text] Wichtig ist die F\u00f6rderung und St\u00e4rkung der&hellip;","og_url":"https:\/\/weltlaeden.de\/tettnang\/fairer-handel\/portraits-von-handelspartnern\/handelspartner-portrait-nepalaya\/","og_site_name":"Weltladen Tettnang","og_image":[{"url":"https:\/\/weltlaeden.de\/tettnang\/wp-content\/uploads\/sites\/165\/2024\/01\/filz-1024x683.jpg","type":"","width":"","height":""}],"twitter_card":"summary_large_image","twitter_misc":{"Gesch\u00e4tzte Lesezeit":"2\u00a0Minuten"},"schema":{"@context":"https:\/\/schema.org","@graph":[{"@type":"WebPage","@id":"https:\/\/weltlaeden.de\/tettnang\/fairer-handel\/portraits-von-handelspartnern\/handelspartner-portrait-nepalaya\/","url":"https:\/\/weltlaeden.de\/tettnang\/fairer-handel\/portraits-von-handelspartnern\/handelspartner-portrait-nepalaya\/","name":"Handelspartner-Portrait: Nepalaya - Weltladen Tettnang","isPartOf":{"@id":"https:\/\/weltlaeden.de\/tettnang\/#website"},"primaryImageOfPage":{"@id":"https:\/\/weltlaeden.de\/tettnang\/fairer-handel\/portraits-von-handelspartnern\/handelspartner-portrait-nepalaya\/#primaryimage"},"image":{"@id":"https:\/\/weltlaeden.de\/tettnang\/fairer-handel\/portraits-von-handelspartnern\/handelspartner-portrait-nepalaya\/#primaryimage"},"thumbnailUrl":"https:\/\/weltlaeden.de\/tettnang\/wp-content\/uploads\/sites\/165\/2024\/01\/filz-1024x683.jpg","datePublished":"2024-02-21T09:09:04+00:00","breadcrumb":{"@id":"https:\/\/weltlaeden.de\/tettnang\/fairer-handel\/portraits-von-handelspartnern\/handelspartner-portrait-nepalaya\/#breadcrumb"},"inLanguage":"de","potentialAction":[{"@type":"ReadAction","target":["https:\/\/weltlaeden.de\/tettnang\/fairer-handel\/portraits-von-handelspartnern\/handelspartner-portrait-nepalaya\/"]}]},{"@type":"ImageObject","inLanguage":"de","@id":"https:\/\/weltlaeden.de\/tettnang\/fairer-handel\/portraits-von-handelspartnern\/handelspartner-portrait-nepalaya\/#primaryimage","url":"https:\/\/weltlaeden.de\/tettnang\/wp-content\/uploads\/sites\/165\/2024\/01\/filz.jpg","contentUrl":"https:\/\/weltlaeden.de\/tettnang\/wp-content\/uploads\/sites\/165\/2024\/01\/filz.jpg","width":2048,"height":1365},{"@type":"BreadcrumbList","@id":"https:\/\/weltlaeden.de\/tettnang\/fairer-handel\/portraits-von-handelspartnern\/handelspartner-portrait-nepalaya\/#breadcrumb","itemListElement":[{"@type":"ListItem","position":1,"name":"Startseite","item":"https:\/\/weltlaeden.de\/tettnang\/"},{"@type":"ListItem","position":2,"name":"Fairer Handel","item":"https:\/\/weltlaeden.de\/tettnang\/fairer-handel\/"},{"@type":"ListItem","position":3,"name":"Portraits von Handelspartnern: \u00dcbersichtsseite","item":"https:\/\/weltlaeden.de\/tettnang\/fairer-handel\/portraits-von-handelspartnern\/"},{"@type":"ListItem","position":4,"name":"Handelspartner-Portrait: Nepalaya"}]},{"@type":"WebSite","@id":"https:\/\/weltlaeden.de\/tettnang\/#website","url":"https:\/\/weltlaeden.de\/tettnang\/","name":"Weltladen Tettnang","description":"Ein Fachgesch\u00e4ft des Fairen Handels f\u00fcr Tettnang!","potentialAction":[{"@type":"SearchAction","target":{"@type":"EntryPoint","urlTemplate":"https:\/\/weltlaeden.de\/tettnang\/?s={search_term_string}"},"query-input":{"@type":"PropertyValueSpecification","valueRequired":true,"valueName":"search_term_string"}}],"inLanguage":"de"}]}},"_links":{"self":[{"href":"https:\/\/weltlaeden.de\/tettnang\/wp-json\/wp\/v2\/pages\/2051","targetHints":{"allow":["GET"]}}],"collection":[{"href":"https:\/\/weltlaeden.de\/tettnang\/wp-json\/wp\/v2\/pages"}],"about":[{"href":"https:\/\/weltlaeden.de\/tettnang\/wp-json\/wp\/v2\/types\/page"}],"author":[{"embeddable":true,"href":"https:\/\/weltlaeden.de\/tettnang\/wp-json\/wp\/v2\/users\/235"}],"replies":[{"embeddable":true,"href":"https:\/\/weltlaeden.de\/tettnang\/wp-json\/wp\/v2\/comments?post=2051"}],"version-history":[{"count":2,"href":"https:\/\/weltlaeden.de\/tettnang\/wp-json\/wp\/v2\/pages\/2051\/revisions"}],"predecessor-version":[{"id":2053,"href":"https:\/\/weltlaeden.de\/tettnang\/wp-json\/wp\/v2\/pages\/2051\/revisions\/2053"}],"up":[{"embeddable":true,"href":"https:\/\/weltlaeden.de\/tettnang\/wp-json\/wp\/v2\/pages\/1663"}],"wp:attachment":[{"href":"https:\/\/weltlaeden.de\/tettnang\/wp-json\/wp\/v2\/media?parent=2051"}],"curies":[{"name":"wp","href":"https:\/\/api.w.org\/{rel}","templated":true}]}}